{"id":93048,"date":"2021-10-08T10:29:37","date_gmt":"2021-10-08T17:29:37","guid":{"rendered":"https:\/\/accesstruckparts.com\/?post_type=product&#038;p=93048"},"modified":"2026-04-18T23:11:08","modified_gmt":"2026-04-19T06:11:08","slug":"bomba-de-acero-inoxidable-con-sello-mecanico-con-brida","status":"publish","type":"product","link":"https:\/\/accesstruckparts.com\/es\/product\/stainless-steel-mech-seal-pump-cw-flanged\/","title":{"rendered":"Bomba para cami\u00f3n cisterna - potable Sello mec\u00e1nico de acero inoxidable (brida CW)"},"content":{"rendered":"<p><iframe class=\"youtube-video\" title=\"Reproductor de v\u00eddeo de YouTube\" src=\"https:\/\/www.youtube.com\/embed\/9kiEz0y4lF8?si=5FelE4lzaqGReeKW;rel=0&amp;modestbranding=1&amp;iv_load_policy=3&amp;color=white\" frameborder=\"0\" allowfullscreen=\"allowfullscreen\"><span data-mce-type=\"bookmark\" style=\"display: inline-block; width: 0px; overflow: hidden; line-height: 0;\" class=\"mce_SELRES_start\"><\/span><\/iframe><\/p>\n<p>Bomba de sello mec\u00e1nico de acero inoxidable de 4\u2033 x 3\u2033 con brida y chaveta en sentido horario. Acero inoxidable potable 316 para voluta, impulsor y adaptador. Armaz\u00f3n de hierro fundido.<\/p>\n<p>Disponible en dos grados:<\/p>\n<ul>\n<li>Inoxidable 304 - <strong>no certificado<\/strong> para el agua potable.<\/li>\n<li>Inoxidable 316 - <strong>Certificado por la norma 61 NSF\/ANSI<\/strong> Seguro para ser instalado en un sistema de agua potable para uso y consumo p\u00fablico.<script>\n  gtag('event', 'conversion', {\n      'send_to': 'AW-11227823096\/hs3zCKLLkeQYEPj36-kp',\n      'value': 1.0,\n      'currency': 'USD',\n      'aw_remarketing_only': true\n  });\n<\/script><\/li>\n<\/ul>","protected":false},"excerpt":{"rendered":"<p>Bomba de acero inoxidable con bridas CW (XA80-26)<\/p>","protected":false},"featured_media":221971,"template":"","meta":[],"product_brand":[],"product_cat":[63],"product_tag":[193,220,253,212,527,265,333,237],"class_list":{"0":"post-93048","1":"product","2":"type-product","3":"status-publish","4":"has-post-thumbnail","6":"product_cat-water-pumps","7":"product_tag-clockwise","8":"product_tag-flanged","9":"product_tag-keyed","10":"product_tag-mechanical-seal","11":"product_tag-potable","12":"product_tag-pto","13":"product_tag-stainless-steel","14":"product_tag-water-pump","15":"product_shipping_class-oversized","17":"first","18":"instock","19":"featured","20":"taxable","21":"shipping-taxable","22":"product-type-variable"},"yoast_head":"<!-- This site is optimized with the Yoast SEO Premium plugin v27.4 (Yoast SEO v27.4) - https:\/\/yoast.com\/product\/yoast-seo-premium-wordpress\/ -->\n<title>Buy Water Truck Pump - Potable Stainless Steel Mech Seal (CW Flanged) online at Access Truck Parts<\/title>\n<meta name=\"description\" content=\"Shop for Water Truck Pump - Potable Stainless Steel Mech Seal (CW Flanged) with Access Truck Parts. We have the best prices on the market. Browse today!\" \/>\n<meta name=\"robots\" content=\"index, follow, max-snippet:-1, max-image-preview:large, max-video-preview:-1\" \/>\n<link rel=\"canonical\" href=\"https:\/\/accesstruckparts.com\/es\/producto\/bomba-de-acero-inoxidable-con-sello-mecanico-con-brida\/\" \/>\n<meta property=\"og:locale\" content=\"es_MX\" \/>\n<meta property=\"og:type\" content=\"article\" \/>\n<meta property=\"og:title\" content=\"Water Truck Pump - Potable Stainless Steel Mech Seal (CW Flanged)\" \/>\n<meta property=\"og:description\" content=\"Shop for Water Truck Pump - Potable Stainless Steel Mech Seal (CW Flanged) with Access Truck Parts. We have the best prices on the market. Browse today!\" \/>\n<meta property=\"og:url\" content=\"https:\/\/accesstruckparts.com\/es\/producto\/bomba-de-acero-inoxidable-con-sello-mecanico-con-brida\/\" \/>\n<meta property=\"og:site_name\" content=\"Access Truck Parts\" \/>\n<meta property=\"article:modified_time\" content=\"2026-04-19T06:11:08+00:00\" \/>\n<meta property=\"og:image\" content=\"https:\/\/accesstruckparts.com\/wp-content\/uploads\/2021\/10\/large-1.png\" \/>\n\t<meta property=\"og:image:width\" content=\"1280\" \/>\n\t<meta property=\"og:image:height\" content=\"1280\" \/>\n\t<meta property=\"og:image:type\" content=\"image\/png\" \/>\n<meta name=\"twitter:label1\" content=\"Disponibilidad\" \/>\n\t<meta name=\"twitter:data1\" content=\"Disponible\" \/>\n<script type=\"application\/ld+json\" class=\"yoast-schema-graph\">{\"@context\":\"https:\\\/\\\/schema.org\",\"@graph\":[{\"@type\":\"WebPage\",\"@id\":\"https:\\\/\\\/accesstruckparts.com\\\/product\\\/stainless-steel-mech-seal-pump-cw-flanged\\\/\",\"url\":\"https:\\\/\\\/accesstruckparts.com\\\/product\\\/stainless-steel-mech-seal-pump-cw-flanged\\\/\",\"name\":\"Buy Water Truck Pump - Potable Stainless Steel Mech Seal (CW Flanged) online at Access Truck Parts\",\"isPartOf\":{\"@id\":\"https:\\\/\\\/accesstruckparts.com\\\/#website\"},\"primaryImageOfPage\":{\"@id\":\"https:\\\/\\\/accesstruckparts.com\\\/product\\\/stainless-steel-mech-seal-pump-cw-flanged\\\/#primaryimage\"},\"image\":{\"@id\":\"https:\\\/\\\/accesstruckparts.com\\\/product\\\/stainless-steel-mech-seal-pump-cw-flanged\\\/#primaryimage\"},\"thumbnailUrl\":\"https:\\\/\\\/accesstruckparts.com\\\/wp-content\\\/uploads\\\/2021\\\/10\\\/large-1.png\",\"datePublished\":\"2021-10-08T17:29:37+00:00\",\"dateModified\":\"2026-04-19T06:11:08+00:00\",\"description\":\"Shop for Water Truck Pump - Potable Stainless Steel Mech Seal (CW Flanged) with Access Truck Parts. We have the best prices on the market. Browse today!\",\"breadcrumb\":{\"@id\":\"https:\\\/\\\/accesstruckparts.com\\\/product\\\/stainless-steel-mech-seal-pump-cw-flanged\\\/#breadcrumb\"},\"inLanguage\":\"es\",\"potentialAction\":[{\"@type\":\"ReadAction\",\"target\":[\"https:\\\/\\\/accesstruckparts.com\\\/product\\\/stainless-steel-mech-seal-pump-cw-flanged\\\/\"]}]},{\"@type\":\"ImageObject\",\"inLanguage\":\"es\",\"@id\":\"https:\\\/\\\/accesstruckparts.com\\\/product\\\/stainless-steel-mech-seal-pump-cw-flanged\\\/#primaryimage\",\"url\":\"https:\\\/\\\/accesstruckparts.com\\\/wp-content\\\/uploads\\\/2021\\\/10\\\/large-1.png\",\"contentUrl\":\"https:\\\/\\\/accesstruckparts.com\\\/wp-content\\\/uploads\\\/2021\\\/10\\\/large-1.png\",\"width\":1280,\"height\":1280,\"caption\":\"Water Truck Pump \u2013 Potable Stainless Steel Mech Seal (CW Flanged)\"},{\"@type\":\"BreadcrumbList\",\"@id\":\"https:\\\/\\\/accesstruckparts.com\\\/product\\\/stainless-steel-mech-seal-pump-cw-flanged\\\/#breadcrumb\",\"itemListElement\":[{\"@type\":\"ListItem\",\"position\":1,\"name\":\"Home\",\"item\":\"https:\\\/\\\/accesstruckparts.com\\\/\"},{\"@type\":\"ListItem\",\"position\":2,\"name\":\"Parts\",\"item\":\"https:\\\/\\\/accesstruckparts.com\\\/parts\\\/\"},{\"@type\":\"ListItem\",\"position\":3,\"name\":\"Water Truck Pump - Potable Stainless Steel Mech Seal (CW Flanged)\"}]},{\"@type\":\"WebSite\",\"@id\":\"https:\\\/\\\/accesstruckparts.com\\\/#website\",\"url\":\"https:\\\/\\\/accesstruckparts.com\\\/\",\"name\":\"Access Truck Parts\",\"description\":\"Your One Stop Water Truck Parts Solution.\",\"publisher\":{\"@id\":\"https:\\\/\\\/accesstruckparts.com\\\/#organization\"},\"potentialAction\":[{\"@type\":\"SearchAction\",\"target\":{\"@type\":\"EntryPoint\",\"urlTemplate\":\"https:\\\/\\\/accesstruckparts.com\\\/?s={search_term_string}\"},\"query-input\":{\"@type\":\"PropertyValueSpecification\",\"valueRequired\":true,\"valueName\":\"search_term_string\"}}],\"inLanguage\":\"es\"},{\"@type\":\"Organization\",\"@id\":\"https:\\\/\\\/accesstruckparts.com\\\/#organization\",\"name\":\"Access Truck Parts\",\"url\":\"https:\\\/\\\/accesstruckparts.com\\\/\",\"logo\":{\"@type\":\"ImageObject\",\"inLanguage\":\"es\",\"@id\":\"https:\\\/\\\/accesstruckparts.com\\\/#\\\/schema\\\/logo\\\/image\\\/\",\"url\":\"https:\\\/\\\/accesstruckparts.com\\\/wp-content\\\/uploads\\\/2018\\\/02\\\/ATP_logo_placeholder_2018.jpg\",\"contentUrl\":\"https:\\\/\\\/accesstruckparts.com\\\/wp-content\\\/uploads\\\/2018\\\/02\\\/ATP_logo_placeholder_2018.jpg\",\"width\":\"500\",\"height\":\"500\",\"caption\":\"Access Truck Parts\"},\"image\":{\"@id\":\"https:\\\/\\\/accesstruckparts.com\\\/#\\\/schema\\\/logo\\\/image\\\/\"}}]}<\/script>\n<meta property=\"og:availability\" content=\"instock\" \/>\n<meta property=\"product:availability\" content=\"instock\" \/>\n<meta property=\"product:retailer_item_id\" content=\"101-XA80\" \/>\n<meta property=\"product:condition\" content=\"new\" \/>\n<!-- \/ Yoast SEO Premium plugin. -->","yoast_head_json":{"title":"Comprar Bomba para cami\u00f3n cisterna - Potable Sello mec\u00e1nico de acero inoxidable (brida CW) en l\u00ednea en Access Truck Parts","description":"Compre la bomba para cami\u00f3n cisterna - potable de acero inoxidable Mech Seal (CW Flanged) con Access Truck Parts. Tenemos los mejores precios del mercado. \u00a1Navegue hoy mismo!","robots":{"index":"index","follow":"follow","max-snippet":"max-snippet:-1","max-image-preview":"max-image-preview:large","max-video-preview":"max-video-preview:-1"},"canonical":"https:\/\/accesstruckparts.com\/es\/producto\/bomba-de-acero-inoxidable-con-sello-mecanico-con-brida\/","og_locale":"es_MX","og_type":"article","og_title":"Water Truck Pump - Potable Stainless Steel Mech Seal (CW Flanged)","og_description":"Shop for Water Truck Pump - Potable Stainless Steel Mech Seal (CW Flanged) with Access Truck Parts. We have the best prices on the market. Browse today!","og_url":"https:\/\/accesstruckparts.com\/es\/producto\/bomba-de-acero-inoxidable-con-sello-mecanico-con-brida\/","og_site_name":"Access Truck Parts","article_modified_time":"2026-04-19T06:11:08+00:00","og_image":[{"width":1280,"height":1280,"url":"https:\/\/accesstruckparts.com\/wp-content\/uploads\/2021\/10\/large-1.png","type":"image\/png"}],"twitter_misc":{"Disponibilidad":"Disponible"},"schema":{"@context":"https:\/\/schema.org","@graph":[{"@type":"WebPage","@id":"https:\/\/accesstruckparts.com\/product\/stainless-steel-mech-seal-pump-cw-flanged\/","url":"https:\/\/accesstruckparts.com\/product\/stainless-steel-mech-seal-pump-cw-flanged\/","name":"Comprar Bomba para cami\u00f3n cisterna - Potable Sello mec\u00e1nico de acero inoxidable (brida CW) en l\u00ednea en Access Truck Parts","isPartOf":{"@id":"https:\/\/accesstruckparts.com\/#website"},"primaryImageOfPage":{"@id":"https:\/\/accesstruckparts.com\/product\/stainless-steel-mech-seal-pump-cw-flanged\/#primaryimage"},"image":{"@id":"https:\/\/accesstruckparts.com\/product\/stainless-steel-mech-seal-pump-cw-flanged\/#primaryimage"},"thumbnailUrl":"https:\/\/accesstruckparts.com\/wp-content\/uploads\/2021\/10\/large-1.png","datePublished":"2021-10-08T17:29:37+00:00","dateModified":"2026-04-19T06:11:08+00:00","description":"Compre la bomba para cami\u00f3n cisterna - potable de acero inoxidable Mech Seal (CW Flanged) con Access Truck Parts. Tenemos los mejores precios del mercado. \u00a1Navegue hoy mismo!","breadcrumb":{"@id":"https:\/\/accesstruckparts.com\/product\/stainless-steel-mech-seal-pump-cw-flanged\/#breadcrumb"},"inLanguage":"es","potentialAction":[{"@type":"ReadAction","target":["https:\/\/accesstruckparts.com\/product\/stainless-steel-mech-seal-pump-cw-flanged\/"]}]},{"@type":"ImageObject","inLanguage":"es","@id":"https:\/\/accesstruckparts.com\/product\/stainless-steel-mech-seal-pump-cw-flanged\/#primaryimage","url":"https:\/\/accesstruckparts.com\/wp-content\/uploads\/2021\/10\/large-1.png","contentUrl":"https:\/\/accesstruckparts.com\/wp-content\/uploads\/2021\/10\/large-1.png","width":1280,"height":1280,"caption":"Water Truck Pump \u2013 Potable Stainless Steel Mech Seal (CW Flanged)"},{"@type":"BreadcrumbList","@id":"https:\/\/accesstruckparts.com\/product\/stainless-steel-mech-seal-pump-cw-flanged\/#breadcrumb","itemListElement":[{"@type":"ListItem","position":1,"name":"Home","item":"https:\/\/accesstruckparts.com\/"},{"@type":"ListItem","position":2,"name":"Parts","item":"https:\/\/accesstruckparts.com\/parts\/"},{"@type":"ListItem","position":3,"name":"Water Truck Pump - Potable Stainless Steel Mech Seal (CW Flanged)"}]},{"@type":"WebSite","@id":"https:\/\/accesstruckparts.com\/#website","url":"https:\/\/accesstruckparts.com\/","name":"Piezas de camiones Access","description":"Su soluci\u00f3n \u00fanica de piezas para camiones de agua.","publisher":{"@id":"https:\/\/accesstruckparts.com\/#organization"},"potentialAction":[{"@type":"SearchAction","target":{"@type":"EntryPoint","urlTemplate":"https:\/\/accesstruckparts.com\/?s={search_term_string}"},"query-input":{"@type":"PropertyValueSpecification","valueRequired":true,"valueName":"search_term_string"}}],"inLanguage":"es"},{"@type":"Organization","@id":"https:\/\/accesstruckparts.com\/#organization","name":"Piezas de camiones Access","url":"https:\/\/accesstruckparts.com\/","logo":{"@type":"ImageObject","inLanguage":"es","@id":"https:\/\/accesstruckparts.com\/#\/schema\/logo\/image\/","url":"https:\/\/accesstruckparts.com\/wp-content\/uploads\/2018\/02\/ATP_logo_placeholder_2018.jpg","contentUrl":"https:\/\/accesstruckparts.com\/wp-content\/uploads\/2018\/02\/ATP_logo_placeholder_2018.jpg","width":"500","height":"500","caption":"Access Truck Parts"},"image":{"@id":"https:\/\/accesstruckparts.com\/#\/schema\/logo\/image\/"}}]},"og_availability":"instock","product_availability":"instock","product_retailer_item_id":"101-XA80","product_condition":"new"},"_links":{"self":[{"href":"https:\/\/accesstruckparts.com\/es\/wp-json\/wp\/v2\/product\/93048","targetHints":{"allow":["GET"]}}],"collection":[{"href":"https:\/\/accesstruckparts.com\/es\/wp-json\/wp\/v2\/product"}],"about":[{"href":"https:\/\/accesstruckparts.com\/es\/wp-json\/wp\/v2\/types\/product"}],"wp:featuredmedia":[{"embeddable":true,"href":"https:\/\/accesstruckparts.com\/es\/wp-json\/wp\/v2\/media\/221971"}],"wp:attachment":[{"href":"https:\/\/accesstruckparts.com\/es\/wp-json\/wp\/v2\/media?parent=93048"}],"wp:term":[{"taxonomy":"product_brand","embeddable":true,"href":"https:\/\/accesstruckparts.com\/es\/wp-json\/wp\/v2\/product_brand?post=93048"},{"taxonomy":"product_cat","embeddable":true,"href":"https:\/\/accesstruckparts.com\/es\/wp-json\/wp\/v2\/product_cat?post=93048"},{"taxonomy":"product_tag","embeddable":true,"href":"https:\/\/accesstruckparts.com\/es\/wp-json\/wp\/v2\/product_tag?post=93048"}],"curies":[{"name":"wp","href":"https:\/\/api.w.org\/{rel}","templated":true}]}}