{"id":9260,"date":"2018-01-28T11:50:04","date_gmt":"2018-01-28T18:50:04","guid":{"rendered":"https:\/\/accesstruckparts.com\/?post_type=product&#038;p=9260"},"modified":"2026-05-08T18:16:55","modified_gmt":"2026-05-09T01:16:55","slug":"kit-de-valvulas-estilo-cla","status":"publish","type":"product","link":"https:\/\/accesstruckparts.com\/es\/product\/cla-style-valve-kit\/","title":{"rendered":"Kit de reparaci\u00f3n de v\u00e1lvulas estilo CLA"},"content":{"rendered":"<p>Kit de reparaci\u00f3n de v\u00e1lvulas estilo CLA. <a class=\"productLink\" href=\"https:\/\/accesstruckparts.com\/es\/producto\/valvula-en-linea-muelle\/\">El muelle de la v\u00e1lvula se vende por separado<\/a>.<\/p>\n<p>Consulte nuestro <a class=\"productLink\" href=\"#parts-popup\">DESGLOSE DE PIEZAS<\/a> si s\u00f3lo necesita algunas de las piezas del kit<\/p>\n<p><strong>S\u00f3lo para v\u00e1lvulas estilo CLA.<\/strong> Vea nuestro <a class=\"productLink\" href=\"https:\/\/accesstruckparts.com\/es\/producto\/kit-de-reparacion-de-valvulas-estilo-klein\/\">Kit de reparaci\u00f3n de v\u00e1lvulas estilo Klein<\/a> para v\u00e1lvulas tipo Klein.<\/p>\n<p>Se utiliza para reparar las siguientes v\u00e1lvulas:<\/p>\n<div class=\"bapf_apply_flatsome\">\t\n  \n    <div class=\"row large-columns-4 medium-columns-3 small-columns-2 row-small has-shadow row-box-shadow-2-hover slider row-slider slider-nav-reveal slider-nav-push\"  data-flickity-options='{&quot;imagesLoaded&quot;: true, &quot;groupCells&quot;: &quot;100%&quot;, &quot;dragThreshold&quot; : 5, &quot;cellAlign&quot;: &quot;left&quot;,&quot;wrapAround&quot;: true,&quot;prevNextButtons&quot;: true,&quot;percentPosition&quot;: true,&quot;pageDots&quot;: false, &quot;rightToLeft&quot;: false, &quot;autoPlay&quot; : false}' >\n\n  \n\t     <div class=\"product-small col has-hover product type-product post-59799 status-publish first instock product_cat-air-operated-valves product_tag-3-inch product_tag-air-to-close product_tag-cla-style product_tag-grooved has-post-thumbnail taxable shipping-taxable purchasable product-type-simple\">\n\t<div class=\"col-inner\">\n\t\n<div class=\"badge-container absolute left top z-1\">\n\n<\/div>\n\t<div class=\"product-small box\">\n\t\t<div class=\"box-image\">\n\t\t\t<div class=\"image-none\">\n\t\t\t\t<a href=\"https:\/\/accesstruckparts.com\/es\/product\/grooveded-inline-valve-steel\/\">\n\t\t\t\t\t<img decoding=\"async\" width=\"247\" height=\"300\" src=\"https:\/\/accesstruckparts.com\/wp-content\/uploads\/2019\/12\/171-300GR-00-247x300.png\" class=\"attachment-woocommerce_thumbnail size-woocommerce_thumbnail\" alt=\"Product photo of 171-300GR valve\" \/>\t\t\t\t<\/a>\n\t\t\t<\/div>\n\t\t\t<div class=\"image-tools is-small top right show-on-hover\">\n\t\t\t\t\t\t\t<\/div>\n\t\t\t<div class=\"image-tools is-small hide-for-small bottom left show-on-hover\">\n\t\t\t\t\t\t\t<\/div>\n\t\t\t<div class=\"image-tools grid-tools text-center hide-for-small bottom hover-slide-in show-on-hover\">\n\t\t\t\t\t\t\t<\/div>\n\t\t\t\t\t<\/div>\n\n\t\t<div class=\"box-text box-text-products text-center grid-style-2\">\n\t\t\t<div class=\"title-wrapper\"><p class=\"name product-title woocommerce-loop-product__title\"><a href=\"https:\/\/accesstruckparts.com\/es\/product\/grooveded-inline-valve-steel\/\" class=\"woocommerce-LoopProduct-link woocommerce-loop-product__link\">V\u00e1lvula en l\u00ednea ranurada de 3\u2033 (acero)<\/a><\/p><\/div><div class=\"price-wrapper\"><div itemprop=\"productID\" class=\"sku sku_shop_listing\">SKU: 171-300GR<\/div><\/div>\t\t<\/div>\n\t<\/div>\n\t\t<\/div>\n<\/div><div class=\"product-small col has-hover product type-product post-4580 status-publish instock product_cat-air-operated-valves product_tag-3-inch product_tag-air-to-close product_tag-cla-style product_tag-npt product_tag-threaded has-post-thumbnail taxable shipping-taxable purchasable product-type-simple\">\n\t<div class=\"col-inner\">\n\t\n<div class=\"badge-container absolute left top z-1\">\n\n<\/div>\n\t<div class=\"product-small box\">\n\t\t<div class=\"box-image\">\n\t\t\t<div class=\"image-none\">\n\t\t\t\t<a href=\"https:\/\/accesstruckparts.com\/es\/product\/threaded-inline-valve\/\">\n\t\t\t\t\t<img decoding=\"async\" width=\"247\" height=\"300\" src=\"https:\/\/accesstruckparts.com\/wp-content\/uploads\/2017\/07\/171-AL_Air-Operated-Valve-Threaded-Aluminum_1200x1200-sRGB_02-247x300.png\" class=\"attachment-woocommerce_thumbnail size-woocommerce_thumbnail\" alt=\"V\u00e1lvula en l\u00ednea roscada de 3&quot; (aluminio)\" \/>\t\t\t\t<\/a>\n\t\t\t<\/div>\n\t\t\t<div class=\"image-tools is-small top right show-on-hover\">\n\t\t\t\t\t\t\t<\/div>\n\t\t\t<div class=\"image-tools is-small hide-for-small bottom left show-on-hover\">\n\t\t\t\t\t\t\t<\/div>\n\t\t\t<div class=\"image-tools grid-tools text-center hide-for-small bottom hover-slide-in show-on-hover\">\n\t\t\t\t\t\t\t<\/div>\n\t\t\t\t\t<\/div>\n\n\t\t<div class=\"box-text box-text-products text-center grid-style-2\">\n\t\t\t<div class=\"title-wrapper\"><p class=\"name product-title woocommerce-loop-product__title\"><a href=\"https:\/\/accesstruckparts.com\/es\/product\/threaded-inline-valve\/\" class=\"woocommerce-LoopProduct-link woocommerce-loop-product__link\">V\u00e1lvula en l\u00ednea roscada de 3\u2033 (aluminio)<\/a><\/p><\/div><div class=\"price-wrapper\"><div itemprop=\"productID\" class=\"sku sku_shop_listing\">SKU: 171-300AL<\/div><\/div>\t\t<\/div>\n\t<\/div>\n\t\t<\/div>\n<\/div><div class=\"product-small col has-hover product type-product post-19406 status-publish instock product_cat-air-operated-valves product_tag-2-5 product_tag-3-inch product_tag-air-to-close product_tag-cla-style product_tag-npt product_tag-threaded has-post-thumbnail taxable shipping-taxable product-type-variable\">\n\t<div class=\"col-inner\">\n\t\n<div class=\"badge-container absolute left top z-1\">\n\n<\/div>\n\t<div class=\"product-small box\">\n\t\t<div class=\"box-image\">\n\t\t\t<div class=\"image-none\">\n\t\t\t\t<a href=\"https:\/\/accesstruckparts.com\/es\/product\/threaded-inline-valve-steel\/\">\n\t\t\t\t\t<img decoding=\"async\" width=\"247\" height=\"300\" src=\"https:\/\/accesstruckparts.com\/wp-content\/uploads\/2018\/06\/171-_CLA-Valve-Threaded_1200x1200-sRGB-02-247x300.png\" class=\"attachment-woocommerce_thumbnail size-woocommerce_thumbnail\" alt=\"V\u00e1lvula roscada en l\u00ednea (acero)\" \/>\t\t\t\t<\/a>\n\t\t\t<\/div>\n\t\t\t<div class=\"image-tools is-small top right show-on-hover\">\n\t\t\t\t\t\t\t<\/div>\n\t\t\t<div class=\"image-tools is-small hide-for-small bottom left show-on-hover\">\n\t\t\t\t\t\t\t<\/div>\n\t\t\t<div class=\"image-tools grid-tools text-center hide-for-small bottom hover-slide-in show-on-hover\">\n\t\t\t\t\t\t\t<\/div>\n\t\t\t\t\t<\/div>\n\n\t\t<div class=\"box-text box-text-products text-center grid-style-2\">\n\t\t\t<div class=\"title-wrapper\"><p class=\"name product-title woocommerce-loop-product__title\"><a href=\"https:\/\/accesstruckparts.com\/es\/product\/threaded-inline-valve-steel\/\" class=\"woocommerce-LoopProduct-link woocommerce-loop-product__link\">V\u00e1lvula roscada en l\u00ednea (acero)<\/a><\/p><\/div><div class=\"price-wrapper\"><\/div>\t\t<\/div>\n\t<\/div>\n\t\t<\/div>\n<\/div><\/div><\/div>","protected":false},"excerpt":{"rendered":"<p>Kit de reparaci\u00f3n de v\u00e1lvulas estilo CLA<\/p>","protected":false},"featured_media":45185,"template":"","meta":[],"product_brand":[],"product_cat":[68],"product_tag":[241,189,317,296,257],"class_list":{"0":"post-9260","1":"product","2":"type-product","3":"status-publish","4":"has-post-thumbnail","6":"product_cat-valve-rebuild-kits","7":"product_tag-2-5","8":"product_tag-3-inch","9":"product_tag-cla-style","10":"product_tag-rebuild-kit","11":"product_tag-valve-kit","13":"last","14":"instock","15":"featured","16":"taxable","17":"shipping-taxable","18":"product-type-variable"},"yoast_head":"<!-- This site is optimized with the Yoast SEO Premium plugin v27.4 (Yoast SEO v27.5) - https:\/\/yoast.com\/product\/yoast-seo-premium-wordpress\/ -->\n<title>Buy CLA Style Valve Repair Kit online at Access Truck Parts<\/title>\n<meta name=\"description\" content=\"Shop for CLA Style Valve Repair Kit with Access Truck Parts. We have the best prices on the market. Browse today!\" \/>\n<meta name=\"robots\" content=\"index, follow, max-snippet:-1, max-image-preview:large, max-video-preview:-1\" \/>\n<link rel=\"canonical\" href=\"https:\/\/accesstruckparts.com\/es\/producto\/kit-de-valvulas-estilo-cla\/\" \/>\n<meta property=\"og:locale\" content=\"es_MX\" \/>\n<meta property=\"og:type\" content=\"article\" \/>\n<meta property=\"og:title\" content=\"CLA Style Valve Repair Kit\" \/>\n<meta property=\"og:description\" content=\"Shop for CLA Style Valve Repair Kit with Access Truck Parts. We have the best prices on the market. Browse today!\" \/>\n<meta property=\"og:url\" content=\"https:\/\/accesstruckparts.com\/es\/producto\/kit-de-valvulas-estilo-cla\/\" \/>\n<meta property=\"og:site_name\" content=\"Access Truck Parts\" \/>\n<meta property=\"article:modified_time\" content=\"2026-05-09T01:16:55+00:00\" \/>\n<meta property=\"og:image\" content=\"https:\/\/accesstruckparts.com\/wp-content\/uploads\/2018\/01\/1711-300-KIT_Inline-Valve-Diaphragm-Kit_Side1-1200x1200-sRGB.png\" \/>\n\t<meta property=\"og:image:width\" content=\"1020\" \/>\n\t<meta property=\"og:image:height\" content=\"1020\" \/>\n\t<meta property=\"og:image:type\" content=\"image\/png\" \/>\n<meta name=\"twitter:label1\" content=\"Disponibilidad\" \/>\n\t<meta name=\"twitter:data1\" content=\"Disponible\" \/>\n<script type=\"application\/ld+json\" class=\"yoast-schema-graph\">{\"@context\":\"https:\\\/\\\/schema.org\",\"@graph\":[{\"@type\":\"WebPage\",\"@id\":\"https:\\\/\\\/accesstruckparts.com\\\/product\\\/cla-style-valve-kit\\\/\",\"url\":\"https:\\\/\\\/accesstruckparts.com\\\/product\\\/cla-style-valve-kit\\\/\",\"name\":\"Buy CLA Style Valve Repair Kit online at Access Truck Parts\",\"isPartOf\":{\"@id\":\"https:\\\/\\\/accesstruckparts.com\\\/#website\"},\"primaryImageOfPage\":{\"@id\":\"https:\\\/\\\/accesstruckparts.com\\\/product\\\/cla-style-valve-kit\\\/#primaryimage\"},\"image\":{\"@id\":\"https:\\\/\\\/accesstruckparts.com\\\/product\\\/cla-style-valve-kit\\\/#primaryimage\"},\"thumbnailUrl\":\"https:\\\/\\\/accesstruckparts.com\\\/wp-content\\\/uploads\\\/2018\\\/01\\\/1711-300-KIT_Inline-Valve-Diaphragm-Kit_Side1-1200x1200-sRGB.png\",\"datePublished\":\"2018-01-28T18:50:04+00:00\",\"dateModified\":\"2026-05-09T01:16:55+00:00\",\"description\":\"Shop for CLA Style Valve Repair Kit with Access Truck Parts. We have the best prices on the market. Browse today!\",\"breadcrumb\":{\"@id\":\"https:\\\/\\\/accesstruckparts.com\\\/product\\\/cla-style-valve-kit\\\/#breadcrumb\"},\"inLanguage\":\"es\",\"potentialAction\":[{\"@type\":\"ReadAction\",\"target\":[\"https:\\\/\\\/accesstruckparts.com\\\/product\\\/cla-style-valve-kit\\\/\"]}]},{\"@type\":\"ImageObject\",\"inLanguage\":\"es\",\"@id\":\"https:\\\/\\\/accesstruckparts.com\\\/product\\\/cla-style-valve-kit\\\/#primaryimage\",\"url\":\"https:\\\/\\\/accesstruckparts.com\\\/wp-content\\\/uploads\\\/2018\\\/01\\\/1711-300-KIT_Inline-Valve-Diaphragm-Kit_Side1-1200x1200-sRGB.png\",\"contentUrl\":\"https:\\\/\\\/accesstruckparts.com\\\/wp-content\\\/uploads\\\/2018\\\/01\\\/1711-300-KIT_Inline-Valve-Diaphragm-Kit_Side1-1200x1200-sRGB.png\",\"width\":1200,\"height\":1200},{\"@type\":\"BreadcrumbList\",\"@id\":\"https:\\\/\\\/accesstruckparts.com\\\/product\\\/cla-style-valve-kit\\\/#breadcrumb\",\"itemListElement\":[{\"@type\":\"ListItem\",\"position\":1,\"name\":\"Home\",\"item\":\"https:\\\/\\\/accesstruckparts.com\\\/\"},{\"@type\":\"ListItem\",\"position\":2,\"name\":\"Parts\",\"item\":\"https:\\\/\\\/accesstruckparts.com\\\/parts\\\/\"},{\"@type\":\"ListItem\",\"position\":3,\"name\":\"CLA Style Valve Repair Kit\"}]},{\"@type\":\"WebSite\",\"@id\":\"https:\\\/\\\/accesstruckparts.com\\\/#website\",\"url\":\"https:\\\/\\\/accesstruckparts.com\\\/\",\"name\":\"Access Truck Parts\",\"description\":\"Your One Stop Water Truck Parts Solution.\",\"publisher\":{\"@id\":\"https:\\\/\\\/accesstruckparts.com\\\/#organization\"},\"potentialAction\":[{\"@type\":\"SearchAction\",\"target\":{\"@type\":\"EntryPoint\",\"urlTemplate\":\"https:\\\/\\\/accesstruckparts.com\\\/?s={search_term_string}\"},\"query-input\":{\"@type\":\"PropertyValueSpecification\",\"valueRequired\":true,\"valueName\":\"search_term_string\"}}],\"inLanguage\":\"es\"},{\"@type\":\"Organization\",\"@id\":\"https:\\\/\\\/accesstruckparts.com\\\/#organization\",\"name\":\"Access Truck Parts\",\"url\":\"https:\\\/\\\/accesstruckparts.com\\\/\",\"logo\":{\"@type\":\"ImageObject\",\"inLanguage\":\"es\",\"@id\":\"https:\\\/\\\/accesstruckparts.com\\\/#\\\/schema\\\/logo\\\/image\\\/\",\"url\":\"https:\\\/\\\/accesstruckparts.com\\\/wp-content\\\/uploads\\\/2018\\\/02\\\/ATP_logo_placeholder_2018.jpg\",\"contentUrl\":\"https:\\\/\\\/accesstruckparts.com\\\/wp-content\\\/uploads\\\/2018\\\/02\\\/ATP_logo_placeholder_2018.jpg\",\"width\":\"500\",\"height\":\"500\",\"caption\":\"Access Truck Parts\"},\"image\":{\"@id\":\"https:\\\/\\\/accesstruckparts.com\\\/#\\\/schema\\\/logo\\\/image\\\/\"}}]}<\/script>\n<meta property=\"og:availability\" content=\"instock\" \/>\n<meta property=\"product:availability\" content=\"instock\" \/>\n<meta property=\"product:retailer_item_id\" content=\"171-\" \/>\n<meta property=\"product:condition\" content=\"new\" \/>\n<!-- \/ Yoast SEO Premium plugin. -->","yoast_head_json":{"title":"Compre el kit de reparaci\u00f3n de v\u00e1lvulas estilo CLA en l\u00ednea en Access Truck Parts","description":"Compre el kit de reparaci\u00f3n de v\u00e1lvulas estilo CLA con Access Truck Parts. Tenemos los mejores precios del mercado. \u00a1Busque hoy mismo!","robots":{"index":"index","follow":"follow","max-snippet":"max-snippet:-1","max-image-preview":"max-image-preview:large","max-video-preview":"max-video-preview:-1"},"canonical":"https:\/\/accesstruckparts.com\/es\/producto\/kit-de-valvulas-estilo-cla\/","og_locale":"es_MX","og_type":"article","og_title":"CLA Style Valve Repair Kit","og_description":"Shop for CLA Style Valve Repair Kit with Access Truck Parts. We have the best prices on the market. Browse today!","og_url":"https:\/\/accesstruckparts.com\/es\/producto\/kit-de-valvulas-estilo-cla\/","og_site_name":"Access Truck Parts","article_modified_time":"2026-05-09T01:16:55+00:00","og_image":[{"url":"https:\/\/accesstruckparts.com\/wp-content\/uploads\/2018\/01\/1711-300-KIT_Inline-Valve-Diaphragm-Kit_Side1-1200x1200-sRGB.png","width":1020,"height":1020,"type":"image\/png"}],"twitter_misc":{"Disponibilidad":"Disponible"},"schema":{"@context":"https:\/\/schema.org","@graph":[{"@type":"WebPage","@id":"https:\/\/accesstruckparts.com\/product\/cla-style-valve-kit\/","url":"https:\/\/accesstruckparts.com\/product\/cla-style-valve-kit\/","name":"Compre el kit de reparaci\u00f3n de v\u00e1lvulas estilo CLA en l\u00ednea en Access Truck Parts","isPartOf":{"@id":"https:\/\/accesstruckparts.com\/#website"},"primaryImageOfPage":{"@id":"https:\/\/accesstruckparts.com\/product\/cla-style-valve-kit\/#primaryimage"},"image":{"@id":"https:\/\/accesstruckparts.com\/product\/cla-style-valve-kit\/#primaryimage"},"thumbnailUrl":"https:\/\/accesstruckparts.com\/wp-content\/uploads\/2018\/01\/1711-300-KIT_Inline-Valve-Diaphragm-Kit_Side1-1200x1200-sRGB.png","datePublished":"2018-01-28T18:50:04+00:00","dateModified":"2026-05-09T01:16:55+00:00","description":"Compre el kit de reparaci\u00f3n de v\u00e1lvulas estilo CLA con Access Truck Parts. Tenemos los mejores precios del mercado. \u00a1Busque hoy mismo!","breadcrumb":{"@id":"https:\/\/accesstruckparts.com\/product\/cla-style-valve-kit\/#breadcrumb"},"inLanguage":"es","potentialAction":[{"@type":"ReadAction","target":["https:\/\/accesstruckparts.com\/product\/cla-style-valve-kit\/"]}]},{"@type":"ImageObject","inLanguage":"es","@id":"https:\/\/accesstruckparts.com\/product\/cla-style-valve-kit\/#primaryimage","url":"https:\/\/accesstruckparts.com\/wp-content\/uploads\/2018\/01\/1711-300-KIT_Inline-Valve-Diaphragm-Kit_Side1-1200x1200-sRGB.png","contentUrl":"https:\/\/accesstruckparts.com\/wp-content\/uploads\/2018\/01\/1711-300-KIT_Inline-Valve-Diaphragm-Kit_Side1-1200x1200-sRGB.png","width":1200,"height":1200},{"@type":"BreadcrumbList","@id":"https:\/\/accesstruckparts.com\/product\/cla-style-valve-kit\/#breadcrumb","itemListElement":[{"@type":"ListItem","position":1,"name":"Home","item":"https:\/\/accesstruckparts.com\/"},{"@type":"ListItem","position":2,"name":"Parts","item":"https:\/\/accesstruckparts.com\/parts\/"},{"@type":"ListItem","position":3,"name":"CLA Style Valve Repair Kit"}]},{"@type":"WebSite","@id":"https:\/\/accesstruckparts.com\/#website","url":"https:\/\/accesstruckparts.com\/","name":"Piezas de camiones Access","description":"Su soluci\u00f3n \u00fanica de piezas para camiones de agua.","publisher":{"@id":"https:\/\/accesstruckparts.com\/#organization"},"potentialAction":[{"@type":"SearchAction","target":{"@type":"EntryPoint","urlTemplate":"https:\/\/accesstruckparts.com\/?s={search_term_string}"},"query-input":{"@type":"PropertyValueSpecification","valueRequired":true,"valueName":"search_term_string"}}],"inLanguage":"es"},{"@type":"Organization","@id":"https:\/\/accesstruckparts.com\/#organization","name":"Piezas de camiones Access","url":"https:\/\/accesstruckparts.com\/","logo":{"@type":"ImageObject","inLanguage":"es","@id":"https:\/\/accesstruckparts.com\/#\/schema\/logo\/image\/","url":"https:\/\/accesstruckparts.com\/wp-content\/uploads\/2018\/02\/ATP_logo_placeholder_2018.jpg","contentUrl":"https:\/\/accesstruckparts.com\/wp-content\/uploads\/2018\/02\/ATP_logo_placeholder_2018.jpg","width":"500","height":"500","caption":"Access Truck Parts"},"image":{"@id":"https:\/\/accesstruckparts.com\/#\/schema\/logo\/image\/"}}]},"og_availability":"instock","product_availability":"instock","product_retailer_item_id":"171-","product_condition":"new"},"_links":{"self":[{"href":"https:\/\/accesstruckparts.com\/es\/wp-json\/wp\/v2\/product\/9260","targetHints":{"allow":["GET"]}}],"collection":[{"href":"https:\/\/accesstruckparts.com\/es\/wp-json\/wp\/v2\/product"}],"about":[{"href":"https:\/\/accesstruckparts.com\/es\/wp-json\/wp\/v2\/types\/product"}],"wp:featuredmedia":[{"embeddable":true,"href":"https:\/\/accesstruckparts.com\/es\/wp-json\/wp\/v2\/media\/45185"}],"wp:attachment":[{"href":"https:\/\/accesstruckparts.com\/es\/wp-json\/wp\/v2\/media?parent=9260"}],"wp:term":[{"taxonomy":"product_brand","embeddable":true,"href":"https:\/\/accesstruckparts.com\/es\/wp-json\/wp\/v2\/product_brand?post=9260"},{"taxonomy":"product_cat","embeddable":true,"href":"https:\/\/accesstruckparts.com\/es\/wp-json\/wp\/v2\/product_cat?post=9260"},{"taxonomy":"product_tag","embeddable":true,"href":"https:\/\/accesstruckparts.com\/es\/wp-json\/wp\/v2\/product_tag?post=9260"}],"curies":[{"name":"wp","href":"https:\/\/api.w.org\/{rel}","templated":true}]}}