{"id":8533,"date":"2016-09-20T10:12:05","date_gmt":"2016-09-20T17:12:05","guid":{"rendered":"https:\/\/accesstruckparts.com\/?post_type=product&#038;p=8533"},"modified":"2026-04-19T08:21:58","modified_gmt":"2026-04-19T15:21:58","slug":"b3z-bomba-hidraulica-de-marco-cw","status":"publish","type":"product","link":"https:\/\/accesstruckparts.com\/es\/product\/b3z-hydraulic-frame-pump-cw\/","title":{"rendered":"Bomba de cami\u00f3n cisterna - Bastidor hidr\u00e1ulico B3Z-S (rosca CW)"},"content":{"rendered":"<p>El ATP B3Z-S <strong><em>En el sentido de las agujas del reloj, sello mec\u00e1nico<\/em><\/strong> El estilo de la bomba cuenta con un bastidor de cojinetes de montaje hidr\u00e1ulico. Esta bomba es impulsada directamente por un soporte de 4 pernos SAE C 1<span class=\"fraction\"><sup>1<\/sup>\u2044<sub>4<\/sub><\/span>\" Eje estriado de 14 dientes motor hidr\u00e1ulico acoplado directamente al eje de la bomba de agua con un <a class=\"productLink\" href=\"https:\/\/accesstruckparts.com\/es\/producto\/acoplamiento-hidraulico\/\" target=\"_blank\" rel=\"noopener noreferrer\">116-M10176<\/a> acoplamiento (se vende por separado). <strong>NOTA: Esta bomba no puede ser accionada directamente por una toma de fuerza.<\/strong> A 2.500 RPM, esta bomba rinde hasta 800 GPM a 70 PSI y se utiliza tanto en aplicaciones todoterreno como en carretera.<\/p>\n<p>Esta bomba de agua ATP es un reemplazo directo de la bomba Berkeley B3ZRMS (B69875), as\u00ed como de la bomba Mega Corp. B3ZRMS (302001).<br \/>\n<!-- Event snippet for Pumps remarketing page --><br \/>\n<script>\n  gtag('event', 'conversion', {\n      'send_to': 'AW-11227823096\/hs3zCKLLkeQYEPj36-kp',\n      'value': 1.0,\n      'currency': 'USD',\n      'aw_remarketing_only': true\n  });\n<\/script><\/p>","protected":false},"excerpt":{"rendered":"<p>B3ZRMS Bomba de agua hidr\u00e1ulica de rosca CW (B69875)<\/p>","protected":false},"featured_media":55938,"template":"","meta":[],"product_brand":[],"product_cat":[63],"product_tag":[243,193,216,212,224,192,237],"class_list":{"0":"post-8533","1":"product","2":"type-product","3":"status-publish","4":"has-post-thumbnail","6":"product_cat-water-pumps","7":"product_tag-b3zrms","8":"product_tag-clockwise","9":"product_tag-hydraulic","10":"product_tag-mechanical-seal","11":"product_tag-splined","12":"product_tag-threaded","13":"product_tag-water-pump","15":"first","16":"instock","17":"taxable","18":"shipping-taxable","19":"purchasable","20":"product-type-simple"},"yoast_head":"<!-- This site is optimized with the Yoast SEO Premium plugin v27.4 (Yoast SEO v27.4) - https:\/\/yoast.com\/product\/yoast-seo-premium-wordpress\/ -->\n<title>Buy Water Truck Pump - B3Z-S Hydraulic Frame (CW Thread) online at Access Truck Parts<\/title>\n<meta name=\"description\" content=\"Shop for Water Truck Pump - B3Z-S Hydraulic Frame (CW Thread) with Access Truck Parts. We have the best prices on the market. Browse today!\" \/>\n<meta name=\"robots\" content=\"index, follow, max-snippet:-1, max-image-preview:large, max-video-preview:-1\" \/>\n<link rel=\"canonical\" href=\"https:\/\/accesstruckparts.com\/es\/producto\/b3z-bomba-hidraulica-de-marco-cw\/\" \/>\n<meta property=\"og:locale\" content=\"es_MX\" \/>\n<meta property=\"og:type\" content=\"article\" \/>\n<meta property=\"og:title\" content=\"Water Truck Pump - B3Z-S Hydraulic Frame (CW Thread)\" \/>\n<meta property=\"og:description\" content=\"Shop for Water Truck Pump - B3Z-S Hydraulic Frame (CW Thread) with Access Truck Parts. We have the best prices on the market. Browse today!\" \/>\n<meta property=\"og:url\" content=\"https:\/\/accesstruckparts.com\/es\/producto\/b3z-bomba-hidraulica-de-marco-cw\/\" \/>\n<meta property=\"og:site_name\" content=\"Access Truck Parts\" \/>\n<meta property=\"article:modified_time\" content=\"2026-04-19T15:21:58+00:00\" \/>\n<meta property=\"og:image\" content=\"https:\/\/accesstruckparts.com\/wp-content\/uploads\/2016\/09\/101-B69875_B3Z-S-CW-Mech-Seal-Hydraulic-Frame-Pump_1200x1200-sRGB-04.png\" \/>\n\t<meta property=\"og:image:width\" content=\"1020\" \/>\n\t<meta property=\"og:image:height\" content=\"1020\" \/>\n\t<meta property=\"og:image:type\" content=\"image\/png\" \/>\n<meta name=\"twitter:label1\" content=\"Precio\" \/>\n\t<meta name=\"twitter:data1\" content=\"&#036;1,695.00\" \/>\n\t<meta name=\"twitter:label2\" content=\"Disponibilidad\" \/>\n\t<meta name=\"twitter:data2\" content=\"Disponible\" \/>\n<script type=\"application\/ld+json\" class=\"yoast-schema-graph\">{\"@context\":\"https:\\\/\\\/schema.org\",\"@graph\":[{\"@type\":\"WebPage\",\"@id\":\"https:\\\/\\\/accesstruckparts.com\\\/product\\\/b3z-hydraulic-frame-pump-cw\\\/\",\"url\":\"https:\\\/\\\/accesstruckparts.com\\\/product\\\/b3z-hydraulic-frame-pump-cw\\\/\",\"name\":\"Buy Water Truck Pump - B3Z-S Hydraulic Frame (CW Thread) online at Access Truck Parts\",\"isPartOf\":{\"@id\":\"https:\\\/\\\/accesstruckparts.com\\\/#website\"},\"primaryImageOfPage\":{\"@id\":\"https:\\\/\\\/accesstruckparts.com\\\/product\\\/b3z-hydraulic-frame-pump-cw\\\/#primaryimage\"},\"image\":{\"@id\":\"https:\\\/\\\/accesstruckparts.com\\\/product\\\/b3z-hydraulic-frame-pump-cw\\\/#primaryimage\"},\"thumbnailUrl\":\"https:\\\/\\\/accesstruckparts.com\\\/wp-content\\\/uploads\\\/2016\\\/09\\\/101-B69875_B3Z-S-CW-Mech-Seal-Hydraulic-Frame-Pump_1200x1200-sRGB-04.png\",\"datePublished\":\"2016-09-20T17:12:05+00:00\",\"dateModified\":\"2026-04-19T15:21:58+00:00\",\"description\":\"Shop for Water Truck Pump - B3Z-S Hydraulic Frame (CW Thread) with Access Truck Parts. We have the best prices on the market. Browse today!\",\"breadcrumb\":{\"@id\":\"https:\\\/\\\/accesstruckparts.com\\\/product\\\/b3z-hydraulic-frame-pump-cw\\\/#breadcrumb\"},\"inLanguage\":\"es\",\"potentialAction\":[{\"@type\":\"ReadAction\",\"target\":[\"https:\\\/\\\/accesstruckparts.com\\\/product\\\/b3z-hydraulic-frame-pump-cw\\\/\"]}]},{\"@type\":\"ImageObject\",\"inLanguage\":\"es\",\"@id\":\"https:\\\/\\\/accesstruckparts.com\\\/product\\\/b3z-hydraulic-frame-pump-cw\\\/#primaryimage\",\"url\":\"https:\\\/\\\/accesstruckparts.com\\\/wp-content\\\/uploads\\\/2016\\\/09\\\/101-B69875_B3Z-S-CW-Mech-Seal-Hydraulic-Frame-Pump_1200x1200-sRGB-04.png\",\"contentUrl\":\"https:\\\/\\\/accesstruckparts.com\\\/wp-content\\\/uploads\\\/2016\\\/09\\\/101-B69875_B3Z-S-CW-Mech-Seal-Hydraulic-Frame-Pump_1200x1200-sRGB-04.png\",\"width\":1200,\"height\":1200},{\"@type\":\"BreadcrumbList\",\"@id\":\"https:\\\/\\\/accesstruckparts.com\\\/product\\\/b3z-hydraulic-frame-pump-cw\\\/#breadcrumb\",\"itemListElement\":[{\"@type\":\"ListItem\",\"position\":1,\"name\":\"Home\",\"item\":\"https:\\\/\\\/accesstruckparts.com\\\/\"},{\"@type\":\"ListItem\",\"position\":2,\"name\":\"Parts\",\"item\":\"https:\\\/\\\/accesstruckparts.com\\\/parts\\\/\"},{\"@type\":\"ListItem\",\"position\":3,\"name\":\"Water Truck Pump - B3Z-S Hydraulic Frame (CW Thread)\"}]},{\"@type\":\"WebSite\",\"@id\":\"https:\\\/\\\/accesstruckparts.com\\\/#website\",\"url\":\"https:\\\/\\\/accesstruckparts.com\\\/\",\"name\":\"Access Truck Parts\",\"description\":\"Your One Stop Water Truck Parts Solution.\",\"publisher\":{\"@id\":\"https:\\\/\\\/accesstruckparts.com\\\/#organization\"},\"potentialAction\":[{\"@type\":\"SearchAction\",\"target\":{\"@type\":\"EntryPoint\",\"urlTemplate\":\"https:\\\/\\\/accesstruckparts.com\\\/?s={search_term_string}\"},\"query-input\":{\"@type\":\"PropertyValueSpecification\",\"valueRequired\":true,\"valueName\":\"search_term_string\"}}],\"inLanguage\":\"es\"},{\"@type\":\"Organization\",\"@id\":\"https:\\\/\\\/accesstruckparts.com\\\/#organization\",\"name\":\"Access Truck Parts\",\"url\":\"https:\\\/\\\/accesstruckparts.com\\\/\",\"logo\":{\"@type\":\"ImageObject\",\"inLanguage\":\"es\",\"@id\":\"https:\\\/\\\/accesstruckparts.com\\\/#\\\/schema\\\/logo\\\/image\\\/\",\"url\":\"https:\\\/\\\/accesstruckparts.com\\\/wp-content\\\/uploads\\\/2018\\\/02\\\/ATP_logo_placeholder_2018.jpg\",\"contentUrl\":\"https:\\\/\\\/accesstruckparts.com\\\/wp-content\\\/uploads\\\/2018\\\/02\\\/ATP_logo_placeholder_2018.jpg\",\"width\":\"500\",\"height\":\"500\",\"caption\":\"Access Truck Parts\"},\"image\":{\"@id\":\"https:\\\/\\\/accesstruckparts.com\\\/#\\\/schema\\\/logo\\\/image\\\/\"}}]}<\/script>\n<meta property=\"product:price:amount\" content=\"1695.00\" \/>\n<meta property=\"product:price:currency\" content=\"USD\" \/>\n<meta property=\"og:availability\" content=\"instock\" \/>\n<meta property=\"product:availability\" content=\"instock\" \/>\n<meta property=\"product:retailer_item_id\" content=\"101-B69875\" \/>\n<meta property=\"product:condition\" content=\"new\" \/>\n<!-- \/ Yoast SEO Premium plugin. -->","yoast_head_json":{"title":"Comprar Bomba para cami\u00f3n cisterna - Bastidor hidr\u00e1ulico B3Z-S (rosca CW) en l\u00ednea en Access Truck Parts","description":"Compre la bomba de cami\u00f3n de agua - bastidor hidr\u00e1ulico B3Z-S (rosca CW) con Access Truck Parts. Tenemos los mejores precios del mercado. \u00a1Navegue hoy mismo!","robots":{"index":"index","follow":"follow","max-snippet":"max-snippet:-1","max-image-preview":"max-image-preview:large","max-video-preview":"max-video-preview:-1"},"canonical":"https:\/\/accesstruckparts.com\/es\/producto\/b3z-bomba-hidraulica-de-marco-cw\/","og_locale":"es_MX","og_type":"article","og_title":"Water Truck Pump - B3Z-S Hydraulic Frame (CW Thread)","og_description":"Shop for Water Truck Pump - B3Z-S Hydraulic Frame (CW Thread) with Access Truck Parts. We have the best prices on the market. Browse today!","og_url":"https:\/\/accesstruckparts.com\/es\/producto\/b3z-bomba-hidraulica-de-marco-cw\/","og_site_name":"Access Truck Parts","article_modified_time":"2026-04-19T15:21:58+00:00","og_image":[{"url":"https:\/\/accesstruckparts.com\/wp-content\/uploads\/2016\/09\/101-B69875_B3Z-S-CW-Mech-Seal-Hydraulic-Frame-Pump_1200x1200-sRGB-04.png","width":1020,"height":1020,"type":"image\/png"}],"twitter_misc":{"Precio":"&#36;1,695.00","Disponibilidad":"Disponible"},"schema":{"@context":"https:\/\/schema.org","@graph":[{"@type":"WebPage","@id":"https:\/\/accesstruckparts.com\/product\/b3z-hydraulic-frame-pump-cw\/","url":"https:\/\/accesstruckparts.com\/product\/b3z-hydraulic-frame-pump-cw\/","name":"Comprar Bomba para cami\u00f3n cisterna - Bastidor hidr\u00e1ulico B3Z-S (rosca CW) en l\u00ednea en Access Truck Parts","isPartOf":{"@id":"https:\/\/accesstruckparts.com\/#website"},"primaryImageOfPage":{"@id":"https:\/\/accesstruckparts.com\/product\/b3z-hydraulic-frame-pump-cw\/#primaryimage"},"image":{"@id":"https:\/\/accesstruckparts.com\/product\/b3z-hydraulic-frame-pump-cw\/#primaryimage"},"thumbnailUrl":"https:\/\/accesstruckparts.com\/wp-content\/uploads\/2016\/09\/101-B69875_B3Z-S-CW-Mech-Seal-Hydraulic-Frame-Pump_1200x1200-sRGB-04.png","datePublished":"2016-09-20T17:12:05+00:00","dateModified":"2026-04-19T15:21:58+00:00","description":"Compre la bomba de cami\u00f3n de agua - bastidor hidr\u00e1ulico B3Z-S (rosca CW) con Access Truck Parts. Tenemos los mejores precios del mercado. \u00a1Navegue hoy mismo!","breadcrumb":{"@id":"https:\/\/accesstruckparts.com\/product\/b3z-hydraulic-frame-pump-cw\/#breadcrumb"},"inLanguage":"es","potentialAction":[{"@type":"ReadAction","target":["https:\/\/accesstruckparts.com\/product\/b3z-hydraulic-frame-pump-cw\/"]}]},{"@type":"ImageObject","inLanguage":"es","@id":"https:\/\/accesstruckparts.com\/product\/b3z-hydraulic-frame-pump-cw\/#primaryimage","url":"https:\/\/accesstruckparts.com\/wp-content\/uploads\/2016\/09\/101-B69875_B3Z-S-CW-Mech-Seal-Hydraulic-Frame-Pump_1200x1200-sRGB-04.png","contentUrl":"https:\/\/accesstruckparts.com\/wp-content\/uploads\/2016\/09\/101-B69875_B3Z-S-CW-Mech-Seal-Hydraulic-Frame-Pump_1200x1200-sRGB-04.png","width":1200,"height":1200},{"@type":"BreadcrumbList","@id":"https:\/\/accesstruckparts.com\/product\/b3z-hydraulic-frame-pump-cw\/#breadcrumb","itemListElement":[{"@type":"ListItem","position":1,"name":"Home","item":"https:\/\/accesstruckparts.com\/"},{"@type":"ListItem","position":2,"name":"Parts","item":"https:\/\/accesstruckparts.com\/parts\/"},{"@type":"ListItem","position":3,"name":"Water Truck Pump - B3Z-S Hydraulic Frame (CW Thread)"}]},{"@type":"WebSite","@id":"https:\/\/accesstruckparts.com\/#website","url":"https:\/\/accesstruckparts.com\/","name":"Piezas de camiones Access","description":"Su soluci\u00f3n \u00fanica de piezas para camiones de agua.","publisher":{"@id":"https:\/\/accesstruckparts.com\/#organization"},"potentialAction":[{"@type":"SearchAction","target":{"@type":"EntryPoint","urlTemplate":"https:\/\/accesstruckparts.com\/?s={search_term_string}"},"query-input":{"@type":"PropertyValueSpecification","valueRequired":true,"valueName":"search_term_string"}}],"inLanguage":"es"},{"@type":"Organization","@id":"https:\/\/accesstruckparts.com\/#organization","name":"Piezas de camiones Access","url":"https:\/\/accesstruckparts.com\/","logo":{"@type":"ImageObject","inLanguage":"es","@id":"https:\/\/accesstruckparts.com\/#\/schema\/logo\/image\/","url":"https:\/\/accesstruckparts.com\/wp-content\/uploads\/2018\/02\/ATP_logo_placeholder_2018.jpg","contentUrl":"https:\/\/accesstruckparts.com\/wp-content\/uploads\/2018\/02\/ATP_logo_placeholder_2018.jpg","width":"500","height":"500","caption":"Access Truck Parts"},"image":{"@id":"https:\/\/accesstruckparts.com\/#\/schema\/logo\/image\/"}}]},"product_price_amount":"1695.00","product_price_currency":"USD","og_availability":"instock","product_availability":"instock","product_retailer_item_id":"101-B69875","product_condition":"new"},"_links":{"self":[{"href":"https:\/\/accesstruckparts.com\/es\/wp-json\/wp\/v2\/product\/8533","targetHints":{"allow":["GET"]}}],"collection":[{"href":"https:\/\/accesstruckparts.com\/es\/wp-json\/wp\/v2\/product"}],"about":[{"href":"https:\/\/accesstruckparts.com\/es\/wp-json\/wp\/v2\/types\/product"}],"wp:featuredmedia":[{"embeddable":true,"href":"https:\/\/accesstruckparts.com\/es\/wp-json\/wp\/v2\/media\/55938"}],"wp:attachment":[{"href":"https:\/\/accesstruckparts.com\/es\/wp-json\/wp\/v2\/media?parent=8533"}],"wp:term":[{"taxonomy":"product_brand","embeddable":true,"href":"https:\/\/accesstruckparts.com\/es\/wp-json\/wp\/v2\/product_brand?post=8533"},{"taxonomy":"product_cat","embeddable":true,"href":"https:\/\/accesstruckparts.com\/es\/wp-json\/wp\/v2\/product_cat?post=8533"},{"taxonomy":"product_tag","embeddable":true,"href":"https:\/\/accesstruckparts.com\/es\/wp-json\/wp\/v2\/product_tag?post=8533"}],"curies":[{"name":"wp","href":"https:\/\/api.w.org\/{rel}","templated":true}]}}