{"id":8450,"date":"2016-09-17T13:58:02","date_gmt":"2016-09-17T20:58:02","guid":{"rendered":"https:\/\/accesstruckparts.com\/?post_type=product&#038;p=8450"},"modified":"2026-04-21T00:53:14","modified_gmt":"2026-04-21T07:53:14","slug":"b3j-high-pressure-pump-b73403","status":"publish","type":"product","link":"https:\/\/accesstruckparts.com\/es\/product\/b3j-high-pressure-pump-b73403\/","title":{"rendered":"Bomba de cami\u00f3n cisterna - B3J-S Sello mec\u00e1nico de alta presi\u00f3n (rosca CW)"},"content":{"rendered":"<p>El ATP B3J-S <strong><em>En el sentido de las agujas del reloj, sello mec\u00e1nico<\/em><\/strong> La bomba es de alta presi\u00f3n, de accionamiento hidr\u00e1ulico, de 4\" x 3\" <strong><em>Roscado<\/em><\/strong> bomba de agua con un impulsor de 13,5\". Esta bomba es impulsada directamente por un tornillo SAE C de 4 caras montado en 1<span class=\"fraction\"><sup>1<\/sup>\u2044<sub>4<\/sub><\/span>\u2033 Motor hidr\u00e1ulico de eje estriado de 14 dientes acoplado al eje de la bomba de agua con un <a class=\"productLink\" href=\"https:\/\/accesstruckparts.com\/es\/producto\/acoplamiento-hidraulico\/\" target=\"_blank\" rel=\"noopener noreferrer\">116-M10176<\/a> acoplamiento. Cuando funciona a 3.000 RPM esta bomba es capaz de 1.150 GPM a 208 PSI y se utiliza principalmente con <strong>Fuera de la carretera<\/strong>, equipos de tanques de mina m\u00e1s grandes.<\/p>\n<p>Esta bomba es una <strong>sustituci\u00f3n directa<\/strong> para el modelo B73403 de Berkeley.<\/p>\n<p>Consulte nuestro <a class=\"productLink\" href=\"https:\/\/accesstruckparts.com\/es\/guia-de-la-bomba-de-agua\/\" target=\"_blank\" rel=\"noopener noreferrer\">Gu\u00eda de la bomba de agua<\/a> para m\u00e1s informaci\u00f3n sobre la rotaci\u00f3n de la bomba, las conexiones y el tipo de sello.<\/p>\n<p>*Versi\u00f3n acanalada disponible, llame para consultar el precio <a href=\"tel:602-437-6948\">602-437-6948<\/a>.<br \/>\n<!-- Event snippet for Pumps remarketing page --><br \/>\n<script>\n  gtag('event', 'conversion', {\n      'send_to': 'AW-11227823096\/hs3zCKLLkeQYEPj36-kp',\n      'value': 1.0,\n      'currency': 'USD',\n      'aw_remarketing_only': true\n  });\n<\/script><\/p>","protected":false},"excerpt":{"rendered":"<p>Bomba de agua con sello mec\u00e1nico de rosca CW B3JRMBHS (B73403)<\/p>","protected":false},"featured_media":59193,"template":"","meta":[],"product_brand":[],"product_cat":[63],"product_tag":[373,193,216,212,240,224,192,237],"class_list":{"0":"post-8450","1":"product","2":"type-product","3":"status-publish","4":"has-post-thumbnail","6":"product_cat-water-pumps","7":"product_tag-b3jrmbhs-es","8":"product_tag-clockwise","9":"product_tag-hydraulic","10":"product_tag-mechanical-seal","11":"product_tag-off-road","12":"product_tag-splined","13":"product_tag-threaded","14":"product_tag-water-pump","16":"first","17":"instock","18":"taxable","19":"shipping-taxable","20":"purchasable","21":"product-type-simple"},"yoast_head":"<!-- This site is optimized with the Yoast SEO Premium plugin v27.4 (Yoast SEO v27.4) - https:\/\/yoast.com\/product\/yoast-seo-premium-wordpress\/ -->\n<title>Buy Water Truck Pump - B3J-S High Pressure Mech Seal (CW Thread) online at Access Truck Parts<\/title>\n<meta name=\"description\" content=\"Shop for Water Truck Pump - B3J-S High Pressure Mech Seal (CW Thread) with Access Truck Parts. We have the best prices on the market. Browse today!\" \/>\n<meta name=\"robots\" content=\"index, follow, max-snippet:-1, max-image-preview:large, max-video-preview:-1\" \/>\n<link rel=\"canonical\" href=\"https:\/\/accesstruckparts.com\/es\/producto\/b3j-high-pressure-pump-b73403\/\" \/>\n<meta property=\"og:locale\" content=\"es_MX\" \/>\n<meta property=\"og:type\" content=\"article\" \/>\n<meta property=\"og:title\" content=\"Water Truck Pump - B3J-S High Pressure Mech Seal (CW Thread)\" \/>\n<meta property=\"og:description\" content=\"Shop for Water Truck Pump - B3J-S High Pressure Mech Seal (CW Thread) with Access Truck Parts. We have the best prices on the market. Browse today!\" \/>\n<meta property=\"og:url\" content=\"https:\/\/accesstruckparts.com\/es\/producto\/b3j-high-pressure-pump-b73403\/\" \/>\n<meta property=\"og:site_name\" content=\"Access Truck Parts\" \/>\n<meta property=\"article:modified_time\" content=\"2026-04-21T07:53:14+00:00\" \/>\n<meta property=\"og:image\" content=\"https:\/\/accesstruckparts.com\/wp-content\/uploads\/2016\/09\/101-B73403_B3J-S-High-Pressure-Mech-Seal-Pump-CW-Thread_1200x1200-sRGB.png\" \/>\n\t<meta property=\"og:image:width\" content=\"1020\" \/>\n\t<meta property=\"og:image:height\" content=\"1020\" \/>\n\t<meta property=\"og:image:type\" content=\"image\/png\" \/>\n<meta name=\"twitter:label1\" content=\"Precio\" \/>\n\t<meta name=\"twitter:data1\" content=\"&#036;3,599.95\" \/>\n\t<meta name=\"twitter:label2\" content=\"Disponibilidad\" \/>\n\t<meta name=\"twitter:data2\" content=\"Disponible\" \/>\n<script type=\"application\/ld+json\" class=\"yoast-schema-graph\">{\"@context\":\"https:\\\/\\\/schema.org\",\"@graph\":[{\"@type\":\"WebPage\",\"@id\":\"https:\\\/\\\/accesstruckparts.com\\\/product\\\/b3j-high-pressure-pump-b73403\\\/\",\"url\":\"https:\\\/\\\/accesstruckparts.com\\\/product\\\/b3j-high-pressure-pump-b73403\\\/\",\"name\":\"Buy Water Truck Pump - B3J-S High Pressure Mech Seal (CW Thread) online at Access Truck Parts\",\"isPartOf\":{\"@id\":\"https:\\\/\\\/accesstruckparts.com\\\/#website\"},\"primaryImageOfPage\":{\"@id\":\"https:\\\/\\\/accesstruckparts.com\\\/product\\\/b3j-high-pressure-pump-b73403\\\/#primaryimage\"},\"image\":{\"@id\":\"https:\\\/\\\/accesstruckparts.com\\\/product\\\/b3j-high-pressure-pump-b73403\\\/#primaryimage\"},\"thumbnailUrl\":\"https:\\\/\\\/accesstruckparts.com\\\/wp-content\\\/uploads\\\/2016\\\/09\\\/101-B73403_B3J-S-High-Pressure-Mech-Seal-Pump-CW-Thread_1200x1200-sRGB.png\",\"datePublished\":\"2016-09-17T20:58:02+00:00\",\"dateModified\":\"2026-04-21T07:53:14+00:00\",\"description\":\"Shop for Water Truck Pump - B3J-S High Pressure Mech Seal (CW Thread) with Access Truck Parts. We have the best prices on the market. Browse today!\",\"breadcrumb\":{\"@id\":\"https:\\\/\\\/accesstruckparts.com\\\/product\\\/b3j-high-pressure-pump-b73403\\\/#breadcrumb\"},\"inLanguage\":\"es\",\"potentialAction\":[{\"@type\":\"ReadAction\",\"target\":[\"https:\\\/\\\/accesstruckparts.com\\\/product\\\/b3j-high-pressure-pump-b73403\\\/\"]}]},{\"@type\":\"ImageObject\",\"inLanguage\":\"es\",\"@id\":\"https:\\\/\\\/accesstruckparts.com\\\/product\\\/b3j-high-pressure-pump-b73403\\\/#primaryimage\",\"url\":\"https:\\\/\\\/accesstruckparts.com\\\/wp-content\\\/uploads\\\/2016\\\/09\\\/101-B73403_B3J-S-High-Pressure-Mech-Seal-Pump-CW-Thread_1200x1200-sRGB.png\",\"contentUrl\":\"https:\\\/\\\/accesstruckparts.com\\\/wp-content\\\/uploads\\\/2016\\\/09\\\/101-B73403_B3J-S-High-Pressure-Mech-Seal-Pump-CW-Thread_1200x1200-sRGB.png\",\"width\":1200,\"height\":1200},{\"@type\":\"BreadcrumbList\",\"@id\":\"https:\\\/\\\/accesstruckparts.com\\\/product\\\/b3j-high-pressure-pump-b73403\\\/#breadcrumb\",\"itemListElement\":[{\"@type\":\"ListItem\",\"position\":1,\"name\":\"Home\",\"item\":\"https:\\\/\\\/accesstruckparts.com\\\/\"},{\"@type\":\"ListItem\",\"position\":2,\"name\":\"Parts\",\"item\":\"https:\\\/\\\/accesstruckparts.com\\\/parts\\\/\"},{\"@type\":\"ListItem\",\"position\":3,\"name\":\"Water Truck Pump - B3J-S High Pressure Mech Seal (CW Thread)\"}]},{\"@type\":\"WebSite\",\"@id\":\"https:\\\/\\\/accesstruckparts.com\\\/#website\",\"url\":\"https:\\\/\\\/accesstruckparts.com\\\/\",\"name\":\"Access Truck Parts\",\"description\":\"Your One Stop Water Truck Parts Solution.\",\"publisher\":{\"@id\":\"https:\\\/\\\/accesstruckparts.com\\\/#organization\"},\"potentialAction\":[{\"@type\":\"SearchAction\",\"target\":{\"@type\":\"EntryPoint\",\"urlTemplate\":\"https:\\\/\\\/accesstruckparts.com\\\/?s={search_term_string}\"},\"query-input\":{\"@type\":\"PropertyValueSpecification\",\"valueRequired\":true,\"valueName\":\"search_term_string\"}}],\"inLanguage\":\"es\"},{\"@type\":\"Organization\",\"@id\":\"https:\\\/\\\/accesstruckparts.com\\\/#organization\",\"name\":\"Access Truck Parts\",\"url\":\"https:\\\/\\\/accesstruckparts.com\\\/\",\"logo\":{\"@type\":\"ImageObject\",\"inLanguage\":\"es\",\"@id\":\"https:\\\/\\\/accesstruckparts.com\\\/#\\\/schema\\\/logo\\\/image\\\/\",\"url\":\"https:\\\/\\\/accesstruckparts.com\\\/wp-content\\\/uploads\\\/2018\\\/02\\\/ATP_logo_placeholder_2018.jpg\",\"contentUrl\":\"https:\\\/\\\/accesstruckparts.com\\\/wp-content\\\/uploads\\\/2018\\\/02\\\/ATP_logo_placeholder_2018.jpg\",\"width\":\"500\",\"height\":\"500\",\"caption\":\"Access Truck Parts\"},\"image\":{\"@id\":\"https:\\\/\\\/accesstruckparts.com\\\/#\\\/schema\\\/logo\\\/image\\\/\"}}]}<\/script>\n<meta property=\"product:price:amount\" content=\"3599.95\" \/>\n<meta property=\"product:price:currency\" content=\"USD\" \/>\n<meta property=\"og:availability\" content=\"instock\" \/>\n<meta property=\"product:availability\" content=\"instock\" \/>\n<meta property=\"product:retailer_item_id\" content=\"101-B73403\" \/>\n<meta property=\"product:condition\" content=\"new\" \/>\n<!-- \/ Yoast SEO Premium plugin. -->","yoast_head_json":{"title":"Comprar Bomba para cami\u00f3n cisterna - B3J-S Sello mec\u00e1nico de alta presi\u00f3n (rosca CW) en l\u00ednea en Access Truck Parts","description":"Compre la bomba de cami\u00f3n de agua - B3J-S Sello mec\u00e1nico de alta presi\u00f3n (rosca CW) con Access Truck Parts. Tenemos los mejores precios del mercado. \u00a1Navegue hoy mismo!","robots":{"index":"index","follow":"follow","max-snippet":"max-snippet:-1","max-image-preview":"max-image-preview:large","max-video-preview":"max-video-preview:-1"},"canonical":"https:\/\/accesstruckparts.com\/es\/producto\/b3j-high-pressure-pump-b73403\/","og_locale":"es_MX","og_type":"article","og_title":"Water Truck Pump - B3J-S High Pressure Mech Seal (CW Thread)","og_description":"Shop for Water Truck Pump - B3J-S High Pressure Mech Seal (CW Thread) with Access Truck Parts. We have the best prices on the market. Browse today!","og_url":"https:\/\/accesstruckparts.com\/es\/producto\/b3j-high-pressure-pump-b73403\/","og_site_name":"Access Truck Parts","article_modified_time":"2026-04-21T07:53:14+00:00","og_image":[{"url":"https:\/\/accesstruckparts.com\/wp-content\/uploads\/2016\/09\/101-B73403_B3J-S-High-Pressure-Mech-Seal-Pump-CW-Thread_1200x1200-sRGB.png","width":1020,"height":1020,"type":"image\/png"}],"twitter_misc":{"Precio":"&#36;3,599.95","Disponibilidad":"Disponible"},"schema":{"@context":"https:\/\/schema.org","@graph":[{"@type":"WebPage","@id":"https:\/\/accesstruckparts.com\/product\/b3j-high-pressure-pump-b73403\/","url":"https:\/\/accesstruckparts.com\/product\/b3j-high-pressure-pump-b73403\/","name":"Comprar Bomba para cami\u00f3n cisterna - B3J-S Sello mec\u00e1nico de alta presi\u00f3n (rosca CW) en l\u00ednea en Access Truck Parts","isPartOf":{"@id":"https:\/\/accesstruckparts.com\/#website"},"primaryImageOfPage":{"@id":"https:\/\/accesstruckparts.com\/product\/b3j-high-pressure-pump-b73403\/#primaryimage"},"image":{"@id":"https:\/\/accesstruckparts.com\/product\/b3j-high-pressure-pump-b73403\/#primaryimage"},"thumbnailUrl":"https:\/\/accesstruckparts.com\/wp-content\/uploads\/2016\/09\/101-B73403_B3J-S-High-Pressure-Mech-Seal-Pump-CW-Thread_1200x1200-sRGB.png","datePublished":"2016-09-17T20:58:02+00:00","dateModified":"2026-04-21T07:53:14+00:00","description":"Compre la bomba de cami\u00f3n de agua - B3J-S Sello mec\u00e1nico de alta presi\u00f3n (rosca CW) con Access Truck Parts. Tenemos los mejores precios del mercado. \u00a1Navegue hoy mismo!","breadcrumb":{"@id":"https:\/\/accesstruckparts.com\/product\/b3j-high-pressure-pump-b73403\/#breadcrumb"},"inLanguage":"es","potentialAction":[{"@type":"ReadAction","target":["https:\/\/accesstruckparts.com\/product\/b3j-high-pressure-pump-b73403\/"]}]},{"@type":"ImageObject","inLanguage":"es","@id":"https:\/\/accesstruckparts.com\/product\/b3j-high-pressure-pump-b73403\/#primaryimage","url":"https:\/\/accesstruckparts.com\/wp-content\/uploads\/2016\/09\/101-B73403_B3J-S-High-Pressure-Mech-Seal-Pump-CW-Thread_1200x1200-sRGB.png","contentUrl":"https:\/\/accesstruckparts.com\/wp-content\/uploads\/2016\/09\/101-B73403_B3J-S-High-Pressure-Mech-Seal-Pump-CW-Thread_1200x1200-sRGB.png","width":1200,"height":1200},{"@type":"BreadcrumbList","@id":"https:\/\/accesstruckparts.com\/product\/b3j-high-pressure-pump-b73403\/#breadcrumb","itemListElement":[{"@type":"ListItem","position":1,"name":"Home","item":"https:\/\/accesstruckparts.com\/"},{"@type":"ListItem","position":2,"name":"Parts","item":"https:\/\/accesstruckparts.com\/parts\/"},{"@type":"ListItem","position":3,"name":"Water Truck Pump - B3J-S High Pressure Mech Seal (CW Thread)"}]},{"@type":"WebSite","@id":"https:\/\/accesstruckparts.com\/#website","url":"https:\/\/accesstruckparts.com\/","name":"Piezas de camiones Access","description":"Su soluci\u00f3n \u00fanica de piezas para camiones de agua.","publisher":{"@id":"https:\/\/accesstruckparts.com\/#organization"},"potentialAction":[{"@type":"SearchAction","target":{"@type":"EntryPoint","urlTemplate":"https:\/\/accesstruckparts.com\/?s={search_term_string}"},"query-input":{"@type":"PropertyValueSpecification","valueRequired":true,"valueName":"search_term_string"}}],"inLanguage":"es"},{"@type":"Organization","@id":"https:\/\/accesstruckparts.com\/#organization","name":"Piezas de camiones Access","url":"https:\/\/accesstruckparts.com\/","logo":{"@type":"ImageObject","inLanguage":"es","@id":"https:\/\/accesstruckparts.com\/#\/schema\/logo\/image\/","url":"https:\/\/accesstruckparts.com\/wp-content\/uploads\/2018\/02\/ATP_logo_placeholder_2018.jpg","contentUrl":"https:\/\/accesstruckparts.com\/wp-content\/uploads\/2018\/02\/ATP_logo_placeholder_2018.jpg","width":"500","height":"500","caption":"Access Truck Parts"},"image":{"@id":"https:\/\/accesstruckparts.com\/#\/schema\/logo\/image\/"}}]},"product_price_amount":"3599.95","product_price_currency":"USD","og_availability":"instock","product_availability":"instock","product_retailer_item_id":"101-B73403","product_condition":"new"},"_links":{"self":[{"href":"https:\/\/accesstruckparts.com\/es\/wp-json\/wp\/v2\/product\/8450","targetHints":{"allow":["GET"]}}],"collection":[{"href":"https:\/\/accesstruckparts.com\/es\/wp-json\/wp\/v2\/product"}],"about":[{"href":"https:\/\/accesstruckparts.com\/es\/wp-json\/wp\/v2\/types\/product"}],"wp:featuredmedia":[{"embeddable":true,"href":"https:\/\/accesstruckparts.com\/es\/wp-json\/wp\/v2\/media\/59193"}],"wp:attachment":[{"href":"https:\/\/accesstruckparts.com\/es\/wp-json\/wp\/v2\/media?parent=8450"}],"wp:term":[{"taxonomy":"product_brand","embeddable":true,"href":"https:\/\/accesstruckparts.com\/es\/wp-json\/wp\/v2\/product_brand?post=8450"},{"taxonomy":"product_cat","embeddable":true,"href":"https:\/\/accesstruckparts.com\/es\/wp-json\/wp\/v2\/product_cat?post=8450"},{"taxonomy":"product_tag","embeddable":true,"href":"https:\/\/accesstruckparts.com\/es\/wp-json\/wp\/v2\/product_tag?post=8450"}],"curies":[{"name":"wp","href":"https:\/\/api.w.org\/{rel}","templated":true}]}}