{"id":8209,"date":"2016-08-30T08:40:26","date_gmt":"2016-08-30T15:40:26","guid":{"rendered":"https:\/\/accesstruckparts.com\/?post_type=product&#038;p=8209"},"modified":"2026-04-19T00:23:01","modified_gmt":"2026-04-19T07:23:01","slug":"motor-hidraulico-mk20","status":"publish","type":"product","link":"https:\/\/accesstruckparts.com\/es\/product\/mk20-hydraulic-motor\/","title":{"rendered":"Motor hidr\u00e1ulico MK20"},"content":{"rendered":"<table id=\"t936755\" class=\"wdn_responsive_table flush-left\">\n<caption>\u00a0<\/caption>\n<tbody>\n<tr>\n<td id=\"t936755_row_0col_0\" colspan=\"5\">&nbsp;<\/p>\n<div align=\"center\">Compare el SKU anterior con el SKU de esta tabla para encontrar las especificaciones detalladas de todas las opciones de motores estilo MK20.<\/div>\n<p>&nbsp;<\/td>\n<\/tr>\n<tr>\n<td id=\"t936755_row_0col_0\" colspan=\"1\">\n<h4>SKU<\/h4>\n<\/td>\n<td id=\"t936755_row_0col_1\" colspan=\"1\">\n<h4>MONTAJE<\/h4>\n<\/td>\n<td id=\"t936755_row_0col_2\" colspan=\"1\">\n<h4>DESPLAZAMIENTO<\/h4>\n<\/td>\n<td id=\"t936755_row_0col_3\" colspan=\"1\">\n<h4>TIPO DE EJE<\/h4>\n<\/td>\n<td id=\"t936755_row_0col_4\" colspan=\"1\">\n<h4>PORTEO<\/h4>\n<\/td>\n<\/tr>\n<tr>\n<td id=\"t936755_row_1col_0\" colspan=\"1\"><strong>15-MK20B08DNX<\/strong><\/td>\n<td id=\"t936755_row_1col_1\" colspan=\"1\">Montaje de 2\/4 pernos \"B\" (bipartito)<\/td>\n<td id=\"t936755_row_1col_2\" colspan=\"1\">8GPM @ 1000RPM<\/td>\n<td id=\"t936755_row_1col_3\" colspan=\"1\">7\/8\u2033 13 dientes estriados<\/td>\n<td id=\"t936755_row_1col_4\" colspan=\"1\">Portaci\u00f3n lateral de 1\u2033 NPT y portaci\u00f3n trasera de 1\u2033 NPT<\/td>\n<\/tr>\n<tr>\n<td id=\"t936755_row_2col_0\" colspan=\"1\"><strong>15-MK20B08DOX<\/strong><\/td>\n<td id=\"t936755_row_2col_1\" colspan=\"1\">Montaje de 2\/4 pernos \"B\" (bipartito)<\/td>\n<td id=\"t936755_row_2col_2\" colspan=\"1\">8GPM @ 1000RPM<\/td>\n<td id=\"t936755_row_2col_3\" colspan=\"1\">7\/8\u2033 13 dientes estriados<\/td>\n<td id=\"t936755_row_2col_4\" colspan=\"1\">Portaci\u00f3n lateral de 1\u2033 ORB y portaci\u00f3n trasera de 1\u2033 ORB<\/td>\n<\/tr>\n<tr>\n<td id=\"t936755_row_3col_0\" colspan=\"1\"><strong>15-MK20B11DNX<\/strong><\/td>\n<td id=\"t936755_row_3col_1\" colspan=\"1\">Montaje de 2\/4 pernos \"B\" (bipartito)<\/td>\n<td id=\"t936755_row_3col_2\" colspan=\"1\">11GPM @ 1000RPM<\/td>\n<td id=\"t936755_row_3col_3\" colspan=\"1\">7\/8\u2033 13 dientes estriados<\/td>\n<td id=\"t936755_row_3col_4\" colspan=\"1\">Portaci\u00f3n lateral de 1\u2033 NPT y portaci\u00f3n trasera de 1\u2033 NPT<\/td>\n<\/tr>\n<tr>\n<td id=\"t936755_row_4col_0\" colspan=\"1\"><strong>15-MK20B13DNX<\/strong><\/td>\n<td id=\"t936755_row_4col_1\" colspan=\"1\">Montaje de 2\/4 pernos \"B\" (bipartito)<\/td>\n<td id=\"t936755_row_4col_2\" colspan=\"1\">13GPM @ 1000RPM<\/td>\n<td id=\"t936755_row_4col_3\" colspan=\"1\">7\/8\u2033 13 dientes estriados<\/td>\n<td id=\"t936755_row_4col_4\" colspan=\"1\">Portaci\u00f3n lateral de 1-1\/4\u2033 NPT y portaci\u00f3n trasera de 1\u2033 NPT<\/td>\n<\/tr>\n<tr>\n<td id=\"t936755_row_5col_0\" colspan=\"1\"><strong>15-MK20B13DOX<\/strong><\/td>\n<td id=\"t936755_row_5col_1\" colspan=\"1\">Montaje de 2\/4 pernos \"B\" (bipartito)<\/td>\n<td id=\"t936755_row_5col_2\" colspan=\"1\">13GPM @ 1000RPM<\/td>\n<td id=\"t936755_row_5col_3\" colspan=\"1\">7\/8\u2033 13 dientes estriados<\/td>\n<td id=\"t936755_row_5col_4\" colspan=\"1\">Portaci\u00f3n lateral de 1-1\/4\u2033 ORB y portaci\u00f3n trasera de 1\u2033 ORB<\/td>\n<\/tr>\n<tr>\n<td id=\"t936755_row_6col_0\" colspan=\"1\"><strong>15-MK20B15DNX<\/strong><\/td>\n<td id=\"t936755_row_6col_1\" colspan=\"1\">Montaje de 2\/4 pernos \"B\" (bipartito)<\/td>\n<td id=\"t936755_row_6col_2\" colspan=\"1\">15GPM @ 1000RPM<\/td>\n<td id=\"t936755_row_6col_3\" colspan=\"1\">7\/8\u2033 13 dientes estriados<\/td>\n<td id=\"t936755_row_6col_4\" colspan=\"1\">Portaci\u00f3n lateral de 1-1\/4\u2033 NPT y portaci\u00f3n trasera de 1\u2033 NPT<\/td>\n<\/tr>\n<tr>\n<td id=\"t936755_row_6col_0\" colspan=\"1\"><strong>15-MK20B15DOX<\/strong><\/td>\n<td id=\"t936755_row_6col_1\" colspan=\"1\">Montaje de 2\/4 pernos \"B\" (bipartito)<\/td>\n<td id=\"t936755_row_6col_2\" colspan=\"1\">15GPM @ 1000RPM<\/td>\n<td id=\"t936755_row_6col_3\" colspan=\"1\">7\/8\u2033 13 dientes estriados<\/td>\n<td id=\"t936755_row_6col_4\" colspan=\"1\">1-1\/4&#8243; NPT side porting &amp; 1&#8243; ORB rear porting<\/td>\n<\/tr>\n<tr>\n<td id=\"t936755_row_7col_0\" colspan=\"1\"><strong>15-MK20B17DNX<\/strong><\/td>\n<td id=\"t936755_row_7col_1\" colspan=\"1\">Montaje de 2\/4 pernos \"B\" (bipartito)<\/td>\n<td id=\"t936755_row_7col_2\" colspan=\"1\">17GPM @ 1000RPM<\/td>\n<td id=\"t936755_row_7col_3\" colspan=\"1\">7\/8\u2033 13 dientes estriados<\/td>\n<td id=\"t936755_row_7col_4\" colspan=\"1\">Portaci\u00f3n lateral de 1-1\/4\u2033 NPT y portaci\u00f3n trasera de 1\u2033 NPT<\/td>\n<\/tr>\n<tr>\n<td id=\"t936755_row_8col_0\" colspan=\"1\"><strong>15-MK20B17DOX<\/strong><\/td>\n<td id=\"t936755_row_8col_1\" colspan=\"1\">Montaje de 2\/4 pernos \"B\" (bipartito)<\/td>\n<td id=\"t936755_row_8col_2\" colspan=\"1\">17GPM @ 1000RPM<\/td>\n<td id=\"t936755_row_8col_3\" colspan=\"1\">7\/8\u2033 13 dientes estriados<\/td>\n<td id=\"t936755_row_8col_4\" colspan=\"1\">Portaci\u00f3n lateral de 1-1\/4\u2033 ORB y portaci\u00f3n trasera de 1\u2033 ORB<\/td>\n<\/tr>\n<\/tbody>\n<\/table>\n<h3>Las caracter\u00edsticas del motor hidr\u00e1ulico MK20:<\/h3>\n<ul>\n<li>Bidireccional<\/li>\n<li>Presiones de hasta 3000 psi<\/li>\n<li>Velocidades de hasta 2400 rpm<\/li>\n<li>Dual porting \u2013 side &amp; rear, NPT or ORB<\/li>\n<li>Brida de montaje - Perno 2\/4, SAE \"B\"<\/li>\n<li>Las opciones incluyen: 7 Desplazamientos, 2 opciones de eje, 2 tipos de portaci\u00f3n<\/li>\n<\/ul>","protected":false},"excerpt":{"rendered":"<p>Motor hidr\u00e1ulico MK20<\/p>","protected":false},"featured_media":18739,"template":"","meta":[],"product_brand":[],"product_cat":[172],"product_tag":[216],"class_list":{"0":"post-8209","1":"product","2":"type-product","3":"status-publish","4":"has-post-thumbnail","6":"product_cat-hydraulic-motors","7":"product_tag-hydraulic","8":"product_shipping_class-ltl_freight","10":"first","11":"instock","12":"taxable","13":"shipping-taxable","14":"product-type-variable"},"yoast_head":"<!-- This site is optimized with the Yoast SEO Premium plugin v27.4 (Yoast SEO v27.4) - https:\/\/yoast.com\/product\/yoast-seo-premium-wordpress\/ -->\n<title>Buy MK20 Hydraulic Motor online at Access Truck Parts<\/title>\n<meta name=\"description\" content=\"Shop for MK20 Hydraulic Motor with Access Truck Parts. We have the best prices on the market. Browse today!\" \/>\n<meta name=\"robots\" content=\"index, follow, max-snippet:-1, max-image-preview:large, max-video-preview:-1\" \/>\n<link rel=\"canonical\" href=\"https:\/\/accesstruckparts.com\/es\/producto\/motor-hidraulico-mk20\/\" \/>\n<meta property=\"og:locale\" content=\"es_MX\" \/>\n<meta property=\"og:type\" content=\"article\" \/>\n<meta property=\"og:title\" content=\"MK20 Hydraulic Motor\" \/>\n<meta property=\"og:description\" content=\"Shop for MK20 Hydraulic Motor with Access Truck Parts. We have the best prices on the market. Browse today!\" \/>\n<meta property=\"og:url\" content=\"https:\/\/accesstruckparts.com\/es\/producto\/motor-hidraulico-mk20\/\" \/>\n<meta property=\"og:site_name\" content=\"Access Truck Parts\" \/>\n<meta property=\"article:modified_time\" content=\"2026-04-19T07:23:01+00:00\" \/>\n<meta property=\"og:image\" content=\"https:\/\/accesstruckparts.com\/wp-content\/uploads\/2016\/08\/15-MK20B08DNX_MK20-Hydraulic-Motor_SeeTable.jpg\" \/>\n\t<meta property=\"og:image:width\" content=\"1200\" \/>\n\t<meta property=\"og:image:height\" content=\"1200\" \/>\n\t<meta property=\"og:image:type\" content=\"image\/jpeg\" \/>\n<meta name=\"twitter:label1\" content=\"Disponibilidad\" \/>\n\t<meta name=\"twitter:data1\" content=\"Disponible\" \/>\n<script type=\"application\/ld+json\" class=\"yoast-schema-graph\">{\"@context\":\"https:\\\/\\\/schema.org\",\"@graph\":[{\"@type\":\"WebPage\",\"@id\":\"https:\\\/\\\/accesstruckparts.com\\\/product\\\/mk20-hydraulic-motor\\\/\",\"url\":\"https:\\\/\\\/accesstruckparts.com\\\/product\\\/mk20-hydraulic-motor\\\/\",\"name\":\"Buy MK20 Hydraulic Motor online at Access Truck Parts\",\"isPartOf\":{\"@id\":\"https:\\\/\\\/accesstruckparts.com\\\/#website\"},\"primaryImageOfPage\":{\"@id\":\"https:\\\/\\\/accesstruckparts.com\\\/product\\\/mk20-hydraulic-motor\\\/#primaryimage\"},\"image\":{\"@id\":\"https:\\\/\\\/accesstruckparts.com\\\/product\\\/mk20-hydraulic-motor\\\/#primaryimage\"},\"thumbnailUrl\":\"https:\\\/\\\/accesstruckparts.com\\\/wp-content\\\/uploads\\\/2016\\\/08\\\/15-MK20B08DNX_MK20-Hydraulic-Motor_SeeTable.jpg\",\"datePublished\":\"2016-08-30T15:40:26+00:00\",\"dateModified\":\"2026-04-19T07:23:01+00:00\",\"description\":\"Shop for MK20 Hydraulic Motor with Access Truck Parts. We have the best prices on the market. Browse today!\",\"breadcrumb\":{\"@id\":\"https:\\\/\\\/accesstruckparts.com\\\/product\\\/mk20-hydraulic-motor\\\/#breadcrumb\"},\"inLanguage\":\"es\",\"potentialAction\":[{\"@type\":\"ReadAction\",\"target\":[\"https:\\\/\\\/accesstruckparts.com\\\/product\\\/mk20-hydraulic-motor\\\/\"]}]},{\"@type\":\"ImageObject\",\"inLanguage\":\"es\",\"@id\":\"https:\\\/\\\/accesstruckparts.com\\\/product\\\/mk20-hydraulic-motor\\\/#primaryimage\",\"url\":\"https:\\\/\\\/accesstruckparts.com\\\/wp-content\\\/uploads\\\/2016\\\/08\\\/15-MK20B08DNX_MK20-Hydraulic-Motor_SeeTable.jpg\",\"contentUrl\":\"https:\\\/\\\/accesstruckparts.com\\\/wp-content\\\/uploads\\\/2016\\\/08\\\/15-MK20B08DNX_MK20-Hydraulic-Motor_SeeTable.jpg\",\"width\":\"1200\",\"height\":\"1200\"},{\"@type\":\"BreadcrumbList\",\"@id\":\"https:\\\/\\\/accesstruckparts.com\\\/product\\\/mk20-hydraulic-motor\\\/#breadcrumb\",\"itemListElement\":[{\"@type\":\"ListItem\",\"position\":1,\"name\":\"Home\",\"item\":\"https:\\\/\\\/accesstruckparts.com\\\/\"},{\"@type\":\"ListItem\",\"position\":2,\"name\":\"Parts\",\"item\":\"https:\\\/\\\/accesstruckparts.com\\\/parts\\\/\"},{\"@type\":\"ListItem\",\"position\":3,\"name\":\"MK20 Hydraulic Motor\"}]},{\"@type\":\"WebSite\",\"@id\":\"https:\\\/\\\/accesstruckparts.com\\\/#website\",\"url\":\"https:\\\/\\\/accesstruckparts.com\\\/\",\"name\":\"Access Truck Parts\",\"description\":\"Your One Stop Water Truck Parts Solution.\",\"publisher\":{\"@id\":\"https:\\\/\\\/accesstruckparts.com\\\/#organization\"},\"potentialAction\":[{\"@type\":\"SearchAction\",\"target\":{\"@type\":\"EntryPoint\",\"urlTemplate\":\"https:\\\/\\\/accesstruckparts.com\\\/?s={search_term_string}\"},\"query-input\":{\"@type\":\"PropertyValueSpecification\",\"valueRequired\":true,\"valueName\":\"search_term_string\"}}],\"inLanguage\":\"es\"},{\"@type\":\"Organization\",\"@id\":\"https:\\\/\\\/accesstruckparts.com\\\/#organization\",\"name\":\"Access Truck Parts\",\"url\":\"https:\\\/\\\/accesstruckparts.com\\\/\",\"logo\":{\"@type\":\"ImageObject\",\"inLanguage\":\"es\",\"@id\":\"https:\\\/\\\/accesstruckparts.com\\\/#\\\/schema\\\/logo\\\/image\\\/\",\"url\":\"https:\\\/\\\/accesstruckparts.com\\\/wp-content\\\/uploads\\\/2018\\\/02\\\/ATP_logo_placeholder_2018.jpg\",\"contentUrl\":\"https:\\\/\\\/accesstruckparts.com\\\/wp-content\\\/uploads\\\/2018\\\/02\\\/ATP_logo_placeholder_2018.jpg\",\"width\":\"500\",\"height\":\"500\",\"caption\":\"Access Truck Parts\"},\"image\":{\"@id\":\"https:\\\/\\\/accesstruckparts.com\\\/#\\\/schema\\\/logo\\\/image\\\/\"}}]}<\/script>\n<meta property=\"og:availability\" content=\"instock\" \/>\n<meta property=\"product:availability\" content=\"instock\" \/>\n<meta property=\"product:retailer_item_id\" content=\"15-\" \/>\n<meta property=\"product:condition\" content=\"new\" \/>\n<!-- \/ Yoast SEO Premium plugin. -->","yoast_head_json":{"title":"Compre el motor hidr\u00e1ulico MK20 en l\u00ednea en Access Truck Parts","description":"Compre el motor hidr\u00e1ulico MK20 con Access Truck Parts. Tenemos los mejores precios del mercado. \u00a1Busque hoy mismo!","robots":{"index":"index","follow":"follow","max-snippet":"max-snippet:-1","max-image-preview":"max-image-preview:large","max-video-preview":"max-video-preview:-1"},"canonical":"https:\/\/accesstruckparts.com\/es\/producto\/motor-hidraulico-mk20\/","og_locale":"es_MX","og_type":"article","og_title":"MK20 Hydraulic Motor","og_description":"Shop for MK20 Hydraulic Motor with Access Truck Parts. We have the best prices on the market. Browse today!","og_url":"https:\/\/accesstruckparts.com\/es\/producto\/motor-hidraulico-mk20\/","og_site_name":"Access Truck Parts","article_modified_time":"2026-04-19T07:23:01+00:00","og_image":[{"width":1200,"height":1200,"url":"https:\/\/accesstruckparts.com\/wp-content\/uploads\/2016\/08\/15-MK20B08DNX_MK20-Hydraulic-Motor_SeeTable.jpg","type":"image\/jpeg"}],"twitter_misc":{"Disponibilidad":"Disponible"},"schema":{"@context":"https:\/\/schema.org","@graph":[{"@type":"WebPage","@id":"https:\/\/accesstruckparts.com\/product\/mk20-hydraulic-motor\/","url":"https:\/\/accesstruckparts.com\/product\/mk20-hydraulic-motor\/","name":"Compre el motor hidr\u00e1ulico MK20 en l\u00ednea en Access Truck Parts","isPartOf":{"@id":"https:\/\/accesstruckparts.com\/#website"},"primaryImageOfPage":{"@id":"https:\/\/accesstruckparts.com\/product\/mk20-hydraulic-motor\/#primaryimage"},"image":{"@id":"https:\/\/accesstruckparts.com\/product\/mk20-hydraulic-motor\/#primaryimage"},"thumbnailUrl":"https:\/\/accesstruckparts.com\/wp-content\/uploads\/2016\/08\/15-MK20B08DNX_MK20-Hydraulic-Motor_SeeTable.jpg","datePublished":"2016-08-30T15:40:26+00:00","dateModified":"2026-04-19T07:23:01+00:00","description":"Compre el motor hidr\u00e1ulico MK20 con Access Truck Parts. Tenemos los mejores precios del mercado. \u00a1Busque hoy mismo!","breadcrumb":{"@id":"https:\/\/accesstruckparts.com\/product\/mk20-hydraulic-motor\/#breadcrumb"},"inLanguage":"es","potentialAction":[{"@type":"ReadAction","target":["https:\/\/accesstruckparts.com\/product\/mk20-hydraulic-motor\/"]}]},{"@type":"ImageObject","inLanguage":"es","@id":"https:\/\/accesstruckparts.com\/product\/mk20-hydraulic-motor\/#primaryimage","url":"https:\/\/accesstruckparts.com\/wp-content\/uploads\/2016\/08\/15-MK20B08DNX_MK20-Hydraulic-Motor_SeeTable.jpg","contentUrl":"https:\/\/accesstruckparts.com\/wp-content\/uploads\/2016\/08\/15-MK20B08DNX_MK20-Hydraulic-Motor_SeeTable.jpg","width":"1200","height":"1200"},{"@type":"BreadcrumbList","@id":"https:\/\/accesstruckparts.com\/product\/mk20-hydraulic-motor\/#breadcrumb","itemListElement":[{"@type":"ListItem","position":1,"name":"Home","item":"https:\/\/accesstruckparts.com\/"},{"@type":"ListItem","position":2,"name":"Parts","item":"https:\/\/accesstruckparts.com\/parts\/"},{"@type":"ListItem","position":3,"name":"MK20 Hydraulic Motor"}]},{"@type":"WebSite","@id":"https:\/\/accesstruckparts.com\/#website","url":"https:\/\/accesstruckparts.com\/","name":"Piezas de camiones Access","description":"Su soluci\u00f3n \u00fanica de piezas para camiones de agua.","publisher":{"@id":"https:\/\/accesstruckparts.com\/#organization"},"potentialAction":[{"@type":"SearchAction","target":{"@type":"EntryPoint","urlTemplate":"https:\/\/accesstruckparts.com\/?s={search_term_string}"},"query-input":{"@type":"PropertyValueSpecification","valueRequired":true,"valueName":"search_term_string"}}],"inLanguage":"es"},{"@type":"Organization","@id":"https:\/\/accesstruckparts.com\/#organization","name":"Piezas de camiones Access","url":"https:\/\/accesstruckparts.com\/","logo":{"@type":"ImageObject","inLanguage":"es","@id":"https:\/\/accesstruckparts.com\/#\/schema\/logo\/image\/","url":"https:\/\/accesstruckparts.com\/wp-content\/uploads\/2018\/02\/ATP_logo_placeholder_2018.jpg","contentUrl":"https:\/\/accesstruckparts.com\/wp-content\/uploads\/2018\/02\/ATP_logo_placeholder_2018.jpg","width":"500","height":"500","caption":"Access Truck Parts"},"image":{"@id":"https:\/\/accesstruckparts.com\/#\/schema\/logo\/image\/"}}]},"og_availability":"instock","product_availability":"instock","product_retailer_item_id":"15-","product_condition":"new"},"_links":{"self":[{"href":"https:\/\/accesstruckparts.com\/es\/wp-json\/wp\/v2\/product\/8209","targetHints":{"allow":["GET"]}}],"collection":[{"href":"https:\/\/accesstruckparts.com\/es\/wp-json\/wp\/v2\/product"}],"about":[{"href":"https:\/\/accesstruckparts.com\/es\/wp-json\/wp\/v2\/types\/product"}],"wp:featuredmedia":[{"embeddable":true,"href":"https:\/\/accesstruckparts.com\/es\/wp-json\/wp\/v2\/media\/18739"}],"wp:attachment":[{"href":"https:\/\/accesstruckparts.com\/es\/wp-json\/wp\/v2\/media?parent=8209"}],"wp:term":[{"taxonomy":"product_brand","embeddable":true,"href":"https:\/\/accesstruckparts.com\/es\/wp-json\/wp\/v2\/product_brand?post=8209"},{"taxonomy":"product_cat","embeddable":true,"href":"https:\/\/accesstruckparts.com\/es\/wp-json\/wp\/v2\/product_cat?post=8209"},{"taxonomy":"product_tag","embeddable":true,"href":"https:\/\/accesstruckparts.com\/es\/wp-json\/wp\/v2\/product_tag?post=8209"}],"curies":[{"name":"wp","href":"https:\/\/api.w.org\/{rel}","templated":true}]}}