{"id":81542,"date":"2021-03-22T09:49:27","date_gmt":"2021-03-22T16:49:27","guid":{"rendered":"https:\/\/accesstruckparts.com\/?post_type=product&#038;p=81542"},"modified":"2026-04-19T03:40:11","modified_gmt":"2026-04-19T10:40:11","slug":"b4j-sello-de-cuerda-bomba-con-llave-brida-2","status":"publish","type":"product","link":"https:\/\/accesstruckparts.com\/es\/product\/b4j-rope-seal-keyed-pump-cw-flange\/","title":{"rendered":"Bomba de cami\u00f3n cisterna - B4J Sello de cuerda con llave (brida CW)"},"content":{"rendered":"<p>El ATP B4J <strong><em>En el sentido de las agujas del reloj, sello de cuerda<\/em><\/strong> La bomba es de alta presi\u00f3n, con llave, de 5\" x 4\" <strong><em>Con bridas<\/em><\/strong> bomba de agua con un impulsor de 13,5\". Cuando funciona a 2.500 RPM esta bomba es capaz de 1.150 GPM a 208 PSI y se utiliza principalmente en <strong>Fuera de la carretera<\/strong>, equipos de tanques de mina m\u00e1s grandes.<\/p>\n<p class=\"p1\">Esta bomba de agua ATP es una <strong>sustituci\u00f3n directa<\/strong> para una bomba Berkeley B4.<\/p>\n<p>Consulte nuestro <a class=\"productLink\" href=\"https:\/\/accesstruckparts.com\/es\/guia-de-la-bomba-de-agua\/\" target=\"_blank\" rel=\"noopener noreferrer\">Gu\u00eda de la bomba de agua<\/a> para m\u00e1s informaci\u00f3n sobre la rotaci\u00f3n de la bomba, las conexiones y el tipo de sello.<br \/>\n<!-- Event snippet for Pumps remarketing page --><br \/>\n<script>\n  gtag('event', 'conversion', {\n      'send_to': 'AW-11227823096\/hs3zCKLLkeQYEPj36-kp',\n      'value': 1.0,\n      'currency': 'USD',\n      'aw_remarketing_only': true\n  });\n<\/script><br \/>\n<!-- Event snippet for Pumps remarketing page --><br \/>\n<script>\n  gtag('event', 'conversion', {\n      'send_to': 'AW-11227823096\/hs3zCKLLkeQYEPj36-kp',\n      'value': 1.0,\n      'currency': 'USD',\n      'aw_remarketing_only': true\n  });\n<\/script><\/p>","protected":false},"excerpt":{"rendered":"<p>Bomba de agua con sello de brida CW B4JRMBH (B62321)<\/p>","protected":false},"featured_media":81545,"template":"","meta":[],"product_brand":[],"product_cat":[63],"product_tag":[519,193,220,253,240,214,237],"class_list":{"0":"post-81542","1":"product","2":"type-product","3":"status-publish","4":"has-post-thumbnail","6":"product_cat-water-pumps","7":"product_tag-b4jrmbh-es","8":"product_tag-clockwise","9":"product_tag-flanged","10":"product_tag-keyed","11":"product_tag-off-road","12":"product_tag-rope-seal","13":"product_tag-water-pump","15":"first","16":"instock","17":"taxable","18":"shipping-taxable","19":"purchasable","20":"product-type-simple"},"yoast_head":"<!-- This site is optimized with the Yoast SEO Premium plugin v27.4 (Yoast SEO v27.4) - https:\/\/yoast.com\/product\/yoast-seo-premium-wordpress\/ -->\n<title>Buy Water Truck Pump - B4J Rope Seal Keyed (CW Flange) online at Access Truck Parts<\/title>\n<meta name=\"description\" content=\"Shop for Water Truck Pump - B4J Rope Seal Keyed (CW Flange) with Access Truck Parts. We have the best prices on the market. Browse today!\" \/>\n<meta name=\"robots\" content=\"index, follow, max-snippet:-1, max-image-preview:large, max-video-preview:-1\" \/>\n<link rel=\"canonical\" href=\"https:\/\/accesstruckparts.com\/es\/producto\/b4j-sello-de-cuerda-bomba-con-llave-brida-2\/\" \/>\n<meta property=\"og:locale\" content=\"es_MX\" \/>\n<meta property=\"og:type\" content=\"article\" \/>\n<meta property=\"og:title\" content=\"Water Truck Pump - B4J Rope Seal Keyed (CW Flange)\" \/>\n<meta property=\"og:description\" content=\"Shop for Water Truck Pump - B4J Rope Seal Keyed (CW Flange) with Access Truck Parts. We have the best prices on the market. Browse today!\" \/>\n<meta property=\"og:url\" content=\"https:\/\/accesstruckparts.com\/es\/producto\/b4j-sello-de-cuerda-bomba-con-llave-brida-2\/\" \/>\n<meta property=\"og:site_name\" content=\"Access Truck Parts\" \/>\n<meta property=\"article:modified_time\" content=\"2026-04-19T10:40:11+00:00\" \/>\n<meta property=\"og:image\" content=\"https:\/\/accesstruckparts.com\/wp-content\/uploads\/2021\/03\/101-B62321_B4j-Keyed-Shaft-CW-Rope-Seal-1_1200x1200.png\" \/>\n\t<meta property=\"og:image:width\" content=\"1200\" \/>\n\t<meta property=\"og:image:height\" content=\"1200\" \/>\n\t<meta property=\"og:image:type\" content=\"image\/png\" \/>\n<meta name=\"twitter:label1\" content=\"Precio\" \/>\n\t<meta name=\"twitter:data1\" content=\"&#036;4,295.00\" \/>\n\t<meta name=\"twitter:label2\" content=\"Disponibilidad\" \/>\n\t<meta name=\"twitter:data2\" content=\"Disponible\" \/>\n<script type=\"application\/ld+json\" class=\"yoast-schema-graph\">{\"@context\":\"https:\\\/\\\/schema.org\",\"@graph\":[{\"@type\":\"WebPage\",\"@id\":\"https:\\\/\\\/accesstruckparts.com\\\/product\\\/b4j-rope-seal-keyed-pump-cw-flange\\\/\",\"url\":\"https:\\\/\\\/accesstruckparts.com\\\/product\\\/b4j-rope-seal-keyed-pump-cw-flange\\\/\",\"name\":\"Buy Water Truck Pump - B4J Rope Seal Keyed (CW Flange) online at Access Truck Parts\",\"isPartOf\":{\"@id\":\"https:\\\/\\\/accesstruckparts.com\\\/#website\"},\"primaryImageOfPage\":{\"@id\":\"https:\\\/\\\/accesstruckparts.com\\\/product\\\/b4j-rope-seal-keyed-pump-cw-flange\\\/#primaryimage\"},\"image\":{\"@id\":\"https:\\\/\\\/accesstruckparts.com\\\/product\\\/b4j-rope-seal-keyed-pump-cw-flange\\\/#primaryimage\"},\"thumbnailUrl\":\"https:\\\/\\\/accesstruckparts.com\\\/wp-content\\\/uploads\\\/2021\\\/03\\\/101-B62321_B4j-Keyed-Shaft-CW-Rope-Seal-1_1200x1200.png\",\"datePublished\":\"2021-03-22T16:49:27+00:00\",\"dateModified\":\"2026-04-19T10:40:11+00:00\",\"description\":\"Shop for Water Truck Pump - B4J Rope Seal Keyed (CW Flange) with Access Truck Parts. We have the best prices on the market. Browse today!\",\"breadcrumb\":{\"@id\":\"https:\\\/\\\/accesstruckparts.com\\\/product\\\/b4j-rope-seal-keyed-pump-cw-flange\\\/#breadcrumb\"},\"inLanguage\":\"es\",\"potentialAction\":[{\"@type\":\"ReadAction\",\"target\":[\"https:\\\/\\\/accesstruckparts.com\\\/product\\\/b4j-rope-seal-keyed-pump-cw-flange\\\/\"]}]},{\"@type\":\"ImageObject\",\"inLanguage\":\"es\",\"@id\":\"https:\\\/\\\/accesstruckparts.com\\\/product\\\/b4j-rope-seal-keyed-pump-cw-flange\\\/#primaryimage\",\"url\":\"https:\\\/\\\/accesstruckparts.com\\\/wp-content\\\/uploads\\\/2021\\\/03\\\/101-B62321_B4j-Keyed-Shaft-CW-Rope-Seal-1_1200x1200.png\",\"contentUrl\":\"https:\\\/\\\/accesstruckparts.com\\\/wp-content\\\/uploads\\\/2021\\\/03\\\/101-B62321_B4j-Keyed-Shaft-CW-Rope-Seal-1_1200x1200.png\",\"width\":1200,\"height\":1200},{\"@type\":\"BreadcrumbList\",\"@id\":\"https:\\\/\\\/accesstruckparts.com\\\/product\\\/b4j-rope-seal-keyed-pump-cw-flange\\\/#breadcrumb\",\"itemListElement\":[{\"@type\":\"ListItem\",\"position\":1,\"name\":\"Home\",\"item\":\"https:\\\/\\\/accesstruckparts.com\\\/\"},{\"@type\":\"ListItem\",\"position\":2,\"name\":\"Parts\",\"item\":\"https:\\\/\\\/accesstruckparts.com\\\/parts\\\/\"},{\"@type\":\"ListItem\",\"position\":3,\"name\":\"Water Truck Pump - B4J Rope Seal Keyed (CW Flange)\"}]},{\"@type\":\"WebSite\",\"@id\":\"https:\\\/\\\/accesstruckparts.com\\\/#website\",\"url\":\"https:\\\/\\\/accesstruckparts.com\\\/\",\"name\":\"Access Truck Parts\",\"description\":\"Your One Stop Water Truck Parts Solution.\",\"publisher\":{\"@id\":\"https:\\\/\\\/accesstruckparts.com\\\/#organization\"},\"potentialAction\":[{\"@type\":\"SearchAction\",\"target\":{\"@type\":\"EntryPoint\",\"urlTemplate\":\"https:\\\/\\\/accesstruckparts.com\\\/?s={search_term_string}\"},\"query-input\":{\"@type\":\"PropertyValueSpecification\",\"valueRequired\":true,\"valueName\":\"search_term_string\"}}],\"inLanguage\":\"es\"},{\"@type\":\"Organization\",\"@id\":\"https:\\\/\\\/accesstruckparts.com\\\/#organization\",\"name\":\"Access Truck Parts\",\"url\":\"https:\\\/\\\/accesstruckparts.com\\\/\",\"logo\":{\"@type\":\"ImageObject\",\"inLanguage\":\"es\",\"@id\":\"https:\\\/\\\/accesstruckparts.com\\\/#\\\/schema\\\/logo\\\/image\\\/\",\"url\":\"https:\\\/\\\/accesstruckparts.com\\\/wp-content\\\/uploads\\\/2018\\\/02\\\/ATP_logo_placeholder_2018.jpg\",\"contentUrl\":\"https:\\\/\\\/accesstruckparts.com\\\/wp-content\\\/uploads\\\/2018\\\/02\\\/ATP_logo_placeholder_2018.jpg\",\"width\":\"500\",\"height\":\"500\",\"caption\":\"Access Truck Parts\"},\"image\":{\"@id\":\"https:\\\/\\\/accesstruckparts.com\\\/#\\\/schema\\\/logo\\\/image\\\/\"}}]}<\/script>\n<meta property=\"product:price:amount\" content=\"4295.00\" \/>\n<meta property=\"product:price:currency\" content=\"USD\" \/>\n<meta property=\"og:availability\" content=\"instock\" \/>\n<meta property=\"product:availability\" content=\"instock\" \/>\n<meta property=\"product:retailer_item_id\" content=\"101-B62321\" \/>\n<meta property=\"product:condition\" content=\"new\" \/>\n<!-- \/ Yoast SEO Premium plugin. -->","yoast_head_json":{"title":"Comprar Bomba para cami\u00f3n cisterna - B4J Sello de cuerda con llave (brida CW) en l\u00ednea en Access Truck Parts","description":"Compre la bomba para cami\u00f3n cisterna - B4J Sello de cuerda con llave (brida CW) con Access Truck Parts. Tenemos los mejores precios del mercado. \u00a1Navegue hoy mismo!","robots":{"index":"index","follow":"follow","max-snippet":"max-snippet:-1","max-image-preview":"max-image-preview:large","max-video-preview":"max-video-preview:-1"},"canonical":"https:\/\/accesstruckparts.com\/es\/producto\/b4j-sello-de-cuerda-bomba-con-llave-brida-2\/","og_locale":"es_MX","og_type":"article","og_title":"Water Truck Pump - B4J Rope Seal Keyed (CW Flange)","og_description":"Shop for Water Truck Pump - B4J Rope Seal Keyed (CW Flange) with Access Truck Parts. We have the best prices on the market. Browse today!","og_url":"https:\/\/accesstruckparts.com\/es\/producto\/b4j-sello-de-cuerda-bomba-con-llave-brida-2\/","og_site_name":"Access Truck Parts","article_modified_time":"2026-04-19T10:40:11+00:00","og_image":[{"width":1200,"height":1200,"url":"https:\/\/accesstruckparts.com\/wp-content\/uploads\/2021\/03\/101-B62321_B4j-Keyed-Shaft-CW-Rope-Seal-1_1200x1200.png","type":"image\/png"}],"twitter_misc":{"Precio":"&#36;4,295.00","Disponibilidad":"Disponible"},"schema":{"@context":"https:\/\/schema.org","@graph":[{"@type":"WebPage","@id":"https:\/\/accesstruckparts.com\/product\/b4j-rope-seal-keyed-pump-cw-flange\/","url":"https:\/\/accesstruckparts.com\/product\/b4j-rope-seal-keyed-pump-cw-flange\/","name":"Comprar Bomba para cami\u00f3n cisterna - B4J Sello de cuerda con llave (brida CW) en l\u00ednea en Access Truck Parts","isPartOf":{"@id":"https:\/\/accesstruckparts.com\/#website"},"primaryImageOfPage":{"@id":"https:\/\/accesstruckparts.com\/product\/b4j-rope-seal-keyed-pump-cw-flange\/#primaryimage"},"image":{"@id":"https:\/\/accesstruckparts.com\/product\/b4j-rope-seal-keyed-pump-cw-flange\/#primaryimage"},"thumbnailUrl":"https:\/\/accesstruckparts.com\/wp-content\/uploads\/2021\/03\/101-B62321_B4j-Keyed-Shaft-CW-Rope-Seal-1_1200x1200.png","datePublished":"2021-03-22T16:49:27+00:00","dateModified":"2026-04-19T10:40:11+00:00","description":"Compre la bomba para cami\u00f3n cisterna - B4J Sello de cuerda con llave (brida CW) con Access Truck Parts. Tenemos los mejores precios del mercado. \u00a1Navegue hoy mismo!","breadcrumb":{"@id":"https:\/\/accesstruckparts.com\/product\/b4j-rope-seal-keyed-pump-cw-flange\/#breadcrumb"},"inLanguage":"es","potentialAction":[{"@type":"ReadAction","target":["https:\/\/accesstruckparts.com\/product\/b4j-rope-seal-keyed-pump-cw-flange\/"]}]},{"@type":"ImageObject","inLanguage":"es","@id":"https:\/\/accesstruckparts.com\/product\/b4j-rope-seal-keyed-pump-cw-flange\/#primaryimage","url":"https:\/\/accesstruckparts.com\/wp-content\/uploads\/2021\/03\/101-B62321_B4j-Keyed-Shaft-CW-Rope-Seal-1_1200x1200.png","contentUrl":"https:\/\/accesstruckparts.com\/wp-content\/uploads\/2021\/03\/101-B62321_B4j-Keyed-Shaft-CW-Rope-Seal-1_1200x1200.png","width":1200,"height":1200},{"@type":"BreadcrumbList","@id":"https:\/\/accesstruckparts.com\/product\/b4j-rope-seal-keyed-pump-cw-flange\/#breadcrumb","itemListElement":[{"@type":"ListItem","position":1,"name":"Home","item":"https:\/\/accesstruckparts.com\/"},{"@type":"ListItem","position":2,"name":"Parts","item":"https:\/\/accesstruckparts.com\/parts\/"},{"@type":"ListItem","position":3,"name":"Water Truck Pump - B4J Rope Seal Keyed (CW Flange)"}]},{"@type":"WebSite","@id":"https:\/\/accesstruckparts.com\/#website","url":"https:\/\/accesstruckparts.com\/","name":"Piezas de camiones Access","description":"Su soluci\u00f3n \u00fanica de piezas para camiones de agua.","publisher":{"@id":"https:\/\/accesstruckparts.com\/#organization"},"potentialAction":[{"@type":"SearchAction","target":{"@type":"EntryPoint","urlTemplate":"https:\/\/accesstruckparts.com\/?s={search_term_string}"},"query-input":{"@type":"PropertyValueSpecification","valueRequired":true,"valueName":"search_term_string"}}],"inLanguage":"es"},{"@type":"Organization","@id":"https:\/\/accesstruckparts.com\/#organization","name":"Piezas de camiones Access","url":"https:\/\/accesstruckparts.com\/","logo":{"@type":"ImageObject","inLanguage":"es","@id":"https:\/\/accesstruckparts.com\/#\/schema\/logo\/image\/","url":"https:\/\/accesstruckparts.com\/wp-content\/uploads\/2018\/02\/ATP_logo_placeholder_2018.jpg","contentUrl":"https:\/\/accesstruckparts.com\/wp-content\/uploads\/2018\/02\/ATP_logo_placeholder_2018.jpg","width":"500","height":"500","caption":"Access Truck Parts"},"image":{"@id":"https:\/\/accesstruckparts.com\/#\/schema\/logo\/image\/"}}]},"product_price_amount":"4295.00","product_price_currency":"USD","og_availability":"instock","product_availability":"instock","product_retailer_item_id":"101-B62321","product_condition":"new"},"_links":{"self":[{"href":"https:\/\/accesstruckparts.com\/es\/wp-json\/wp\/v2\/product\/81542","targetHints":{"allow":["GET"]}}],"collection":[{"href":"https:\/\/accesstruckparts.com\/es\/wp-json\/wp\/v2\/product"}],"about":[{"href":"https:\/\/accesstruckparts.com\/es\/wp-json\/wp\/v2\/types\/product"}],"wp:featuredmedia":[{"embeddable":true,"href":"https:\/\/accesstruckparts.com\/es\/wp-json\/wp\/v2\/media\/81545"}],"wp:attachment":[{"href":"https:\/\/accesstruckparts.com\/es\/wp-json\/wp\/v2\/media?parent=81542"}],"wp:term":[{"taxonomy":"product_brand","embeddable":true,"href":"https:\/\/accesstruckparts.com\/es\/wp-json\/wp\/v2\/product_brand?post=81542"},{"taxonomy":"product_cat","embeddable":true,"href":"https:\/\/accesstruckparts.com\/es\/wp-json\/wp\/v2\/product_cat?post=81542"},{"taxonomy":"product_tag","embeddable":true,"href":"https:\/\/accesstruckparts.com\/es\/wp-json\/wp\/v2\/product_tag?post=81542"}],"curies":[{"name":"wp","href":"https:\/\/api.w.org\/{rel}","templated":true}]}}