{"id":78471,"date":"2021-01-07T13:01:54","date_gmt":"2021-01-07T20:01:54","guid":{"rendered":"https:\/\/accesstruckparts.com\/?post_type=product&#038;p=78471"},"modified":"2026-04-18T23:22:43","modified_gmt":"2026-04-19T06:22:43","slug":"mech-seal-pump-rebuild-kit-b3z-cw","status":"publish","type":"product","link":"https:\/\/accesstruckparts.com\/es\/product\/mech-seal-pump-rebuild-kit-b3z-cw\/","title":{"rendered":"Kit de reconstrucci\u00f3n de la bomba de sello mec\u00e1nico (B3Z-CW)"},"content":{"rendered":"<p>Con un valor total de venta de m\u00e1s de $500, este Kit de Reconstrucci\u00f3n de la Bomba de Agua con Sello Mec\u00e1nico B3ZRM le ahorra tiempo <strong>y<\/strong> dinero. Incluye todo lo necesario para reconstruir una bomba de agua: impulsor, kit de eje con chaveta, junta mec\u00e1nica, anillo de retenci\u00f3n, tapa del cojinete interior, deflector de agua y junta de voluta. Tambi\u00e9n disponible en <a class=\"productLink\" href=\"https:\/\/accesstruckparts.com\/es\/producto\/mech-seal-pump-rebuild-kit-b3z-ccw\/\">Rotaci\u00f3n en sentido contrario a las agujas del reloj<\/a>.<\/p>\n<p>Ver el <a class=\"productLink\" href=\"#parts-popup\">Desglose de piezas<\/a> para obtener una lista completa de las piezas incluidas en el kit.<\/p>\n<p><a class=\"productLink\" href=\"https:\/\/accesstruckparts.com\/es\/producto\/kit-de-reconstruccion-de-bomba-de-sello-de-cable-b3z-cw\/\">Encuentre la versi\u00f3n del sello de cuerda aqu\u00ed.<\/a><\/p>","protected":false},"excerpt":{"rendered":"<p><span style=\"color:#1B67A9; font-size:20px;\"><strong>ESPECIAL - \u00a1Ahorre m\u00e1s de $180 en su pr\u00f3xima reconstrucci\u00f3n de la bomba!<\/strong><\/span><\/p>","protected":false},"featured_media":78533,"template":"","meta":[],"product_brand":[],"product_cat":[83],"product_tag":[243,193,253,212,265,296],"class_list":{"0":"post-78471","1":"product","2":"type-product","3":"status-publish","4":"has-post-thumbnail","6":"product_cat-water-pump-parts","7":"product_tag-b3zrms","8":"product_tag-clockwise","9":"product_tag-keyed","10":"product_tag-mechanical-seal","11":"product_tag-pto","12":"product_tag-rebuild-kit","14":"first","15":"instock","16":"featured","17":"taxable","18":"shipping-taxable","19":"purchasable","20":"product-type-simple"},"yoast_head":"<!-- This site is optimized with the Yoast SEO Premium plugin v27.4 (Yoast SEO v27.4) - https:\/\/yoast.com\/product\/yoast-seo-premium-wordpress\/ -->\n<title>Buy Mech Seal Pump Rebuild Kit (B3Z-CW) online at Access Truck Parts<\/title>\n<meta name=\"description\" content=\"Shop for Mech Seal Pump Rebuild Kit (B3Z-CW) with Access Truck Parts. We have the best prices on the market. Browse today!\" \/>\n<meta name=\"robots\" content=\"index, follow, max-snippet:-1, max-image-preview:large, max-video-preview:-1\" \/>\n<link rel=\"canonical\" href=\"https:\/\/accesstruckparts.com\/es\/producto\/mech-seal-pump-rebuild-kit-b3z-cw\/\" \/>\n<meta property=\"og:locale\" content=\"es_MX\" \/>\n<meta property=\"og:type\" content=\"article\" \/>\n<meta property=\"og:title\" content=\"Mech Seal Pump Rebuild Kit (B3Z-CW)\" \/>\n<meta property=\"og:description\" content=\"Shop for Mech Seal Pump Rebuild Kit (B3Z-CW) with Access Truck Parts. We have the best prices on the market. Browse today!\" \/>\n<meta property=\"og:url\" content=\"https:\/\/accesstruckparts.com\/es\/producto\/mech-seal-pump-rebuild-kit-b3z-cw\/\" \/>\n<meta property=\"og:site_name\" content=\"Access Truck Parts\" \/>\n<meta property=\"article:modified_time\" content=\"2026-04-19T06:22:43+00:00\" \/>\n<meta property=\"og:image\" content=\"https:\/\/accesstruckparts.com\/wp-content\/uploads\/2017\/06\/1011-MS0_Mechanical-Pump-Rebuild-Kit-CW-Arrows_1200x1200.jpg\" \/>\n\t<meta property=\"og:image:width\" content=\"1200\" \/>\n\t<meta property=\"og:image:height\" content=\"1200\" \/>\n\t<meta property=\"og:image:type\" content=\"image\/jpeg\" \/>\n<meta name=\"twitter:label1\" content=\"Precio\" \/>\n\t<meta name=\"twitter:data1\" content=\"&#036;395.00\" \/>\n\t<meta name=\"twitter:label2\" content=\"Disponibilidad\" \/>\n\t<meta name=\"twitter:data2\" content=\"Disponible\" \/>\n<script type=\"application\/ld+json\" class=\"yoast-schema-graph\">{\"@context\":\"https:\\\/\\\/schema.org\",\"@graph\":[{\"@type\":\"WebPage\",\"@id\":\"https:\\\/\\\/accesstruckparts.com\\\/product\\\/mech-seal-pump-rebuild-kit-b3z-cw\\\/\",\"url\":\"https:\\\/\\\/accesstruckparts.com\\\/product\\\/mech-seal-pump-rebuild-kit-b3z-cw\\\/\",\"name\":\"Buy Mech Seal Pump Rebuild Kit (B3Z-CW) online at Access Truck Parts\",\"isPartOf\":{\"@id\":\"https:\\\/\\\/accesstruckparts.com\\\/#website\"},\"primaryImageOfPage\":{\"@id\":\"https:\\\/\\\/accesstruckparts.com\\\/product\\\/mech-seal-pump-rebuild-kit-b3z-cw\\\/#primaryimage\"},\"image\":{\"@id\":\"https:\\\/\\\/accesstruckparts.com\\\/product\\\/mech-seal-pump-rebuild-kit-b3z-cw\\\/#primaryimage\"},\"thumbnailUrl\":\"https:\\\/\\\/accesstruckparts.com\\\/wp-content\\\/uploads\\\/2017\\\/06\\\/1011-MS0_Mechanical-Pump-Rebuild-Kit-CW-Arrows_1200x1200.jpg\",\"datePublished\":\"2021-01-07T20:01:54+00:00\",\"dateModified\":\"2026-04-19T06:22:43+00:00\",\"description\":\"Shop for Mech Seal Pump Rebuild Kit (B3Z-CW) with Access Truck Parts. We have the best prices on the market. Browse today!\",\"breadcrumb\":{\"@id\":\"https:\\\/\\\/accesstruckparts.com\\\/product\\\/mech-seal-pump-rebuild-kit-b3z-cw\\\/#breadcrumb\"},\"inLanguage\":\"es\",\"potentialAction\":[{\"@type\":\"ReadAction\",\"target\":[\"https:\\\/\\\/accesstruckparts.com\\\/product\\\/mech-seal-pump-rebuild-kit-b3z-cw\\\/\"]}]},{\"@type\":\"ImageObject\",\"inLanguage\":\"es\",\"@id\":\"https:\\\/\\\/accesstruckparts.com\\\/product\\\/mech-seal-pump-rebuild-kit-b3z-cw\\\/#primaryimage\",\"url\":\"https:\\\/\\\/accesstruckparts.com\\\/wp-content\\\/uploads\\\/2017\\\/06\\\/1011-MS0_Mechanical-Pump-Rebuild-Kit-CW-Arrows_1200x1200.jpg\",\"contentUrl\":\"https:\\\/\\\/accesstruckparts.com\\\/wp-content\\\/uploads\\\/2017\\\/06\\\/1011-MS0_Mechanical-Pump-Rebuild-Kit-CW-Arrows_1200x1200.jpg\",\"width\":1200,\"height\":1200},{\"@type\":\"BreadcrumbList\",\"@id\":\"https:\\\/\\\/accesstruckparts.com\\\/product\\\/mech-seal-pump-rebuild-kit-b3z-cw\\\/#breadcrumb\",\"itemListElement\":[{\"@type\":\"ListItem\",\"position\":1,\"name\":\"Home\",\"item\":\"https:\\\/\\\/accesstruckparts.com\\\/\"},{\"@type\":\"ListItem\",\"position\":2,\"name\":\"Parts\",\"item\":\"https:\\\/\\\/accesstruckparts.com\\\/parts\\\/\"},{\"@type\":\"ListItem\",\"position\":3,\"name\":\"Mech Seal Pump Rebuild Kit (B3Z-CW)\"}]},{\"@type\":\"WebSite\",\"@id\":\"https:\\\/\\\/accesstruckparts.com\\\/#website\",\"url\":\"https:\\\/\\\/accesstruckparts.com\\\/\",\"name\":\"Access Truck Parts\",\"description\":\"Your One Stop Water Truck Parts Solution.\",\"publisher\":{\"@id\":\"https:\\\/\\\/accesstruckparts.com\\\/#organization\"},\"potentialAction\":[{\"@type\":\"SearchAction\",\"target\":{\"@type\":\"EntryPoint\",\"urlTemplate\":\"https:\\\/\\\/accesstruckparts.com\\\/?s={search_term_string}\"},\"query-input\":{\"@type\":\"PropertyValueSpecification\",\"valueRequired\":true,\"valueName\":\"search_term_string\"}}],\"inLanguage\":\"es\"},{\"@type\":\"Organization\",\"@id\":\"https:\\\/\\\/accesstruckparts.com\\\/#organization\",\"name\":\"Access Truck Parts\",\"url\":\"https:\\\/\\\/accesstruckparts.com\\\/\",\"logo\":{\"@type\":\"ImageObject\",\"inLanguage\":\"es\",\"@id\":\"https:\\\/\\\/accesstruckparts.com\\\/#\\\/schema\\\/logo\\\/image\\\/\",\"url\":\"https:\\\/\\\/accesstruckparts.com\\\/wp-content\\\/uploads\\\/2018\\\/02\\\/ATP_logo_placeholder_2018.jpg\",\"contentUrl\":\"https:\\\/\\\/accesstruckparts.com\\\/wp-content\\\/uploads\\\/2018\\\/02\\\/ATP_logo_placeholder_2018.jpg\",\"width\":\"500\",\"height\":\"500\",\"caption\":\"Access Truck Parts\"},\"image\":{\"@id\":\"https:\\\/\\\/accesstruckparts.com\\\/#\\\/schema\\\/logo\\\/image\\\/\"}}]}<\/script>\n<meta property=\"product:price:amount\" content=\"395.00\" \/>\n<meta property=\"product:price:currency\" content=\"USD\" \/>\n<meta property=\"og:availability\" content=\"instock\" \/>\n<meta property=\"product:availability\" content=\"instock\" \/>\n<meta property=\"product:retailer_item_id\" content=\"1011-MS0\" \/>\n<meta property=\"product:condition\" content=\"new\" \/>\n<!-- \/ Yoast SEO Premium plugin. -->","yoast_head_json":{"title":"Compre el kit de reconstrucci\u00f3n de la bomba de sello Mech (B3Z-CW) en l\u00ednea en Access Truck Parts","description":"Compre el Kit de Reconstrucci\u00f3n de la Bomba de Sello Mec\u00e1nico (B3Z-CW) con Access Truck Parts. Tenemos los mejores precios del mercado. \u00a1Busque hoy mismo!","robots":{"index":"index","follow":"follow","max-snippet":"max-snippet:-1","max-image-preview":"max-image-preview:large","max-video-preview":"max-video-preview:-1"},"canonical":"https:\/\/accesstruckparts.com\/es\/producto\/mech-seal-pump-rebuild-kit-b3z-cw\/","og_locale":"es_MX","og_type":"article","og_title":"Mech Seal Pump Rebuild Kit (B3Z-CW)","og_description":"Shop for Mech Seal Pump Rebuild Kit (B3Z-CW) with Access Truck Parts. We have the best prices on the market. Browse today!","og_url":"https:\/\/accesstruckparts.com\/es\/producto\/mech-seal-pump-rebuild-kit-b3z-cw\/","og_site_name":"Access Truck Parts","article_modified_time":"2026-04-19T06:22:43+00:00","og_image":[{"width":1200,"height":1200,"url":"https:\/\/accesstruckparts.com\/wp-content\/uploads\/2017\/06\/1011-MS0_Mechanical-Pump-Rebuild-Kit-CW-Arrows_1200x1200.jpg","type":"image\/jpeg"}],"twitter_misc":{"Precio":"&#36;395.00","Disponibilidad":"Disponible"},"schema":{"@context":"https:\/\/schema.org","@graph":[{"@type":"WebPage","@id":"https:\/\/accesstruckparts.com\/product\/mech-seal-pump-rebuild-kit-b3z-cw\/","url":"https:\/\/accesstruckparts.com\/product\/mech-seal-pump-rebuild-kit-b3z-cw\/","name":"Compre el kit de reconstrucci\u00f3n de la bomba de sello Mech (B3Z-CW) en l\u00ednea en Access Truck Parts","isPartOf":{"@id":"https:\/\/accesstruckparts.com\/#website"},"primaryImageOfPage":{"@id":"https:\/\/accesstruckparts.com\/product\/mech-seal-pump-rebuild-kit-b3z-cw\/#primaryimage"},"image":{"@id":"https:\/\/accesstruckparts.com\/product\/mech-seal-pump-rebuild-kit-b3z-cw\/#primaryimage"},"thumbnailUrl":"https:\/\/accesstruckparts.com\/wp-content\/uploads\/2017\/06\/1011-MS0_Mechanical-Pump-Rebuild-Kit-CW-Arrows_1200x1200.jpg","datePublished":"2021-01-07T20:01:54+00:00","dateModified":"2026-04-19T06:22:43+00:00","description":"Compre el Kit de Reconstrucci\u00f3n de la Bomba de Sello Mec\u00e1nico (B3Z-CW) con Access Truck Parts. Tenemos los mejores precios del mercado. \u00a1Busque hoy mismo!","breadcrumb":{"@id":"https:\/\/accesstruckparts.com\/product\/mech-seal-pump-rebuild-kit-b3z-cw\/#breadcrumb"},"inLanguage":"es","potentialAction":[{"@type":"ReadAction","target":["https:\/\/accesstruckparts.com\/product\/mech-seal-pump-rebuild-kit-b3z-cw\/"]}]},{"@type":"ImageObject","inLanguage":"es","@id":"https:\/\/accesstruckparts.com\/product\/mech-seal-pump-rebuild-kit-b3z-cw\/#primaryimage","url":"https:\/\/accesstruckparts.com\/wp-content\/uploads\/2017\/06\/1011-MS0_Mechanical-Pump-Rebuild-Kit-CW-Arrows_1200x1200.jpg","contentUrl":"https:\/\/accesstruckparts.com\/wp-content\/uploads\/2017\/06\/1011-MS0_Mechanical-Pump-Rebuild-Kit-CW-Arrows_1200x1200.jpg","width":1200,"height":1200},{"@type":"BreadcrumbList","@id":"https:\/\/accesstruckparts.com\/product\/mech-seal-pump-rebuild-kit-b3z-cw\/#breadcrumb","itemListElement":[{"@type":"ListItem","position":1,"name":"Home","item":"https:\/\/accesstruckparts.com\/"},{"@type":"ListItem","position":2,"name":"Parts","item":"https:\/\/accesstruckparts.com\/parts\/"},{"@type":"ListItem","position":3,"name":"Mech Seal Pump Rebuild Kit (B3Z-CW)"}]},{"@type":"WebSite","@id":"https:\/\/accesstruckparts.com\/#website","url":"https:\/\/accesstruckparts.com\/","name":"Piezas de camiones Access","description":"Su soluci\u00f3n \u00fanica de piezas para camiones de agua.","publisher":{"@id":"https:\/\/accesstruckparts.com\/#organization"},"potentialAction":[{"@type":"SearchAction","target":{"@type":"EntryPoint","urlTemplate":"https:\/\/accesstruckparts.com\/?s={search_term_string}"},"query-input":{"@type":"PropertyValueSpecification","valueRequired":true,"valueName":"search_term_string"}}],"inLanguage":"es"},{"@type":"Organization","@id":"https:\/\/accesstruckparts.com\/#organization","name":"Piezas de camiones Access","url":"https:\/\/accesstruckparts.com\/","logo":{"@type":"ImageObject","inLanguage":"es","@id":"https:\/\/accesstruckparts.com\/#\/schema\/logo\/image\/","url":"https:\/\/accesstruckparts.com\/wp-content\/uploads\/2018\/02\/ATP_logo_placeholder_2018.jpg","contentUrl":"https:\/\/accesstruckparts.com\/wp-content\/uploads\/2018\/02\/ATP_logo_placeholder_2018.jpg","width":"500","height":"500","caption":"Access Truck Parts"},"image":{"@id":"https:\/\/accesstruckparts.com\/#\/schema\/logo\/image\/"}}]},"product_price_amount":"395.00","product_price_currency":"USD","og_availability":"instock","product_availability":"instock","product_retailer_item_id":"1011-MS0","product_condition":"new"},"_links":{"self":[{"href":"https:\/\/accesstruckparts.com\/es\/wp-json\/wp\/v2\/product\/78471","targetHints":{"allow":["GET"]}}],"collection":[{"href":"https:\/\/accesstruckparts.com\/es\/wp-json\/wp\/v2\/product"}],"about":[{"href":"https:\/\/accesstruckparts.com\/es\/wp-json\/wp\/v2\/types\/product"}],"wp:featuredmedia":[{"embeddable":true,"href":"https:\/\/accesstruckparts.com\/es\/wp-json\/wp\/v2\/media\/78533"}],"wp:attachment":[{"href":"https:\/\/accesstruckparts.com\/es\/wp-json\/wp\/v2\/media?parent=78471"}],"wp:term":[{"taxonomy":"product_brand","embeddable":true,"href":"https:\/\/accesstruckparts.com\/es\/wp-json\/wp\/v2\/product_brand?post=78471"},{"taxonomy":"product_cat","embeddable":true,"href":"https:\/\/accesstruckparts.com\/es\/wp-json\/wp\/v2\/product_cat?post=78471"},{"taxonomy":"product_tag","embeddable":true,"href":"https:\/\/accesstruckparts.com\/es\/wp-json\/wp\/v2\/product_tag?post=78471"}],"curies":[{"name":"wp","href":"https:\/\/api.w.org\/{rel}","templated":true}]}}