{"id":7797,"date":"2016-08-09T08:28:33","date_gmt":"2016-08-09T15:28:33","guid":{"rendered":"https:\/\/accesstruckparts.com\/?post_type=product&#038;p=7797"},"modified":"2026-04-03T17:09:46","modified_gmt":"2026-04-04T00:09:46","slug":"diafragma-valvula-montaje-deflector","status":"publish","type":"product","link":"https:\/\/accesstruckparts.com\/es\/product\/diaphragm-valve-assembly-deflector\/","title":{"rendered":"Kit de v\u00e1lvula en l\u00ednea (deflector)"},"content":{"rendered":"<p>Kit de v\u00e1lvula de diafragma aire-cierre de 3\u2033 con cabezal rociador deflector. <\/p>\n<p>Consulte nuestro <a class=\"productLink\" href=\"#parts-popup\">DESGLOSE DE PIEZAS<\/a> para obtener una lista completa de los art\u00edculos incluidos en el kit.<\/p>","protected":false},"excerpt":{"rendered":"<p>Conjunto de v\u00e1lvula de diafragma con cabezal rociador deflector<\/p>","protected":false},"featured_media":54378,"template":"","meta":[],"product_brand":[],"product_cat":[102],"product_tag":[189,321,203,343],"class_list":{"0":"post-7797","1":"product","2":"type-product","3":"status-publish","4":"has-post-thumbnail","6":"product_cat-spray-head-kits","7":"product_tag-3-inch","8":"product_tag-air-to-close","9":"product_tag-spray-head","10":"product_tag-valve-assembly","12":"first","13":"instock","14":"taxable","15":"shipping-taxable","16":"product-type-variable"},"yoast_head":"<!-- This site is optimized with the Yoast SEO Premium plugin v27.3 (Yoast SEO v27.3) - https:\/\/yoast.com\/product\/yoast-seo-premium-wordpress\/ -->\n<title>Buy Inline Valve Kit (Deflector) online at Access Truck Parts<\/title>\n<meta name=\"description\" content=\"Shop for Inline Valve Kit (Deflector) with Access Truck Parts. We have the best prices on the market. Browse today!\" \/>\n<meta name=\"robots\" content=\"index, follow, max-snippet:-1, max-image-preview:large, max-video-preview:-1\" \/>\n<link rel=\"canonical\" href=\"https:\/\/accesstruckparts.com\/es\/producto\/diafragma-valvula-montaje-deflector\/\" \/>\n<meta property=\"og:locale\" content=\"es_MX\" \/>\n<meta property=\"og:type\" content=\"article\" \/>\n<meta property=\"og:title\" content=\"Inline Valve Kit (Deflector)\" \/>\n<meta property=\"og:description\" content=\"Shop for Inline Valve Kit (Deflector) with Access Truck Parts. We have the best prices on the market. Browse today!\" \/>\n<meta property=\"og:url\" content=\"https:\/\/accesstruckparts.com\/es\/producto\/diafragma-valvula-montaje-deflector\/\" \/>\n<meta property=\"og:site_name\" content=\"Access Truck Parts\" \/>\n<meta property=\"article:modified_time\" content=\"2026-04-04T00:09:46+00:00\" \/>\n<meta property=\"og:image\" content=\"https:\/\/accesstruckparts.com\/wp-content\/uploads\/2016\/08\/1721A-211-_Diaphragm-Valve-Assembly-Deflector-Spray-Head_1200x1200-sRGB-1.png\" \/>\n\t<meta property=\"og:image:width\" content=\"1200\" \/>\n\t<meta property=\"og:image:height\" content=\"1200\" \/>\n\t<meta property=\"og:image:type\" content=\"image\/png\" \/>\n<meta name=\"twitter:label1\" content=\"Disponibilidad\" \/>\n\t<meta name=\"twitter:data1\" content=\"Disponible\" \/>\n<script type=\"application\/ld+json\" class=\"yoast-schema-graph\">{\"@context\":\"https:\\\/\\\/schema.org\",\"@graph\":[{\"@type\":\"WebPage\",\"@id\":\"https:\\\/\\\/accesstruckparts.com\\\/product\\\/diaphragm-valve-assembly-deflector\\\/\",\"url\":\"https:\\\/\\\/accesstruckparts.com\\\/product\\\/diaphragm-valve-assembly-deflector\\\/\",\"name\":\"Buy Inline Valve Kit (Deflector) online at Access Truck Parts\",\"isPartOf\":{\"@id\":\"https:\\\/\\\/accesstruckparts.com\\\/#website\"},\"primaryImageOfPage\":{\"@id\":\"https:\\\/\\\/accesstruckparts.com\\\/product\\\/diaphragm-valve-assembly-deflector\\\/#primaryimage\"},\"image\":{\"@id\":\"https:\\\/\\\/accesstruckparts.com\\\/product\\\/diaphragm-valve-assembly-deflector\\\/#primaryimage\"},\"thumbnailUrl\":\"https:\\\/\\\/accesstruckparts.com\\\/wp-content\\\/uploads\\\/2016\\\/08\\\/1721A-211-_Diaphragm-Valve-Assembly-Deflector-Spray-Head_1200x1200-sRGB-1.png\",\"datePublished\":\"2016-08-09T15:28:33+00:00\",\"dateModified\":\"2026-04-04T00:09:46+00:00\",\"description\":\"Shop for Inline Valve Kit (Deflector) with Access Truck Parts. We have the best prices on the market. Browse today!\",\"breadcrumb\":{\"@id\":\"https:\\\/\\\/accesstruckparts.com\\\/product\\\/diaphragm-valve-assembly-deflector\\\/#breadcrumb\"},\"inLanguage\":\"es\",\"potentialAction\":[{\"@type\":\"ReadAction\",\"target\":[\"https:\\\/\\\/accesstruckparts.com\\\/product\\\/diaphragm-valve-assembly-deflector\\\/\"]}]},{\"@type\":\"ImageObject\",\"inLanguage\":\"es\",\"@id\":\"https:\\\/\\\/accesstruckparts.com\\\/product\\\/diaphragm-valve-assembly-deflector\\\/#primaryimage\",\"url\":\"https:\\\/\\\/accesstruckparts.com\\\/wp-content\\\/uploads\\\/2016\\\/08\\\/1721A-211-_Diaphragm-Valve-Assembly-Deflector-Spray-Head_1200x1200-sRGB-1.png\",\"contentUrl\":\"https:\\\/\\\/accesstruckparts.com\\\/wp-content\\\/uploads\\\/2016\\\/08\\\/1721A-211-_Diaphragm-Valve-Assembly-Deflector-Spray-Head_1200x1200-sRGB-1.png\",\"width\":1200,\"height\":1200},{\"@type\":\"BreadcrumbList\",\"@id\":\"https:\\\/\\\/accesstruckparts.com\\\/product\\\/diaphragm-valve-assembly-deflector\\\/#breadcrumb\",\"itemListElement\":[{\"@type\":\"ListItem\",\"position\":1,\"name\":\"Home\",\"item\":\"https:\\\/\\\/accesstruckparts.com\\\/\"},{\"@type\":\"ListItem\",\"position\":2,\"name\":\"Parts\",\"item\":\"https:\\\/\\\/accesstruckparts.com\\\/parts\\\/\"},{\"@type\":\"ListItem\",\"position\":3,\"name\":\"Inline Valve Kit (Deflector)\"}]},{\"@type\":\"WebSite\",\"@id\":\"https:\\\/\\\/accesstruckparts.com\\\/#website\",\"url\":\"https:\\\/\\\/accesstruckparts.com\\\/\",\"name\":\"Access Truck Parts\",\"description\":\"Your One Stop Water Truck Parts Solution.\",\"publisher\":{\"@id\":\"https:\\\/\\\/accesstruckparts.com\\\/#organization\"},\"potentialAction\":[{\"@type\":\"SearchAction\",\"target\":{\"@type\":\"EntryPoint\",\"urlTemplate\":\"https:\\\/\\\/accesstruckparts.com\\\/?s={search_term_string}\"},\"query-input\":{\"@type\":\"PropertyValueSpecification\",\"valueRequired\":true,\"valueName\":\"search_term_string\"}}],\"inLanguage\":\"es\"},{\"@type\":\"Organization\",\"@id\":\"https:\\\/\\\/accesstruckparts.com\\\/#organization\",\"name\":\"Access Truck Parts\",\"url\":\"https:\\\/\\\/accesstruckparts.com\\\/\",\"logo\":{\"@type\":\"ImageObject\",\"inLanguage\":\"es\",\"@id\":\"https:\\\/\\\/accesstruckparts.com\\\/#\\\/schema\\\/logo\\\/image\\\/\",\"url\":\"https:\\\/\\\/accesstruckparts.com\\\/wp-content\\\/uploads\\\/2018\\\/02\\\/ATP_logo_placeholder_2018.jpg\",\"contentUrl\":\"https:\\\/\\\/accesstruckparts.com\\\/wp-content\\\/uploads\\\/2018\\\/02\\\/ATP_logo_placeholder_2018.jpg\",\"width\":\"500\",\"height\":\"500\",\"caption\":\"Access Truck Parts\"},\"image\":{\"@id\":\"https:\\\/\\\/accesstruckparts.com\\\/#\\\/schema\\\/logo\\\/image\\\/\"}}]}<\/script>\n<meta property=\"og:availability\" content=\"instock\" \/>\n<meta property=\"product:availability\" content=\"instock\" \/>\n<meta property=\"product:retailer_item_id\" content=\"1721A-\" \/>\n<meta property=\"product:condition\" content=\"new\" \/>\n<!-- \/ Yoast SEO Premium plugin. -->","yoast_head_json":{"title":"Compre el kit de v\u00e1lvula en l\u00ednea (deflector) en l\u00ednea en Access Truck Parts","description":"Compre el kit de v\u00e1lvula en l\u00ednea (deflector) con Access Truck Parts. Tenemos los mejores precios del mercado. \u00a1Busque hoy mismo!","robots":{"index":"index","follow":"follow","max-snippet":"max-snippet:-1","max-image-preview":"max-image-preview:large","max-video-preview":"max-video-preview:-1"},"canonical":"https:\/\/accesstruckparts.com\/es\/producto\/diafragma-valvula-montaje-deflector\/","og_locale":"es_MX","og_type":"article","og_title":"Inline Valve Kit (Deflector)","og_description":"Shop for Inline Valve Kit (Deflector) with Access Truck Parts. We have the best prices on the market. Browse today!","og_url":"https:\/\/accesstruckparts.com\/es\/producto\/diafragma-valvula-montaje-deflector\/","og_site_name":"Access Truck Parts","article_modified_time":"2026-04-04T00:09:46+00:00","og_image":[{"width":1200,"height":1200,"url":"https:\/\/accesstruckparts.com\/wp-content\/uploads\/2016\/08\/1721A-211-_Diaphragm-Valve-Assembly-Deflector-Spray-Head_1200x1200-sRGB-1.png","type":"image\/png"}],"twitter_misc":{"Disponibilidad":"Disponible"},"schema":{"@context":"https:\/\/schema.org","@graph":[{"@type":"WebPage","@id":"https:\/\/accesstruckparts.com\/product\/diaphragm-valve-assembly-deflector\/","url":"https:\/\/accesstruckparts.com\/product\/diaphragm-valve-assembly-deflector\/","name":"Compre el kit de v\u00e1lvula en l\u00ednea (deflector) en l\u00ednea en Access Truck Parts","isPartOf":{"@id":"https:\/\/accesstruckparts.com\/#website"},"primaryImageOfPage":{"@id":"https:\/\/accesstruckparts.com\/product\/diaphragm-valve-assembly-deflector\/#primaryimage"},"image":{"@id":"https:\/\/accesstruckparts.com\/product\/diaphragm-valve-assembly-deflector\/#primaryimage"},"thumbnailUrl":"https:\/\/accesstruckparts.com\/wp-content\/uploads\/2016\/08\/1721A-211-_Diaphragm-Valve-Assembly-Deflector-Spray-Head_1200x1200-sRGB-1.png","datePublished":"2016-08-09T15:28:33+00:00","dateModified":"2026-04-04T00:09:46+00:00","description":"Compre el kit de v\u00e1lvula en l\u00ednea (deflector) con Access Truck Parts. Tenemos los mejores precios del mercado. \u00a1Busque hoy mismo!","breadcrumb":{"@id":"https:\/\/accesstruckparts.com\/product\/diaphragm-valve-assembly-deflector\/#breadcrumb"},"inLanguage":"es","potentialAction":[{"@type":"ReadAction","target":["https:\/\/accesstruckparts.com\/product\/diaphragm-valve-assembly-deflector\/"]}]},{"@type":"ImageObject","inLanguage":"es","@id":"https:\/\/accesstruckparts.com\/product\/diaphragm-valve-assembly-deflector\/#primaryimage","url":"https:\/\/accesstruckparts.com\/wp-content\/uploads\/2016\/08\/1721A-211-_Diaphragm-Valve-Assembly-Deflector-Spray-Head_1200x1200-sRGB-1.png","contentUrl":"https:\/\/accesstruckparts.com\/wp-content\/uploads\/2016\/08\/1721A-211-_Diaphragm-Valve-Assembly-Deflector-Spray-Head_1200x1200-sRGB-1.png","width":1200,"height":1200},{"@type":"BreadcrumbList","@id":"https:\/\/accesstruckparts.com\/product\/diaphragm-valve-assembly-deflector\/#breadcrumb","itemListElement":[{"@type":"ListItem","position":1,"name":"Home","item":"https:\/\/accesstruckparts.com\/"},{"@type":"ListItem","position":2,"name":"Parts","item":"https:\/\/accesstruckparts.com\/parts\/"},{"@type":"ListItem","position":3,"name":"Inline Valve Kit (Deflector)"}]},{"@type":"WebSite","@id":"https:\/\/accesstruckparts.com\/#website","url":"https:\/\/accesstruckparts.com\/","name":"Piezas de camiones Access","description":"Su soluci\u00f3n \u00fanica de piezas para camiones de agua.","publisher":{"@id":"https:\/\/accesstruckparts.com\/#organization"},"potentialAction":[{"@type":"SearchAction","target":{"@type":"EntryPoint","urlTemplate":"https:\/\/accesstruckparts.com\/?s={search_term_string}"},"query-input":{"@type":"PropertyValueSpecification","valueRequired":true,"valueName":"search_term_string"}}],"inLanguage":"es"},{"@type":"Organization","@id":"https:\/\/accesstruckparts.com\/#organization","name":"Piezas de camiones Access","url":"https:\/\/accesstruckparts.com\/","logo":{"@type":"ImageObject","inLanguage":"es","@id":"https:\/\/accesstruckparts.com\/#\/schema\/logo\/image\/","url":"https:\/\/accesstruckparts.com\/wp-content\/uploads\/2018\/02\/ATP_logo_placeholder_2018.jpg","contentUrl":"https:\/\/accesstruckparts.com\/wp-content\/uploads\/2018\/02\/ATP_logo_placeholder_2018.jpg","width":"500","height":"500","caption":"Access Truck Parts"},"image":{"@id":"https:\/\/accesstruckparts.com\/#\/schema\/logo\/image\/"}}]},"og_availability":"instock","product_availability":"instock","product_retailer_item_id":"1721A-","product_condition":"new"},"_links":{"self":[{"href":"https:\/\/accesstruckparts.com\/es\/wp-json\/wp\/v2\/product\/7797","targetHints":{"allow":["GET"]}}],"collection":[{"href":"https:\/\/accesstruckparts.com\/es\/wp-json\/wp\/v2\/product"}],"about":[{"href":"https:\/\/accesstruckparts.com\/es\/wp-json\/wp\/v2\/types\/product"}],"wp:featuredmedia":[{"embeddable":true,"href":"https:\/\/accesstruckparts.com\/es\/wp-json\/wp\/v2\/media\/54378"}],"wp:attachment":[{"href":"https:\/\/accesstruckparts.com\/es\/wp-json\/wp\/v2\/media?parent=7797"}],"wp:term":[{"taxonomy":"product_brand","embeddable":true,"href":"https:\/\/accesstruckparts.com\/es\/wp-json\/wp\/v2\/product_brand?post=7797"},{"taxonomy":"product_cat","embeddable":true,"href":"https:\/\/accesstruckparts.com\/es\/wp-json\/wp\/v2\/product_cat?post=7797"},{"taxonomy":"product_tag","embeddable":true,"href":"https:\/\/accesstruckparts.com\/es\/wp-json\/wp\/v2\/product_tag?post=7797"}],"curies":[{"name":"wp","href":"https:\/\/api.w.org\/{rel}","templated":true}]}}