{"id":72116,"date":"2020-08-10T10:05:17","date_gmt":"2020-08-10T17:05:17","guid":{"rendered":"https:\/\/accesstruckparts.com\/?post_type=product&#038;p=72116"},"modified":"2026-04-19T12:52:19","modified_gmt":"2026-04-19T19:52:19","slug":"acoplamiento-de-ranura-de-empuje-sin-flexion","status":"publish","type":"product","link":"https:\/\/accesstruckparts.com\/es\/product\/no-flex-push-on-groove-coupling\/","title":{"rendered":"Acoplamiento Push-On sin ranura flexible"},"content":{"rendered":"<p><iframe class=\"youtube-video\" title=\"Reproductor de v\u00eddeo de YouTube\" src=\"https:\/\/www.youtube.com\/embed\/fQmEP-0jLWg?si=-ac6uIspQZd-nDRZ\" frameborder=\"0\" allowfullscreen=\"allowfullscreen\"><span data-mce-type=\"bookmark\" style=\"display: inline-block; width: 0px; overflow: hidden; line-height: 0;\" class=\"mce_SELRES_start\"><\/span><\/iframe><\/p>\n<p>Nuestros acoplamientos ranurados \"Push-On\" sin flexi\u00f3n est\u00e1n dise\u00f1ados para ofrecer eficacia, durabilidad y facilidad. Construidos con acero negro para un rendimiento duradero, estos acoplamientos incorporan una junta estriada que permite una r\u00e1pida instalaci\u00f3n y retirada de las tuber\u00edas ranuradas en cuesti\u00f3n de segundos, sin necesidad de desmontar todo el acoplamiento. Con una presi\u00f3n nominal de 20 BAR (300 PSI), est\u00e1n dise\u00f1ados para soportar instalaciones de fontaner\u00eda exigentes.<\/p>\n<p>Este dise\u00f1o \"Push-On\" no s\u00f3lo ahorra un tiempo valioso, sino que tambi\u00e9n minimiza el riesgo de perder piezas peque\u00f1as durante el montaje o el mantenimiento. Una ventaja clave de este estilo es su excepcional rendimiento en instalaciones de fontaner\u00eda sin soporte o como conexi\u00f3n terminal, como en los conjuntos de rociadores. Aunque es necesaria una alineaci\u00f3n precisa para las conexiones de tuber\u00edas rectas, estos acoplamientos destacan por simplificar las instalaciones en entornos dif\u00edciles, lo que los convierte en una soluci\u00f3n vers\u00e1til para camiones cisterna y otras aplicaciones de uso intensivo.<\/p>\n<p>Su construcci\u00f3n en acero negro garantiza una durabilidad excepcional, incluso en condiciones de funcionamiento duras, lo que hace que estos acoplamientos sean ideales tanto para proyectos in situ como para el mantenimiento rutinario. Su clasificaci\u00f3n de alta presi\u00f3n significa que pueden manejar tareas desafiantes sin comprometer la seguridad o la fiabilidad. Si est\u00e1 actualizando un sistema de cami\u00f3n cisterna, estos acoplamientos cumplir\u00e1n su cometido.<\/p>\n<p>Para mayor comodidad, tambi\u00e9n ofrecemos <a href=\"https:\/\/accesstruckparts.com\/es\/producto\/push-on-no-flex-groove-coupling-gasket\/\">juntas de recambio<\/a> dise\u00f1ado espec\u00edficamente para nuestros acoplamientos Push-On No Flex, garantizando un rendimiento fiable y una larga vida \u00fatil.<\/p>\n<h3>Acoplamiento Push-On No Flex Especificaciones:<\/h3>\n<ul>\n<li>Presi\u00f3n nominal: 20 BAR (300 PSI)<\/li>\n<li>Construcci\u00f3n de acero negro<\/li>\n<\/ul>\n<table width=\"249\">\n<tbody>\n<tr>\n<td width=\"82\"><strong>SKU<\/strong><\/td>\n<td width=\"64\"><strong>Tama\u00f1o<\/strong><\/td>\n<td width=\"103\"><strong>Tipo de conexi\u00f3n<\/strong><\/td>\n<\/tr>\n<tr>\n<td>251-250POC<\/td>\n<td>2.5&#8243;<\/td>\n<td>Acanalado<\/td>\n<\/tr>\n<tr>\n<td>251-300POC<\/td>\n<td>3&#8243;<\/td>\n<td>Acanalado<\/td>\n<\/tr>\n<tr>\n<td>251-400POC<\/td>\n<td>4&#8243;<\/td>\n<td>Acanalado<\/td>\n<\/tr>\n<tr>\n<td>251-600POC<\/td>\n<td>6&#8243;<\/td>\n<td>Acanalado<\/td>\n<\/tr>\n<\/tbody>\n<\/table>","protected":false},"excerpt":{"rendered":"<p>Acoplamiento de ranura Push-On<\/p>","protected":false},"featured_media":69559,"template":"","meta":[],"product_brand":[],"product_cat":[164],"product_tag":[239,191],"class_list":{"0":"post-72116","1":"product","2":"type-product","3":"status-publish","4":"has-post-thumbnail","6":"product_cat-groove-couplings","7":"product_tag-coupling","8":"product_tag-grooved","10":"first","11":"instock","12":"taxable","13":"shipping-taxable","14":"product-type-variable"},"yoast_head":"<!-- This site is optimized with the Yoast SEO Premium plugin v27.4 (Yoast SEO v27.4) - https:\/\/yoast.com\/product\/yoast-seo-premium-wordpress\/ -->\n<title>Push-On No Flex Groove Coupling<\/title>\n<meta name=\"description\" content=\"Shop for Push-On No Flex Groove Coupling with Access Truck Parts. We have the best prices in the water truck industry! Shop now!\" \/>\n<meta name=\"robots\" content=\"index, follow, max-snippet:-1, max-image-preview:large, max-video-preview:-1\" \/>\n<link rel=\"canonical\" href=\"https:\/\/accesstruckparts.com\/es\/producto\/acoplamiento-de-ranura-de-empuje-sin-flexion\/\" \/>\n<meta property=\"og:locale\" content=\"es_MX\" \/>\n<meta property=\"og:type\" content=\"article\" \/>\n<meta property=\"og:title\" content=\"Push-On No Flex Groove Coupling\" \/>\n<meta property=\"og:description\" content=\"Shop for Push-On No Flex Groove Coupling with Access Truck Parts. We have the best prices in the water truck industry! Shop now!\" \/>\n<meta property=\"og:url\" content=\"https:\/\/accesstruckparts.com\/es\/producto\/acoplamiento-de-ranura-de-empuje-sin-flexion\/\" \/>\n<meta property=\"og:site_name\" content=\"Access Truck Parts\" \/>\n<meta property=\"article:modified_time\" content=\"2026-04-19T19:52:19+00:00\" \/>\n<meta property=\"og:image\" content=\"https:\/\/accesstruckparts.com\/wp-content\/uploads\/2020\/06\/251-300POC_Push-On-Groove-Coupling-2_1200x1200.png\" \/>\n\t<meta property=\"og:image:width\" content=\"1200\" \/>\n\t<meta property=\"og:image:height\" content=\"1200\" \/>\n\t<meta property=\"og:image:type\" content=\"image\/png\" \/>\n<meta name=\"twitter:label1\" content=\"Disponibilidad\" \/>\n\t<meta name=\"twitter:data1\" content=\"Disponible\" \/>\n<script type=\"application\/ld+json\" class=\"yoast-schema-graph\">{\"@context\":\"https:\\\/\\\/schema.org\",\"@graph\":[{\"@type\":\"WebPage\",\"@id\":\"https:\\\/\\\/accesstruckparts.com\\\/product\\\/no-flex-push-on-groove-coupling\\\/\",\"url\":\"https:\\\/\\\/accesstruckparts.com\\\/product\\\/no-flex-push-on-groove-coupling\\\/\",\"name\":\"Push-On No Flex Groove Coupling\",\"isPartOf\":{\"@id\":\"https:\\\/\\\/accesstruckparts.com\\\/#website\"},\"primaryImageOfPage\":{\"@id\":\"https:\\\/\\\/accesstruckparts.com\\\/product\\\/no-flex-push-on-groove-coupling\\\/#primaryimage\"},\"image\":{\"@id\":\"https:\\\/\\\/accesstruckparts.com\\\/product\\\/no-flex-push-on-groove-coupling\\\/#primaryimage\"},\"thumbnailUrl\":\"https:\\\/\\\/accesstruckparts.com\\\/wp-content\\\/uploads\\\/2020\\\/06\\\/251-300POC_Push-On-Groove-Coupling-2_1200x1200.png\",\"datePublished\":\"2020-08-10T17:05:17+00:00\",\"dateModified\":\"2026-04-19T19:52:19+00:00\",\"description\":\"Shop for Push-On No Flex Groove Coupling with Access Truck Parts. We have the best prices in the water truck industry! Shop now!\",\"breadcrumb\":{\"@id\":\"https:\\\/\\\/accesstruckparts.com\\\/product\\\/no-flex-push-on-groove-coupling\\\/#breadcrumb\"},\"inLanguage\":\"es\",\"potentialAction\":[{\"@type\":\"ReadAction\",\"target\":[\"https:\\\/\\\/accesstruckparts.com\\\/product\\\/no-flex-push-on-groove-coupling\\\/\"]}]},{\"@type\":\"ImageObject\",\"inLanguage\":\"es\",\"@id\":\"https:\\\/\\\/accesstruckparts.com\\\/product\\\/no-flex-push-on-groove-coupling\\\/#primaryimage\",\"url\":\"https:\\\/\\\/accesstruckparts.com\\\/wp-content\\\/uploads\\\/2020\\\/06\\\/251-300POC_Push-On-Groove-Coupling-2_1200x1200.png\",\"contentUrl\":\"https:\\\/\\\/accesstruckparts.com\\\/wp-content\\\/uploads\\\/2020\\\/06\\\/251-300POC_Push-On-Groove-Coupling-2_1200x1200.png\",\"width\":1200,\"height\":1200,\"caption\":\"251-300POC_Push-On-Groove-Coupling-2_1200x1200\"},{\"@type\":\"BreadcrumbList\",\"@id\":\"https:\\\/\\\/accesstruckparts.com\\\/product\\\/no-flex-push-on-groove-coupling\\\/#breadcrumb\",\"itemListElement\":[{\"@type\":\"ListItem\",\"position\":1,\"name\":\"Home\",\"item\":\"https:\\\/\\\/accesstruckparts.com\\\/\"},{\"@type\":\"ListItem\",\"position\":2,\"name\":\"Parts\",\"item\":\"https:\\\/\\\/accesstruckparts.com\\\/parts\\\/\"},{\"@type\":\"ListItem\",\"position\":3,\"name\":\"Push-On No Flex Groove Coupling\"}]},{\"@type\":\"WebSite\",\"@id\":\"https:\\\/\\\/accesstruckparts.com\\\/#website\",\"url\":\"https:\\\/\\\/accesstruckparts.com\\\/\",\"name\":\"Access Truck Parts\",\"description\":\"Your One Stop Water Truck Parts Solution.\",\"publisher\":{\"@id\":\"https:\\\/\\\/accesstruckparts.com\\\/#organization\"},\"potentialAction\":[{\"@type\":\"SearchAction\",\"target\":{\"@type\":\"EntryPoint\",\"urlTemplate\":\"https:\\\/\\\/accesstruckparts.com\\\/?s={search_term_string}\"},\"query-input\":{\"@type\":\"PropertyValueSpecification\",\"valueRequired\":true,\"valueName\":\"search_term_string\"}}],\"inLanguage\":\"es\"},{\"@type\":\"Organization\",\"@id\":\"https:\\\/\\\/accesstruckparts.com\\\/#organization\",\"name\":\"Access Truck Parts\",\"url\":\"https:\\\/\\\/accesstruckparts.com\\\/\",\"logo\":{\"@type\":\"ImageObject\",\"inLanguage\":\"es\",\"@id\":\"https:\\\/\\\/accesstruckparts.com\\\/#\\\/schema\\\/logo\\\/image\\\/\",\"url\":\"https:\\\/\\\/accesstruckparts.com\\\/wp-content\\\/uploads\\\/2018\\\/02\\\/ATP_logo_placeholder_2018.jpg\",\"contentUrl\":\"https:\\\/\\\/accesstruckparts.com\\\/wp-content\\\/uploads\\\/2018\\\/02\\\/ATP_logo_placeholder_2018.jpg\",\"width\":\"500\",\"height\":\"500\",\"caption\":\"Access Truck Parts\"},\"image\":{\"@id\":\"https:\\\/\\\/accesstruckparts.com\\\/#\\\/schema\\\/logo\\\/image\\\/\"}}]}<\/script>\n<meta property=\"og:availability\" content=\"instock\" \/>\n<meta property=\"product:availability\" content=\"instock\" \/>\n<meta property=\"product:retailer_item_id\" content=\"251-\" \/>\n<meta property=\"product:condition\" content=\"new\" \/>\n<!-- \/ Yoast SEO Premium plugin. -->","yoast_head_json":{"title":"Acoplamiento Push-On sin ranura flexible","description":"Compre el acoplamiento de ranura Push-On No Flex con Access Truck Parts. \u00a1Tenemos los mejores precios en la industria de camiones de agua! \u00a1Compre ahora!","robots":{"index":"index","follow":"follow","max-snippet":"max-snippet:-1","max-image-preview":"max-image-preview:large","max-video-preview":"max-video-preview:-1"},"canonical":"https:\/\/accesstruckparts.com\/es\/producto\/acoplamiento-de-ranura-de-empuje-sin-flexion\/","og_locale":"es_MX","og_type":"article","og_title":"Push-On No Flex Groove Coupling","og_description":"Shop for Push-On No Flex Groove Coupling with Access Truck Parts. We have the best prices in the water truck industry! Shop now!","og_url":"https:\/\/accesstruckparts.com\/es\/producto\/acoplamiento-de-ranura-de-empuje-sin-flexion\/","og_site_name":"Access Truck Parts","article_modified_time":"2026-04-19T19:52:19+00:00","og_image":[{"width":1200,"height":1200,"url":"https:\/\/accesstruckparts.com\/wp-content\/uploads\/2020\/06\/251-300POC_Push-On-Groove-Coupling-2_1200x1200.png","type":"image\/png"}],"twitter_misc":{"Disponibilidad":"Disponible"},"schema":{"@context":"https:\/\/schema.org","@graph":[{"@type":"WebPage","@id":"https:\/\/accesstruckparts.com\/product\/no-flex-push-on-groove-coupling\/","url":"https:\/\/accesstruckparts.com\/product\/no-flex-push-on-groove-coupling\/","name":"Acoplamiento Push-On sin ranura flexible","isPartOf":{"@id":"https:\/\/accesstruckparts.com\/#website"},"primaryImageOfPage":{"@id":"https:\/\/accesstruckparts.com\/product\/no-flex-push-on-groove-coupling\/#primaryimage"},"image":{"@id":"https:\/\/accesstruckparts.com\/product\/no-flex-push-on-groove-coupling\/#primaryimage"},"thumbnailUrl":"https:\/\/accesstruckparts.com\/wp-content\/uploads\/2020\/06\/251-300POC_Push-On-Groove-Coupling-2_1200x1200.png","datePublished":"2020-08-10T17:05:17+00:00","dateModified":"2026-04-19T19:52:19+00:00","description":"Compre el acoplamiento de ranura Push-On No Flex con Access Truck Parts. \u00a1Tenemos los mejores precios en la industria de camiones de agua! \u00a1Compre ahora!","breadcrumb":{"@id":"https:\/\/accesstruckparts.com\/product\/no-flex-push-on-groove-coupling\/#breadcrumb"},"inLanguage":"es","potentialAction":[{"@type":"ReadAction","target":["https:\/\/accesstruckparts.com\/product\/no-flex-push-on-groove-coupling\/"]}]},{"@type":"ImageObject","inLanguage":"es","@id":"https:\/\/accesstruckparts.com\/product\/no-flex-push-on-groove-coupling\/#primaryimage","url":"https:\/\/accesstruckparts.com\/wp-content\/uploads\/2020\/06\/251-300POC_Push-On-Groove-Coupling-2_1200x1200.png","contentUrl":"https:\/\/accesstruckparts.com\/wp-content\/uploads\/2020\/06\/251-300POC_Push-On-Groove-Coupling-2_1200x1200.png","width":1200,"height":1200,"caption":"251-300POC_Push-On-Groove-Coupling-2_1200x1200"},{"@type":"BreadcrumbList","@id":"https:\/\/accesstruckparts.com\/product\/no-flex-push-on-groove-coupling\/#breadcrumb","itemListElement":[{"@type":"ListItem","position":1,"name":"Home","item":"https:\/\/accesstruckparts.com\/"},{"@type":"ListItem","position":2,"name":"Parts","item":"https:\/\/accesstruckparts.com\/parts\/"},{"@type":"ListItem","position":3,"name":"Push-On No Flex Groove Coupling"}]},{"@type":"WebSite","@id":"https:\/\/accesstruckparts.com\/#website","url":"https:\/\/accesstruckparts.com\/","name":"Piezas de camiones Access","description":"Su soluci\u00f3n \u00fanica de piezas para camiones de agua.","publisher":{"@id":"https:\/\/accesstruckparts.com\/#organization"},"potentialAction":[{"@type":"SearchAction","target":{"@type":"EntryPoint","urlTemplate":"https:\/\/accesstruckparts.com\/?s={search_term_string}"},"query-input":{"@type":"PropertyValueSpecification","valueRequired":true,"valueName":"search_term_string"}}],"inLanguage":"es"},{"@type":"Organization","@id":"https:\/\/accesstruckparts.com\/#organization","name":"Piezas de camiones Access","url":"https:\/\/accesstruckparts.com\/","logo":{"@type":"ImageObject","inLanguage":"es","@id":"https:\/\/accesstruckparts.com\/#\/schema\/logo\/image\/","url":"https:\/\/accesstruckparts.com\/wp-content\/uploads\/2018\/02\/ATP_logo_placeholder_2018.jpg","contentUrl":"https:\/\/accesstruckparts.com\/wp-content\/uploads\/2018\/02\/ATP_logo_placeholder_2018.jpg","width":"500","height":"500","caption":"Access Truck Parts"},"image":{"@id":"https:\/\/accesstruckparts.com\/#\/schema\/logo\/image\/"}}]},"og_availability":"instock","product_availability":"instock","product_retailer_item_id":"251-","product_condition":"new"},"_links":{"self":[{"href":"https:\/\/accesstruckparts.com\/es\/wp-json\/wp\/v2\/product\/72116","targetHints":{"allow":["GET"]}}],"collection":[{"href":"https:\/\/accesstruckparts.com\/es\/wp-json\/wp\/v2\/product"}],"about":[{"href":"https:\/\/accesstruckparts.com\/es\/wp-json\/wp\/v2\/types\/product"}],"wp:featuredmedia":[{"embeddable":true,"href":"https:\/\/accesstruckparts.com\/es\/wp-json\/wp\/v2\/media\/69559"}],"wp:attachment":[{"href":"https:\/\/accesstruckparts.com\/es\/wp-json\/wp\/v2\/media?parent=72116"}],"wp:term":[{"taxonomy":"product_brand","embeddable":true,"href":"https:\/\/accesstruckparts.com\/es\/wp-json\/wp\/v2\/product_brand?post=72116"},{"taxonomy":"product_cat","embeddable":true,"href":"https:\/\/accesstruckparts.com\/es\/wp-json\/wp\/v2\/product_cat?post=72116"},{"taxonomy":"product_tag","embeddable":true,"href":"https:\/\/accesstruckparts.com\/es\/wp-json\/wp\/v2\/product_tag?post=72116"}],"curies":[{"name":"wp","href":"https:\/\/api.w.org\/{rel}","templated":true}]}}