{"id":70246,"date":"2020-07-13T09:34:20","date_gmt":"2020-07-13T16:34:20","guid":{"rendered":"https:\/\/accesstruckparts.com\/?post_type=product&#038;p=70246"},"modified":"2026-04-19T01:49:47","modified_gmt":"2026-04-19T08:49:47","slug":"elkhart-brush-hawk-water-cannon","status":"publish","type":"product","link":"https:\/\/accesstruckparts.com\/es\/product\/elkhart-brush-hawk-water-cannon\/","title":{"rendered":"Ca\u00f1\u00f3n de agua Brush Hawk"},"content":{"rendered":"<p>Este monitor de agua Elkhart Brush Hawk de 12V \/ 24V DC est\u00e1 dise\u00f1ado para operaciones de extinci\u00f3n de incendios forestales, deshielo y reducci\u00f3n de polvo.<\/p>\n<p>Sucesor del ya descatalogado Sidewinder, el Brush Hawk es una completa soluci\u00f3n integrada \"plug and play\" que cuenta con comunicaci\u00f3n CANbus completa, un joystick totalmente proporcional para el control de la subida\/bajada\/izquierda\/derecha y de la niebla\/chorro de la boquilla, y una electr\u00f3nica sellada internamente que elimina la necesidad de una caja de control externa. Un peque\u00f1o radio de giro y una baja altura de estiba hacen que este monitor sea el m\u00e1s compacto de su clase, lo que le permite encajar bien incluso en camiones con un espacio de instalaci\u00f3n limitado.<\/p>\n<p>\u00bfBusca una boquilla de chorro recto? Pruebe nuestra boquilla de 1,5\u2033. <a class=\"productLink\" href=\"https:\/\/accesstruckparts.com\/es\/producto\/boquilla-de-chorro-recto\/\">Lat\u00f3n (311-150)<\/a> o <a class=\"productLink\" href=\"https:\/\/accesstruckparts.com\/es\/producto\/boquilla-de-chorro-recto-de-plastico\/\">Aluminio (2831-66722001)<\/a> opciones de boquilla del monitor.<\/p>\n<h4>Especificaciones:<\/h4>\n<div style=\"margin-left: 35px;\">\n<ul>\n<li>500 GPM \/ 200 PSI m\u00e1ximo<\/li>\n<li>Entrada FNPT de 2\u2033 \/ Salida MNHT de 1,5\u2033 con vanos<\/li>\n<li>Recorrido horizontal ajustable en campo desde: izquierda 175\u00b0\/derecha 175\u00b0 o izquierda 90\u00b0\/derecha 90\u00b0<\/li>\n<li>Recorrido vertical ajustable en campo desde: -30\u00b0\/+90\u00b0 o -45\u00b0\/+45\u00b0<\/li>\n<li>Radio de giro: 6,9\u2033, Altura de estiba: 11,2\u2033.<\/li>\n<li>Topes electr\u00f3nicos verticales y horizontales ajustables en campo.<\/li>\n<li>Clasificaci\u00f3n NEMA 4 y autocompatible con sistemas de 12 o 24 VDC<\/li>\n<li>Construido con una aleaci\u00f3n de aluminio patentada Elk-O-Lite\u00ae, duradera y ligera.<\/li>\n<\/ul>\n<\/div>","protected":false},"excerpt":{"rendered":"<p>Monitor de agua Elkhart Brush Hawk de 12V\/24V<\/p>","protected":false},"featured_media":71788,"template":"","meta":[],"product_brand":[],"product_cat":[79,77],"product_tag":[199,230,200,327,227,201,192],"class_list":{"0":"post-70246","1":"product","2":"type-product","3":"status-publish","4":"has-post-thumbnail","6":"product_cat-monitor-components","7":"product_cat-water-monitors","8":"product_tag-12-volt","9":"product_tag-2-inch","10":"product_tag-24-volt","11":"product_tag-brush-hawk","12":"product_tag-cannon","13":"product_tag-electric","14":"product_tag-threaded","16":"first","17":"instock","18":"taxable","19":"shipping-taxable","20":"product-type-variable"},"yoast_head":"<!-- This site is optimized with the Yoast SEO Premium plugin v27.4 (Yoast SEO v27.4) - https:\/\/yoast.com\/product\/yoast-seo-premium-wordpress\/ -->\n<title>Buy Brush Hawk Water Cannon online at Access Truck Parts<\/title>\n<meta name=\"description\" content=\"Shop for Brush Hawk Water Cannon with Access Truck Parts. We have the best prices on the market. Browse today!\" \/>\n<meta name=\"robots\" content=\"index, follow, max-snippet:-1, max-image-preview:large, max-video-preview:-1\" \/>\n<link rel=\"canonical\" href=\"https:\/\/accesstruckparts.com\/es\/producto\/elkhart-brush-hawk-water-cannon\/\" \/>\n<meta property=\"og:locale\" content=\"es_MX\" \/>\n<meta property=\"og:type\" content=\"article\" \/>\n<meta property=\"og:title\" content=\"Brush Hawk Water Cannon\" \/>\n<meta property=\"og:description\" content=\"Shop for Brush Hawk Water Cannon with Access Truck Parts. We have the best prices on the market. Browse today!\" \/>\n<meta property=\"og:url\" content=\"https:\/\/accesstruckparts.com\/es\/producto\/elkhart-brush-hawk-water-cannon\/\" \/>\n<meta property=\"og:site_name\" content=\"Access Truck Parts\" \/>\n<meta property=\"article:modified_time\" content=\"2026-04-19T08:49:47+00:00\" \/>\n<meta property=\"og:image\" content=\"https:\/\/accesstruckparts.com\/wp-content\/uploads\/2020\/07\/2841-08495002_Brush-Hawk-Cannon-Without-Nozzle-4_1200x1200.jpg\" \/>\n\t<meta property=\"og:image:width\" content=\"1200\" \/>\n\t<meta property=\"og:image:height\" content=\"1200\" \/>\n\t<meta property=\"og:image:type\" content=\"image\/jpeg\" \/>\n<meta name=\"twitter:label1\" content=\"Disponibilidad\" \/>\n\t<meta name=\"twitter:data1\" content=\"Disponible\" \/>\n<script type=\"application\/ld+json\" class=\"yoast-schema-graph\">{\"@context\":\"https:\\\/\\\/schema.org\",\"@graph\":[{\"@type\":\"WebPage\",\"@id\":\"https:\\\/\\\/accesstruckparts.com\\\/product\\\/elkhart-brush-hawk-water-cannon\\\/\",\"url\":\"https:\\\/\\\/accesstruckparts.com\\\/product\\\/elkhart-brush-hawk-water-cannon\\\/\",\"name\":\"Buy Brush Hawk Water Cannon online at Access Truck Parts\",\"isPartOf\":{\"@id\":\"https:\\\/\\\/accesstruckparts.com\\\/#website\"},\"primaryImageOfPage\":{\"@id\":\"https:\\\/\\\/accesstruckparts.com\\\/product\\\/elkhart-brush-hawk-water-cannon\\\/#primaryimage\"},\"image\":{\"@id\":\"https:\\\/\\\/accesstruckparts.com\\\/product\\\/elkhart-brush-hawk-water-cannon\\\/#primaryimage\"},\"thumbnailUrl\":\"https:\\\/\\\/accesstruckparts.com\\\/wp-content\\\/uploads\\\/2020\\\/07\\\/2841-08495002_Brush-Hawk-Cannon-Without-Nozzle-4_1200x1200.jpg\",\"datePublished\":\"2020-07-13T16:34:20+00:00\",\"dateModified\":\"2026-04-19T08:49:47+00:00\",\"description\":\"Shop for Brush Hawk Water Cannon with Access Truck Parts. We have the best prices on the market. Browse today!\",\"breadcrumb\":{\"@id\":\"https:\\\/\\\/accesstruckparts.com\\\/product\\\/elkhart-brush-hawk-water-cannon\\\/#breadcrumb\"},\"inLanguage\":\"es\",\"potentialAction\":[{\"@type\":\"ReadAction\",\"target\":[\"https:\\\/\\\/accesstruckparts.com\\\/product\\\/elkhart-brush-hawk-water-cannon\\\/\"]}]},{\"@type\":\"ImageObject\",\"inLanguage\":\"es\",\"@id\":\"https:\\\/\\\/accesstruckparts.com\\\/product\\\/elkhart-brush-hawk-water-cannon\\\/#primaryimage\",\"url\":\"https:\\\/\\\/accesstruckparts.com\\\/wp-content\\\/uploads\\\/2020\\\/07\\\/2841-08495002_Brush-Hawk-Cannon-Without-Nozzle-4_1200x1200.jpg\",\"contentUrl\":\"https:\\\/\\\/accesstruckparts.com\\\/wp-content\\\/uploads\\\/2020\\\/07\\\/2841-08495002_Brush-Hawk-Cannon-Without-Nozzle-4_1200x1200.jpg\",\"width\":1200,\"height\":1200},{\"@type\":\"BreadcrumbList\",\"@id\":\"https:\\\/\\\/accesstruckparts.com\\\/product\\\/elkhart-brush-hawk-water-cannon\\\/#breadcrumb\",\"itemListElement\":[{\"@type\":\"ListItem\",\"position\":1,\"name\":\"Home\",\"item\":\"https:\\\/\\\/accesstruckparts.com\\\/\"},{\"@type\":\"ListItem\",\"position\":2,\"name\":\"Parts\",\"item\":\"https:\\\/\\\/accesstruckparts.com\\\/parts\\\/\"},{\"@type\":\"ListItem\",\"position\":3,\"name\":\"Brush Hawk Water Cannon\"}]},{\"@type\":\"WebSite\",\"@id\":\"https:\\\/\\\/accesstruckparts.com\\\/#website\",\"url\":\"https:\\\/\\\/accesstruckparts.com\\\/\",\"name\":\"Access Truck Parts\",\"description\":\"Your One Stop Water Truck Parts Solution.\",\"publisher\":{\"@id\":\"https:\\\/\\\/accesstruckparts.com\\\/#organization\"},\"potentialAction\":[{\"@type\":\"SearchAction\",\"target\":{\"@type\":\"EntryPoint\",\"urlTemplate\":\"https:\\\/\\\/accesstruckparts.com\\\/?s={search_term_string}\"},\"query-input\":{\"@type\":\"PropertyValueSpecification\",\"valueRequired\":true,\"valueName\":\"search_term_string\"}}],\"inLanguage\":\"es\"},{\"@type\":\"Organization\",\"@id\":\"https:\\\/\\\/accesstruckparts.com\\\/#organization\",\"name\":\"Access Truck Parts\",\"url\":\"https:\\\/\\\/accesstruckparts.com\\\/\",\"logo\":{\"@type\":\"ImageObject\",\"inLanguage\":\"es\",\"@id\":\"https:\\\/\\\/accesstruckparts.com\\\/#\\\/schema\\\/logo\\\/image\\\/\",\"url\":\"https:\\\/\\\/accesstruckparts.com\\\/wp-content\\\/uploads\\\/2018\\\/02\\\/ATP_logo_placeholder_2018.jpg\",\"contentUrl\":\"https:\\\/\\\/accesstruckparts.com\\\/wp-content\\\/uploads\\\/2018\\\/02\\\/ATP_logo_placeholder_2018.jpg\",\"width\":\"500\",\"height\":\"500\",\"caption\":\"Access Truck Parts\"},\"image\":{\"@id\":\"https:\\\/\\\/accesstruckparts.com\\\/#\\\/schema\\\/logo\\\/image\\\/\"}}]}<\/script>\n<meta property=\"og:availability\" content=\"instock\" \/>\n<meta property=\"product:availability\" content=\"instock\" \/>\n<meta property=\"product:retailer_item_id\" content=\"2841-\" \/>\n<meta property=\"product:condition\" content=\"new\" \/>\n<!-- \/ Yoast SEO Premium plugin. -->","yoast_head_json":{"title":"Compre el ca\u00f1\u00f3n de agua Brush Hawk en l\u00ednea en Access Truck Parts","description":"Compre el ca\u00f1\u00f3n de agua Brush Hawk con Access Truck Parts. Tenemos los mejores precios del mercado. \u00a1Busque hoy mismo!","robots":{"index":"index","follow":"follow","max-snippet":"max-snippet:-1","max-image-preview":"max-image-preview:large","max-video-preview":"max-video-preview:-1"},"canonical":"https:\/\/accesstruckparts.com\/es\/producto\/elkhart-brush-hawk-water-cannon\/","og_locale":"es_MX","og_type":"article","og_title":"Brush Hawk Water Cannon","og_description":"Shop for Brush Hawk Water Cannon with Access Truck Parts. We have the best prices on the market. Browse today!","og_url":"https:\/\/accesstruckparts.com\/es\/producto\/elkhart-brush-hawk-water-cannon\/","og_site_name":"Access Truck Parts","article_modified_time":"2026-04-19T08:49:47+00:00","og_image":[{"width":1200,"height":1200,"url":"https:\/\/accesstruckparts.com\/wp-content\/uploads\/2020\/07\/2841-08495002_Brush-Hawk-Cannon-Without-Nozzle-4_1200x1200.jpg","type":"image\/jpeg"}],"twitter_misc":{"Disponibilidad":"Disponible"},"schema":{"@context":"https:\/\/schema.org","@graph":[{"@type":"WebPage","@id":"https:\/\/accesstruckparts.com\/product\/elkhart-brush-hawk-water-cannon\/","url":"https:\/\/accesstruckparts.com\/product\/elkhart-brush-hawk-water-cannon\/","name":"Compre el ca\u00f1\u00f3n de agua Brush Hawk en l\u00ednea en Access Truck Parts","isPartOf":{"@id":"https:\/\/accesstruckparts.com\/#website"},"primaryImageOfPage":{"@id":"https:\/\/accesstruckparts.com\/product\/elkhart-brush-hawk-water-cannon\/#primaryimage"},"image":{"@id":"https:\/\/accesstruckparts.com\/product\/elkhart-brush-hawk-water-cannon\/#primaryimage"},"thumbnailUrl":"https:\/\/accesstruckparts.com\/wp-content\/uploads\/2020\/07\/2841-08495002_Brush-Hawk-Cannon-Without-Nozzle-4_1200x1200.jpg","datePublished":"2020-07-13T16:34:20+00:00","dateModified":"2026-04-19T08:49:47+00:00","description":"Compre el ca\u00f1\u00f3n de agua Brush Hawk con Access Truck Parts. Tenemos los mejores precios del mercado. \u00a1Busque hoy mismo!","breadcrumb":{"@id":"https:\/\/accesstruckparts.com\/product\/elkhart-brush-hawk-water-cannon\/#breadcrumb"},"inLanguage":"es","potentialAction":[{"@type":"ReadAction","target":["https:\/\/accesstruckparts.com\/product\/elkhart-brush-hawk-water-cannon\/"]}]},{"@type":"ImageObject","inLanguage":"es","@id":"https:\/\/accesstruckparts.com\/product\/elkhart-brush-hawk-water-cannon\/#primaryimage","url":"https:\/\/accesstruckparts.com\/wp-content\/uploads\/2020\/07\/2841-08495002_Brush-Hawk-Cannon-Without-Nozzle-4_1200x1200.jpg","contentUrl":"https:\/\/accesstruckparts.com\/wp-content\/uploads\/2020\/07\/2841-08495002_Brush-Hawk-Cannon-Without-Nozzle-4_1200x1200.jpg","width":1200,"height":1200},{"@type":"BreadcrumbList","@id":"https:\/\/accesstruckparts.com\/product\/elkhart-brush-hawk-water-cannon\/#breadcrumb","itemListElement":[{"@type":"ListItem","position":1,"name":"Home","item":"https:\/\/accesstruckparts.com\/"},{"@type":"ListItem","position":2,"name":"Parts","item":"https:\/\/accesstruckparts.com\/parts\/"},{"@type":"ListItem","position":3,"name":"Brush Hawk Water Cannon"}]},{"@type":"WebSite","@id":"https:\/\/accesstruckparts.com\/#website","url":"https:\/\/accesstruckparts.com\/","name":"Piezas de camiones Access","description":"Su soluci\u00f3n \u00fanica de piezas para camiones de agua.","publisher":{"@id":"https:\/\/accesstruckparts.com\/#organization"},"potentialAction":[{"@type":"SearchAction","target":{"@type":"EntryPoint","urlTemplate":"https:\/\/accesstruckparts.com\/?s={search_term_string}"},"query-input":{"@type":"PropertyValueSpecification","valueRequired":true,"valueName":"search_term_string"}}],"inLanguage":"es"},{"@type":"Organization","@id":"https:\/\/accesstruckparts.com\/#organization","name":"Piezas de camiones Access","url":"https:\/\/accesstruckparts.com\/","logo":{"@type":"ImageObject","inLanguage":"es","@id":"https:\/\/accesstruckparts.com\/#\/schema\/logo\/image\/","url":"https:\/\/accesstruckparts.com\/wp-content\/uploads\/2018\/02\/ATP_logo_placeholder_2018.jpg","contentUrl":"https:\/\/accesstruckparts.com\/wp-content\/uploads\/2018\/02\/ATP_logo_placeholder_2018.jpg","width":"500","height":"500","caption":"Access Truck Parts"},"image":{"@id":"https:\/\/accesstruckparts.com\/#\/schema\/logo\/image\/"}}]},"og_availability":"instock","product_availability":"instock","product_retailer_item_id":"2841-","product_condition":"new"},"_links":{"self":[{"href":"https:\/\/accesstruckparts.com\/es\/wp-json\/wp\/v2\/product\/70246","targetHints":{"allow":["GET"]}}],"collection":[{"href":"https:\/\/accesstruckparts.com\/es\/wp-json\/wp\/v2\/product"}],"about":[{"href":"https:\/\/accesstruckparts.com\/es\/wp-json\/wp\/v2\/types\/product"}],"wp:featuredmedia":[{"embeddable":true,"href":"https:\/\/accesstruckparts.com\/es\/wp-json\/wp\/v2\/media\/71788"}],"wp:attachment":[{"href":"https:\/\/accesstruckparts.com\/es\/wp-json\/wp\/v2\/media?parent=70246"}],"wp:term":[{"taxonomy":"product_brand","embeddable":true,"href":"https:\/\/accesstruckparts.com\/es\/wp-json\/wp\/v2\/product_brand?post=70246"},{"taxonomy":"product_cat","embeddable":true,"href":"https:\/\/accesstruckparts.com\/es\/wp-json\/wp\/v2\/product_cat?post=70246"},{"taxonomy":"product_tag","embeddable":true,"href":"https:\/\/accesstruckparts.com\/es\/wp-json\/wp\/v2\/product_tag?post=70246"}],"curies":[{"name":"wp","href":"https:\/\/api.w.org\/{rel}","templated":true}]}}