{"id":6984,"date":"2016-07-03T08:49:26","date_gmt":"2016-07-03T15:49:26","guid":{"rendered":"https:\/\/accesstruckparts.com\/?post_type=product&#038;p=6984"},"modified":"2026-04-19T03:59:23","modified_gmt":"2026-04-19T10:59:23","slug":"valvula-de-rosca-hidraulica","status":"publish","type":"product","link":"https:\/\/accesstruckparts.com\/es\/product\/hydraulic-threaded-valve\/","title":{"rendered":"V\u00e1lvula hidr\u00e1ulica roscada de 3\u2033."},"content":{"rendered":"<p>V\u00e1lvula hidr\u00e1ulica en l\u00ednea roscada de 3\u2033, estilo Cla.<\/p>\n<p>La v\u00e1lvula en l\u00ednea roscada hidr\u00e1ulica se utiliza en situaciones en las que el chasis del cami\u00f3n no tiene capacidad de aire.  La presi\u00f3n hidr\u00e1ulica se utiliza para mantener la v\u00e1lvula cerrada.  Se trata de una v\u00e1lvula Normalmente abierta.<\/p>\n<p>Cilindro de recambio disponible - <a class=\"productLink\" href=\"https:\/\/accesstruckparts.com\/es\/producto\/cilindro-hidraulico-2-x-5\/\" rel=\"noopener noreferrer\" target=\"_blank\">322-2&#215;1\/2<\/a><\/p>","protected":false},"excerpt":{"rendered":"<p>V\u00e1lvula hidr\u00e1ulica en l\u00ednea de 3\u2033, estilo Cla, roscada (300HYD)<\/p>","protected":false},"featured_media":49279,"template":"","meta":[],"product_brand":[],"product_cat":[167],"product_tag":[189,317,216,192],"class_list":{"0":"post-6984","1":"product","2":"type-product","3":"status-publish","4":"has-post-thumbnail","6":"product_cat-hydraulic-valves","7":"product_tag-3-inch","8":"product_tag-cla-style","9":"product_tag-hydraulic","10":"product_tag-threaded","12":"first","13":"instock","14":"taxable","15":"shipping-taxable","16":"purchasable","17":"product-type-simple"},"yoast_head":"<!-- This site is optimized with the Yoast SEO Premium plugin v27.4 (Yoast SEO v27.4) - https:\/\/yoast.com\/product\/yoast-seo-premium-wordpress\/ -->\n<title>Buy Hydraulic Threaded Valve, 3&quot; online at Access Truck Parts<\/title>\n<meta name=\"description\" content=\"Shop for Hydraulic Threaded Valve, 3&quot; with Access Truck Parts. We have the best prices on the market. Browse today!\" \/>\n<meta name=\"robots\" content=\"index, follow, max-snippet:-1, max-image-preview:large, max-video-preview:-1\" \/>\n<link rel=\"canonical\" href=\"https:\/\/accesstruckparts.com\/es\/producto\/valvula-de-rosca-hidraulica\/\" \/>\n<meta property=\"og:locale\" content=\"es_MX\" \/>\n<meta property=\"og:type\" content=\"article\" \/>\n<meta property=\"og:title\" content=\"Hydraulic Threaded Valve, 3&quot;\" \/>\n<meta property=\"og:description\" content=\"Shop for Hydraulic Threaded Valve, 3&quot; with Access Truck Parts. We have the best prices on the market. Browse today!\" \/>\n<meta property=\"og:url\" content=\"https:\/\/accesstruckparts.com\/es\/producto\/valvula-de-rosca-hidraulica\/\" \/>\n<meta property=\"og:site_name\" content=\"Access Truck Parts\" \/>\n<meta property=\"article:modified_time\" content=\"2026-04-19T10:59:23+00:00\" \/>\n<meta property=\"og:image\" content=\"https:\/\/accesstruckparts.com\/wp-content\/uploads\/2016\/07\/171-300HYD_Hydraulic-Threaded-Valve_1200x1200-sRGB-1.png\" \/>\n\t<meta property=\"og:image:width\" content=\"1200\" \/>\n\t<meta property=\"og:image:height\" content=\"1200\" \/>\n\t<meta property=\"og:image:type\" content=\"image\/png\" \/>\n<meta name=\"twitter:label1\" content=\"Precio\" \/>\n\t<meta name=\"twitter:data1\" content=\"&#036;715.00\" \/>\n\t<meta name=\"twitter:label2\" content=\"Disponibilidad\" \/>\n\t<meta name=\"twitter:data2\" content=\"Disponible\" \/>\n<script type=\"application\/ld+json\" class=\"yoast-schema-graph\">{\"@context\":\"https:\\\/\\\/schema.org\",\"@graph\":[{\"@type\":\"WebPage\",\"@id\":\"https:\\\/\\\/accesstruckparts.com\\\/product\\\/hydraulic-threaded-valve\\\/\",\"url\":\"https:\\\/\\\/accesstruckparts.com\\\/product\\\/hydraulic-threaded-valve\\\/\",\"name\":\"Buy Hydraulic Threaded Valve, 3\\\" online at Access Truck Parts\",\"isPartOf\":{\"@id\":\"https:\\\/\\\/accesstruckparts.com\\\/#website\"},\"primaryImageOfPage\":{\"@id\":\"https:\\\/\\\/accesstruckparts.com\\\/product\\\/hydraulic-threaded-valve\\\/#primaryimage\"},\"image\":{\"@id\":\"https:\\\/\\\/accesstruckparts.com\\\/product\\\/hydraulic-threaded-valve\\\/#primaryimage\"},\"thumbnailUrl\":\"https:\\\/\\\/accesstruckparts.com\\\/wp-content\\\/uploads\\\/2016\\\/07\\\/171-300HYD_Hydraulic-Threaded-Valve_1200x1200-sRGB-1.png\",\"datePublished\":\"2016-07-03T15:49:26+00:00\",\"dateModified\":\"2026-04-19T10:59:23+00:00\",\"description\":\"Shop for Hydraulic Threaded Valve, 3\\\" with Access Truck Parts. We have the best prices on the market. Browse today!\",\"breadcrumb\":{\"@id\":\"https:\\\/\\\/accesstruckparts.com\\\/product\\\/hydraulic-threaded-valve\\\/#breadcrumb\"},\"inLanguage\":\"es\",\"potentialAction\":[{\"@type\":\"ReadAction\",\"target\":[\"https:\\\/\\\/accesstruckparts.com\\\/product\\\/hydraulic-threaded-valve\\\/\"]}]},{\"@type\":\"ImageObject\",\"inLanguage\":\"es\",\"@id\":\"https:\\\/\\\/accesstruckparts.com\\\/product\\\/hydraulic-threaded-valve\\\/#primaryimage\",\"url\":\"https:\\\/\\\/accesstruckparts.com\\\/wp-content\\\/uploads\\\/2016\\\/07\\\/171-300HYD_Hydraulic-Threaded-Valve_1200x1200-sRGB-1.png\",\"contentUrl\":\"https:\\\/\\\/accesstruckparts.com\\\/wp-content\\\/uploads\\\/2016\\\/07\\\/171-300HYD_Hydraulic-Threaded-Valve_1200x1200-sRGB-1.png\",\"width\":1200,\"height\":1200},{\"@type\":\"BreadcrumbList\",\"@id\":\"https:\\\/\\\/accesstruckparts.com\\\/product\\\/hydraulic-threaded-valve\\\/#breadcrumb\",\"itemListElement\":[{\"@type\":\"ListItem\",\"position\":1,\"name\":\"Home\",\"item\":\"https:\\\/\\\/accesstruckparts.com\\\/\"},{\"@type\":\"ListItem\",\"position\":2,\"name\":\"Parts\",\"item\":\"https:\\\/\\\/accesstruckparts.com\\\/parts\\\/\"},{\"@type\":\"ListItem\",\"position\":3,\"name\":\"Hydraulic Threaded Valve, 3\\\"\"}]},{\"@type\":\"WebSite\",\"@id\":\"https:\\\/\\\/accesstruckparts.com\\\/#website\",\"url\":\"https:\\\/\\\/accesstruckparts.com\\\/\",\"name\":\"Access Truck Parts\",\"description\":\"Your One Stop Water Truck Parts Solution.\",\"publisher\":{\"@id\":\"https:\\\/\\\/accesstruckparts.com\\\/#organization\"},\"potentialAction\":[{\"@type\":\"SearchAction\",\"target\":{\"@type\":\"EntryPoint\",\"urlTemplate\":\"https:\\\/\\\/accesstruckparts.com\\\/?s={search_term_string}\"},\"query-input\":{\"@type\":\"PropertyValueSpecification\",\"valueRequired\":true,\"valueName\":\"search_term_string\"}}],\"inLanguage\":\"es\"},{\"@type\":\"Organization\",\"@id\":\"https:\\\/\\\/accesstruckparts.com\\\/#organization\",\"name\":\"Access Truck Parts\",\"url\":\"https:\\\/\\\/accesstruckparts.com\\\/\",\"logo\":{\"@type\":\"ImageObject\",\"inLanguage\":\"es\",\"@id\":\"https:\\\/\\\/accesstruckparts.com\\\/#\\\/schema\\\/logo\\\/image\\\/\",\"url\":\"https:\\\/\\\/accesstruckparts.com\\\/wp-content\\\/uploads\\\/2018\\\/02\\\/ATP_logo_placeholder_2018.jpg\",\"contentUrl\":\"https:\\\/\\\/accesstruckparts.com\\\/wp-content\\\/uploads\\\/2018\\\/02\\\/ATP_logo_placeholder_2018.jpg\",\"width\":\"500\",\"height\":\"500\",\"caption\":\"Access Truck Parts\"},\"image\":{\"@id\":\"https:\\\/\\\/accesstruckparts.com\\\/#\\\/schema\\\/logo\\\/image\\\/\"}}]}<\/script>\n<meta property=\"product:price:amount\" content=\"715.00\" \/>\n<meta property=\"product:price:currency\" content=\"USD\" \/>\n<meta property=\"og:availability\" content=\"instock\" \/>\n<meta property=\"product:availability\" content=\"instock\" \/>\n<meta property=\"product:retailer_item_id\" content=\"171-300HYD\" \/>\n<meta property=\"product:condition\" content=\"new\" \/>\n<!-- \/ Yoast SEO Premium plugin. -->","yoast_head_json":{"title":"Comprar V\u00e1lvula hidr\u00e1ulica roscada, 3\" en l\u00ednea en Access Truck Parts","description":"Compre la v\u00e1lvula roscada hidr\u00e1ulica de 3\" con Access Truck Parts. Tenemos los mejores precios del mercado. \u00a1Navegue hoy mismo!","robots":{"index":"index","follow":"follow","max-snippet":"max-snippet:-1","max-image-preview":"max-image-preview:large","max-video-preview":"max-video-preview:-1"},"canonical":"https:\/\/accesstruckparts.com\/es\/producto\/valvula-de-rosca-hidraulica\/","og_locale":"es_MX","og_type":"article","og_title":"Hydraulic Threaded Valve, 3\"","og_description":"Shop for Hydraulic Threaded Valve, 3\" with Access Truck Parts. We have the best prices on the market. Browse today!","og_url":"https:\/\/accesstruckparts.com\/es\/producto\/valvula-de-rosca-hidraulica\/","og_site_name":"Access Truck Parts","article_modified_time":"2026-04-19T10:59:23+00:00","og_image":[{"width":1200,"height":1200,"url":"https:\/\/accesstruckparts.com\/wp-content\/uploads\/2016\/07\/171-300HYD_Hydraulic-Threaded-Valve_1200x1200-sRGB-1.png","type":"image\/png"}],"twitter_misc":{"Precio":"&#36;715.00","Disponibilidad":"Disponible"},"schema":{"@context":"https:\/\/schema.org","@graph":[{"@type":"WebPage","@id":"https:\/\/accesstruckparts.com\/product\/hydraulic-threaded-valve\/","url":"https:\/\/accesstruckparts.com\/product\/hydraulic-threaded-valve\/","name":"Comprar V\u00e1lvula hidr\u00e1ulica roscada, 3\" en l\u00ednea en Access Truck Parts","isPartOf":{"@id":"https:\/\/accesstruckparts.com\/#website"},"primaryImageOfPage":{"@id":"https:\/\/accesstruckparts.com\/product\/hydraulic-threaded-valve\/#primaryimage"},"image":{"@id":"https:\/\/accesstruckparts.com\/product\/hydraulic-threaded-valve\/#primaryimage"},"thumbnailUrl":"https:\/\/accesstruckparts.com\/wp-content\/uploads\/2016\/07\/171-300HYD_Hydraulic-Threaded-Valve_1200x1200-sRGB-1.png","datePublished":"2016-07-03T15:49:26+00:00","dateModified":"2026-04-19T10:59:23+00:00","description":"Compre la v\u00e1lvula roscada hidr\u00e1ulica de 3\" con Access Truck Parts. Tenemos los mejores precios del mercado. \u00a1Navegue hoy mismo!","breadcrumb":{"@id":"https:\/\/accesstruckparts.com\/product\/hydraulic-threaded-valve\/#breadcrumb"},"inLanguage":"es","potentialAction":[{"@type":"ReadAction","target":["https:\/\/accesstruckparts.com\/product\/hydraulic-threaded-valve\/"]}]},{"@type":"ImageObject","inLanguage":"es","@id":"https:\/\/accesstruckparts.com\/product\/hydraulic-threaded-valve\/#primaryimage","url":"https:\/\/accesstruckparts.com\/wp-content\/uploads\/2016\/07\/171-300HYD_Hydraulic-Threaded-Valve_1200x1200-sRGB-1.png","contentUrl":"https:\/\/accesstruckparts.com\/wp-content\/uploads\/2016\/07\/171-300HYD_Hydraulic-Threaded-Valve_1200x1200-sRGB-1.png","width":1200,"height":1200},{"@type":"BreadcrumbList","@id":"https:\/\/accesstruckparts.com\/product\/hydraulic-threaded-valve\/#breadcrumb","itemListElement":[{"@type":"ListItem","position":1,"name":"Home","item":"https:\/\/accesstruckparts.com\/"},{"@type":"ListItem","position":2,"name":"Parts","item":"https:\/\/accesstruckparts.com\/parts\/"},{"@type":"ListItem","position":3,"name":"Hydraulic Threaded Valve, 3\""}]},{"@type":"WebSite","@id":"https:\/\/accesstruckparts.com\/#website","url":"https:\/\/accesstruckparts.com\/","name":"Piezas de camiones Access","description":"Su soluci\u00f3n \u00fanica de piezas para camiones de agua.","publisher":{"@id":"https:\/\/accesstruckparts.com\/#organization"},"potentialAction":[{"@type":"SearchAction","target":{"@type":"EntryPoint","urlTemplate":"https:\/\/accesstruckparts.com\/?s={search_term_string}"},"query-input":{"@type":"PropertyValueSpecification","valueRequired":true,"valueName":"search_term_string"}}],"inLanguage":"es"},{"@type":"Organization","@id":"https:\/\/accesstruckparts.com\/#organization","name":"Piezas de camiones Access","url":"https:\/\/accesstruckparts.com\/","logo":{"@type":"ImageObject","inLanguage":"es","@id":"https:\/\/accesstruckparts.com\/#\/schema\/logo\/image\/","url":"https:\/\/accesstruckparts.com\/wp-content\/uploads\/2018\/02\/ATP_logo_placeholder_2018.jpg","contentUrl":"https:\/\/accesstruckparts.com\/wp-content\/uploads\/2018\/02\/ATP_logo_placeholder_2018.jpg","width":"500","height":"500","caption":"Access Truck Parts"},"image":{"@id":"https:\/\/accesstruckparts.com\/#\/schema\/logo\/image\/"}}]},"product_price_amount":"715.00","product_price_currency":"USD","og_availability":"instock","product_availability":"instock","product_retailer_item_id":"171-300HYD","product_condition":"new"},"_links":{"self":[{"href":"https:\/\/accesstruckparts.com\/es\/wp-json\/wp\/v2\/product\/6984","targetHints":{"allow":["GET"]}}],"collection":[{"href":"https:\/\/accesstruckparts.com\/es\/wp-json\/wp\/v2\/product"}],"about":[{"href":"https:\/\/accesstruckparts.com\/es\/wp-json\/wp\/v2\/types\/product"}],"wp:featuredmedia":[{"embeddable":true,"href":"https:\/\/accesstruckparts.com\/es\/wp-json\/wp\/v2\/media\/49279"}],"wp:attachment":[{"href":"https:\/\/accesstruckparts.com\/es\/wp-json\/wp\/v2\/media?parent=6984"}],"wp:term":[{"taxonomy":"product_brand","embeddable":true,"href":"https:\/\/accesstruckparts.com\/es\/wp-json\/wp\/v2\/product_brand?post=6984"},{"taxonomy":"product_cat","embeddable":true,"href":"https:\/\/accesstruckparts.com\/es\/wp-json\/wp\/v2\/product_cat?post=6984"},{"taxonomy":"product_tag","embeddable":true,"href":"https:\/\/accesstruckparts.com\/es\/wp-json\/wp\/v2\/product_tag?post=6984"}],"curies":[{"name":"wp","href":"https:\/\/api.w.org\/{rel}","templated":true}]}}