{"id":69498,"date":"2020-06-27T14:29:04","date_gmt":"2020-06-27T21:29:04","guid":{"rendered":"https:\/\/accesstruckparts.com\/?post_type=product&#038;p=69498"},"modified":"2026-04-03T16:02:31","modified_gmt":"2026-04-03T23:02:31","slug":"npt-groove-side-spray-head","status":"publish","type":"product","link":"https:\/\/accesstruckparts.com\/es\/product\/npt-groove-side-spray-head\/","title":{"rendered":"Cabezal de pulverizaci\u00f3n lateral FNPT\/ranura"},"content":{"rendered":"<p>Este rociador lateral \"estilo pico de pato\" de 2,5\u2033 FNPT \/ 3\u2033 de ranura es una soluci\u00f3n vers\u00e1til para conexiones de fontaner\u00eda roscadas o ranuradas. Proporciona un chorro estrecho, de gran volumen y alta presi\u00f3n desde una ranura de 6,75\u2033 x 0,25\u2033.<\/p>\n<p>Combina bien con:<\/p>\n<ul>\n<li><a class=\"productLink\" href=\"https:\/\/accesstruckparts.com\/es\/producto\/zero-flex-groove-coupling\/\">Espigas para soldar de 2,5\u2033 (239-250)<\/a><\/li>\n<li><a class=\"productLink\" href=\"https:\/\/accesstruckparts.com\/es\/producto\/90-hilos-calle-conocido-como-codo\/\">Codos de calle roscados de 2,5\u2033 y 90\u00b0 (233-90250)<\/a><\/li>\n<li><a class=\"productLink\" href=\"https:\/\/accesstruckparts.com\/es\/producto\/acoplamiento-angular-acanalado\/\">3&#8243; Angle Pad Groove Coupling (251-300ZFG)<\/a><\/li>\n<li><a class=\"productLink\" href=\"https:\/\/accesstruckparts.com\/es\/producto\/codo-con-ranura-de-90-grados-2\/\">Codos de ranura de 3\u2033 90\u00b0 (241-90300)<\/a><\/li>\n<\/ul>","protected":false},"excerpt":{"rendered":"<p>Cabezal pulverizador lateral ranurado de 2,5\u2033 FNPT\/3\u2033.<\/p>","protected":false},"featured_media":69500,"template":"","meta":[],"product_brand":[],"product_cat":[145],"product_tag":[241,189,316,191,291,203,192],"class_list":{"0":"post-69498","1":"product","2":"type-product","3":"status-publish","4":"has-post-thumbnail","6":"product_cat-spray-head-nozzles","7":"product_tag-2-5","8":"product_tag-3-inch","9":"product_tag-aluminum","10":"product_tag-grooved","11":"product_tag-npt","12":"product_tag-spray-head","13":"product_tag-threaded","15":"first","16":"instock","17":"taxable","18":"shipping-taxable","19":"purchasable","20":"product-type-simple"},"yoast_head":"<!-- This site is optimized with the Yoast SEO Premium plugin v27.3 (Yoast SEO v27.3) - https:\/\/yoast.com\/product\/yoast-seo-premium-wordpress\/ -->\n<title>Buy FNPT\/Groove Side Spray Head online at Access Truck Parts<\/title>\n<meta name=\"description\" content=\"Shop for FNPT\/Groove Side Spray Head with Access Truck Parts. We have the best prices on the market. Browse today!\" \/>\n<meta name=\"robots\" content=\"index, follow, max-snippet:-1, max-image-preview:large, max-video-preview:-1\" \/>\n<link rel=\"canonical\" href=\"https:\/\/accesstruckparts.com\/es\/producto\/npt-groove-side-spray-head\/\" \/>\n<meta property=\"og:locale\" content=\"es_MX\" \/>\n<meta property=\"og:type\" content=\"article\" \/>\n<meta property=\"og:title\" content=\"FNPT\/Groove Side Spray Head\" \/>\n<meta property=\"og:description\" content=\"Shop for FNPT\/Groove Side Spray Head with Access Truck Parts. We have the best prices on the market. Browse today!\" \/>\n<meta property=\"og:url\" content=\"https:\/\/accesstruckparts.com\/es\/producto\/npt-groove-side-spray-head\/\" \/>\n<meta property=\"og:site_name\" content=\"Access Truck Parts\" \/>\n<meta property=\"article:modified_time\" content=\"2026-04-03T23:02:31+00:00\" \/>\n<meta property=\"og:image\" content=\"https:\/\/accesstruckparts.com\/wp-content\/uploads\/2020\/06\/ATP-Spray-Head-Threaded-Grooved-01_1200x1200.png\" \/>\n\t<meta property=\"og:image:width\" content=\"1200\" \/>\n\t<meta property=\"og:image:height\" content=\"1200\" \/>\n\t<meta property=\"og:image:type\" content=\"image\/png\" \/>\n<meta name=\"twitter:label1\" content=\"Precio\" \/>\n\t<meta name=\"twitter:data1\" content=\"&#036;99.95\" \/>\n\t<meta name=\"twitter:label2\" content=\"Disponibilidad\" \/>\n\t<meta name=\"twitter:data2\" content=\"Disponible\" \/>\n<script type=\"application\/ld+json\" class=\"yoast-schema-graph\">{\"@context\":\"https:\\\/\\\/schema.org\",\"@graph\":[{\"@type\":\"WebPage\",\"@id\":\"https:\\\/\\\/accesstruckparts.com\\\/product\\\/npt-groove-side-spray-head\\\/\",\"url\":\"https:\\\/\\\/accesstruckparts.com\\\/product\\\/npt-groove-side-spray-head\\\/\",\"name\":\"Buy FNPT\\\/Groove Side Spray Head online at Access Truck Parts\",\"isPartOf\":{\"@id\":\"https:\\\/\\\/accesstruckparts.com\\\/#website\"},\"primaryImageOfPage\":{\"@id\":\"https:\\\/\\\/accesstruckparts.com\\\/product\\\/npt-groove-side-spray-head\\\/#primaryimage\"},\"image\":{\"@id\":\"https:\\\/\\\/accesstruckparts.com\\\/product\\\/npt-groove-side-spray-head\\\/#primaryimage\"},\"thumbnailUrl\":\"https:\\\/\\\/accesstruckparts.com\\\/wp-content\\\/uploads\\\/2020\\\/06\\\/ATP-Spray-Head-Threaded-Grooved-01_1200x1200.png\",\"datePublished\":\"2020-06-27T21:29:04+00:00\",\"dateModified\":\"2026-04-03T23:02:31+00:00\",\"description\":\"Shop for FNPT\\\/Groove Side Spray Head with Access Truck Parts. We have the best prices on the market. Browse today!\",\"breadcrumb\":{\"@id\":\"https:\\\/\\\/accesstruckparts.com\\\/product\\\/npt-groove-side-spray-head\\\/#breadcrumb\"},\"inLanguage\":\"es\",\"potentialAction\":[{\"@type\":\"ReadAction\",\"target\":[\"https:\\\/\\\/accesstruckparts.com\\\/product\\\/npt-groove-side-spray-head\\\/\"]}]},{\"@type\":\"ImageObject\",\"inLanguage\":\"es\",\"@id\":\"https:\\\/\\\/accesstruckparts.com\\\/product\\\/npt-groove-side-spray-head\\\/#primaryimage\",\"url\":\"https:\\\/\\\/accesstruckparts.com\\\/wp-content\\\/uploads\\\/2020\\\/06\\\/ATP-Spray-Head-Threaded-Grooved-01_1200x1200.png\",\"contentUrl\":\"https:\\\/\\\/accesstruckparts.com\\\/wp-content\\\/uploads\\\/2020\\\/06\\\/ATP-Spray-Head-Threaded-Grooved-01_1200x1200.png\",\"width\":1200,\"height\":1200},{\"@type\":\"BreadcrumbList\",\"@id\":\"https:\\\/\\\/accesstruckparts.com\\\/product\\\/npt-groove-side-spray-head\\\/#breadcrumb\",\"itemListElement\":[{\"@type\":\"ListItem\",\"position\":1,\"name\":\"Home\",\"item\":\"https:\\\/\\\/accesstruckparts.com\\\/\"},{\"@type\":\"ListItem\",\"position\":2,\"name\":\"Parts\",\"item\":\"https:\\\/\\\/accesstruckparts.com\\\/parts\\\/\"},{\"@type\":\"ListItem\",\"position\":3,\"name\":\"FNPT\\\/Groove Side Spray Head\"}]},{\"@type\":\"WebSite\",\"@id\":\"https:\\\/\\\/accesstruckparts.com\\\/#website\",\"url\":\"https:\\\/\\\/accesstruckparts.com\\\/\",\"name\":\"Access Truck Parts\",\"description\":\"Your One Stop Water Truck Parts Solution.\",\"publisher\":{\"@id\":\"https:\\\/\\\/accesstruckparts.com\\\/#organization\"},\"potentialAction\":[{\"@type\":\"SearchAction\",\"target\":{\"@type\":\"EntryPoint\",\"urlTemplate\":\"https:\\\/\\\/accesstruckparts.com\\\/?s={search_term_string}\"},\"query-input\":{\"@type\":\"PropertyValueSpecification\",\"valueRequired\":true,\"valueName\":\"search_term_string\"}}],\"inLanguage\":\"es\"},{\"@type\":\"Organization\",\"@id\":\"https:\\\/\\\/accesstruckparts.com\\\/#organization\",\"name\":\"Access Truck Parts\",\"url\":\"https:\\\/\\\/accesstruckparts.com\\\/\",\"logo\":{\"@type\":\"ImageObject\",\"inLanguage\":\"es\",\"@id\":\"https:\\\/\\\/accesstruckparts.com\\\/#\\\/schema\\\/logo\\\/image\\\/\",\"url\":\"https:\\\/\\\/accesstruckparts.com\\\/wp-content\\\/uploads\\\/2018\\\/02\\\/ATP_logo_placeholder_2018.jpg\",\"contentUrl\":\"https:\\\/\\\/accesstruckparts.com\\\/wp-content\\\/uploads\\\/2018\\\/02\\\/ATP_logo_placeholder_2018.jpg\",\"width\":\"500\",\"height\":\"500\",\"caption\":\"Access Truck Parts\"},\"image\":{\"@id\":\"https:\\\/\\\/accesstruckparts.com\\\/#\\\/schema\\\/logo\\\/image\\\/\"}}]}<\/script>\n<meta property=\"product:price:amount\" content=\"99.95\" \/>\n<meta property=\"product:price:currency\" content=\"USD\" \/>\n<meta property=\"og:availability\" content=\"instock\" \/>\n<meta property=\"product:availability\" content=\"instock\" \/>\n<meta property=\"product:retailer_item_id\" content=\"212-300250THD\" \/>\n<meta property=\"product:condition\" content=\"new\" \/>\n<!-- \/ Yoast SEO Premium plugin. -->","yoast_head_json":{"title":"Compre el cabezal de pulverizaci\u00f3n lateral FNPT\/Groove en l\u00ednea en Access Truck Parts","description":"Compre el cabezal de pulverizaci\u00f3n lateral FNPT\/Groove con Access Truck Parts. Tenemos los mejores precios del mercado. \u00a1Busque hoy mismo!","robots":{"index":"index","follow":"follow","max-snippet":"max-snippet:-1","max-image-preview":"max-image-preview:large","max-video-preview":"max-video-preview:-1"},"canonical":"https:\/\/accesstruckparts.com\/es\/producto\/npt-groove-side-spray-head\/","og_locale":"es_MX","og_type":"article","og_title":"FNPT\/Groove Side Spray Head","og_description":"Shop for FNPT\/Groove Side Spray Head with Access Truck Parts. We have the best prices on the market. Browse today!","og_url":"https:\/\/accesstruckparts.com\/es\/producto\/npt-groove-side-spray-head\/","og_site_name":"Access Truck Parts","article_modified_time":"2026-04-03T23:02:31+00:00","og_image":[{"width":1200,"height":1200,"url":"https:\/\/accesstruckparts.com\/wp-content\/uploads\/2020\/06\/ATP-Spray-Head-Threaded-Grooved-01_1200x1200.png","type":"image\/png"}],"twitter_misc":{"Precio":"&#36;99.95","Disponibilidad":"Disponible"},"schema":{"@context":"https:\/\/schema.org","@graph":[{"@type":"WebPage","@id":"https:\/\/accesstruckparts.com\/product\/npt-groove-side-spray-head\/","url":"https:\/\/accesstruckparts.com\/product\/npt-groove-side-spray-head\/","name":"Compre el cabezal de pulverizaci\u00f3n lateral FNPT\/Groove en l\u00ednea en Access Truck Parts","isPartOf":{"@id":"https:\/\/accesstruckparts.com\/#website"},"primaryImageOfPage":{"@id":"https:\/\/accesstruckparts.com\/product\/npt-groove-side-spray-head\/#primaryimage"},"image":{"@id":"https:\/\/accesstruckparts.com\/product\/npt-groove-side-spray-head\/#primaryimage"},"thumbnailUrl":"https:\/\/accesstruckparts.com\/wp-content\/uploads\/2020\/06\/ATP-Spray-Head-Threaded-Grooved-01_1200x1200.png","datePublished":"2020-06-27T21:29:04+00:00","dateModified":"2026-04-03T23:02:31+00:00","description":"Compre el cabezal de pulverizaci\u00f3n lateral FNPT\/Groove con Access Truck Parts. Tenemos los mejores precios del mercado. \u00a1Busque hoy mismo!","breadcrumb":{"@id":"https:\/\/accesstruckparts.com\/product\/npt-groove-side-spray-head\/#breadcrumb"},"inLanguage":"es","potentialAction":[{"@type":"ReadAction","target":["https:\/\/accesstruckparts.com\/product\/npt-groove-side-spray-head\/"]}]},{"@type":"ImageObject","inLanguage":"es","@id":"https:\/\/accesstruckparts.com\/product\/npt-groove-side-spray-head\/#primaryimage","url":"https:\/\/accesstruckparts.com\/wp-content\/uploads\/2020\/06\/ATP-Spray-Head-Threaded-Grooved-01_1200x1200.png","contentUrl":"https:\/\/accesstruckparts.com\/wp-content\/uploads\/2020\/06\/ATP-Spray-Head-Threaded-Grooved-01_1200x1200.png","width":1200,"height":1200},{"@type":"BreadcrumbList","@id":"https:\/\/accesstruckparts.com\/product\/npt-groove-side-spray-head\/#breadcrumb","itemListElement":[{"@type":"ListItem","position":1,"name":"Home","item":"https:\/\/accesstruckparts.com\/"},{"@type":"ListItem","position":2,"name":"Parts","item":"https:\/\/accesstruckparts.com\/parts\/"},{"@type":"ListItem","position":3,"name":"FNPT\/Groove Side Spray Head"}]},{"@type":"WebSite","@id":"https:\/\/accesstruckparts.com\/#website","url":"https:\/\/accesstruckparts.com\/","name":"Piezas de camiones Access","description":"Su soluci\u00f3n \u00fanica de piezas para camiones de agua.","publisher":{"@id":"https:\/\/accesstruckparts.com\/#organization"},"potentialAction":[{"@type":"SearchAction","target":{"@type":"EntryPoint","urlTemplate":"https:\/\/accesstruckparts.com\/?s={search_term_string}"},"query-input":{"@type":"PropertyValueSpecification","valueRequired":true,"valueName":"search_term_string"}}],"inLanguage":"es"},{"@type":"Organization","@id":"https:\/\/accesstruckparts.com\/#organization","name":"Piezas de camiones Access","url":"https:\/\/accesstruckparts.com\/","logo":{"@type":"ImageObject","inLanguage":"es","@id":"https:\/\/accesstruckparts.com\/#\/schema\/logo\/image\/","url":"https:\/\/accesstruckparts.com\/wp-content\/uploads\/2018\/02\/ATP_logo_placeholder_2018.jpg","contentUrl":"https:\/\/accesstruckparts.com\/wp-content\/uploads\/2018\/02\/ATP_logo_placeholder_2018.jpg","width":"500","height":"500","caption":"Access Truck Parts"},"image":{"@id":"https:\/\/accesstruckparts.com\/#\/schema\/logo\/image\/"}}]},"product_price_amount":"99.95","product_price_currency":"USD","og_availability":"instock","product_availability":"instock","product_retailer_item_id":"212-300250THD","product_condition":"new"},"_links":{"self":[{"href":"https:\/\/accesstruckparts.com\/es\/wp-json\/wp\/v2\/product\/69498","targetHints":{"allow":["GET"]}}],"collection":[{"href":"https:\/\/accesstruckparts.com\/es\/wp-json\/wp\/v2\/product"}],"about":[{"href":"https:\/\/accesstruckparts.com\/es\/wp-json\/wp\/v2\/types\/product"}],"wp:featuredmedia":[{"embeddable":true,"href":"https:\/\/accesstruckparts.com\/es\/wp-json\/wp\/v2\/media\/69500"}],"wp:attachment":[{"href":"https:\/\/accesstruckparts.com\/es\/wp-json\/wp\/v2\/media?parent=69498"}],"wp:term":[{"taxonomy":"product_brand","embeddable":true,"href":"https:\/\/accesstruckparts.com\/es\/wp-json\/wp\/v2\/product_brand?post=69498"},{"taxonomy":"product_cat","embeddable":true,"href":"https:\/\/accesstruckparts.com\/es\/wp-json\/wp\/v2\/product_cat?post=69498"},{"taxonomy":"product_tag","embeddable":true,"href":"https:\/\/accesstruckparts.com\/es\/wp-json\/wp\/v2\/product_tag?post=69498"}],"curies":[{"name":"wp","href":"https:\/\/api.w.org\/{rel}","templated":true}]}}