{"id":69062,"date":"2020-06-17T08:59:14","date_gmt":"2020-06-17T15:59:14","guid":{"rendered":"https:\/\/accesstruckparts.com\/?post_type=product&#038;p=69062"},"modified":"2026-04-19T14:30:35","modified_gmt":"2026-04-19T21:30:35","slug":"90-groove-elbow-galvanized","status":"publish","type":"product","link":"https:\/\/accesstruckparts.com\/es\/product\/90-groove-elbow-galvanized\/","title":{"rendered":"Codo de ranura de 90\u00b0 (galvanizado)"},"content":{"rendered":"<p>Estos codos de hierro d\u00factil galvanizado de 90\u00b0 se suministran con extremos ranurados para permitir una instalaci\u00f3n r\u00e1pida sin necesidad de preparaci\u00f3n en el campo.<\/p>\n<p>Disponible en versiones de radio completo y corto (SR).<\/p>\n<p>Se combina con nuestros diversos estilos de <a class=\"productLink\" href=\"https:\/\/accesstruckparts.com\/es\/categoria-de-producto\/acoplamientos-y-accesorios-2\/accesorios-de-tuberia-ranurados\/acoplamientos-ranurados\/\">Acoplamientos de ranura<\/a>.<\/p>","protected":false},"excerpt":{"rendered":"<p>Codo de ranura galvanizado de 90<\/p>","protected":false},"featured_media":69074,"template":"","meta":[],"product_brand":[],"product_cat":[163],"product_tag":[292,318,191],"class_list":{"0":"post-69062","1":"product","2":"type-product","3":"status-publish","4":"has-post-thumbnail","6":"product_cat-groove-elbows-and-tees","7":"product_tag-ductile-iron","8":"product_tag-galvanized","9":"product_tag-grooved","11":"first","12":"instock","13":"taxable","14":"shipping-taxable","15":"product-type-variable"},"yoast_head":"<!-- This site is optimized with the Yoast SEO Premium plugin v27.4 (Yoast SEO v27.4) - https:\/\/yoast.com\/product\/yoast-seo-premium-wordpress\/ -->\n<title>Buy 90\u00b0 Groove Elbow (Galvanized) online at Access Truck Parts<\/title>\n<meta name=\"description\" content=\"Shop for 90\u00b0 Groove Elbow (Galvanized) with Access Truck Parts. We have the best prices on the market. Browse today!\" \/>\n<meta name=\"robots\" content=\"index, follow, max-snippet:-1, max-image-preview:large, max-video-preview:-1\" \/>\n<link rel=\"canonical\" href=\"https:\/\/accesstruckparts.com\/es\/producto\/90-groove-elbow-galvanized\/\" \/>\n<meta property=\"og:locale\" content=\"es_MX\" \/>\n<meta property=\"og:type\" content=\"article\" \/>\n<meta property=\"og:title\" content=\"90\u00b0 Groove Elbow (Galvanized)\" \/>\n<meta property=\"og:description\" content=\"Shop for 90\u00b0 Groove Elbow (Galvanized) with Access Truck Parts. We have the best prices on the market. Browse today!\" \/>\n<meta property=\"og:url\" content=\"https:\/\/accesstruckparts.com\/es\/producto\/90-groove-elbow-galvanized\/\" \/>\n<meta property=\"og:site_name\" content=\"Access Truck Parts\" \/>\n<meta property=\"article:modified_time\" content=\"2026-04-19T21:30:35+00:00\" \/>\n<meta property=\"og:image\" content=\"https:\/\/accesstruckparts.com\/wp-content\/uploads\/2020\/06\/241-90300-G_90-Degree-Groove-Elbow-Galvanized_1200x1200.png\" \/>\n\t<meta property=\"og:image:width\" content=\"1200\" \/>\n\t<meta property=\"og:image:height\" content=\"1200\" \/>\n\t<meta property=\"og:image:type\" content=\"image\/png\" \/>\n<meta name=\"twitter:label1\" content=\"Disponibilidad\" \/>\n\t<meta name=\"twitter:data1\" content=\"Disponible\" \/>\n<script type=\"application\/ld+json\" class=\"yoast-schema-graph\">{\"@context\":\"https:\\\/\\\/schema.org\",\"@graph\":[{\"@type\":\"WebPage\",\"@id\":\"https:\\\/\\\/accesstruckparts.com\\\/product\\\/90-groove-elbow-galvanized\\\/\",\"url\":\"https:\\\/\\\/accesstruckparts.com\\\/product\\\/90-groove-elbow-galvanized\\\/\",\"name\":\"Buy 90\u00b0 Groove Elbow (Galvanized) online at Access Truck Parts\",\"isPartOf\":{\"@id\":\"https:\\\/\\\/accesstruckparts.com\\\/#website\"},\"primaryImageOfPage\":{\"@id\":\"https:\\\/\\\/accesstruckparts.com\\\/product\\\/90-groove-elbow-galvanized\\\/#primaryimage\"},\"image\":{\"@id\":\"https:\\\/\\\/accesstruckparts.com\\\/product\\\/90-groove-elbow-galvanized\\\/#primaryimage\"},\"thumbnailUrl\":\"https:\\\/\\\/accesstruckparts.com\\\/wp-content\\\/uploads\\\/2020\\\/06\\\/241-90300-G_90-Degree-Groove-Elbow-Galvanized_1200x1200.png\",\"datePublished\":\"2020-06-17T15:59:14+00:00\",\"dateModified\":\"2026-04-19T21:30:35+00:00\",\"description\":\"Shop for 90\u00b0 Groove Elbow (Galvanized) with Access Truck Parts. We have the best prices on the market. Browse today!\",\"breadcrumb\":{\"@id\":\"https:\\\/\\\/accesstruckparts.com\\\/product\\\/90-groove-elbow-galvanized\\\/#breadcrumb\"},\"inLanguage\":\"es\",\"potentialAction\":[{\"@type\":\"ReadAction\",\"target\":[\"https:\\\/\\\/accesstruckparts.com\\\/product\\\/90-groove-elbow-galvanized\\\/\"]}]},{\"@type\":\"ImageObject\",\"inLanguage\":\"es\",\"@id\":\"https:\\\/\\\/accesstruckparts.com\\\/product\\\/90-groove-elbow-galvanized\\\/#primaryimage\",\"url\":\"https:\\\/\\\/accesstruckparts.com\\\/wp-content\\\/uploads\\\/2020\\\/06\\\/241-90300-G_90-Degree-Groove-Elbow-Galvanized_1200x1200.png\",\"contentUrl\":\"https:\\\/\\\/accesstruckparts.com\\\/wp-content\\\/uploads\\\/2020\\\/06\\\/241-90300-G_90-Degree-Groove-Elbow-Galvanized_1200x1200.png\",\"width\":1200,\"height\":1200},{\"@type\":\"BreadcrumbList\",\"@id\":\"https:\\\/\\\/accesstruckparts.com\\\/product\\\/90-groove-elbow-galvanized\\\/#breadcrumb\",\"itemListElement\":[{\"@type\":\"ListItem\",\"position\":1,\"name\":\"Home\",\"item\":\"https:\\\/\\\/accesstruckparts.com\\\/\"},{\"@type\":\"ListItem\",\"position\":2,\"name\":\"Parts\",\"item\":\"https:\\\/\\\/accesstruckparts.com\\\/parts\\\/\"},{\"@type\":\"ListItem\",\"position\":3,\"name\":\"90\u00b0 Groove Elbow (Galvanized)\"}]},{\"@type\":\"WebSite\",\"@id\":\"https:\\\/\\\/accesstruckparts.com\\\/#website\",\"url\":\"https:\\\/\\\/accesstruckparts.com\\\/\",\"name\":\"Access Truck Parts\",\"description\":\"Your One Stop Water Truck Parts Solution.\",\"publisher\":{\"@id\":\"https:\\\/\\\/accesstruckparts.com\\\/#organization\"},\"potentialAction\":[{\"@type\":\"SearchAction\",\"target\":{\"@type\":\"EntryPoint\",\"urlTemplate\":\"https:\\\/\\\/accesstruckparts.com\\\/?s={search_term_string}\"},\"query-input\":{\"@type\":\"PropertyValueSpecification\",\"valueRequired\":true,\"valueName\":\"search_term_string\"}}],\"inLanguage\":\"es\"},{\"@type\":\"Organization\",\"@id\":\"https:\\\/\\\/accesstruckparts.com\\\/#organization\",\"name\":\"Access Truck Parts\",\"url\":\"https:\\\/\\\/accesstruckparts.com\\\/\",\"logo\":{\"@type\":\"ImageObject\",\"inLanguage\":\"es\",\"@id\":\"https:\\\/\\\/accesstruckparts.com\\\/#\\\/schema\\\/logo\\\/image\\\/\",\"url\":\"https:\\\/\\\/accesstruckparts.com\\\/wp-content\\\/uploads\\\/2018\\\/02\\\/ATP_logo_placeholder_2018.jpg\",\"contentUrl\":\"https:\\\/\\\/accesstruckparts.com\\\/wp-content\\\/uploads\\\/2018\\\/02\\\/ATP_logo_placeholder_2018.jpg\",\"width\":\"500\",\"height\":\"500\",\"caption\":\"Access Truck Parts\"},\"image\":{\"@id\":\"https:\\\/\\\/accesstruckparts.com\\\/#\\\/schema\\\/logo\\\/image\\\/\"}}]}<\/script>\n<meta property=\"og:availability\" content=\"instock\" \/>\n<meta property=\"product:availability\" content=\"instock\" \/>\n<meta property=\"product:retailer_item_id\" content=\"241-90-G\" \/>\n<meta property=\"product:condition\" content=\"new\" \/>\n<!-- \/ Yoast SEO Premium plugin. -->","yoast_head_json":{"title":"Comprar codo de ranura de 90\u00b0 (galvanizado) en l\u00ednea en Access Truck Parts","description":"Compre el codo de ranura de 90\u00b0 (galvanizado) con Access Truck Parts. Tenemos los mejores precios del mercado. \u00a1Busque hoy mismo!","robots":{"index":"index","follow":"follow","max-snippet":"max-snippet:-1","max-image-preview":"max-image-preview:large","max-video-preview":"max-video-preview:-1"},"canonical":"https:\/\/accesstruckparts.com\/es\/producto\/90-groove-elbow-galvanized\/","og_locale":"es_MX","og_type":"article","og_title":"90\u00b0 Groove Elbow (Galvanized)","og_description":"Shop for 90\u00b0 Groove Elbow (Galvanized) with Access Truck Parts. We have the best prices on the market. Browse today!","og_url":"https:\/\/accesstruckparts.com\/es\/producto\/90-groove-elbow-galvanized\/","og_site_name":"Access Truck Parts","article_modified_time":"2026-04-19T21:30:35+00:00","og_image":[{"width":1200,"height":1200,"url":"https:\/\/accesstruckparts.com\/wp-content\/uploads\/2020\/06\/241-90300-G_90-Degree-Groove-Elbow-Galvanized_1200x1200.png","type":"image\/png"}],"twitter_misc":{"Disponibilidad":"Disponible"},"schema":{"@context":"https:\/\/schema.org","@graph":[{"@type":"WebPage","@id":"https:\/\/accesstruckparts.com\/product\/90-groove-elbow-galvanized\/","url":"https:\/\/accesstruckparts.com\/product\/90-groove-elbow-galvanized\/","name":"Comprar codo de ranura de 90\u00b0 (galvanizado) en l\u00ednea en Access Truck Parts","isPartOf":{"@id":"https:\/\/accesstruckparts.com\/#website"},"primaryImageOfPage":{"@id":"https:\/\/accesstruckparts.com\/product\/90-groove-elbow-galvanized\/#primaryimage"},"image":{"@id":"https:\/\/accesstruckparts.com\/product\/90-groove-elbow-galvanized\/#primaryimage"},"thumbnailUrl":"https:\/\/accesstruckparts.com\/wp-content\/uploads\/2020\/06\/241-90300-G_90-Degree-Groove-Elbow-Galvanized_1200x1200.png","datePublished":"2020-06-17T15:59:14+00:00","dateModified":"2026-04-19T21:30:35+00:00","description":"Compre el codo de ranura de 90\u00b0 (galvanizado) con Access Truck Parts. Tenemos los mejores precios del mercado. \u00a1Busque hoy mismo!","breadcrumb":{"@id":"https:\/\/accesstruckparts.com\/product\/90-groove-elbow-galvanized\/#breadcrumb"},"inLanguage":"es","potentialAction":[{"@type":"ReadAction","target":["https:\/\/accesstruckparts.com\/product\/90-groove-elbow-galvanized\/"]}]},{"@type":"ImageObject","inLanguage":"es","@id":"https:\/\/accesstruckparts.com\/product\/90-groove-elbow-galvanized\/#primaryimage","url":"https:\/\/accesstruckparts.com\/wp-content\/uploads\/2020\/06\/241-90300-G_90-Degree-Groove-Elbow-Galvanized_1200x1200.png","contentUrl":"https:\/\/accesstruckparts.com\/wp-content\/uploads\/2020\/06\/241-90300-G_90-Degree-Groove-Elbow-Galvanized_1200x1200.png","width":1200,"height":1200},{"@type":"BreadcrumbList","@id":"https:\/\/accesstruckparts.com\/product\/90-groove-elbow-galvanized\/#breadcrumb","itemListElement":[{"@type":"ListItem","position":1,"name":"Home","item":"https:\/\/accesstruckparts.com\/"},{"@type":"ListItem","position":2,"name":"Parts","item":"https:\/\/accesstruckparts.com\/parts\/"},{"@type":"ListItem","position":3,"name":"90\u00b0 Groove Elbow (Galvanized)"}]},{"@type":"WebSite","@id":"https:\/\/accesstruckparts.com\/#website","url":"https:\/\/accesstruckparts.com\/","name":"Piezas de camiones Access","description":"Su soluci\u00f3n \u00fanica de piezas para camiones de agua.","publisher":{"@id":"https:\/\/accesstruckparts.com\/#organization"},"potentialAction":[{"@type":"SearchAction","target":{"@type":"EntryPoint","urlTemplate":"https:\/\/accesstruckparts.com\/?s={search_term_string}"},"query-input":{"@type":"PropertyValueSpecification","valueRequired":true,"valueName":"search_term_string"}}],"inLanguage":"es"},{"@type":"Organization","@id":"https:\/\/accesstruckparts.com\/#organization","name":"Piezas de camiones Access","url":"https:\/\/accesstruckparts.com\/","logo":{"@type":"ImageObject","inLanguage":"es","@id":"https:\/\/accesstruckparts.com\/#\/schema\/logo\/image\/","url":"https:\/\/accesstruckparts.com\/wp-content\/uploads\/2018\/02\/ATP_logo_placeholder_2018.jpg","contentUrl":"https:\/\/accesstruckparts.com\/wp-content\/uploads\/2018\/02\/ATP_logo_placeholder_2018.jpg","width":"500","height":"500","caption":"Access Truck Parts"},"image":{"@id":"https:\/\/accesstruckparts.com\/#\/schema\/logo\/image\/"}}]},"og_availability":"instock","product_availability":"instock","product_retailer_item_id":"241-90-G","product_condition":"new"},"_links":{"self":[{"href":"https:\/\/accesstruckparts.com\/es\/wp-json\/wp\/v2\/product\/69062","targetHints":{"allow":["GET"]}}],"collection":[{"href":"https:\/\/accesstruckparts.com\/es\/wp-json\/wp\/v2\/product"}],"about":[{"href":"https:\/\/accesstruckparts.com\/es\/wp-json\/wp\/v2\/types\/product"}],"wp:featuredmedia":[{"embeddable":true,"href":"https:\/\/accesstruckparts.com\/es\/wp-json\/wp\/v2\/media\/69074"}],"wp:attachment":[{"href":"https:\/\/accesstruckparts.com\/es\/wp-json\/wp\/v2\/media?parent=69062"}],"wp:term":[{"taxonomy":"product_brand","embeddable":true,"href":"https:\/\/accesstruckparts.com\/es\/wp-json\/wp\/v2\/product_brand?post=69062"},{"taxonomy":"product_cat","embeddable":true,"href":"https:\/\/accesstruckparts.com\/es\/wp-json\/wp\/v2\/product_cat?post=69062"},{"taxonomy":"product_tag","embeddable":true,"href":"https:\/\/accesstruckparts.com\/es\/wp-json\/wp\/v2\/product_tag?post=69062"}],"curies":[{"name":"wp","href":"https:\/\/api.w.org\/{rel}","templated":true}]}}