{"id":58742,"date":"2019-11-26T13:08:29","date_gmt":"2019-11-26T20:08:29","guid":{"rendered":"https:\/\/accesstruckparts.com\/?post_type=product&#038;p=58742"},"modified":"2026-04-03T22:43:13","modified_gmt":"2026-04-04T05:43:13","slug":"ranura-mariposa-valvula-muelle-retorno","status":"publish","type":"product","link":"https:\/\/accesstruckparts.com\/es\/product\/groove-butterfly-valve-spring-return\/","title":{"rendered":"V\u00e1lvula de mariposa de ranura (retorno por muelle)"},"content":{"rendered":"<p>V\u00e1lvula de mariposa de ranura (apertura por aire\/retorno por muelle). Cuerpo de hierro d\u00factil, asiento de EDPM, 150 PSI m\u00e1x.<\/p>","protected":false},"excerpt":{"rendered":"<p>V\u00e1lvula de mariposa de ranura (apertura por aire\/retorno por muelle)<\/p>","protected":false},"featured_media":58747,"template":"","meta":[],"product_brand":[],"product_cat":[99],"product_tag":[241,189,269,272,233,191],"class_list":{"0":"post-58742","1":"product","2":"type-product","3":"status-publish","4":"has-post-thumbnail","6":"product_cat-air-butterfly-valves","7":"product_tag-2-5","8":"product_tag-3-inch","9":"product_tag-269","10":"product_tag-272","11":"product_tag-butterfly-valve","12":"product_tag-grooved","14":"first","15":"instock","16":"taxable","17":"shipping-taxable","18":"product-type-variable"},"yoast_head":"<!-- This site is optimized with the Yoast SEO Premium plugin v27.3 (Yoast SEO v27.3) - https:\/\/yoast.com\/product\/yoast-seo-premium-wordpress\/ -->\n<title>Buy Groove Butterfly Valve (Spring Return) online at Access Truck Parts<\/title>\n<meta name=\"description\" content=\"Shop for Groove Butterfly Valve (Spring Return) with Access Truck Parts. We have the best prices on the market. Browse today!\" \/>\n<meta name=\"robots\" content=\"index, follow, max-snippet:-1, max-image-preview:large, max-video-preview:-1\" \/>\n<link rel=\"canonical\" href=\"https:\/\/accesstruckparts.com\/es\/producto\/ranura-mariposa-valvula-muelle-retorno\/\" \/>\n<meta property=\"og:locale\" content=\"es_MX\" \/>\n<meta property=\"og:type\" content=\"article\" \/>\n<meta property=\"og:title\" content=\"Groove Butterfly Valve (Spring Return)\" \/>\n<meta property=\"og:description\" content=\"Shop for Groove Butterfly Valve (Spring Return) with Access Truck Parts. We have the best prices on the market. Browse today!\" \/>\n<meta property=\"og:url\" content=\"https:\/\/accesstruckparts.com\/es\/producto\/ranura-mariposa-valvula-muelle-retorno\/\" \/>\n<meta property=\"og:site_name\" content=\"Access Truck Parts\" \/>\n<meta property=\"article:modified_time\" content=\"2026-04-04T05:43:13+00:00\" \/>\n<meta property=\"og:image\" content=\"https:\/\/accesstruckparts.com\/wp-content\/uploads\/2019\/11\/174B-300SR_Groove-Butterfly-Valve-Air-Open-Spring-Return_1200x1200-sRGB.png\" \/>\n\t<meta property=\"og:image:width\" content=\"1200\" \/>\n\t<meta property=\"og:image:height\" content=\"1200\" \/>\n\t<meta property=\"og:image:type\" content=\"image\/png\" \/>\n<meta name=\"twitter:label1\" content=\"Disponibilidad\" \/>\n\t<meta name=\"twitter:data1\" content=\"Disponible\" \/>\n<script type=\"application\/ld+json\" class=\"yoast-schema-graph\">{\"@context\":\"https:\\\/\\\/schema.org\",\"@graph\":[{\"@type\":\"WebPage\",\"@id\":\"https:\\\/\\\/accesstruckparts.com\\\/product\\\/groove-butterfly-valve-spring-return\\\/\",\"url\":\"https:\\\/\\\/accesstruckparts.com\\\/product\\\/groove-butterfly-valve-spring-return\\\/\",\"name\":\"Buy Groove Butterfly Valve (Spring Return) online at Access Truck Parts\",\"isPartOf\":{\"@id\":\"https:\\\/\\\/accesstruckparts.com\\\/#website\"},\"primaryImageOfPage\":{\"@id\":\"https:\\\/\\\/accesstruckparts.com\\\/product\\\/groove-butterfly-valve-spring-return\\\/#primaryimage\"},\"image\":{\"@id\":\"https:\\\/\\\/accesstruckparts.com\\\/product\\\/groove-butterfly-valve-spring-return\\\/#primaryimage\"},\"thumbnailUrl\":\"https:\\\/\\\/accesstruckparts.com\\\/wp-content\\\/uploads\\\/2019\\\/11\\\/174B-300SR_Groove-Butterfly-Valve-Air-Open-Spring-Return_1200x1200-sRGB.png\",\"datePublished\":\"2019-11-26T20:08:29+00:00\",\"dateModified\":\"2026-04-04T05:43:13+00:00\",\"description\":\"Shop for Groove Butterfly Valve (Spring Return) with Access Truck Parts. We have the best prices on the market. Browse today!\",\"breadcrumb\":{\"@id\":\"https:\\\/\\\/accesstruckparts.com\\\/product\\\/groove-butterfly-valve-spring-return\\\/#breadcrumb\"},\"inLanguage\":\"es\",\"potentialAction\":[{\"@type\":\"ReadAction\",\"target\":[\"https:\\\/\\\/accesstruckparts.com\\\/product\\\/groove-butterfly-valve-spring-return\\\/\"]}]},{\"@type\":\"ImageObject\",\"inLanguage\":\"es\",\"@id\":\"https:\\\/\\\/accesstruckparts.com\\\/product\\\/groove-butterfly-valve-spring-return\\\/#primaryimage\",\"url\":\"https:\\\/\\\/accesstruckparts.com\\\/wp-content\\\/uploads\\\/2019\\\/11\\\/174B-300SR_Groove-Butterfly-Valve-Air-Open-Spring-Return_1200x1200-sRGB.png\",\"contentUrl\":\"https:\\\/\\\/accesstruckparts.com\\\/wp-content\\\/uploads\\\/2019\\\/11\\\/174B-300SR_Groove-Butterfly-Valve-Air-Open-Spring-Return_1200x1200-sRGB.png\",\"width\":1200,\"height\":1200},{\"@type\":\"BreadcrumbList\",\"@id\":\"https:\\\/\\\/accesstruckparts.com\\\/product\\\/groove-butterfly-valve-spring-return\\\/#breadcrumb\",\"itemListElement\":[{\"@type\":\"ListItem\",\"position\":1,\"name\":\"Home\",\"item\":\"https:\\\/\\\/accesstruckparts.com\\\/\"},{\"@type\":\"ListItem\",\"position\":2,\"name\":\"Parts\",\"item\":\"https:\\\/\\\/accesstruckparts.com\\\/parts\\\/\"},{\"@type\":\"ListItem\",\"position\":3,\"name\":\"Groove Butterfly Valve (Spring Return)\"}]},{\"@type\":\"WebSite\",\"@id\":\"https:\\\/\\\/accesstruckparts.com\\\/#website\",\"url\":\"https:\\\/\\\/accesstruckparts.com\\\/\",\"name\":\"Access Truck Parts\",\"description\":\"Your One Stop Water Truck Parts Solution.\",\"publisher\":{\"@id\":\"https:\\\/\\\/accesstruckparts.com\\\/#organization\"},\"potentialAction\":[{\"@type\":\"SearchAction\",\"target\":{\"@type\":\"EntryPoint\",\"urlTemplate\":\"https:\\\/\\\/accesstruckparts.com\\\/?s={search_term_string}\"},\"query-input\":{\"@type\":\"PropertyValueSpecification\",\"valueRequired\":true,\"valueName\":\"search_term_string\"}}],\"inLanguage\":\"es\"},{\"@type\":\"Organization\",\"@id\":\"https:\\\/\\\/accesstruckparts.com\\\/#organization\",\"name\":\"Access Truck Parts\",\"url\":\"https:\\\/\\\/accesstruckparts.com\\\/\",\"logo\":{\"@type\":\"ImageObject\",\"inLanguage\":\"es\",\"@id\":\"https:\\\/\\\/accesstruckparts.com\\\/#\\\/schema\\\/logo\\\/image\\\/\",\"url\":\"https:\\\/\\\/accesstruckparts.com\\\/wp-content\\\/uploads\\\/2018\\\/02\\\/ATP_logo_placeholder_2018.jpg\",\"contentUrl\":\"https:\\\/\\\/accesstruckparts.com\\\/wp-content\\\/uploads\\\/2018\\\/02\\\/ATP_logo_placeholder_2018.jpg\",\"width\":\"500\",\"height\":\"500\",\"caption\":\"Access Truck Parts\"},\"image\":{\"@id\":\"https:\\\/\\\/accesstruckparts.com\\\/#\\\/schema\\\/logo\\\/image\\\/\"}}]}<\/script>\n<meta property=\"og:availability\" content=\"instock\" \/>\n<meta property=\"product:availability\" content=\"instock\" \/>\n<meta property=\"product:retailer_item_id\" content=\"174B-SR\" \/>\n<meta property=\"product:condition\" content=\"new\" \/>\n<!-- \/ Yoast SEO Premium plugin. -->","yoast_head_json":{"title":"Comprar v\u00e1lvula de mariposa de ranura (retorno por muelle) en l\u00ednea en Access Truck Parts","description":"Compre la v\u00e1lvula de mariposa de ranura (retorno por muelle) con Access Truck Parts. Tenemos los mejores precios del mercado. \u00a1Busque hoy mismo!","robots":{"index":"index","follow":"follow","max-snippet":"max-snippet:-1","max-image-preview":"max-image-preview:large","max-video-preview":"max-video-preview:-1"},"canonical":"https:\/\/accesstruckparts.com\/es\/producto\/ranura-mariposa-valvula-muelle-retorno\/","og_locale":"es_MX","og_type":"article","og_title":"Groove Butterfly Valve (Spring Return)","og_description":"Shop for Groove Butterfly Valve (Spring Return) with Access Truck Parts. We have the best prices on the market. Browse today!","og_url":"https:\/\/accesstruckparts.com\/es\/producto\/ranura-mariposa-valvula-muelle-retorno\/","og_site_name":"Access Truck Parts","article_modified_time":"2026-04-04T05:43:13+00:00","og_image":[{"width":1200,"height":1200,"url":"https:\/\/accesstruckparts.com\/wp-content\/uploads\/2019\/11\/174B-300SR_Groove-Butterfly-Valve-Air-Open-Spring-Return_1200x1200-sRGB.png","type":"image\/png"}],"twitter_misc":{"Disponibilidad":"Disponible"},"schema":{"@context":"https:\/\/schema.org","@graph":[{"@type":"WebPage","@id":"https:\/\/accesstruckparts.com\/product\/groove-butterfly-valve-spring-return\/","url":"https:\/\/accesstruckparts.com\/product\/groove-butterfly-valve-spring-return\/","name":"Comprar v\u00e1lvula de mariposa de ranura (retorno por muelle) en l\u00ednea en Access Truck Parts","isPartOf":{"@id":"https:\/\/accesstruckparts.com\/#website"},"primaryImageOfPage":{"@id":"https:\/\/accesstruckparts.com\/product\/groove-butterfly-valve-spring-return\/#primaryimage"},"image":{"@id":"https:\/\/accesstruckparts.com\/product\/groove-butterfly-valve-spring-return\/#primaryimage"},"thumbnailUrl":"https:\/\/accesstruckparts.com\/wp-content\/uploads\/2019\/11\/174B-300SR_Groove-Butterfly-Valve-Air-Open-Spring-Return_1200x1200-sRGB.png","datePublished":"2019-11-26T20:08:29+00:00","dateModified":"2026-04-04T05:43:13+00:00","description":"Compre la v\u00e1lvula de mariposa de ranura (retorno por muelle) con Access Truck Parts. Tenemos los mejores precios del mercado. \u00a1Busque hoy mismo!","breadcrumb":{"@id":"https:\/\/accesstruckparts.com\/product\/groove-butterfly-valve-spring-return\/#breadcrumb"},"inLanguage":"es","potentialAction":[{"@type":"ReadAction","target":["https:\/\/accesstruckparts.com\/product\/groove-butterfly-valve-spring-return\/"]}]},{"@type":"ImageObject","inLanguage":"es","@id":"https:\/\/accesstruckparts.com\/product\/groove-butterfly-valve-spring-return\/#primaryimage","url":"https:\/\/accesstruckparts.com\/wp-content\/uploads\/2019\/11\/174B-300SR_Groove-Butterfly-Valve-Air-Open-Spring-Return_1200x1200-sRGB.png","contentUrl":"https:\/\/accesstruckparts.com\/wp-content\/uploads\/2019\/11\/174B-300SR_Groove-Butterfly-Valve-Air-Open-Spring-Return_1200x1200-sRGB.png","width":1200,"height":1200},{"@type":"BreadcrumbList","@id":"https:\/\/accesstruckparts.com\/product\/groove-butterfly-valve-spring-return\/#breadcrumb","itemListElement":[{"@type":"ListItem","position":1,"name":"Home","item":"https:\/\/accesstruckparts.com\/"},{"@type":"ListItem","position":2,"name":"Parts","item":"https:\/\/accesstruckparts.com\/parts\/"},{"@type":"ListItem","position":3,"name":"Groove Butterfly Valve (Spring Return)"}]},{"@type":"WebSite","@id":"https:\/\/accesstruckparts.com\/#website","url":"https:\/\/accesstruckparts.com\/","name":"Piezas de camiones Access","description":"Su soluci\u00f3n \u00fanica de piezas para camiones de agua.","publisher":{"@id":"https:\/\/accesstruckparts.com\/#organization"},"potentialAction":[{"@type":"SearchAction","target":{"@type":"EntryPoint","urlTemplate":"https:\/\/accesstruckparts.com\/?s={search_term_string}"},"query-input":{"@type":"PropertyValueSpecification","valueRequired":true,"valueName":"search_term_string"}}],"inLanguage":"es"},{"@type":"Organization","@id":"https:\/\/accesstruckparts.com\/#organization","name":"Piezas de camiones Access","url":"https:\/\/accesstruckparts.com\/","logo":{"@type":"ImageObject","inLanguage":"es","@id":"https:\/\/accesstruckparts.com\/#\/schema\/logo\/image\/","url":"https:\/\/accesstruckparts.com\/wp-content\/uploads\/2018\/02\/ATP_logo_placeholder_2018.jpg","contentUrl":"https:\/\/accesstruckparts.com\/wp-content\/uploads\/2018\/02\/ATP_logo_placeholder_2018.jpg","width":"500","height":"500","caption":"Access Truck Parts"},"image":{"@id":"https:\/\/accesstruckparts.com\/#\/schema\/logo\/image\/"}}]},"og_availability":"instock","product_availability":"instock","product_retailer_item_id":"174B-SR","product_condition":"new"},"_links":{"self":[{"href":"https:\/\/accesstruckparts.com\/es\/wp-json\/wp\/v2\/product\/58742","targetHints":{"allow":["GET"]}}],"collection":[{"href":"https:\/\/accesstruckparts.com\/es\/wp-json\/wp\/v2\/product"}],"about":[{"href":"https:\/\/accesstruckparts.com\/es\/wp-json\/wp\/v2\/types\/product"}],"wp:featuredmedia":[{"embeddable":true,"href":"https:\/\/accesstruckparts.com\/es\/wp-json\/wp\/v2\/media\/58747"}],"wp:attachment":[{"href":"https:\/\/accesstruckparts.com\/es\/wp-json\/wp\/v2\/media?parent=58742"}],"wp:term":[{"taxonomy":"product_brand","embeddable":true,"href":"https:\/\/accesstruckparts.com\/es\/wp-json\/wp\/v2\/product_brand?post=58742"},{"taxonomy":"product_cat","embeddable":true,"href":"https:\/\/accesstruckparts.com\/es\/wp-json\/wp\/v2\/product_cat?post=58742"},{"taxonomy":"product_tag","embeddable":true,"href":"https:\/\/accesstruckparts.com\/es\/wp-json\/wp\/v2\/product_tag?post=58742"}],"curies":[{"name":"wp","href":"https:\/\/api.w.org\/{rel}","templated":true}]}}