{"id":50943,"date":"2019-08-27T16:37:08","date_gmt":"2019-08-27T23:37:08","guid":{"rendered":"https:\/\/accesstruckparts.com\/?post_type=product&#038;p=50943"},"modified":"2026-04-19T05:24:19","modified_gmt":"2026-04-19T12:24:19","slug":"carrete-de-manguera-electrica","status":"publish","type":"product","link":"https:\/\/accesstruckparts.com\/es\/product\/electric-rewind-hose-reel\/","title":{"rendered":"Carrete de manguera de rebobinado el\u00e9ctrico Coxreels"},"content":{"rendered":"<p>El carrete de manguera de rebobinado el\u00e9ctrico Coxreels\u00ae est\u00e1 fabricado con una construcci\u00f3n de acero de grado profesional, bordes laminados y discos acanalados para mayor resistencia y seguridad, con un exclusivo elevador de salida de bajo perfil. El bastidor en forma de A de acero de calibre 12, de una sola pieza, proporciona un soporte y una estabilidad superiores al carrete, al tiempo que mantiene un c\u00f3modo patr\u00f3n de montaje para una instalaci\u00f3n\/retirada sencilla. Otras caracter\u00edsticas incluyen un acabado con recubrimiento de polvo, un eslab\u00f3n giratorio NPT de 90\u00b0 de acero niquelado qu\u00edmicamente con junta de nitrilo, rodamientos de precisi\u00f3n con lubricaci\u00f3n permanente y una fiable transmisi\u00f3n de engranaje directo sin cadena.<\/p>\n<p>Puede utilizarse para aplicaciones de aire o agua.<\/p>","protected":false},"excerpt":{"rendered":"<p>Enrollador de mangueras el\u00e9ctrico<\/p>","protected":false},"featured_media":50946,"template":"","meta":[],"product_brand":[],"product_cat":[71],"product_tag":[199,297,308,291,298,300,299],"class_list":{"0":"post-50943","1":"product","2":"type-product","3":"status-publish","4":"has-post-thumbnail","6":"product_cat-hose-reels","7":"product_tag-12-volt","8":"product_tag-air-hose","9":"product_tag-coxreels","10":"product_tag-npt","11":"product_tag-reels","12":"product_tag-spring-rewind","13":"product_tag-water-hose","14":"product_shipping_class-ltl_freight","16":"first","17":"instock","18":"taxable","19":"shipping-taxable","20":"product-type-variable"},"yoast_head":"<!-- This site is optimized with the Yoast SEO Premium plugin v27.4 (Yoast SEO v27.4) - https:\/\/yoast.com\/product\/yoast-seo-premium-wordpress\/ -->\n<title>Buy Coxreels\u00ae Electric Rewind Hose Reel online at Access Truck Parts<\/title>\n<meta name=\"description\" content=\"Shop for Coxreels\u00ae Electric Rewind Hose Reel with Access Truck Parts. We have the best prices on the market. Browse today!\" \/>\n<meta name=\"robots\" content=\"index, follow, max-snippet:-1, max-image-preview:large, max-video-preview:-1\" \/>\n<link rel=\"canonical\" href=\"https:\/\/accesstruckparts.com\/es\/producto\/carrete-de-manguera-electrica\/\" \/>\n<meta property=\"og:locale\" content=\"es_MX\" \/>\n<meta property=\"og:type\" content=\"article\" \/>\n<meta property=\"og:title\" content=\"Coxreels\u00ae Electric Rewind Hose Reel\" \/>\n<meta property=\"og:description\" content=\"Shop for Coxreels\u00ae Electric Rewind Hose Reel with Access Truck Parts. We have the best prices on the market. Browse today!\" \/>\n<meta property=\"og:url\" content=\"https:\/\/accesstruckparts.com\/es\/producto\/carrete-de-manguera-electrica\/\" \/>\n<meta property=\"og:site_name\" content=\"Access Truck Parts\" \/>\n<meta property=\"article:modified_time\" content=\"2026-04-19T12:24:19+00:00\" \/>\n<meta property=\"og:image\" content=\"https:\/\/accesstruckparts.com\/wp-content\/uploads\/2019\/08\/291-1125-4-200-E_Electric-Rewind-Hose-Reel-1_1200x1200-sRGB.png\" \/>\n\t<meta property=\"og:image:width\" content=\"1200\" \/>\n\t<meta property=\"og:image:height\" content=\"1200\" \/>\n\t<meta property=\"og:image:type\" content=\"image\/png\" \/>\n<meta name=\"twitter:label1\" content=\"Disponibilidad\" \/>\n\t<meta name=\"twitter:data1\" content=\"Disponible\" \/>\n<script type=\"application\/ld+json\" class=\"yoast-schema-graph\">{\"@context\":\"https:\\\/\\\/schema.org\",\"@graph\":[{\"@type\":\"WebPage\",\"@id\":\"https:\\\/\\\/accesstruckparts.com\\\/product\\\/electric-rewind-hose-reel\\\/\",\"url\":\"https:\\\/\\\/accesstruckparts.com\\\/product\\\/electric-rewind-hose-reel\\\/\",\"name\":\"Buy Coxreels\u00ae Electric Rewind Hose Reel online at Access Truck Parts\",\"isPartOf\":{\"@id\":\"https:\\\/\\\/accesstruckparts.com\\\/#website\"},\"primaryImageOfPage\":{\"@id\":\"https:\\\/\\\/accesstruckparts.com\\\/product\\\/electric-rewind-hose-reel\\\/#primaryimage\"},\"image\":{\"@id\":\"https:\\\/\\\/accesstruckparts.com\\\/product\\\/electric-rewind-hose-reel\\\/#primaryimage\"},\"thumbnailUrl\":\"https:\\\/\\\/accesstruckparts.com\\\/wp-content\\\/uploads\\\/2019\\\/08\\\/291-1125-4-200-E_Electric-Rewind-Hose-Reel-1_1200x1200-sRGB.png\",\"datePublished\":\"2019-08-27T23:37:08+00:00\",\"dateModified\":\"2026-04-19T12:24:19+00:00\",\"description\":\"Shop for Coxreels\u00ae Electric Rewind Hose Reel with Access Truck Parts. We have the best prices on the market. Browse today!\",\"breadcrumb\":{\"@id\":\"https:\\\/\\\/accesstruckparts.com\\\/product\\\/electric-rewind-hose-reel\\\/#breadcrumb\"},\"inLanguage\":\"es\",\"potentialAction\":[{\"@type\":\"ReadAction\",\"target\":[\"https:\\\/\\\/accesstruckparts.com\\\/product\\\/electric-rewind-hose-reel\\\/\"]}]},{\"@type\":\"ImageObject\",\"inLanguage\":\"es\",\"@id\":\"https:\\\/\\\/accesstruckparts.com\\\/product\\\/electric-rewind-hose-reel\\\/#primaryimage\",\"url\":\"https:\\\/\\\/accesstruckparts.com\\\/wp-content\\\/uploads\\\/2019\\\/08\\\/291-1125-4-200-E_Electric-Rewind-Hose-Reel-1_1200x1200-sRGB.png\",\"contentUrl\":\"https:\\\/\\\/accesstruckparts.com\\\/wp-content\\\/uploads\\\/2019\\\/08\\\/291-1125-4-200-E_Electric-Rewind-Hose-Reel-1_1200x1200-sRGB.png\",\"width\":1200,\"height\":1200},{\"@type\":\"BreadcrumbList\",\"@id\":\"https:\\\/\\\/accesstruckparts.com\\\/product\\\/electric-rewind-hose-reel\\\/#breadcrumb\",\"itemListElement\":[{\"@type\":\"ListItem\",\"position\":1,\"name\":\"Home\",\"item\":\"https:\\\/\\\/accesstruckparts.com\\\/\"},{\"@type\":\"ListItem\",\"position\":2,\"name\":\"Parts\",\"item\":\"https:\\\/\\\/accesstruckparts.com\\\/parts\\\/\"},{\"@type\":\"ListItem\",\"position\":3,\"name\":\"Coxreels\u00ae Electric Rewind Hose Reel\"}]},{\"@type\":\"WebSite\",\"@id\":\"https:\\\/\\\/accesstruckparts.com\\\/#website\",\"url\":\"https:\\\/\\\/accesstruckparts.com\\\/\",\"name\":\"Access Truck Parts\",\"description\":\"Your One Stop Water Truck Parts Solution.\",\"publisher\":{\"@id\":\"https:\\\/\\\/accesstruckparts.com\\\/#organization\"},\"potentialAction\":[{\"@type\":\"SearchAction\",\"target\":{\"@type\":\"EntryPoint\",\"urlTemplate\":\"https:\\\/\\\/accesstruckparts.com\\\/?s={search_term_string}\"},\"query-input\":{\"@type\":\"PropertyValueSpecification\",\"valueRequired\":true,\"valueName\":\"search_term_string\"}}],\"inLanguage\":\"es\"},{\"@type\":\"Organization\",\"@id\":\"https:\\\/\\\/accesstruckparts.com\\\/#organization\",\"name\":\"Access Truck Parts\",\"url\":\"https:\\\/\\\/accesstruckparts.com\\\/\",\"logo\":{\"@type\":\"ImageObject\",\"inLanguage\":\"es\",\"@id\":\"https:\\\/\\\/accesstruckparts.com\\\/#\\\/schema\\\/logo\\\/image\\\/\",\"url\":\"https:\\\/\\\/accesstruckparts.com\\\/wp-content\\\/uploads\\\/2018\\\/02\\\/ATP_logo_placeholder_2018.jpg\",\"contentUrl\":\"https:\\\/\\\/accesstruckparts.com\\\/wp-content\\\/uploads\\\/2018\\\/02\\\/ATP_logo_placeholder_2018.jpg\",\"width\":\"500\",\"height\":\"500\",\"caption\":\"Access Truck Parts\"},\"image\":{\"@id\":\"https:\\\/\\\/accesstruckparts.com\\\/#\\\/schema\\\/logo\\\/image\\\/\"}}]}<\/script>\n<meta property=\"og:availability\" content=\"instock\" \/>\n<meta property=\"product:availability\" content=\"instock\" \/>\n<meta property=\"product:retailer_item_id\" content=\"291-E\" \/>\n<meta property=\"product:condition\" content=\"new\" \/>\n<!-- \/ Yoast SEO Premium plugin. -->","yoast_head_json":{"title":"Compre el carrete de manguera de rebobinado el\u00e9ctrico Coxreels\u00ae en l\u00ednea en Access Truck Parts","description":"Compre el carrete de manguera de rebobinado el\u00e9ctrico Coxreels\u00ae con piezas de cami\u00f3n de acceso. Tenemos los mejores precios del mercado. \u00a1Busque hoy mismo!","robots":{"index":"index","follow":"follow","max-snippet":"max-snippet:-1","max-image-preview":"max-image-preview:large","max-video-preview":"max-video-preview:-1"},"canonical":"https:\/\/accesstruckparts.com\/es\/producto\/carrete-de-manguera-electrica\/","og_locale":"es_MX","og_type":"article","og_title":"Coxreels\u00ae Electric Rewind Hose Reel","og_description":"Shop for Coxreels\u00ae Electric Rewind Hose Reel with Access Truck Parts. We have the best prices on the market. Browse today!","og_url":"https:\/\/accesstruckparts.com\/es\/producto\/carrete-de-manguera-electrica\/","og_site_name":"Access Truck Parts","article_modified_time":"2026-04-19T12:24:19+00:00","og_image":[{"width":1200,"height":1200,"url":"https:\/\/accesstruckparts.com\/wp-content\/uploads\/2019\/08\/291-1125-4-200-E_Electric-Rewind-Hose-Reel-1_1200x1200-sRGB.png","type":"image\/png"}],"twitter_misc":{"Disponibilidad":"Disponible"},"schema":{"@context":"https:\/\/schema.org","@graph":[{"@type":"WebPage","@id":"https:\/\/accesstruckparts.com\/product\/electric-rewind-hose-reel\/","url":"https:\/\/accesstruckparts.com\/product\/electric-rewind-hose-reel\/","name":"Compre el carrete de manguera de rebobinado el\u00e9ctrico Coxreels\u00ae en l\u00ednea en Access Truck Parts","isPartOf":{"@id":"https:\/\/accesstruckparts.com\/#website"},"primaryImageOfPage":{"@id":"https:\/\/accesstruckparts.com\/product\/electric-rewind-hose-reel\/#primaryimage"},"image":{"@id":"https:\/\/accesstruckparts.com\/product\/electric-rewind-hose-reel\/#primaryimage"},"thumbnailUrl":"https:\/\/accesstruckparts.com\/wp-content\/uploads\/2019\/08\/291-1125-4-200-E_Electric-Rewind-Hose-Reel-1_1200x1200-sRGB.png","datePublished":"2019-08-27T23:37:08+00:00","dateModified":"2026-04-19T12:24:19+00:00","description":"Compre el carrete de manguera de rebobinado el\u00e9ctrico Coxreels\u00ae con piezas de cami\u00f3n de acceso. Tenemos los mejores precios del mercado. \u00a1Busque hoy mismo!","breadcrumb":{"@id":"https:\/\/accesstruckparts.com\/product\/electric-rewind-hose-reel\/#breadcrumb"},"inLanguage":"es","potentialAction":[{"@type":"ReadAction","target":["https:\/\/accesstruckparts.com\/product\/electric-rewind-hose-reel\/"]}]},{"@type":"ImageObject","inLanguage":"es","@id":"https:\/\/accesstruckparts.com\/product\/electric-rewind-hose-reel\/#primaryimage","url":"https:\/\/accesstruckparts.com\/wp-content\/uploads\/2019\/08\/291-1125-4-200-E_Electric-Rewind-Hose-Reel-1_1200x1200-sRGB.png","contentUrl":"https:\/\/accesstruckparts.com\/wp-content\/uploads\/2019\/08\/291-1125-4-200-E_Electric-Rewind-Hose-Reel-1_1200x1200-sRGB.png","width":1200,"height":1200},{"@type":"BreadcrumbList","@id":"https:\/\/accesstruckparts.com\/product\/electric-rewind-hose-reel\/#breadcrumb","itemListElement":[{"@type":"ListItem","position":1,"name":"Home","item":"https:\/\/accesstruckparts.com\/"},{"@type":"ListItem","position":2,"name":"Parts","item":"https:\/\/accesstruckparts.com\/parts\/"},{"@type":"ListItem","position":3,"name":"Coxreels\u00ae Electric Rewind Hose Reel"}]},{"@type":"WebSite","@id":"https:\/\/accesstruckparts.com\/#website","url":"https:\/\/accesstruckparts.com\/","name":"Piezas de camiones Access","description":"Su soluci\u00f3n \u00fanica de piezas para camiones de agua.","publisher":{"@id":"https:\/\/accesstruckparts.com\/#organization"},"potentialAction":[{"@type":"SearchAction","target":{"@type":"EntryPoint","urlTemplate":"https:\/\/accesstruckparts.com\/?s={search_term_string}"},"query-input":{"@type":"PropertyValueSpecification","valueRequired":true,"valueName":"search_term_string"}}],"inLanguage":"es"},{"@type":"Organization","@id":"https:\/\/accesstruckparts.com\/#organization","name":"Piezas de camiones Access","url":"https:\/\/accesstruckparts.com\/","logo":{"@type":"ImageObject","inLanguage":"es","@id":"https:\/\/accesstruckparts.com\/#\/schema\/logo\/image\/","url":"https:\/\/accesstruckparts.com\/wp-content\/uploads\/2018\/02\/ATP_logo_placeholder_2018.jpg","contentUrl":"https:\/\/accesstruckparts.com\/wp-content\/uploads\/2018\/02\/ATP_logo_placeholder_2018.jpg","width":"500","height":"500","caption":"Access Truck Parts"},"image":{"@id":"https:\/\/accesstruckparts.com\/#\/schema\/logo\/image\/"}}]},"og_availability":"instock","product_availability":"instock","product_retailer_item_id":"291-E","product_condition":"new"},"_links":{"self":[{"href":"https:\/\/accesstruckparts.com\/es\/wp-json\/wp\/v2\/product\/50943","targetHints":{"allow":["GET"]}}],"collection":[{"href":"https:\/\/accesstruckparts.com\/es\/wp-json\/wp\/v2\/product"}],"about":[{"href":"https:\/\/accesstruckparts.com\/es\/wp-json\/wp\/v2\/types\/product"}],"wp:featuredmedia":[{"embeddable":true,"href":"https:\/\/accesstruckparts.com\/es\/wp-json\/wp\/v2\/media\/50946"}],"wp:attachment":[{"href":"https:\/\/accesstruckparts.com\/es\/wp-json\/wp\/v2\/media?parent=50943"}],"wp:term":[{"taxonomy":"product_brand","embeddable":true,"href":"https:\/\/accesstruckparts.com\/es\/wp-json\/wp\/v2\/product_brand?post=50943"},{"taxonomy":"product_cat","embeddable":true,"href":"https:\/\/accesstruckparts.com\/es\/wp-json\/wp\/v2\/product_cat?post=50943"},{"taxonomy":"product_tag","embeddable":true,"href":"https:\/\/accesstruckparts.com\/es\/wp-json\/wp\/v2\/product_tag?post=50943"}],"curies":[{"name":"wp","href":"https:\/\/api.w.org\/{rel}","templated":true}]}}