{"id":50923,"date":"2019-08-27T15:50:36","date_gmt":"2019-08-27T22:50:36","guid":{"rendered":"https:\/\/accesstruckparts.com\/?post_type=product&#038;p=50923"},"modified":"2026-04-19T03:42:15","modified_gmt":"2026-04-19T10:42:15","slug":"ez-spring-rewind-hose-reel","status":"publish","type":"product","link":"https:\/\/accesstruckparts.com\/es\/product\/ez-spring-rewind-hose-reel\/","title":{"rendered":"Enrollador de manguera Coxreels\u00ae EZ Spring Rewind"},"content":{"rendered":"<p>El carrete de manguera Coxreels\u00ae EZ Spring Rewind est\u00e1 fabricado con una construcci\u00f3n de acero de grado profesional, bordes laminados y discos acanalados para mayor resistencia y seguridad. \u00bfQu\u00e9 hace que este modelo sea EZ? Su motor de cartucho patentado, totalmente cerrado y lubricado, se retrae hasta 80% m\u00e1s lentamente que los carretes convencionales, reduciendo el riesgo de lesiones y da\u00f1os colaterales, y es f\u00e1cilmente desmontable para un mantenimiento seguro y c\u00f3modo. Una base de pedestal de 1\/4\u2033 proporciona la m\u00e1xima estabilidad con una instalaci\u00f3n\/retirada sencilla. El brazo gu\u00eda de m\u00faltiples posiciones asegura una colocaci\u00f3n vers\u00e1til de la manguera y un rebobinado eficiente. Otras caracter\u00edsticas incluyen un acabado con recubrimiento de polvo, un tope de manguera de goma maciza ajustable, una r\u00f3tula de flujo total NPT de lat\u00f3n de 90\u00b0 con junta de nitrilo y cojinetes de precisi\u00f3n con lubricaci\u00f3n permanente.<\/p>\n<p>Puede utilizarse para aplicaciones de aire o agua, manguera incluida.<\/p>","protected":false},"excerpt":{"rendered":"<p>Enrollador de manguera EZ Spring Rewind<\/p>","protected":false},"featured_media":50934,"template":"","meta":[],"product_brand":[],"product_cat":[71],"product_tag":[297,308,291,298,300,299],"class_list":{"0":"post-50923","1":"product","2":"type-product","3":"status-publish","4":"has-post-thumbnail","6":"product_cat-hose-reels","7":"product_tag-air-hose","8":"product_tag-coxreels","9":"product_tag-npt","10":"product_tag-reels","11":"product_tag-spring-rewind","12":"product_tag-water-hose","13":"product_shipping_class-oversized","15":"first","16":"onbackorder","17":"taxable","18":"shipping-taxable","19":"purchasable","20":"product-type-simple"},"yoast_head":"<!-- This site is optimized with the Yoast SEO Premium plugin v27.4 (Yoast SEO v27.4) - https:\/\/yoast.com\/product\/yoast-seo-premium-wordpress\/ -->\n<title>Buy Coxreels\u00ae EZ Spring Rewind Hose Reel online at Access Truck Parts<\/title>\n<meta name=\"description\" content=\"Shop for Coxreels\u00ae EZ Spring Rewind Hose Reel with Access Truck Parts. We have the best prices on the market. Browse today!\" \/>\n<meta name=\"robots\" content=\"index, follow, max-snippet:-1, max-image-preview:large, max-video-preview:-1\" \/>\n<link rel=\"canonical\" href=\"https:\/\/accesstruckparts.com\/es\/producto\/ez-spring-rewind-hose-reel\/\" \/>\n<meta property=\"og:locale\" content=\"es_MX\" \/>\n<meta property=\"og:type\" content=\"article\" \/>\n<meta property=\"og:title\" content=\"Coxreels\u00ae EZ Spring Rewind Hose Reel\" \/>\n<meta property=\"og:description\" content=\"Shop for Coxreels\u00ae EZ Spring Rewind Hose Reel with Access Truck Parts. We have the best prices on the market. Browse today!\" \/>\n<meta property=\"og:url\" content=\"https:\/\/accesstruckparts.com\/es\/producto\/ez-spring-rewind-hose-reel\/\" \/>\n<meta property=\"og:site_name\" content=\"Access Truck Parts\" \/>\n<meta property=\"article:modified_time\" content=\"2026-04-19T10:42:15+00:00\" \/>\n<meta property=\"og:image\" content=\"https:\/\/accesstruckparts.com\/wp-content\/uploads\/2019\/08\/291-EZ-P-LP-150_EZ-Spring-Rewind-Hose-Reel-1_1200x1200-sRGB.png\" \/>\n\t<meta property=\"og:image:width\" content=\"1200\" \/>\n\t<meta property=\"og:image:height\" content=\"1200\" \/>\n\t<meta property=\"og:image:type\" content=\"image\/png\" \/>\n<meta name=\"twitter:label1\" content=\"Precio\" \/>\n\t<meta name=\"twitter:data1\" content=\"&#036;474.95\" \/>\n\t<meta name=\"twitter:label2\" content=\"Disponibilidad\" \/>\n\t<meta name=\"twitter:data2\" content=\"Disponible para reservar\" \/>\n<script type=\"application\/ld+json\" class=\"yoast-schema-graph\">{\"@context\":\"https:\\\/\\\/schema.org\",\"@graph\":[{\"@type\":\"WebPage\",\"@id\":\"https:\\\/\\\/accesstruckparts.com\\\/product\\\/ez-spring-rewind-hose-reel\\\/\",\"url\":\"https:\\\/\\\/accesstruckparts.com\\\/product\\\/ez-spring-rewind-hose-reel\\\/\",\"name\":\"Buy Coxreels\u00ae EZ Spring Rewind Hose Reel online at Access Truck Parts\",\"isPartOf\":{\"@id\":\"https:\\\/\\\/accesstruckparts.com\\\/#website\"},\"primaryImageOfPage\":{\"@id\":\"https:\\\/\\\/accesstruckparts.com\\\/product\\\/ez-spring-rewind-hose-reel\\\/#primaryimage\"},\"image\":{\"@id\":\"https:\\\/\\\/accesstruckparts.com\\\/product\\\/ez-spring-rewind-hose-reel\\\/#primaryimage\"},\"thumbnailUrl\":\"https:\\\/\\\/accesstruckparts.com\\\/wp-content\\\/uploads\\\/2019\\\/08\\\/291-EZ-P-LP-150_EZ-Spring-Rewind-Hose-Reel-1_1200x1200-sRGB.png\",\"datePublished\":\"2019-08-27T22:50:36+00:00\",\"dateModified\":\"2026-04-19T10:42:15+00:00\",\"description\":\"Shop for Coxreels\u00ae EZ Spring Rewind Hose Reel with Access Truck Parts. We have the best prices on the market. Browse today!\",\"breadcrumb\":{\"@id\":\"https:\\\/\\\/accesstruckparts.com\\\/product\\\/ez-spring-rewind-hose-reel\\\/#breadcrumb\"},\"inLanguage\":\"es\",\"potentialAction\":[{\"@type\":\"ReadAction\",\"target\":[\"https:\\\/\\\/accesstruckparts.com\\\/product\\\/ez-spring-rewind-hose-reel\\\/\"]}]},{\"@type\":\"ImageObject\",\"inLanguage\":\"es\",\"@id\":\"https:\\\/\\\/accesstruckparts.com\\\/product\\\/ez-spring-rewind-hose-reel\\\/#primaryimage\",\"url\":\"https:\\\/\\\/accesstruckparts.com\\\/wp-content\\\/uploads\\\/2019\\\/08\\\/291-EZ-P-LP-150_EZ-Spring-Rewind-Hose-Reel-1_1200x1200-sRGB.png\",\"contentUrl\":\"https:\\\/\\\/accesstruckparts.com\\\/wp-content\\\/uploads\\\/2019\\\/08\\\/291-EZ-P-LP-150_EZ-Spring-Rewind-Hose-Reel-1_1200x1200-sRGB.png\",\"width\":1200,\"height\":1200},{\"@type\":\"BreadcrumbList\",\"@id\":\"https:\\\/\\\/accesstruckparts.com\\\/product\\\/ez-spring-rewind-hose-reel\\\/#breadcrumb\",\"itemListElement\":[{\"@type\":\"ListItem\",\"position\":1,\"name\":\"Home\",\"item\":\"https:\\\/\\\/accesstruckparts.com\\\/\"},{\"@type\":\"ListItem\",\"position\":2,\"name\":\"Parts\",\"item\":\"https:\\\/\\\/accesstruckparts.com\\\/parts\\\/\"},{\"@type\":\"ListItem\",\"position\":3,\"name\":\"Coxreels\u00ae EZ Spring Rewind Hose Reel\"}]},{\"@type\":\"WebSite\",\"@id\":\"https:\\\/\\\/accesstruckparts.com\\\/#website\",\"url\":\"https:\\\/\\\/accesstruckparts.com\\\/\",\"name\":\"Access Truck Parts\",\"description\":\"Your One Stop Water Truck Parts Solution.\",\"publisher\":{\"@id\":\"https:\\\/\\\/accesstruckparts.com\\\/#organization\"},\"potentialAction\":[{\"@type\":\"SearchAction\",\"target\":{\"@type\":\"EntryPoint\",\"urlTemplate\":\"https:\\\/\\\/accesstruckparts.com\\\/?s={search_term_string}\"},\"query-input\":{\"@type\":\"PropertyValueSpecification\",\"valueRequired\":true,\"valueName\":\"search_term_string\"}}],\"inLanguage\":\"es\"},{\"@type\":\"Organization\",\"@id\":\"https:\\\/\\\/accesstruckparts.com\\\/#organization\",\"name\":\"Access Truck Parts\",\"url\":\"https:\\\/\\\/accesstruckparts.com\\\/\",\"logo\":{\"@type\":\"ImageObject\",\"inLanguage\":\"es\",\"@id\":\"https:\\\/\\\/accesstruckparts.com\\\/#\\\/schema\\\/logo\\\/image\\\/\",\"url\":\"https:\\\/\\\/accesstruckparts.com\\\/wp-content\\\/uploads\\\/2018\\\/02\\\/ATP_logo_placeholder_2018.jpg\",\"contentUrl\":\"https:\\\/\\\/accesstruckparts.com\\\/wp-content\\\/uploads\\\/2018\\\/02\\\/ATP_logo_placeholder_2018.jpg\",\"width\":\"500\",\"height\":\"500\",\"caption\":\"Access Truck Parts\"},\"image\":{\"@id\":\"https:\\\/\\\/accesstruckparts.com\\\/#\\\/schema\\\/logo\\\/image\\\/\"}}]}<\/script>\n<meta property=\"product:price:amount\" content=\"474.95\" \/>\n<meta property=\"product:price:currency\" content=\"USD\" \/>\n<meta property=\"og:availability\" content=\"backorder\" \/>\n<meta property=\"product:availability\" content=\"available for order\" \/>\n<meta property=\"product:retailer_item_id\" content=\"291-EZ-P-LP-150\" \/>\n<meta property=\"product:condition\" content=\"new\" \/>\n<!-- \/ Yoast SEO Premium plugin. -->","yoast_head_json":{"title":"Compre el carrete de manguera Coxreels\u00ae EZ Spring Rewind en l\u00ednea en Access Truck Parts","description":"Compre el carrete de manguera Coxreels\u00ae EZ Spring Rewind con Access Truck Parts. Tenemos los mejores precios del mercado. \u00a1Busque hoy mismo!","robots":{"index":"index","follow":"follow","max-snippet":"max-snippet:-1","max-image-preview":"max-image-preview:large","max-video-preview":"max-video-preview:-1"},"canonical":"https:\/\/accesstruckparts.com\/es\/producto\/ez-spring-rewind-hose-reel\/","og_locale":"es_MX","og_type":"article","og_title":"Coxreels\u00ae EZ Spring Rewind Hose Reel","og_description":"Shop for Coxreels\u00ae EZ Spring Rewind Hose Reel with Access Truck Parts. We have the best prices on the market. Browse today!","og_url":"https:\/\/accesstruckparts.com\/es\/producto\/ez-spring-rewind-hose-reel\/","og_site_name":"Access Truck Parts","article_modified_time":"2026-04-19T10:42:15+00:00","og_image":[{"width":1200,"height":1200,"url":"https:\/\/accesstruckparts.com\/wp-content\/uploads\/2019\/08\/291-EZ-P-LP-150_EZ-Spring-Rewind-Hose-Reel-1_1200x1200-sRGB.png","type":"image\/png"}],"twitter_misc":{"Precio":"&#36;474.95","Disponibilidad":"Disponible para reservar"},"schema":{"@context":"https:\/\/schema.org","@graph":[{"@type":"WebPage","@id":"https:\/\/accesstruckparts.com\/product\/ez-spring-rewind-hose-reel\/","url":"https:\/\/accesstruckparts.com\/product\/ez-spring-rewind-hose-reel\/","name":"Compre el carrete de manguera Coxreels\u00ae EZ Spring Rewind en l\u00ednea en Access Truck Parts","isPartOf":{"@id":"https:\/\/accesstruckparts.com\/#website"},"primaryImageOfPage":{"@id":"https:\/\/accesstruckparts.com\/product\/ez-spring-rewind-hose-reel\/#primaryimage"},"image":{"@id":"https:\/\/accesstruckparts.com\/product\/ez-spring-rewind-hose-reel\/#primaryimage"},"thumbnailUrl":"https:\/\/accesstruckparts.com\/wp-content\/uploads\/2019\/08\/291-EZ-P-LP-150_EZ-Spring-Rewind-Hose-Reel-1_1200x1200-sRGB.png","datePublished":"2019-08-27T22:50:36+00:00","dateModified":"2026-04-19T10:42:15+00:00","description":"Compre el carrete de manguera Coxreels\u00ae EZ Spring Rewind con Access Truck Parts. Tenemos los mejores precios del mercado. \u00a1Busque hoy mismo!","breadcrumb":{"@id":"https:\/\/accesstruckparts.com\/product\/ez-spring-rewind-hose-reel\/#breadcrumb"},"inLanguage":"es","potentialAction":[{"@type":"ReadAction","target":["https:\/\/accesstruckparts.com\/product\/ez-spring-rewind-hose-reel\/"]}]},{"@type":"ImageObject","inLanguage":"es","@id":"https:\/\/accesstruckparts.com\/product\/ez-spring-rewind-hose-reel\/#primaryimage","url":"https:\/\/accesstruckparts.com\/wp-content\/uploads\/2019\/08\/291-EZ-P-LP-150_EZ-Spring-Rewind-Hose-Reel-1_1200x1200-sRGB.png","contentUrl":"https:\/\/accesstruckparts.com\/wp-content\/uploads\/2019\/08\/291-EZ-P-LP-150_EZ-Spring-Rewind-Hose-Reel-1_1200x1200-sRGB.png","width":1200,"height":1200},{"@type":"BreadcrumbList","@id":"https:\/\/accesstruckparts.com\/product\/ez-spring-rewind-hose-reel\/#breadcrumb","itemListElement":[{"@type":"ListItem","position":1,"name":"Home","item":"https:\/\/accesstruckparts.com\/"},{"@type":"ListItem","position":2,"name":"Parts","item":"https:\/\/accesstruckparts.com\/parts\/"},{"@type":"ListItem","position":3,"name":"Coxreels\u00ae EZ Spring Rewind Hose Reel"}]},{"@type":"WebSite","@id":"https:\/\/accesstruckparts.com\/#website","url":"https:\/\/accesstruckparts.com\/","name":"Piezas de camiones Access","description":"Su soluci\u00f3n \u00fanica de piezas para camiones de agua.","publisher":{"@id":"https:\/\/accesstruckparts.com\/#organization"},"potentialAction":[{"@type":"SearchAction","target":{"@type":"EntryPoint","urlTemplate":"https:\/\/accesstruckparts.com\/?s={search_term_string}"},"query-input":{"@type":"PropertyValueSpecification","valueRequired":true,"valueName":"search_term_string"}}],"inLanguage":"es"},{"@type":"Organization","@id":"https:\/\/accesstruckparts.com\/#organization","name":"Piezas de camiones Access","url":"https:\/\/accesstruckparts.com\/","logo":{"@type":"ImageObject","inLanguage":"es","@id":"https:\/\/accesstruckparts.com\/#\/schema\/logo\/image\/","url":"https:\/\/accesstruckparts.com\/wp-content\/uploads\/2018\/02\/ATP_logo_placeholder_2018.jpg","contentUrl":"https:\/\/accesstruckparts.com\/wp-content\/uploads\/2018\/02\/ATP_logo_placeholder_2018.jpg","width":"500","height":"500","caption":"Access Truck Parts"},"image":{"@id":"https:\/\/accesstruckparts.com\/#\/schema\/logo\/image\/"}}]},"product_price_amount":"474.95","product_price_currency":"USD","og_availability":"backorder","product_availability":"available for order","product_retailer_item_id":"291-EZ-P-LP-150","product_condition":"new"},"_links":{"self":[{"href":"https:\/\/accesstruckparts.com\/es\/wp-json\/wp\/v2\/product\/50923","targetHints":{"allow":["GET"]}}],"collection":[{"href":"https:\/\/accesstruckparts.com\/es\/wp-json\/wp\/v2\/product"}],"about":[{"href":"https:\/\/accesstruckparts.com\/es\/wp-json\/wp\/v2\/types\/product"}],"wp:featuredmedia":[{"embeddable":true,"href":"https:\/\/accesstruckparts.com\/es\/wp-json\/wp\/v2\/media\/50934"}],"wp:attachment":[{"href":"https:\/\/accesstruckparts.com\/es\/wp-json\/wp\/v2\/media?parent=50923"}],"wp:term":[{"taxonomy":"product_brand","embeddable":true,"href":"https:\/\/accesstruckparts.com\/es\/wp-json\/wp\/v2\/product_brand?post=50923"},{"taxonomy":"product_cat","embeddable":true,"href":"https:\/\/accesstruckparts.com\/es\/wp-json\/wp\/v2\/product_cat?post=50923"},{"taxonomy":"product_tag","embeddable":true,"href":"https:\/\/accesstruckparts.com\/es\/wp-json\/wp\/v2\/product_tag?post=50923"}],"curies":[{"name":"wp","href":"https:\/\/api.w.org\/{rel}","templated":true}]}}