{"id":50821,"date":"2019-08-27T10:56:12","date_gmt":"2019-08-27T17:56:12","guid":{"rendered":"https:\/\/accesstruckparts.com\/?post_type=product&#038;p=50821"},"modified":"2026-04-19T04:00:11","modified_gmt":"2026-04-19T11:00:11","slug":"supercubo-resorte-tornillo-manguera-carrete","status":"publish","type":"product","link":"https:\/\/accesstruckparts.com\/es\/product\/super-hub-spring-rewind-hose-reel\/","title":{"rendered":"Enrollador de manguera Coxreels\u00ae Super Hub Spring Rewind"},"content":{"rendered":"<p>El enrollador de manguera Coxreels\u00ae Super Hub Spring Rewind est\u00e1 fabricado con una construcci\u00f3n de acero de calidad profesional, bordes laminados y discos acanalados para mayor resistencia y seguridad, y cuenta con un motor de cartucho extra\u00edble con resorte para facilitar el mantenimiento y la sustituci\u00f3n. Este modelo cuenta con un chasis y un bastidor m\u00e1s grandes para acomodar mangueras de mayor di\u00e1metro. Una base de pedestal de 1\/4\u2033 proporciona la m\u00e1xima estabilidad con una instalaci\u00f3n\/retirada sencilla. El brazo gu\u00eda de m\u00faltiples posiciones asegura una colocaci\u00f3n vers\u00e1til de la manguera y un rebobinado eficiente. Otras caracter\u00edsticas son el acabado con recubrimiento de polvo, el tope de goma maciza ajustable para la manguera, una r\u00f3tula de lat\u00f3n NPT de 90\u00b0 de flujo total con junta de nitrilo y cojinetes de precisi\u00f3n con lubricaci\u00f3n permanente.<\/p>\n<p>Puede utilizarse para aplicaciones de aire o agua, manguera incluida.<\/p>","protected":false},"excerpt":{"rendered":"<p>Enrollador de manguera con resorte Super Hub<\/p>","protected":false},"featured_media":50825,"template":"","meta":[],"product_brand":[],"product_cat":[71],"product_tag":[297,308,291,298,300,299],"class_list":{"0":"post-50821","1":"product","2":"type-product","3":"status-publish","4":"has-post-thumbnail","6":"product_cat-hose-reels","7":"product_tag-air-hose","8":"product_tag-coxreels","9":"product_tag-npt","10":"product_tag-reels","11":"product_tag-spring-rewind","12":"product_tag-water-hose","13":"product_shipping_class-oversized","15":"first","16":"instock","17":"taxable","18":"shipping-taxable","19":"product-type-variable"},"yoast_head":"<!-- This site is optimized with the Yoast SEO Premium plugin v27.4 (Yoast SEO v27.4) - https:\/\/yoast.com\/product\/yoast-seo-premium-wordpress\/ -->\n<title>Buy Coxreels\u00ae Super Hub Spring Rewind Hose Reel online at Access Truck Parts<\/title>\n<meta name=\"description\" content=\"Shop for Coxreels\u00ae Super Hub Spring Rewind Hose Reel with Access Truck Parts. We have the best prices on the market. Browse today!\" \/>\n<meta name=\"robots\" content=\"index, follow, max-snippet:-1, max-image-preview:large, max-video-preview:-1\" \/>\n<link rel=\"canonical\" href=\"https:\/\/accesstruckparts.com\/es\/producto\/supercubo-resorte-tornillo-manguera-carrete\/\" \/>\n<meta property=\"og:locale\" content=\"es_MX\" \/>\n<meta property=\"og:type\" content=\"article\" \/>\n<meta property=\"og:title\" content=\"Coxreels\u00ae Super Hub Spring Rewind Hose Reel\" \/>\n<meta property=\"og:description\" content=\"Shop for Coxreels\u00ae Super Hub Spring Rewind Hose Reel with Access Truck Parts. We have the best prices on the market. Browse today!\" \/>\n<meta property=\"og:url\" content=\"https:\/\/accesstruckparts.com\/es\/producto\/supercubo-resorte-tornillo-manguera-carrete\/\" \/>\n<meta property=\"og:site_name\" content=\"Access Truck Parts\" \/>\n<meta property=\"article:modified_time\" content=\"2026-04-19T11:00:11+00:00\" \/>\n<meta property=\"og:image\" content=\"https:\/\/accesstruckparts.com\/wp-content\/uploads\/2019\/08\/291-SH-N-_Super-Hub-Spring-Hose-Reel_1200x1200-sRGB.jpg\" \/>\n\t<meta property=\"og:image:width\" content=\"1200\" \/>\n\t<meta property=\"og:image:height\" content=\"1200\" \/>\n\t<meta property=\"og:image:type\" content=\"image\/jpeg\" \/>\n<meta name=\"twitter:label1\" content=\"Disponibilidad\" \/>\n\t<meta name=\"twitter:data1\" content=\"Disponible\" \/>\n<script type=\"application\/ld+json\" class=\"yoast-schema-graph\">{\"@context\":\"https:\\\/\\\/schema.org\",\"@graph\":[{\"@type\":\"WebPage\",\"@id\":\"https:\\\/\\\/accesstruckparts.com\\\/product\\\/super-hub-spring-rewind-hose-reel\\\/\",\"url\":\"https:\\\/\\\/accesstruckparts.com\\\/product\\\/super-hub-spring-rewind-hose-reel\\\/\",\"name\":\"Buy Coxreels\u00ae Super Hub Spring Rewind Hose Reel online at Access Truck Parts\",\"isPartOf\":{\"@id\":\"https:\\\/\\\/accesstruckparts.com\\\/#website\"},\"primaryImageOfPage\":{\"@id\":\"https:\\\/\\\/accesstruckparts.com\\\/product\\\/super-hub-spring-rewind-hose-reel\\\/#primaryimage\"},\"image\":{\"@id\":\"https:\\\/\\\/accesstruckparts.com\\\/product\\\/super-hub-spring-rewind-hose-reel\\\/#primaryimage\"},\"thumbnailUrl\":\"https:\\\/\\\/accesstruckparts.com\\\/wp-content\\\/uploads\\\/2019\\\/08\\\/291-SH-N-_Super-Hub-Spring-Hose-Reel_1200x1200-sRGB.jpg\",\"datePublished\":\"2019-08-27T17:56:12+00:00\",\"dateModified\":\"2026-04-19T11:00:11+00:00\",\"description\":\"Shop for Coxreels\u00ae Super Hub Spring Rewind Hose Reel with Access Truck Parts. We have the best prices on the market. Browse today!\",\"breadcrumb\":{\"@id\":\"https:\\\/\\\/accesstruckparts.com\\\/product\\\/super-hub-spring-rewind-hose-reel\\\/#breadcrumb\"},\"inLanguage\":\"es\",\"potentialAction\":[{\"@type\":\"ReadAction\",\"target\":[\"https:\\\/\\\/accesstruckparts.com\\\/product\\\/super-hub-spring-rewind-hose-reel\\\/\"]}]},{\"@type\":\"ImageObject\",\"inLanguage\":\"es\",\"@id\":\"https:\\\/\\\/accesstruckparts.com\\\/product\\\/super-hub-spring-rewind-hose-reel\\\/#primaryimage\",\"url\":\"https:\\\/\\\/accesstruckparts.com\\\/wp-content\\\/uploads\\\/2019\\\/08\\\/291-SH-N-_Super-Hub-Spring-Hose-Reel_1200x1200-sRGB.jpg\",\"contentUrl\":\"https:\\\/\\\/accesstruckparts.com\\\/wp-content\\\/uploads\\\/2019\\\/08\\\/291-SH-N-_Super-Hub-Spring-Hose-Reel_1200x1200-sRGB.jpg\",\"width\":1200,\"height\":1200},{\"@type\":\"BreadcrumbList\",\"@id\":\"https:\\\/\\\/accesstruckparts.com\\\/product\\\/super-hub-spring-rewind-hose-reel\\\/#breadcrumb\",\"itemListElement\":[{\"@type\":\"ListItem\",\"position\":1,\"name\":\"Home\",\"item\":\"https:\\\/\\\/accesstruckparts.com\\\/\"},{\"@type\":\"ListItem\",\"position\":2,\"name\":\"Parts\",\"item\":\"https:\\\/\\\/accesstruckparts.com\\\/parts\\\/\"},{\"@type\":\"ListItem\",\"position\":3,\"name\":\"Coxreels\u00ae Super Hub Spring Rewind Hose Reel\"}]},{\"@type\":\"WebSite\",\"@id\":\"https:\\\/\\\/accesstruckparts.com\\\/#website\",\"url\":\"https:\\\/\\\/accesstruckparts.com\\\/\",\"name\":\"Access Truck Parts\",\"description\":\"Your One Stop Water Truck Parts Solution.\",\"publisher\":{\"@id\":\"https:\\\/\\\/accesstruckparts.com\\\/#organization\"},\"potentialAction\":[{\"@type\":\"SearchAction\",\"target\":{\"@type\":\"EntryPoint\",\"urlTemplate\":\"https:\\\/\\\/accesstruckparts.com\\\/?s={search_term_string}\"},\"query-input\":{\"@type\":\"PropertyValueSpecification\",\"valueRequired\":true,\"valueName\":\"search_term_string\"}}],\"inLanguage\":\"es\"},{\"@type\":\"Organization\",\"@id\":\"https:\\\/\\\/accesstruckparts.com\\\/#organization\",\"name\":\"Access Truck Parts\",\"url\":\"https:\\\/\\\/accesstruckparts.com\\\/\",\"logo\":{\"@type\":\"ImageObject\",\"inLanguage\":\"es\",\"@id\":\"https:\\\/\\\/accesstruckparts.com\\\/#\\\/schema\\\/logo\\\/image\\\/\",\"url\":\"https:\\\/\\\/accesstruckparts.com\\\/wp-content\\\/uploads\\\/2018\\\/02\\\/ATP_logo_placeholder_2018.jpg\",\"contentUrl\":\"https:\\\/\\\/accesstruckparts.com\\\/wp-content\\\/uploads\\\/2018\\\/02\\\/ATP_logo_placeholder_2018.jpg\",\"width\":\"500\",\"height\":\"500\",\"caption\":\"Access Truck Parts\"},\"image\":{\"@id\":\"https:\\\/\\\/accesstruckparts.com\\\/#\\\/schema\\\/logo\\\/image\\\/\"}}]}<\/script>\n<meta property=\"og:availability\" content=\"instock\" \/>\n<meta property=\"product:availability\" content=\"instock\" \/>\n<meta property=\"product:retailer_item_id\" content=\"291-SH-N-\" \/>\n<meta property=\"product:condition\" content=\"new\" \/>\n<!-- \/ Yoast SEO Premium plugin. -->","yoast_head_json":{"title":"Compre en l\u00ednea el carrete de manguera con resorte Coxreels\u00ae Super Hub en Access Truck Parts","description":"Compre el carrete de manguera Coxreels\u00ae Super Hub Spring Rewind con Access Truck Parts. Tenemos los mejores precios del mercado. \u00a1Busque hoy mismo!","robots":{"index":"index","follow":"follow","max-snippet":"max-snippet:-1","max-image-preview":"max-image-preview:large","max-video-preview":"max-video-preview:-1"},"canonical":"https:\/\/accesstruckparts.com\/es\/producto\/supercubo-resorte-tornillo-manguera-carrete\/","og_locale":"es_MX","og_type":"article","og_title":"Coxreels\u00ae Super Hub Spring Rewind Hose Reel","og_description":"Shop for Coxreels\u00ae Super Hub Spring Rewind Hose Reel with Access Truck Parts. We have the best prices on the market. Browse today!","og_url":"https:\/\/accesstruckparts.com\/es\/producto\/supercubo-resorte-tornillo-manguera-carrete\/","og_site_name":"Access Truck Parts","article_modified_time":"2026-04-19T11:00:11+00:00","og_image":[{"width":1200,"height":1200,"url":"https:\/\/accesstruckparts.com\/wp-content\/uploads\/2019\/08\/291-SH-N-_Super-Hub-Spring-Hose-Reel_1200x1200-sRGB.jpg","type":"image\/jpeg"}],"twitter_misc":{"Disponibilidad":"Disponible"},"schema":{"@context":"https:\/\/schema.org","@graph":[{"@type":"WebPage","@id":"https:\/\/accesstruckparts.com\/product\/super-hub-spring-rewind-hose-reel\/","url":"https:\/\/accesstruckparts.com\/product\/super-hub-spring-rewind-hose-reel\/","name":"Compre en l\u00ednea el carrete de manguera con resorte Coxreels\u00ae Super Hub en Access Truck Parts","isPartOf":{"@id":"https:\/\/accesstruckparts.com\/#website"},"primaryImageOfPage":{"@id":"https:\/\/accesstruckparts.com\/product\/super-hub-spring-rewind-hose-reel\/#primaryimage"},"image":{"@id":"https:\/\/accesstruckparts.com\/product\/super-hub-spring-rewind-hose-reel\/#primaryimage"},"thumbnailUrl":"https:\/\/accesstruckparts.com\/wp-content\/uploads\/2019\/08\/291-SH-N-_Super-Hub-Spring-Hose-Reel_1200x1200-sRGB.jpg","datePublished":"2019-08-27T17:56:12+00:00","dateModified":"2026-04-19T11:00:11+00:00","description":"Compre el carrete de manguera Coxreels\u00ae Super Hub Spring Rewind con Access Truck Parts. Tenemos los mejores precios del mercado. \u00a1Busque hoy mismo!","breadcrumb":{"@id":"https:\/\/accesstruckparts.com\/product\/super-hub-spring-rewind-hose-reel\/#breadcrumb"},"inLanguage":"es","potentialAction":[{"@type":"ReadAction","target":["https:\/\/accesstruckparts.com\/product\/super-hub-spring-rewind-hose-reel\/"]}]},{"@type":"ImageObject","inLanguage":"es","@id":"https:\/\/accesstruckparts.com\/product\/super-hub-spring-rewind-hose-reel\/#primaryimage","url":"https:\/\/accesstruckparts.com\/wp-content\/uploads\/2019\/08\/291-SH-N-_Super-Hub-Spring-Hose-Reel_1200x1200-sRGB.jpg","contentUrl":"https:\/\/accesstruckparts.com\/wp-content\/uploads\/2019\/08\/291-SH-N-_Super-Hub-Spring-Hose-Reel_1200x1200-sRGB.jpg","width":1200,"height":1200},{"@type":"BreadcrumbList","@id":"https:\/\/accesstruckparts.com\/product\/super-hub-spring-rewind-hose-reel\/#breadcrumb","itemListElement":[{"@type":"ListItem","position":1,"name":"Home","item":"https:\/\/accesstruckparts.com\/"},{"@type":"ListItem","position":2,"name":"Parts","item":"https:\/\/accesstruckparts.com\/parts\/"},{"@type":"ListItem","position":3,"name":"Coxreels\u00ae Super Hub Spring Rewind Hose Reel"}]},{"@type":"WebSite","@id":"https:\/\/accesstruckparts.com\/#website","url":"https:\/\/accesstruckparts.com\/","name":"Piezas de camiones Access","description":"Su soluci\u00f3n \u00fanica de piezas para camiones de agua.","publisher":{"@id":"https:\/\/accesstruckparts.com\/#organization"},"potentialAction":[{"@type":"SearchAction","target":{"@type":"EntryPoint","urlTemplate":"https:\/\/accesstruckparts.com\/?s={search_term_string}"},"query-input":{"@type":"PropertyValueSpecification","valueRequired":true,"valueName":"search_term_string"}}],"inLanguage":"es"},{"@type":"Organization","@id":"https:\/\/accesstruckparts.com\/#organization","name":"Piezas de camiones Access","url":"https:\/\/accesstruckparts.com\/","logo":{"@type":"ImageObject","inLanguage":"es","@id":"https:\/\/accesstruckparts.com\/#\/schema\/logo\/image\/","url":"https:\/\/accesstruckparts.com\/wp-content\/uploads\/2018\/02\/ATP_logo_placeholder_2018.jpg","contentUrl":"https:\/\/accesstruckparts.com\/wp-content\/uploads\/2018\/02\/ATP_logo_placeholder_2018.jpg","width":"500","height":"500","caption":"Access Truck Parts"},"image":{"@id":"https:\/\/accesstruckparts.com\/#\/schema\/logo\/image\/"}}]},"og_availability":"instock","product_availability":"instock","product_retailer_item_id":"291-SH-N-","product_condition":"new"},"_links":{"self":[{"href":"https:\/\/accesstruckparts.com\/es\/wp-json\/wp\/v2\/product\/50821","targetHints":{"allow":["GET"]}}],"collection":[{"href":"https:\/\/accesstruckparts.com\/es\/wp-json\/wp\/v2\/product"}],"about":[{"href":"https:\/\/accesstruckparts.com\/es\/wp-json\/wp\/v2\/types\/product"}],"wp:featuredmedia":[{"embeddable":true,"href":"https:\/\/accesstruckparts.com\/es\/wp-json\/wp\/v2\/media\/50825"}],"wp:attachment":[{"href":"https:\/\/accesstruckparts.com\/es\/wp-json\/wp\/v2\/media?parent=50821"}],"wp:term":[{"taxonomy":"product_brand","embeddable":true,"href":"https:\/\/accesstruckparts.com\/es\/wp-json\/wp\/v2\/product_brand?post=50821"},{"taxonomy":"product_cat","embeddable":true,"href":"https:\/\/accesstruckparts.com\/es\/wp-json\/wp\/v2\/product_cat?post=50821"},{"taxonomy":"product_tag","embeddable":true,"href":"https:\/\/accesstruckparts.com\/es\/wp-json\/wp\/v2\/product_tag?post=50821"}],"curies":[{"name":"wp","href":"https:\/\/api.w.org\/{rel}","templated":true}]}}