{"id":50646,"date":"2019-08-26T11:51:12","date_gmt":"2019-08-26T18:51:12","guid":{"rendered":"https:\/\/accesstruckparts.com\/?post_type=product&#038;p=50646"},"modified":"2026-05-08T20:00:45","modified_gmt":"2026-05-09T03:00:45","slug":"carrete-de-manguera-de-aire-electrico-tornillo","status":"publish","type":"product","link":"https:\/\/accesstruckparts.com\/es\/product\/air-electric-spring-rewind-hose-reel\/","title":{"rendered":"Enrollador de mangueras neum\u00e1tico\/el\u00e9ctrico con resorte"},"content":{"rendered":"<p>El carrete de manguera de rebobinado por muelle combinado aire\/el\u00e9ctrico de Coxreels\u00ae proporciona aire y electricidad donde m\u00e1s lo necesita. Fabricado con una construcci\u00f3n de acero de grado profesional, bordes laminados y discos acanalados para mayor resistencia y seguridad, tambi\u00e9n cuenta con un motor de cartucho de rebobinado por muelle extra\u00edble para facilitar el mantenimiento y la sustituci\u00f3n. Una base de pedestal de 1\/4\u2033 proporciona la m\u00e1xima estabilidad con una instalaci\u00f3n\/retirada sencilla. El brazo gu\u00eda de m\u00faltiples posiciones asegura una colocaci\u00f3n vers\u00e1til de la manguera y un rebobinado eficiente. Otras caracter\u00edsticas son el acabado con recubrimiento de polvo, el tope de goma maciza ajustable para la manguera, una r\u00f3tula de lat\u00f3n NPT de 90\u00b0 de flujo total, un cable el\u00e9ctrico de 5\u2032 de plomo y cojinetes de precisi\u00f3n permanentemente lubricados.<\/p>\n<p>Aunque es posible, esta combinaci\u00f3n de carretes no se recomienda para aplicaciones de agua. Manguera y cable el\u00e9ctrico incluidos.<\/p>","protected":false},"excerpt":{"rendered":"<p>Carrete de manguera combinado de aire\/el\u00e9ctrico de 3\/8\u2033 x 50\u2032.<\/p>","protected":false},"featured_media":50388,"template":"","meta":[],"product_brand":[],"product_cat":[71],"product_tag":[297,308,291,307,298,300],"class_list":{"0":"post-50646","1":"product","2":"type-product","3":"status-publish","4":"has-post-thumbnail","6":"product_cat-hose-reels","7":"product_tag-air-hose","8":"product_tag-coxreels","9":"product_tag-npt","10":"product_tag-power-cord","11":"product_tag-reels","12":"product_tag-spring-rewind","13":"product_shipping_class-oversized","15":"first","16":"onbackorder","17":"taxable","18":"shipping-taxable","19":"purchasable","20":"product-type-simple"},"yoast_head":"<!-- This site is optimized with the Yoast SEO Premium plugin v27.4 (Yoast SEO v27.5) - https:\/\/yoast.com\/product\/yoast-seo-premium-wordpress\/ -->\n<title>Buy Coxreels\u00ae Air\/Electric Spring Rewind Hose Reel online at Access Truck Parts<\/title>\n<meta name=\"description\" content=\"Shop for Coxreels\u00ae Air\/Electric Spring Rewind Hose Reel with Access Truck Parts. We have the best prices on the market. Browse today!\" \/>\n<meta name=\"robots\" content=\"index, follow, max-snippet:-1, max-image-preview:large, max-video-preview:-1\" \/>\n<link rel=\"canonical\" href=\"https:\/\/accesstruckparts.com\/es\/producto\/carrete-de-manguera-de-aire-electrico-tornillo\/\" \/>\n<meta property=\"og:locale\" content=\"es_MX\" \/>\n<meta property=\"og:type\" content=\"article\" \/>\n<meta property=\"og:title\" content=\"Coxreels\u00ae Air\/Electric Spring Rewind Hose Reel\" \/>\n<meta property=\"og:description\" content=\"Shop for Coxreels\u00ae Air\/Electric Spring Rewind Hose Reel with Access Truck Parts. We have the best prices on the market. Browse today!\" \/>\n<meta property=\"og:url\" content=\"https:\/\/accesstruckparts.com\/es\/producto\/carrete-de-manguera-de-aire-electrico-tornillo\/\" \/>\n<meta property=\"og:site_name\" content=\"Access Truck Parts\" \/>\n<meta property=\"article:modified_time\" content=\"2026-05-09T03:00:45+00:00\" \/>\n<meta property=\"og:image\" content=\"https:\/\/accesstruckparts.com\/wp-content\/uploads\/2019\/08\/291-C-L350-5016-A_Air-Electric-Combo-Hose-Reel_1200x1200-sRGB.png\" \/>\n\t<meta property=\"og:image:width\" content=\"1200\" \/>\n\t<meta property=\"og:image:height\" content=\"1200\" \/>\n\t<meta property=\"og:image:type\" content=\"image\/png\" \/>\n<meta name=\"twitter:label1\" content=\"Precio\" \/>\n\t<meta name=\"twitter:data1\" content=\"&#036;1,099.95\" \/>\n\t<meta name=\"twitter:label2\" content=\"Disponibilidad\" \/>\n\t<meta name=\"twitter:data2\" content=\"Disponible para reservar\" \/>\n<script type=\"application\/ld+json\" class=\"yoast-schema-graph\">{\"@context\":\"https:\\\/\\\/schema.org\",\"@graph\":[{\"@type\":\"WebPage\",\"@id\":\"https:\\\/\\\/accesstruckparts.com\\\/product\\\/air-electric-spring-rewind-hose-reel\\\/\",\"url\":\"https:\\\/\\\/accesstruckparts.com\\\/product\\\/air-electric-spring-rewind-hose-reel\\\/\",\"name\":\"Buy Coxreels\u00ae Air\\\/Electric Spring Rewind Hose Reel online at Access Truck Parts\",\"isPartOf\":{\"@id\":\"https:\\\/\\\/accesstruckparts.com\\\/#website\"},\"primaryImageOfPage\":{\"@id\":\"https:\\\/\\\/accesstruckparts.com\\\/product\\\/air-electric-spring-rewind-hose-reel\\\/#primaryimage\"},\"image\":{\"@id\":\"https:\\\/\\\/accesstruckparts.com\\\/product\\\/air-electric-spring-rewind-hose-reel\\\/#primaryimage\"},\"thumbnailUrl\":\"https:\\\/\\\/accesstruckparts.com\\\/wp-content\\\/uploads\\\/2019\\\/08\\\/291-C-L350-5016-A_Air-Electric-Combo-Hose-Reel_1200x1200-sRGB.png\",\"datePublished\":\"2019-08-26T18:51:12+00:00\",\"dateModified\":\"2026-05-09T03:00:45+00:00\",\"description\":\"Shop for Coxreels\u00ae Air\\\/Electric Spring Rewind Hose Reel with Access Truck Parts. We have the best prices on the market. Browse today!\",\"breadcrumb\":{\"@id\":\"https:\\\/\\\/accesstruckparts.com\\\/product\\\/air-electric-spring-rewind-hose-reel\\\/#breadcrumb\"},\"inLanguage\":\"es\",\"potentialAction\":[{\"@type\":\"ReadAction\",\"target\":[\"https:\\\/\\\/accesstruckparts.com\\\/product\\\/air-electric-spring-rewind-hose-reel\\\/\"]}]},{\"@type\":\"ImageObject\",\"inLanguage\":\"es\",\"@id\":\"https:\\\/\\\/accesstruckparts.com\\\/product\\\/air-electric-spring-rewind-hose-reel\\\/#primaryimage\",\"url\":\"https:\\\/\\\/accesstruckparts.com\\\/wp-content\\\/uploads\\\/2019\\\/08\\\/291-C-L350-5016-A_Air-Electric-Combo-Hose-Reel_1200x1200-sRGB.png\",\"contentUrl\":\"https:\\\/\\\/accesstruckparts.com\\\/wp-content\\\/uploads\\\/2019\\\/08\\\/291-C-L350-5016-A_Air-Electric-Combo-Hose-Reel_1200x1200-sRGB.png\",\"width\":1200,\"height\":1200},{\"@type\":\"BreadcrumbList\",\"@id\":\"https:\\\/\\\/accesstruckparts.com\\\/product\\\/air-electric-spring-rewind-hose-reel\\\/#breadcrumb\",\"itemListElement\":[{\"@type\":\"ListItem\",\"position\":1,\"name\":\"Home\",\"item\":\"https:\\\/\\\/accesstruckparts.com\\\/\"},{\"@type\":\"ListItem\",\"position\":2,\"name\":\"Parts\",\"item\":\"https:\\\/\\\/accesstruckparts.com\\\/parts\\\/\"},{\"@type\":\"ListItem\",\"position\":3,\"name\":\"Coxreels\u00ae Air\\\/Electric Spring Rewind Hose Reel\"}]},{\"@type\":\"WebSite\",\"@id\":\"https:\\\/\\\/accesstruckparts.com\\\/#website\",\"url\":\"https:\\\/\\\/accesstruckparts.com\\\/\",\"name\":\"Access Truck Parts\",\"description\":\"Your One Stop Water Truck Parts Solution.\",\"publisher\":{\"@id\":\"https:\\\/\\\/accesstruckparts.com\\\/#organization\"},\"potentialAction\":[{\"@type\":\"SearchAction\",\"target\":{\"@type\":\"EntryPoint\",\"urlTemplate\":\"https:\\\/\\\/accesstruckparts.com\\\/?s={search_term_string}\"},\"query-input\":{\"@type\":\"PropertyValueSpecification\",\"valueRequired\":true,\"valueName\":\"search_term_string\"}}],\"inLanguage\":\"es\"},{\"@type\":\"Organization\",\"@id\":\"https:\\\/\\\/accesstruckparts.com\\\/#organization\",\"name\":\"Access Truck Parts\",\"url\":\"https:\\\/\\\/accesstruckparts.com\\\/\",\"logo\":{\"@type\":\"ImageObject\",\"inLanguage\":\"es\",\"@id\":\"https:\\\/\\\/accesstruckparts.com\\\/#\\\/schema\\\/logo\\\/image\\\/\",\"url\":\"https:\\\/\\\/accesstruckparts.com\\\/wp-content\\\/uploads\\\/2018\\\/02\\\/ATP_logo_placeholder_2018.jpg\",\"contentUrl\":\"https:\\\/\\\/accesstruckparts.com\\\/wp-content\\\/uploads\\\/2018\\\/02\\\/ATP_logo_placeholder_2018.jpg\",\"width\":\"500\",\"height\":\"500\",\"caption\":\"Access Truck Parts\"},\"image\":{\"@id\":\"https:\\\/\\\/accesstruckparts.com\\\/#\\\/schema\\\/logo\\\/image\\\/\"}}]}<\/script>\n<meta property=\"product:price:amount\" content=\"1099.95\" \/>\n<meta property=\"product:price:currency\" content=\"USD\" \/>\n<meta property=\"og:availability\" content=\"backorder\" \/>\n<meta property=\"product:availability\" content=\"available for order\" \/>\n<meta property=\"product:retailer_item_id\" content=\"291-C-L350-5016-A\" \/>\n<meta property=\"product:condition\" content=\"new\" \/>\n<!-- \/ Yoast SEO Premium plugin. -->","yoast_head_json":{"title":"Compre en l\u00ednea el carrete de manguera con resorte neum\u00e1tico\/el\u00e9ctrico Coxreels\u00ae en Access Truck Parts","description":"Compre el carrete de manguera de aire\/el\u00e9ctrico con resorte Coxreels\u00ae con piezas de cami\u00f3n de acceso. Tenemos los mejores precios del mercado. \u00a1Busque hoy mismo!","robots":{"index":"index","follow":"follow","max-snippet":"max-snippet:-1","max-image-preview":"max-image-preview:large","max-video-preview":"max-video-preview:-1"},"canonical":"https:\/\/accesstruckparts.com\/es\/producto\/carrete-de-manguera-de-aire-electrico-tornillo\/","og_locale":"es_MX","og_type":"article","og_title":"Coxreels\u00ae Air\/Electric Spring Rewind Hose Reel","og_description":"Shop for Coxreels\u00ae Air\/Electric Spring Rewind Hose Reel with Access Truck Parts. We have the best prices on the market. Browse today!","og_url":"https:\/\/accesstruckparts.com\/es\/producto\/carrete-de-manguera-de-aire-electrico-tornillo\/","og_site_name":"Access Truck Parts","article_modified_time":"2026-05-09T03:00:45+00:00","og_image":[{"width":1200,"height":1200,"url":"https:\/\/accesstruckparts.com\/wp-content\/uploads\/2019\/08\/291-C-L350-5016-A_Air-Electric-Combo-Hose-Reel_1200x1200-sRGB.png","type":"image\/png"}],"twitter_misc":{"Precio":"&#36;1,099.95","Disponibilidad":"Disponible para reservar"},"schema":{"@context":"https:\/\/schema.org","@graph":[{"@type":"WebPage","@id":"https:\/\/accesstruckparts.com\/product\/air-electric-spring-rewind-hose-reel\/","url":"https:\/\/accesstruckparts.com\/product\/air-electric-spring-rewind-hose-reel\/","name":"Compre en l\u00ednea el carrete de manguera con resorte neum\u00e1tico\/el\u00e9ctrico Coxreels\u00ae en Access Truck Parts","isPartOf":{"@id":"https:\/\/accesstruckparts.com\/#website"},"primaryImageOfPage":{"@id":"https:\/\/accesstruckparts.com\/product\/air-electric-spring-rewind-hose-reel\/#primaryimage"},"image":{"@id":"https:\/\/accesstruckparts.com\/product\/air-electric-spring-rewind-hose-reel\/#primaryimage"},"thumbnailUrl":"https:\/\/accesstruckparts.com\/wp-content\/uploads\/2019\/08\/291-C-L350-5016-A_Air-Electric-Combo-Hose-Reel_1200x1200-sRGB.png","datePublished":"2019-08-26T18:51:12+00:00","dateModified":"2026-05-09T03:00:45+00:00","description":"Compre el carrete de manguera de aire\/el\u00e9ctrico con resorte Coxreels\u00ae con piezas de cami\u00f3n de acceso. Tenemos los mejores precios del mercado. \u00a1Busque hoy mismo!","breadcrumb":{"@id":"https:\/\/accesstruckparts.com\/product\/air-electric-spring-rewind-hose-reel\/#breadcrumb"},"inLanguage":"es","potentialAction":[{"@type":"ReadAction","target":["https:\/\/accesstruckparts.com\/product\/air-electric-spring-rewind-hose-reel\/"]}]},{"@type":"ImageObject","inLanguage":"es","@id":"https:\/\/accesstruckparts.com\/product\/air-electric-spring-rewind-hose-reel\/#primaryimage","url":"https:\/\/accesstruckparts.com\/wp-content\/uploads\/2019\/08\/291-C-L350-5016-A_Air-Electric-Combo-Hose-Reel_1200x1200-sRGB.png","contentUrl":"https:\/\/accesstruckparts.com\/wp-content\/uploads\/2019\/08\/291-C-L350-5016-A_Air-Electric-Combo-Hose-Reel_1200x1200-sRGB.png","width":1200,"height":1200},{"@type":"BreadcrumbList","@id":"https:\/\/accesstruckparts.com\/product\/air-electric-spring-rewind-hose-reel\/#breadcrumb","itemListElement":[{"@type":"ListItem","position":1,"name":"Home","item":"https:\/\/accesstruckparts.com\/"},{"@type":"ListItem","position":2,"name":"Parts","item":"https:\/\/accesstruckparts.com\/parts\/"},{"@type":"ListItem","position":3,"name":"Coxreels\u00ae Air\/Electric Spring Rewind Hose Reel"}]},{"@type":"WebSite","@id":"https:\/\/accesstruckparts.com\/#website","url":"https:\/\/accesstruckparts.com\/","name":"Piezas de camiones Access","description":"Su soluci\u00f3n \u00fanica de piezas para camiones de agua.","publisher":{"@id":"https:\/\/accesstruckparts.com\/#organization"},"potentialAction":[{"@type":"SearchAction","target":{"@type":"EntryPoint","urlTemplate":"https:\/\/accesstruckparts.com\/?s={search_term_string}"},"query-input":{"@type":"PropertyValueSpecification","valueRequired":true,"valueName":"search_term_string"}}],"inLanguage":"es"},{"@type":"Organization","@id":"https:\/\/accesstruckparts.com\/#organization","name":"Piezas de camiones Access","url":"https:\/\/accesstruckparts.com\/","logo":{"@type":"ImageObject","inLanguage":"es","@id":"https:\/\/accesstruckparts.com\/#\/schema\/logo\/image\/","url":"https:\/\/accesstruckparts.com\/wp-content\/uploads\/2018\/02\/ATP_logo_placeholder_2018.jpg","contentUrl":"https:\/\/accesstruckparts.com\/wp-content\/uploads\/2018\/02\/ATP_logo_placeholder_2018.jpg","width":"500","height":"500","caption":"Access Truck Parts"},"image":{"@id":"https:\/\/accesstruckparts.com\/#\/schema\/logo\/image\/"}}]},"product_price_amount":"1099.95","product_price_currency":"USD","og_availability":"backorder","product_availability":"available for order","product_retailer_item_id":"291-C-L350-5016-A","product_condition":"new"},"_links":{"self":[{"href":"https:\/\/accesstruckparts.com\/es\/wp-json\/wp\/v2\/product\/50646","targetHints":{"allow":["GET"]}}],"collection":[{"href":"https:\/\/accesstruckparts.com\/es\/wp-json\/wp\/v2\/product"}],"about":[{"href":"https:\/\/accesstruckparts.com\/es\/wp-json\/wp\/v2\/types\/product"}],"wp:featuredmedia":[{"embeddable":true,"href":"https:\/\/accesstruckparts.com\/es\/wp-json\/wp\/v2\/media\/50388"}],"wp:attachment":[{"href":"https:\/\/accesstruckparts.com\/es\/wp-json\/wp\/v2\/media?parent=50646"}],"wp:term":[{"taxonomy":"product_brand","embeddable":true,"href":"https:\/\/accesstruckparts.com\/es\/wp-json\/wp\/v2\/product_brand?post=50646"},{"taxonomy":"product_cat","embeddable":true,"href":"https:\/\/accesstruckparts.com\/es\/wp-json\/wp\/v2\/product_cat?post=50646"},{"taxonomy":"product_tag","embeddable":true,"href":"https:\/\/accesstruckparts.com\/es\/wp-json\/wp\/v2\/product_tag?post=50646"}],"curies":[{"name":"wp","href":"https:\/\/api.w.org\/{rel}","templated":true}]}}