{"id":50290,"date":"2019-08-23T08:10:46","date_gmt":"2019-08-23T15:10:46","guid":{"rendered":"https:\/\/accesstruckparts.com\/?post_type=product&#038;p=50290"},"modified":"2026-05-08T21:13:33","modified_gmt":"2026-05-09T04:13:33","slug":"carrete-de-manguera-con-resorte-para-trabajo-pesado-2","status":"publish","type":"product","link":"https:\/\/accesstruckparts.com\/es\/product\/heavy-duty-spring-rewind-hose-reel\/","title":{"rendered":"Enrollador de mangueras con resorte para trabajos pesados Coxreels\u00ae."},"content":{"rendered":"<p>El carrete de manguera Coxreels\u00ae Heavy-Duty Performance Spring Rewind est\u00e1 fabricado con una construcci\u00f3n de acero de grado profesional, bordes laminados y discos acanalados para mayor resistencia y seguridad, y cuenta con un motor de cartucho extra\u00edble con resorte para facilitar el mantenimiento y la sustituci\u00f3n. Una base de pedestal de 1\/4\u2033 proporciona la m\u00e1xima estabilidad con una instalaci\u00f3n\/retirada sencilla. El brazo gu\u00eda de m\u00faltiples posiciones asegura una colocaci\u00f3n vers\u00e1til de la manguera y un rebobinado eficiente. Otras caracter\u00edsticas incluyen un acabado con recubrimiento de polvo, un tope de manguera ajustable de caucho s\u00f3lido, una r\u00f3tula de lat\u00f3n NPT de 90\u00b0 de flujo total con junta de nitrilo y un cojinete de precisi\u00f3n permanentemente lubricado.<\/p>\n<p>Puede utilizarse para aplicaciones de aire o agua, manguera incluida.<\/p>","protected":false},"excerpt":{"rendered":"<p>Enrollador de manguera con resorte de 3\/8\u2033 x 50\u2032 para trabajos pesados<\/p>","protected":false},"featured_media":50672,"template":"","meta":[],"product_brand":[],"product_cat":[71],"product_tag":[297,308,218,291,298,300,299],"class_list":{"0":"post-50290","1":"product","2":"type-product","3":"status-publish","4":"has-post-thumbnail","6":"product_cat-hose-reels","7":"product_tag-air-hose","8":"product_tag-coxreels","9":"product_tag-heavy-duty","10":"product_tag-npt","11":"product_tag-reels","12":"product_tag-spring-rewind","13":"product_tag-water-hose","14":"product_shipping_class-oversized","16":"first","17":"onbackorder","18":"taxable","19":"shipping-taxable","20":"purchasable","21":"product-type-simple"},"yoast_head":"<!-- This site is optimized with the Yoast SEO Premium plugin v27.4 (Yoast SEO v27.5) - https:\/\/yoast.com\/product\/yoast-seo-premium-wordpress\/ -->\n<title>Buy Coxreels\u00ae Heavy-Duty Spring Rewind Hose Reel online at Access Truck Parts<\/title>\n<meta name=\"description\" content=\"Shop for Coxreels\u00ae Heavy-Duty Spring Rewind Hose Reel with Access Truck Parts. We have the best prices on the market. Browse today!\" \/>\n<meta name=\"robots\" content=\"index, follow, max-snippet:-1, max-image-preview:large, max-video-preview:-1\" \/>\n<link rel=\"canonical\" href=\"https:\/\/accesstruckparts.com\/es\/producto\/carrete-de-manguera-con-resorte-para-trabajo-pesado-2\/\" \/>\n<meta property=\"og:locale\" content=\"es_MX\" \/>\n<meta property=\"og:type\" content=\"article\" \/>\n<meta property=\"og:title\" content=\"Coxreels\u00ae Heavy-Duty Spring Rewind Hose Reel\" \/>\n<meta property=\"og:description\" content=\"Shop for Coxreels\u00ae Heavy-Duty Spring Rewind Hose Reel with Access Truck Parts. We have the best prices on the market. Browse today!\" \/>\n<meta property=\"og:url\" content=\"https:\/\/accesstruckparts.com\/es\/producto\/carrete-de-manguera-con-resorte-para-trabajo-pesado-2\/\" \/>\n<meta property=\"og:site_name\" content=\"Access Truck Parts\" \/>\n<meta property=\"article:modified_time\" content=\"2026-05-09T04:13:33+00:00\" \/>\n<meta property=\"og:image\" content=\"https:\/\/accesstruckparts.com\/wp-content\/uploads\/2019\/08\/291-P-LP-350-50_Heavy-Duty-Spring-Rewind-Hose-Reel_1200-1200-sRGB.png\" \/>\n\t<meta property=\"og:image:width\" content=\"1200\" \/>\n\t<meta property=\"og:image:height\" content=\"1200\" \/>\n\t<meta property=\"og:image:type\" content=\"image\/png\" \/>\n<meta name=\"twitter:label1\" content=\"Precio\" \/>\n\t<meta name=\"twitter:data1\" content=\"&#036;474.95\" \/>\n\t<meta name=\"twitter:label2\" content=\"Disponibilidad\" \/>\n\t<meta name=\"twitter:data2\" content=\"Disponible para reservar\" \/>\n<script type=\"application\/ld+json\" class=\"yoast-schema-graph\">{\"@context\":\"https:\\\/\\\/schema.org\",\"@graph\":[{\"@type\":\"WebPage\",\"@id\":\"https:\\\/\\\/accesstruckparts.com\\\/product\\\/heavy-duty-spring-rewind-hose-reel\\\/\",\"url\":\"https:\\\/\\\/accesstruckparts.com\\\/product\\\/heavy-duty-spring-rewind-hose-reel\\\/\",\"name\":\"Buy Coxreels\u00ae Heavy-Duty Spring Rewind Hose Reel online at Access Truck Parts\",\"isPartOf\":{\"@id\":\"https:\\\/\\\/accesstruckparts.com\\\/#website\"},\"primaryImageOfPage\":{\"@id\":\"https:\\\/\\\/accesstruckparts.com\\\/product\\\/heavy-duty-spring-rewind-hose-reel\\\/#primaryimage\"},\"image\":{\"@id\":\"https:\\\/\\\/accesstruckparts.com\\\/product\\\/heavy-duty-spring-rewind-hose-reel\\\/#primaryimage\"},\"thumbnailUrl\":\"https:\\\/\\\/accesstruckparts.com\\\/wp-content\\\/uploads\\\/2019\\\/08\\\/291-P-LP-350-50_Heavy-Duty-Spring-Rewind-Hose-Reel_1200-1200-sRGB.png\",\"datePublished\":\"2019-08-23T15:10:46+00:00\",\"dateModified\":\"2026-05-09T04:13:33+00:00\",\"description\":\"Shop for Coxreels\u00ae Heavy-Duty Spring Rewind Hose Reel with Access Truck Parts. We have the best prices on the market. Browse today!\",\"breadcrumb\":{\"@id\":\"https:\\\/\\\/accesstruckparts.com\\\/product\\\/heavy-duty-spring-rewind-hose-reel\\\/#breadcrumb\"},\"inLanguage\":\"es\",\"potentialAction\":[{\"@type\":\"ReadAction\",\"target\":[\"https:\\\/\\\/accesstruckparts.com\\\/product\\\/heavy-duty-spring-rewind-hose-reel\\\/\"]}]},{\"@type\":\"ImageObject\",\"inLanguage\":\"es\",\"@id\":\"https:\\\/\\\/accesstruckparts.com\\\/product\\\/heavy-duty-spring-rewind-hose-reel\\\/#primaryimage\",\"url\":\"https:\\\/\\\/accesstruckparts.com\\\/wp-content\\\/uploads\\\/2019\\\/08\\\/291-P-LP-350-50_Heavy-Duty-Spring-Rewind-Hose-Reel_1200-1200-sRGB.png\",\"contentUrl\":\"https:\\\/\\\/accesstruckparts.com\\\/wp-content\\\/uploads\\\/2019\\\/08\\\/291-P-LP-350-50_Heavy-Duty-Spring-Rewind-Hose-Reel_1200-1200-sRGB.png\",\"width\":1200,\"height\":1200},{\"@type\":\"BreadcrumbList\",\"@id\":\"https:\\\/\\\/accesstruckparts.com\\\/product\\\/heavy-duty-spring-rewind-hose-reel\\\/#breadcrumb\",\"itemListElement\":[{\"@type\":\"ListItem\",\"position\":1,\"name\":\"Home\",\"item\":\"https:\\\/\\\/accesstruckparts.com\\\/\"},{\"@type\":\"ListItem\",\"position\":2,\"name\":\"Parts\",\"item\":\"https:\\\/\\\/accesstruckparts.com\\\/parts\\\/\"},{\"@type\":\"ListItem\",\"position\":3,\"name\":\"Coxreels\u00ae Heavy-Duty Spring Rewind Hose Reel\"}]},{\"@type\":\"WebSite\",\"@id\":\"https:\\\/\\\/accesstruckparts.com\\\/#website\",\"url\":\"https:\\\/\\\/accesstruckparts.com\\\/\",\"name\":\"Access Truck Parts\",\"description\":\"Your One Stop Water Truck Parts Solution.\",\"publisher\":{\"@id\":\"https:\\\/\\\/accesstruckparts.com\\\/#organization\"},\"potentialAction\":[{\"@type\":\"SearchAction\",\"target\":{\"@type\":\"EntryPoint\",\"urlTemplate\":\"https:\\\/\\\/accesstruckparts.com\\\/?s={search_term_string}\"},\"query-input\":{\"@type\":\"PropertyValueSpecification\",\"valueRequired\":true,\"valueName\":\"search_term_string\"}}],\"inLanguage\":\"es\"},{\"@type\":\"Organization\",\"@id\":\"https:\\\/\\\/accesstruckparts.com\\\/#organization\",\"name\":\"Access Truck Parts\",\"url\":\"https:\\\/\\\/accesstruckparts.com\\\/\",\"logo\":{\"@type\":\"ImageObject\",\"inLanguage\":\"es\",\"@id\":\"https:\\\/\\\/accesstruckparts.com\\\/#\\\/schema\\\/logo\\\/image\\\/\",\"url\":\"https:\\\/\\\/accesstruckparts.com\\\/wp-content\\\/uploads\\\/2018\\\/02\\\/ATP_logo_placeholder_2018.jpg\",\"contentUrl\":\"https:\\\/\\\/accesstruckparts.com\\\/wp-content\\\/uploads\\\/2018\\\/02\\\/ATP_logo_placeholder_2018.jpg\",\"width\":\"500\",\"height\":\"500\",\"caption\":\"Access Truck Parts\"},\"image\":{\"@id\":\"https:\\\/\\\/accesstruckparts.com\\\/#\\\/schema\\\/logo\\\/image\\\/\"}}]}<\/script>\n<meta property=\"product:price:amount\" content=\"474.95\" \/>\n<meta property=\"product:price:currency\" content=\"USD\" \/>\n<meta property=\"og:availability\" content=\"backorder\" \/>\n<meta property=\"product:availability\" content=\"available for order\" \/>\n<meta property=\"product:retailer_item_id\" content=\"291-P-LP-350\" \/>\n<meta property=\"product:condition\" content=\"new\" \/>\n<!-- \/ Yoast SEO Premium plugin. -->","yoast_head_json":{"title":"Compre el carrete de manguera con resorte para trabajo pesado Coxreels\u00ae en l\u00ednea en Access Truck Parts","description":"Compre el carrete de manguera con resorte de alta resistencia Coxreels\u00ae con piezas de cami\u00f3n de acceso. Tenemos los mejores precios del mercado. \u00a1Busque hoy mismo!","robots":{"index":"index","follow":"follow","max-snippet":"max-snippet:-1","max-image-preview":"max-image-preview:large","max-video-preview":"max-video-preview:-1"},"canonical":"https:\/\/accesstruckparts.com\/es\/producto\/carrete-de-manguera-con-resorte-para-trabajo-pesado-2\/","og_locale":"es_MX","og_type":"article","og_title":"Coxreels\u00ae Heavy-Duty Spring Rewind Hose Reel","og_description":"Shop for Coxreels\u00ae Heavy-Duty Spring Rewind Hose Reel with Access Truck Parts. We have the best prices on the market. Browse today!","og_url":"https:\/\/accesstruckparts.com\/es\/producto\/carrete-de-manguera-con-resorte-para-trabajo-pesado-2\/","og_site_name":"Access Truck Parts","article_modified_time":"2026-05-09T04:13:33+00:00","og_image":[{"width":1200,"height":1200,"url":"https:\/\/accesstruckparts.com\/wp-content\/uploads\/2019\/08\/291-P-LP-350-50_Heavy-Duty-Spring-Rewind-Hose-Reel_1200-1200-sRGB.png","type":"image\/png"}],"twitter_misc":{"Precio":"&#36;474.95","Disponibilidad":"Disponible para reservar"},"schema":{"@context":"https:\/\/schema.org","@graph":[{"@type":"WebPage","@id":"https:\/\/accesstruckparts.com\/product\/heavy-duty-spring-rewind-hose-reel\/","url":"https:\/\/accesstruckparts.com\/product\/heavy-duty-spring-rewind-hose-reel\/","name":"Compre el carrete de manguera con resorte para trabajo pesado Coxreels\u00ae en l\u00ednea en Access Truck Parts","isPartOf":{"@id":"https:\/\/accesstruckparts.com\/#website"},"primaryImageOfPage":{"@id":"https:\/\/accesstruckparts.com\/product\/heavy-duty-spring-rewind-hose-reel\/#primaryimage"},"image":{"@id":"https:\/\/accesstruckparts.com\/product\/heavy-duty-spring-rewind-hose-reel\/#primaryimage"},"thumbnailUrl":"https:\/\/accesstruckparts.com\/wp-content\/uploads\/2019\/08\/291-P-LP-350-50_Heavy-Duty-Spring-Rewind-Hose-Reel_1200-1200-sRGB.png","datePublished":"2019-08-23T15:10:46+00:00","dateModified":"2026-05-09T04:13:33+00:00","description":"Compre el carrete de manguera con resorte de alta resistencia Coxreels\u00ae con piezas de cami\u00f3n de acceso. Tenemos los mejores precios del mercado. \u00a1Busque hoy mismo!","breadcrumb":{"@id":"https:\/\/accesstruckparts.com\/product\/heavy-duty-spring-rewind-hose-reel\/#breadcrumb"},"inLanguage":"es","potentialAction":[{"@type":"ReadAction","target":["https:\/\/accesstruckparts.com\/product\/heavy-duty-spring-rewind-hose-reel\/"]}]},{"@type":"ImageObject","inLanguage":"es","@id":"https:\/\/accesstruckparts.com\/product\/heavy-duty-spring-rewind-hose-reel\/#primaryimage","url":"https:\/\/accesstruckparts.com\/wp-content\/uploads\/2019\/08\/291-P-LP-350-50_Heavy-Duty-Spring-Rewind-Hose-Reel_1200-1200-sRGB.png","contentUrl":"https:\/\/accesstruckparts.com\/wp-content\/uploads\/2019\/08\/291-P-LP-350-50_Heavy-Duty-Spring-Rewind-Hose-Reel_1200-1200-sRGB.png","width":1200,"height":1200},{"@type":"BreadcrumbList","@id":"https:\/\/accesstruckparts.com\/product\/heavy-duty-spring-rewind-hose-reel\/#breadcrumb","itemListElement":[{"@type":"ListItem","position":1,"name":"Home","item":"https:\/\/accesstruckparts.com\/"},{"@type":"ListItem","position":2,"name":"Parts","item":"https:\/\/accesstruckparts.com\/parts\/"},{"@type":"ListItem","position":3,"name":"Coxreels\u00ae Heavy-Duty Spring Rewind Hose Reel"}]},{"@type":"WebSite","@id":"https:\/\/accesstruckparts.com\/#website","url":"https:\/\/accesstruckparts.com\/","name":"Piezas de camiones Access","description":"Su soluci\u00f3n \u00fanica de piezas para camiones de agua.","publisher":{"@id":"https:\/\/accesstruckparts.com\/#organization"},"potentialAction":[{"@type":"SearchAction","target":{"@type":"EntryPoint","urlTemplate":"https:\/\/accesstruckparts.com\/?s={search_term_string}"},"query-input":{"@type":"PropertyValueSpecification","valueRequired":true,"valueName":"search_term_string"}}],"inLanguage":"es"},{"@type":"Organization","@id":"https:\/\/accesstruckparts.com\/#organization","name":"Piezas de camiones Access","url":"https:\/\/accesstruckparts.com\/","logo":{"@type":"ImageObject","inLanguage":"es","@id":"https:\/\/accesstruckparts.com\/#\/schema\/logo\/image\/","url":"https:\/\/accesstruckparts.com\/wp-content\/uploads\/2018\/02\/ATP_logo_placeholder_2018.jpg","contentUrl":"https:\/\/accesstruckparts.com\/wp-content\/uploads\/2018\/02\/ATP_logo_placeholder_2018.jpg","width":"500","height":"500","caption":"Access Truck Parts"},"image":{"@id":"https:\/\/accesstruckparts.com\/#\/schema\/logo\/image\/"}}]},"product_price_amount":"474.95","product_price_currency":"USD","og_availability":"backorder","product_availability":"available for order","product_retailer_item_id":"291-P-LP-350","product_condition":"new"},"_links":{"self":[{"href":"https:\/\/accesstruckparts.com\/es\/wp-json\/wp\/v2\/product\/50290","targetHints":{"allow":["GET"]}}],"collection":[{"href":"https:\/\/accesstruckparts.com\/es\/wp-json\/wp\/v2\/product"}],"about":[{"href":"https:\/\/accesstruckparts.com\/es\/wp-json\/wp\/v2\/types\/product"}],"wp:featuredmedia":[{"embeddable":true,"href":"https:\/\/accesstruckparts.com\/es\/wp-json\/wp\/v2\/media\/50672"}],"wp:attachment":[{"href":"https:\/\/accesstruckparts.com\/es\/wp-json\/wp\/v2\/media?parent=50290"}],"wp:term":[{"taxonomy":"product_brand","embeddable":true,"href":"https:\/\/accesstruckparts.com\/es\/wp-json\/wp\/v2\/product_brand?post=50290"},{"taxonomy":"product_cat","embeddable":true,"href":"https:\/\/accesstruckparts.com\/es\/wp-json\/wp\/v2\/product_cat?post=50290"},{"taxonomy":"product_tag","embeddable":true,"href":"https:\/\/accesstruckparts.com\/es\/wp-json\/wp\/v2\/product_tag?post=50290"}],"curies":[{"name":"wp","href":"https:\/\/api.w.org\/{rel}","templated":true}]}}