{"id":4500,"date":"2017-07-04T21:51:38","date_gmt":"2017-07-05T04:51:38","guid":{"rendered":"https:\/\/accesstruckparts.com\/product\/pmp-cw-thrd-w-adaptor\/"},"modified":"2026-05-01T18:32:29","modified_gmt":"2026-05-02T01:32:29","slug":"pmp-cw-thrd-w-adaptador-2","status":"publish","type":"product","link":"https:\/\/accesstruckparts.com\/es\/product\/pmp-cw-thrd-w-adaptor\/","title":{"rendered":"Bomba de cami\u00f3n cisterna - Sello de cuerda B3Z con adaptador (CW, roscado)"},"content":{"rendered":"<p>El ATP B3Z <strong><em>En el sentido de las agujas del reloj, sello de cuerda<\/em><\/strong> style Water Pump es la bomba de agua centr\u00edfuga de 4\u2033x 3\u2033 montada en el bastidor que se utiliza en la mayor\u00eda de los camiones de agua de carretera, 2K y 4K. Esta bomba tiene <strong><em>Roscas hembra para tubos<\/em><\/strong> tanto en el lado de succi\u00f3n como en el de descarga, y a 2500 RPM rinde a un caudal de hasta 800 GPM a 70 PSI. Esta versi\u00f3n incluye un <a class=\"productLink\" href=\"https:\/\/accesstruckparts.com\/es\/producto\/bomba-hidraulica-adaptadora\/\" target=\"_blank\" rel=\"noopener noreferrer\">Adaptador hidr\u00e1ulico, 115-B07779<\/a>.<\/p>\n<p>Esta bomba de agua ATP es un reemplazo directo de la bomba Berkeley B3ZRM (B59539).<\/p>\n<p>Consulte nuestro <a class=\"productLink\" href=\"https:\/\/accesstruckparts.com\/es\/guia-de-la-bomba-de-agua\/\" target=\"_blank\" rel=\"noopener noreferrer\">Gu\u00eda de la bomba de agua<\/a> para m\u00e1s informaci\u00f3n sobre la rotaci\u00f3n de la bomba, las conexiones y el tipo de sello.<br \/>\n<!-- Event snippet for Pumps remarketing page --><br \/>\n<script>\n  gtag('event', 'conversion', {\n      'send_to': 'AW-11227823096\/hs3zCKLLkeQYEPj36-kp',\n      'value': 1.0,\n      'currency': 'USD',\n      'aw_remarketing_only': true\n  });\n<\/script><\/p>","protected":false},"excerpt":{"rendered":"<p>Bomba de agua roscada B3ZRM CW con adaptador hidr\u00e1ulico (B59539)<\/p>","protected":false},"featured_media":56668,"template":"","meta":[],"product_brand":[],"product_cat":[63],"product_tag":[242,193,216,214,224,192,237],"class_list":{"0":"post-4500","1":"product","2":"type-product","3":"status-publish","4":"has-post-thumbnail","6":"product_cat-water-pumps","7":"product_tag-b3zrm","8":"product_tag-clockwise","9":"product_tag-hydraulic","10":"product_tag-rope-seal","11":"product_tag-splined","12":"product_tag-threaded","13":"product_tag-water-pump","15":"first","16":"instock","17":"taxable","18":"shipping-taxable","19":"purchasable","20":"product-type-simple"},"yoast_head":"<!-- This site is optimized with the Yoast SEO Premium plugin v27.4 (Yoast SEO v27.4) - https:\/\/yoast.com\/product\/yoast-seo-premium-wordpress\/ -->\n<title>Buy Water Truck Pump - B3Z Rope Seal w\/ Adaptor (CW, Threaded) online at Access Truck Parts<\/title>\n<meta name=\"description\" content=\"Shop for Water Truck Pump - B3Z Rope Seal w\/ Adaptor (CW, Threaded) with Access Truck Parts. We have the best prices on the market. Browse today!\" \/>\n<meta name=\"robots\" content=\"index, follow, max-snippet:-1, max-image-preview:large, max-video-preview:-1\" \/>\n<link rel=\"canonical\" href=\"https:\/\/accesstruckparts.com\/es\/producto\/pmp-cw-thrd-w-adaptador-2\/\" \/>\n<meta property=\"og:locale\" content=\"es_MX\" \/>\n<meta property=\"og:type\" content=\"article\" \/>\n<meta property=\"og:title\" content=\"Water Truck Pump - B3Z Rope Seal w\/ Adaptor (CW, Threaded)\" \/>\n<meta property=\"og:description\" content=\"Shop for Water Truck Pump - B3Z Rope Seal w\/ Adaptor (CW, Threaded) with Access Truck Parts. We have the best prices on the market. Browse today!\" \/>\n<meta property=\"og:url\" content=\"https:\/\/accesstruckparts.com\/es\/producto\/pmp-cw-thrd-w-adaptador-2\/\" \/>\n<meta property=\"og:site_name\" content=\"Access Truck Parts\" \/>\n<meta property=\"article:modified_time\" content=\"2026-05-02T01:32:29+00:00\" \/>\n<meta property=\"og:image\" content=\"https:\/\/accesstruckparts.com\/wp-content\/uploads\/2017\/07\/108-B59539_B3Z-CW-Rope-Seal-Pump-wAdaptor_1200x1200-sRGB-05-lightened.png\" \/>\n\t<meta property=\"og:image:width\" content=\"1200\" \/>\n\t<meta property=\"og:image:height\" content=\"1200\" \/>\n\t<meta property=\"og:image:type\" content=\"image\/png\" \/>\n<meta name=\"twitter:label1\" content=\"Precio\" \/>\n\t<meta name=\"twitter:data1\" content=\"&#036;1,625.00\" \/>\n\t<meta name=\"twitter:label2\" content=\"Disponibilidad\" \/>\n\t<meta name=\"twitter:data2\" content=\"Disponible\" \/>\n<script type=\"application\/ld+json\" class=\"yoast-schema-graph\">{\"@context\":\"https:\\\/\\\/schema.org\",\"@graph\":[{\"@type\":\"WebPage\",\"@id\":\"https:\\\/\\\/accesstruckparts.com\\\/product\\\/pmp-cw-thrd-w-adaptor\\\/\",\"url\":\"https:\\\/\\\/accesstruckparts.com\\\/product\\\/pmp-cw-thrd-w-adaptor\\\/\",\"name\":\"Buy Water Truck Pump - B3Z Rope Seal w\\\/ Adaptor (CW, Threaded) online at Access Truck Parts\",\"isPartOf\":{\"@id\":\"https:\\\/\\\/accesstruckparts.com\\\/#website\"},\"primaryImageOfPage\":{\"@id\":\"https:\\\/\\\/accesstruckparts.com\\\/product\\\/pmp-cw-thrd-w-adaptor\\\/#primaryimage\"},\"image\":{\"@id\":\"https:\\\/\\\/accesstruckparts.com\\\/product\\\/pmp-cw-thrd-w-adaptor\\\/#primaryimage\"},\"thumbnailUrl\":\"https:\\\/\\\/accesstruckparts.com\\\/wp-content\\\/uploads\\\/2017\\\/07\\\/108-B59539_B3Z-CW-Rope-Seal-Pump-wAdaptor_1200x1200-sRGB-05-lightened.png\",\"datePublished\":\"2017-07-05T04:51:38+00:00\",\"dateModified\":\"2026-05-02T01:32:29+00:00\",\"description\":\"Shop for Water Truck Pump - B3Z Rope Seal w\\\/ Adaptor (CW, Threaded) with Access Truck Parts. We have the best prices on the market. Browse today!\",\"breadcrumb\":{\"@id\":\"https:\\\/\\\/accesstruckparts.com\\\/product\\\/pmp-cw-thrd-w-adaptor\\\/#breadcrumb\"},\"inLanguage\":\"es\",\"potentialAction\":[{\"@type\":\"ReadAction\",\"target\":[\"https:\\\/\\\/accesstruckparts.com\\\/product\\\/pmp-cw-thrd-w-adaptor\\\/\"]}]},{\"@type\":\"ImageObject\",\"inLanguage\":\"es\",\"@id\":\"https:\\\/\\\/accesstruckparts.com\\\/product\\\/pmp-cw-thrd-w-adaptor\\\/#primaryimage\",\"url\":\"https:\\\/\\\/accesstruckparts.com\\\/wp-content\\\/uploads\\\/2017\\\/07\\\/108-B59539_B3Z-CW-Rope-Seal-Pump-wAdaptor_1200x1200-sRGB-05-lightened.png\",\"contentUrl\":\"https:\\\/\\\/accesstruckparts.com\\\/wp-content\\\/uploads\\\/2017\\\/07\\\/108-B59539_B3Z-CW-Rope-Seal-Pump-wAdaptor_1200x1200-sRGB-05-lightened.png\",\"width\":1200,\"height\":1200},{\"@type\":\"BreadcrumbList\",\"@id\":\"https:\\\/\\\/accesstruckparts.com\\\/product\\\/pmp-cw-thrd-w-adaptor\\\/#breadcrumb\",\"itemListElement\":[{\"@type\":\"ListItem\",\"position\":1,\"name\":\"Home\",\"item\":\"https:\\\/\\\/accesstruckparts.com\\\/\"},{\"@type\":\"ListItem\",\"position\":2,\"name\":\"Parts\",\"item\":\"https:\\\/\\\/accesstruckparts.com\\\/parts\\\/\"},{\"@type\":\"ListItem\",\"position\":3,\"name\":\"Water Truck Pump - B3Z Rope Seal w\\\/ Adaptor (CW, Threaded)\"}]},{\"@type\":\"WebSite\",\"@id\":\"https:\\\/\\\/accesstruckparts.com\\\/#website\",\"url\":\"https:\\\/\\\/accesstruckparts.com\\\/\",\"name\":\"Access Truck Parts\",\"description\":\"Your One Stop Water Truck Parts Solution.\",\"publisher\":{\"@id\":\"https:\\\/\\\/accesstruckparts.com\\\/#organization\"},\"potentialAction\":[{\"@type\":\"SearchAction\",\"target\":{\"@type\":\"EntryPoint\",\"urlTemplate\":\"https:\\\/\\\/accesstruckparts.com\\\/?s={search_term_string}\"},\"query-input\":{\"@type\":\"PropertyValueSpecification\",\"valueRequired\":true,\"valueName\":\"search_term_string\"}}],\"inLanguage\":\"es\"},{\"@type\":\"Organization\",\"@id\":\"https:\\\/\\\/accesstruckparts.com\\\/#organization\",\"name\":\"Access Truck Parts\",\"url\":\"https:\\\/\\\/accesstruckparts.com\\\/\",\"logo\":{\"@type\":\"ImageObject\",\"inLanguage\":\"es\",\"@id\":\"https:\\\/\\\/accesstruckparts.com\\\/#\\\/schema\\\/logo\\\/image\\\/\",\"url\":\"https:\\\/\\\/accesstruckparts.com\\\/wp-content\\\/uploads\\\/2018\\\/02\\\/ATP_logo_placeholder_2018.jpg\",\"contentUrl\":\"https:\\\/\\\/accesstruckparts.com\\\/wp-content\\\/uploads\\\/2018\\\/02\\\/ATP_logo_placeholder_2018.jpg\",\"width\":\"500\",\"height\":\"500\",\"caption\":\"Access Truck Parts\"},\"image\":{\"@id\":\"https:\\\/\\\/accesstruckparts.com\\\/#\\\/schema\\\/logo\\\/image\\\/\"}}]}<\/script>\n<meta property=\"product:price:amount\" content=\"1625.00\" \/>\n<meta property=\"product:price:currency\" content=\"USD\" \/>\n<meta property=\"og:availability\" content=\"instock\" \/>\n<meta property=\"product:availability\" content=\"instock\" \/>\n<meta property=\"product:retailer_item_id\" content=\"108-B59539\" \/>\n<meta property=\"product:condition\" content=\"new\" \/>\n<!-- \/ Yoast SEO Premium plugin. -->","yoast_head_json":{"title":"Comprar Bomba para cami\u00f3n cisterna - Sello de cuerda B3Z con adaptador (CW, roscado) en l\u00ednea en Access Truck Parts","description":"Compre la bomba de cami\u00f3n cisterna - B3Z Sello de cuerda con adaptador (CW, roscado) con Access Truck Parts. Tenemos los mejores precios del mercado. \u00a1Busque hoy mismo!","robots":{"index":"index","follow":"follow","max-snippet":"max-snippet:-1","max-image-preview":"max-image-preview:large","max-video-preview":"max-video-preview:-1"},"canonical":"https:\/\/accesstruckparts.com\/es\/producto\/pmp-cw-thrd-w-adaptador-2\/","og_locale":"es_MX","og_type":"article","og_title":"Water Truck Pump - B3Z Rope Seal w\/ Adaptor (CW, Threaded)","og_description":"Shop for Water Truck Pump - B3Z Rope Seal w\/ Adaptor (CW, Threaded) with Access Truck Parts. We have the best prices on the market. Browse today!","og_url":"https:\/\/accesstruckparts.com\/es\/producto\/pmp-cw-thrd-w-adaptador-2\/","og_site_name":"Access Truck Parts","article_modified_time":"2026-05-02T01:32:29+00:00","og_image":[{"width":1200,"height":1200,"url":"https:\/\/accesstruckparts.com\/wp-content\/uploads\/2017\/07\/108-B59539_B3Z-CW-Rope-Seal-Pump-wAdaptor_1200x1200-sRGB-05-lightened.png","type":"image\/png"}],"twitter_misc":{"Precio":"&#36;1,625.00","Disponibilidad":"Disponible"},"schema":{"@context":"https:\/\/schema.org","@graph":[{"@type":"WebPage","@id":"https:\/\/accesstruckparts.com\/product\/pmp-cw-thrd-w-adaptor\/","url":"https:\/\/accesstruckparts.com\/product\/pmp-cw-thrd-w-adaptor\/","name":"Comprar Bomba para cami\u00f3n cisterna - Sello de cuerda B3Z con adaptador (CW, roscado) en l\u00ednea en Access Truck Parts","isPartOf":{"@id":"https:\/\/accesstruckparts.com\/#website"},"primaryImageOfPage":{"@id":"https:\/\/accesstruckparts.com\/product\/pmp-cw-thrd-w-adaptor\/#primaryimage"},"image":{"@id":"https:\/\/accesstruckparts.com\/product\/pmp-cw-thrd-w-adaptor\/#primaryimage"},"thumbnailUrl":"https:\/\/accesstruckparts.com\/wp-content\/uploads\/2017\/07\/108-B59539_B3Z-CW-Rope-Seal-Pump-wAdaptor_1200x1200-sRGB-05-lightened.png","datePublished":"2017-07-05T04:51:38+00:00","dateModified":"2026-05-02T01:32:29+00:00","description":"Compre la bomba de cami\u00f3n cisterna - B3Z Sello de cuerda con adaptador (CW, roscado) con Access Truck Parts. Tenemos los mejores precios del mercado. \u00a1Busque hoy mismo!","breadcrumb":{"@id":"https:\/\/accesstruckparts.com\/product\/pmp-cw-thrd-w-adaptor\/#breadcrumb"},"inLanguage":"es","potentialAction":[{"@type":"ReadAction","target":["https:\/\/accesstruckparts.com\/product\/pmp-cw-thrd-w-adaptor\/"]}]},{"@type":"ImageObject","inLanguage":"es","@id":"https:\/\/accesstruckparts.com\/product\/pmp-cw-thrd-w-adaptor\/#primaryimage","url":"https:\/\/accesstruckparts.com\/wp-content\/uploads\/2017\/07\/108-B59539_B3Z-CW-Rope-Seal-Pump-wAdaptor_1200x1200-sRGB-05-lightened.png","contentUrl":"https:\/\/accesstruckparts.com\/wp-content\/uploads\/2017\/07\/108-B59539_B3Z-CW-Rope-Seal-Pump-wAdaptor_1200x1200-sRGB-05-lightened.png","width":1200,"height":1200},{"@type":"BreadcrumbList","@id":"https:\/\/accesstruckparts.com\/product\/pmp-cw-thrd-w-adaptor\/#breadcrumb","itemListElement":[{"@type":"ListItem","position":1,"name":"Home","item":"https:\/\/accesstruckparts.com\/"},{"@type":"ListItem","position":2,"name":"Parts","item":"https:\/\/accesstruckparts.com\/parts\/"},{"@type":"ListItem","position":3,"name":"Water Truck Pump - B3Z Rope Seal w\/ Adaptor (CW, Threaded)"}]},{"@type":"WebSite","@id":"https:\/\/accesstruckparts.com\/#website","url":"https:\/\/accesstruckparts.com\/","name":"Piezas de camiones Access","description":"Su soluci\u00f3n \u00fanica de piezas para camiones de agua.","publisher":{"@id":"https:\/\/accesstruckparts.com\/#organization"},"potentialAction":[{"@type":"SearchAction","target":{"@type":"EntryPoint","urlTemplate":"https:\/\/accesstruckparts.com\/?s={search_term_string}"},"query-input":{"@type":"PropertyValueSpecification","valueRequired":true,"valueName":"search_term_string"}}],"inLanguage":"es"},{"@type":"Organization","@id":"https:\/\/accesstruckparts.com\/#organization","name":"Piezas de camiones Access","url":"https:\/\/accesstruckparts.com\/","logo":{"@type":"ImageObject","inLanguage":"es","@id":"https:\/\/accesstruckparts.com\/#\/schema\/logo\/image\/","url":"https:\/\/accesstruckparts.com\/wp-content\/uploads\/2018\/02\/ATP_logo_placeholder_2018.jpg","contentUrl":"https:\/\/accesstruckparts.com\/wp-content\/uploads\/2018\/02\/ATP_logo_placeholder_2018.jpg","width":"500","height":"500","caption":"Access Truck Parts"},"image":{"@id":"https:\/\/accesstruckparts.com\/#\/schema\/logo\/image\/"}}]},"product_price_amount":"1625.00","product_price_currency":"USD","og_availability":"instock","product_availability":"instock","product_retailer_item_id":"108-B59539","product_condition":"new"},"_links":{"self":[{"href":"https:\/\/accesstruckparts.com\/es\/wp-json\/wp\/v2\/product\/4500","targetHints":{"allow":["GET"]}}],"collection":[{"href":"https:\/\/accesstruckparts.com\/es\/wp-json\/wp\/v2\/product"}],"about":[{"href":"https:\/\/accesstruckparts.com\/es\/wp-json\/wp\/v2\/types\/product"}],"wp:featuredmedia":[{"embeddable":true,"href":"https:\/\/accesstruckparts.com\/es\/wp-json\/wp\/v2\/media\/56668"}],"wp:attachment":[{"href":"https:\/\/accesstruckparts.com\/es\/wp-json\/wp\/v2\/media?parent=4500"}],"wp:term":[{"taxonomy":"product_brand","embeddable":true,"href":"https:\/\/accesstruckparts.com\/es\/wp-json\/wp\/v2\/product_brand?post=4500"},{"taxonomy":"product_cat","embeddable":true,"href":"https:\/\/accesstruckparts.com\/es\/wp-json\/wp\/v2\/product_cat?post=4500"},{"taxonomy":"product_tag","embeddable":true,"href":"https:\/\/accesstruckparts.com\/es\/wp-json\/wp\/v2\/product_tag?post=4500"}],"curies":[{"name":"wp","href":"https:\/\/api.w.org\/{rel}","templated":true}]}}