{"id":3764,"date":"2017-07-04T21:51:41","date_gmt":"2017-07-05T04:51:41","guid":{"rendered":"https:\/\/accesstruckparts.com\/?post_type=product&#038;p=3764"},"modified":"2026-04-18T21:41:38","modified_gmt":"2026-04-19T04:41:38","slug":"interruptor-de-palanca-de-4-vias-de-aire","status":"publish","type":"product","link":"https:\/\/accesstruckparts.com\/es\/product\/4way-air-toggle-switch\/","title":{"rendered":"Interruptor de palanca de 4 v\u00edas"},"content":{"rendered":"<p>Este interruptor de palanca de aire de 4 v\u00edas presenta un dise\u00f1o compacto con un cuerpo de lat\u00f3n que evita la oxidaci\u00f3n.<\/p>\n<table class=\"tech-details\">\n<tr>\n<td>Flujo de aire:<\/td>\n<td>25 scfm @ 100 psig<\/td>\n<\/tr>\n<tr>\n<td>Puertos:<\/td>\n<td>1\/8\u2033 NPT - 1\/8\u2033 NPT<\/td>\n<\/tr>\n<tr>\n<td>PSI m\u00e1ximo:<\/td>\n<td>300 psig<\/td>\n<\/tr>\n<tr>\n<td>Monte:<\/td>\n<td>Rosca 15\/32-32<\/td>\n<\/tr>\n<\/table>","protected":false},"excerpt":{"rendered":"<p>Interruptor de palanca de aire MJTV4<\/p>","protected":false},"featured_media":40482,"template":"","meta":[],"product_brand":[],"product_cat":[152],"product_tag":[232],"class_list":{"0":"post-3764","1":"product","2":"type-product","3":"status-publish","4":"has-post-thumbnail","6":"product_cat-control-switches","7":"product_tag-control","9":"first","10":"instock","11":"taxable","12":"shipping-taxable","13":"purchasable","14":"product-type-simple"},"yoast_head":"<!-- This site is optimized with the Yoast SEO Premium plugin v27.4 (Yoast SEO v27.4) - https:\/\/yoast.com\/product\/yoast-seo-premium-wordpress\/ -->\n<title>Buy 4-Way Toggle Switch online at Access Truck Parts<\/title>\n<meta name=\"description\" content=\"Shop for 4-Way Toggle Switch with Access Truck Parts. We have the best prices on the market. Browse today!\" \/>\n<meta name=\"robots\" content=\"index, follow, max-snippet:-1, max-image-preview:large, max-video-preview:-1\" \/>\n<link rel=\"canonical\" href=\"https:\/\/accesstruckparts.com\/es\/producto\/interruptor-de-palanca-de-4-vias-de-aire\/\" \/>\n<meta property=\"og:locale\" content=\"es_MX\" \/>\n<meta property=\"og:type\" content=\"article\" \/>\n<meta property=\"og:title\" content=\"4-Way Toggle Switch\" \/>\n<meta property=\"og:description\" content=\"Shop for 4-Way Toggle Switch with Access Truck Parts. We have the best prices on the market. Browse today!\" \/>\n<meta property=\"og:url\" content=\"https:\/\/accesstruckparts.com\/es\/producto\/interruptor-de-palanca-de-4-vias-de-aire\/\" \/>\n<meta property=\"og:site_name\" content=\"Access Truck Parts\" \/>\n<meta property=\"article:modified_time\" content=\"2026-04-19T04:41:38+00:00\" \/>\n<meta property=\"og:image\" content=\"https:\/\/accesstruckparts.com\/wp-content\/uploads\/2017\/07\/331-MJTV4_MJTV4-Air-Toggle-Switch_1200x1200-sRGB.png\" \/>\n\t<meta property=\"og:image:width\" content=\"1200\" \/>\n\t<meta property=\"og:image:height\" content=\"1200\" \/>\n\t<meta property=\"og:image:type\" content=\"image\/png\" \/>\n<meta name=\"twitter:label1\" content=\"Precio\" \/>\n\t<meta name=\"twitter:data1\" content=\"&#036;39.95\" \/>\n\t<meta name=\"twitter:label2\" content=\"Disponibilidad\" \/>\n\t<meta name=\"twitter:data2\" content=\"Disponible\" \/>\n<script type=\"application\/ld+json\" class=\"yoast-schema-graph\">{\"@context\":\"https:\\\/\\\/schema.org\",\"@graph\":[{\"@type\":\"WebPage\",\"@id\":\"https:\\\/\\\/accesstruckparts.com\\\/product\\\/4way-air-toggle-switch\\\/\",\"url\":\"https:\\\/\\\/accesstruckparts.com\\\/product\\\/4way-air-toggle-switch\\\/\",\"name\":\"Buy 4-Way Toggle Switch online at Access Truck Parts\",\"isPartOf\":{\"@id\":\"https:\\\/\\\/accesstruckparts.com\\\/#website\"},\"primaryImageOfPage\":{\"@id\":\"https:\\\/\\\/accesstruckparts.com\\\/product\\\/4way-air-toggle-switch\\\/#primaryimage\"},\"image\":{\"@id\":\"https:\\\/\\\/accesstruckparts.com\\\/product\\\/4way-air-toggle-switch\\\/#primaryimage\"},\"thumbnailUrl\":\"https:\\\/\\\/accesstruckparts.com\\\/wp-content\\\/uploads\\\/2017\\\/07\\\/331-MJTV4_MJTV4-Air-Toggle-Switch_1200x1200-sRGB.png\",\"datePublished\":\"2017-07-05T04:51:41+00:00\",\"dateModified\":\"2026-04-19T04:41:38+00:00\",\"description\":\"Shop for 4-Way Toggle Switch with Access Truck Parts. We have the best prices on the market. Browse today!\",\"breadcrumb\":{\"@id\":\"https:\\\/\\\/accesstruckparts.com\\\/product\\\/4way-air-toggle-switch\\\/#breadcrumb\"},\"inLanguage\":\"es\",\"potentialAction\":[{\"@type\":\"ReadAction\",\"target\":[\"https:\\\/\\\/accesstruckparts.com\\\/product\\\/4way-air-toggle-switch\\\/\"]}]},{\"@type\":\"ImageObject\",\"inLanguage\":\"es\",\"@id\":\"https:\\\/\\\/accesstruckparts.com\\\/product\\\/4way-air-toggle-switch\\\/#primaryimage\",\"url\":\"https:\\\/\\\/accesstruckparts.com\\\/wp-content\\\/uploads\\\/2017\\\/07\\\/331-MJTV4_MJTV4-Air-Toggle-Switch_1200x1200-sRGB.png\",\"contentUrl\":\"https:\\\/\\\/accesstruckparts.com\\\/wp-content\\\/uploads\\\/2017\\\/07\\\/331-MJTV4_MJTV4-Air-Toggle-Switch_1200x1200-sRGB.png\",\"width\":1200,\"height\":1200},{\"@type\":\"BreadcrumbList\",\"@id\":\"https:\\\/\\\/accesstruckparts.com\\\/product\\\/4way-air-toggle-switch\\\/#breadcrumb\",\"itemListElement\":[{\"@type\":\"ListItem\",\"position\":1,\"name\":\"Home\",\"item\":\"https:\\\/\\\/accesstruckparts.com\\\/\"},{\"@type\":\"ListItem\",\"position\":2,\"name\":\"Parts\",\"item\":\"https:\\\/\\\/accesstruckparts.com\\\/parts\\\/\"},{\"@type\":\"ListItem\",\"position\":3,\"name\":\"4-Way Toggle Switch\"}]},{\"@type\":\"WebSite\",\"@id\":\"https:\\\/\\\/accesstruckparts.com\\\/#website\",\"url\":\"https:\\\/\\\/accesstruckparts.com\\\/\",\"name\":\"Access Truck Parts\",\"description\":\"Your One Stop Water Truck Parts Solution.\",\"publisher\":{\"@id\":\"https:\\\/\\\/accesstruckparts.com\\\/#organization\"},\"potentialAction\":[{\"@type\":\"SearchAction\",\"target\":{\"@type\":\"EntryPoint\",\"urlTemplate\":\"https:\\\/\\\/accesstruckparts.com\\\/?s={search_term_string}\"},\"query-input\":{\"@type\":\"PropertyValueSpecification\",\"valueRequired\":true,\"valueName\":\"search_term_string\"}}],\"inLanguage\":\"es\"},{\"@type\":\"Organization\",\"@id\":\"https:\\\/\\\/accesstruckparts.com\\\/#organization\",\"name\":\"Access Truck Parts\",\"url\":\"https:\\\/\\\/accesstruckparts.com\\\/\",\"logo\":{\"@type\":\"ImageObject\",\"inLanguage\":\"es\",\"@id\":\"https:\\\/\\\/accesstruckparts.com\\\/#\\\/schema\\\/logo\\\/image\\\/\",\"url\":\"https:\\\/\\\/accesstruckparts.com\\\/wp-content\\\/uploads\\\/2018\\\/02\\\/ATP_logo_placeholder_2018.jpg\",\"contentUrl\":\"https:\\\/\\\/accesstruckparts.com\\\/wp-content\\\/uploads\\\/2018\\\/02\\\/ATP_logo_placeholder_2018.jpg\",\"width\":\"500\",\"height\":\"500\",\"caption\":\"Access Truck Parts\"},\"image\":{\"@id\":\"https:\\\/\\\/accesstruckparts.com\\\/#\\\/schema\\\/logo\\\/image\\\/\"}}]}<\/script>\n<meta property=\"product:price:amount\" content=\"39.95\" \/>\n<meta property=\"product:price:currency\" content=\"USD\" \/>\n<meta property=\"og:availability\" content=\"instock\" \/>\n<meta property=\"product:availability\" content=\"instock\" \/>\n<meta property=\"product:retailer_item_id\" content=\"331-MJTV4\" \/>\n<meta property=\"product:condition\" content=\"new\" \/>\n<!-- \/ Yoast SEO Premium plugin. -->","yoast_head_json":{"title":"Comprar interruptor de palanca de 4 v\u00edas en l\u00ednea en Access Truck Parts","description":"Compre el interruptor de palanca de 4 v\u00edas con Access Truck Parts. Tenemos los mejores precios del mercado. \u00a1Busque hoy mismo!","robots":{"index":"index","follow":"follow","max-snippet":"max-snippet:-1","max-image-preview":"max-image-preview:large","max-video-preview":"max-video-preview:-1"},"canonical":"https:\/\/accesstruckparts.com\/es\/producto\/interruptor-de-palanca-de-4-vias-de-aire\/","og_locale":"es_MX","og_type":"article","og_title":"4-Way Toggle Switch","og_description":"Shop for 4-Way Toggle Switch with Access Truck Parts. We have the best prices on the market. Browse today!","og_url":"https:\/\/accesstruckparts.com\/es\/producto\/interruptor-de-palanca-de-4-vias-de-aire\/","og_site_name":"Access Truck Parts","article_modified_time":"2026-04-19T04:41:38+00:00","og_image":[{"width":1200,"height":1200,"url":"https:\/\/accesstruckparts.com\/wp-content\/uploads\/2017\/07\/331-MJTV4_MJTV4-Air-Toggle-Switch_1200x1200-sRGB.png","type":"image\/png"}],"twitter_misc":{"Precio":"&#36;39.95","Disponibilidad":"Disponible"},"schema":{"@context":"https:\/\/schema.org","@graph":[{"@type":"WebPage","@id":"https:\/\/accesstruckparts.com\/product\/4way-air-toggle-switch\/","url":"https:\/\/accesstruckparts.com\/product\/4way-air-toggle-switch\/","name":"Comprar interruptor de palanca de 4 v\u00edas en l\u00ednea en Access Truck Parts","isPartOf":{"@id":"https:\/\/accesstruckparts.com\/#website"},"primaryImageOfPage":{"@id":"https:\/\/accesstruckparts.com\/product\/4way-air-toggle-switch\/#primaryimage"},"image":{"@id":"https:\/\/accesstruckparts.com\/product\/4way-air-toggle-switch\/#primaryimage"},"thumbnailUrl":"https:\/\/accesstruckparts.com\/wp-content\/uploads\/2017\/07\/331-MJTV4_MJTV4-Air-Toggle-Switch_1200x1200-sRGB.png","datePublished":"2017-07-05T04:51:41+00:00","dateModified":"2026-04-19T04:41:38+00:00","description":"Compre el interruptor de palanca de 4 v\u00edas con Access Truck Parts. Tenemos los mejores precios del mercado. \u00a1Busque hoy mismo!","breadcrumb":{"@id":"https:\/\/accesstruckparts.com\/product\/4way-air-toggle-switch\/#breadcrumb"},"inLanguage":"es","potentialAction":[{"@type":"ReadAction","target":["https:\/\/accesstruckparts.com\/product\/4way-air-toggle-switch\/"]}]},{"@type":"ImageObject","inLanguage":"es","@id":"https:\/\/accesstruckparts.com\/product\/4way-air-toggle-switch\/#primaryimage","url":"https:\/\/accesstruckparts.com\/wp-content\/uploads\/2017\/07\/331-MJTV4_MJTV4-Air-Toggle-Switch_1200x1200-sRGB.png","contentUrl":"https:\/\/accesstruckparts.com\/wp-content\/uploads\/2017\/07\/331-MJTV4_MJTV4-Air-Toggle-Switch_1200x1200-sRGB.png","width":1200,"height":1200},{"@type":"BreadcrumbList","@id":"https:\/\/accesstruckparts.com\/product\/4way-air-toggle-switch\/#breadcrumb","itemListElement":[{"@type":"ListItem","position":1,"name":"Home","item":"https:\/\/accesstruckparts.com\/"},{"@type":"ListItem","position":2,"name":"Parts","item":"https:\/\/accesstruckparts.com\/parts\/"},{"@type":"ListItem","position":3,"name":"4-Way Toggle Switch"}]},{"@type":"WebSite","@id":"https:\/\/accesstruckparts.com\/#website","url":"https:\/\/accesstruckparts.com\/","name":"Piezas de camiones Access","description":"Su soluci\u00f3n \u00fanica de piezas para camiones de agua.","publisher":{"@id":"https:\/\/accesstruckparts.com\/#organization"},"potentialAction":[{"@type":"SearchAction","target":{"@type":"EntryPoint","urlTemplate":"https:\/\/accesstruckparts.com\/?s={search_term_string}"},"query-input":{"@type":"PropertyValueSpecification","valueRequired":true,"valueName":"search_term_string"}}],"inLanguage":"es"},{"@type":"Organization","@id":"https:\/\/accesstruckparts.com\/#organization","name":"Piezas de camiones Access","url":"https:\/\/accesstruckparts.com\/","logo":{"@type":"ImageObject","inLanguage":"es","@id":"https:\/\/accesstruckparts.com\/#\/schema\/logo\/image\/","url":"https:\/\/accesstruckparts.com\/wp-content\/uploads\/2018\/02\/ATP_logo_placeholder_2018.jpg","contentUrl":"https:\/\/accesstruckparts.com\/wp-content\/uploads\/2018\/02\/ATP_logo_placeholder_2018.jpg","width":"500","height":"500","caption":"Access Truck Parts"},"image":{"@id":"https:\/\/accesstruckparts.com\/#\/schema\/logo\/image\/"}}]},"product_price_amount":"39.95","product_price_currency":"USD","og_availability":"instock","product_availability":"instock","product_retailer_item_id":"331-MJTV4","product_condition":"new"},"_links":{"self":[{"href":"https:\/\/accesstruckparts.com\/es\/wp-json\/wp\/v2\/product\/3764","targetHints":{"allow":["GET"]}}],"collection":[{"href":"https:\/\/accesstruckparts.com\/es\/wp-json\/wp\/v2\/product"}],"about":[{"href":"https:\/\/accesstruckparts.com\/es\/wp-json\/wp\/v2\/types\/product"}],"wp:featuredmedia":[{"embeddable":true,"href":"https:\/\/accesstruckparts.com\/es\/wp-json\/wp\/v2\/media\/40482"}],"wp:attachment":[{"href":"https:\/\/accesstruckparts.com\/es\/wp-json\/wp\/v2\/media?parent=3764"}],"wp:term":[{"taxonomy":"product_brand","embeddable":true,"href":"https:\/\/accesstruckparts.com\/es\/wp-json\/wp\/v2\/product_brand?post=3764"},{"taxonomy":"product_cat","embeddable":true,"href":"https:\/\/accesstruckparts.com\/es\/wp-json\/wp\/v2\/product_cat?post=3764"},{"taxonomy":"product_tag","embeddable":true,"href":"https:\/\/accesstruckparts.com\/es\/wp-json\/wp\/v2\/product_tag?post=3764"}],"curies":[{"name":"wp","href":"https:\/\/api.w.org\/{rel}","templated":true}]}}