{"id":3583,"date":"2018-02-27T08:36:49","date_gmt":"2018-02-27T15:36:49","guid":{"rendered":"https:\/\/accesstruckparts.com\/?post_type=product&#038;p=3583"},"modified":"2026-04-18T23:11:45","modified_gmt":"2026-04-19T06:11:45","slug":"pump-ccw-threaded-rope-seal-b66168","status":"publish","type":"product","link":"https:\/\/accesstruckparts.com\/es\/product\/pump-ccw-threaded-rope-seal-b66168\/","title":{"rendered":"Bomba de cami\u00f3n cisterna - Sello de cuerda B3Z (rosca CCW)"},"content":{"rendered":"<p><iframe class=\"youtube-video\" title=\"Reproductor de v\u00eddeo de YouTube\" src=\"https:\/\/www.youtube.com\/embed\/2Wb_MzJyX1s?si=CZz9kMfPZ1XGH6Bs;start=10&amp;rel=0&amp;modestbranding=1&amp;iv_load_policy=3&amp;color=white\" frameborder=\"0\" allowfullscreen=\"allowfullscreen\"><span data-mce-type=\"bookmark\" style=\"display: inline-block; width: 0px; overflow: hidden; line-height: 0;\" class=\"mce_SELRES_start\"><\/span><\/iframe><\/p>\n<p>El ATP B3Z <strong><em>En sentido contrario a las agujas del reloj, sello de cuerda<\/em><\/strong> style Water Pump es una bomba de agua centr\u00edfuga de 4\u2033x 3\u2033 montada en el bastidor que se utiliza en la mayor\u00eda de los camiones de agua de carretera, 2K y 4K. Esta bomba tiene <strong><em>Roscas hembra para tubos<\/em><\/strong> tanto en el lado de succi\u00f3n como en el de descarga, y a 2500 RPM rinde a un caudal de hasta 800 GPM a 70 PSI. Cuando se acciona directamente a trav\u00e9s de la toma de fuerza, esta bomba se utiliza principalmente para camiones con transmisi\u00f3n est\u00e1ndar. El accionamiento hidr\u00e1ulico tambi\u00e9n est\u00e1 disponible a\u00f1adiendo un <a class=\"productLink\" href=\"https:\/\/accesstruckparts.com\/es\/producto\/bomba-hidraulica-adaptadora\/\" target=\"_blank\" rel=\"noopener noreferrer\">Adaptador hidr\u00e1ulico, 115-B07779.<\/a><\/p>\n<p>Esta bomba de agua ATP es una <strong>sustituci\u00f3n directa<\/strong> para la bomba Berkeley B3ZRM (B66168).<\/p>\n<p>Consulte nuestro <a class=\"productLink\" href=\"https:\/\/accesstruckparts.com\/es\/guia-de-la-bomba-de-agua\/\" target=\"_blank\" rel=\"noopener noreferrer\">Gu\u00eda de la bomba de agua<\/a> para m\u00e1s informaci\u00f3n sobre la rotaci\u00f3n de la bomba, las conexiones y el tipo de sello.<\/p>\n<p>\u00bfNecesita reconstruir su bomba de sello de cuerda desgastada? Recoja una de nuestras <a class=\"productLink\" href=\"https:\/\/accesstruckparts.com\/es\/producto\/sello-de-cuerda-bomba-kit-de-reconstruccion-b3z-ccw\/\">Kits de reconstrucci\u00f3n<\/a> y vea el v\u00eddeo a continuaci\u00f3n:<\/p>\n<p><iframe class=\"youtube-video\" title=\"Reproductor de v\u00eddeo de YouTube\" src=\"https:\/\/www.youtube.com\/embed\/vie93u7btFY?si=038HceeVs7fy8Cu6&amp;start=10&amp;rel=0&amp;modestbranding=1&amp;iv_load_policy=3&amp;color=white\" frameborder=\"0\" allowfullscreen=\"allowfullscreen\"><\/iframe><\/p>\n<p><!-- Event snippet for Pumps remarketing page --><br \/>\n<script>\n  gtag('event', 'conversion', {\n      'send_to': 'AW-11227823096\/hs3zCKLLkeQYEPj36-kp',\n      'value': 1.0,\n      'currency': 'USD',\n      'aw_remarketing_only': true\n  });\n<\/script><\/p>","protected":false},"excerpt":{"rendered":"<p>Bomba de agua con sello de cuerda de rosca B3ZRM (B66168)<\/p>","protected":false},"featured_media":55875,"template":"","meta":[],"product_brand":[],"product_cat":[63],"product_tag":[242,194,253,265,214,192,237],"class_list":{"0":"post-3583","1":"product","2":"type-product","3":"status-publish","4":"has-post-thumbnail","6":"product_cat-water-pumps","7":"product_tag-b3zrm","8":"product_tag-counterclockwise","9":"product_tag-keyed","10":"product_tag-pto","11":"product_tag-rope-seal","12":"product_tag-threaded","13":"product_tag-water-pump","15":"first","16":"instock","17":"taxable","18":"shipping-taxable","19":"purchasable","20":"product-type-simple"},"yoast_head":"<!-- This site is optimized with the Yoast SEO Premium plugin v27.4 (Yoast SEO v27.4) - https:\/\/yoast.com\/product\/yoast-seo-premium-wordpress\/ -->\n<title>Buy Water Truck Pump - B3Z Rope Seal (CCW Thread) online at Access Truck Parts<\/title>\n<meta name=\"description\" content=\"Shop for Water Truck Pump - B3Z Rope Seal (CCW Thread) with Access Truck Parts. We have the best prices on the market. Browse today!\" \/>\n<meta name=\"robots\" content=\"index, follow, max-snippet:-1, max-image-preview:large, max-video-preview:-1\" \/>\n<link rel=\"canonical\" href=\"https:\/\/accesstruckparts.com\/es\/producto\/pump-ccw-threaded-rope-seal-b66168\/\" \/>\n<meta property=\"og:locale\" content=\"es_MX\" \/>\n<meta property=\"og:type\" content=\"article\" \/>\n<meta property=\"og:title\" content=\"Water Truck Pump - B3Z Rope Seal (CCW Thread)\" \/>\n<meta property=\"og:description\" content=\"Shop for Water Truck Pump - B3Z Rope Seal (CCW Thread) with Access Truck Parts. We have the best prices on the market. Browse today!\" \/>\n<meta property=\"og:url\" content=\"https:\/\/accesstruckparts.com\/es\/producto\/pump-ccw-threaded-rope-seal-b66168\/\" \/>\n<meta property=\"og:site_name\" content=\"Access Truck Parts\" \/>\n<meta property=\"article:modified_time\" content=\"2026-04-19T06:11:45+00:00\" \/>\n<meta property=\"og:image\" content=\"https:\/\/accesstruckparts.com\/wp-content\/uploads\/2018\/02\/104-B66168_B3Z-CCW-Threaded-Rope-Seal-Pump_1200x1200-sRGB-02.png\" \/>\n\t<meta property=\"og:image:width\" content=\"1200\" \/>\n\t<meta property=\"og:image:height\" content=\"1200\" \/>\n\t<meta property=\"og:image:type\" content=\"image\/png\" \/>\n<meta name=\"twitter:label1\" content=\"Precio\" \/>\n\t<meta name=\"twitter:data1\" content=\"&#036;1,325.00\" \/>\n\t<meta name=\"twitter:label2\" content=\"Disponibilidad\" \/>\n\t<meta name=\"twitter:data2\" content=\"Disponible\" \/>\n<script type=\"application\/ld+json\" class=\"yoast-schema-graph\">{\"@context\":\"https:\\\/\\\/schema.org\",\"@graph\":[{\"@type\":\"WebPage\",\"@id\":\"https:\\\/\\\/accesstruckparts.com\\\/product\\\/pump-ccw-threaded-rope-seal-b66168\\\/\",\"url\":\"https:\\\/\\\/accesstruckparts.com\\\/product\\\/pump-ccw-threaded-rope-seal-b66168\\\/\",\"name\":\"Buy Water Truck Pump - B3Z Rope Seal (CCW Thread) online at Access Truck Parts\",\"isPartOf\":{\"@id\":\"https:\\\/\\\/accesstruckparts.com\\\/#website\"},\"primaryImageOfPage\":{\"@id\":\"https:\\\/\\\/accesstruckparts.com\\\/product\\\/pump-ccw-threaded-rope-seal-b66168\\\/#primaryimage\"},\"image\":{\"@id\":\"https:\\\/\\\/accesstruckparts.com\\\/product\\\/pump-ccw-threaded-rope-seal-b66168\\\/#primaryimage\"},\"thumbnailUrl\":\"https:\\\/\\\/accesstruckparts.com\\\/wp-content\\\/uploads\\\/2018\\\/02\\\/104-B66168_B3Z-CCW-Threaded-Rope-Seal-Pump_1200x1200-sRGB-02.png\",\"datePublished\":\"2018-02-27T15:36:49+00:00\",\"dateModified\":\"2026-04-19T06:11:45+00:00\",\"description\":\"Shop for Water Truck Pump - B3Z Rope Seal (CCW Thread) with Access Truck Parts. We have the best prices on the market. Browse today!\",\"breadcrumb\":{\"@id\":\"https:\\\/\\\/accesstruckparts.com\\\/product\\\/pump-ccw-threaded-rope-seal-b66168\\\/#breadcrumb\"},\"inLanguage\":\"es\",\"potentialAction\":[{\"@type\":\"ReadAction\",\"target\":[\"https:\\\/\\\/accesstruckparts.com\\\/product\\\/pump-ccw-threaded-rope-seal-b66168\\\/\"]}]},{\"@type\":\"ImageObject\",\"inLanguage\":\"es\",\"@id\":\"https:\\\/\\\/accesstruckparts.com\\\/product\\\/pump-ccw-threaded-rope-seal-b66168\\\/#primaryimage\",\"url\":\"https:\\\/\\\/accesstruckparts.com\\\/wp-content\\\/uploads\\\/2018\\\/02\\\/104-B66168_B3Z-CCW-Threaded-Rope-Seal-Pump_1200x1200-sRGB-02.png\",\"contentUrl\":\"https:\\\/\\\/accesstruckparts.com\\\/wp-content\\\/uploads\\\/2018\\\/02\\\/104-B66168_B3Z-CCW-Threaded-Rope-Seal-Pump_1200x1200-sRGB-02.png\",\"width\":1200,\"height\":1200},{\"@type\":\"BreadcrumbList\",\"@id\":\"https:\\\/\\\/accesstruckparts.com\\\/product\\\/pump-ccw-threaded-rope-seal-b66168\\\/#breadcrumb\",\"itemListElement\":[{\"@type\":\"ListItem\",\"position\":1,\"name\":\"Home\",\"item\":\"https:\\\/\\\/accesstruckparts.com\\\/\"},{\"@type\":\"ListItem\",\"position\":2,\"name\":\"Parts\",\"item\":\"https:\\\/\\\/accesstruckparts.com\\\/parts\\\/\"},{\"@type\":\"ListItem\",\"position\":3,\"name\":\"Water Truck Pump - B3Z Rope Seal (CCW Thread)\"}]},{\"@type\":\"WebSite\",\"@id\":\"https:\\\/\\\/accesstruckparts.com\\\/#website\",\"url\":\"https:\\\/\\\/accesstruckparts.com\\\/\",\"name\":\"Access Truck Parts\",\"description\":\"Your One Stop Water Truck Parts Solution.\",\"publisher\":{\"@id\":\"https:\\\/\\\/accesstruckparts.com\\\/#organization\"},\"potentialAction\":[{\"@type\":\"SearchAction\",\"target\":{\"@type\":\"EntryPoint\",\"urlTemplate\":\"https:\\\/\\\/accesstruckparts.com\\\/?s={search_term_string}\"},\"query-input\":{\"@type\":\"PropertyValueSpecification\",\"valueRequired\":true,\"valueName\":\"search_term_string\"}}],\"inLanguage\":\"es\"},{\"@type\":\"Organization\",\"@id\":\"https:\\\/\\\/accesstruckparts.com\\\/#organization\",\"name\":\"Access Truck Parts\",\"url\":\"https:\\\/\\\/accesstruckparts.com\\\/\",\"logo\":{\"@type\":\"ImageObject\",\"inLanguage\":\"es\",\"@id\":\"https:\\\/\\\/accesstruckparts.com\\\/#\\\/schema\\\/logo\\\/image\\\/\",\"url\":\"https:\\\/\\\/accesstruckparts.com\\\/wp-content\\\/uploads\\\/2018\\\/02\\\/ATP_logo_placeholder_2018.jpg\",\"contentUrl\":\"https:\\\/\\\/accesstruckparts.com\\\/wp-content\\\/uploads\\\/2018\\\/02\\\/ATP_logo_placeholder_2018.jpg\",\"width\":\"500\",\"height\":\"500\",\"caption\":\"Access Truck Parts\"},\"image\":{\"@id\":\"https:\\\/\\\/accesstruckparts.com\\\/#\\\/schema\\\/logo\\\/image\\\/\"}}]}<\/script>\n<meta property=\"product:price:amount\" content=\"1325.00\" \/>\n<meta property=\"product:price:currency\" content=\"USD\" \/>\n<meta property=\"og:availability\" content=\"instock\" \/>\n<meta property=\"product:availability\" content=\"instock\" \/>\n<meta property=\"product:retailer_item_id\" content=\"104-B66168\" \/>\n<meta property=\"product:condition\" content=\"new\" \/>\n<!-- \/ Yoast SEO Premium plugin. -->","yoast_head_json":{"title":"Comprar Bomba de cami\u00f3n cisterna - Sello de cuerda B3Z (Rosca CCW) en l\u00ednea en Access Truck Parts","description":"Compre la bomba para cami\u00f3n cisterna - Sello de cuerda B3Z (rosca CCW) con Access Truck Parts. Tenemos los mejores precios del mercado. \u00a1Navegue hoy mismo!","robots":{"index":"index","follow":"follow","max-snippet":"max-snippet:-1","max-image-preview":"max-image-preview:large","max-video-preview":"max-video-preview:-1"},"canonical":"https:\/\/accesstruckparts.com\/es\/producto\/pump-ccw-threaded-rope-seal-b66168\/","og_locale":"es_MX","og_type":"article","og_title":"Water Truck Pump - B3Z Rope Seal (CCW Thread)","og_description":"Shop for Water Truck Pump - B3Z Rope Seal (CCW Thread) with Access Truck Parts. We have the best prices on the market. Browse today!","og_url":"https:\/\/accesstruckparts.com\/es\/producto\/pump-ccw-threaded-rope-seal-b66168\/","og_site_name":"Access Truck Parts","article_modified_time":"2026-04-19T06:11:45+00:00","og_image":[{"width":1200,"height":1200,"url":"https:\/\/accesstruckparts.com\/wp-content\/uploads\/2018\/02\/104-B66168_B3Z-CCW-Threaded-Rope-Seal-Pump_1200x1200-sRGB-02.png","type":"image\/png"}],"twitter_misc":{"Precio":"&#36;1,325.00","Disponibilidad":"Disponible"},"schema":{"@context":"https:\/\/schema.org","@graph":[{"@type":"WebPage","@id":"https:\/\/accesstruckparts.com\/product\/pump-ccw-threaded-rope-seal-b66168\/","url":"https:\/\/accesstruckparts.com\/product\/pump-ccw-threaded-rope-seal-b66168\/","name":"Comprar Bomba de cami\u00f3n cisterna - Sello de cuerda B3Z (Rosca CCW) en l\u00ednea en Access Truck Parts","isPartOf":{"@id":"https:\/\/accesstruckparts.com\/#website"},"primaryImageOfPage":{"@id":"https:\/\/accesstruckparts.com\/product\/pump-ccw-threaded-rope-seal-b66168\/#primaryimage"},"image":{"@id":"https:\/\/accesstruckparts.com\/product\/pump-ccw-threaded-rope-seal-b66168\/#primaryimage"},"thumbnailUrl":"https:\/\/accesstruckparts.com\/wp-content\/uploads\/2018\/02\/104-B66168_B3Z-CCW-Threaded-Rope-Seal-Pump_1200x1200-sRGB-02.png","datePublished":"2018-02-27T15:36:49+00:00","dateModified":"2026-04-19T06:11:45+00:00","description":"Compre la bomba para cami\u00f3n cisterna - Sello de cuerda B3Z (rosca CCW) con Access Truck Parts. Tenemos los mejores precios del mercado. \u00a1Navegue hoy mismo!","breadcrumb":{"@id":"https:\/\/accesstruckparts.com\/product\/pump-ccw-threaded-rope-seal-b66168\/#breadcrumb"},"inLanguage":"es","potentialAction":[{"@type":"ReadAction","target":["https:\/\/accesstruckparts.com\/product\/pump-ccw-threaded-rope-seal-b66168\/"]}]},{"@type":"ImageObject","inLanguage":"es","@id":"https:\/\/accesstruckparts.com\/product\/pump-ccw-threaded-rope-seal-b66168\/#primaryimage","url":"https:\/\/accesstruckparts.com\/wp-content\/uploads\/2018\/02\/104-B66168_B3Z-CCW-Threaded-Rope-Seal-Pump_1200x1200-sRGB-02.png","contentUrl":"https:\/\/accesstruckparts.com\/wp-content\/uploads\/2018\/02\/104-B66168_B3Z-CCW-Threaded-Rope-Seal-Pump_1200x1200-sRGB-02.png","width":1200,"height":1200},{"@type":"BreadcrumbList","@id":"https:\/\/accesstruckparts.com\/product\/pump-ccw-threaded-rope-seal-b66168\/#breadcrumb","itemListElement":[{"@type":"ListItem","position":1,"name":"Home","item":"https:\/\/accesstruckparts.com\/"},{"@type":"ListItem","position":2,"name":"Parts","item":"https:\/\/accesstruckparts.com\/parts\/"},{"@type":"ListItem","position":3,"name":"Water Truck Pump - B3Z Rope Seal (CCW Thread)"}]},{"@type":"WebSite","@id":"https:\/\/accesstruckparts.com\/#website","url":"https:\/\/accesstruckparts.com\/","name":"Piezas de camiones Access","description":"Su soluci\u00f3n \u00fanica de piezas para camiones de agua.","publisher":{"@id":"https:\/\/accesstruckparts.com\/#organization"},"potentialAction":[{"@type":"SearchAction","target":{"@type":"EntryPoint","urlTemplate":"https:\/\/accesstruckparts.com\/?s={search_term_string}"},"query-input":{"@type":"PropertyValueSpecification","valueRequired":true,"valueName":"search_term_string"}}],"inLanguage":"es"},{"@type":"Organization","@id":"https:\/\/accesstruckparts.com\/#organization","name":"Piezas de camiones Access","url":"https:\/\/accesstruckparts.com\/","logo":{"@type":"ImageObject","inLanguage":"es","@id":"https:\/\/accesstruckparts.com\/#\/schema\/logo\/image\/","url":"https:\/\/accesstruckparts.com\/wp-content\/uploads\/2018\/02\/ATP_logo_placeholder_2018.jpg","contentUrl":"https:\/\/accesstruckparts.com\/wp-content\/uploads\/2018\/02\/ATP_logo_placeholder_2018.jpg","width":"500","height":"500","caption":"Access Truck Parts"},"image":{"@id":"https:\/\/accesstruckparts.com\/#\/schema\/logo\/image\/"}}]},"product_price_amount":"1325.00","product_price_currency":"USD","og_availability":"instock","product_availability":"instock","product_retailer_item_id":"104-B66168","product_condition":"new"},"_links":{"self":[{"href":"https:\/\/accesstruckparts.com\/es\/wp-json\/wp\/v2\/product\/3583","targetHints":{"allow":["GET"]}}],"collection":[{"href":"https:\/\/accesstruckparts.com\/es\/wp-json\/wp\/v2\/product"}],"about":[{"href":"https:\/\/accesstruckparts.com\/es\/wp-json\/wp\/v2\/types\/product"}],"wp:featuredmedia":[{"embeddable":true,"href":"https:\/\/accesstruckparts.com\/es\/wp-json\/wp\/v2\/media\/55875"}],"wp:attachment":[{"href":"https:\/\/accesstruckparts.com\/es\/wp-json\/wp\/v2\/media?parent=3583"}],"wp:term":[{"taxonomy":"product_brand","embeddable":true,"href":"https:\/\/accesstruckparts.com\/es\/wp-json\/wp\/v2\/product_brand?post=3583"},{"taxonomy":"product_cat","embeddable":true,"href":"https:\/\/accesstruckparts.com\/es\/wp-json\/wp\/v2\/product_cat?post=3583"},{"taxonomy":"product_tag","embeddable":true,"href":"https:\/\/accesstruckparts.com\/es\/wp-json\/wp\/v2\/product_tag?post=3583"}],"curies":[{"name":"wp","href":"https:\/\/api.w.org\/{rel}","templated":true}]}}