{"id":3576,"date":"2017-07-04T21:51:38","date_gmt":"2017-07-05T04:51:38","guid":{"rendered":"https:\/\/accesstruckparts.com\/?post_type=product&#038;p=3576"},"modified":"2026-05-08T22:35:48","modified_gmt":"2026-05-09T05:35:48","slug":"atp-b4z-water-pump-b69876","status":"publish","type":"product","link":"https:\/\/accesstruckparts.com\/es\/product\/atp-b4z-water-pump-b69876\/","title":{"rendered":"Bomba de cami\u00f3n cisterna - B4Z-S Sello mec\u00e1nico hidr\u00e1ulico autocebante (rosca CW)"},"content":{"rendered":"<p>El ATP B4Z-S <strong><em>En el sentido de las agujas del reloj, sello mec\u00e1nico<\/em><\/strong> La bomba de estilo autocebante de 4\" x 4\" es la bomba de agua centr\u00edfuga montada en un bastidor que se utiliza cuando se requiere una carga de succi\u00f3n en la mayor\u00eda de los camiones de carretera que utilizan un montaje de plataforma, o en otras aplicaciones de mayor escala. Esta bomba tiene <strong><em>Roscas hembra para tubos<\/em><\/strong> tanto en el lado de succi\u00f3n como en el de descarga para facilitar su extracci\u00f3n y reparaci\u00f3n, y a 2800 RPM rinde hasta 750 GPM a 77 PSI. Esta bomba NO se ajusta a un cami\u00f3n 2K o 4K, e incluye un <a class=\"productLink\" href=\"https:\/\/accesstruckparts.com\/es\/producto\/bomba-hidraulica-adaptadora\/\">Adaptador de accionamiento hidr\u00e1ulico, 115-B07779<\/a>.<\/p>\n<p><a class=\"productLink\" href=\"https:\/\/accesstruckparts.com\/es\/producto\/b4z-autoimpiante-bomba-de-agua-rosca\/\">Tambi\u00e9n disponible sin adaptador.<\/a><br \/>\n<!-- Event snippet for Pumps remarketing page --><br \/>\n<script>\n  gtag('event', 'conversion', {\n      'send_to': 'AW-11227823096\/hs3zCKLLkeQYEPj36-kp',\n      'value': 1.0,\n      'currency': 'USD',\n      'aw_remarketing_only': true\n  });\n<\/script><\/p>","protected":false},"excerpt":{"rendered":"<p>Bomba de agua con sello mec\u00e1nico de rosca CW B4ZRKS con adaptador hidr\u00e1ulico (B69876)<\/p>","protected":false},"featured_media":59340,"template":"","meta":[],"product_brand":[],"product_cat":[63],"product_tag":[444,193,216,212,258,224,275,192,237],"class_list":{"0":"post-3576","1":"product","2":"type-product","3":"status-publish","4":"has-post-thumbnail","6":"product_cat-water-pumps","7":"product_tag-b4zrks-es","8":"product_tag-clockwise","9":"product_tag-hydraulic","10":"product_tag-mechanical-seal","11":"product_tag-self-priming","12":"product_tag-splined","13":"product_tag-suction-loading","14":"product_tag-threaded","15":"product_tag-water-pump","16":"product_shipping_class-oversized","18":"first","19":"instock","20":"taxable","21":"shipping-taxable","22":"purchasable","23":"product-type-simple"},"yoast_head":"<!-- This site is optimized with the Yoast SEO Premium plugin v27.4 (Yoast SEO v27.5) - https:\/\/yoast.com\/product\/yoast-seo-premium-wordpress\/ -->\n<title>Buy Water Truck Pump - B4Z-S Hydraulic Self-Priming Mech Seal (CW Thread) online at Access Truck Parts<\/title>\n<meta name=\"description\" content=\"Shop for Water Truck Pump - B4Z-S Hydraulic Self-Priming Mech Seal (CW Thread) with Access Truck Parts. We have the best prices on the market. Browse today!\" \/>\n<meta name=\"robots\" content=\"index, follow, max-snippet:-1, max-image-preview:large, max-video-preview:-1\" \/>\n<link rel=\"canonical\" href=\"https:\/\/accesstruckparts.com\/es\/producto\/atp-b4z-water-pump-b69876\/\" \/>\n<meta property=\"og:locale\" content=\"es_MX\" \/>\n<meta property=\"og:type\" content=\"article\" \/>\n<meta property=\"og:title\" content=\"Water Truck Pump - B4Z-S Hydraulic Self-Priming Mech Seal (CW Thread)\" \/>\n<meta property=\"og:description\" content=\"Shop for Water Truck Pump - B4Z-S Hydraulic Self-Priming Mech Seal (CW Thread) with Access Truck Parts. We have the best prices on the market. Browse today!\" \/>\n<meta property=\"og:url\" content=\"https:\/\/accesstruckparts.com\/es\/producto\/atp-b4z-water-pump-b69876\/\" \/>\n<meta property=\"og:site_name\" content=\"Access Truck Parts\" \/>\n<meta property=\"article:modified_time\" content=\"2026-05-09T05:35:48+00:00\" \/>\n<meta property=\"og:image\" content=\"https:\/\/accesstruckparts.com\/wp-content\/uploads\/2017\/07\/102-B69876_B4Z-Self-Priming-Pump-CW-Hyd-Adaptor_1200x1200-sRGB-1.png\" \/>\n\t<meta property=\"og:image:width\" content=\"1020\" \/>\n\t<meta property=\"og:image:height\" content=\"1020\" \/>\n\t<meta property=\"og:image:type\" content=\"image\/png\" \/>\n<meta name=\"twitter:label1\" content=\"Precio\" \/>\n\t<meta name=\"twitter:data1\" content=\"&#036;2,995.00\" \/>\n\t<meta name=\"twitter:label2\" content=\"Disponibilidad\" \/>\n\t<meta name=\"twitter:data2\" content=\"Disponible\" \/>\n<script type=\"application\/ld+json\" class=\"yoast-schema-graph\">{\"@context\":\"https:\\\/\\\/schema.org\",\"@graph\":[{\"@type\":\"WebPage\",\"@id\":\"https:\\\/\\\/accesstruckparts.com\\\/product\\\/atp-b4z-water-pump-b69876\\\/\",\"url\":\"https:\\\/\\\/accesstruckparts.com\\\/product\\\/atp-b4z-water-pump-b69876\\\/\",\"name\":\"Buy Water Truck Pump - B4Z-S Hydraulic Self-Priming Mech Seal (CW Thread) online at Access Truck Parts\",\"isPartOf\":{\"@id\":\"https:\\\/\\\/accesstruckparts.com\\\/#website\"},\"primaryImageOfPage\":{\"@id\":\"https:\\\/\\\/accesstruckparts.com\\\/product\\\/atp-b4z-water-pump-b69876\\\/#primaryimage\"},\"image\":{\"@id\":\"https:\\\/\\\/accesstruckparts.com\\\/product\\\/atp-b4z-water-pump-b69876\\\/#primaryimage\"},\"thumbnailUrl\":\"https:\\\/\\\/accesstruckparts.com\\\/wp-content\\\/uploads\\\/2017\\\/07\\\/102-B69876_B4Z-Self-Priming-Pump-CW-Hyd-Adaptor_1200x1200-sRGB-1.png\",\"datePublished\":\"2017-07-05T04:51:38+00:00\",\"dateModified\":\"2026-05-09T05:35:48+00:00\",\"description\":\"Shop for Water Truck Pump - B4Z-S Hydraulic Self-Priming Mech Seal (CW Thread) with Access Truck Parts. We have the best prices on the market. Browse today!\",\"breadcrumb\":{\"@id\":\"https:\\\/\\\/accesstruckparts.com\\\/product\\\/atp-b4z-water-pump-b69876\\\/#breadcrumb\"},\"inLanguage\":\"es\",\"potentialAction\":[{\"@type\":\"ReadAction\",\"target\":[\"https:\\\/\\\/accesstruckparts.com\\\/product\\\/atp-b4z-water-pump-b69876\\\/\"]}]},{\"@type\":\"ImageObject\",\"inLanguage\":\"es\",\"@id\":\"https:\\\/\\\/accesstruckparts.com\\\/product\\\/atp-b4z-water-pump-b69876\\\/#primaryimage\",\"url\":\"https:\\\/\\\/accesstruckparts.com\\\/wp-content\\\/uploads\\\/2017\\\/07\\\/102-B69876_B4Z-Self-Priming-Pump-CW-Hyd-Adaptor_1200x1200-sRGB-1.png\",\"contentUrl\":\"https:\\\/\\\/accesstruckparts.com\\\/wp-content\\\/uploads\\\/2017\\\/07\\\/102-B69876_B4Z-Self-Priming-Pump-CW-Hyd-Adaptor_1200x1200-sRGB-1.png\",\"width\":1200,\"height\":1200},{\"@type\":\"BreadcrumbList\",\"@id\":\"https:\\\/\\\/accesstruckparts.com\\\/product\\\/atp-b4z-water-pump-b69876\\\/#breadcrumb\",\"itemListElement\":[{\"@type\":\"ListItem\",\"position\":1,\"name\":\"Home\",\"item\":\"https:\\\/\\\/accesstruckparts.com\\\/\"},{\"@type\":\"ListItem\",\"position\":2,\"name\":\"Parts\",\"item\":\"https:\\\/\\\/accesstruckparts.com\\\/parts\\\/\"},{\"@type\":\"ListItem\",\"position\":3,\"name\":\"Water Truck Pump - B4Z-S Hydraulic Self-Priming Mech Seal (CW Thread)\"}]},{\"@type\":\"WebSite\",\"@id\":\"https:\\\/\\\/accesstruckparts.com\\\/#website\",\"url\":\"https:\\\/\\\/accesstruckparts.com\\\/\",\"name\":\"Access Truck Parts\",\"description\":\"Your One Stop Water Truck Parts Solution.\",\"publisher\":{\"@id\":\"https:\\\/\\\/accesstruckparts.com\\\/#organization\"},\"potentialAction\":[{\"@type\":\"SearchAction\",\"target\":{\"@type\":\"EntryPoint\",\"urlTemplate\":\"https:\\\/\\\/accesstruckparts.com\\\/?s={search_term_string}\"},\"query-input\":{\"@type\":\"PropertyValueSpecification\",\"valueRequired\":true,\"valueName\":\"search_term_string\"}}],\"inLanguage\":\"es\"},{\"@type\":\"Organization\",\"@id\":\"https:\\\/\\\/accesstruckparts.com\\\/#organization\",\"name\":\"Access Truck Parts\",\"url\":\"https:\\\/\\\/accesstruckparts.com\\\/\",\"logo\":{\"@type\":\"ImageObject\",\"inLanguage\":\"es\",\"@id\":\"https:\\\/\\\/accesstruckparts.com\\\/#\\\/schema\\\/logo\\\/image\\\/\",\"url\":\"https:\\\/\\\/accesstruckparts.com\\\/wp-content\\\/uploads\\\/2018\\\/02\\\/ATP_logo_placeholder_2018.jpg\",\"contentUrl\":\"https:\\\/\\\/accesstruckparts.com\\\/wp-content\\\/uploads\\\/2018\\\/02\\\/ATP_logo_placeholder_2018.jpg\",\"width\":\"500\",\"height\":\"500\",\"caption\":\"Access Truck Parts\"},\"image\":{\"@id\":\"https:\\\/\\\/accesstruckparts.com\\\/#\\\/schema\\\/logo\\\/image\\\/\"}}]}<\/script>\n<meta property=\"product:price:amount\" content=\"2995.00\" \/>\n<meta property=\"product:price:currency\" content=\"USD\" \/>\n<meta property=\"og:availability\" content=\"instock\" \/>\n<meta property=\"product:availability\" content=\"instock\" \/>\n<meta property=\"product:retailer_item_id\" content=\"102-B69876\" \/>\n<meta property=\"product:condition\" content=\"new\" \/>\n<!-- \/ Yoast SEO Premium plugin. -->","yoast_head_json":{"title":"Comprar Bomba hidr\u00e1ulica para cami\u00f3n - B4Z-S Sello hidr\u00e1ulico autocebante (rosca CW) en l\u00ednea en Access Truck Parts","description":"Compre la bomba para cami\u00f3n cisterna - B4Z-S Sello mec\u00e1nico hidr\u00e1ulico autocebante (rosca CW) con Access Truck Parts. Tenemos los mejores precios del mercado. \u00a1Navegue hoy mismo!","robots":{"index":"index","follow":"follow","max-snippet":"max-snippet:-1","max-image-preview":"max-image-preview:large","max-video-preview":"max-video-preview:-1"},"canonical":"https:\/\/accesstruckparts.com\/es\/producto\/atp-b4z-water-pump-b69876\/","og_locale":"es_MX","og_type":"article","og_title":"Water Truck Pump - B4Z-S Hydraulic Self-Priming Mech Seal (CW Thread)","og_description":"Shop for Water Truck Pump - B4Z-S Hydraulic Self-Priming Mech Seal (CW Thread) with Access Truck Parts. We have the best prices on the market. Browse today!","og_url":"https:\/\/accesstruckparts.com\/es\/producto\/atp-b4z-water-pump-b69876\/","og_site_name":"Access Truck Parts","article_modified_time":"2026-05-09T05:35:48+00:00","og_image":[{"url":"https:\/\/accesstruckparts.com\/wp-content\/uploads\/2017\/07\/102-B69876_B4Z-Self-Priming-Pump-CW-Hyd-Adaptor_1200x1200-sRGB-1.png","width":1020,"height":1020,"type":"image\/png"}],"twitter_misc":{"Precio":"&#36;2,995.00","Disponibilidad":"Disponible"},"schema":{"@context":"https:\/\/schema.org","@graph":[{"@type":"WebPage","@id":"https:\/\/accesstruckparts.com\/product\/atp-b4z-water-pump-b69876\/","url":"https:\/\/accesstruckparts.com\/product\/atp-b4z-water-pump-b69876\/","name":"Comprar Bomba hidr\u00e1ulica para cami\u00f3n - B4Z-S Sello hidr\u00e1ulico autocebante (rosca CW) en l\u00ednea en Access Truck Parts","isPartOf":{"@id":"https:\/\/accesstruckparts.com\/#website"},"primaryImageOfPage":{"@id":"https:\/\/accesstruckparts.com\/product\/atp-b4z-water-pump-b69876\/#primaryimage"},"image":{"@id":"https:\/\/accesstruckparts.com\/product\/atp-b4z-water-pump-b69876\/#primaryimage"},"thumbnailUrl":"https:\/\/accesstruckparts.com\/wp-content\/uploads\/2017\/07\/102-B69876_B4Z-Self-Priming-Pump-CW-Hyd-Adaptor_1200x1200-sRGB-1.png","datePublished":"2017-07-05T04:51:38+00:00","dateModified":"2026-05-09T05:35:48+00:00","description":"Compre la bomba para cami\u00f3n cisterna - B4Z-S Sello mec\u00e1nico hidr\u00e1ulico autocebante (rosca CW) con Access Truck Parts. Tenemos los mejores precios del mercado. \u00a1Navegue hoy mismo!","breadcrumb":{"@id":"https:\/\/accesstruckparts.com\/product\/atp-b4z-water-pump-b69876\/#breadcrumb"},"inLanguage":"es","potentialAction":[{"@type":"ReadAction","target":["https:\/\/accesstruckparts.com\/product\/atp-b4z-water-pump-b69876\/"]}]},{"@type":"ImageObject","inLanguage":"es","@id":"https:\/\/accesstruckparts.com\/product\/atp-b4z-water-pump-b69876\/#primaryimage","url":"https:\/\/accesstruckparts.com\/wp-content\/uploads\/2017\/07\/102-B69876_B4Z-Self-Priming-Pump-CW-Hyd-Adaptor_1200x1200-sRGB-1.png","contentUrl":"https:\/\/accesstruckparts.com\/wp-content\/uploads\/2017\/07\/102-B69876_B4Z-Self-Priming-Pump-CW-Hyd-Adaptor_1200x1200-sRGB-1.png","width":1200,"height":1200},{"@type":"BreadcrumbList","@id":"https:\/\/accesstruckparts.com\/product\/atp-b4z-water-pump-b69876\/#breadcrumb","itemListElement":[{"@type":"ListItem","position":1,"name":"Home","item":"https:\/\/accesstruckparts.com\/"},{"@type":"ListItem","position":2,"name":"Parts","item":"https:\/\/accesstruckparts.com\/parts\/"},{"@type":"ListItem","position":3,"name":"Water Truck Pump - B4Z-S Hydraulic Self-Priming Mech Seal (CW Thread)"}]},{"@type":"WebSite","@id":"https:\/\/accesstruckparts.com\/#website","url":"https:\/\/accesstruckparts.com\/","name":"Piezas de camiones Access","description":"Su soluci\u00f3n \u00fanica de piezas para camiones de agua.","publisher":{"@id":"https:\/\/accesstruckparts.com\/#organization"},"potentialAction":[{"@type":"SearchAction","target":{"@type":"EntryPoint","urlTemplate":"https:\/\/accesstruckparts.com\/?s={search_term_string}"},"query-input":{"@type":"PropertyValueSpecification","valueRequired":true,"valueName":"search_term_string"}}],"inLanguage":"es"},{"@type":"Organization","@id":"https:\/\/accesstruckparts.com\/#organization","name":"Piezas de camiones Access","url":"https:\/\/accesstruckparts.com\/","logo":{"@type":"ImageObject","inLanguage":"es","@id":"https:\/\/accesstruckparts.com\/#\/schema\/logo\/image\/","url":"https:\/\/accesstruckparts.com\/wp-content\/uploads\/2018\/02\/ATP_logo_placeholder_2018.jpg","contentUrl":"https:\/\/accesstruckparts.com\/wp-content\/uploads\/2018\/02\/ATP_logo_placeholder_2018.jpg","width":"500","height":"500","caption":"Access Truck Parts"},"image":{"@id":"https:\/\/accesstruckparts.com\/#\/schema\/logo\/image\/"}}]},"product_price_amount":"2995.00","product_price_currency":"USD","og_availability":"instock","product_availability":"instock","product_retailer_item_id":"102-B69876","product_condition":"new"},"_links":{"self":[{"href":"https:\/\/accesstruckparts.com\/es\/wp-json\/wp\/v2\/product\/3576","targetHints":{"allow":["GET"]}}],"collection":[{"href":"https:\/\/accesstruckparts.com\/es\/wp-json\/wp\/v2\/product"}],"about":[{"href":"https:\/\/accesstruckparts.com\/es\/wp-json\/wp\/v2\/types\/product"}],"wp:featuredmedia":[{"embeddable":true,"href":"https:\/\/accesstruckparts.com\/es\/wp-json\/wp\/v2\/media\/59340"}],"wp:attachment":[{"href":"https:\/\/accesstruckparts.com\/es\/wp-json\/wp\/v2\/media?parent=3576"}],"wp:term":[{"taxonomy":"product_brand","embeddable":true,"href":"https:\/\/accesstruckparts.com\/es\/wp-json\/wp\/v2\/product_brand?post=3576"},{"taxonomy":"product_cat","embeddable":true,"href":"https:\/\/accesstruckparts.com\/es\/wp-json\/wp\/v2\/product_cat?post=3576"},{"taxonomy":"product_tag","embeddable":true,"href":"https:\/\/accesstruckparts.com\/es\/wp-json\/wp\/v2\/product_tag?post=3576"}],"curies":[{"name":"wp","href":"https:\/\/api.w.org\/{rel}","templated":true}]}}