{"id":3458,"date":"2017-07-04T21:51:40","date_gmt":"2017-07-05T04:51:40","guid":{"rendered":"https:\/\/accesstruckparts.com\/?post_type=product&#038;p=3458"},"modified":"2026-05-08T22:27:12","modified_gmt":"2026-05-09T05:27:12","slug":"valvula-de-cabezal-electrico-acanalado","status":"publish","type":"product","link":"https:\/\/accesstruckparts.com\/es\/product\/electric-grooved-spray-head-valve\/","title":{"rendered":"V\u00e1lvula de cabeza de rociado de ranura el\u00e9ctrica"},"content":{"rendered":"<p>Esta v\u00e1lvula el\u00e9ctrica de cabezal pulverizador de ranura se controla con una alimentaci\u00f3n de 12 \u00f3 24 voltios de corriente continua. Es \u00fatil para los camiones de agua que no tienen un sistema de control de aire. Con la polaridad por defecto, funciona como una v\u00e1lvula normalmente cerrada que se abre enviando una se\u00f1al el\u00e9ctrica al solenoide.<\/p>\n<p>Cuenta con una salida ajustable que permite un control total del patr\u00f3n y el volumen de pulverizaci\u00f3n. El c\u00f3modo montaje de la entrada acanalada proporciona flexibilidad en el posicionamiento para lograr la cobertura de pulverizaci\u00f3n deseada.<\/p>\n<p>Tenga en cuenta que, adem\u00e1s de la electricidad, esta v\u00e1lvula requiere un m\u00ednimo de 13-14 PSI de presi\u00f3n de agua para funcionar, ~120 PSI m\u00e1ximo.<\/p>\n<p>\u00bfEst\u00e1 haciendo una reconstrucci\u00f3n\/reparaci\u00f3n y s\u00f3lo necesita algunas de las piezas? Consulte nuestra <a class=\"productLink\" href=\"https:\/\/accesstruckparts.com\/es\/producto\/kit-de-valvulas-de-cabeza-de-chorreado-acanalado\/\">Kit de v\u00e1lvula de cabeza de pulverizaci\u00f3n de ranura<\/a>. Tambi\u00e9n disponible en un <a class=\"productLink\" href=\"https:\/\/accesstruckparts.com\/es\/producto\/valvula-de-cabeza-ranurada\/\">versi\u00f3n neum\u00e1tica<\/a>.<\/p>","protected":false},"excerpt":{"rendered":"<p>Cabezal pulverizador el\u00e9ctrico de 3\u2033 para ranuras<\/p>","protected":false},"featured_media":40824,"template":"","meta":[],"product_brand":[],"product_cat":[96,166],"product_tag":[189,201,191,203],"class_list":{"0":"post-3458","1":"product","2":"type-product","3":"status-publish","4":"has-post-thumbnail","6":"product_cat-electric-spray-heads","7":"product_cat-electric-valves","8":"product_tag-3-inch","9":"product_tag-electric","10":"product_tag-grooved","11":"product_tag-spray-head","13":"first","14":"instock","15":"taxable","16":"shipping-taxable","17":"product-type-variable"},"yoast_head":"<!-- This site is optimized with the Yoast SEO Premium plugin v27.4 (Yoast SEO v27.5) - https:\/\/yoast.com\/product\/yoast-seo-premium-wordpress\/ -->\n<title>Buy Electric Groove Spray Head Valve online at Access Truck Parts<\/title>\n<meta name=\"description\" content=\"Shop for Electric Groove Spray Head Valve with Access Truck Parts. We have the best prices on the market. Browse today!\" \/>\n<meta name=\"robots\" content=\"index, follow, max-snippet:-1, max-image-preview:large, max-video-preview:-1\" \/>\n<link rel=\"canonical\" href=\"https:\/\/accesstruckparts.com\/es\/producto\/valvula-de-cabezal-electrico-acanalado\/\" \/>\n<meta property=\"og:locale\" content=\"es_MX\" \/>\n<meta property=\"og:type\" content=\"article\" \/>\n<meta property=\"og:title\" content=\"Electric Groove Spray Head Valve\" \/>\n<meta property=\"og:description\" content=\"Shop for Electric Groove Spray Head Valve with Access Truck Parts. We have the best prices on the market. Browse today!\" \/>\n<meta property=\"og:url\" content=\"https:\/\/accesstruckparts.com\/es\/producto\/valvula-de-cabezal-electrico-acanalado\/\" \/>\n<meta property=\"og:site_name\" content=\"Access Truck Parts\" \/>\n<meta property=\"article:modified_time\" content=\"2026-05-09T05:27:12+00:00\" \/>\n<meta property=\"og:image\" content=\"https:\/\/accesstruckparts.com\/wp-content\/uploads\/2017\/07\/192-324_Electric-Grooved-Spray-Head_Back2-1200x1200-sRGB.png\" \/>\n\t<meta property=\"og:image:width\" content=\"1020\" \/>\n\t<meta property=\"og:image:height\" content=\"1020\" \/>\n\t<meta property=\"og:image:type\" content=\"image\/png\" \/>\n<meta name=\"twitter:label1\" content=\"Disponibilidad\" \/>\n\t<meta name=\"twitter:data1\" content=\"Disponible\" \/>\n<script type=\"application\/ld+json\" class=\"yoast-schema-graph\">{\"@context\":\"https:\\\/\\\/schema.org\",\"@graph\":[{\"@type\":\"WebPage\",\"@id\":\"https:\\\/\\\/accesstruckparts.com\\\/product\\\/electric-grooved-spray-head-valve\\\/\",\"url\":\"https:\\\/\\\/accesstruckparts.com\\\/product\\\/electric-grooved-spray-head-valve\\\/\",\"name\":\"Buy Electric Groove Spray Head Valve online at Access Truck Parts\",\"isPartOf\":{\"@id\":\"https:\\\/\\\/accesstruckparts.com\\\/#website\"},\"primaryImageOfPage\":{\"@id\":\"https:\\\/\\\/accesstruckparts.com\\\/product\\\/electric-grooved-spray-head-valve\\\/#primaryimage\"},\"image\":{\"@id\":\"https:\\\/\\\/accesstruckparts.com\\\/product\\\/electric-grooved-spray-head-valve\\\/#primaryimage\"},\"thumbnailUrl\":\"https:\\\/\\\/accesstruckparts.com\\\/wp-content\\\/uploads\\\/2017\\\/07\\\/192-324_Electric-Grooved-Spray-Head_Back2-1200x1200-sRGB.png\",\"datePublished\":\"2017-07-05T04:51:40+00:00\",\"dateModified\":\"2026-05-09T05:27:12+00:00\",\"description\":\"Shop for Electric Groove Spray Head Valve with Access Truck Parts. We have the best prices on the market. Browse today!\",\"breadcrumb\":{\"@id\":\"https:\\\/\\\/accesstruckparts.com\\\/product\\\/electric-grooved-spray-head-valve\\\/#breadcrumb\"},\"inLanguage\":\"es\",\"potentialAction\":[{\"@type\":\"ReadAction\",\"target\":[\"https:\\\/\\\/accesstruckparts.com\\\/product\\\/electric-grooved-spray-head-valve\\\/\"]}]},{\"@type\":\"ImageObject\",\"inLanguage\":\"es\",\"@id\":\"https:\\\/\\\/accesstruckparts.com\\\/product\\\/electric-grooved-spray-head-valve\\\/#primaryimage\",\"url\":\"https:\\\/\\\/accesstruckparts.com\\\/wp-content\\\/uploads\\\/2017\\\/07\\\/192-324_Electric-Grooved-Spray-Head_Back2-1200x1200-sRGB.png\",\"contentUrl\":\"https:\\\/\\\/accesstruckparts.com\\\/wp-content\\\/uploads\\\/2017\\\/07\\\/192-324_Electric-Grooved-Spray-Head_Back2-1200x1200-sRGB.png\",\"width\":1200,\"height\":1200},{\"@type\":\"BreadcrumbList\",\"@id\":\"https:\\\/\\\/accesstruckparts.com\\\/product\\\/electric-grooved-spray-head-valve\\\/#breadcrumb\",\"itemListElement\":[{\"@type\":\"ListItem\",\"position\":1,\"name\":\"Home\",\"item\":\"https:\\\/\\\/accesstruckparts.com\\\/\"},{\"@type\":\"ListItem\",\"position\":2,\"name\":\"Parts\",\"item\":\"https:\\\/\\\/accesstruckparts.com\\\/parts\\\/\"},{\"@type\":\"ListItem\",\"position\":3,\"name\":\"Electric Groove Spray Head Valve\"}]},{\"@type\":\"WebSite\",\"@id\":\"https:\\\/\\\/accesstruckparts.com\\\/#website\",\"url\":\"https:\\\/\\\/accesstruckparts.com\\\/\",\"name\":\"Access Truck Parts\",\"description\":\"Your One Stop Water Truck Parts Solution.\",\"publisher\":{\"@id\":\"https:\\\/\\\/accesstruckparts.com\\\/#organization\"},\"potentialAction\":[{\"@type\":\"SearchAction\",\"target\":{\"@type\":\"EntryPoint\",\"urlTemplate\":\"https:\\\/\\\/accesstruckparts.com\\\/?s={search_term_string}\"},\"query-input\":{\"@type\":\"PropertyValueSpecification\",\"valueRequired\":true,\"valueName\":\"search_term_string\"}}],\"inLanguage\":\"es\"},{\"@type\":\"Organization\",\"@id\":\"https:\\\/\\\/accesstruckparts.com\\\/#organization\",\"name\":\"Access Truck Parts\",\"url\":\"https:\\\/\\\/accesstruckparts.com\\\/\",\"logo\":{\"@type\":\"ImageObject\",\"inLanguage\":\"es\",\"@id\":\"https:\\\/\\\/accesstruckparts.com\\\/#\\\/schema\\\/logo\\\/image\\\/\",\"url\":\"https:\\\/\\\/accesstruckparts.com\\\/wp-content\\\/uploads\\\/2018\\\/02\\\/ATP_logo_placeholder_2018.jpg\",\"contentUrl\":\"https:\\\/\\\/accesstruckparts.com\\\/wp-content\\\/uploads\\\/2018\\\/02\\\/ATP_logo_placeholder_2018.jpg\",\"width\":\"500\",\"height\":\"500\",\"caption\":\"Access Truck Parts\"},\"image\":{\"@id\":\"https:\\\/\\\/accesstruckparts.com\\\/#\\\/schema\\\/logo\\\/image\\\/\"}}]}<\/script>\n<meta property=\"og:availability\" content=\"instock\" \/>\n<meta property=\"product:availability\" content=\"instock\" \/>\n<meta property=\"product:retailer_item_id\" content=\"192-3\" \/>\n<meta property=\"product:condition\" content=\"new\" \/>\n<!-- \/ Yoast SEO Premium plugin. -->","yoast_head_json":{"title":"Compre en l\u00ednea la V\u00e1lvula de Cabezal de Rociado de Ranura El\u00e9ctrica en Access Truck Parts","description":"Compre la v\u00e1lvula del cabezal de pulverizaci\u00f3n de ranura el\u00e9ctrica con Access Truck Parts. Tenemos los mejores precios del mercado. \u00a1Busque hoy mismo!","robots":{"index":"index","follow":"follow","max-snippet":"max-snippet:-1","max-image-preview":"max-image-preview:large","max-video-preview":"max-video-preview:-1"},"canonical":"https:\/\/accesstruckparts.com\/es\/producto\/valvula-de-cabezal-electrico-acanalado\/","og_locale":"es_MX","og_type":"article","og_title":"Electric Groove Spray Head Valve","og_description":"Shop for Electric Groove Spray Head Valve with Access Truck Parts. We have the best prices on the market. Browse today!","og_url":"https:\/\/accesstruckparts.com\/es\/producto\/valvula-de-cabezal-electrico-acanalado\/","og_site_name":"Access Truck Parts","article_modified_time":"2026-05-09T05:27:12+00:00","og_image":[{"url":"https:\/\/accesstruckparts.com\/wp-content\/uploads\/2017\/07\/192-324_Electric-Grooved-Spray-Head_Back2-1200x1200-sRGB.png","width":1020,"height":1020,"type":"image\/png"}],"twitter_misc":{"Disponibilidad":"Disponible"},"schema":{"@context":"https:\/\/schema.org","@graph":[{"@type":"WebPage","@id":"https:\/\/accesstruckparts.com\/product\/electric-grooved-spray-head-valve\/","url":"https:\/\/accesstruckparts.com\/product\/electric-grooved-spray-head-valve\/","name":"Compre en l\u00ednea la V\u00e1lvula de Cabezal de Rociado de Ranura El\u00e9ctrica en Access Truck Parts","isPartOf":{"@id":"https:\/\/accesstruckparts.com\/#website"},"primaryImageOfPage":{"@id":"https:\/\/accesstruckparts.com\/product\/electric-grooved-spray-head-valve\/#primaryimage"},"image":{"@id":"https:\/\/accesstruckparts.com\/product\/electric-grooved-spray-head-valve\/#primaryimage"},"thumbnailUrl":"https:\/\/accesstruckparts.com\/wp-content\/uploads\/2017\/07\/192-324_Electric-Grooved-Spray-Head_Back2-1200x1200-sRGB.png","datePublished":"2017-07-05T04:51:40+00:00","dateModified":"2026-05-09T05:27:12+00:00","description":"Compre la v\u00e1lvula del cabezal de pulverizaci\u00f3n de ranura el\u00e9ctrica con Access Truck Parts. Tenemos los mejores precios del mercado. \u00a1Busque hoy mismo!","breadcrumb":{"@id":"https:\/\/accesstruckparts.com\/product\/electric-grooved-spray-head-valve\/#breadcrumb"},"inLanguage":"es","potentialAction":[{"@type":"ReadAction","target":["https:\/\/accesstruckparts.com\/product\/electric-grooved-spray-head-valve\/"]}]},{"@type":"ImageObject","inLanguage":"es","@id":"https:\/\/accesstruckparts.com\/product\/electric-grooved-spray-head-valve\/#primaryimage","url":"https:\/\/accesstruckparts.com\/wp-content\/uploads\/2017\/07\/192-324_Electric-Grooved-Spray-Head_Back2-1200x1200-sRGB.png","contentUrl":"https:\/\/accesstruckparts.com\/wp-content\/uploads\/2017\/07\/192-324_Electric-Grooved-Spray-Head_Back2-1200x1200-sRGB.png","width":1200,"height":1200},{"@type":"BreadcrumbList","@id":"https:\/\/accesstruckparts.com\/product\/electric-grooved-spray-head-valve\/#breadcrumb","itemListElement":[{"@type":"ListItem","position":1,"name":"Home","item":"https:\/\/accesstruckparts.com\/"},{"@type":"ListItem","position":2,"name":"Parts","item":"https:\/\/accesstruckparts.com\/parts\/"},{"@type":"ListItem","position":3,"name":"Electric Groove Spray Head Valve"}]},{"@type":"WebSite","@id":"https:\/\/accesstruckparts.com\/#website","url":"https:\/\/accesstruckparts.com\/","name":"Piezas de camiones Access","description":"Su soluci\u00f3n \u00fanica de piezas para camiones de agua.","publisher":{"@id":"https:\/\/accesstruckparts.com\/#organization"},"potentialAction":[{"@type":"SearchAction","target":{"@type":"EntryPoint","urlTemplate":"https:\/\/accesstruckparts.com\/?s={search_term_string}"},"query-input":{"@type":"PropertyValueSpecification","valueRequired":true,"valueName":"search_term_string"}}],"inLanguage":"es"},{"@type":"Organization","@id":"https:\/\/accesstruckparts.com\/#organization","name":"Piezas de camiones Access","url":"https:\/\/accesstruckparts.com\/","logo":{"@type":"ImageObject","inLanguage":"es","@id":"https:\/\/accesstruckparts.com\/#\/schema\/logo\/image\/","url":"https:\/\/accesstruckparts.com\/wp-content\/uploads\/2018\/02\/ATP_logo_placeholder_2018.jpg","contentUrl":"https:\/\/accesstruckparts.com\/wp-content\/uploads\/2018\/02\/ATP_logo_placeholder_2018.jpg","width":"500","height":"500","caption":"Access Truck Parts"},"image":{"@id":"https:\/\/accesstruckparts.com\/#\/schema\/logo\/image\/"}}]},"og_availability":"instock","product_availability":"instock","product_retailer_item_id":"192-3","product_condition":"new"},"_links":{"self":[{"href":"https:\/\/accesstruckparts.com\/es\/wp-json\/wp\/v2\/product\/3458","targetHints":{"allow":["GET"]}}],"collection":[{"href":"https:\/\/accesstruckparts.com\/es\/wp-json\/wp\/v2\/product"}],"about":[{"href":"https:\/\/accesstruckparts.com\/es\/wp-json\/wp\/v2\/types\/product"}],"wp:featuredmedia":[{"embeddable":true,"href":"https:\/\/accesstruckparts.com\/es\/wp-json\/wp\/v2\/media\/40824"}],"wp:attachment":[{"href":"https:\/\/accesstruckparts.com\/es\/wp-json\/wp\/v2\/media?parent=3458"}],"wp:term":[{"taxonomy":"product_brand","embeddable":true,"href":"https:\/\/accesstruckparts.com\/es\/wp-json\/wp\/v2\/product_brand?post=3458"},{"taxonomy":"product_cat","embeddable":true,"href":"https:\/\/accesstruckparts.com\/es\/wp-json\/wp\/v2\/product_cat?post=3458"},{"taxonomy":"product_tag","embeddable":true,"href":"https:\/\/accesstruckparts.com\/es\/wp-json\/wp\/v2\/product_tag?post=3458"}],"curies":[{"name":"wp","href":"https:\/\/api.w.org\/{rel}","templated":true}]}}