{"id":3455,"date":"2017-07-04T21:51:40","date_gmt":"2017-07-05T04:51:40","guid":{"rendered":"https:\/\/accesstruckparts.com\/?post_type=product&#038;p=3455"},"modified":"2026-04-19T02:22:28","modified_gmt":"2026-04-19T09:22:28","slug":"kit-de-valvulas-de-cabeza-de-chorreado-acanalado","status":"publish","type":"product","link":"https:\/\/accesstruckparts.com\/es\/product\/grooved-spray-head-valve-kit\/","title":{"rendered":"Kit de reparaci\u00f3n de la v\u00e1lvula del cabezal de pulverizaci\u00f3n acanalado"},"content":{"rendered":"<p>Este kit de reparaci\u00f3n de v\u00e1lvulas estilo Bertolini es exactamente lo que necesita para reconstruir un <a class=\"productLink\" href=\"https:\/\/accesstruckparts.com\/es\/producto\/grooved-spray-head\/\">Cabezal pulverizador acanalado de 3\u2033.<\/a>.<\/p>\n<p>Consulte nuestro <a class=\"productLink\" href=\"#parts-popup\">DESGLOSE DE PIEZAS<\/a> si s\u00f3lo necesita algunas de las piezas del kit<\/p>","protected":false},"excerpt":{"rendered":"<p>Kit de v\u00e1lvula de cabeza de pulverizaci\u00f3n acanalada<\/p>","protected":false},"featured_media":52600,"template":"","meta":[],"product_brand":[],"product_cat":[68],"product_tag":[189,191,296,203,257],"class_list":{"0":"post-3455","1":"product","2":"type-product","3":"status-publish","4":"has-post-thumbnail","6":"product_cat-valve-rebuild-kits","7":"product_tag-3-inch","8":"product_tag-grooved","9":"product_tag-rebuild-kit","10":"product_tag-spray-head","11":"product_tag-valve-kit","13":"first","14":"instock","15":"taxable","16":"shipping-taxable","17":"purchasable","18":"product-type-simple"},"yoast_head":"<!-- This site is optimized with the Yoast SEO Premium plugin v27.4 (Yoast SEO v27.4) - https:\/\/yoast.com\/product\/yoast-seo-premium-wordpress\/ -->\n<title>Buy Grooved Spray Head Valve Repair Kit online at Access Truck Parts<\/title>\n<meta name=\"description\" content=\"Shop for Grooved Spray Head Valve Repair Kit with Access Truck Parts. We have the best prices on the market. Browse today!\" \/>\n<meta name=\"robots\" content=\"index, follow, max-snippet:-1, max-image-preview:large, max-video-preview:-1\" \/>\n<link rel=\"canonical\" href=\"https:\/\/accesstruckparts.com\/es\/producto\/kit-de-valvulas-de-cabeza-de-chorreado-acanalado\/\" \/>\n<meta property=\"og:locale\" content=\"es_MX\" \/>\n<meta property=\"og:type\" content=\"article\" \/>\n<meta property=\"og:title\" content=\"Grooved Spray Head Valve Repair Kit\" \/>\n<meta property=\"og:description\" content=\"Shop for Grooved Spray Head Valve Repair Kit with Access Truck Parts. We have the best prices on the market. Browse today!\" \/>\n<meta property=\"og:url\" content=\"https:\/\/accesstruckparts.com\/es\/producto\/kit-de-valvulas-de-cabeza-de-chorreado-acanalado\/\" \/>\n<meta property=\"og:site_name\" content=\"Access Truck Parts\" \/>\n<meta property=\"article:modified_time\" content=\"2026-04-19T09:22:28+00:00\" \/>\n<meta property=\"og:image\" content=\"https:\/\/accesstruckparts.com\/wp-content\/uploads\/2017\/07\/1911-71A-KIT_Groove-Valve-Repair-Kit_1200x1200-sRGB_fixed.png\" \/>\n\t<meta property=\"og:image:width\" content=\"1200\" \/>\n\t<meta property=\"og:image:height\" content=\"1200\" \/>\n\t<meta property=\"og:image:type\" content=\"image\/png\" \/>\n<meta name=\"twitter:label1\" content=\"Precio\" \/>\n\t<meta name=\"twitter:data1\" content=\"&#036;85.50\" \/>\n\t<meta name=\"twitter:label2\" content=\"Disponibilidad\" \/>\n\t<meta name=\"twitter:data2\" content=\"Disponible\" \/>\n<script type=\"application\/ld+json\" class=\"yoast-schema-graph\">{\"@context\":\"https:\\\/\\\/schema.org\",\"@graph\":[{\"@type\":\"WebPage\",\"@id\":\"https:\\\/\\\/accesstruckparts.com\\\/product\\\/grooved-spray-head-valve-kit\\\/\",\"url\":\"https:\\\/\\\/accesstruckparts.com\\\/product\\\/grooved-spray-head-valve-kit\\\/\",\"name\":\"Buy Grooved Spray Head Valve Repair Kit online at Access Truck Parts\",\"isPartOf\":{\"@id\":\"https:\\\/\\\/accesstruckparts.com\\\/#website\"},\"primaryImageOfPage\":{\"@id\":\"https:\\\/\\\/accesstruckparts.com\\\/product\\\/grooved-spray-head-valve-kit\\\/#primaryimage\"},\"image\":{\"@id\":\"https:\\\/\\\/accesstruckparts.com\\\/product\\\/grooved-spray-head-valve-kit\\\/#primaryimage\"},\"thumbnailUrl\":\"https:\\\/\\\/accesstruckparts.com\\\/wp-content\\\/uploads\\\/2017\\\/07\\\/1911-71A-KIT_Groove-Valve-Repair-Kit_1200x1200-sRGB_fixed.png\",\"datePublished\":\"2017-07-05T04:51:40+00:00\",\"dateModified\":\"2026-04-19T09:22:28+00:00\",\"description\":\"Shop for Grooved Spray Head Valve Repair Kit with Access Truck Parts. We have the best prices on the market. Browse today!\",\"breadcrumb\":{\"@id\":\"https:\\\/\\\/accesstruckparts.com\\\/product\\\/grooved-spray-head-valve-kit\\\/#breadcrumb\"},\"inLanguage\":\"es\",\"potentialAction\":[{\"@type\":\"ReadAction\",\"target\":[\"https:\\\/\\\/accesstruckparts.com\\\/product\\\/grooved-spray-head-valve-kit\\\/\"]}]},{\"@type\":\"ImageObject\",\"inLanguage\":\"es\",\"@id\":\"https:\\\/\\\/accesstruckparts.com\\\/product\\\/grooved-spray-head-valve-kit\\\/#primaryimage\",\"url\":\"https:\\\/\\\/accesstruckparts.com\\\/wp-content\\\/uploads\\\/2017\\\/07\\\/1911-71A-KIT_Groove-Valve-Repair-Kit_1200x1200-sRGB_fixed.png\",\"contentUrl\":\"https:\\\/\\\/accesstruckparts.com\\\/wp-content\\\/uploads\\\/2017\\\/07\\\/1911-71A-KIT_Groove-Valve-Repair-Kit_1200x1200-sRGB_fixed.png\",\"width\":1200,\"height\":1200},{\"@type\":\"BreadcrumbList\",\"@id\":\"https:\\\/\\\/accesstruckparts.com\\\/product\\\/grooved-spray-head-valve-kit\\\/#breadcrumb\",\"itemListElement\":[{\"@type\":\"ListItem\",\"position\":1,\"name\":\"Home\",\"item\":\"https:\\\/\\\/accesstruckparts.com\\\/\"},{\"@type\":\"ListItem\",\"position\":2,\"name\":\"Parts\",\"item\":\"https:\\\/\\\/accesstruckparts.com\\\/parts\\\/\"},{\"@type\":\"ListItem\",\"position\":3,\"name\":\"Grooved Spray Head Valve Repair Kit\"}]},{\"@type\":\"WebSite\",\"@id\":\"https:\\\/\\\/accesstruckparts.com\\\/#website\",\"url\":\"https:\\\/\\\/accesstruckparts.com\\\/\",\"name\":\"Access Truck Parts\",\"description\":\"Your One Stop Water Truck Parts Solution.\",\"publisher\":{\"@id\":\"https:\\\/\\\/accesstruckparts.com\\\/#organization\"},\"potentialAction\":[{\"@type\":\"SearchAction\",\"target\":{\"@type\":\"EntryPoint\",\"urlTemplate\":\"https:\\\/\\\/accesstruckparts.com\\\/?s={search_term_string}\"},\"query-input\":{\"@type\":\"PropertyValueSpecification\",\"valueRequired\":true,\"valueName\":\"search_term_string\"}}],\"inLanguage\":\"es\"},{\"@type\":\"Organization\",\"@id\":\"https:\\\/\\\/accesstruckparts.com\\\/#organization\",\"name\":\"Access Truck Parts\",\"url\":\"https:\\\/\\\/accesstruckparts.com\\\/\",\"logo\":{\"@type\":\"ImageObject\",\"inLanguage\":\"es\",\"@id\":\"https:\\\/\\\/accesstruckparts.com\\\/#\\\/schema\\\/logo\\\/image\\\/\",\"url\":\"https:\\\/\\\/accesstruckparts.com\\\/wp-content\\\/uploads\\\/2018\\\/02\\\/ATP_logo_placeholder_2018.jpg\",\"contentUrl\":\"https:\\\/\\\/accesstruckparts.com\\\/wp-content\\\/uploads\\\/2018\\\/02\\\/ATP_logo_placeholder_2018.jpg\",\"width\":\"500\",\"height\":\"500\",\"caption\":\"Access Truck Parts\"},\"image\":{\"@id\":\"https:\\\/\\\/accesstruckparts.com\\\/#\\\/schema\\\/logo\\\/image\\\/\"}}]}<\/script>\n<meta property=\"product:price:amount\" content=\"85.50\" \/>\n<meta property=\"product:price:currency\" content=\"USD\" \/>\n<meta property=\"og:availability\" content=\"instock\" \/>\n<meta property=\"product:availability\" content=\"instock\" \/>\n<meta property=\"product:retailer_item_id\" content=\"1911-71A-KIT\" \/>\n<meta property=\"product:condition\" content=\"new\" \/>\n<!-- \/ Yoast SEO Premium plugin. -->","yoast_head_json":{"title":"Compre el kit de reparaci\u00f3n de la v\u00e1lvula del cabezal de pulverizaci\u00f3n acanalado en l\u00ednea en Access Truck Parts","description":"Compre el kit de reparaci\u00f3n de la v\u00e1lvula del cabezal de pulverizaci\u00f3n ranurado con Access Truck Parts. Tenemos los mejores precios del mercado. \u00a1Busque hoy mismo!","robots":{"index":"index","follow":"follow","max-snippet":"max-snippet:-1","max-image-preview":"max-image-preview:large","max-video-preview":"max-video-preview:-1"},"canonical":"https:\/\/accesstruckparts.com\/es\/producto\/kit-de-valvulas-de-cabeza-de-chorreado-acanalado\/","og_locale":"es_MX","og_type":"article","og_title":"Grooved Spray Head Valve Repair Kit","og_description":"Shop for Grooved Spray Head Valve Repair Kit with Access Truck Parts. We have the best prices on the market. Browse today!","og_url":"https:\/\/accesstruckparts.com\/es\/producto\/kit-de-valvulas-de-cabeza-de-chorreado-acanalado\/","og_site_name":"Access Truck Parts","article_modified_time":"2026-04-19T09:22:28+00:00","og_image":[{"width":1200,"height":1200,"url":"https:\/\/accesstruckparts.com\/wp-content\/uploads\/2017\/07\/1911-71A-KIT_Groove-Valve-Repair-Kit_1200x1200-sRGB_fixed.png","type":"image\/png"}],"twitter_misc":{"Precio":"&#36;85.50","Disponibilidad":"Disponible"},"schema":{"@context":"https:\/\/schema.org","@graph":[{"@type":"WebPage","@id":"https:\/\/accesstruckparts.com\/product\/grooved-spray-head-valve-kit\/","url":"https:\/\/accesstruckparts.com\/product\/grooved-spray-head-valve-kit\/","name":"Compre el kit de reparaci\u00f3n de la v\u00e1lvula del cabezal de pulverizaci\u00f3n acanalado en l\u00ednea en Access Truck Parts","isPartOf":{"@id":"https:\/\/accesstruckparts.com\/#website"},"primaryImageOfPage":{"@id":"https:\/\/accesstruckparts.com\/product\/grooved-spray-head-valve-kit\/#primaryimage"},"image":{"@id":"https:\/\/accesstruckparts.com\/product\/grooved-spray-head-valve-kit\/#primaryimage"},"thumbnailUrl":"https:\/\/accesstruckparts.com\/wp-content\/uploads\/2017\/07\/1911-71A-KIT_Groove-Valve-Repair-Kit_1200x1200-sRGB_fixed.png","datePublished":"2017-07-05T04:51:40+00:00","dateModified":"2026-04-19T09:22:28+00:00","description":"Compre el kit de reparaci\u00f3n de la v\u00e1lvula del cabezal de pulverizaci\u00f3n ranurado con Access Truck Parts. Tenemos los mejores precios del mercado. \u00a1Busque hoy mismo!","breadcrumb":{"@id":"https:\/\/accesstruckparts.com\/product\/grooved-spray-head-valve-kit\/#breadcrumb"},"inLanguage":"es","potentialAction":[{"@type":"ReadAction","target":["https:\/\/accesstruckparts.com\/product\/grooved-spray-head-valve-kit\/"]}]},{"@type":"ImageObject","inLanguage":"es","@id":"https:\/\/accesstruckparts.com\/product\/grooved-spray-head-valve-kit\/#primaryimage","url":"https:\/\/accesstruckparts.com\/wp-content\/uploads\/2017\/07\/1911-71A-KIT_Groove-Valve-Repair-Kit_1200x1200-sRGB_fixed.png","contentUrl":"https:\/\/accesstruckparts.com\/wp-content\/uploads\/2017\/07\/1911-71A-KIT_Groove-Valve-Repair-Kit_1200x1200-sRGB_fixed.png","width":1200,"height":1200},{"@type":"BreadcrumbList","@id":"https:\/\/accesstruckparts.com\/product\/grooved-spray-head-valve-kit\/#breadcrumb","itemListElement":[{"@type":"ListItem","position":1,"name":"Home","item":"https:\/\/accesstruckparts.com\/"},{"@type":"ListItem","position":2,"name":"Parts","item":"https:\/\/accesstruckparts.com\/parts\/"},{"@type":"ListItem","position":3,"name":"Grooved Spray Head Valve Repair Kit"}]},{"@type":"WebSite","@id":"https:\/\/accesstruckparts.com\/#website","url":"https:\/\/accesstruckparts.com\/","name":"Piezas de camiones Access","description":"Su soluci\u00f3n \u00fanica de piezas para camiones de agua.","publisher":{"@id":"https:\/\/accesstruckparts.com\/#organization"},"potentialAction":[{"@type":"SearchAction","target":{"@type":"EntryPoint","urlTemplate":"https:\/\/accesstruckparts.com\/?s={search_term_string}"},"query-input":{"@type":"PropertyValueSpecification","valueRequired":true,"valueName":"search_term_string"}}],"inLanguage":"es"},{"@type":"Organization","@id":"https:\/\/accesstruckparts.com\/#organization","name":"Piezas de camiones Access","url":"https:\/\/accesstruckparts.com\/","logo":{"@type":"ImageObject","inLanguage":"es","@id":"https:\/\/accesstruckparts.com\/#\/schema\/logo\/image\/","url":"https:\/\/accesstruckparts.com\/wp-content\/uploads\/2018\/02\/ATP_logo_placeholder_2018.jpg","contentUrl":"https:\/\/accesstruckparts.com\/wp-content\/uploads\/2018\/02\/ATP_logo_placeholder_2018.jpg","width":"500","height":"500","caption":"Access Truck Parts"},"image":{"@id":"https:\/\/accesstruckparts.com\/#\/schema\/logo\/image\/"}}]},"product_price_amount":"85.50","product_price_currency":"USD","og_availability":"instock","product_availability":"instock","product_retailer_item_id":"1911-71A-KIT","product_condition":"new"},"_links":{"self":[{"href":"https:\/\/accesstruckparts.com\/es\/wp-json\/wp\/v2\/product\/3455","targetHints":{"allow":["GET"]}}],"collection":[{"href":"https:\/\/accesstruckparts.com\/es\/wp-json\/wp\/v2\/product"}],"about":[{"href":"https:\/\/accesstruckparts.com\/es\/wp-json\/wp\/v2\/types\/product"}],"wp:featuredmedia":[{"embeddable":true,"href":"https:\/\/accesstruckparts.com\/es\/wp-json\/wp\/v2\/media\/52600"}],"wp:attachment":[{"href":"https:\/\/accesstruckparts.com\/es\/wp-json\/wp\/v2\/media?parent=3455"}],"wp:term":[{"taxonomy":"product_brand","embeddable":true,"href":"https:\/\/accesstruckparts.com\/es\/wp-json\/wp\/v2\/product_brand?post=3455"},{"taxonomy":"product_cat","embeddable":true,"href":"https:\/\/accesstruckparts.com\/es\/wp-json\/wp\/v2\/product_cat?post=3455"},{"taxonomy":"product_tag","embeddable":true,"href":"https:\/\/accesstruckparts.com\/es\/wp-json\/wp\/v2\/product_tag?post=3455"}],"curies":[{"name":"wp","href":"https:\/\/api.w.org\/{rel}","templated":true}]}}