{"id":3426,"date":"2017-07-04T21:51:39","date_gmt":"2017-07-05T04:51:39","guid":{"rendered":"https:\/\/accesstruckparts.com\/?post_type=product&#038;p=3426"},"modified":"2026-04-21T06:43:22","modified_gmt":"2026-04-21T13:43:22","slug":"acoplamiento-de-la-bomba-hidraulica","status":"publish","type":"product","link":"https:\/\/accesstruckparts.com\/es\/product\/hydraulic-pump-coupling\/","title":{"rendered":"Acoplamiento del eje hidr\u00e1ulico (B3Z\/B4Z)"},"content":{"rendered":"<p>Acoplamiento de eje hidr\u00e1ulico con chaveta\/estriado de 7\/8\u2033 x 1-1\/8\u2033 para todas las <a class=\"productLink\" href=\"https:\/\/accesstruckparts.com\/es\/etiqueta-de-producto-2\/b3zrm-2\/\">B3ZRM<\/a> y <a class=\"productLink\" href=\"https:\/\/accesstruckparts.com\/es\/etiqueta-de-producto-2\/b4zrks\/\">B4ZRKS<\/a> bombas. Este acoplamiento tiene una conexi\u00f3n con chaveta en un lado y una conexi\u00f3n estriada para motores hidr\u00e1ulicos en el otro.<\/p>\n<p>Si se recorta un eje existente para acomodar este adaptador, la longitud final del eje debe ser de 1-13\/16\" desde el propio cojinete, <strong>NO<\/strong> la tapa del cojinete.<\/p>","protected":false},"excerpt":{"rendered":"<p>Acoplamiento de eje con chaveta\/estriado de 7\/8\u2033 x 1-1\/8\u2033 - B3Z\/B4Z (S30636)<\/p>","protected":false},"featured_media":40724,"template":"","meta":[],"product_brand":[],"product_cat":[151,83],"product_tag":[242,248,253,224],"class_list":{"0":"post-3426","1":"product","2":"type-product","3":"status-publish","4":"has-post-thumbnail","6":"product_cat-hydraulic-couplings-components","7":"product_cat-water-pump-parts","8":"product_tag-b3zrm","9":"product_tag-b4zrks","10":"product_tag-keyed","11":"product_tag-splined","13":"first","14":"instock","15":"taxable","16":"shipping-taxable","17":"purchasable","18":"product-type-simple"},"yoast_head":"<!-- This site is optimized with the Yoast SEO Premium plugin v27.4 (Yoast SEO v27.4) - https:\/\/yoast.com\/product\/yoast-seo-premium-wordpress\/ -->\n<title>Buy Hydraulic Shaft Coupling (B3Z\/B4Z) online at Access Truck Parts<\/title>\n<meta name=\"description\" content=\"Shop for Hydraulic Shaft Coupling (B3Z\/B4Z) with Access Truck Parts. We have the best prices on the market. Browse today!\" \/>\n<meta name=\"robots\" content=\"index, follow, max-snippet:-1, max-image-preview:large, max-video-preview:-1\" \/>\n<link rel=\"canonical\" href=\"https:\/\/accesstruckparts.com\/es\/producto\/acoplamiento-de-la-bomba-hidraulica\/\" \/>\n<meta property=\"og:locale\" content=\"es_MX\" \/>\n<meta property=\"og:type\" content=\"article\" \/>\n<meta property=\"og:title\" content=\"Hydraulic Shaft Coupling (B3Z\/B4Z)\" \/>\n<meta property=\"og:description\" content=\"Shop for Hydraulic Shaft Coupling (B3Z\/B4Z) with Access Truck Parts. We have the best prices on the market. Browse today!\" \/>\n<meta property=\"og:url\" content=\"https:\/\/accesstruckparts.com\/es\/producto\/acoplamiento-de-la-bomba-hidraulica\/\" \/>\n<meta property=\"og:site_name\" content=\"Access Truck Parts\" \/>\n<meta property=\"article:modified_time\" content=\"2026-04-21T13:43:22+00:00\" \/>\n<meta property=\"og:image\" content=\"https:\/\/accesstruckparts.com\/wp-content\/uploads\/2017\/07\/116-S30636_Hydraulic-Coupling_1200x1200-sRGB.png\" \/>\n\t<meta property=\"og:image:width\" content=\"1200\" \/>\n\t<meta property=\"og:image:height\" content=\"1200\" \/>\n\t<meta property=\"og:image:type\" content=\"image\/png\" \/>\n<meta name=\"twitter:label1\" content=\"Precio\" \/>\n\t<meta name=\"twitter:data1\" content=\"&#036;279.95\" \/>\n\t<meta name=\"twitter:label2\" content=\"Disponibilidad\" \/>\n\t<meta name=\"twitter:data2\" content=\"Disponible\" \/>\n<script type=\"application\/ld+json\" class=\"yoast-schema-graph\">{\"@context\":\"https:\\\/\\\/schema.org\",\"@graph\":[{\"@type\":\"WebPage\",\"@id\":\"https:\\\/\\\/accesstruckparts.com\\\/product\\\/hydraulic-pump-coupling\\\/\",\"url\":\"https:\\\/\\\/accesstruckparts.com\\\/product\\\/hydraulic-pump-coupling\\\/\",\"name\":\"Buy Hydraulic Shaft Coupling (B3Z\\\/B4Z) online at Access Truck Parts\",\"isPartOf\":{\"@id\":\"https:\\\/\\\/accesstruckparts.com\\\/#website\"},\"primaryImageOfPage\":{\"@id\":\"https:\\\/\\\/accesstruckparts.com\\\/product\\\/hydraulic-pump-coupling\\\/#primaryimage\"},\"image\":{\"@id\":\"https:\\\/\\\/accesstruckparts.com\\\/product\\\/hydraulic-pump-coupling\\\/#primaryimage\"},\"thumbnailUrl\":\"https:\\\/\\\/accesstruckparts.com\\\/wp-content\\\/uploads\\\/2017\\\/07\\\/116-S30636_Hydraulic-Coupling_1200x1200-sRGB.png\",\"datePublished\":\"2017-07-05T04:51:39+00:00\",\"dateModified\":\"2026-04-21T13:43:22+00:00\",\"description\":\"Shop for Hydraulic Shaft Coupling (B3Z\\\/B4Z) with Access Truck Parts. We have the best prices on the market. Browse today!\",\"breadcrumb\":{\"@id\":\"https:\\\/\\\/accesstruckparts.com\\\/product\\\/hydraulic-pump-coupling\\\/#breadcrumb\"},\"inLanguage\":\"es\",\"potentialAction\":[{\"@type\":\"ReadAction\",\"target\":[\"https:\\\/\\\/accesstruckparts.com\\\/product\\\/hydraulic-pump-coupling\\\/\"]}]},{\"@type\":\"ImageObject\",\"inLanguage\":\"es\",\"@id\":\"https:\\\/\\\/accesstruckparts.com\\\/product\\\/hydraulic-pump-coupling\\\/#primaryimage\",\"url\":\"https:\\\/\\\/accesstruckparts.com\\\/wp-content\\\/uploads\\\/2017\\\/07\\\/116-S30636_Hydraulic-Coupling_1200x1200-sRGB.png\",\"contentUrl\":\"https:\\\/\\\/accesstruckparts.com\\\/wp-content\\\/uploads\\\/2017\\\/07\\\/116-S30636_Hydraulic-Coupling_1200x1200-sRGB.png\",\"width\":1200,\"height\":1200},{\"@type\":\"BreadcrumbList\",\"@id\":\"https:\\\/\\\/accesstruckparts.com\\\/product\\\/hydraulic-pump-coupling\\\/#breadcrumb\",\"itemListElement\":[{\"@type\":\"ListItem\",\"position\":1,\"name\":\"Home\",\"item\":\"https:\\\/\\\/accesstruckparts.com\\\/\"},{\"@type\":\"ListItem\",\"position\":2,\"name\":\"Parts\",\"item\":\"https:\\\/\\\/accesstruckparts.com\\\/parts\\\/\"},{\"@type\":\"ListItem\",\"position\":3,\"name\":\"Hydraulic Shaft Coupling (B3Z\\\/B4Z)\"}]},{\"@type\":\"WebSite\",\"@id\":\"https:\\\/\\\/accesstruckparts.com\\\/#website\",\"url\":\"https:\\\/\\\/accesstruckparts.com\\\/\",\"name\":\"Access Truck Parts\",\"description\":\"Your One Stop Water Truck Parts Solution.\",\"publisher\":{\"@id\":\"https:\\\/\\\/accesstruckparts.com\\\/#organization\"},\"potentialAction\":[{\"@type\":\"SearchAction\",\"target\":{\"@type\":\"EntryPoint\",\"urlTemplate\":\"https:\\\/\\\/accesstruckparts.com\\\/?s={search_term_string}\"},\"query-input\":{\"@type\":\"PropertyValueSpecification\",\"valueRequired\":true,\"valueName\":\"search_term_string\"}}],\"inLanguage\":\"es\"},{\"@type\":\"Organization\",\"@id\":\"https:\\\/\\\/accesstruckparts.com\\\/#organization\",\"name\":\"Access Truck Parts\",\"url\":\"https:\\\/\\\/accesstruckparts.com\\\/\",\"logo\":{\"@type\":\"ImageObject\",\"inLanguage\":\"es\",\"@id\":\"https:\\\/\\\/accesstruckparts.com\\\/#\\\/schema\\\/logo\\\/image\\\/\",\"url\":\"https:\\\/\\\/accesstruckparts.com\\\/wp-content\\\/uploads\\\/2018\\\/02\\\/ATP_logo_placeholder_2018.jpg\",\"contentUrl\":\"https:\\\/\\\/accesstruckparts.com\\\/wp-content\\\/uploads\\\/2018\\\/02\\\/ATP_logo_placeholder_2018.jpg\",\"width\":\"500\",\"height\":\"500\",\"caption\":\"Access Truck Parts\"},\"image\":{\"@id\":\"https:\\\/\\\/accesstruckparts.com\\\/#\\\/schema\\\/logo\\\/image\\\/\"}}]}<\/script>\n<meta property=\"product:price:amount\" content=\"279.95\" \/>\n<meta property=\"product:price:currency\" content=\"USD\" \/>\n<meta property=\"og:availability\" content=\"instock\" \/>\n<meta property=\"product:availability\" content=\"instock\" \/>\n<meta property=\"product:retailer_item_id\" content=\"116-S30636\" \/>\n<meta property=\"product:condition\" content=\"new\" \/>\n<!-- \/ Yoast SEO Premium plugin. -->","yoast_head_json":{"title":"Compre el acoplamiento del eje hidr\u00e1ulico (B3Z\/B4Z) en l\u00ednea en Access Truck Parts","description":"Compre el acoplamiento del eje hidr\u00e1ulico (B3Z\/B4Z) con Access Truck Parts. Tenemos los mejores precios del mercado. \u00a1Busque hoy mismo!","robots":{"index":"index","follow":"follow","max-snippet":"max-snippet:-1","max-image-preview":"max-image-preview:large","max-video-preview":"max-video-preview:-1"},"canonical":"https:\/\/accesstruckparts.com\/es\/producto\/acoplamiento-de-la-bomba-hidraulica\/","og_locale":"es_MX","og_type":"article","og_title":"Hydraulic Shaft Coupling (B3Z\/B4Z)","og_description":"Shop for Hydraulic Shaft Coupling (B3Z\/B4Z) with Access Truck Parts. We have the best prices on the market. Browse today!","og_url":"https:\/\/accesstruckparts.com\/es\/producto\/acoplamiento-de-la-bomba-hidraulica\/","og_site_name":"Access Truck Parts","article_modified_time":"2026-04-21T13:43:22+00:00","og_image":[{"width":1200,"height":1200,"url":"https:\/\/accesstruckparts.com\/wp-content\/uploads\/2017\/07\/116-S30636_Hydraulic-Coupling_1200x1200-sRGB.png","type":"image\/png"}],"twitter_misc":{"Precio":"&#36;279.95","Disponibilidad":"Disponible"},"schema":{"@context":"https:\/\/schema.org","@graph":[{"@type":"WebPage","@id":"https:\/\/accesstruckparts.com\/product\/hydraulic-pump-coupling\/","url":"https:\/\/accesstruckparts.com\/product\/hydraulic-pump-coupling\/","name":"Compre el acoplamiento del eje hidr\u00e1ulico (B3Z\/B4Z) en l\u00ednea en Access Truck Parts","isPartOf":{"@id":"https:\/\/accesstruckparts.com\/#website"},"primaryImageOfPage":{"@id":"https:\/\/accesstruckparts.com\/product\/hydraulic-pump-coupling\/#primaryimage"},"image":{"@id":"https:\/\/accesstruckparts.com\/product\/hydraulic-pump-coupling\/#primaryimage"},"thumbnailUrl":"https:\/\/accesstruckparts.com\/wp-content\/uploads\/2017\/07\/116-S30636_Hydraulic-Coupling_1200x1200-sRGB.png","datePublished":"2017-07-05T04:51:39+00:00","dateModified":"2026-04-21T13:43:22+00:00","description":"Compre el acoplamiento del eje hidr\u00e1ulico (B3Z\/B4Z) con Access Truck Parts. Tenemos los mejores precios del mercado. \u00a1Busque hoy mismo!","breadcrumb":{"@id":"https:\/\/accesstruckparts.com\/product\/hydraulic-pump-coupling\/#breadcrumb"},"inLanguage":"es","potentialAction":[{"@type":"ReadAction","target":["https:\/\/accesstruckparts.com\/product\/hydraulic-pump-coupling\/"]}]},{"@type":"ImageObject","inLanguage":"es","@id":"https:\/\/accesstruckparts.com\/product\/hydraulic-pump-coupling\/#primaryimage","url":"https:\/\/accesstruckparts.com\/wp-content\/uploads\/2017\/07\/116-S30636_Hydraulic-Coupling_1200x1200-sRGB.png","contentUrl":"https:\/\/accesstruckparts.com\/wp-content\/uploads\/2017\/07\/116-S30636_Hydraulic-Coupling_1200x1200-sRGB.png","width":1200,"height":1200},{"@type":"BreadcrumbList","@id":"https:\/\/accesstruckparts.com\/product\/hydraulic-pump-coupling\/#breadcrumb","itemListElement":[{"@type":"ListItem","position":1,"name":"Home","item":"https:\/\/accesstruckparts.com\/"},{"@type":"ListItem","position":2,"name":"Parts","item":"https:\/\/accesstruckparts.com\/parts\/"},{"@type":"ListItem","position":3,"name":"Hydraulic Shaft Coupling (B3Z\/B4Z)"}]},{"@type":"WebSite","@id":"https:\/\/accesstruckparts.com\/#website","url":"https:\/\/accesstruckparts.com\/","name":"Piezas de camiones Access","description":"Su soluci\u00f3n \u00fanica de piezas para camiones de agua.","publisher":{"@id":"https:\/\/accesstruckparts.com\/#organization"},"potentialAction":[{"@type":"SearchAction","target":{"@type":"EntryPoint","urlTemplate":"https:\/\/accesstruckparts.com\/?s={search_term_string}"},"query-input":{"@type":"PropertyValueSpecification","valueRequired":true,"valueName":"search_term_string"}}],"inLanguage":"es"},{"@type":"Organization","@id":"https:\/\/accesstruckparts.com\/#organization","name":"Piezas de camiones Access","url":"https:\/\/accesstruckparts.com\/","logo":{"@type":"ImageObject","inLanguage":"es","@id":"https:\/\/accesstruckparts.com\/#\/schema\/logo\/image\/","url":"https:\/\/accesstruckparts.com\/wp-content\/uploads\/2018\/02\/ATP_logo_placeholder_2018.jpg","contentUrl":"https:\/\/accesstruckparts.com\/wp-content\/uploads\/2018\/02\/ATP_logo_placeholder_2018.jpg","width":"500","height":"500","caption":"Access Truck Parts"},"image":{"@id":"https:\/\/accesstruckparts.com\/#\/schema\/logo\/image\/"}}]},"product_price_amount":"279.95","product_price_currency":"USD","og_availability":"instock","product_availability":"instock","product_retailer_item_id":"116-S30636","product_condition":"new"},"_links":{"self":[{"href":"https:\/\/accesstruckparts.com\/es\/wp-json\/wp\/v2\/product\/3426","targetHints":{"allow":["GET"]}}],"collection":[{"href":"https:\/\/accesstruckparts.com\/es\/wp-json\/wp\/v2\/product"}],"about":[{"href":"https:\/\/accesstruckparts.com\/es\/wp-json\/wp\/v2\/types\/product"}],"wp:featuredmedia":[{"embeddable":true,"href":"https:\/\/accesstruckparts.com\/es\/wp-json\/wp\/v2\/media\/40724"}],"wp:attachment":[{"href":"https:\/\/accesstruckparts.com\/es\/wp-json\/wp\/v2\/media?parent=3426"}],"wp:term":[{"taxonomy":"product_brand","embeddable":true,"href":"https:\/\/accesstruckparts.com\/es\/wp-json\/wp\/v2\/product_brand?post=3426"},{"taxonomy":"product_cat","embeddable":true,"href":"https:\/\/accesstruckparts.com\/es\/wp-json\/wp\/v2\/product_cat?post=3426"},{"taxonomy":"product_tag","embeddable":true,"href":"https:\/\/accesstruckparts.com\/es\/wp-json\/wp\/v2\/product_tag?post=3426"}],"curies":[{"name":"wp","href":"https:\/\/api.w.org\/{rel}","templated":true}]}}