{"id":3122,"date":"2017-07-04T21:51:41","date_gmt":"2017-07-05T04:51:41","guid":{"rendered":"https:\/\/accesstruckparts.com\/?post_type=product&#038;p=3122"},"modified":"2026-04-19T00:16:26","modified_gmt":"2026-04-19T07:16:26","slug":"chorro-de-manguera-con-doble-camisa","status":"publish","type":"product","link":"https:\/\/accesstruckparts.com\/es\/product\/double-jacketed-mill-hose-jetting\/","title":{"rendered":"Manguera de molino con doble revestimiento (Jetting)"},"content":{"rendered":"<p>Este tama\u00f1o de manguera Mill se utiliza principalmente en camiones cisterna para el lavado manual o el chorro a lo largo del cami\u00f3n. Esta manguera dispone de roscas macho de tuber\u00eda (<strong>NPSH<\/strong>) en un extremo y roscas hembra de tuber\u00eda en el otro, con una presi\u00f3n nominal de 300PSI. (A\u00f1ada la boquilla de niebla 312-150 para opciones de chorro ajustable \/ chorro recto)<\/p>\n<p>Nuestra versi\u00f3n 304-150x50HD Heavy-Duty tiene una capacidad de 400PSI.<\/p>\n<p>La manguera de molino con doble revestimiento est\u00e1 dise\u00f1ada con un revestimiento de caucho EPDM de una sola capa dentro de dos capas de tela de poli\u00e9ster hilada en anillos, dise\u00f1ada para resistir la abrasi\u00f3n, el moho y la humedad. El caucho se tira a trav\u00e9s de las chaquetas de tela y se vulcaniza con vapor para unirlas creando una manguera duradera y resistente a los productos qu\u00edmicos, \u00fatil para muchas aplicaciones en la industria de la distribuci\u00f3n de agua.<\/p>","protected":false},"excerpt":{"rendered":"<p>Manguera de molino de chorro<\/p>","protected":false},"featured_media":29968,"template":"","meta":[],"product_brand":[],"product_cat":[70],"product_tag":[309,299],"class_list":{"0":"post-3122","1":"product","2":"type-product","3":"status-publish","4":"has-post-thumbnail","6":"product_cat-hoses","7":"product_tag-nst","8":"product_tag-water-hose","10":"first","11":"instock","12":"taxable","13":"shipping-taxable","14":"product-type-variable"},"yoast_head":"<!-- This site is optimized with the Yoast SEO Premium plugin v27.4 (Yoast SEO v27.4) - https:\/\/yoast.com\/product\/yoast-seo-premium-wordpress\/ -->\n<title>Buy Double Jacketed Mill Hose (Jetting) online at Access Truck Parts<\/title>\n<meta name=\"description\" content=\"Shop for Double Jacketed Mill Hose (Jetting) with Access Truck Parts. We have the best prices on the market. Browse today!\" \/>\n<meta name=\"robots\" content=\"index, follow, max-snippet:-1, max-image-preview:large, max-video-preview:-1\" \/>\n<link rel=\"canonical\" href=\"https:\/\/accesstruckparts.com\/es\/producto\/chorro-de-manguera-con-doble-camisa\/\" \/>\n<meta property=\"og:locale\" content=\"es_MX\" \/>\n<meta property=\"og:type\" content=\"article\" \/>\n<meta property=\"og:title\" content=\"Double Jacketed Mill Hose (Jetting)\" \/>\n<meta property=\"og:description\" content=\"Shop for Double Jacketed Mill Hose (Jetting) with Access Truck Parts. We have the best prices on the market. Browse today!\" \/>\n<meta property=\"og:url\" content=\"https:\/\/accesstruckparts.com\/es\/producto\/chorro-de-manguera-con-doble-camisa\/\" \/>\n<meta property=\"og:site_name\" content=\"Access Truck Parts\" \/>\n<meta property=\"article:modified_time\" content=\"2026-04-19T07:16:26+00:00\" \/>\n<meta property=\"og:image\" content=\"https:\/\/accesstruckparts.com\/wp-content\/uploads\/2017\/07\/304-150x_Hydrant-Hose_1200x1200-sRGB.png\" \/>\n\t<meta property=\"og:image:width\" content=\"1200\" \/>\n\t<meta property=\"og:image:height\" content=\"1200\" \/>\n\t<meta property=\"og:image:type\" content=\"image\/png\" \/>\n<meta name=\"twitter:label1\" content=\"Disponibilidad\" \/>\n\t<meta name=\"twitter:data1\" content=\"Disponible\" \/>\n<script type=\"application\/ld+json\" class=\"yoast-schema-graph\">{\"@context\":\"https:\\\/\\\/schema.org\",\"@graph\":[{\"@type\":\"WebPage\",\"@id\":\"https:\\\/\\\/accesstruckparts.com\\\/product\\\/double-jacketed-mill-hose-jetting\\\/\",\"url\":\"https:\\\/\\\/accesstruckparts.com\\\/product\\\/double-jacketed-mill-hose-jetting\\\/\",\"name\":\"Buy Double Jacketed Mill Hose (Jetting) online at Access Truck Parts\",\"isPartOf\":{\"@id\":\"https:\\\/\\\/accesstruckparts.com\\\/#website\"},\"primaryImageOfPage\":{\"@id\":\"https:\\\/\\\/accesstruckparts.com\\\/product\\\/double-jacketed-mill-hose-jetting\\\/#primaryimage\"},\"image\":{\"@id\":\"https:\\\/\\\/accesstruckparts.com\\\/product\\\/double-jacketed-mill-hose-jetting\\\/#primaryimage\"},\"thumbnailUrl\":\"https:\\\/\\\/accesstruckparts.com\\\/wp-content\\\/uploads\\\/2017\\\/07\\\/304-150x_Hydrant-Hose_1200x1200-sRGB.png\",\"datePublished\":\"2017-07-05T04:51:41+00:00\",\"dateModified\":\"2026-04-19T07:16:26+00:00\",\"description\":\"Shop for Double Jacketed Mill Hose (Jetting) with Access Truck Parts. We have the best prices on the market. Browse today!\",\"breadcrumb\":{\"@id\":\"https:\\\/\\\/accesstruckparts.com\\\/product\\\/double-jacketed-mill-hose-jetting\\\/#breadcrumb\"},\"inLanguage\":\"es\",\"potentialAction\":[{\"@type\":\"ReadAction\",\"target\":[\"https:\\\/\\\/accesstruckparts.com\\\/product\\\/double-jacketed-mill-hose-jetting\\\/\"]}]},{\"@type\":\"ImageObject\",\"inLanguage\":\"es\",\"@id\":\"https:\\\/\\\/accesstruckparts.com\\\/product\\\/double-jacketed-mill-hose-jetting\\\/#primaryimage\",\"url\":\"https:\\\/\\\/accesstruckparts.com\\\/wp-content\\\/uploads\\\/2017\\\/07\\\/304-150x_Hydrant-Hose_1200x1200-sRGB.png\",\"contentUrl\":\"https:\\\/\\\/accesstruckparts.com\\\/wp-content\\\/uploads\\\/2017\\\/07\\\/304-150x_Hydrant-Hose_1200x1200-sRGB.png\",\"width\":1200,\"height\":1200},{\"@type\":\"BreadcrumbList\",\"@id\":\"https:\\\/\\\/accesstruckparts.com\\\/product\\\/double-jacketed-mill-hose-jetting\\\/#breadcrumb\",\"itemListElement\":[{\"@type\":\"ListItem\",\"position\":1,\"name\":\"Home\",\"item\":\"https:\\\/\\\/accesstruckparts.com\\\/\"},{\"@type\":\"ListItem\",\"position\":2,\"name\":\"Parts\",\"item\":\"https:\\\/\\\/accesstruckparts.com\\\/parts\\\/\"},{\"@type\":\"ListItem\",\"position\":3,\"name\":\"Double Jacketed Mill Hose (Jetting)\"}]},{\"@type\":\"WebSite\",\"@id\":\"https:\\\/\\\/accesstruckparts.com\\\/#website\",\"url\":\"https:\\\/\\\/accesstruckparts.com\\\/\",\"name\":\"Access Truck Parts\",\"description\":\"Your One Stop Water Truck Parts Solution.\",\"publisher\":{\"@id\":\"https:\\\/\\\/accesstruckparts.com\\\/#organization\"},\"potentialAction\":[{\"@type\":\"SearchAction\",\"target\":{\"@type\":\"EntryPoint\",\"urlTemplate\":\"https:\\\/\\\/accesstruckparts.com\\\/?s={search_term_string}\"},\"query-input\":{\"@type\":\"PropertyValueSpecification\",\"valueRequired\":true,\"valueName\":\"search_term_string\"}}],\"inLanguage\":\"es\"},{\"@type\":\"Organization\",\"@id\":\"https:\\\/\\\/accesstruckparts.com\\\/#organization\",\"name\":\"Access Truck Parts\",\"url\":\"https:\\\/\\\/accesstruckparts.com\\\/\",\"logo\":{\"@type\":\"ImageObject\",\"inLanguage\":\"es\",\"@id\":\"https:\\\/\\\/accesstruckparts.com\\\/#\\\/schema\\\/logo\\\/image\\\/\",\"url\":\"https:\\\/\\\/accesstruckparts.com\\\/wp-content\\\/uploads\\\/2018\\\/02\\\/ATP_logo_placeholder_2018.jpg\",\"contentUrl\":\"https:\\\/\\\/accesstruckparts.com\\\/wp-content\\\/uploads\\\/2018\\\/02\\\/ATP_logo_placeholder_2018.jpg\",\"width\":\"500\",\"height\":\"500\",\"caption\":\"Access Truck Parts\"},\"image\":{\"@id\":\"https:\\\/\\\/accesstruckparts.com\\\/#\\\/schema\\\/logo\\\/image\\\/\"}}]}<\/script>\n<meta property=\"og:availability\" content=\"instock\" \/>\n<meta property=\"product:availability\" content=\"instock\" \/>\n<meta property=\"product:retailer_item_id\" content=\"304-\" \/>\n<meta property=\"product:condition\" content=\"new\" \/>\n<!-- \/ Yoast SEO Premium plugin. -->","yoast_head_json":{"title":"Compre en l\u00ednea mangueras de molino con doble revestimiento (Jetting) en Access Truck Parts","description":"Compre mangueras de molino con doble camisa (Jetting) con Access Truck Parts. Tenemos los mejores precios del mercado. \u00a1Busque hoy mismo!","robots":{"index":"index","follow":"follow","max-snippet":"max-snippet:-1","max-image-preview":"max-image-preview:large","max-video-preview":"max-video-preview:-1"},"canonical":"https:\/\/accesstruckparts.com\/es\/producto\/chorro-de-manguera-con-doble-camisa\/","og_locale":"es_MX","og_type":"article","og_title":"Double Jacketed Mill Hose (Jetting)","og_description":"Shop for Double Jacketed Mill Hose (Jetting) with Access Truck Parts. We have the best prices on the market. Browse today!","og_url":"https:\/\/accesstruckparts.com\/es\/producto\/chorro-de-manguera-con-doble-camisa\/","og_site_name":"Access Truck Parts","article_modified_time":"2026-04-19T07:16:26+00:00","og_image":[{"width":1200,"height":1200,"url":"https:\/\/accesstruckparts.com\/wp-content\/uploads\/2017\/07\/304-150x_Hydrant-Hose_1200x1200-sRGB.png","type":"image\/png"}],"twitter_misc":{"Disponibilidad":"Disponible"},"schema":{"@context":"https:\/\/schema.org","@graph":[{"@type":"WebPage","@id":"https:\/\/accesstruckparts.com\/product\/double-jacketed-mill-hose-jetting\/","url":"https:\/\/accesstruckparts.com\/product\/double-jacketed-mill-hose-jetting\/","name":"Compre en l\u00ednea mangueras de molino con doble revestimiento (Jetting) en Access Truck Parts","isPartOf":{"@id":"https:\/\/accesstruckparts.com\/#website"},"primaryImageOfPage":{"@id":"https:\/\/accesstruckparts.com\/product\/double-jacketed-mill-hose-jetting\/#primaryimage"},"image":{"@id":"https:\/\/accesstruckparts.com\/product\/double-jacketed-mill-hose-jetting\/#primaryimage"},"thumbnailUrl":"https:\/\/accesstruckparts.com\/wp-content\/uploads\/2017\/07\/304-150x_Hydrant-Hose_1200x1200-sRGB.png","datePublished":"2017-07-05T04:51:41+00:00","dateModified":"2026-04-19T07:16:26+00:00","description":"Compre mangueras de molino con doble camisa (Jetting) con Access Truck Parts. Tenemos los mejores precios del mercado. \u00a1Busque hoy mismo!","breadcrumb":{"@id":"https:\/\/accesstruckparts.com\/product\/double-jacketed-mill-hose-jetting\/#breadcrumb"},"inLanguage":"es","potentialAction":[{"@type":"ReadAction","target":["https:\/\/accesstruckparts.com\/product\/double-jacketed-mill-hose-jetting\/"]}]},{"@type":"ImageObject","inLanguage":"es","@id":"https:\/\/accesstruckparts.com\/product\/double-jacketed-mill-hose-jetting\/#primaryimage","url":"https:\/\/accesstruckparts.com\/wp-content\/uploads\/2017\/07\/304-150x_Hydrant-Hose_1200x1200-sRGB.png","contentUrl":"https:\/\/accesstruckparts.com\/wp-content\/uploads\/2017\/07\/304-150x_Hydrant-Hose_1200x1200-sRGB.png","width":1200,"height":1200},{"@type":"BreadcrumbList","@id":"https:\/\/accesstruckparts.com\/product\/double-jacketed-mill-hose-jetting\/#breadcrumb","itemListElement":[{"@type":"ListItem","position":1,"name":"Home","item":"https:\/\/accesstruckparts.com\/"},{"@type":"ListItem","position":2,"name":"Parts","item":"https:\/\/accesstruckparts.com\/parts\/"},{"@type":"ListItem","position":3,"name":"Double Jacketed Mill Hose (Jetting)"}]},{"@type":"WebSite","@id":"https:\/\/accesstruckparts.com\/#website","url":"https:\/\/accesstruckparts.com\/","name":"Piezas de camiones Access","description":"Su soluci\u00f3n \u00fanica de piezas para camiones de agua.","publisher":{"@id":"https:\/\/accesstruckparts.com\/#organization"},"potentialAction":[{"@type":"SearchAction","target":{"@type":"EntryPoint","urlTemplate":"https:\/\/accesstruckparts.com\/?s={search_term_string}"},"query-input":{"@type":"PropertyValueSpecification","valueRequired":true,"valueName":"search_term_string"}}],"inLanguage":"es"},{"@type":"Organization","@id":"https:\/\/accesstruckparts.com\/#organization","name":"Piezas de camiones Access","url":"https:\/\/accesstruckparts.com\/","logo":{"@type":"ImageObject","inLanguage":"es","@id":"https:\/\/accesstruckparts.com\/#\/schema\/logo\/image\/","url":"https:\/\/accesstruckparts.com\/wp-content\/uploads\/2018\/02\/ATP_logo_placeholder_2018.jpg","contentUrl":"https:\/\/accesstruckparts.com\/wp-content\/uploads\/2018\/02\/ATP_logo_placeholder_2018.jpg","width":"500","height":"500","caption":"Access Truck Parts"},"image":{"@id":"https:\/\/accesstruckparts.com\/#\/schema\/logo\/image\/"}}]},"og_availability":"instock","product_availability":"instock","product_retailer_item_id":"304-","product_condition":"new"},"_links":{"self":[{"href":"https:\/\/accesstruckparts.com\/es\/wp-json\/wp\/v2\/product\/3122","targetHints":{"allow":["GET"]}}],"collection":[{"href":"https:\/\/accesstruckparts.com\/es\/wp-json\/wp\/v2\/product"}],"about":[{"href":"https:\/\/accesstruckparts.com\/es\/wp-json\/wp\/v2\/types\/product"}],"wp:featuredmedia":[{"embeddable":true,"href":"https:\/\/accesstruckparts.com\/es\/wp-json\/wp\/v2\/media\/29968"}],"wp:attachment":[{"href":"https:\/\/accesstruckparts.com\/es\/wp-json\/wp\/v2\/media?parent=3122"}],"wp:term":[{"taxonomy":"product_brand","embeddable":true,"href":"https:\/\/accesstruckparts.com\/es\/wp-json\/wp\/v2\/product_brand?post=3122"},{"taxonomy":"product_cat","embeddable":true,"href":"https:\/\/accesstruckparts.com\/es\/wp-json\/wp\/v2\/product_cat?post=3122"},{"taxonomy":"product_tag","embeddable":true,"href":"https:\/\/accesstruckparts.com\/es\/wp-json\/wp\/v2\/product_tag?post=3122"}],"curies":[{"name":"wp","href":"https:\/\/api.w.org\/{rel}","templated":true}]}}