{"id":3044,"date":"2017-07-04T21:51:40","date_gmt":"2017-07-05T04:51:40","guid":{"rendered":"https:\/\/accesstruckparts.com\/?post_type=product&#038;p=3044"},"modified":"2026-05-11T07:33:51","modified_gmt":"2026-05-11T14:33:51","slug":"kit-de-valvulas-para-cabezal-de-pulverizacion-de-alta-resistencia-2","status":"publish","type":"product","link":"https:\/\/accesstruckparts.com\/es\/product\/heavy-duty-spray-head-valve-kit\/","title":{"rendered":"Kit de v\u00e1lvulas para cabezales de pulverizaci\u00f3n de alta resistencia"},"content":{"rendered":"<p>Este kit de v\u00e1lvulas para cabezales de pulverizaci\u00f3n de alta resistencia es exactamente lo que necesita para reparar <a href=\"https:\/\/accesstruckparts.com\/es\/producto\/cabezal-de-pulverizacion-de-alta-resistencia\/\" class=\"productLink\">3\u2033 Accionado por aire<\/a> o <a class=\"productLink\" href=\"https:\/\/accesstruckparts.com\/es\/producto\/valvula-de-cabezal-hidraulico\/\">3\u2033 Hidr\u00e1ulica<\/a> Cabezales de pulverizaci\u00f3n de alta resistencia. Consulte nuestro <a href=\"#parts-popup\" class=\"productLink\">DESGLOSE DE PIEZAS<\/a> si s\u00f3lo necesita algunos de los art\u00edculos m\u00e1s peque\u00f1os del kit. <\/p>\n<p>El muelle se vende por separado (<a class=\"productLink\" href=\"https:\/\/accesstruckparts.com\/es\/producto\/atp-spray-head-spring-300208-2\/\">1931-300213A<\/a>).<div class=\"woocommerce\"><div class=\"products row row-small large-columns-4 medium-columns-3 small-columns-2 has-shadow row-box-shadow-2-hover has-equal-box-heights\">\n<div class=\"product-small col has-hover product type-product post-3044 status-publish first instock product_cat-valve-rebuild-kits product_tag-heavy-duty product_tag-rebuild-kit product_tag-spray-head product_tag-valve-kit has-post-thumbnail taxable shipping-taxable purchasable product-type-simple\">\n\t<div class=\"col-inner\">\n\t\n<div class=\"badge-container absolute left top z-1\">\n\n<\/div>\n\t<div class=\"product-small box\">\n\t\t<div class=\"box-image\">\n\t\t\t<div class=\"image-none\">\n\t\t\t\t<a href=\"https:\/\/accesstruckparts.com\/es\/product\/heavy-duty-spray-head-valve-kit\/\">\n\t\t\t\t\t<img decoding=\"async\" width=\"247\" height=\"300\" src=\"https:\/\/accesstruckparts.com\/wp-content\/uploads\/2014\/04\/rebuildKit-247x300.jpg\" class=\"attachment-woocommerce_thumbnail size-woocommerce_thumbnail\" alt=\"Kit de v\u00e1lvulas para cabezales de pulverizaci\u00f3n de alta resistencia\" \/>\t\t\t\t<\/a>\n\t\t\t<\/div>\n\t\t\t<div class=\"image-tools is-small top right show-on-hover\">\n\t\t\t\t\t\t\t<\/div>\n\t\t\t<div class=\"image-tools is-small hide-for-small bottom left show-on-hover\">\n\t\t\t\t\t\t\t<\/div>\n\t\t\t<div class=\"image-tools grid-tools text-center hide-for-small bottom hover-slide-in show-on-hover\">\n\t\t\t\t\t\t\t<\/div>\n\t\t\t\t\t<\/div>\n\n\t\t<div class=\"box-text box-text-products text-center grid-style-2\">\n\t\t\t<div class=\"title-wrapper\"><p class=\"name product-title woocommerce-loop-product__title\"><a href=\"https:\/\/accesstruckparts.com\/es\/product\/heavy-duty-spray-head-valve-kit\/\" class=\"woocommerce-LoopProduct-link woocommerce-loop-product__link\">Kit de v\u00e1lvulas para cabezales de pulverizaci\u00f3n de alta resistencia<\/a><\/p><\/div><div class=\"price-wrapper\"><div itemprop=\"productID\" class=\"sku sku_shop_listing\">SKU: 1931-300KIT<\/div>\n\t<span class=\"price\">$87.50<\/span>\n<\/div>\t\t<\/div>\n\t<\/div>\n\t\t<\/div>\n<\/div><\/div><!-- row -->\n<\/div>","protected":false},"excerpt":{"rendered":"<p>Kit de v\u00e1lvulas para cabezales de pulverizaci\u00f3n de alta resistencia<\/p>","protected":false},"featured_media":7795,"template":"","meta":[],"product_brand":[],"product_cat":[68],"product_tag":[218,296,203,257],"class_list":{"0":"post-3044","1":"product","2":"type-product","3":"status-publish","4":"has-post-thumbnail","6":"product_cat-valve-rebuild-kits","7":"product_tag-heavy-duty","8":"product_tag-rebuild-kit","9":"product_tag-spray-head","10":"product_tag-valve-kit","12":"first","13":"instock","14":"taxable","15":"shipping-taxable","16":"purchasable","17":"product-type-simple"},"yoast_head":"<!-- This site is optimized with the Yoast SEO Premium plugin v27.4 (Yoast SEO v27.5) - https:\/\/yoast.com\/product\/yoast-seo-premium-wordpress\/ -->\n<title>Buy Heavy Duty Spray Head Valve Kit online at Access Truck Parts<\/title>\n<meta name=\"description\" content=\"Shop for Heavy Duty Spray Head Valve Kit with Access Truck Parts. We have the best prices on the market. Browse today!\" \/>\n<meta name=\"robots\" content=\"index, follow, max-snippet:-1, max-image-preview:large, max-video-preview:-1\" \/>\n<link rel=\"canonical\" href=\"https:\/\/accesstruckparts.com\/es\/producto\/kit-de-valvulas-para-cabezal-de-pulverizacion-de-alta-resistencia-2\/\" \/>\n<meta property=\"og:locale\" content=\"es_MX\" \/>\n<meta property=\"og:type\" content=\"article\" \/>\n<meta property=\"og:title\" content=\"Heavy Duty Spray Head Valve Kit\" \/>\n<meta property=\"og:description\" content=\"Shop for Heavy Duty Spray Head Valve Kit with Access Truck Parts. We have the best prices on the market. Browse today!\" \/>\n<meta property=\"og:url\" content=\"https:\/\/accesstruckparts.com\/es\/producto\/kit-de-valvulas-para-cabezal-de-pulverizacion-de-alta-resistencia-2\/\" \/>\n<meta property=\"og:site_name\" content=\"Access Truck Parts\" \/>\n<meta property=\"article:modified_time\" content=\"2026-05-11T14:33:51+00:00\" \/>\n<meta property=\"og:image\" content=\"https:\/\/accesstruckparts.com\/wp-content\/uploads\/2014\/04\/rebuildKit.jpg\" \/>\n\t<meta property=\"og:image:width\" content=\"1280\" \/>\n\t<meta property=\"og:image:height\" content=\"1280\" \/>\n\t<meta property=\"og:image:type\" content=\"image\/jpeg\" \/>\n<meta name=\"twitter:label1\" content=\"Precio\" \/>\n\t<meta name=\"twitter:data1\" content=\"&#036;87.50\" \/>\n\t<meta name=\"twitter:label2\" content=\"Disponibilidad\" \/>\n\t<meta name=\"twitter:data2\" content=\"Disponible\" \/>\n<script type=\"application\/ld+json\" class=\"yoast-schema-graph\">{\"@context\":\"https:\\\/\\\/schema.org\",\"@graph\":[{\"@type\":\"WebPage\",\"@id\":\"https:\\\/\\\/accesstruckparts.com\\\/product\\\/heavy-duty-spray-head-valve-kit\\\/\",\"url\":\"https:\\\/\\\/accesstruckparts.com\\\/product\\\/heavy-duty-spray-head-valve-kit\\\/\",\"name\":\"Buy Heavy Duty Spray Head Valve Kit online at Access Truck Parts\",\"isPartOf\":{\"@id\":\"https:\\\/\\\/accesstruckparts.com\\\/#website\"},\"primaryImageOfPage\":{\"@id\":\"https:\\\/\\\/accesstruckparts.com\\\/product\\\/heavy-duty-spray-head-valve-kit\\\/#primaryimage\"},\"image\":{\"@id\":\"https:\\\/\\\/accesstruckparts.com\\\/product\\\/heavy-duty-spray-head-valve-kit\\\/#primaryimage\"},\"thumbnailUrl\":\"https:\\\/\\\/accesstruckparts.com\\\/wp-content\\\/uploads\\\/2014\\\/04\\\/rebuildKit.jpg\",\"datePublished\":\"2017-07-05T04:51:40+00:00\",\"dateModified\":\"2026-05-11T14:33:51+00:00\",\"description\":\"Shop for Heavy Duty Spray Head Valve Kit with Access Truck Parts. We have the best prices on the market. Browse today!\",\"breadcrumb\":{\"@id\":\"https:\\\/\\\/accesstruckparts.com\\\/product\\\/heavy-duty-spray-head-valve-kit\\\/#breadcrumb\"},\"inLanguage\":\"es\",\"potentialAction\":[{\"@type\":\"ReadAction\",\"target\":[\"https:\\\/\\\/accesstruckparts.com\\\/product\\\/heavy-duty-spray-head-valve-kit\\\/\"]}]},{\"@type\":\"ImageObject\",\"inLanguage\":\"es\",\"@id\":\"https:\\\/\\\/accesstruckparts.com\\\/product\\\/heavy-duty-spray-head-valve-kit\\\/#primaryimage\",\"url\":\"https:\\\/\\\/accesstruckparts.com\\\/wp-content\\\/uploads\\\/2014\\\/04\\\/rebuildKit.jpg\",\"contentUrl\":\"https:\\\/\\\/accesstruckparts.com\\\/wp-content\\\/uploads\\\/2014\\\/04\\\/rebuildKit.jpg\",\"width\":1280,\"height\":1280},{\"@type\":\"BreadcrumbList\",\"@id\":\"https:\\\/\\\/accesstruckparts.com\\\/product\\\/heavy-duty-spray-head-valve-kit\\\/#breadcrumb\",\"itemListElement\":[{\"@type\":\"ListItem\",\"position\":1,\"name\":\"Home\",\"item\":\"https:\\\/\\\/accesstruckparts.com\\\/\"},{\"@type\":\"ListItem\",\"position\":2,\"name\":\"Parts\",\"item\":\"https:\\\/\\\/accesstruckparts.com\\\/parts\\\/\"},{\"@type\":\"ListItem\",\"position\":3,\"name\":\"Heavy Duty Spray Head Valve Kit\"}]},{\"@type\":\"WebSite\",\"@id\":\"https:\\\/\\\/accesstruckparts.com\\\/#website\",\"url\":\"https:\\\/\\\/accesstruckparts.com\\\/\",\"name\":\"Access Truck Parts\",\"description\":\"Your One Stop Water Truck Parts Solution.\",\"publisher\":{\"@id\":\"https:\\\/\\\/accesstruckparts.com\\\/#organization\"},\"potentialAction\":[{\"@type\":\"SearchAction\",\"target\":{\"@type\":\"EntryPoint\",\"urlTemplate\":\"https:\\\/\\\/accesstruckparts.com\\\/?s={search_term_string}\"},\"query-input\":{\"@type\":\"PropertyValueSpecification\",\"valueRequired\":true,\"valueName\":\"search_term_string\"}}],\"inLanguage\":\"es\"},{\"@type\":\"Organization\",\"@id\":\"https:\\\/\\\/accesstruckparts.com\\\/#organization\",\"name\":\"Access Truck Parts\",\"url\":\"https:\\\/\\\/accesstruckparts.com\\\/\",\"logo\":{\"@type\":\"ImageObject\",\"inLanguage\":\"es\",\"@id\":\"https:\\\/\\\/accesstruckparts.com\\\/#\\\/schema\\\/logo\\\/image\\\/\",\"url\":\"https:\\\/\\\/accesstruckparts.com\\\/wp-content\\\/uploads\\\/2018\\\/02\\\/ATP_logo_placeholder_2018.jpg\",\"contentUrl\":\"https:\\\/\\\/accesstruckparts.com\\\/wp-content\\\/uploads\\\/2018\\\/02\\\/ATP_logo_placeholder_2018.jpg\",\"width\":\"500\",\"height\":\"500\",\"caption\":\"Access Truck Parts\"},\"image\":{\"@id\":\"https:\\\/\\\/accesstruckparts.com\\\/#\\\/schema\\\/logo\\\/image\\\/\"}}]}<\/script>\n<meta property=\"product:price:amount\" content=\"87.50\" \/>\n<meta property=\"product:price:currency\" content=\"USD\" \/>\n<meta property=\"og:availability\" content=\"instock\" \/>\n<meta property=\"product:availability\" content=\"instock\" \/>\n<meta property=\"product:retailer_item_id\" content=\"1931-300KIT\" \/>\n<meta property=\"product:condition\" content=\"new\" \/>\n<!-- \/ Yoast SEO Premium plugin. -->","yoast_head_json":{"title":"Compre el kit de v\u00e1lvulas de cabezal de pulverizaci\u00f3n de alta resistencia en l\u00ednea en Access Truck Parts","description":"Compre el kit de v\u00e1lvulas para cabezales de pulverizaci\u00f3n de alta resistencia con Access Truck Parts. Tenemos los mejores precios del mercado. \u00a1Busque hoy mismo!","robots":{"index":"index","follow":"follow","max-snippet":"max-snippet:-1","max-image-preview":"max-image-preview:large","max-video-preview":"max-video-preview:-1"},"canonical":"https:\/\/accesstruckparts.com\/es\/producto\/kit-de-valvulas-para-cabezal-de-pulverizacion-de-alta-resistencia-2\/","og_locale":"es_MX","og_type":"article","og_title":"Heavy Duty Spray Head Valve Kit","og_description":"Shop for Heavy Duty Spray Head Valve Kit with Access Truck Parts. We have the best prices on the market. Browse today!","og_url":"https:\/\/accesstruckparts.com\/es\/producto\/kit-de-valvulas-para-cabezal-de-pulverizacion-de-alta-resistencia-2\/","og_site_name":"Access Truck Parts","article_modified_time":"2026-05-11T14:33:51+00:00","og_image":[{"width":1280,"height":1280,"url":"https:\/\/accesstruckparts.com\/wp-content\/uploads\/2014\/04\/rebuildKit.jpg","type":"image\/jpeg"}],"twitter_misc":{"Precio":"&#36;87.50","Disponibilidad":"Disponible"},"schema":{"@context":"https:\/\/schema.org","@graph":[{"@type":"WebPage","@id":"https:\/\/accesstruckparts.com\/product\/heavy-duty-spray-head-valve-kit\/","url":"https:\/\/accesstruckparts.com\/product\/heavy-duty-spray-head-valve-kit\/","name":"Compre el kit de v\u00e1lvulas de cabezal de pulverizaci\u00f3n de alta resistencia en l\u00ednea en Access Truck Parts","isPartOf":{"@id":"https:\/\/accesstruckparts.com\/#website"},"primaryImageOfPage":{"@id":"https:\/\/accesstruckparts.com\/product\/heavy-duty-spray-head-valve-kit\/#primaryimage"},"image":{"@id":"https:\/\/accesstruckparts.com\/product\/heavy-duty-spray-head-valve-kit\/#primaryimage"},"thumbnailUrl":"https:\/\/accesstruckparts.com\/wp-content\/uploads\/2014\/04\/rebuildKit.jpg","datePublished":"2017-07-05T04:51:40+00:00","dateModified":"2026-05-11T14:33:51+00:00","description":"Compre el kit de v\u00e1lvulas para cabezales de pulverizaci\u00f3n de alta resistencia con Access Truck Parts. Tenemos los mejores precios del mercado. \u00a1Busque hoy mismo!","breadcrumb":{"@id":"https:\/\/accesstruckparts.com\/product\/heavy-duty-spray-head-valve-kit\/#breadcrumb"},"inLanguage":"es","potentialAction":[{"@type":"ReadAction","target":["https:\/\/accesstruckparts.com\/product\/heavy-duty-spray-head-valve-kit\/"]}]},{"@type":"ImageObject","inLanguage":"es","@id":"https:\/\/accesstruckparts.com\/product\/heavy-duty-spray-head-valve-kit\/#primaryimage","url":"https:\/\/accesstruckparts.com\/wp-content\/uploads\/2014\/04\/rebuildKit.jpg","contentUrl":"https:\/\/accesstruckparts.com\/wp-content\/uploads\/2014\/04\/rebuildKit.jpg","width":1280,"height":1280},{"@type":"BreadcrumbList","@id":"https:\/\/accesstruckparts.com\/product\/heavy-duty-spray-head-valve-kit\/#breadcrumb","itemListElement":[{"@type":"ListItem","position":1,"name":"Home","item":"https:\/\/accesstruckparts.com\/"},{"@type":"ListItem","position":2,"name":"Parts","item":"https:\/\/accesstruckparts.com\/parts\/"},{"@type":"ListItem","position":3,"name":"Heavy Duty Spray Head Valve Kit"}]},{"@type":"WebSite","@id":"https:\/\/accesstruckparts.com\/#website","url":"https:\/\/accesstruckparts.com\/","name":"Piezas de camiones Access","description":"Su soluci\u00f3n \u00fanica de piezas para camiones de agua.","publisher":{"@id":"https:\/\/accesstruckparts.com\/#organization"},"potentialAction":[{"@type":"SearchAction","target":{"@type":"EntryPoint","urlTemplate":"https:\/\/accesstruckparts.com\/?s={search_term_string}"},"query-input":{"@type":"PropertyValueSpecification","valueRequired":true,"valueName":"search_term_string"}}],"inLanguage":"es"},{"@type":"Organization","@id":"https:\/\/accesstruckparts.com\/#organization","name":"Piezas de camiones Access","url":"https:\/\/accesstruckparts.com\/","logo":{"@type":"ImageObject","inLanguage":"es","@id":"https:\/\/accesstruckparts.com\/#\/schema\/logo\/image\/","url":"https:\/\/accesstruckparts.com\/wp-content\/uploads\/2018\/02\/ATP_logo_placeholder_2018.jpg","contentUrl":"https:\/\/accesstruckparts.com\/wp-content\/uploads\/2018\/02\/ATP_logo_placeholder_2018.jpg","width":"500","height":"500","caption":"Access Truck Parts"},"image":{"@id":"https:\/\/accesstruckparts.com\/#\/schema\/logo\/image\/"}}]},"product_price_amount":"87.50","product_price_currency":"USD","og_availability":"instock","product_availability":"instock","product_retailer_item_id":"1931-300KIT","product_condition":"new"},"_links":{"self":[{"href":"https:\/\/accesstruckparts.com\/es\/wp-json\/wp\/v2\/product\/3044","targetHints":{"allow":["GET"]}}],"collection":[{"href":"https:\/\/accesstruckparts.com\/es\/wp-json\/wp\/v2\/product"}],"about":[{"href":"https:\/\/accesstruckparts.com\/es\/wp-json\/wp\/v2\/types\/product"}],"wp:featuredmedia":[{"embeddable":true,"href":"https:\/\/accesstruckparts.com\/es\/wp-json\/wp\/v2\/media\/7795"}],"wp:attachment":[{"href":"https:\/\/accesstruckparts.com\/es\/wp-json\/wp\/v2\/media?parent=3044"}],"wp:term":[{"taxonomy":"product_brand","embeddable":true,"href":"https:\/\/accesstruckparts.com\/es\/wp-json\/wp\/v2\/product_brand?post=3044"},{"taxonomy":"product_cat","embeddable":true,"href":"https:\/\/accesstruckparts.com\/es\/wp-json\/wp\/v2\/product_cat?post=3044"},{"taxonomy":"product_tag","embeddable":true,"href":"https:\/\/accesstruckparts.com\/es\/wp-json\/wp\/v2\/product_tag?post=3044"}],"curies":[{"name":"wp","href":"https:\/\/api.w.org\/{rel}","templated":true}]}}