{"id":24385,"date":"2018-10-19T08:45:36","date_gmt":"2018-10-19T15:45:36","guid":{"rendered":"https:\/\/accesstruckparts.com\/?post_type=product&#038;p=24385"},"modified":"2026-04-04T20:18:32","modified_gmt":"2026-04-05T03:18:32","slug":"valvula-de-mariposa-actuador-aire-abierto-cerrado-2","status":"publish","type":"product","link":"https:\/\/accesstruckparts.com\/es\/product\/butterfly-valve-actuator-air-open-close\/","title":{"rendered":"Actuador de v\u00e1lvula de mariposa (apertura\/cierre por aire)"},"content":{"rendered":"<p>Estos actuadores de v\u00e1lvulas de mariposa de accionamiento neum\u00e1tico vienen en versi\u00f3n de apertura\/cierre por aire, y <a href=\"https:\/\/accesstruckparts.com\/es\/producto\/valvula-de-mariposa-actuador-respuesta\/\" class=\"productLink\">Aire abierto\/retorno por muelle<\/a> variedades, utilizadas para el funcionamiento a distancia de las v\u00e1lvulas de mariposa en l\u00ednea. <\/p>","protected":false},"excerpt":{"rendered":"<p>Actuador de v\u00e1lvula de mariposa de apertura\/cierre por aire<\/p>","protected":false},"featured_media":24397,"template":"","meta":[],"product_brand":[],"product_cat":[99],"product_tag":[189,269,272,198,233,205],"class_list":{"0":"post-24385","1":"product","2":"type-product","3":"status-publish","4":"has-post-thumbnail","6":"product_cat-air-butterfly-valves","7":"product_tag-3-inch","8":"product_tag-269","9":"product_tag-272","10":"product_tag-air-control","11":"product_tag-butterfly-valve","12":"product_tag-inline-valve","14":"first","15":"instock","16":"taxable","17":"shipping-taxable","18":"product-type-variable"},"yoast_head":"<!-- This site is optimized with the Yoast SEO Premium plugin v27.3 (Yoast SEO v27.3) - https:\/\/yoast.com\/product\/yoast-seo-premium-wordpress\/ -->\n<title>Buy Butterfly Valve Actuator (Air Open\/Close) online at Access Truck Parts<\/title>\n<meta name=\"description\" content=\"Shop for Butterfly Valve Actuator (Air Open\/Close) with Access Truck Parts. We have the best prices on the market. Browse today!\" \/>\n<meta name=\"robots\" content=\"index, follow, max-snippet:-1, max-image-preview:large, max-video-preview:-1\" \/>\n<link rel=\"canonical\" href=\"https:\/\/accesstruckparts.com\/es\/producto\/valvula-de-mariposa-actuador-aire-abierto-cerrado-2\/\" \/>\n<meta property=\"og:locale\" content=\"es_MX\" \/>\n<meta property=\"og:type\" content=\"article\" \/>\n<meta property=\"og:title\" content=\"Butterfly Valve Actuator (Air Open\/Close)\" \/>\n<meta property=\"og:description\" content=\"Shop for Butterfly Valve Actuator (Air Open\/Close) with Access Truck Parts. We have the best prices on the market. Browse today!\" \/>\n<meta property=\"og:url\" content=\"https:\/\/accesstruckparts.com\/es\/producto\/valvula-de-mariposa-actuador-aire-abierto-cerrado-2\/\" \/>\n<meta property=\"og:site_name\" content=\"Access Truck Parts\" \/>\n<meta property=\"article:modified_time\" content=\"2026-04-05T03:18:32+00:00\" \/>\n<meta property=\"og:image\" content=\"https:\/\/accesstruckparts.com\/wp-content\/uploads\/2018\/10\/1731B-AA_Actuator-Butterfly-Valve-Air-Air_Side-1200x1200-sRGB.jpg\" \/>\n\t<meta property=\"og:image:width\" content=\"1200\" \/>\n\t<meta property=\"og:image:height\" content=\"1200\" \/>\n\t<meta property=\"og:image:type\" content=\"image\/jpeg\" \/>\n<meta name=\"twitter:label1\" content=\"Disponibilidad\" \/>\n\t<meta name=\"twitter:data1\" content=\"Disponible\" \/>\n<script type=\"application\/ld+json\" class=\"yoast-schema-graph\">{\"@context\":\"https:\\\/\\\/schema.org\",\"@graph\":[{\"@type\":\"WebPage\",\"@id\":\"https:\\\/\\\/accesstruckparts.com\\\/product\\\/butterfly-valve-actuator-air-open-close\\\/\",\"url\":\"https:\\\/\\\/accesstruckparts.com\\\/product\\\/butterfly-valve-actuator-air-open-close\\\/\",\"name\":\"Buy Butterfly Valve Actuator (Air Open\\\/Close) online at Access Truck Parts\",\"isPartOf\":{\"@id\":\"https:\\\/\\\/accesstruckparts.com\\\/#website\"},\"primaryImageOfPage\":{\"@id\":\"https:\\\/\\\/accesstruckparts.com\\\/product\\\/butterfly-valve-actuator-air-open-close\\\/#primaryimage\"},\"image\":{\"@id\":\"https:\\\/\\\/accesstruckparts.com\\\/product\\\/butterfly-valve-actuator-air-open-close\\\/#primaryimage\"},\"thumbnailUrl\":\"https:\\\/\\\/accesstruckparts.com\\\/wp-content\\\/uploads\\\/2018\\\/10\\\/1731B-AA_Actuator-Butterfly-Valve-Air-Air_Side-1200x1200-sRGB.jpg\",\"datePublished\":\"2018-10-19T15:45:36+00:00\",\"dateModified\":\"2026-04-05T03:18:32+00:00\",\"description\":\"Shop for Butterfly Valve Actuator (Air Open\\\/Close) with Access Truck Parts. We have the best prices on the market. Browse today!\",\"breadcrumb\":{\"@id\":\"https:\\\/\\\/accesstruckparts.com\\\/product\\\/butterfly-valve-actuator-air-open-close\\\/#breadcrumb\"},\"inLanguage\":\"es\",\"potentialAction\":[{\"@type\":\"ReadAction\",\"target\":[\"https:\\\/\\\/accesstruckparts.com\\\/product\\\/butterfly-valve-actuator-air-open-close\\\/\"]}]},{\"@type\":\"ImageObject\",\"inLanguage\":\"es\",\"@id\":\"https:\\\/\\\/accesstruckparts.com\\\/product\\\/butterfly-valve-actuator-air-open-close\\\/#primaryimage\",\"url\":\"https:\\\/\\\/accesstruckparts.com\\\/wp-content\\\/uploads\\\/2018\\\/10\\\/1731B-AA_Actuator-Butterfly-Valve-Air-Air_Side-1200x1200-sRGB.jpg\",\"contentUrl\":\"https:\\\/\\\/accesstruckparts.com\\\/wp-content\\\/uploads\\\/2018\\\/10\\\/1731B-AA_Actuator-Butterfly-Valve-Air-Air_Side-1200x1200-sRGB.jpg\",\"width\":1200,\"height\":1200},{\"@type\":\"BreadcrumbList\",\"@id\":\"https:\\\/\\\/accesstruckparts.com\\\/product\\\/butterfly-valve-actuator-air-open-close\\\/#breadcrumb\",\"itemListElement\":[{\"@type\":\"ListItem\",\"position\":1,\"name\":\"Home\",\"item\":\"https:\\\/\\\/accesstruckparts.com\\\/\"},{\"@type\":\"ListItem\",\"position\":2,\"name\":\"Parts\",\"item\":\"https:\\\/\\\/accesstruckparts.com\\\/parts\\\/\"},{\"@type\":\"ListItem\",\"position\":3,\"name\":\"Butterfly Valve Actuator (Air Open\\\/Close)\"}]},{\"@type\":\"WebSite\",\"@id\":\"https:\\\/\\\/accesstruckparts.com\\\/#website\",\"url\":\"https:\\\/\\\/accesstruckparts.com\\\/\",\"name\":\"Access Truck Parts\",\"description\":\"Your One Stop Water Truck Parts Solution.\",\"publisher\":{\"@id\":\"https:\\\/\\\/accesstruckparts.com\\\/#organization\"},\"potentialAction\":[{\"@type\":\"SearchAction\",\"target\":{\"@type\":\"EntryPoint\",\"urlTemplate\":\"https:\\\/\\\/accesstruckparts.com\\\/?s={search_term_string}\"},\"query-input\":{\"@type\":\"PropertyValueSpecification\",\"valueRequired\":true,\"valueName\":\"search_term_string\"}}],\"inLanguage\":\"es\"},{\"@type\":\"Organization\",\"@id\":\"https:\\\/\\\/accesstruckparts.com\\\/#organization\",\"name\":\"Access Truck Parts\",\"url\":\"https:\\\/\\\/accesstruckparts.com\\\/\",\"logo\":{\"@type\":\"ImageObject\",\"inLanguage\":\"es\",\"@id\":\"https:\\\/\\\/accesstruckparts.com\\\/#\\\/schema\\\/logo\\\/image\\\/\",\"url\":\"https:\\\/\\\/accesstruckparts.com\\\/wp-content\\\/uploads\\\/2018\\\/02\\\/ATP_logo_placeholder_2018.jpg\",\"contentUrl\":\"https:\\\/\\\/accesstruckparts.com\\\/wp-content\\\/uploads\\\/2018\\\/02\\\/ATP_logo_placeholder_2018.jpg\",\"width\":\"500\",\"height\":\"500\",\"caption\":\"Access Truck Parts\"},\"image\":{\"@id\":\"https:\\\/\\\/accesstruckparts.com\\\/#\\\/schema\\\/logo\\\/image\\\/\"}}]}<\/script>\n<meta property=\"og:availability\" content=\"instock\" \/>\n<meta property=\"product:availability\" content=\"instock\" \/>\n<meta property=\"product:retailer_item_id\" content=\"1731B-AA\" \/>\n<meta property=\"product:condition\" content=\"new\" \/>\n<!-- \/ Yoast SEO Premium plugin. -->","yoast_head_json":{"title":"Compre el actuador de la v\u00e1lvula de mariposa (apertura\/cierre por aire) en l\u00ednea en Access Truck Parts","description":"Compre el actuador de la v\u00e1lvula de mariposa (apertura\/cierre por aire) con Access Truck Parts. Tenemos los mejores precios del mercado. \u00a1Busque hoy mismo!","robots":{"index":"index","follow":"follow","max-snippet":"max-snippet:-1","max-image-preview":"max-image-preview:large","max-video-preview":"max-video-preview:-1"},"canonical":"https:\/\/accesstruckparts.com\/es\/producto\/valvula-de-mariposa-actuador-aire-abierto-cerrado-2\/","og_locale":"es_MX","og_type":"article","og_title":"Butterfly Valve Actuator (Air Open\/Close)","og_description":"Shop for Butterfly Valve Actuator (Air Open\/Close) with Access Truck Parts. We have the best prices on the market. Browse today!","og_url":"https:\/\/accesstruckparts.com\/es\/producto\/valvula-de-mariposa-actuador-aire-abierto-cerrado-2\/","og_site_name":"Access Truck Parts","article_modified_time":"2026-04-05T03:18:32+00:00","og_image":[{"width":1200,"height":1200,"url":"https:\/\/accesstruckparts.com\/wp-content\/uploads\/2018\/10\/1731B-AA_Actuator-Butterfly-Valve-Air-Air_Side-1200x1200-sRGB.jpg","type":"image\/jpeg"}],"twitter_misc":{"Disponibilidad":"Disponible"},"schema":{"@context":"https:\/\/schema.org","@graph":[{"@type":"WebPage","@id":"https:\/\/accesstruckparts.com\/product\/butterfly-valve-actuator-air-open-close\/","url":"https:\/\/accesstruckparts.com\/product\/butterfly-valve-actuator-air-open-close\/","name":"Compre el actuador de la v\u00e1lvula de mariposa (apertura\/cierre por aire) en l\u00ednea en Access Truck Parts","isPartOf":{"@id":"https:\/\/accesstruckparts.com\/#website"},"primaryImageOfPage":{"@id":"https:\/\/accesstruckparts.com\/product\/butterfly-valve-actuator-air-open-close\/#primaryimage"},"image":{"@id":"https:\/\/accesstruckparts.com\/product\/butterfly-valve-actuator-air-open-close\/#primaryimage"},"thumbnailUrl":"https:\/\/accesstruckparts.com\/wp-content\/uploads\/2018\/10\/1731B-AA_Actuator-Butterfly-Valve-Air-Air_Side-1200x1200-sRGB.jpg","datePublished":"2018-10-19T15:45:36+00:00","dateModified":"2026-04-05T03:18:32+00:00","description":"Compre el actuador de la v\u00e1lvula de mariposa (apertura\/cierre por aire) con Access Truck Parts. Tenemos los mejores precios del mercado. \u00a1Busque hoy mismo!","breadcrumb":{"@id":"https:\/\/accesstruckparts.com\/product\/butterfly-valve-actuator-air-open-close\/#breadcrumb"},"inLanguage":"es","potentialAction":[{"@type":"ReadAction","target":["https:\/\/accesstruckparts.com\/product\/butterfly-valve-actuator-air-open-close\/"]}]},{"@type":"ImageObject","inLanguage":"es","@id":"https:\/\/accesstruckparts.com\/product\/butterfly-valve-actuator-air-open-close\/#primaryimage","url":"https:\/\/accesstruckparts.com\/wp-content\/uploads\/2018\/10\/1731B-AA_Actuator-Butterfly-Valve-Air-Air_Side-1200x1200-sRGB.jpg","contentUrl":"https:\/\/accesstruckparts.com\/wp-content\/uploads\/2018\/10\/1731B-AA_Actuator-Butterfly-Valve-Air-Air_Side-1200x1200-sRGB.jpg","width":1200,"height":1200},{"@type":"BreadcrumbList","@id":"https:\/\/accesstruckparts.com\/product\/butterfly-valve-actuator-air-open-close\/#breadcrumb","itemListElement":[{"@type":"ListItem","position":1,"name":"Home","item":"https:\/\/accesstruckparts.com\/"},{"@type":"ListItem","position":2,"name":"Parts","item":"https:\/\/accesstruckparts.com\/parts\/"},{"@type":"ListItem","position":3,"name":"Butterfly Valve Actuator (Air Open\/Close)"}]},{"@type":"WebSite","@id":"https:\/\/accesstruckparts.com\/#website","url":"https:\/\/accesstruckparts.com\/","name":"Piezas de camiones Access","description":"Su soluci\u00f3n \u00fanica de piezas para camiones de agua.","publisher":{"@id":"https:\/\/accesstruckparts.com\/#organization"},"potentialAction":[{"@type":"SearchAction","target":{"@type":"EntryPoint","urlTemplate":"https:\/\/accesstruckparts.com\/?s={search_term_string}"},"query-input":{"@type":"PropertyValueSpecification","valueRequired":true,"valueName":"search_term_string"}}],"inLanguage":"es"},{"@type":"Organization","@id":"https:\/\/accesstruckparts.com\/#organization","name":"Piezas de camiones Access","url":"https:\/\/accesstruckparts.com\/","logo":{"@type":"ImageObject","inLanguage":"es","@id":"https:\/\/accesstruckparts.com\/#\/schema\/logo\/image\/","url":"https:\/\/accesstruckparts.com\/wp-content\/uploads\/2018\/02\/ATP_logo_placeholder_2018.jpg","contentUrl":"https:\/\/accesstruckparts.com\/wp-content\/uploads\/2018\/02\/ATP_logo_placeholder_2018.jpg","width":"500","height":"500","caption":"Access Truck Parts"},"image":{"@id":"https:\/\/accesstruckparts.com\/#\/schema\/logo\/image\/"}}]},"og_availability":"instock","product_availability":"instock","product_retailer_item_id":"1731B-AA","product_condition":"new"},"_links":{"self":[{"href":"https:\/\/accesstruckparts.com\/es\/wp-json\/wp\/v2\/product\/24385","targetHints":{"allow":["GET"]}}],"collection":[{"href":"https:\/\/accesstruckparts.com\/es\/wp-json\/wp\/v2\/product"}],"about":[{"href":"https:\/\/accesstruckparts.com\/es\/wp-json\/wp\/v2\/types\/product"}],"wp:featuredmedia":[{"embeddable":true,"href":"https:\/\/accesstruckparts.com\/es\/wp-json\/wp\/v2\/media\/24397"}],"wp:attachment":[{"href":"https:\/\/accesstruckparts.com\/es\/wp-json\/wp\/v2\/media?parent=24385"}],"wp:term":[{"taxonomy":"product_brand","embeddable":true,"href":"https:\/\/accesstruckparts.com\/es\/wp-json\/wp\/v2\/product_brand?post=24385"},{"taxonomy":"product_cat","embeddable":true,"href":"https:\/\/accesstruckparts.com\/es\/wp-json\/wp\/v2\/product_cat?post=24385"},{"taxonomy":"product_tag","embeddable":true,"href":"https:\/\/accesstruckparts.com\/es\/wp-json\/wp\/v2\/product_tag?post=24385"}],"curies":[{"name":"wp","href":"https:\/\/api.w.org\/{rel}","templated":true}]}}