{"id":19406,"date":"2018-06-05T11:32:07","date_gmt":"2018-06-05T18:32:07","guid":{"rendered":"https:\/\/accesstruckparts.com\/?post_type=product&#038;p=19406"},"modified":"2026-04-03T11:40:53","modified_gmt":"2026-04-03T18:40:53","slug":"valvula-roscada-en-linea-de-acero","status":"publish","type":"product","link":"https:\/\/accesstruckparts.com\/es\/product\/threaded-inline-valve-steel\/","title":{"rendered":"V\u00e1lvula roscada en l\u00ednea (acero)"},"content":{"rendered":"<p>Nuestras v\u00e1lvulas en l\u00ednea con rosca NPT estilo CLA se utilizan para controlar el flujo de agua a <a class=\"productLink\" href=\"https:\/\/accesstruckparts.com\/es\/producto\/conjunto-de-valvula-roscada-deflector\/\">Deflector<\/a>, <a class=\"productLink\" href=\"https:\/\/accesstruckparts.com\/es\/producto\/ensamblaje-de-la-valvula-roscada-pulverizacion-lateral\/\">Spray lateral<\/a> y otras cabezas rociadoras de estilo. Una presi\u00f3n de aire de funcionamiento est\u00e1ndar de 100-120psi deber\u00eda ser suficiente para mantener esta v\u00e1lvula cerrada, dependiendo del tipo de bomba de agua que est\u00e9 utilizando. Tap\u00f3n inferior incluido.<\/p>\n<p>Esta v\u00e1lvula requiere una <a class=\"productLink\" href=\"https:\/\/accesstruckparts.com\/es\/categoria-de-producto\/cab-controls-air-fittings\/racores-para-mangueras-de-aire\/\">Racor de manguera de aire de 1\/4\u2033.<\/a> para operar (no se incluye).<\/p>\n<p>\u00bfEst\u00e1 haciendo una reconstrucci\u00f3n\/reparaci\u00f3n y s\u00f3lo necesita algunas de las piezas? Consulte nuestra <a class=\"productLink\" href=\"https:\/\/accesstruckparts.com\/es\/producto\/kit-de-valvulas-estilo-cla\/\">Kit de reparaci\u00f3n de v\u00e1lvulas estilo CLA<\/a>.<\/p>","protected":false},"excerpt":{"rendered":"<p>V\u00e1lvula roscada en l\u00ednea (acero)<\/p>","protected":false},"featured_media":54699,"template":"","meta":[],"product_brand":[],"product_cat":[165],"product_tag":[241,189,321,317,291,192],"class_list":{"0":"post-19406","1":"product","2":"type-product","3":"status-publish","4":"has-post-thumbnail","6":"product_cat-air-operated-valves","7":"product_tag-2-5","8":"product_tag-3-inch","9":"product_tag-air-to-close","10":"product_tag-cla-style","11":"product_tag-npt","12":"product_tag-threaded","14":"first","15":"instock","16":"taxable","17":"shipping-taxable","18":"product-type-variable"},"yoast_head":"<!-- This site is optimized with the Yoast SEO Premium plugin v27.3 (Yoast SEO v27.3) - https:\/\/yoast.com\/product\/yoast-seo-premium-wordpress\/ -->\n<title>Buy Threaded Inline Valve (Steel) online at Access Truck Parts<\/title>\n<meta name=\"description\" content=\"Shop for Threaded Inline Valve (Steel) with Access Truck Parts. We have the best prices on the market. Browse today!\" \/>\n<meta name=\"robots\" content=\"index, follow, max-snippet:-1, max-image-preview:large, max-video-preview:-1\" \/>\n<link rel=\"canonical\" href=\"https:\/\/accesstruckparts.com\/es\/producto\/valvula-roscada-en-linea-de-acero\/\" \/>\n<meta property=\"og:locale\" content=\"es_MX\" \/>\n<meta property=\"og:type\" content=\"article\" \/>\n<meta property=\"og:title\" content=\"Threaded Inline Valve (Steel)\" \/>\n<meta property=\"og:description\" content=\"Shop for Threaded Inline Valve (Steel) with Access Truck Parts. We have the best prices on the market. Browse today!\" \/>\n<meta property=\"og:url\" content=\"https:\/\/accesstruckparts.com\/es\/producto\/valvula-roscada-en-linea-de-acero\/\" \/>\n<meta property=\"og:site_name\" content=\"Access Truck Parts\" \/>\n<meta property=\"article:modified_time\" content=\"2026-04-03T18:40:53+00:00\" \/>\n<meta property=\"og:image\" content=\"https:\/\/accesstruckparts.com\/wp-content\/uploads\/2018\/06\/171-_CLA-Valve-Threaded_1200x1200-sRGB-02.png\" \/>\n\t<meta property=\"og:image:width\" content=\"1200\" \/>\n\t<meta property=\"og:image:height\" content=\"1200\" \/>\n\t<meta property=\"og:image:type\" content=\"image\/png\" \/>\n<meta name=\"twitter:label1\" content=\"Disponibilidad\" \/>\n\t<meta name=\"twitter:data1\" content=\"Disponible\" \/>\n<script type=\"application\/ld+json\" class=\"yoast-schema-graph\">{\"@context\":\"https:\\\/\\\/schema.org\",\"@graph\":[{\"@type\":\"WebPage\",\"@id\":\"https:\\\/\\\/accesstruckparts.com\\\/product\\\/threaded-inline-valve-steel\\\/\",\"url\":\"https:\\\/\\\/accesstruckparts.com\\\/product\\\/threaded-inline-valve-steel\\\/\",\"name\":\"Buy Threaded Inline Valve (Steel) online at Access Truck Parts\",\"isPartOf\":{\"@id\":\"https:\\\/\\\/accesstruckparts.com\\\/#website\"},\"primaryImageOfPage\":{\"@id\":\"https:\\\/\\\/accesstruckparts.com\\\/product\\\/threaded-inline-valve-steel\\\/#primaryimage\"},\"image\":{\"@id\":\"https:\\\/\\\/accesstruckparts.com\\\/product\\\/threaded-inline-valve-steel\\\/#primaryimage\"},\"thumbnailUrl\":\"https:\\\/\\\/accesstruckparts.com\\\/wp-content\\\/uploads\\\/2018\\\/06\\\/171-_CLA-Valve-Threaded_1200x1200-sRGB-02.png\",\"datePublished\":\"2018-06-05T18:32:07+00:00\",\"dateModified\":\"2026-04-03T18:40:53+00:00\",\"description\":\"Shop for Threaded Inline Valve (Steel) with Access Truck Parts. We have the best prices on the market. Browse today!\",\"breadcrumb\":{\"@id\":\"https:\\\/\\\/accesstruckparts.com\\\/product\\\/threaded-inline-valve-steel\\\/#breadcrumb\"},\"inLanguage\":\"es\",\"potentialAction\":[{\"@type\":\"ReadAction\",\"target\":[\"https:\\\/\\\/accesstruckparts.com\\\/product\\\/threaded-inline-valve-steel\\\/\"]}]},{\"@type\":\"ImageObject\",\"inLanguage\":\"es\",\"@id\":\"https:\\\/\\\/accesstruckparts.com\\\/product\\\/threaded-inline-valve-steel\\\/#primaryimage\",\"url\":\"https:\\\/\\\/accesstruckparts.com\\\/wp-content\\\/uploads\\\/2018\\\/06\\\/171-_CLA-Valve-Threaded_1200x1200-sRGB-02.png\",\"contentUrl\":\"https:\\\/\\\/accesstruckparts.com\\\/wp-content\\\/uploads\\\/2018\\\/06\\\/171-_CLA-Valve-Threaded_1200x1200-sRGB-02.png\",\"width\":1200,\"height\":1200},{\"@type\":\"BreadcrumbList\",\"@id\":\"https:\\\/\\\/accesstruckparts.com\\\/product\\\/threaded-inline-valve-steel\\\/#breadcrumb\",\"itemListElement\":[{\"@type\":\"ListItem\",\"position\":1,\"name\":\"Home\",\"item\":\"https:\\\/\\\/accesstruckparts.com\\\/\"},{\"@type\":\"ListItem\",\"position\":2,\"name\":\"Parts\",\"item\":\"https:\\\/\\\/accesstruckparts.com\\\/parts\\\/\"},{\"@type\":\"ListItem\",\"position\":3,\"name\":\"Threaded Inline Valve (Steel)\"}]},{\"@type\":\"WebSite\",\"@id\":\"https:\\\/\\\/accesstruckparts.com\\\/#website\",\"url\":\"https:\\\/\\\/accesstruckparts.com\\\/\",\"name\":\"Access Truck Parts\",\"description\":\"Your One Stop Water Truck Parts Solution.\",\"publisher\":{\"@id\":\"https:\\\/\\\/accesstruckparts.com\\\/#organization\"},\"potentialAction\":[{\"@type\":\"SearchAction\",\"target\":{\"@type\":\"EntryPoint\",\"urlTemplate\":\"https:\\\/\\\/accesstruckparts.com\\\/?s={search_term_string}\"},\"query-input\":{\"@type\":\"PropertyValueSpecification\",\"valueRequired\":true,\"valueName\":\"search_term_string\"}}],\"inLanguage\":\"es\"},{\"@type\":\"Organization\",\"@id\":\"https:\\\/\\\/accesstruckparts.com\\\/#organization\",\"name\":\"Access Truck Parts\",\"url\":\"https:\\\/\\\/accesstruckparts.com\\\/\",\"logo\":{\"@type\":\"ImageObject\",\"inLanguage\":\"es\",\"@id\":\"https:\\\/\\\/accesstruckparts.com\\\/#\\\/schema\\\/logo\\\/image\\\/\",\"url\":\"https:\\\/\\\/accesstruckparts.com\\\/wp-content\\\/uploads\\\/2018\\\/02\\\/ATP_logo_placeholder_2018.jpg\",\"contentUrl\":\"https:\\\/\\\/accesstruckparts.com\\\/wp-content\\\/uploads\\\/2018\\\/02\\\/ATP_logo_placeholder_2018.jpg\",\"width\":\"500\",\"height\":\"500\",\"caption\":\"Access Truck Parts\"},\"image\":{\"@id\":\"https:\\\/\\\/accesstruckparts.com\\\/#\\\/schema\\\/logo\\\/image\\\/\"}}]}<\/script>\n<meta property=\"og:availability\" content=\"instock\" \/>\n<meta property=\"product:availability\" content=\"instock\" \/>\n<meta property=\"product:retailer_item_id\" content=\"171-\" \/>\n<meta property=\"product:condition\" content=\"new\" \/>\n<!-- \/ Yoast SEO Premium plugin. -->","yoast_head_json":{"title":"Comprar v\u00e1lvula roscada en l\u00ednea (acero) en Access Truck Parts","description":"Compre la v\u00e1lvula roscada en l\u00ednea (acero) con Access Truck Parts. Tenemos los mejores precios del mercado. \u00a1Busque hoy mismo!","robots":{"index":"index","follow":"follow","max-snippet":"max-snippet:-1","max-image-preview":"max-image-preview:large","max-video-preview":"max-video-preview:-1"},"canonical":"https:\/\/accesstruckparts.com\/es\/producto\/valvula-roscada-en-linea-de-acero\/","og_locale":"es_MX","og_type":"article","og_title":"Threaded Inline Valve (Steel)","og_description":"Shop for Threaded Inline Valve (Steel) with Access Truck Parts. We have the best prices on the market. Browse today!","og_url":"https:\/\/accesstruckparts.com\/es\/producto\/valvula-roscada-en-linea-de-acero\/","og_site_name":"Access Truck Parts","article_modified_time":"2026-04-03T18:40:53+00:00","og_image":[{"width":1200,"height":1200,"url":"https:\/\/accesstruckparts.com\/wp-content\/uploads\/2018\/06\/171-_CLA-Valve-Threaded_1200x1200-sRGB-02.png","type":"image\/png"}],"twitter_misc":{"Disponibilidad":"Disponible"},"schema":{"@context":"https:\/\/schema.org","@graph":[{"@type":"WebPage","@id":"https:\/\/accesstruckparts.com\/product\/threaded-inline-valve-steel\/","url":"https:\/\/accesstruckparts.com\/product\/threaded-inline-valve-steel\/","name":"Comprar v\u00e1lvula roscada en l\u00ednea (acero) en Access Truck Parts","isPartOf":{"@id":"https:\/\/accesstruckparts.com\/#website"},"primaryImageOfPage":{"@id":"https:\/\/accesstruckparts.com\/product\/threaded-inline-valve-steel\/#primaryimage"},"image":{"@id":"https:\/\/accesstruckparts.com\/product\/threaded-inline-valve-steel\/#primaryimage"},"thumbnailUrl":"https:\/\/accesstruckparts.com\/wp-content\/uploads\/2018\/06\/171-_CLA-Valve-Threaded_1200x1200-sRGB-02.png","datePublished":"2018-06-05T18:32:07+00:00","dateModified":"2026-04-03T18:40:53+00:00","description":"Compre la v\u00e1lvula roscada en l\u00ednea (acero) con Access Truck Parts. Tenemos los mejores precios del mercado. \u00a1Busque hoy mismo!","breadcrumb":{"@id":"https:\/\/accesstruckparts.com\/product\/threaded-inline-valve-steel\/#breadcrumb"},"inLanguage":"es","potentialAction":[{"@type":"ReadAction","target":["https:\/\/accesstruckparts.com\/product\/threaded-inline-valve-steel\/"]}]},{"@type":"ImageObject","inLanguage":"es","@id":"https:\/\/accesstruckparts.com\/product\/threaded-inline-valve-steel\/#primaryimage","url":"https:\/\/accesstruckparts.com\/wp-content\/uploads\/2018\/06\/171-_CLA-Valve-Threaded_1200x1200-sRGB-02.png","contentUrl":"https:\/\/accesstruckparts.com\/wp-content\/uploads\/2018\/06\/171-_CLA-Valve-Threaded_1200x1200-sRGB-02.png","width":1200,"height":1200},{"@type":"BreadcrumbList","@id":"https:\/\/accesstruckparts.com\/product\/threaded-inline-valve-steel\/#breadcrumb","itemListElement":[{"@type":"ListItem","position":1,"name":"Home","item":"https:\/\/accesstruckparts.com\/"},{"@type":"ListItem","position":2,"name":"Parts","item":"https:\/\/accesstruckparts.com\/parts\/"},{"@type":"ListItem","position":3,"name":"Threaded Inline Valve (Steel)"}]},{"@type":"WebSite","@id":"https:\/\/accesstruckparts.com\/#website","url":"https:\/\/accesstruckparts.com\/","name":"Piezas de camiones Access","description":"Su soluci\u00f3n \u00fanica de piezas para camiones de agua.","publisher":{"@id":"https:\/\/accesstruckparts.com\/#organization"},"potentialAction":[{"@type":"SearchAction","target":{"@type":"EntryPoint","urlTemplate":"https:\/\/accesstruckparts.com\/?s={search_term_string}"},"query-input":{"@type":"PropertyValueSpecification","valueRequired":true,"valueName":"search_term_string"}}],"inLanguage":"es"},{"@type":"Organization","@id":"https:\/\/accesstruckparts.com\/#organization","name":"Piezas de camiones Access","url":"https:\/\/accesstruckparts.com\/","logo":{"@type":"ImageObject","inLanguage":"es","@id":"https:\/\/accesstruckparts.com\/#\/schema\/logo\/image\/","url":"https:\/\/accesstruckparts.com\/wp-content\/uploads\/2018\/02\/ATP_logo_placeholder_2018.jpg","contentUrl":"https:\/\/accesstruckparts.com\/wp-content\/uploads\/2018\/02\/ATP_logo_placeholder_2018.jpg","width":"500","height":"500","caption":"Access Truck Parts"},"image":{"@id":"https:\/\/accesstruckparts.com\/#\/schema\/logo\/image\/"}}]},"og_availability":"instock","product_availability":"instock","product_retailer_item_id":"171-","product_condition":"new"},"_links":{"self":[{"href":"https:\/\/accesstruckparts.com\/es\/wp-json\/wp\/v2\/product\/19406","targetHints":{"allow":["GET"]}}],"collection":[{"href":"https:\/\/accesstruckparts.com\/es\/wp-json\/wp\/v2\/product"}],"about":[{"href":"https:\/\/accesstruckparts.com\/es\/wp-json\/wp\/v2\/types\/product"}],"wp:featuredmedia":[{"embeddable":true,"href":"https:\/\/accesstruckparts.com\/es\/wp-json\/wp\/v2\/media\/54699"}],"wp:attachment":[{"href":"https:\/\/accesstruckparts.com\/es\/wp-json\/wp\/v2\/media?parent=19406"}],"wp:term":[{"taxonomy":"product_brand","embeddable":true,"href":"https:\/\/accesstruckparts.com\/es\/wp-json\/wp\/v2\/product_brand?post=19406"},{"taxonomy":"product_cat","embeddable":true,"href":"https:\/\/accesstruckparts.com\/es\/wp-json\/wp\/v2\/product_cat?post=19406"},{"taxonomy":"product_tag","embeddable":true,"href":"https:\/\/accesstruckparts.com\/es\/wp-json\/wp\/v2\/product_tag?post=19406"}],"curies":[{"name":"wp","href":"https:\/\/api.w.org\/{rel}","templated":true}]}}