{"id":185606,"date":"2023-05-26T13:09:34","date_gmt":"2023-05-26T20:09:34","guid":{"rendered":"https:\/\/accesstruckparts.com\/?post_type=product&#038;p=185606"},"modified":"2026-04-21T02:22:31","modified_gmt":"2026-04-21T09:22:31","slug":"tempest-cannon-control-valve","status":"publish","type":"product","link":"https:\/\/accesstruckparts.com\/es\/product\/tempest-cannon-control-valve\/","title":{"rendered":"V\u00e1lvula de control del ca\u00f1\u00f3n Tempest de 3\u2033."},"content":{"rendered":"<p>Esta v\u00e1lvula de mariposa el\u00e9ctrica sobre aire \/ de retorno por muelle de 3\u2033 se empareja con nuestro ca\u00f1\u00f3n de agua Tempest para permitir el control del caudal directamente desde el joystick. El paso de aire al solenoide se controla electr\u00f3nicamente desde el Tempest para abrir la v\u00e1lvula a demanda.<\/p>","protected":false},"excerpt":{"rendered":"<p>V\u00e1lvula de mariposa el\u00e9ctrica sobre aire \/ de retorno por muelle Tempest de 3\u2033<\/p>","protected":false},"featured_media":185607,"template":"","meta":[],"product_brand":[],"product_cat":[79],"product_tag":[353,233,227],"class_list":{"0":"post-185606","1":"product","2":"type-product","3":"status-publish","4":"has-post-thumbnail","6":"product_cat-monitor-components","7":"product_tag-353","8":"product_tag-butterfly-valve","9":"product_tag-cannon","11":"first","12":"instock","13":"taxable","14":"shipping-taxable","15":"purchasable","16":"product-type-simple"},"yoast_head":"<!-- This site is optimized with the Yoast SEO Premium plugin v27.4 (Yoast SEO v27.4) - https:\/\/yoast.com\/product\/yoast-seo-premium-wordpress\/ -->\n<title>Buy 3&quot; Tempest Cannon Control Valve online at Access Truck Parts<\/title>\n<meta name=\"description\" content=\"Shop for 3&quot; Tempest Cannon Control Valve with Access Truck Parts. We have the best prices on the market. Browse today!\" \/>\n<meta name=\"robots\" content=\"index, follow, max-snippet:-1, max-image-preview:large, max-video-preview:-1\" \/>\n<link rel=\"canonical\" href=\"https:\/\/accesstruckparts.com\/es\/producto\/tempest-cannon-control-valve\/\" \/>\n<meta property=\"og:locale\" content=\"es_MX\" \/>\n<meta property=\"og:type\" content=\"article\" \/>\n<meta property=\"og:title\" content=\"3&quot; Tempest Cannon Control Valve\" \/>\n<meta property=\"og:description\" content=\"Shop for 3&quot; Tempest Cannon Control Valve with Access Truck Parts. We have the best prices on the market. Browse today!\" \/>\n<meta property=\"og:url\" content=\"https:\/\/accesstruckparts.com\/es\/producto\/tempest-cannon-control-valve\/\" \/>\n<meta property=\"og:site_name\" content=\"Access Truck Parts\" \/>\n<meta property=\"article:modified_time\" content=\"2026-04-21T09:22:31+00:00\" \/>\n<meta property=\"og:image\" content=\"https:\/\/accesstruckparts.com\/wp-content\/uploads\/2023\/05\/173B-300-SRE_Tempest-Electric-Over-Air-Spring-Return-Butterfly-Valve_1200x1200.jpg\" \/>\n\t<meta property=\"og:image:width\" content=\"1200\" \/>\n\t<meta property=\"og:image:height\" content=\"1200\" \/>\n\t<meta property=\"og:image:type\" content=\"image\/jpeg\" \/>\n<meta name=\"twitter:label1\" content=\"Precio\" \/>\n\t<meta name=\"twitter:data1\" content=\"&#036;499.95\" \/>\n\t<meta name=\"twitter:label2\" content=\"Disponibilidad\" \/>\n\t<meta name=\"twitter:data2\" content=\"Disponible\" \/>\n<script type=\"application\/ld+json\" class=\"yoast-schema-graph\">{\"@context\":\"https:\\\/\\\/schema.org\",\"@graph\":[{\"@type\":\"WebPage\",\"@id\":\"https:\\\/\\\/accesstruckparts.com\\\/product\\\/tempest-cannon-control-valve\\\/\",\"url\":\"https:\\\/\\\/accesstruckparts.com\\\/product\\\/tempest-cannon-control-valve\\\/\",\"name\":\"Buy 3\\\" Tempest Cannon Control Valve online at Access Truck Parts\",\"isPartOf\":{\"@id\":\"https:\\\/\\\/accesstruckparts.com\\\/#website\"},\"primaryImageOfPage\":{\"@id\":\"https:\\\/\\\/accesstruckparts.com\\\/product\\\/tempest-cannon-control-valve\\\/#primaryimage\"},\"image\":{\"@id\":\"https:\\\/\\\/accesstruckparts.com\\\/product\\\/tempest-cannon-control-valve\\\/#primaryimage\"},\"thumbnailUrl\":\"https:\\\/\\\/accesstruckparts.com\\\/wp-content\\\/uploads\\\/2023\\\/05\\\/173B-300-SRE_Tempest-Electric-Over-Air-Spring-Return-Butterfly-Valve_1200x1200.jpg\",\"datePublished\":\"2023-05-26T20:09:34+00:00\",\"dateModified\":\"2026-04-21T09:22:31+00:00\",\"description\":\"Shop for 3\\\" Tempest Cannon Control Valve with Access Truck Parts. We have the best prices on the market. Browse today!\",\"breadcrumb\":{\"@id\":\"https:\\\/\\\/accesstruckparts.com\\\/product\\\/tempest-cannon-control-valve\\\/#breadcrumb\"},\"inLanguage\":\"es\",\"potentialAction\":[{\"@type\":\"ReadAction\",\"target\":[\"https:\\\/\\\/accesstruckparts.com\\\/product\\\/tempest-cannon-control-valve\\\/\"]}]},{\"@type\":\"ImageObject\",\"inLanguage\":\"es\",\"@id\":\"https:\\\/\\\/accesstruckparts.com\\\/product\\\/tempest-cannon-control-valve\\\/#primaryimage\",\"url\":\"https:\\\/\\\/accesstruckparts.com\\\/wp-content\\\/uploads\\\/2023\\\/05\\\/173B-300-SRE_Tempest-Electric-Over-Air-Spring-Return-Butterfly-Valve_1200x1200.jpg\",\"contentUrl\":\"https:\\\/\\\/accesstruckparts.com\\\/wp-content\\\/uploads\\\/2023\\\/05\\\/173B-300-SRE_Tempest-Electric-Over-Air-Spring-Return-Butterfly-Valve_1200x1200.jpg\",\"width\":1200,\"height\":1200},{\"@type\":\"BreadcrumbList\",\"@id\":\"https:\\\/\\\/accesstruckparts.com\\\/product\\\/tempest-cannon-control-valve\\\/#breadcrumb\",\"itemListElement\":[{\"@type\":\"ListItem\",\"position\":1,\"name\":\"Home\",\"item\":\"https:\\\/\\\/accesstruckparts.com\\\/\"},{\"@type\":\"ListItem\",\"position\":2,\"name\":\"Parts\",\"item\":\"https:\\\/\\\/accesstruckparts.com\\\/parts\\\/\"},{\"@type\":\"ListItem\",\"position\":3,\"name\":\"3\\\" Tempest Cannon Control Valve\"}]},{\"@type\":\"WebSite\",\"@id\":\"https:\\\/\\\/accesstruckparts.com\\\/#website\",\"url\":\"https:\\\/\\\/accesstruckparts.com\\\/\",\"name\":\"Access Truck Parts\",\"description\":\"Your One Stop Water Truck Parts Solution.\",\"publisher\":{\"@id\":\"https:\\\/\\\/accesstruckparts.com\\\/#organization\"},\"potentialAction\":[{\"@type\":\"SearchAction\",\"target\":{\"@type\":\"EntryPoint\",\"urlTemplate\":\"https:\\\/\\\/accesstruckparts.com\\\/?s={search_term_string}\"},\"query-input\":{\"@type\":\"PropertyValueSpecification\",\"valueRequired\":true,\"valueName\":\"search_term_string\"}}],\"inLanguage\":\"es\"},{\"@type\":\"Organization\",\"@id\":\"https:\\\/\\\/accesstruckparts.com\\\/#organization\",\"name\":\"Access Truck Parts\",\"url\":\"https:\\\/\\\/accesstruckparts.com\\\/\",\"logo\":{\"@type\":\"ImageObject\",\"inLanguage\":\"es\",\"@id\":\"https:\\\/\\\/accesstruckparts.com\\\/#\\\/schema\\\/logo\\\/image\\\/\",\"url\":\"https:\\\/\\\/accesstruckparts.com\\\/wp-content\\\/uploads\\\/2018\\\/02\\\/ATP_logo_placeholder_2018.jpg\",\"contentUrl\":\"https:\\\/\\\/accesstruckparts.com\\\/wp-content\\\/uploads\\\/2018\\\/02\\\/ATP_logo_placeholder_2018.jpg\",\"width\":\"500\",\"height\":\"500\",\"caption\":\"Access Truck Parts\"},\"image\":{\"@id\":\"https:\\\/\\\/accesstruckparts.com\\\/#\\\/schema\\\/logo\\\/image\\\/\"}}]}<\/script>\n<meta property=\"product:price:amount\" content=\"499.95\" \/>\n<meta property=\"product:price:currency\" content=\"USD\" \/>\n<meta property=\"og:availability\" content=\"instock\" \/>\n<meta property=\"product:availability\" content=\"instock\" \/>\n<meta property=\"product:retailer_item_id\" content=\"173B-300-SRE\" \/>\n<meta property=\"product:condition\" content=\"new\" \/>\n<!-- \/ Yoast SEO Premium plugin. -->","yoast_head_json":{"title":"Comprar V\u00e1lvula de control de ca\u00f1\u00f3n Tempest de 3\" en l\u00ednea en Access Truck Parts","description":"Compre la v\u00e1lvula de control del ca\u00f1\u00f3n Tempest de 3\" con Access Truck Parts. Tenemos los mejores precios del mercado. \u00a1Navegue hoy mismo!","robots":{"index":"index","follow":"follow","max-snippet":"max-snippet:-1","max-image-preview":"max-image-preview:large","max-video-preview":"max-video-preview:-1"},"canonical":"https:\/\/accesstruckparts.com\/es\/producto\/tempest-cannon-control-valve\/","og_locale":"es_MX","og_type":"article","og_title":"3\" Tempest Cannon Control Valve","og_description":"Shop for 3\" Tempest Cannon Control Valve with Access Truck Parts. We have the best prices on the market. Browse today!","og_url":"https:\/\/accesstruckparts.com\/es\/producto\/tempest-cannon-control-valve\/","og_site_name":"Access Truck Parts","article_modified_time":"2026-04-21T09:22:31+00:00","og_image":[{"width":1200,"height":1200,"url":"https:\/\/accesstruckparts.com\/wp-content\/uploads\/2023\/05\/173B-300-SRE_Tempest-Electric-Over-Air-Spring-Return-Butterfly-Valve_1200x1200.jpg","type":"image\/jpeg"}],"twitter_misc":{"Precio":"&#36;499.95","Disponibilidad":"Disponible"},"schema":{"@context":"https:\/\/schema.org","@graph":[{"@type":"WebPage","@id":"https:\/\/accesstruckparts.com\/product\/tempest-cannon-control-valve\/","url":"https:\/\/accesstruckparts.com\/product\/tempest-cannon-control-valve\/","name":"Comprar V\u00e1lvula de control de ca\u00f1\u00f3n Tempest de 3\" en l\u00ednea en Access Truck Parts","isPartOf":{"@id":"https:\/\/accesstruckparts.com\/#website"},"primaryImageOfPage":{"@id":"https:\/\/accesstruckparts.com\/product\/tempest-cannon-control-valve\/#primaryimage"},"image":{"@id":"https:\/\/accesstruckparts.com\/product\/tempest-cannon-control-valve\/#primaryimage"},"thumbnailUrl":"https:\/\/accesstruckparts.com\/wp-content\/uploads\/2023\/05\/173B-300-SRE_Tempest-Electric-Over-Air-Spring-Return-Butterfly-Valve_1200x1200.jpg","datePublished":"2023-05-26T20:09:34+00:00","dateModified":"2026-04-21T09:22:31+00:00","description":"Compre la v\u00e1lvula de control del ca\u00f1\u00f3n Tempest de 3\" con Access Truck Parts. Tenemos los mejores precios del mercado. \u00a1Navegue hoy mismo!","breadcrumb":{"@id":"https:\/\/accesstruckparts.com\/product\/tempest-cannon-control-valve\/#breadcrumb"},"inLanguage":"es","potentialAction":[{"@type":"ReadAction","target":["https:\/\/accesstruckparts.com\/product\/tempest-cannon-control-valve\/"]}]},{"@type":"ImageObject","inLanguage":"es","@id":"https:\/\/accesstruckparts.com\/product\/tempest-cannon-control-valve\/#primaryimage","url":"https:\/\/accesstruckparts.com\/wp-content\/uploads\/2023\/05\/173B-300-SRE_Tempest-Electric-Over-Air-Spring-Return-Butterfly-Valve_1200x1200.jpg","contentUrl":"https:\/\/accesstruckparts.com\/wp-content\/uploads\/2023\/05\/173B-300-SRE_Tempest-Electric-Over-Air-Spring-Return-Butterfly-Valve_1200x1200.jpg","width":1200,"height":1200},{"@type":"BreadcrumbList","@id":"https:\/\/accesstruckparts.com\/product\/tempest-cannon-control-valve\/#breadcrumb","itemListElement":[{"@type":"ListItem","position":1,"name":"Home","item":"https:\/\/accesstruckparts.com\/"},{"@type":"ListItem","position":2,"name":"Parts","item":"https:\/\/accesstruckparts.com\/parts\/"},{"@type":"ListItem","position":3,"name":"3\" Tempest Cannon Control Valve"}]},{"@type":"WebSite","@id":"https:\/\/accesstruckparts.com\/#website","url":"https:\/\/accesstruckparts.com\/","name":"Piezas de camiones Access","description":"Su soluci\u00f3n \u00fanica de piezas para camiones de agua.","publisher":{"@id":"https:\/\/accesstruckparts.com\/#organization"},"potentialAction":[{"@type":"SearchAction","target":{"@type":"EntryPoint","urlTemplate":"https:\/\/accesstruckparts.com\/?s={search_term_string}"},"query-input":{"@type":"PropertyValueSpecification","valueRequired":true,"valueName":"search_term_string"}}],"inLanguage":"es"},{"@type":"Organization","@id":"https:\/\/accesstruckparts.com\/#organization","name":"Piezas de camiones Access","url":"https:\/\/accesstruckparts.com\/","logo":{"@type":"ImageObject","inLanguage":"es","@id":"https:\/\/accesstruckparts.com\/#\/schema\/logo\/image\/","url":"https:\/\/accesstruckparts.com\/wp-content\/uploads\/2018\/02\/ATP_logo_placeholder_2018.jpg","contentUrl":"https:\/\/accesstruckparts.com\/wp-content\/uploads\/2018\/02\/ATP_logo_placeholder_2018.jpg","width":"500","height":"500","caption":"Access Truck Parts"},"image":{"@id":"https:\/\/accesstruckparts.com\/#\/schema\/logo\/image\/"}}]},"product_price_amount":"499.95","product_price_currency":"USD","og_availability":"instock","product_availability":"instock","product_retailer_item_id":"173B-300-SRE","product_condition":"new"},"_links":{"self":[{"href":"https:\/\/accesstruckparts.com\/es\/wp-json\/wp\/v2\/product\/185606","targetHints":{"allow":["GET"]}}],"collection":[{"href":"https:\/\/accesstruckparts.com\/es\/wp-json\/wp\/v2\/product"}],"about":[{"href":"https:\/\/accesstruckparts.com\/es\/wp-json\/wp\/v2\/types\/product"}],"wp:featuredmedia":[{"embeddable":true,"href":"https:\/\/accesstruckparts.com\/es\/wp-json\/wp\/v2\/media\/185607"}],"wp:attachment":[{"href":"https:\/\/accesstruckparts.com\/es\/wp-json\/wp\/v2\/media?parent=185606"}],"wp:term":[{"taxonomy":"product_brand","embeddable":true,"href":"https:\/\/accesstruckparts.com\/es\/wp-json\/wp\/v2\/product_brand?post=185606"},{"taxonomy":"product_cat","embeddable":true,"href":"https:\/\/accesstruckparts.com\/es\/wp-json\/wp\/v2\/product_cat?post=185606"},{"taxonomy":"product_tag","embeddable":true,"href":"https:\/\/accesstruckparts.com\/es\/wp-json\/wp\/v2\/product_tag?post=185606"}],"curies":[{"name":"wp","href":"https:\/\/api.w.org\/{rel}","templated":true}]}}