{"id":17466,"date":"2018-04-02T17:51:28","date_gmt":"2018-04-03T00:51:28","guid":{"rendered":"https:\/\/accesstruckparts.com\/product\/valve-spray-head-agm-sv4105\/"},"modified":"2026-04-19T02:25:32","modified_gmt":"2026-04-19T09:25:32","slug":"valve-spray-head-agm-sv4105","status":"publish","type":"product","link":"https:\/\/accesstruckparts.com\/es\/product\/valve-spray-head-agm-sv4105\/","title":{"rendered":"V\u00e1lvula de cabezal de pulverizaci\u00f3n AGM SV4105"},"content":{"rendered":"<p>V\u00e1lvula de cabezal pulverizador de aire a cierre estilo AGM. Soldadura montada con placa de soldadura de 3\u2033 de di\u00e1metro interior y 5\u2033 de di\u00e1metro exterior. El cabezal pulverizador mide 7\u2033x7\u2033x5\u2033.<\/p>\n<p>\u00bfEst\u00e1 haciendo una reconstrucci\u00f3n\/reparaci\u00f3n y s\u00f3lo necesita algunas de las piezas? Consulte nuestra <a class=\"productLink\" href=\"https:\/\/accesstruckparts.com\/es\/producto\/kit-de-valvulas-agm\/\">Kit de v\u00e1lvulas para cabezales de pulverizaci\u00f3n AGM<\/a>. <div class=\"woocommerce\"><div class=\"products row row-small large-columns-4 medium-columns-3 small-columns-2 has-shadow row-box-shadow-2-hover has-equal-box-heights\">\n<div class=\"product-small col has-hover product type-product post-8307 status-publish first instock product_cat-valve-rebuild-kits product_tag-agm product_tag-rebuild-kit product_tag-valve-kit has-post-thumbnail taxable shipping-taxable product-type-variable\">\n\t<div class=\"col-inner\">\n\t\n<div class=\"badge-container absolute left top z-1\">\n\n<\/div>\n\t<div class=\"product-small box\">\n\t\t<div class=\"box-image\">\n\t\t\t<div class=\"image-none\">\n\t\t\t\t<a href=\"https:\/\/accesstruckparts.com\/es\/product\/agm-valve-kit\/\">\n\t\t\t\t\t<img decoding=\"async\" width=\"247\" height=\"300\" src=\"https:\/\/accesstruckparts.com\/wp-content\/uploads\/2016\/09\/1961-SV410055-S_AGM-Valve-Kit-with-Spring_1200x1200-sRGB-247x300.png\" class=\"attachment-woocommerce_thumbnail size-woocommerce_thumbnail\" alt=\"Kit de v\u00e1lvulas AGM\" \/>\t\t\t\t<\/a>\n\t\t\t<\/div>\n\t\t\t<div class=\"image-tools is-small top right show-on-hover\">\n\t\t\t\t\t\t\t<\/div>\n\t\t\t<div class=\"image-tools is-small hide-for-small bottom left show-on-hover\">\n\t\t\t\t\t\t\t<\/div>\n\t\t\t<div class=\"image-tools grid-tools text-center hide-for-small bottom hover-slide-in show-on-hover\">\n\t\t\t\t\t\t\t<\/div>\n\t\t\t\t\t<\/div>\n\n\t\t<div class=\"box-text box-text-products text-center grid-style-2\">\n\t\t\t<div class=\"title-wrapper\"><p class=\"name product-title woocommerce-loop-product__title\"><a href=\"https:\/\/accesstruckparts.com\/es\/product\/agm-valve-kit\/\" class=\"woocommerce-LoopProduct-link woocommerce-loop-product__link\">Kit de v\u00e1lvulas AGM<\/a><\/p><\/div><div class=\"price-wrapper\">\n\t<span class=\"price\">-<\/span>\n<\/div>\t\t<\/div>\n\t<\/div>\n\t\t<\/div>\n<\/div><\/div><!-- row -->\n<\/div>","protected":false},"excerpt":{"rendered":"<p>Cabezal de pulverizaci\u00f3n AGM, SV4105<\/p>","protected":false},"featured_media":54661,"template":"","meta":[],"product_brand":[],"product_cat":[66],"product_tag":[222,321,316,203],"class_list":{"0":"post-17466","1":"product","2":"type-product","3":"status-publish","4":"has-post-thumbnail","6":"product_cat-air-spray-head-valves","7":"product_tag-agm","8":"product_tag-air-to-close","9":"product_tag-aluminum","10":"product_tag-spray-head","12":"first","13":"instock","14":"taxable","15":"shipping-taxable","16":"purchasable","17":"product-type-simple"},"yoast_head":"<!-- This site is optimized with the Yoast SEO Premium plugin v27.4 (Yoast SEO v27.4) - https:\/\/yoast.com\/product\/yoast-seo-premium-wordpress\/ -->\n<title>Buy AGM Spray Head Valve SV4105 online at Access Truck Parts<\/title>\n<meta name=\"description\" content=\"Shop for AGM Spray Head Valve SV4105 with Access Truck Parts. We have the best prices on the market. Browse today!\" \/>\n<meta name=\"robots\" content=\"index, follow, max-snippet:-1, max-image-preview:large, max-video-preview:-1\" \/>\n<link rel=\"canonical\" href=\"https:\/\/accesstruckparts.com\/es\/producto\/valve-spray-head-agm-sv4105\/\" \/>\n<meta property=\"og:locale\" content=\"es_MX\" \/>\n<meta property=\"og:type\" content=\"article\" \/>\n<meta property=\"og:title\" content=\"AGM Spray Head Valve SV4105\" \/>\n<meta property=\"og:description\" content=\"Shop for AGM Spray Head Valve SV4105 with Access Truck Parts. We have the best prices on the market. Browse today!\" \/>\n<meta property=\"og:url\" content=\"https:\/\/accesstruckparts.com\/es\/producto\/valve-spray-head-agm-sv4105\/\" \/>\n<meta property=\"og:site_name\" content=\"Access Truck Parts\" \/>\n<meta property=\"article:modified_time\" content=\"2026-04-19T09:25:32+00:00\" \/>\n<meta property=\"og:image\" content=\"https:\/\/accesstruckparts.com\/wp-content\/uploads\/2018\/04\/196-SV4105_Valve-Spray-Head-AGM-SV4105_1200x1200-01.png\" \/>\n\t<meta property=\"og:image:width\" content=\"1200\" \/>\n\t<meta property=\"og:image:height\" content=\"1200\" \/>\n\t<meta property=\"og:image:type\" content=\"image\/png\" \/>\n<meta name=\"twitter:label1\" content=\"Precio\" \/>\n\t<meta name=\"twitter:data1\" content=\"&#036;359.95\" \/>\n\t<meta name=\"twitter:label2\" content=\"Disponibilidad\" \/>\n\t<meta name=\"twitter:data2\" content=\"Disponible\" \/>\n<script type=\"application\/ld+json\" class=\"yoast-schema-graph\">{\"@context\":\"https:\\\/\\\/schema.org\",\"@graph\":[{\"@type\":\"WebPage\",\"@id\":\"https:\\\/\\\/accesstruckparts.com\\\/product\\\/valve-spray-head-agm-sv4105\\\/\",\"url\":\"https:\\\/\\\/accesstruckparts.com\\\/product\\\/valve-spray-head-agm-sv4105\\\/\",\"name\":\"Buy AGM Spray Head Valve SV4105 online at Access Truck Parts\",\"isPartOf\":{\"@id\":\"https:\\\/\\\/accesstruckparts.com\\\/#website\"},\"primaryImageOfPage\":{\"@id\":\"https:\\\/\\\/accesstruckparts.com\\\/product\\\/valve-spray-head-agm-sv4105\\\/#primaryimage\"},\"image\":{\"@id\":\"https:\\\/\\\/accesstruckparts.com\\\/product\\\/valve-spray-head-agm-sv4105\\\/#primaryimage\"},\"thumbnailUrl\":\"https:\\\/\\\/accesstruckparts.com\\\/wp-content\\\/uploads\\\/2018\\\/04\\\/196-SV4105_Valve-Spray-Head-AGM-SV4105_1200x1200-01.png\",\"datePublished\":\"2018-04-03T00:51:28+00:00\",\"dateModified\":\"2026-04-19T09:25:32+00:00\",\"description\":\"Shop for AGM Spray Head Valve SV4105 with Access Truck Parts. We have the best prices on the market. Browse today!\",\"breadcrumb\":{\"@id\":\"https:\\\/\\\/accesstruckparts.com\\\/product\\\/valve-spray-head-agm-sv4105\\\/#breadcrumb\"},\"inLanguage\":\"es\",\"potentialAction\":[{\"@type\":\"ReadAction\",\"target\":[\"https:\\\/\\\/accesstruckparts.com\\\/product\\\/valve-spray-head-agm-sv4105\\\/\"]}]},{\"@type\":\"ImageObject\",\"inLanguage\":\"es\",\"@id\":\"https:\\\/\\\/accesstruckparts.com\\\/product\\\/valve-spray-head-agm-sv4105\\\/#primaryimage\",\"url\":\"https:\\\/\\\/accesstruckparts.com\\\/wp-content\\\/uploads\\\/2018\\\/04\\\/196-SV4105_Valve-Spray-Head-AGM-SV4105_1200x1200-01.png\",\"contentUrl\":\"https:\\\/\\\/accesstruckparts.com\\\/wp-content\\\/uploads\\\/2018\\\/04\\\/196-SV4105_Valve-Spray-Head-AGM-SV4105_1200x1200-01.png\",\"width\":1200,\"height\":1200},{\"@type\":\"BreadcrumbList\",\"@id\":\"https:\\\/\\\/accesstruckparts.com\\\/product\\\/valve-spray-head-agm-sv4105\\\/#breadcrumb\",\"itemListElement\":[{\"@type\":\"ListItem\",\"position\":1,\"name\":\"Home\",\"item\":\"https:\\\/\\\/accesstruckparts.com\\\/\"},{\"@type\":\"ListItem\",\"position\":2,\"name\":\"Parts\",\"item\":\"https:\\\/\\\/accesstruckparts.com\\\/parts\\\/\"},{\"@type\":\"ListItem\",\"position\":3,\"name\":\"AGM Spray Head Valve SV4105\"}]},{\"@type\":\"WebSite\",\"@id\":\"https:\\\/\\\/accesstruckparts.com\\\/#website\",\"url\":\"https:\\\/\\\/accesstruckparts.com\\\/\",\"name\":\"Access Truck Parts\",\"description\":\"Your One Stop Water Truck Parts Solution.\",\"publisher\":{\"@id\":\"https:\\\/\\\/accesstruckparts.com\\\/#organization\"},\"potentialAction\":[{\"@type\":\"SearchAction\",\"target\":{\"@type\":\"EntryPoint\",\"urlTemplate\":\"https:\\\/\\\/accesstruckparts.com\\\/?s={search_term_string}\"},\"query-input\":{\"@type\":\"PropertyValueSpecification\",\"valueRequired\":true,\"valueName\":\"search_term_string\"}}],\"inLanguage\":\"es\"},{\"@type\":\"Organization\",\"@id\":\"https:\\\/\\\/accesstruckparts.com\\\/#organization\",\"name\":\"Access Truck Parts\",\"url\":\"https:\\\/\\\/accesstruckparts.com\\\/\",\"logo\":{\"@type\":\"ImageObject\",\"inLanguage\":\"es\",\"@id\":\"https:\\\/\\\/accesstruckparts.com\\\/#\\\/schema\\\/logo\\\/image\\\/\",\"url\":\"https:\\\/\\\/accesstruckparts.com\\\/wp-content\\\/uploads\\\/2018\\\/02\\\/ATP_logo_placeholder_2018.jpg\",\"contentUrl\":\"https:\\\/\\\/accesstruckparts.com\\\/wp-content\\\/uploads\\\/2018\\\/02\\\/ATP_logo_placeholder_2018.jpg\",\"width\":\"500\",\"height\":\"500\",\"caption\":\"Access Truck Parts\"},\"image\":{\"@id\":\"https:\\\/\\\/accesstruckparts.com\\\/#\\\/schema\\\/logo\\\/image\\\/\"}}]}<\/script>\n<meta property=\"product:price:amount\" content=\"359.95\" \/>\n<meta property=\"product:price:currency\" content=\"USD\" \/>\n<meta property=\"og:availability\" content=\"instock\" \/>\n<meta property=\"product:availability\" content=\"instock\" \/>\n<meta property=\"product:retailer_item_id\" content=\"196-SV4105\" \/>\n<meta property=\"product:condition\" content=\"new\" \/>\n<!-- \/ Yoast SEO Premium plugin. -->","yoast_head_json":{"title":"Compre la v\u00e1lvula del cabezal de pulverizaci\u00f3n SV4105 de AGM en l\u00ednea en Access Truck Parts","description":"Compre la v\u00e1lvula del cabezal de pulverizaci\u00f3n AGM SV4105 con Access Truck Parts. Tenemos los mejores precios del mercado. \u00a1Busque hoy mismo!","robots":{"index":"index","follow":"follow","max-snippet":"max-snippet:-1","max-image-preview":"max-image-preview:large","max-video-preview":"max-video-preview:-1"},"canonical":"https:\/\/accesstruckparts.com\/es\/producto\/valve-spray-head-agm-sv4105\/","og_locale":"es_MX","og_type":"article","og_title":"AGM Spray Head Valve SV4105","og_description":"Shop for AGM Spray Head Valve SV4105 with Access Truck Parts. We have the best prices on the market. Browse today!","og_url":"https:\/\/accesstruckparts.com\/es\/producto\/valve-spray-head-agm-sv4105\/","og_site_name":"Access Truck Parts","article_modified_time":"2026-04-19T09:25:32+00:00","og_image":[{"width":1200,"height":1200,"url":"https:\/\/accesstruckparts.com\/wp-content\/uploads\/2018\/04\/196-SV4105_Valve-Spray-Head-AGM-SV4105_1200x1200-01.png","type":"image\/png"}],"twitter_misc":{"Precio":"&#36;359.95","Disponibilidad":"Disponible"},"schema":{"@context":"https:\/\/schema.org","@graph":[{"@type":"WebPage","@id":"https:\/\/accesstruckparts.com\/product\/valve-spray-head-agm-sv4105\/","url":"https:\/\/accesstruckparts.com\/product\/valve-spray-head-agm-sv4105\/","name":"Compre la v\u00e1lvula del cabezal de pulverizaci\u00f3n SV4105 de AGM en l\u00ednea en Access Truck Parts","isPartOf":{"@id":"https:\/\/accesstruckparts.com\/#website"},"primaryImageOfPage":{"@id":"https:\/\/accesstruckparts.com\/product\/valve-spray-head-agm-sv4105\/#primaryimage"},"image":{"@id":"https:\/\/accesstruckparts.com\/product\/valve-spray-head-agm-sv4105\/#primaryimage"},"thumbnailUrl":"https:\/\/accesstruckparts.com\/wp-content\/uploads\/2018\/04\/196-SV4105_Valve-Spray-Head-AGM-SV4105_1200x1200-01.png","datePublished":"2018-04-03T00:51:28+00:00","dateModified":"2026-04-19T09:25:32+00:00","description":"Compre la v\u00e1lvula del cabezal de pulverizaci\u00f3n AGM SV4105 con Access Truck Parts. Tenemos los mejores precios del mercado. \u00a1Busque hoy mismo!","breadcrumb":{"@id":"https:\/\/accesstruckparts.com\/product\/valve-spray-head-agm-sv4105\/#breadcrumb"},"inLanguage":"es","potentialAction":[{"@type":"ReadAction","target":["https:\/\/accesstruckparts.com\/product\/valve-spray-head-agm-sv4105\/"]}]},{"@type":"ImageObject","inLanguage":"es","@id":"https:\/\/accesstruckparts.com\/product\/valve-spray-head-agm-sv4105\/#primaryimage","url":"https:\/\/accesstruckparts.com\/wp-content\/uploads\/2018\/04\/196-SV4105_Valve-Spray-Head-AGM-SV4105_1200x1200-01.png","contentUrl":"https:\/\/accesstruckparts.com\/wp-content\/uploads\/2018\/04\/196-SV4105_Valve-Spray-Head-AGM-SV4105_1200x1200-01.png","width":1200,"height":1200},{"@type":"BreadcrumbList","@id":"https:\/\/accesstruckparts.com\/product\/valve-spray-head-agm-sv4105\/#breadcrumb","itemListElement":[{"@type":"ListItem","position":1,"name":"Home","item":"https:\/\/accesstruckparts.com\/"},{"@type":"ListItem","position":2,"name":"Parts","item":"https:\/\/accesstruckparts.com\/parts\/"},{"@type":"ListItem","position":3,"name":"AGM Spray Head Valve SV4105"}]},{"@type":"WebSite","@id":"https:\/\/accesstruckparts.com\/#website","url":"https:\/\/accesstruckparts.com\/","name":"Piezas de camiones Access","description":"Su soluci\u00f3n \u00fanica de piezas para camiones de agua.","publisher":{"@id":"https:\/\/accesstruckparts.com\/#organization"},"potentialAction":[{"@type":"SearchAction","target":{"@type":"EntryPoint","urlTemplate":"https:\/\/accesstruckparts.com\/?s={search_term_string}"},"query-input":{"@type":"PropertyValueSpecification","valueRequired":true,"valueName":"search_term_string"}}],"inLanguage":"es"},{"@type":"Organization","@id":"https:\/\/accesstruckparts.com\/#organization","name":"Piezas de camiones Access","url":"https:\/\/accesstruckparts.com\/","logo":{"@type":"ImageObject","inLanguage":"es","@id":"https:\/\/accesstruckparts.com\/#\/schema\/logo\/image\/","url":"https:\/\/accesstruckparts.com\/wp-content\/uploads\/2018\/02\/ATP_logo_placeholder_2018.jpg","contentUrl":"https:\/\/accesstruckparts.com\/wp-content\/uploads\/2018\/02\/ATP_logo_placeholder_2018.jpg","width":"500","height":"500","caption":"Access Truck Parts"},"image":{"@id":"https:\/\/accesstruckparts.com\/#\/schema\/logo\/image\/"}}]},"product_price_amount":"359.95","product_price_currency":"USD","og_availability":"instock","product_availability":"instock","product_retailer_item_id":"196-SV4105","product_condition":"new"},"_links":{"self":[{"href":"https:\/\/accesstruckparts.com\/es\/wp-json\/wp\/v2\/product\/17466","targetHints":{"allow":["GET"]}}],"collection":[{"href":"https:\/\/accesstruckparts.com\/es\/wp-json\/wp\/v2\/product"}],"about":[{"href":"https:\/\/accesstruckparts.com\/es\/wp-json\/wp\/v2\/types\/product"}],"wp:featuredmedia":[{"embeddable":true,"href":"https:\/\/accesstruckparts.com\/es\/wp-json\/wp\/v2\/media\/54661"}],"wp:attachment":[{"href":"https:\/\/accesstruckparts.com\/es\/wp-json\/wp\/v2\/media?parent=17466"}],"wp:term":[{"taxonomy":"product_brand","embeddable":true,"href":"https:\/\/accesstruckparts.com\/es\/wp-json\/wp\/v2\/product_brand?post=17466"},{"taxonomy":"product_cat","embeddable":true,"href":"https:\/\/accesstruckparts.com\/es\/wp-json\/wp\/v2\/product_cat?post=17466"},{"taxonomy":"product_tag","embeddable":true,"href":"https:\/\/accesstruckparts.com\/es\/wp-json\/wp\/v2\/product_tag?post=17466"}],"curies":[{"name":"wp","href":"https:\/\/api.w.org\/{rel}","templated":true}]}}