{"id":16118,"date":"2017-02-23T11:55:04","date_gmt":"2017-02-23T18:55:04","guid":{"rendered":"https:\/\/accesstruckparts.com\/product\/pump-b6zs-cw-thrd-mech-mega\/"},"modified":"2026-04-19T00:47:34","modified_gmt":"2026-04-19T07:47:34","slug":"bomba-b6zs-cw-thrd-mech-mega-2","status":"publish","type":"product","link":"https:\/\/accesstruckparts.com\/es\/product\/pump-b6zs-cw-thrd-mech-mega\/","title":{"rendered":"Bomba de cami\u00f3n cisterna - B6Z-S Mega Style Mech Seal (Brida CW)"},"content":{"rendered":"<p>El ATP B6Z <em><strong>En el sentido de las agujas del reloj, sello mec\u00e1nico<\/strong><\/em> La bomba de agua de estilo cuenta con un bastidor de cojinete de montaje hidr\u00e1ulico y es \u00fatil en aplicaciones en las que se necesita un cami\u00f3n m\u00e1s grande con un mayor volumen de salida de agua, como en las operaciones mineras. Esta bomba es impulsada directamente por un motor SAE C de 4 pernos montado en 1<span class=\"fraction\"><sup>1<\/sup>\u2044<sub>4<\/sub><\/span>\" Eje estriado de 14 dientes motor hidr\u00e1ulico acoplado directamente al eje de la bomba de agua con un <a class=\"productLink\" href=\"https:\/\/accesstruckparts.com\/es\/producto\/acoplamiento-hidraulico\/\" target=\"_blank\" rel=\"noopener noreferrer\">116-M10176<\/a> acoplamiento (se vende por separado). <strong>NOTA: Esta bomba no puede ser accionada directamente por una toma de fuerza. Esta bomba es <strong><em>FLANGED<\/em><\/strong> tanto en el lado de succi\u00f3n como en el de descarga.<\/strong><br \/>\n<!-- Event snippet for Pumps remarketing page --><br \/>\n<script>\n  gtag('event', 'conversion', {\n      'send_to': 'AW-11227823096\/hs3zCKLLkeQYEPj36-kp',\n      'value': 1.0,\n      'currency': 'USD',\n      'aw_remarketing_only': true\n  });\n<\/script><\/p>","protected":false},"excerpt":{"rendered":"<p>Bomba de agua estilo Mega con brida CW - B6Z (B70374)<\/p>","protected":false},"featured_media":55981,"template":"","meta":[],"product_brand":[],"product_cat":[63],"product_tag":[495,193,220,212,217,224,237],"class_list":{"0":"post-16118","1":"product","2":"type-product","3":"status-publish","4":"has-post-thumbnail","6":"product_cat-water-pumps","7":"product_tag-b6zrhs-es","8":"product_tag-clockwise","9":"product_tag-flanged","10":"product_tag-mechanical-seal","11":"product_tag-mega-style","12":"product_tag-splined","13":"product_tag-water-pump","15":"first","16":"instock","17":"taxable","18":"shipping-taxable","19":"purchasable","20":"product-type-simple"},"yoast_head":"<!-- This site is optimized with the Yoast SEO Premium plugin v27.4 (Yoast SEO v27.4) - https:\/\/yoast.com\/product\/yoast-seo-premium-wordpress\/ -->\n<title>Buy Water Truck Pump - B6Z-S Mega Style Mech Seal (CW Flange) online at Access Truck Parts<\/title>\n<meta name=\"description\" content=\"Shop for Water Truck Pump - B6Z-S Mega Style Mech Seal (CW Flange) with Access Truck Parts. We have the best prices on the market. Browse today!\" \/>\n<meta name=\"robots\" content=\"index, follow, max-snippet:-1, max-image-preview:large, max-video-preview:-1\" \/>\n<link rel=\"canonical\" href=\"https:\/\/accesstruckparts.com\/es\/producto\/bomba-b6zs-cw-thrd-mech-mega-2\/\" \/>\n<meta property=\"og:locale\" content=\"es_MX\" \/>\n<meta property=\"og:type\" content=\"article\" \/>\n<meta property=\"og:title\" content=\"Water Truck Pump - B6Z-S Mega Style Mech Seal (CW Flange)\" \/>\n<meta property=\"og:description\" content=\"Shop for Water Truck Pump - B6Z-S Mega Style Mech Seal (CW Flange) with Access Truck Parts. We have the best prices on the market. Browse today!\" \/>\n<meta property=\"og:url\" content=\"https:\/\/accesstruckparts.com\/es\/producto\/bomba-b6zs-cw-thrd-mech-mega-2\/\" \/>\n<meta property=\"og:site_name\" content=\"Access Truck Parts\" \/>\n<meta property=\"article:modified_time\" content=\"2026-04-19T07:47:34+00:00\" \/>\n<meta property=\"og:image\" content=\"https:\/\/accesstruckparts.com\/wp-content\/uploads\/2017\/02\/106-B70374_B6Z-CW-Flanged-Mega-Mech-Seal-Pump_1200x1200-sRGB-02.png\" \/>\n\t<meta property=\"og:image:width\" content=\"1200\" \/>\n\t<meta property=\"og:image:height\" content=\"1200\" \/>\n\t<meta property=\"og:image:type\" content=\"image\/png\" \/>\n<meta name=\"twitter:label1\" content=\"Precio\" \/>\n\t<meta name=\"twitter:data1\" content=\"&#036;2,599.95\" \/>\n\t<meta name=\"twitter:label2\" content=\"Disponibilidad\" \/>\n\t<meta name=\"twitter:data2\" content=\"Disponible\" \/>\n<script type=\"application\/ld+json\" class=\"yoast-schema-graph\">{\"@context\":\"https:\\\/\\\/schema.org\",\"@graph\":[{\"@type\":\"WebPage\",\"@id\":\"https:\\\/\\\/accesstruckparts.com\\\/product\\\/pump-b6zs-cw-thrd-mech-mega\\\/\",\"url\":\"https:\\\/\\\/accesstruckparts.com\\\/product\\\/pump-b6zs-cw-thrd-mech-mega\\\/\",\"name\":\"Buy Water Truck Pump - B6Z-S Mega Style Mech Seal (CW Flange) online at Access Truck Parts\",\"isPartOf\":{\"@id\":\"https:\\\/\\\/accesstruckparts.com\\\/#website\"},\"primaryImageOfPage\":{\"@id\":\"https:\\\/\\\/accesstruckparts.com\\\/product\\\/pump-b6zs-cw-thrd-mech-mega\\\/#primaryimage\"},\"image\":{\"@id\":\"https:\\\/\\\/accesstruckparts.com\\\/product\\\/pump-b6zs-cw-thrd-mech-mega\\\/#primaryimage\"},\"thumbnailUrl\":\"https:\\\/\\\/accesstruckparts.com\\\/wp-content\\\/uploads\\\/2017\\\/02\\\/106-B70374_B6Z-CW-Flanged-Mega-Mech-Seal-Pump_1200x1200-sRGB-02.png\",\"datePublished\":\"2017-02-23T18:55:04+00:00\",\"dateModified\":\"2026-04-19T07:47:34+00:00\",\"description\":\"Shop for Water Truck Pump - B6Z-S Mega Style Mech Seal (CW Flange) with Access Truck Parts. We have the best prices on the market. Browse today!\",\"breadcrumb\":{\"@id\":\"https:\\\/\\\/accesstruckparts.com\\\/product\\\/pump-b6zs-cw-thrd-mech-mega\\\/#breadcrumb\"},\"inLanguage\":\"es\",\"potentialAction\":[{\"@type\":\"ReadAction\",\"target\":[\"https:\\\/\\\/accesstruckparts.com\\\/product\\\/pump-b6zs-cw-thrd-mech-mega\\\/\"]}]},{\"@type\":\"ImageObject\",\"inLanguage\":\"es\",\"@id\":\"https:\\\/\\\/accesstruckparts.com\\\/product\\\/pump-b6zs-cw-thrd-mech-mega\\\/#primaryimage\",\"url\":\"https:\\\/\\\/accesstruckparts.com\\\/wp-content\\\/uploads\\\/2017\\\/02\\\/106-B70374_B6Z-CW-Flanged-Mega-Mech-Seal-Pump_1200x1200-sRGB-02.png\",\"contentUrl\":\"https:\\\/\\\/accesstruckparts.com\\\/wp-content\\\/uploads\\\/2017\\\/02\\\/106-B70374_B6Z-CW-Flanged-Mega-Mech-Seal-Pump_1200x1200-sRGB-02.png\",\"width\":1200,\"height\":1200},{\"@type\":\"BreadcrumbList\",\"@id\":\"https:\\\/\\\/accesstruckparts.com\\\/product\\\/pump-b6zs-cw-thrd-mech-mega\\\/#breadcrumb\",\"itemListElement\":[{\"@type\":\"ListItem\",\"position\":1,\"name\":\"Home\",\"item\":\"https:\\\/\\\/accesstruckparts.com\\\/\"},{\"@type\":\"ListItem\",\"position\":2,\"name\":\"Parts\",\"item\":\"https:\\\/\\\/accesstruckparts.com\\\/parts\\\/\"},{\"@type\":\"ListItem\",\"position\":3,\"name\":\"Water Truck Pump - B6Z-S Mega Style Mech Seal (CW Flange)\"}]},{\"@type\":\"WebSite\",\"@id\":\"https:\\\/\\\/accesstruckparts.com\\\/#website\",\"url\":\"https:\\\/\\\/accesstruckparts.com\\\/\",\"name\":\"Access Truck Parts\",\"description\":\"Your One Stop Water Truck Parts Solution.\",\"publisher\":{\"@id\":\"https:\\\/\\\/accesstruckparts.com\\\/#organization\"},\"potentialAction\":[{\"@type\":\"SearchAction\",\"target\":{\"@type\":\"EntryPoint\",\"urlTemplate\":\"https:\\\/\\\/accesstruckparts.com\\\/?s={search_term_string}\"},\"query-input\":{\"@type\":\"PropertyValueSpecification\",\"valueRequired\":true,\"valueName\":\"search_term_string\"}}],\"inLanguage\":\"es\"},{\"@type\":\"Organization\",\"@id\":\"https:\\\/\\\/accesstruckparts.com\\\/#organization\",\"name\":\"Access Truck Parts\",\"url\":\"https:\\\/\\\/accesstruckparts.com\\\/\",\"logo\":{\"@type\":\"ImageObject\",\"inLanguage\":\"es\",\"@id\":\"https:\\\/\\\/accesstruckparts.com\\\/#\\\/schema\\\/logo\\\/image\\\/\",\"url\":\"https:\\\/\\\/accesstruckparts.com\\\/wp-content\\\/uploads\\\/2018\\\/02\\\/ATP_logo_placeholder_2018.jpg\",\"contentUrl\":\"https:\\\/\\\/accesstruckparts.com\\\/wp-content\\\/uploads\\\/2018\\\/02\\\/ATP_logo_placeholder_2018.jpg\",\"width\":\"500\",\"height\":\"500\",\"caption\":\"Access Truck Parts\"},\"image\":{\"@id\":\"https:\\\/\\\/accesstruckparts.com\\\/#\\\/schema\\\/logo\\\/image\\\/\"}}]}<\/script>\n<meta property=\"product:price:amount\" content=\"2599.95\" \/>\n<meta property=\"product:price:currency\" content=\"USD\" \/>\n<meta property=\"og:availability\" content=\"instock\" \/>\n<meta property=\"product:availability\" content=\"instock\" \/>\n<meta property=\"product:retailer_item_id\" content=\"106-B70374\" \/>\n<meta property=\"product:condition\" content=\"new\" \/>\n<!-- \/ Yoast SEO Premium plugin. -->","yoast_head_json":{"title":"Comprar Bomba de cami\u00f3n de agua - B6Z-S Mega Style Mech Seal (CW Flange) en l\u00ednea en Access Truck Parts","description":"Compre la bomba de cami\u00f3n de agua - B6Z-S Mega Style Mech Seal (CW Flange) con Access Truck Parts. Tenemos los mejores precios del mercado. \u00a1Navegue hoy mismo!","robots":{"index":"index","follow":"follow","max-snippet":"max-snippet:-1","max-image-preview":"max-image-preview:large","max-video-preview":"max-video-preview:-1"},"canonical":"https:\/\/accesstruckparts.com\/es\/producto\/bomba-b6zs-cw-thrd-mech-mega-2\/","og_locale":"es_MX","og_type":"article","og_title":"Water Truck Pump - B6Z-S Mega Style Mech Seal (CW Flange)","og_description":"Shop for Water Truck Pump - B6Z-S Mega Style Mech Seal (CW Flange) with Access Truck Parts. We have the best prices on the market. Browse today!","og_url":"https:\/\/accesstruckparts.com\/es\/producto\/bomba-b6zs-cw-thrd-mech-mega-2\/","og_site_name":"Access Truck Parts","article_modified_time":"2026-04-19T07:47:34+00:00","og_image":[{"width":1200,"height":1200,"url":"https:\/\/accesstruckparts.com\/wp-content\/uploads\/2017\/02\/106-B70374_B6Z-CW-Flanged-Mega-Mech-Seal-Pump_1200x1200-sRGB-02.png","type":"image\/png"}],"twitter_misc":{"Precio":"&#36;2,599.95","Disponibilidad":"Disponible"},"schema":{"@context":"https:\/\/schema.org","@graph":[{"@type":"WebPage","@id":"https:\/\/accesstruckparts.com\/product\/pump-b6zs-cw-thrd-mech-mega\/","url":"https:\/\/accesstruckparts.com\/product\/pump-b6zs-cw-thrd-mech-mega\/","name":"Comprar Bomba de cami\u00f3n de agua - B6Z-S Mega Style Mech Seal (CW Flange) en l\u00ednea en Access Truck Parts","isPartOf":{"@id":"https:\/\/accesstruckparts.com\/#website"},"primaryImageOfPage":{"@id":"https:\/\/accesstruckparts.com\/product\/pump-b6zs-cw-thrd-mech-mega\/#primaryimage"},"image":{"@id":"https:\/\/accesstruckparts.com\/product\/pump-b6zs-cw-thrd-mech-mega\/#primaryimage"},"thumbnailUrl":"https:\/\/accesstruckparts.com\/wp-content\/uploads\/2017\/02\/106-B70374_B6Z-CW-Flanged-Mega-Mech-Seal-Pump_1200x1200-sRGB-02.png","datePublished":"2017-02-23T18:55:04+00:00","dateModified":"2026-04-19T07:47:34+00:00","description":"Compre la bomba de cami\u00f3n de agua - B6Z-S Mega Style Mech Seal (CW Flange) con Access Truck Parts. Tenemos los mejores precios del mercado. \u00a1Navegue hoy mismo!","breadcrumb":{"@id":"https:\/\/accesstruckparts.com\/product\/pump-b6zs-cw-thrd-mech-mega\/#breadcrumb"},"inLanguage":"es","potentialAction":[{"@type":"ReadAction","target":["https:\/\/accesstruckparts.com\/product\/pump-b6zs-cw-thrd-mech-mega\/"]}]},{"@type":"ImageObject","inLanguage":"es","@id":"https:\/\/accesstruckparts.com\/product\/pump-b6zs-cw-thrd-mech-mega\/#primaryimage","url":"https:\/\/accesstruckparts.com\/wp-content\/uploads\/2017\/02\/106-B70374_B6Z-CW-Flanged-Mega-Mech-Seal-Pump_1200x1200-sRGB-02.png","contentUrl":"https:\/\/accesstruckparts.com\/wp-content\/uploads\/2017\/02\/106-B70374_B6Z-CW-Flanged-Mega-Mech-Seal-Pump_1200x1200-sRGB-02.png","width":1200,"height":1200},{"@type":"BreadcrumbList","@id":"https:\/\/accesstruckparts.com\/product\/pump-b6zs-cw-thrd-mech-mega\/#breadcrumb","itemListElement":[{"@type":"ListItem","position":1,"name":"Home","item":"https:\/\/accesstruckparts.com\/"},{"@type":"ListItem","position":2,"name":"Parts","item":"https:\/\/accesstruckparts.com\/parts\/"},{"@type":"ListItem","position":3,"name":"Water Truck Pump - B6Z-S Mega Style Mech Seal (CW Flange)"}]},{"@type":"WebSite","@id":"https:\/\/accesstruckparts.com\/#website","url":"https:\/\/accesstruckparts.com\/","name":"Piezas de camiones Access","description":"Su soluci\u00f3n \u00fanica de piezas para camiones de agua.","publisher":{"@id":"https:\/\/accesstruckparts.com\/#organization"},"potentialAction":[{"@type":"SearchAction","target":{"@type":"EntryPoint","urlTemplate":"https:\/\/accesstruckparts.com\/?s={search_term_string}"},"query-input":{"@type":"PropertyValueSpecification","valueRequired":true,"valueName":"search_term_string"}}],"inLanguage":"es"},{"@type":"Organization","@id":"https:\/\/accesstruckparts.com\/#organization","name":"Piezas de camiones Access","url":"https:\/\/accesstruckparts.com\/","logo":{"@type":"ImageObject","inLanguage":"es","@id":"https:\/\/accesstruckparts.com\/#\/schema\/logo\/image\/","url":"https:\/\/accesstruckparts.com\/wp-content\/uploads\/2018\/02\/ATP_logo_placeholder_2018.jpg","contentUrl":"https:\/\/accesstruckparts.com\/wp-content\/uploads\/2018\/02\/ATP_logo_placeholder_2018.jpg","width":"500","height":"500","caption":"Access Truck Parts"},"image":{"@id":"https:\/\/accesstruckparts.com\/#\/schema\/logo\/image\/"}}]},"product_price_amount":"2599.95","product_price_currency":"USD","og_availability":"instock","product_availability":"instock","product_retailer_item_id":"106-B70374","product_condition":"new"},"_links":{"self":[{"href":"https:\/\/accesstruckparts.com\/es\/wp-json\/wp\/v2\/product\/16118","targetHints":{"allow":["GET"]}}],"collection":[{"href":"https:\/\/accesstruckparts.com\/es\/wp-json\/wp\/v2\/product"}],"about":[{"href":"https:\/\/accesstruckparts.com\/es\/wp-json\/wp\/v2\/types\/product"}],"wp:featuredmedia":[{"embeddable":true,"href":"https:\/\/accesstruckparts.com\/es\/wp-json\/wp\/v2\/media\/55981"}],"wp:attachment":[{"href":"https:\/\/accesstruckparts.com\/es\/wp-json\/wp\/v2\/media?parent=16118"}],"wp:term":[{"taxonomy":"product_brand","embeddable":true,"href":"https:\/\/accesstruckparts.com\/es\/wp-json\/wp\/v2\/product_brand?post=16118"},{"taxonomy":"product_cat","embeddable":true,"href":"https:\/\/accesstruckparts.com\/es\/wp-json\/wp\/v2\/product_cat?post=16118"},{"taxonomy":"product_tag","embeddable":true,"href":"https:\/\/accesstruckparts.com\/es\/wp-json\/wp\/v2\/product_tag?post=16118"}],"curies":[{"name":"wp","href":"https:\/\/api.w.org\/{rel}","templated":true}]}}