{"id":16116,"date":"2017-02-23T11:55:00","date_gmt":"2017-02-23T18:55:00","guid":{"rendered":"https:\/\/accesstruckparts.com\/product\/pump-b3zq-cw-grv-sae\/"},"modified":"2026-05-11T12:06:32","modified_gmt":"2026-05-11T19:06:32","slug":"ranura-cw-sae-bomba-de-agua-b3zqs-2","status":"publish","type":"product","link":"https:\/\/accesstruckparts.com\/es\/product\/groove-cw-sae-water-pump-b3zqs\/","title":{"rendered":"Bomba de cami\u00f3n cisterna - B3ZQ-S Soporte de motor SAE 5 (Ranura CW)"},"content":{"rendered":"<p>El ATP B3ZQ-S <strong><em>En el sentido de las agujas del reloj, sello mec\u00e1nico<\/em><\/strong> estilo de bomba es la Est\u00e1ndar 4\" x 3\" Bomba de agua centr\u00edfuga utilizada para montar en un motor independiente SAE 5 en lugar de una transmisi\u00f3n utilizando un eje estriado de 10 dientes de 1-3\/8\". Esta bomba es <strong><em>GROOVED<\/em><\/strong> tanto en el lado de succi\u00f3n como en el de descarga para facilitar su extracci\u00f3n y reparaci\u00f3n, y a 2500 RPM rinde a un caudal de hasta 800 GPM a 70 PSI.<\/p>\n<p>\u00bfTiene un motor SAE 4 que le gustar\u00eda utilizar con esto? Pruebe nuestro <a class=\"productLink\" href=\"https:\/\/accesstruckparts.com\/es\/producto\/sae-4-a-sae-5-adaptador-de-vivienda-2\/\">Adaptador SAE 5 a SAE 4<\/a>.<\/p>\n<p>Consulte nuestro <a class=\"productLink\" href=\"https:\/\/accesstruckparts.com\/es\/guia-de-la-bomba-de-agua\/\" target=\"_blank\" rel=\"noopener noreferrer\">Gu\u00eda de la bomba de agua<\/a> para m\u00e1s informaci\u00f3n sobre la rotaci\u00f3n de la bomba, las conexiones y el tipo de sello.<br \/>\n<!-- Event snippet for Pumps remarketing page --><br \/>\n<script>\n  gtag('event', 'conversion', {\n      'send_to': 'AW-11227823096\/hs3zCKLLkeQYEPj36-kp',\n      'value': 1.0,\n      'currency': 'USD',\n      'aw_remarketing_only': true\n  });\n<\/script><\/p>","protected":false},"excerpt":{"rendered":"<p>Bomba de agua de montaje del motor B3ZQMS CW Groove SAE 5 (B69963)<\/p>","protected":false},"featured_media":18677,"template":"","meta":[],"product_brand":[],"product_cat":[63],"product_tag":[246,193,191,212,219,224,237],"class_list":{"0":"post-16116","1":"product","2":"type-product","3":"status-publish","4":"has-post-thumbnail","6":"product_cat-water-pumps","7":"product_tag-b3zqms","8":"product_tag-clockwise","9":"product_tag-grooved","10":"product_tag-mechanical-seal","11":"product_tag-sae","12":"product_tag-splined","13":"product_tag-water-pump","15":"first","16":"instock","17":"taxable","18":"shipping-taxable","19":"purchasable","20":"product-type-simple"},"yoast_head":"<!-- This site is optimized with the Yoast SEO Premium plugin v27.4 (Yoast SEO v27.5) - https:\/\/yoast.com\/product\/yoast-seo-premium-wordpress\/ -->\n<title>Buy Water Truck Pump - B3ZQ-S SAE 5 Engine Mount (CW Groove) online at Access Truck Parts<\/title>\n<meta name=\"description\" content=\"Shop for Water Truck Pump - B3ZQ-S SAE 5 Engine Mount (CW Groove) with Access Truck Parts. We have the best prices on the market. Browse today!\" \/>\n<meta name=\"robots\" content=\"index, follow, max-snippet:-1, max-image-preview:large, max-video-preview:-1\" \/>\n<link rel=\"canonical\" href=\"https:\/\/accesstruckparts.com\/es\/producto\/ranura-cw-sae-bomba-de-agua-b3zqs-2\/\" \/>\n<meta property=\"og:locale\" content=\"es_MX\" \/>\n<meta property=\"og:type\" content=\"article\" \/>\n<meta property=\"og:title\" content=\"Water Truck Pump - B3ZQ-S SAE 5 Engine Mount (CW Groove)\" \/>\n<meta property=\"og:description\" content=\"Shop for Water Truck Pump - B3ZQ-S SAE 5 Engine Mount (CW Groove) with Access Truck Parts. We have the best prices on the market. Browse today!\" \/>\n<meta property=\"og:url\" content=\"https:\/\/accesstruckparts.com\/es\/producto\/ranura-cw-sae-bomba-de-agua-b3zqs-2\/\" \/>\n<meta property=\"og:site_name\" content=\"Access Truck Parts\" \/>\n<meta property=\"article:modified_time\" content=\"2026-05-11T19:06:32+00:00\" \/>\n<meta property=\"og:image\" content=\"https:\/\/accesstruckparts.com\/wp-content\/uploads\/2017\/02\/101-B69963_B3ZQ-S-SAE-5-Engine-Mount-Pump-CW-Groove_Front-1200x1200.jpg.jpg\" \/>\n\t<meta property=\"og:image:width\" content=\"1200\" \/>\n\t<meta property=\"og:image:height\" content=\"1200\" \/>\n\t<meta property=\"og:image:type\" content=\"image\/jpeg\" \/>\n<meta name=\"twitter:label1\" content=\"Precio\" \/>\n\t<meta name=\"twitter:data1\" content=\"&#036;2,325.00\" \/>\n\t<meta name=\"twitter:label2\" content=\"Disponibilidad\" \/>\n\t<meta name=\"twitter:data2\" content=\"Disponible\" \/>\n<script type=\"application\/ld+json\" class=\"yoast-schema-graph\">{\"@context\":\"https:\\\/\\\/schema.org\",\"@graph\":[{\"@type\":\"WebPage\",\"@id\":\"https:\\\/\\\/accesstruckparts.com\\\/product\\\/groove-cw-sae-water-pump-b3zqs\\\/\",\"url\":\"https:\\\/\\\/accesstruckparts.com\\\/product\\\/groove-cw-sae-water-pump-b3zqs\\\/\",\"name\":\"Buy Water Truck Pump - B3ZQ-S SAE 5 Engine Mount (CW Groove) online at Access Truck Parts\",\"isPartOf\":{\"@id\":\"https:\\\/\\\/accesstruckparts.com\\\/#website\"},\"primaryImageOfPage\":{\"@id\":\"https:\\\/\\\/accesstruckparts.com\\\/product\\\/groove-cw-sae-water-pump-b3zqs\\\/#primaryimage\"},\"image\":{\"@id\":\"https:\\\/\\\/accesstruckparts.com\\\/product\\\/groove-cw-sae-water-pump-b3zqs\\\/#primaryimage\"},\"thumbnailUrl\":\"https:\\\/\\\/accesstruckparts.com\\\/wp-content\\\/uploads\\\/2017\\\/02\\\/101-B69963_B3ZQ-S-SAE-5-Engine-Mount-Pump-CW-Groove_Front-1200x1200.jpg.jpg\",\"datePublished\":\"2017-02-23T18:55:00+00:00\",\"dateModified\":\"2026-05-11T19:06:32+00:00\",\"description\":\"Shop for Water Truck Pump - B3ZQ-S SAE 5 Engine Mount (CW Groove) with Access Truck Parts. We have the best prices on the market. Browse today!\",\"breadcrumb\":{\"@id\":\"https:\\\/\\\/accesstruckparts.com\\\/product\\\/groove-cw-sae-water-pump-b3zqs\\\/#breadcrumb\"},\"inLanguage\":\"es\",\"potentialAction\":[{\"@type\":\"ReadAction\",\"target\":[\"https:\\\/\\\/accesstruckparts.com\\\/product\\\/groove-cw-sae-water-pump-b3zqs\\\/\"]}]},{\"@type\":\"ImageObject\",\"inLanguage\":\"es\",\"@id\":\"https:\\\/\\\/accesstruckparts.com\\\/product\\\/groove-cw-sae-water-pump-b3zqs\\\/#primaryimage\",\"url\":\"https:\\\/\\\/accesstruckparts.com\\\/wp-content\\\/uploads\\\/2017\\\/02\\\/101-B69963_B3ZQ-S-SAE-5-Engine-Mount-Pump-CW-Groove_Front-1200x1200.jpg.jpg\",\"contentUrl\":\"https:\\\/\\\/accesstruckparts.com\\\/wp-content\\\/uploads\\\/2017\\\/02\\\/101-B69963_B3ZQ-S-SAE-5-Engine-Mount-Pump-CW-Groove_Front-1200x1200.jpg.jpg\",\"width\":\"1200\",\"height\":\"1200\"},{\"@type\":\"BreadcrumbList\",\"@id\":\"https:\\\/\\\/accesstruckparts.com\\\/product\\\/groove-cw-sae-water-pump-b3zqs\\\/#breadcrumb\",\"itemListElement\":[{\"@type\":\"ListItem\",\"position\":1,\"name\":\"Home\",\"item\":\"https:\\\/\\\/accesstruckparts.com\\\/\"},{\"@type\":\"ListItem\",\"position\":2,\"name\":\"Parts\",\"item\":\"https:\\\/\\\/accesstruckparts.com\\\/parts\\\/\"},{\"@type\":\"ListItem\",\"position\":3,\"name\":\"Water Truck Pump - B3ZQ-S SAE 5 Engine Mount (CW Groove)\"}]},{\"@type\":\"WebSite\",\"@id\":\"https:\\\/\\\/accesstruckparts.com\\\/#website\",\"url\":\"https:\\\/\\\/accesstruckparts.com\\\/\",\"name\":\"Access Truck Parts\",\"description\":\"Your One Stop Water Truck Parts Solution.\",\"publisher\":{\"@id\":\"https:\\\/\\\/accesstruckparts.com\\\/#organization\"},\"potentialAction\":[{\"@type\":\"SearchAction\",\"target\":{\"@type\":\"EntryPoint\",\"urlTemplate\":\"https:\\\/\\\/accesstruckparts.com\\\/?s={search_term_string}\"},\"query-input\":{\"@type\":\"PropertyValueSpecification\",\"valueRequired\":true,\"valueName\":\"search_term_string\"}}],\"inLanguage\":\"es\"},{\"@type\":\"Organization\",\"@id\":\"https:\\\/\\\/accesstruckparts.com\\\/#organization\",\"name\":\"Access Truck Parts\",\"url\":\"https:\\\/\\\/accesstruckparts.com\\\/\",\"logo\":{\"@type\":\"ImageObject\",\"inLanguage\":\"es\",\"@id\":\"https:\\\/\\\/accesstruckparts.com\\\/#\\\/schema\\\/logo\\\/image\\\/\",\"url\":\"https:\\\/\\\/accesstruckparts.com\\\/wp-content\\\/uploads\\\/2018\\\/02\\\/ATP_logo_placeholder_2018.jpg\",\"contentUrl\":\"https:\\\/\\\/accesstruckparts.com\\\/wp-content\\\/uploads\\\/2018\\\/02\\\/ATP_logo_placeholder_2018.jpg\",\"width\":\"500\",\"height\":\"500\",\"caption\":\"Access Truck Parts\"},\"image\":{\"@id\":\"https:\\\/\\\/accesstruckparts.com\\\/#\\\/schema\\\/logo\\\/image\\\/\"}}]}<\/script>\n<meta property=\"product:price:amount\" content=\"2325.00\" \/>\n<meta property=\"product:price:currency\" content=\"USD\" \/>\n<meta property=\"og:availability\" content=\"instock\" \/>\n<meta property=\"product:availability\" content=\"instock\" \/>\n<meta property=\"product:retailer_item_id\" content=\"101-B69963\" \/>\n<meta property=\"product:condition\" content=\"new\" \/>\n<!-- \/ Yoast SEO Premium plugin. -->","yoast_head_json":{"title":"Comprar Bomba de agua para cami\u00f3n - B3ZQ-S Soporte de motor SAE 5 (Ranura CW) en l\u00ednea en Access Truck Parts","description":"Compre la Bomba de Agua para Cami\u00f3n - B3ZQ-S Soporte de Motor SAE 5 (Ranura CW) con Access Truck Parts. Tenemos los mejores precios del mercado. \u00a1Navegue hoy mismo!","robots":{"index":"index","follow":"follow","max-snippet":"max-snippet:-1","max-image-preview":"max-image-preview:large","max-video-preview":"max-video-preview:-1"},"canonical":"https:\/\/accesstruckparts.com\/es\/producto\/ranura-cw-sae-bomba-de-agua-b3zqs-2\/","og_locale":"es_MX","og_type":"article","og_title":"Water Truck Pump - B3ZQ-S SAE 5 Engine Mount (CW Groove)","og_description":"Shop for Water Truck Pump - B3ZQ-S SAE 5 Engine Mount (CW Groove) with Access Truck Parts. We have the best prices on the market. Browse today!","og_url":"https:\/\/accesstruckparts.com\/es\/producto\/ranura-cw-sae-bomba-de-agua-b3zqs-2\/","og_site_name":"Access Truck Parts","article_modified_time":"2026-05-11T19:06:32+00:00","og_image":[{"width":1200,"height":1200,"url":"https:\/\/accesstruckparts.com\/wp-content\/uploads\/2017\/02\/101-B69963_B3ZQ-S-SAE-5-Engine-Mount-Pump-CW-Groove_Front-1200x1200.jpg.jpg","type":"image\/jpeg"}],"twitter_misc":{"Precio":"&#36;2,325.00","Disponibilidad":"Disponible"},"schema":{"@context":"https:\/\/schema.org","@graph":[{"@type":"WebPage","@id":"https:\/\/accesstruckparts.com\/product\/groove-cw-sae-water-pump-b3zqs\/","url":"https:\/\/accesstruckparts.com\/product\/groove-cw-sae-water-pump-b3zqs\/","name":"Comprar Bomba de agua para cami\u00f3n - B3ZQ-S Soporte de motor SAE 5 (Ranura CW) en l\u00ednea en Access Truck Parts","isPartOf":{"@id":"https:\/\/accesstruckparts.com\/#website"},"primaryImageOfPage":{"@id":"https:\/\/accesstruckparts.com\/product\/groove-cw-sae-water-pump-b3zqs\/#primaryimage"},"image":{"@id":"https:\/\/accesstruckparts.com\/product\/groove-cw-sae-water-pump-b3zqs\/#primaryimage"},"thumbnailUrl":"https:\/\/accesstruckparts.com\/wp-content\/uploads\/2017\/02\/101-B69963_B3ZQ-S-SAE-5-Engine-Mount-Pump-CW-Groove_Front-1200x1200.jpg.jpg","datePublished":"2017-02-23T18:55:00+00:00","dateModified":"2026-05-11T19:06:32+00:00","description":"Compre la Bomba de Agua para Cami\u00f3n - B3ZQ-S Soporte de Motor SAE 5 (Ranura CW) con Access Truck Parts. Tenemos los mejores precios del mercado. \u00a1Navegue hoy mismo!","breadcrumb":{"@id":"https:\/\/accesstruckparts.com\/product\/groove-cw-sae-water-pump-b3zqs\/#breadcrumb"},"inLanguage":"es","potentialAction":[{"@type":"ReadAction","target":["https:\/\/accesstruckparts.com\/product\/groove-cw-sae-water-pump-b3zqs\/"]}]},{"@type":"ImageObject","inLanguage":"es","@id":"https:\/\/accesstruckparts.com\/product\/groove-cw-sae-water-pump-b3zqs\/#primaryimage","url":"https:\/\/accesstruckparts.com\/wp-content\/uploads\/2017\/02\/101-B69963_B3ZQ-S-SAE-5-Engine-Mount-Pump-CW-Groove_Front-1200x1200.jpg.jpg","contentUrl":"https:\/\/accesstruckparts.com\/wp-content\/uploads\/2017\/02\/101-B69963_B3ZQ-S-SAE-5-Engine-Mount-Pump-CW-Groove_Front-1200x1200.jpg.jpg","width":"1200","height":"1200"},{"@type":"BreadcrumbList","@id":"https:\/\/accesstruckparts.com\/product\/groove-cw-sae-water-pump-b3zqs\/#breadcrumb","itemListElement":[{"@type":"ListItem","position":1,"name":"Home","item":"https:\/\/accesstruckparts.com\/"},{"@type":"ListItem","position":2,"name":"Parts","item":"https:\/\/accesstruckparts.com\/parts\/"},{"@type":"ListItem","position":3,"name":"Water Truck Pump - B3ZQ-S SAE 5 Engine Mount (CW Groove)"}]},{"@type":"WebSite","@id":"https:\/\/accesstruckparts.com\/#website","url":"https:\/\/accesstruckparts.com\/","name":"Piezas de camiones Access","description":"Su soluci\u00f3n \u00fanica de piezas para camiones de agua.","publisher":{"@id":"https:\/\/accesstruckparts.com\/#organization"},"potentialAction":[{"@type":"SearchAction","target":{"@type":"EntryPoint","urlTemplate":"https:\/\/accesstruckparts.com\/?s={search_term_string}"},"query-input":{"@type":"PropertyValueSpecification","valueRequired":true,"valueName":"search_term_string"}}],"inLanguage":"es"},{"@type":"Organization","@id":"https:\/\/accesstruckparts.com\/#organization","name":"Piezas de camiones Access","url":"https:\/\/accesstruckparts.com\/","logo":{"@type":"ImageObject","inLanguage":"es","@id":"https:\/\/accesstruckparts.com\/#\/schema\/logo\/image\/","url":"https:\/\/accesstruckparts.com\/wp-content\/uploads\/2018\/02\/ATP_logo_placeholder_2018.jpg","contentUrl":"https:\/\/accesstruckparts.com\/wp-content\/uploads\/2018\/02\/ATP_logo_placeholder_2018.jpg","width":"500","height":"500","caption":"Access Truck Parts"},"image":{"@id":"https:\/\/accesstruckparts.com\/#\/schema\/logo\/image\/"}}]},"product_price_amount":"2325.00","product_price_currency":"USD","og_availability":"instock","product_availability":"instock","product_retailer_item_id":"101-B69963","product_condition":"new"},"_links":{"self":[{"href":"https:\/\/accesstruckparts.com\/es\/wp-json\/wp\/v2\/product\/16116","targetHints":{"allow":["GET"]}}],"collection":[{"href":"https:\/\/accesstruckparts.com\/es\/wp-json\/wp\/v2\/product"}],"about":[{"href":"https:\/\/accesstruckparts.com\/es\/wp-json\/wp\/v2\/types\/product"}],"wp:featuredmedia":[{"embeddable":true,"href":"https:\/\/accesstruckparts.com\/es\/wp-json\/wp\/v2\/media\/18677"}],"wp:attachment":[{"href":"https:\/\/accesstruckparts.com\/es\/wp-json\/wp\/v2\/media?parent=16116"}],"wp:term":[{"taxonomy":"product_brand","embeddable":true,"href":"https:\/\/accesstruckparts.com\/es\/wp-json\/wp\/v2\/product_brand?post=16116"},{"taxonomy":"product_cat","embeddable":true,"href":"https:\/\/accesstruckparts.com\/es\/wp-json\/wp\/v2\/product_cat?post=16116"},{"taxonomy":"product_tag","embeddable":true,"href":"https:\/\/accesstruckparts.com\/es\/wp-json\/wp\/v2\/product_tag?post=16116"}],"curies":[{"name":"wp","href":"https:\/\/api.w.org\/{rel}","templated":true}]}}