{"id":16106,"date":"2017-02-23T11:54:47","date_gmt":"2017-02-23T18:54:47","guid":{"rendered":"https:\/\/accesstruckparts.com\/product\/pump-b6z-cw-flng-rope\/"},"modified":"2026-04-21T00:52:22","modified_gmt":"2026-04-21T07:52:22","slug":"bomba-b6zrh-cw-flng-rope","status":"publish","type":"product","link":"https:\/\/accesstruckparts.com\/es\/product\/pump-b6zrh-cw-flng-rope\/","title":{"rendered":"Bomba de cami\u00f3n cisterna - Sello de cuerda B6ZRH (brida CW)"},"content":{"rendered":"<p>El ATP B6Z <em><strong>En el sentido de las agujas del reloj, sello de cuerda<\/strong><\/em> La bomba de agua de estilo es \u00fatil en aplicaciones en las que se necesita un cami\u00f3n m\u00e1s grande con un mayor volumen de salida de agua, como en las operaciones mineras. Esta bomba es <strong><em>FLANGED<\/em><\/strong> tanto en el lado de succi\u00f3n como en el de descarga.<br \/>\n<!-- Event snippet for Pumps remarketing page --><br \/>\n<script>\n  gtag('event', 'conversion', {\n      'send_to': 'AW-11227823096\/hs3zCKLLkeQYEPj36-kp',\n      'value': 1.0,\n      'currency': 'USD',\n      'aw_remarketing_only': true\n  });\n<\/script><\/p>","protected":false},"excerpt":{"rendered":"<p>B6ZRH Bomba de agua con sello de brida CW (B69501)<\/p>","protected":false},"featured_media":55976,"template":"","meta":[],"product_brand":[],"product_cat":[63],"product_tag":[453,193,220,253,265,214,237],"class_list":{"0":"post-16106","1":"product","2":"type-product","3":"status-publish","4":"has-post-thumbnail","6":"product_cat-water-pumps","7":"product_tag-b6zrh-es","8":"product_tag-clockwise","9":"product_tag-flanged","10":"product_tag-keyed","11":"product_tag-pto","12":"product_tag-rope-seal","13":"product_tag-water-pump","14":"product_shipping_class-ltl_freight","16":"first","17":"instock","18":"taxable","19":"shipping-taxable","20":"purchasable","21":"product-type-simple"},"yoast_head":"<!-- This site is optimized with the Yoast SEO Premium plugin v27.4 (Yoast SEO v27.4) - https:\/\/yoast.com\/product\/yoast-seo-premium-wordpress\/ -->\n<title>Buy Water Truck Pump - B6ZRH Rope Seal (CW Flange) online at Access Truck Parts<\/title>\n<meta name=\"description\" content=\"Shop for Water Truck Pump - B6ZRH Rope Seal (CW Flange) with Access Truck Parts. We have the best prices on the market. Browse today!\" \/>\n<meta name=\"robots\" content=\"index, follow, max-snippet:-1, max-image-preview:large, max-video-preview:-1\" \/>\n<link rel=\"canonical\" href=\"https:\/\/accesstruckparts.com\/es\/producto\/bomba-b6zrh-cw-flng-rope\/\" \/>\n<meta property=\"og:locale\" content=\"es_MX\" \/>\n<meta property=\"og:type\" content=\"article\" \/>\n<meta property=\"og:title\" content=\"Water Truck Pump - B6ZRH Rope Seal (CW Flange)\" \/>\n<meta property=\"og:description\" content=\"Shop for Water Truck Pump - B6ZRH Rope Seal (CW Flange) with Access Truck Parts. We have the best prices on the market. Browse today!\" \/>\n<meta property=\"og:url\" content=\"https:\/\/accesstruckparts.com\/es\/producto\/bomba-b6zrh-cw-flng-rope\/\" \/>\n<meta property=\"og:site_name\" content=\"Access Truck Parts\" \/>\n<meta property=\"article:modified_time\" content=\"2026-04-21T07:52:22+00:00\" \/>\n<meta property=\"og:image\" content=\"https:\/\/accesstruckparts.com\/wp-content\/uploads\/2017\/02\/101-B69501_B6Z-CW-Flanged-Rope-Seal-Pump_1200x1200-sRGB-02.png\" \/>\n\t<meta property=\"og:image:width\" content=\"1200\" \/>\n\t<meta property=\"og:image:height\" content=\"1200\" \/>\n\t<meta property=\"og:image:type\" content=\"image\/png\" \/>\n<meta name=\"twitter:label1\" content=\"Precio\" \/>\n\t<meta name=\"twitter:data1\" content=\"&#036;2,799.95\" \/>\n\t<meta name=\"twitter:label2\" content=\"Disponibilidad\" \/>\n\t<meta name=\"twitter:data2\" content=\"Disponible\" \/>\n<script type=\"application\/ld+json\" class=\"yoast-schema-graph\">{\"@context\":\"https:\\\/\\\/schema.org\",\"@graph\":[{\"@type\":\"WebPage\",\"@id\":\"https:\\\/\\\/accesstruckparts.com\\\/product\\\/pump-b6zrh-cw-flng-rope\\\/\",\"url\":\"https:\\\/\\\/accesstruckparts.com\\\/product\\\/pump-b6zrh-cw-flng-rope\\\/\",\"name\":\"Buy Water Truck Pump - B6ZRH Rope Seal (CW Flange) online at Access Truck Parts\",\"isPartOf\":{\"@id\":\"https:\\\/\\\/accesstruckparts.com\\\/#website\"},\"primaryImageOfPage\":{\"@id\":\"https:\\\/\\\/accesstruckparts.com\\\/product\\\/pump-b6zrh-cw-flng-rope\\\/#primaryimage\"},\"image\":{\"@id\":\"https:\\\/\\\/accesstruckparts.com\\\/product\\\/pump-b6zrh-cw-flng-rope\\\/#primaryimage\"},\"thumbnailUrl\":\"https:\\\/\\\/accesstruckparts.com\\\/wp-content\\\/uploads\\\/2017\\\/02\\\/101-B69501_B6Z-CW-Flanged-Rope-Seal-Pump_1200x1200-sRGB-02.png\",\"datePublished\":\"2017-02-23T18:54:47+00:00\",\"dateModified\":\"2026-04-21T07:52:22+00:00\",\"description\":\"Shop for Water Truck Pump - B6ZRH Rope Seal (CW Flange) with Access Truck Parts. We have the best prices on the market. Browse today!\",\"breadcrumb\":{\"@id\":\"https:\\\/\\\/accesstruckparts.com\\\/product\\\/pump-b6zrh-cw-flng-rope\\\/#breadcrumb\"},\"inLanguage\":\"es\",\"potentialAction\":[{\"@type\":\"ReadAction\",\"target\":[\"https:\\\/\\\/accesstruckparts.com\\\/product\\\/pump-b6zrh-cw-flng-rope\\\/\"]}]},{\"@type\":\"ImageObject\",\"inLanguage\":\"es\",\"@id\":\"https:\\\/\\\/accesstruckparts.com\\\/product\\\/pump-b6zrh-cw-flng-rope\\\/#primaryimage\",\"url\":\"https:\\\/\\\/accesstruckparts.com\\\/wp-content\\\/uploads\\\/2017\\\/02\\\/101-B69501_B6Z-CW-Flanged-Rope-Seal-Pump_1200x1200-sRGB-02.png\",\"contentUrl\":\"https:\\\/\\\/accesstruckparts.com\\\/wp-content\\\/uploads\\\/2017\\\/02\\\/101-B69501_B6Z-CW-Flanged-Rope-Seal-Pump_1200x1200-sRGB-02.png\",\"width\":1200,\"height\":1200},{\"@type\":\"BreadcrumbList\",\"@id\":\"https:\\\/\\\/accesstruckparts.com\\\/product\\\/pump-b6zrh-cw-flng-rope\\\/#breadcrumb\",\"itemListElement\":[{\"@type\":\"ListItem\",\"position\":1,\"name\":\"Home\",\"item\":\"https:\\\/\\\/accesstruckparts.com\\\/\"},{\"@type\":\"ListItem\",\"position\":2,\"name\":\"Parts\",\"item\":\"https:\\\/\\\/accesstruckparts.com\\\/parts\\\/\"},{\"@type\":\"ListItem\",\"position\":3,\"name\":\"Water Truck Pump - B6ZRH Rope Seal (CW Flange)\"}]},{\"@type\":\"WebSite\",\"@id\":\"https:\\\/\\\/accesstruckparts.com\\\/#website\",\"url\":\"https:\\\/\\\/accesstruckparts.com\\\/\",\"name\":\"Access Truck Parts\",\"description\":\"Your One Stop Water Truck Parts Solution.\",\"publisher\":{\"@id\":\"https:\\\/\\\/accesstruckparts.com\\\/#organization\"},\"potentialAction\":[{\"@type\":\"SearchAction\",\"target\":{\"@type\":\"EntryPoint\",\"urlTemplate\":\"https:\\\/\\\/accesstruckparts.com\\\/?s={search_term_string}\"},\"query-input\":{\"@type\":\"PropertyValueSpecification\",\"valueRequired\":true,\"valueName\":\"search_term_string\"}}],\"inLanguage\":\"es\"},{\"@type\":\"Organization\",\"@id\":\"https:\\\/\\\/accesstruckparts.com\\\/#organization\",\"name\":\"Access Truck Parts\",\"url\":\"https:\\\/\\\/accesstruckparts.com\\\/\",\"logo\":{\"@type\":\"ImageObject\",\"inLanguage\":\"es\",\"@id\":\"https:\\\/\\\/accesstruckparts.com\\\/#\\\/schema\\\/logo\\\/image\\\/\",\"url\":\"https:\\\/\\\/accesstruckparts.com\\\/wp-content\\\/uploads\\\/2018\\\/02\\\/ATP_logo_placeholder_2018.jpg\",\"contentUrl\":\"https:\\\/\\\/accesstruckparts.com\\\/wp-content\\\/uploads\\\/2018\\\/02\\\/ATP_logo_placeholder_2018.jpg\",\"width\":\"500\",\"height\":\"500\",\"caption\":\"Access Truck Parts\"},\"image\":{\"@id\":\"https:\\\/\\\/accesstruckparts.com\\\/#\\\/schema\\\/logo\\\/image\\\/\"}}]}<\/script>\n<meta property=\"product:price:amount\" content=\"2799.95\" \/>\n<meta property=\"product:price:currency\" content=\"USD\" \/>\n<meta property=\"og:availability\" content=\"instock\" \/>\n<meta property=\"product:availability\" content=\"instock\" \/>\n<meta property=\"product:retailer_item_id\" content=\"101-B69501\" \/>\n<meta property=\"product:condition\" content=\"new\" \/>\n<!-- \/ Yoast SEO Premium plugin. -->","yoast_head_json":{"title":"Comprar Bomba para cami\u00f3n cisterna - B6ZRH Sello de cuerda (brida CW) en l\u00ednea en Access Truck Parts","description":"Compre la bomba para cami\u00f3n cisterna - B6ZRH Sello de cuerda (brida CW) con Access Truck Parts. Tenemos los mejores precios del mercado. \u00a1Navegue hoy mismo!","robots":{"index":"index","follow":"follow","max-snippet":"max-snippet:-1","max-image-preview":"max-image-preview:large","max-video-preview":"max-video-preview:-1"},"canonical":"https:\/\/accesstruckparts.com\/es\/producto\/bomba-b6zrh-cw-flng-rope\/","og_locale":"es_MX","og_type":"article","og_title":"Water Truck Pump - B6ZRH Rope Seal (CW Flange)","og_description":"Shop for Water Truck Pump - B6ZRH Rope Seal (CW Flange) with Access Truck Parts. We have the best prices on the market. Browse today!","og_url":"https:\/\/accesstruckparts.com\/es\/producto\/bomba-b6zrh-cw-flng-rope\/","og_site_name":"Access Truck Parts","article_modified_time":"2026-04-21T07:52:22+00:00","og_image":[{"width":1200,"height":1200,"url":"https:\/\/accesstruckparts.com\/wp-content\/uploads\/2017\/02\/101-B69501_B6Z-CW-Flanged-Rope-Seal-Pump_1200x1200-sRGB-02.png","type":"image\/png"}],"twitter_misc":{"Precio":"&#36;2,799.95","Disponibilidad":"Disponible"},"schema":{"@context":"https:\/\/schema.org","@graph":[{"@type":"WebPage","@id":"https:\/\/accesstruckparts.com\/product\/pump-b6zrh-cw-flng-rope\/","url":"https:\/\/accesstruckparts.com\/product\/pump-b6zrh-cw-flng-rope\/","name":"Comprar Bomba para cami\u00f3n cisterna - B6ZRH Sello de cuerda (brida CW) en l\u00ednea en Access Truck Parts","isPartOf":{"@id":"https:\/\/accesstruckparts.com\/#website"},"primaryImageOfPage":{"@id":"https:\/\/accesstruckparts.com\/product\/pump-b6zrh-cw-flng-rope\/#primaryimage"},"image":{"@id":"https:\/\/accesstruckparts.com\/product\/pump-b6zrh-cw-flng-rope\/#primaryimage"},"thumbnailUrl":"https:\/\/accesstruckparts.com\/wp-content\/uploads\/2017\/02\/101-B69501_B6Z-CW-Flanged-Rope-Seal-Pump_1200x1200-sRGB-02.png","datePublished":"2017-02-23T18:54:47+00:00","dateModified":"2026-04-21T07:52:22+00:00","description":"Compre la bomba para cami\u00f3n cisterna - B6ZRH Sello de cuerda (brida CW) con Access Truck Parts. Tenemos los mejores precios del mercado. \u00a1Navegue hoy mismo!","breadcrumb":{"@id":"https:\/\/accesstruckparts.com\/product\/pump-b6zrh-cw-flng-rope\/#breadcrumb"},"inLanguage":"es","potentialAction":[{"@type":"ReadAction","target":["https:\/\/accesstruckparts.com\/product\/pump-b6zrh-cw-flng-rope\/"]}]},{"@type":"ImageObject","inLanguage":"es","@id":"https:\/\/accesstruckparts.com\/product\/pump-b6zrh-cw-flng-rope\/#primaryimage","url":"https:\/\/accesstruckparts.com\/wp-content\/uploads\/2017\/02\/101-B69501_B6Z-CW-Flanged-Rope-Seal-Pump_1200x1200-sRGB-02.png","contentUrl":"https:\/\/accesstruckparts.com\/wp-content\/uploads\/2017\/02\/101-B69501_B6Z-CW-Flanged-Rope-Seal-Pump_1200x1200-sRGB-02.png","width":1200,"height":1200},{"@type":"BreadcrumbList","@id":"https:\/\/accesstruckparts.com\/product\/pump-b6zrh-cw-flng-rope\/#breadcrumb","itemListElement":[{"@type":"ListItem","position":1,"name":"Home","item":"https:\/\/accesstruckparts.com\/"},{"@type":"ListItem","position":2,"name":"Parts","item":"https:\/\/accesstruckparts.com\/parts\/"},{"@type":"ListItem","position":3,"name":"Water Truck Pump - B6ZRH Rope Seal (CW Flange)"}]},{"@type":"WebSite","@id":"https:\/\/accesstruckparts.com\/#website","url":"https:\/\/accesstruckparts.com\/","name":"Piezas de camiones Access","description":"Su soluci\u00f3n \u00fanica de piezas para camiones de agua.","publisher":{"@id":"https:\/\/accesstruckparts.com\/#organization"},"potentialAction":[{"@type":"SearchAction","target":{"@type":"EntryPoint","urlTemplate":"https:\/\/accesstruckparts.com\/?s={search_term_string}"},"query-input":{"@type":"PropertyValueSpecification","valueRequired":true,"valueName":"search_term_string"}}],"inLanguage":"es"},{"@type":"Organization","@id":"https:\/\/accesstruckparts.com\/#organization","name":"Piezas de camiones Access","url":"https:\/\/accesstruckparts.com\/","logo":{"@type":"ImageObject","inLanguage":"es","@id":"https:\/\/accesstruckparts.com\/#\/schema\/logo\/image\/","url":"https:\/\/accesstruckparts.com\/wp-content\/uploads\/2018\/02\/ATP_logo_placeholder_2018.jpg","contentUrl":"https:\/\/accesstruckparts.com\/wp-content\/uploads\/2018\/02\/ATP_logo_placeholder_2018.jpg","width":"500","height":"500","caption":"Access Truck Parts"},"image":{"@id":"https:\/\/accesstruckparts.com\/#\/schema\/logo\/image\/"}}]},"product_price_amount":"2799.95","product_price_currency":"USD","og_availability":"instock","product_availability":"instock","product_retailer_item_id":"101-B69501","product_condition":"new"},"_links":{"self":[{"href":"https:\/\/accesstruckparts.com\/es\/wp-json\/wp\/v2\/product\/16106","targetHints":{"allow":["GET"]}}],"collection":[{"href":"https:\/\/accesstruckparts.com\/es\/wp-json\/wp\/v2\/product"}],"about":[{"href":"https:\/\/accesstruckparts.com\/es\/wp-json\/wp\/v2\/types\/product"}],"wp:featuredmedia":[{"embeddable":true,"href":"https:\/\/accesstruckparts.com\/es\/wp-json\/wp\/v2\/media\/55976"}],"wp:attachment":[{"href":"https:\/\/accesstruckparts.com\/es\/wp-json\/wp\/v2\/media?parent=16106"}],"wp:term":[{"taxonomy":"product_brand","embeddable":true,"href":"https:\/\/accesstruckparts.com\/es\/wp-json\/wp\/v2\/product_brand?post=16106"},{"taxonomy":"product_cat","embeddable":true,"href":"https:\/\/accesstruckparts.com\/es\/wp-json\/wp\/v2\/product_cat?post=16106"},{"taxonomy":"product_tag","embeddable":true,"href":"https:\/\/accesstruckparts.com\/es\/wp-json\/wp\/v2\/product_tag?post=16106"}],"curies":[{"name":"wp","href":"https:\/\/api.w.org\/{rel}","templated":true}]}}