{"id":10208,"date":"2017-02-17T12:13:12","date_gmt":"2017-02-17T19:13:12","guid":{"rendered":"https:\/\/accesstruckparts.com\/?post_type=product&#038;p=10208"},"modified":"2026-04-19T02:20:57","modified_gmt":"2026-04-19T09:20:57","slug":"kit-de-manguera-de-1-carrete","status":"publish","type":"product","link":"https:\/\/accesstruckparts.com\/es\/product\/1-hose-reel-kit\/","title":{"rendered":"Kit de carrete de manguera Coxreels\u00ae 1\u2033."},"content":{"rendered":"<p><a class=\"productLink\" href=\"https:\/\/accesstruckparts.com\/es\/guia-de-revision-de-coxreels\/\">*Los carretes de la marca Foxreels\u00ae han revisado su dise\u00f1o. Consulte nuestra gu\u00eda para obtener m\u00e1s informaci\u00f3n.*<\/a><\/p>\n<p>Nuestros kits de carretes de manguera de 1\u2033 cuentan con un carrete de manguera de rebobinado manual Coxreels\u00ae fabricado con una construcci\u00f3n de acero de grado profesional, bordes laminados y discos acanalados para mayor resistencia y seguridad. El bastidor en forma de A de acero de calibre 12, de una sola pieza y soldado rob\u00f3ticamente, proporciona un soporte y una estabilidad superiores al carrete, a la vez que mantiene un c\u00f3modo patr\u00f3n de montaje para una instalaci\u00f3n\/retirada sencilla. Otras caracter\u00edsticas incluyen un acabado con recubrimiento de polvo, rodamientos de precisi\u00f3n con lubricaci\u00f3n permanente y todo lo que necesita, excepto la torniller\u00eda, para completar su instalaci\u00f3n (se recomiendan pernos de grado A).<\/p>\n<p>Por favor, tenga en cuenta que hay un cargo adicional por flete sobredimensionado asociado a este art\u00edculo debido a sus grandes dimensiones. Puede haber opciones de env\u00edo alternativas m\u00e1s baratas para pedidos grandes si nos llama al  <a href=\"tel:523319341433\">+52 (3) 319341433<\/a> .<\/p>","protected":false},"excerpt":{"rendered":"<p>Carrete de manguera de 1\u2033 x 50\u2032<\/p>","protected":false},"featured_media":44799,"template":"","meta":[],"product_brand":[],"product_cat":[71],"product_tag":[294,308,295,298,299],"class_list":{"0":"post-10208","1":"product","2":"type-product","3":"status-publish","4":"has-post-thumbnail","6":"product_cat-hose-reels","7":"product_tag-294","8":"product_tag-coxreels","9":"product_tag-kit","10":"product_tag-reels","11":"product_tag-water-hose","12":"product_shipping_class-oversized","14":"first","15":"onbackorder","16":"taxable","17":"shipping-taxable","18":"purchasable","19":"product-type-simple"},"yoast_head":"<!-- This site is optimized with the Yoast SEO Premium plugin v27.4 (Yoast SEO v27.4) - https:\/\/yoast.com\/product\/yoast-seo-premium-wordpress\/ -->\n<title>Buy Coxreels\u00ae 1&quot; Hose Reel Kit online at Access Truck Parts<\/title>\n<meta name=\"description\" content=\"Shop for Coxreels\u00ae 1&quot; Hose Reel Kit with Access Truck Parts. We have the best prices on the market. Browse today!\" \/>\n<meta name=\"robots\" content=\"index, follow, max-snippet:-1, max-image-preview:large, max-video-preview:-1\" \/>\n<link rel=\"canonical\" href=\"https:\/\/accesstruckparts.com\/es\/producto\/kit-de-manguera-de-1-carrete\/\" \/>\n<meta property=\"og:locale\" content=\"es_MX\" \/>\n<meta property=\"og:type\" content=\"article\" \/>\n<meta property=\"og:title\" content=\"Coxreels\u00ae 1&quot; Hose Reel Kit\" \/>\n<meta property=\"og:description\" content=\"Shop for Coxreels\u00ae 1&quot; Hose Reel Kit with Access Truck Parts. We have the best prices on the market. Browse today!\" \/>\n<meta property=\"og:url\" content=\"https:\/\/accesstruckparts.com\/es\/producto\/kit-de-manguera-de-1-carrete\/\" \/>\n<meta property=\"og:site_name\" content=\"Access Truck Parts\" \/>\n<meta property=\"article:modified_time\" content=\"2026-04-19T09:20:57+00:00\" \/>\n<meta property=\"og:image\" content=\"https:\/\/accesstruckparts.com\/wp-content\/uploads\/2017\/02\/291-1175-6-50-KIT_1in-Hose-Reel-Kit_1200x1200-sRGB-3.png\" \/>\n\t<meta property=\"og:image:width\" content=\"1200\" \/>\n\t<meta property=\"og:image:height\" content=\"1200\" \/>\n\t<meta property=\"og:image:type\" content=\"image\/png\" \/>\n<meta name=\"twitter:label1\" content=\"Precio\" \/>\n\t<meta name=\"twitter:data1\" content=\"&#036;1,599.95\" \/>\n\t<meta name=\"twitter:label2\" content=\"Disponibilidad\" \/>\n\t<meta name=\"twitter:data2\" content=\"Disponible para reservar\" \/>\n<script type=\"application\/ld+json\" class=\"yoast-schema-graph\">{\"@context\":\"https:\\\/\\\/schema.org\",\"@graph\":[{\"@type\":\"WebPage\",\"@id\":\"https:\\\/\\\/accesstruckparts.com\\\/product\\\/1-hose-reel-kit\\\/\",\"url\":\"https:\\\/\\\/accesstruckparts.com\\\/product\\\/1-hose-reel-kit\\\/\",\"name\":\"Buy Coxreels\u00ae 1\\\" Hose Reel Kit online at Access Truck Parts\",\"isPartOf\":{\"@id\":\"https:\\\/\\\/accesstruckparts.com\\\/#website\"},\"primaryImageOfPage\":{\"@id\":\"https:\\\/\\\/accesstruckparts.com\\\/product\\\/1-hose-reel-kit\\\/#primaryimage\"},\"image\":{\"@id\":\"https:\\\/\\\/accesstruckparts.com\\\/product\\\/1-hose-reel-kit\\\/#primaryimage\"},\"thumbnailUrl\":\"https:\\\/\\\/accesstruckparts.com\\\/wp-content\\\/uploads\\\/2017\\\/02\\\/291-1175-6-50-KIT_1in-Hose-Reel-Kit_1200x1200-sRGB-3.png\",\"datePublished\":\"2017-02-17T19:13:12+00:00\",\"dateModified\":\"2026-04-19T09:20:57+00:00\",\"description\":\"Shop for Coxreels\u00ae 1\\\" Hose Reel Kit with Access Truck Parts. We have the best prices on the market. Browse today!\",\"breadcrumb\":{\"@id\":\"https:\\\/\\\/accesstruckparts.com\\\/product\\\/1-hose-reel-kit\\\/#breadcrumb\"},\"inLanguage\":\"es\",\"potentialAction\":[{\"@type\":\"ReadAction\",\"target\":[\"https:\\\/\\\/accesstruckparts.com\\\/product\\\/1-hose-reel-kit\\\/\"]}]},{\"@type\":\"ImageObject\",\"inLanguage\":\"es\",\"@id\":\"https:\\\/\\\/accesstruckparts.com\\\/product\\\/1-hose-reel-kit\\\/#primaryimage\",\"url\":\"https:\\\/\\\/accesstruckparts.com\\\/wp-content\\\/uploads\\\/2017\\\/02\\\/291-1175-6-50-KIT_1in-Hose-Reel-Kit_1200x1200-sRGB-3.png\",\"contentUrl\":\"https:\\\/\\\/accesstruckparts.com\\\/wp-content\\\/uploads\\\/2017\\\/02\\\/291-1175-6-50-KIT_1in-Hose-Reel-Kit_1200x1200-sRGB-3.png\",\"width\":1200,\"height\":1200},{\"@type\":\"BreadcrumbList\",\"@id\":\"https:\\\/\\\/accesstruckparts.com\\\/product\\\/1-hose-reel-kit\\\/#breadcrumb\",\"itemListElement\":[{\"@type\":\"ListItem\",\"position\":1,\"name\":\"Home\",\"item\":\"https:\\\/\\\/accesstruckparts.com\\\/\"},{\"@type\":\"ListItem\",\"position\":2,\"name\":\"Parts\",\"item\":\"https:\\\/\\\/accesstruckparts.com\\\/parts\\\/\"},{\"@type\":\"ListItem\",\"position\":3,\"name\":\"Coxreels\u00ae 1\\\" Hose Reel Kit\"}]},{\"@type\":\"WebSite\",\"@id\":\"https:\\\/\\\/accesstruckparts.com\\\/#website\",\"url\":\"https:\\\/\\\/accesstruckparts.com\\\/\",\"name\":\"Access Truck Parts\",\"description\":\"Your One Stop Water Truck Parts Solution.\",\"publisher\":{\"@id\":\"https:\\\/\\\/accesstruckparts.com\\\/#organization\"},\"potentialAction\":[{\"@type\":\"SearchAction\",\"target\":{\"@type\":\"EntryPoint\",\"urlTemplate\":\"https:\\\/\\\/accesstruckparts.com\\\/?s={search_term_string}\"},\"query-input\":{\"@type\":\"PropertyValueSpecification\",\"valueRequired\":true,\"valueName\":\"search_term_string\"}}],\"inLanguage\":\"es\"},{\"@type\":\"Organization\",\"@id\":\"https:\\\/\\\/accesstruckparts.com\\\/#organization\",\"name\":\"Access Truck Parts\",\"url\":\"https:\\\/\\\/accesstruckparts.com\\\/\",\"logo\":{\"@type\":\"ImageObject\",\"inLanguage\":\"es\",\"@id\":\"https:\\\/\\\/accesstruckparts.com\\\/#\\\/schema\\\/logo\\\/image\\\/\",\"url\":\"https:\\\/\\\/accesstruckparts.com\\\/wp-content\\\/uploads\\\/2018\\\/02\\\/ATP_logo_placeholder_2018.jpg\",\"contentUrl\":\"https:\\\/\\\/accesstruckparts.com\\\/wp-content\\\/uploads\\\/2018\\\/02\\\/ATP_logo_placeholder_2018.jpg\",\"width\":\"500\",\"height\":\"500\",\"caption\":\"Access Truck Parts\"},\"image\":{\"@id\":\"https:\\\/\\\/accesstruckparts.com\\\/#\\\/schema\\\/logo\\\/image\\\/\"}}]}<\/script>\n<meta property=\"product:price:amount\" content=\"1599.95\" \/>\n<meta property=\"product:price:currency\" content=\"USD\" \/>\n<meta property=\"og:availability\" content=\"backorder\" \/>\n<meta property=\"product:availability\" content=\"available for order\" \/>\n<meta property=\"product:retailer_item_id\" content=\"291-1175-6-50-KIT\" \/>\n<meta property=\"product:condition\" content=\"new\" \/>\n<!-- \/ Yoast SEO Premium plugin. -->","yoast_head_json":{"title":"Compre el kit de carrete de manguera Coxreels\u00ae de 1\" en l\u00ednea en Access Truck Parts","description":"Compre el kit de carrete de manguera Coxreels\u00ae de 1\" con piezas de cami\u00f3n de acceso. Tenemos los mejores precios del mercado. \u00a1Busque hoy mismo!","robots":{"index":"index","follow":"follow","max-snippet":"max-snippet:-1","max-image-preview":"max-image-preview:large","max-video-preview":"max-video-preview:-1"},"canonical":"https:\/\/accesstruckparts.com\/es\/producto\/kit-de-manguera-de-1-carrete\/","og_locale":"es_MX","og_type":"article","og_title":"Coxreels\u00ae 1\" Hose Reel Kit","og_description":"Shop for Coxreels\u00ae 1\" Hose Reel Kit with Access Truck Parts. We have the best prices on the market. Browse today!","og_url":"https:\/\/accesstruckparts.com\/es\/producto\/kit-de-manguera-de-1-carrete\/","og_site_name":"Access Truck Parts","article_modified_time":"2026-04-19T09:20:57+00:00","og_image":[{"width":1200,"height":1200,"url":"https:\/\/accesstruckparts.com\/wp-content\/uploads\/2017\/02\/291-1175-6-50-KIT_1in-Hose-Reel-Kit_1200x1200-sRGB-3.png","type":"image\/png"}],"twitter_misc":{"Precio":"&#36;1,599.95","Disponibilidad":"Disponible para reservar"},"schema":{"@context":"https:\/\/schema.org","@graph":[{"@type":"WebPage","@id":"https:\/\/accesstruckparts.com\/product\/1-hose-reel-kit\/","url":"https:\/\/accesstruckparts.com\/product\/1-hose-reel-kit\/","name":"Compre el kit de carrete de manguera Coxreels\u00ae de 1\" en l\u00ednea en Access Truck Parts","isPartOf":{"@id":"https:\/\/accesstruckparts.com\/#website"},"primaryImageOfPage":{"@id":"https:\/\/accesstruckparts.com\/product\/1-hose-reel-kit\/#primaryimage"},"image":{"@id":"https:\/\/accesstruckparts.com\/product\/1-hose-reel-kit\/#primaryimage"},"thumbnailUrl":"https:\/\/accesstruckparts.com\/wp-content\/uploads\/2017\/02\/291-1175-6-50-KIT_1in-Hose-Reel-Kit_1200x1200-sRGB-3.png","datePublished":"2017-02-17T19:13:12+00:00","dateModified":"2026-04-19T09:20:57+00:00","description":"Compre el kit de carrete de manguera Coxreels\u00ae de 1\" con piezas de cami\u00f3n de acceso. Tenemos los mejores precios del mercado. \u00a1Busque hoy mismo!","breadcrumb":{"@id":"https:\/\/accesstruckparts.com\/product\/1-hose-reel-kit\/#breadcrumb"},"inLanguage":"es","potentialAction":[{"@type":"ReadAction","target":["https:\/\/accesstruckparts.com\/product\/1-hose-reel-kit\/"]}]},{"@type":"ImageObject","inLanguage":"es","@id":"https:\/\/accesstruckparts.com\/product\/1-hose-reel-kit\/#primaryimage","url":"https:\/\/accesstruckparts.com\/wp-content\/uploads\/2017\/02\/291-1175-6-50-KIT_1in-Hose-Reel-Kit_1200x1200-sRGB-3.png","contentUrl":"https:\/\/accesstruckparts.com\/wp-content\/uploads\/2017\/02\/291-1175-6-50-KIT_1in-Hose-Reel-Kit_1200x1200-sRGB-3.png","width":1200,"height":1200},{"@type":"BreadcrumbList","@id":"https:\/\/accesstruckparts.com\/product\/1-hose-reel-kit\/#breadcrumb","itemListElement":[{"@type":"ListItem","position":1,"name":"Home","item":"https:\/\/accesstruckparts.com\/"},{"@type":"ListItem","position":2,"name":"Parts","item":"https:\/\/accesstruckparts.com\/parts\/"},{"@type":"ListItem","position":3,"name":"Coxreels\u00ae 1\" Hose Reel Kit"}]},{"@type":"WebSite","@id":"https:\/\/accesstruckparts.com\/#website","url":"https:\/\/accesstruckparts.com\/","name":"Piezas de camiones Access","description":"Su soluci\u00f3n \u00fanica de piezas para camiones de agua.","publisher":{"@id":"https:\/\/accesstruckparts.com\/#organization"},"potentialAction":[{"@type":"SearchAction","target":{"@type":"EntryPoint","urlTemplate":"https:\/\/accesstruckparts.com\/?s={search_term_string}"},"query-input":{"@type":"PropertyValueSpecification","valueRequired":true,"valueName":"search_term_string"}}],"inLanguage":"es"},{"@type":"Organization","@id":"https:\/\/accesstruckparts.com\/#organization","name":"Piezas de camiones Access","url":"https:\/\/accesstruckparts.com\/","logo":{"@type":"ImageObject","inLanguage":"es","@id":"https:\/\/accesstruckparts.com\/#\/schema\/logo\/image\/","url":"https:\/\/accesstruckparts.com\/wp-content\/uploads\/2018\/02\/ATP_logo_placeholder_2018.jpg","contentUrl":"https:\/\/accesstruckparts.com\/wp-content\/uploads\/2018\/02\/ATP_logo_placeholder_2018.jpg","width":"500","height":"500","caption":"Access Truck Parts"},"image":{"@id":"https:\/\/accesstruckparts.com\/#\/schema\/logo\/image\/"}}]},"product_price_amount":"1599.95","product_price_currency":"USD","og_availability":"backorder","product_availability":"available for order","product_retailer_item_id":"291-1175-6-50-KIT","product_condition":"new"},"_links":{"self":[{"href":"https:\/\/accesstruckparts.com\/es\/wp-json\/wp\/v2\/product\/10208","targetHints":{"allow":["GET"]}}],"collection":[{"href":"https:\/\/accesstruckparts.com\/es\/wp-json\/wp\/v2\/product"}],"about":[{"href":"https:\/\/accesstruckparts.com\/es\/wp-json\/wp\/v2\/types\/product"}],"wp:featuredmedia":[{"embeddable":true,"href":"https:\/\/accesstruckparts.com\/es\/wp-json\/wp\/v2\/media\/44799"}],"wp:attachment":[{"href":"https:\/\/accesstruckparts.com\/es\/wp-json\/wp\/v2\/media?parent=10208"}],"wp:term":[{"taxonomy":"product_brand","embeddable":true,"href":"https:\/\/accesstruckparts.com\/es\/wp-json\/wp\/v2\/product_brand?post=10208"},{"taxonomy":"product_cat","embeddable":true,"href":"https:\/\/accesstruckparts.com\/es\/wp-json\/wp\/v2\/product_cat?post=10208"},{"taxonomy":"product_tag","embeddable":true,"href":"https:\/\/accesstruckparts.com\/es\/wp-json\/wp\/v2\/product_tag?post=10208"}],"curies":[{"name":"wp","href":"https:\/\/api.w.org\/{rel}","templated":true}]}}