{"id":7006,"date":"2016-07-05T06:49:29","date_gmt":"2016-07-05T13:49:29","guid":{"rendered":"https:\/\/accesstruckparts.com\/?page_id=7006"},"modified":"2026-04-03T11:59:25","modified_gmt":"2026-04-03T18:59:25","slug":"descargas","status":"publish","type":"page","link":"https:\/\/accesstruckparts.com\/es\/downloads\/","title":{"rendered":"Descargas"},"content":{"rendered":"<div id=\"page-header-2028004247\" class=\"page-header-wrapper\">\n  <div class=\"page-title light divided-title\">\n\n    \n    <div class=\"page-title-inner container align-top flex-row medium-flex-wrap\" >\n              <div class=\"title-wrapper uppercase flex-col text-left medium-text-center\">\n          <h1 class=\"entry-title mb-0\">\n            Descargas          <\/h1>\n        <\/div>\n                    <div class=\"title-content flex-col flex-right text-right medium-text-center\">\n        <div class=\"title-breadcrumbs pb-half pt-half\"><nav class=\"woocommerce-breadcrumb breadcrumbs uppercase\" data-no-translation=\"\" data-trp-gettext=\"\">Shop<\/nav><\/div>      <\/div>\n    <\/div>\n\n       <\/div>\n  <div class=\"container header-wrapper-divider\"><hr\/><\/div>  <\/div>\n  \n<div class=\"row\"  id=\"row-1458022593\">\n\n\t<div id=\"col-30735578\" class=\"col medium-4 small-12 large-4\"  >\n\t\t\t\t<div class=\"col-inner\"  >\n\t\t\t\n\t\t\t\n<h3>Cat\u00e1logos y gu\u00edas<\/h3>\n<p><a href=\"https:\/\/accesstruckparts.com\/wp-content\/uploads\/2026\/04\/ATP-Catalog-8th-2026-2.pdf\" target=\"_blank\" rel=\"noopener noreferrer\">Cat\u00e1logo de piezas para camiones Access<\/a><br \/>\n<a href=\"\/wp-content\/uploads\/2026\/02\/AccessTruckParts-Spanish2026-sm.pdf\" target=\"_blank\" rel=\"noopener noreferrer\">Cat\u00e1logo de Access Truck Parts (en espa\u00f1ol)<\/a><br \/>\n<a href=\"https:\/\/accesstruckparts.com\/pdfs\/ATP_Line-Card.pdf\" target=\"_blank\" rel=\"noopener noreferrer\">Tarjeta de la l\u00ednea de piezas de camiones Access<\/a><br \/>\n<a href=\"https:\/\/accesstruckparts.com\/pdfs\/ATP-Centrifugal-Water-Pump-Maintenance-Guide.pdf\" target=\"_blank\" rel=\"noopener noreferrer\">Gu\u00eda de mantenimiento de la bomba<\/a><br \/>\n<a href=\"https:\/\/accesstruckparts.com\/pdfs\/ATP_Rope-Seal-Pump-Guide.pdf\" target=\"_blank\" rel=\"noopener noreferrer\">Gu\u00eda de la bomba con sello de cuerda<\/a><br \/>\n<a href=\"https:\/\/accesstruckparts.com\/pdfs\/ATP-Pump-Maintenance-Guide_Booklet-2up-Web.pdf\" target=\"_blank\" rel=\"noopener noreferrer\">Gu\u00eda de bombas centr\u00edfugas<\/a><br \/>\n<a href=\"https:\/\/accesstruckparts.com\/pdfs\/ATP_Website_Troubleshooting_Guide.pdf\" target=\"_blank\" rel=\"noopener noreferrer\">Gu\u00eda para la resoluci\u00f3n de problemas del sitio web<\/a><br \/>\n<a href=\"https:\/\/accesstruckparts.com\/pdfs\/ATP_Coxreel_Revision_Guide.pdf\" target=\"_blank\" rel=\"noopener noreferrer\">Gu\u00eda de revisi\u00f3n de Coxreel<\/a><br \/>\n<a href=\"https:\/\/accesstruckparts.com\/pdfs\/ATP-Hose-Reel-Assembly-Instructions_SinglePages-Rev-5.pdf\" target=\"_blank\" rel=\"noopener noreferrer\">Instrucciones de montaje del carrete de manguera<\/a><br \/>\n<a href=\"https:\/\/accesstruckparts.com\/pdfs\/ATP-Fire-Hose-Thread-Guide.pdf\" target=\"_blank\" rel=\"noopener noreferrer\">Gu\u00eda de la rosca de la manguera contra incendios<\/a><br \/>\n<a href=\"https:\/\/accesstruckparts.com\/pdfs\/ATP-288-TSKD20-40SS_12V-24V-Electric-Water-Cannon-Spec-Sheet.pdf\" target=\"_blank\" rel=\"noopener noreferrer\">Hoja de especificaciones e instrucciones del ca\u00f1\u00f3n Tempest<\/a><\/p>\n<h3>Pol\u00edticas y aplicaciones<\/h3>\n<p><a href=\"https:\/\/accesstruckparts.com\/pdfs\/Access-Truck-Parts_Privacy-Policy.pdf\" target=\"_blank\" rel=\"noopener noreferrer\">Pol\u00edtica de privacidad<\/a><br \/>\n<a href=\"https:\/\/accesstruckparts.com\/pdfs\/Access-Truck-Parts_Return-Policy.pdf\" target=\"_blank\" rel=\"noopener noreferrer\">Pol\u00edtica de devoluciones<\/a><br \/>\n<a href=\"https:\/\/accesstruckparts.com\/pdfs\/ATP-Credit-Application.pdf\" target=\"_blank\" rel=\"noopener noreferrer\">Solicitud de cr\u00e9dito neto 30<\/a><br \/>\n<a href=\"https:\/\/accesstruckparts.com\/pdfs\/ATP-Authorized-Online-Purchaser-Application.pdf\" target=\"_blank\" rel=\"noopener noreferrer\">Solicitud de comprador autorizado en l\u00ednea<\/a><\/p>\n<h3>Curvas de rendimiento<\/h3>\n<p><a href=\"https:\/\/accesstruckparts.com\/pdfs\/ATP_Pump-Performance-Curves_B6Z.pdf\" target=\"_blank\" rel=\"noopener noreferrer\">Curvas de rendimiento del B6Z<\/a><br \/>\n<a href=\"https:\/\/accesstruckparts.com\/pdfs\/ATP_Pump-Performance-Curves_B4Z.pdf\" target=\"_blank\" rel=\"noopener noreferrer\">Curvas de rendimiento B4Z<\/a><br \/>\n<a href=\"https:\/\/accesstruckparts.com\/pdfs\/ATP_Pump-Performance-Curves_B4J.pdf\" target=\"_blank\" rel=\"noopener noreferrer\">Curvas de rendimiento del B4J<\/a><br \/>\n<a href=\"https:\/\/accesstruckparts.com\/pdfs\/ATP_Pump-Performance-Curves_B3Z.pdf\" target=\"_blank\" rel=\"noopener noreferrer\">Curvas de rendimiento del B3Z<\/a><br \/>\n<a href=\"https:\/\/accesstruckparts.com\/pdfs\/ATP_Pump-Performance-Curves_B3J.pdf\" target=\"_blank\" rel=\"noopener noreferrer\">Curvas de rendimiento del B3J<\/a><br \/>\n<a href=\"https:\/\/accesstruckparts.com\/pdfs\/ATP_Pump-Performance-Curves_101-XA80-26.pdf\" target=\"_blank\" rel=\"noopener noreferrer\">101-XA80-26 Curvas de rendimiento<\/a><\/p>\n\t\t<\/div>\n\t\t\t\t\t<\/div>\n\n\t\n\n\t<div id=\"col-1107574823\" class=\"col medium-4 small-12 large-4\"  >\n\t\t\t\t<div class=\"col-inner\"  >\n\t\t\t\n\t\t\t\n<h3>Diagramas de las piezas<\/h3>\n<p><a href=\"https:\/\/accesstruckparts.com\/pdfs\/ATP-Hydraulic-Adapter-Instructions.pdf\" target=\"_blank\" rel=\"noopener noreferrer\">Instrucciones del adaptador hidr\u00e1ulico<\/a><br \/>\n<a href=\"https:\/\/accesstruckparts.com\/pdfs\/ATP_Parts_Guide-B6ZRH_Water_Pump.pdf\" target=\"_blank\" rel=\"noopener noreferrer\">Bomba de agua B6ZRH<\/a><br \/>\n<a href=\"https:\/\/accesstruckparts.com\/pdfs\/ATP_Parts_Guide-B3JRMBMS_High_Pressure_Pump.pdf\" target=\"_blank\" rel=\"noopener noreferrer\">Bomba de alta presi\u00f3n B3JRMBMS<\/a><br \/>\n<a href=\"https:\/\/accesstruckparts.com\/pdfs\/ATP_Parts_Guide-B4Z_Self_Priming_Pump.pdf\" target=\"_blank\" rel=\"noopener noreferrer\">Bomba autocebante B4Z<\/a><br \/>\n<a href=\"https:\/\/accesstruckparts.com\/pdfs\/ATP_Parts_Guide-B4JRMBHS_5x4_Mechanical_Seal_Pump.pdf\" target=\"_blank\" rel=\"noopener noreferrer\">Bomba estriada B4J 5\u00d74<\/a><br \/>\n<a href=\"https:\/\/accesstruckparts.com\/pdfs\/ATP_Parts_Guide-B4JRMBHS_5x4_Keyed_Rope_Seal_Pump.pdf\" target=\"_blank\" rel=\"noopener noreferrer\">Bomba con llave B4J 5\u00d74<\/a><br \/>\n<a href=\"https:\/\/accesstruckparts.com\/pdfs\/ATP_Parts_Guide-B3Z_Rope_Seal_Pump.pdf\" target=\"_blank\" rel=\"noopener noreferrer\">Bomba con sello de cuerda B3Z<\/a><br \/>\n<a href=\"https:\/\/accesstruckparts.com\/pdfs\/ATP_Parts_Guide-B3Z_Mechanical_Seal_Pump.pdf\" target=\"_blank\" rel=\"noopener noreferrer\">Bomba de sello mec\u00e1nico B3Z<\/a><br \/>\n<a href=\"https:\/\/accesstruckparts.com\/pdfs\/ATP_Parts_Guide-B3Z_Hydraulic_Frame_Pump.pdf\" target=\"_blank\" rel=\"noopener noreferrer\">Bomba de bastidor hidr\u00e1ulica B3Z<\/a><br \/>\n<a href=\"https:\/\/accesstruckparts.com\/pdfs\/ATP_Parts_Guide-B3Z_Heavy_Duty_Rope_Seal_Pump.pdf\" target=\"_blank\" rel=\"noopener noreferrer\">Bomba de sello de cuerda para trabajo pesado B3Z<\/a><br \/>\n<a href=\"https:\/\/accesstruckparts.com\/pdfs\/ATP_Parts_Guide-B3ZQMS_SAE_5_Engine_Mount.pdf\" target=\"_blank\" rel=\"noopener noreferrer\">Bomba de montaje del motor B3ZQMS SAE-5<\/a><br \/>\n<a href=\"https:\/\/accesstruckparts.com\/pdfs\/ATP_Parts_Guide-B3Z_SAEB_Hydraulic_Mount_Pump.pdf\" target=\"_blank\" rel=\"noopener noreferrer\">Bombas de montaje hidr\u00e1ulico B3Z SAE B<\/a><br \/>\n<a href=\"https:\/\/accesstruckparts.com\/pdfs\/ATP-Electric-Butterfly-Valve-Truck-Wiring-Diagram.pdf\" target=\"_blank\" rel=\"noopener noreferrer\">Diagrama de cableado de la v\u00e1lvula de mariposa de 12V\/24V para camiones<\/a><br \/>\n<a href=\"https:\/\/accesstruckparts.com\/pdfs\/ATP-Electric-Butterfly-Valve-Actuator-Switch-Wiring-Diagram.pdf\" target=\"_blank\" rel=\"noopener noreferrer\">Diagrama del actuador de la v\u00e1lvula de mariposa 12V\/24V<\/a><br \/>\n<a href=\"https:\/\/accesstruckparts.com\/pdfs\/ATP_Parts_Guide-CCW_B3Z_Rope_Seal_Pump_Hydraulic_Adaptor.pdf\" target=\"_blank\" rel=\"noopener noreferrer\">Bomba roscada B3Z CCW con adaptador hidr\u00e1ulico<\/a><br \/>\n<a href=\"https:\/\/accesstruckparts.com\/pdfs\/ATP_Parts_Guide-CW_B3Z_Rope_Seal_Pump_Hydraulic_Adaptor.pdf\" target=\"_blank\" rel=\"noopener noreferrer\">Bomba roscada B3Z CW con adaptador hidr\u00e1ulico<\/a><\/p>\n<h3>Dimensiones del kit de eje<\/h3>\n<p><a href=\"https:\/\/accesstruckparts.com\/pdfs\/ATP_111-B80696_B3ZRM-CCW-Shaft-Kit-Dimensions.pdf\" target=\"_blank\" rel=\"noopener noreferrer\">Kit de eje B3ZRM (111-B80696)<\/a><br \/>\n<a href=\"https:\/\/accesstruckparts.com\/pdfs\/ATP_111-B80703_B4ZRKS-CW-Shaft-Kit-Dimensions.pdf\" target=\"_blank\" rel=\"noopener noreferrer\">Kit de eje B4ZRKS (111-B80703)<\/a><br \/>\n<a href=\"https:\/\/accesstruckparts.com\/pdfs\/ATP_111-B78178_B3ZQMS-CW-SAE-5-Engine-Mount-Shaft-Kit-Dimensions.pdf\" target=\"_blank\" rel=\"noopener noreferrer\">Kit de eje CW B3ZQMS (111-B78178)<\/a><br \/>\n<a href=\"https:\/\/accesstruckparts.com\/pdfs\/ATP_111-B73051_B3JRMBHS-B4JRMBHS-CW-Splined-Shaft-Kit-Dimensions.pdf\" target=\"_blank\" rel=\"noopener noreferrer\">Kit de eje CW B3J\/B4J (111-B73051)<\/a><br \/>\n<a href=\"https:\/\/accesstruckparts.com\/pdfs\/ATP_111-B85916_B3ZRM-CCW-Heavy-Duty-Shaft-Kit.pdf\" target=\"_blank\" rel=\"noopener noreferrer\">Kit de eje B3ZRM-HD CCW (111-B85916)<\/a><br \/>\n<a href=\"https:\/\/accesstruckparts.com\/pdfs\/ATP_111-B85585_B3ZRM-CW-Heavy-Duty-Shaft-Kit-Dimensions.pdf\" target=\"_blank\" rel=\"noopener noreferrer\">Kit de eje CW B3ZRM-HD (111-B85585)<\/a><br \/>\n<a href=\"https:\/\/accesstruckparts.com\/pdfs\/ATP_111-B80698_B3ZRM-CW-Shaft-Kit-Dimensions.pdf\" target=\"_blank\" rel=\"noopener noreferrer\">Kit de eje B3ZRM CW (111-B80698)<\/a><\/p>\n\t\t<\/div>\n\t\t\t\t\t<\/div>\n\n\t\n\n\t<div id=\"col-757359683\" class=\"col medium-4 small-12 large-4\"  >\n\t\t\t\t<div class=\"col-inner\"  >\n\t\t\t\n\t\t\t\n<h3>Diagramas dimensionales<\/h3>\n<p><a href=\"https:\/\/accesstruckparts.com\/pdfs\/ATP_B3JRMBHS-CW-Thread-101-B73403_Pump-Dimensions.pdf\" target=\"_blank\" rel=\"noopener noreferrer\">B3JRMBHS Hilo CW (101-B73403)<\/a><br \/>\n<a href=\"https:\/\/accesstruckparts.com\/pdfs\/ATP_B3ZQMS-CW-Groove-101-B69963_Pump-Dimensions.pdf\" target=\"_blank\" rel=\"noopener noreferrer\">B3ZQMS CW Groove (101-B69963)<\/a><br \/>\n<a href=\"https:\/\/accesstruckparts.com\/pdfs\/ATP_B3ZRM-CCW-Groove-101-B66895_Pump-Dimensions.pdf\" target=\"_blank\" rel=\"noopener noreferrer\">B3ZRM Ranura CCW (101-B66895)<\/a><br \/>\n<a href=\"https:\/\/accesstruckparts.com\/pdfs\/ATP_B3ZRM-CCW-Thread-104-B66168_Pump-Dimensions.pdf\" target=\"_blank\" rel=\"noopener noreferrer\">Rosca B3ZRM CCW (104-B66168)<\/a><br \/>\n<a href=\"https:\/\/accesstruckparts.com\/pdfs\/ATP_B3ZRM-CW-Groove-101-B66899_Pump-Dimensions.pdf\" target=\"_blank\" rel=\"noopener noreferrer\">B3ZRM CW Groove (101-B66899)<\/a><br \/>\n<a href=\"https:\/\/accesstruckparts.com\/pdfs\/ATP_B3ZRM-CW-Thread-104-B66161_Pump-Dimensions.pdf\" target=\"_blank\" rel=\"noopener noreferrer\">Hilo B3ZRM CW (104-B66161)<\/a><br \/>\n<a href=\"https:\/\/accesstruckparts.com\/pdfs\/ATP_B3ZRM-HD-CCW-Thread-101-B85874_Pump-Dimensions.pdf\" target=\"_blank\" rel=\"noopener noreferrer\">Rosca B3ZRM-HD CCW (101-B85874)<\/a><br \/>\n<a href=\"https:\/\/accesstruckparts.com\/pdfs\/ATP_B3ZRM-HD-CW-Thread-101-B86070_Pump-Dimensions.pdf\" target=\"_blank\" rel=\"noopener noreferrer\">B3ZRM-HD Hilo CW (101-B86070)<\/a><br \/>\n<a href=\"https:\/\/accesstruckparts.com\/pdfs\/ATP_B3ZRMS-CCW-Groove-107-B68416_Pump-Dimensions.pdf\" target=\"_blank\" rel=\"noopener noreferrer\">B3ZRMS Ranura CCW (107-B68416)<\/a><br \/>\n<a href=\"https:\/\/accesstruckparts.com\/pdfs\/ATP_B3ZRMS-CCW-Thread-108-B68415_Pump-Dimensions.pdf\" target=\"_blank\" rel=\"noopener noreferrer\">B3ZRMS Rosca CCW (108-B68415)<\/a><br \/>\n<a href=\"https:\/\/accesstruckparts.com\/pdfs\/ATP_B3Z-SAEB-CW-Groove-Hydraulic-Frame_Pump-Dimensions.pdf\" target=\"_blank\" rel=\"noopener noreferrer\">Junta de cuerda B3Z SAE B (101-B81203)<\/a><br \/>\n<a href=\"https:\/\/accesstruckparts.com\/pdfs\/ATP_B3Z-SAEB-CW-Groove-Hydraulic-Frame_Mech-Seal-Pump-Dimensions.pdf\" target=\"_blank\" rel=\"noopener noreferrer\">Junta mec\u00e1nica B3Z SAE B (101-B81223)<\/a><br \/>\n<a href=\"https:\/\/accesstruckparts.com\/pdfs\/ATP_B3ZRMS-CW-Groove-101-B68417_Pump-Dimensions.pdf\" target=\"_blank\" rel=\"noopener noreferrer\">B3ZRMS CW Groove (101-B68417)<\/a><br \/>\n<a href=\"https:\/\/accesstruckparts.com\/pdfs\/ATP_B3ZRMS-CW-Thread-108-B68414_Pump-Dimensions.pdf\" target=\"_blank\" rel=\"noopener noreferrer\">Hilo B3ZRMS CW (108-B68414)<\/a><br \/>\n<a href=\"https:\/\/accesstruckparts.com\/pdfs\/ATP_B4JRMBHS-CW-Flange-101-B69743_Pump-Dimensions.pdf\" target=\"_blank\" rel=\"noopener noreferrer\">B4JRMBHS CW estriado (101-B69743)<\/a><br \/>\n<a href=\"https:\/\/accesstruckparts.com\/pdfs\/ATP_B4JRMBHS-CW-Flange-101-B62321_Keyed_Rope_Seal_Pump-Dimensions.pdf\" target=\"_blank\" rel=\"noopener noreferrer\">B4JRMBHS CW con llave (101-B62321)<\/a><br \/>\n<a href=\"https:\/\/accesstruckparts.com\/pdfs\/ATP_B4ZRKS-CW-Thread-102-B69876_Pump-Dimensions.pdf\" target=\"_blank\" rel=\"noopener noreferrer\">Hilo B4ZRKS CW (102-B69876)<\/a><br \/>\n<a href=\"https:\/\/accesstruckparts.com\/pdfs\/ATP_B4ZRKS-CW-Thread-102-B69880_Pump-Dimensions.pdf\" target=\"_blank\" rel=\"noopener noreferrer\">Hilo B4ZRKS CW (102-B69880)<\/a><br \/>\n<a href=\"https:\/\/accesstruckparts.com\/pdfs\/ATP_B6ZRH-CW-Flanged-101-B69501_Pump-Dimensions.pdf\" target=\"_blank\" rel=\"noopener noreferrer\">B6ZRH CW con brida (101-B69501)<\/a><br \/>\n<a href=\"https:\/\/accesstruckparts.com\/pdfs\/ATP_CW-Flanged-Stainless-Steel-101-XA80-26_Pump-Dimensions.pdf\" target=\"_blank\" rel=\"noopener noreferrer\">Inoxidable<\/a><a href=\"https:\/\/accesstruckparts.com\/pdfs\/ATP_CW-Flanged-Stainless-Steel-101-XA80-26_Pump-Dimensions.pdf\" target=\"_blank\" rel=\"noopener noreferrer\"> Bomba con bridas CW (101-XA80-26)<\/a><br \/>\n<a href=\"https:\/\/accesstruckparts.com\/pdfs\/ATP_Inline-Diaphragm-Valve_Dimensions.pdf\" target=\"_blank\" rel=\"noopener noreferrer\">Dimensiones de la v\u00e1lvula en l\u00ednea de 3<\/a><br \/>\n<a href=\"https:\/\/accesstruckparts.com\/pdfs\/ATP_CLA-Inline-Valve_Dimensions.pdf\" target=\"_blank\" rel=\"noopener noreferrer\">Dimensiones de la v\u00e1lvula CLA<\/a><br \/>\n<a href=\"https:\/\/accesstruckparts.com\/pdfs\/ATP_Elkhart-Manual-Sidewinder-Water-Cannon-Dimension-Diagram.pdf\" target=\"_blank\" rel=\"noopener noreferrer\">Ca\u00f1\u00f3n manual Sidewinder<\/a><br \/>\n<a href=\"https:\/\/accesstruckparts.com\/pdfs\/ATP_Elkhart-Brush-Hawk-Water-Cannon-Dimension-Diagram.pdf\" target=\"_blank\" rel=\"noopener noreferrer\">Ca\u00f1\u00f3n de halc\u00f3n de cepillo 12V\/24V<\/a><br \/>\n<a href=\"https:\/\/accesstruckparts.com\/pdfs\/ATP_271-90300CI-Cast-Iron-Swivel-Elbow-Dimensions.pdf\" target=\"_blank\" rel=\"noopener noreferrer\">Giratorio de hierro fundido de 3\u2033<\/a><br \/>\n<a href=\"https:\/\/accesstruckparts.com\/pdfs\/ATP-Grooved-Elbow-Dimensions.pdf\" target=\"_blank\" rel=\"noopener\">Dimensiones del codo ranurado<\/a><br \/>\n<a href=\"https:\/\/accesstruckparts.com\/pdfs\/ATP_SAE-4-to-5-Adaptor.pdf\" target=\"_blank\" rel=\"noopener\">Dimensiones del adaptador SAE #4 a #5<\/a><\/p>\n\t\t<\/div>\n\t\t\t\t\t<\/div>\n\n\t\n<\/div>","protected":false},"excerpt":{"rendered":"","protected":false},"author":692,"featured_media":0,"parent":0,"menu_order":0,"comment_status":"closed","ping_status":"closed","template":"","meta":{"footnotes":""},"class_list":["post-7006","page","type-page","status-publish","hentry"],"yoast_head":"<!-- This site is optimized with the Yoast SEO Premium plugin v27.3 (Yoast SEO v27.3) - https:\/\/yoast.com\/product\/yoast-seo-premium-wordpress\/ -->\n<title>Downloads - Access Truck Parts<\/title>\n<meta name=\"description\" content=\"Downloads - Access Truck Parts stocks all replacement parts for water distribution equipment. Shop online today!\" \/>\n<meta name=\"robots\" content=\"index, follow, max-snippet:-1, max-image-preview:large, max-video-preview:-1\" \/>\n<link rel=\"canonical\" href=\"https:\/\/accesstruckparts.com\/es\/descargas\/\" \/>\n<meta property=\"og:locale\" content=\"es_MX\" \/>\n<meta property=\"og:type\" content=\"article\" \/>\n<meta property=\"og:title\" content=\"Downloads\" \/>\n<meta property=\"og:description\" content=\"Downloads - Access Truck Parts stocks all replacement parts for water distribution equipment. Shop online today!\" \/>\n<meta property=\"og:url\" content=\"https:\/\/accesstruckparts.com\/es\/descargas\/\" \/>\n<meta property=\"og:site_name\" content=\"Access Truck Parts\" \/>\n<meta property=\"article:modified_time\" content=\"2026-04-03T18:59:25+00:00\" \/>\n<meta name=\"twitter:label1\" content=\"Tiempo de lectura\" \/>\n\t<meta name=\"twitter:data1\" content=\"2 minutos\" \/>\n<script type=\"application\/ld+json\" class=\"yoast-schema-graph\">{\"@context\":\"https:\\\/\\\/schema.org\",\"@graph\":[{\"@type\":\"WebPage\",\"@id\":\"https:\\\/\\\/accesstruckparts.com\\\/downloads\\\/\",\"url\":\"https:\\\/\\\/accesstruckparts.com\\\/downloads\\\/\",\"name\":\"Downloads - Access Truck Parts\",\"isPartOf\":{\"@id\":\"https:\\\/\\\/accesstruckparts.com\\\/#website\"},\"datePublished\":\"2016-07-05T13:49:29+00:00\",\"dateModified\":\"2026-04-03T18:59:25+00:00\",\"description\":\"Downloads - Access Truck Parts stocks all replacement parts for water distribution equipment. Shop online today!\",\"breadcrumb\":{\"@id\":\"https:\\\/\\\/accesstruckparts.com\\\/downloads\\\/#breadcrumb\"},\"inLanguage\":\"es\",\"potentialAction\":[{\"@type\":\"ReadAction\",\"target\":[\"https:\\\/\\\/accesstruckparts.com\\\/downloads\\\/\"]}]},{\"@type\":\"BreadcrumbList\",\"@id\":\"https:\\\/\\\/accesstruckparts.com\\\/downloads\\\/#breadcrumb\",\"itemListElement\":[{\"@type\":\"ListItem\",\"position\":1,\"name\":\"Home\",\"item\":\"https:\\\/\\\/accesstruckparts.com\\\/\"},{\"@type\":\"ListItem\",\"position\":2,\"name\":\"Downloads\"}]},{\"@type\":\"WebSite\",\"@id\":\"https:\\\/\\\/accesstruckparts.com\\\/#website\",\"url\":\"https:\\\/\\\/accesstruckparts.com\\\/\",\"name\":\"Access Truck Parts\",\"description\":\"Your One Stop Water Truck Parts Solution.\",\"publisher\":{\"@id\":\"https:\\\/\\\/accesstruckparts.com\\\/#organization\"},\"potentialAction\":[{\"@type\":\"SearchAction\",\"target\":{\"@type\":\"EntryPoint\",\"urlTemplate\":\"https:\\\/\\\/accesstruckparts.com\\\/?s={search_term_string}\"},\"query-input\":{\"@type\":\"PropertyValueSpecification\",\"valueRequired\":true,\"valueName\":\"search_term_string\"}}],\"inLanguage\":\"es\"},{\"@type\":\"Organization\",\"@id\":\"https:\\\/\\\/accesstruckparts.com\\\/#organization\",\"name\":\"Access Truck Parts\",\"url\":\"https:\\\/\\\/accesstruckparts.com\\\/\",\"logo\":{\"@type\":\"ImageObject\",\"inLanguage\":\"es\",\"@id\":\"https:\\\/\\\/accesstruckparts.com\\\/#\\\/schema\\\/logo\\\/image\\\/\",\"url\":\"https:\\\/\\\/accesstruckparts.com\\\/wp-content\\\/uploads\\\/2018\\\/02\\\/ATP_logo_placeholder_2018.jpg\",\"contentUrl\":\"https:\\\/\\\/accesstruckparts.com\\\/wp-content\\\/uploads\\\/2018\\\/02\\\/ATP_logo_placeholder_2018.jpg\",\"width\":\"500\",\"height\":\"500\",\"caption\":\"Access Truck Parts\"},\"image\":{\"@id\":\"https:\\\/\\\/accesstruckparts.com\\\/#\\\/schema\\\/logo\\\/image\\\/\"}}]}<\/script>\n<!-- \/ Yoast SEO Premium plugin. -->","yoast_head_json":{"title":"Descargas - Access Truck Parts","description":"Descargas - Access Truck Parts tiene en stock todas las piezas de repuesto para equipos de distribuci\u00f3n de agua. \u00a1Compre en l\u00ednea hoy mismo!","robots":{"index":"index","follow":"follow","max-snippet":"max-snippet:-1","max-image-preview":"max-image-preview:large","max-video-preview":"max-video-preview:-1"},"canonical":"https:\/\/accesstruckparts.com\/es\/descargas\/","og_locale":"es_MX","og_type":"article","og_title":"Downloads","og_description":"Downloads - Access Truck Parts stocks all replacement parts for water distribution equipment. Shop online today!","og_url":"https:\/\/accesstruckparts.com\/es\/descargas\/","og_site_name":"Access Truck Parts","article_modified_time":"2026-04-03T18:59:25+00:00","twitter_misc":{"Tiempo de lectura":"2 minutos"},"schema":{"@context":"https:\/\/schema.org","@graph":[{"@type":"WebPage","@id":"https:\/\/accesstruckparts.com\/downloads\/","url":"https:\/\/accesstruckparts.com\/downloads\/","name":"Descargas - Access Truck Parts","isPartOf":{"@id":"https:\/\/accesstruckparts.com\/#website"},"datePublished":"2016-07-05T13:49:29+00:00","dateModified":"2026-04-03T18:59:25+00:00","description":"Descargas - Access Truck Parts tiene en stock todas las piezas de repuesto para equipos de distribuci\u00f3n de agua. \u00a1Compre en l\u00ednea hoy mismo!","breadcrumb":{"@id":"https:\/\/accesstruckparts.com\/downloads\/#breadcrumb"},"inLanguage":"es","potentialAction":[{"@type":"ReadAction","target":["https:\/\/accesstruckparts.com\/downloads\/"]}]},{"@type":"BreadcrumbList","@id":"https:\/\/accesstruckparts.com\/downloads\/#breadcrumb","itemListElement":[{"@type":"ListItem","position":1,"name":"Home","item":"https:\/\/accesstruckparts.com\/"},{"@type":"ListItem","position":2,"name":"Downloads"}]},{"@type":"WebSite","@id":"https:\/\/accesstruckparts.com\/#website","url":"https:\/\/accesstruckparts.com\/","name":"Piezas de camiones Access","description":"Su soluci\u00f3n \u00fanica de piezas para camiones de agua.","publisher":{"@id":"https:\/\/accesstruckparts.com\/#organization"},"potentialAction":[{"@type":"SearchAction","target":{"@type":"EntryPoint","urlTemplate":"https:\/\/accesstruckparts.com\/?s={search_term_string}"},"query-input":{"@type":"PropertyValueSpecification","valueRequired":true,"valueName":"search_term_string"}}],"inLanguage":"es"},{"@type":"Organization","@id":"https:\/\/accesstruckparts.com\/#organization","name":"Piezas de camiones Access","url":"https:\/\/accesstruckparts.com\/","logo":{"@type":"ImageObject","inLanguage":"es","@id":"https:\/\/accesstruckparts.com\/#\/schema\/logo\/image\/","url":"https:\/\/accesstruckparts.com\/wp-content\/uploads\/2018\/02\/ATP_logo_placeholder_2018.jpg","contentUrl":"https:\/\/accesstruckparts.com\/wp-content\/uploads\/2018\/02\/ATP_logo_placeholder_2018.jpg","width":"500","height":"500","caption":"Access Truck Parts"},"image":{"@id":"https:\/\/accesstruckparts.com\/#\/schema\/logo\/image\/"}}]}},"_links":{"self":[{"href":"https:\/\/accesstruckparts.com\/es\/wp-json\/wp\/v2\/pages\/7006","targetHints":{"allow":["GET"]}}],"collection":[{"href":"https:\/\/accesstruckparts.com\/es\/wp-json\/wp\/v2\/pages"}],"about":[{"href":"https:\/\/accesstruckparts.com\/es\/wp-json\/wp\/v2\/types\/page"}],"author":[{"embeddable":true,"href":"https:\/\/accesstruckparts.com\/es\/wp-json\/wp\/v2\/users\/692"}],"replies":[{"embeddable":true,"href":"https:\/\/accesstruckparts.com\/es\/wp-json\/wp\/v2\/comments?post=7006"}],"version-history":[{"count":3,"href":"https:\/\/accesstruckparts.com\/es\/wp-json\/wp\/v2\/pages\/7006\/revisions"}],"predecessor-version":[{"id":234935,"href":"https:\/\/accesstruckparts.com\/es\/wp-json\/wp\/v2\/pages\/7006\/revisions\/234935"}],"wp:attachment":[{"href":"https:\/\/accesstruckparts.com\/es\/wp-json\/wp\/v2\/media?parent=7006"}],"curies":[{"name":"wp","href":"https:\/\/api.w.org\/{rel}","templated":true}]}}