{"id":4798,"date":"2015-01-29T15:41:19","date_gmt":"2015-01-29T18:41:19","guid":{"rendered":"https:\/\/accesstruckparts.com\/?page_id=4798"},"modified":"2020-09-01T13:11:33","modified_gmt":"2020-09-01T20:11:33","slug":"declaracion-de-privacidad","status":"publish","type":"page","link":"https:\/\/accesstruckparts.com\/es\/privacy-statement\/","title":{"rendered":"Declaraci\u00f3n de privacidad"},"content":{"rendered":"<p><h1>Declaraci\u00f3n de privacidad<\/h1><\/p>\n<p class=\"p3\"><b>RECOGIDA Y USO DE LA INFORMACI\u00d3N<\/b><\/p>\n<p class=\"p3\">Somos los \u00fanicos propietarios de la informaci\u00f3n recogida en nuestra p\u00e1gina web, por tel\u00e9fono, en persona o a trav\u00e9s de otros m\u00e9todos de contacto. S\u00f3lo recogemos y accedemos a la informaci\u00f3n que usted nos ha proporcionado voluntariamente. No venderemos ni alquilaremos esta informaci\u00f3n a nadie.<\/p>\n<p class=\"p3\">Utilizaremos su informaci\u00f3n seg\u00fan sea necesario para ponernos en contacto con usted, y cumplir con cualquier necesidad o solicitud comercial relacionada con usted. No compartiremos su informaci\u00f3n con ning\u00fan tercero ajeno a nuestra organizaci\u00f3n, salvo cuando sea necesario para cumplir con su solicitud (por ejemplo, para enviar un pedido).<\/p>\n<p class=\"p3\">Es posible que nos pongamos en contacto con usted por correo electr\u00f3nico en el futuro para informarle sobre ofertas especiales, nuevos productos o servicios y cambios en esta pol\u00edtica de privacidad. Puede optar por excluirse de cualquier contacto futuro de nuestra parte en cualquier momento mediante una solicitud escrita o verbal.<\/p>\n<p class=\"p3\"><b>CONTROL DE SU INFORMACI\u00d3N<\/b><\/p>\n<p class=\"p3\">Puede hacer lo siguiente en cualquier momento poni\u00e9ndose en contacto con nosotros por correo electr\u00f3nico o por tel\u00e9fono:<\/p>\n<ul>\n<li class=\"p4\">Vea los datos que tenemos sobre usted, si es que hay alguno.<\/li>\n<li class=\"p4\">Cambiar\/corregir cualquier dato que tengamos sobre usted.<\/li>\n<li class=\"p4\">Hacer que eliminemos los datos que tenemos sobre usted.<\/li>\n<li class=\"p4\">Expresar cualquier preocupaci\u00f3n que tenga sobre el uso que hacemos de sus datos.<\/li>\n<\/ul>\n<p class=\"p3\"><b>SEGURIDAD<\/b><\/p>\n<p class=\"p3\">Siempre que recogemos informaci\u00f3n sensible en l\u00ednea (como los datos de la tarjeta de cr\u00e9dito), esa informaci\u00f3n se encripta y se nos transmite de forma segura. Puede comprobarlo buscando un icono de candado cerrado relacionado con la URL en su navegador web, o verificando que \"https\" est\u00e1 al principio de la direcci\u00f3n de la p\u00e1gina web.<\/p>\n<p class=\"p3\">Aunque utilizamos la codificaci\u00f3n para proteger la informaci\u00f3n sensible transmitida en l\u00ednea, tambi\u00e9n protegemos su informaci\u00f3n fuera de l\u00ednea. S\u00f3lo los empleados que necesitan la informaci\u00f3n para realizar una tarea espec\u00edfica (por ejemplo, la facturaci\u00f3n, el env\u00edo o el servicio al cliente) tienen acceso a la informaci\u00f3n personal identificable. Los ordenadores y servidores en los que almacenamos y accedemos a su informaci\u00f3n se mantienen en un entorno seguro.<\/p>\n<p class=\"p3\">Si tiene alguna pregunta o duda sobre esta pol\u00edtica de privacidad, puede ponerse en contacto con nosotros por tel\u00e9fono en \n<a href=\"tel:523319341433\">+52 (3) 319341433<\/a> o por correo electr\u00f3nico a <a href=\"mailto:admin@accesstruckparts.com\">admin@accesstruckparts.com<\/a>.<\/p>","protected":false},"excerpt":{"rendered":"<p>Privacy Statement INFORMATION COLLECTION &amp; USE We are the sole owners of the information collected on our website, over the phone, in person or through other methods of contact. We only collect and access information that you have voluntarily given us. We will not sell or rent this information to anyone. We will use your [&#8230;]\n","protected":false},"author":692,"featured_media":0,"parent":0,"menu_order":0,"comment_status":"closed","ping_status":"closed","template":"","meta":{"footnotes":""},"class_list":["post-4798","page","type-page","status-publish","hentry"],"yoast_head":"<!-- This site is optimized with the Yoast SEO Premium plugin v27.4 (Yoast SEO v27.4) - https:\/\/yoast.com\/product\/yoast-seo-premium-wordpress\/ -->\n<title>Privacy Statement - Access Truck Parts<\/title>\n<meta name=\"description\" content=\"Privacy Statement - Access Truck Parts stocks all replacement parts for water distribution equipment. Shop online today!\" \/>\n<meta name=\"robots\" content=\"index, follow, max-snippet:-1, max-image-preview:large, max-video-preview:-1\" \/>\n<link rel=\"canonical\" href=\"https:\/\/accesstruckparts.com\/es\/declaracion-de-privacidad\/\" \/>\n<meta property=\"og:locale\" content=\"es_MX\" \/>\n<meta property=\"og:type\" content=\"article\" \/>\n<meta property=\"og:title\" content=\"Privacy Statement\" \/>\n<meta property=\"og:description\" content=\"Privacy Statement - Access Truck Parts stocks all replacement parts for water distribution equipment. Shop online today!\" \/>\n<meta property=\"og:url\" content=\"https:\/\/accesstruckparts.com\/es\/declaracion-de-privacidad\/\" \/>\n<meta property=\"og:site_name\" content=\"Access Truck Parts\" \/>\n<meta property=\"article:modified_time\" content=\"2020-09-01T20:11:33+00:00\" \/>\n<meta name=\"twitter:label1\" content=\"Tiempo de lectura\" \/>\n\t<meta name=\"twitter:data1\" content=\"2 minutos\" \/>\n<script type=\"application\/ld+json\" class=\"yoast-schema-graph\">{\"@context\":\"https:\\\/\\\/schema.org\",\"@graph\":[{\"@type\":\"WebPage\",\"@id\":\"https:\\\/\\\/accesstruckparts.com\\\/privacy-statement\\\/\",\"url\":\"https:\\\/\\\/accesstruckparts.com\\\/privacy-statement\\\/\",\"name\":\"Privacy Statement - Access Truck Parts\",\"isPartOf\":{\"@id\":\"https:\\\/\\\/accesstruckparts.com\\\/#website\"},\"datePublished\":\"2015-01-29T18:41:19+00:00\",\"dateModified\":\"2020-09-01T20:11:33+00:00\",\"description\":\"Privacy Statement - Access Truck Parts stocks all replacement parts for water distribution equipment. Shop online today!\",\"breadcrumb\":{\"@id\":\"https:\\\/\\\/accesstruckparts.com\\\/privacy-statement\\\/#breadcrumb\"},\"inLanguage\":\"es\",\"potentialAction\":[{\"@type\":\"ReadAction\",\"target\":[\"https:\\\/\\\/accesstruckparts.com\\\/privacy-statement\\\/\"]}]},{\"@type\":\"BreadcrumbList\",\"@id\":\"https:\\\/\\\/accesstruckparts.com\\\/privacy-statement\\\/#breadcrumb\",\"itemListElement\":[{\"@type\":\"ListItem\",\"position\":1,\"name\":\"Home\",\"item\":\"https:\\\/\\\/accesstruckparts.com\\\/\"},{\"@type\":\"ListItem\",\"position\":2,\"name\":\"Privacy Statement\"}]},{\"@type\":\"WebSite\",\"@id\":\"https:\\\/\\\/accesstruckparts.com\\\/#website\",\"url\":\"https:\\\/\\\/accesstruckparts.com\\\/\",\"name\":\"Access Truck Parts\",\"description\":\"Your One Stop Water Truck Parts Solution.\",\"publisher\":{\"@id\":\"https:\\\/\\\/accesstruckparts.com\\\/#organization\"},\"potentialAction\":[{\"@type\":\"SearchAction\",\"target\":{\"@type\":\"EntryPoint\",\"urlTemplate\":\"https:\\\/\\\/accesstruckparts.com\\\/?s={search_term_string}\"},\"query-input\":{\"@type\":\"PropertyValueSpecification\",\"valueRequired\":true,\"valueName\":\"search_term_string\"}}],\"inLanguage\":\"es\"},{\"@type\":\"Organization\",\"@id\":\"https:\\\/\\\/accesstruckparts.com\\\/#organization\",\"name\":\"Access Truck Parts\",\"url\":\"https:\\\/\\\/accesstruckparts.com\\\/\",\"logo\":{\"@type\":\"ImageObject\",\"inLanguage\":\"es\",\"@id\":\"https:\\\/\\\/accesstruckparts.com\\\/#\\\/schema\\\/logo\\\/image\\\/\",\"url\":\"https:\\\/\\\/accesstruckparts.com\\\/wp-content\\\/uploads\\\/2018\\\/02\\\/ATP_logo_placeholder_2018.jpg\",\"contentUrl\":\"https:\\\/\\\/accesstruckparts.com\\\/wp-content\\\/uploads\\\/2018\\\/02\\\/ATP_logo_placeholder_2018.jpg\",\"width\":\"500\",\"height\":\"500\",\"caption\":\"Access Truck Parts\"},\"image\":{\"@id\":\"https:\\\/\\\/accesstruckparts.com\\\/#\\\/schema\\\/logo\\\/image\\\/\"}}]}<\/script>\n<!-- \/ Yoast SEO Premium plugin. -->","yoast_head_json":{"title":"Declaraci\u00f3n de privacidad - Access Truck Parts","description":"Declaraci\u00f3n de privacidad - Access Truck Parts tiene en stock todas las piezas de repuesto para los equipos de distribuci\u00f3n de agua. \u00a1Compre en l\u00ednea hoy mismo!","robots":{"index":"index","follow":"follow","max-snippet":"max-snippet:-1","max-image-preview":"max-image-preview:large","max-video-preview":"max-video-preview:-1"},"canonical":"https:\/\/accesstruckparts.com\/es\/declaracion-de-privacidad\/","og_locale":"es_MX","og_type":"article","og_title":"Privacy Statement","og_description":"Privacy Statement - Access Truck Parts stocks all replacement parts for water distribution equipment. Shop online today!","og_url":"https:\/\/accesstruckparts.com\/es\/declaracion-de-privacidad\/","og_site_name":"Access Truck Parts","article_modified_time":"2020-09-01T20:11:33+00:00","twitter_misc":{"Tiempo de lectura":"2 minutos"},"schema":{"@context":"https:\/\/schema.org","@graph":[{"@type":"WebPage","@id":"https:\/\/accesstruckparts.com\/privacy-statement\/","url":"https:\/\/accesstruckparts.com\/privacy-statement\/","name":"Declaraci\u00f3n de privacidad - Access Truck Parts","isPartOf":{"@id":"https:\/\/accesstruckparts.com\/#website"},"datePublished":"2015-01-29T18:41:19+00:00","dateModified":"2020-09-01T20:11:33+00:00","description":"Declaraci\u00f3n de privacidad - Access Truck Parts tiene en stock todas las piezas de repuesto para los equipos de distribuci\u00f3n de agua. \u00a1Compre en l\u00ednea hoy mismo!","breadcrumb":{"@id":"https:\/\/accesstruckparts.com\/privacy-statement\/#breadcrumb"},"inLanguage":"es","potentialAction":[{"@type":"ReadAction","target":["https:\/\/accesstruckparts.com\/privacy-statement\/"]}]},{"@type":"BreadcrumbList","@id":"https:\/\/accesstruckparts.com\/privacy-statement\/#breadcrumb","itemListElement":[{"@type":"ListItem","position":1,"name":"Home","item":"https:\/\/accesstruckparts.com\/"},{"@type":"ListItem","position":2,"name":"Privacy Statement"}]},{"@type":"WebSite","@id":"https:\/\/accesstruckparts.com\/#website","url":"https:\/\/accesstruckparts.com\/","name":"Piezas de camiones Access","description":"Su soluci\u00f3n \u00fanica de piezas para camiones de agua.","publisher":{"@id":"https:\/\/accesstruckparts.com\/#organization"},"potentialAction":[{"@type":"SearchAction","target":{"@type":"EntryPoint","urlTemplate":"https:\/\/accesstruckparts.com\/?s={search_term_string}"},"query-input":{"@type":"PropertyValueSpecification","valueRequired":true,"valueName":"search_term_string"}}],"inLanguage":"es"},{"@type":"Organization","@id":"https:\/\/accesstruckparts.com\/#organization","name":"Piezas de camiones Access","url":"https:\/\/accesstruckparts.com\/","logo":{"@type":"ImageObject","inLanguage":"es","@id":"https:\/\/accesstruckparts.com\/#\/schema\/logo\/image\/","url":"https:\/\/accesstruckparts.com\/wp-content\/uploads\/2018\/02\/ATP_logo_placeholder_2018.jpg","contentUrl":"https:\/\/accesstruckparts.com\/wp-content\/uploads\/2018\/02\/ATP_logo_placeholder_2018.jpg","width":"500","height":"500","caption":"Access Truck Parts"},"image":{"@id":"https:\/\/accesstruckparts.com\/#\/schema\/logo\/image\/"}}]}},"_links":{"self":[{"href":"https:\/\/accesstruckparts.com\/es\/wp-json\/wp\/v2\/pages\/4798","targetHints":{"allow":["GET"]}}],"collection":[{"href":"https:\/\/accesstruckparts.com\/es\/wp-json\/wp\/v2\/pages"}],"about":[{"href":"https:\/\/accesstruckparts.com\/es\/wp-json\/wp\/v2\/types\/page"}],"author":[{"embeddable":true,"href":"https:\/\/accesstruckparts.com\/es\/wp-json\/wp\/v2\/users\/692"}],"replies":[{"embeddable":true,"href":"https:\/\/accesstruckparts.com\/es\/wp-json\/wp\/v2\/comments?post=4798"}],"version-history":[{"count":0,"href":"https:\/\/accesstruckparts.com\/es\/wp-json\/wp\/v2\/pages\/4798\/revisions"}],"wp:attachment":[{"href":"https:\/\/accesstruckparts.com\/es\/wp-json\/wp\/v2\/media?parent=4798"}],"curies":[{"name":"wp","href":"https:\/\/api.w.org\/{rel}","templated":true}]}}