{"id":4788,"date":"2015-01-29T14:21:25","date_gmt":"2015-01-29T17:21:25","guid":{"rendered":"https:\/\/accesstruckparts.com\/?page_id=4788"},"modified":"2025-06-16T11:19:26","modified_gmt":"2025-06-16T18:19:26","slug":"politica-de-retorno","status":"publish","type":"page","link":"https:\/\/accesstruckparts.com\/es\/return-policy\/","title":{"rendered":"Pol\u00edtica de devoluciones"},"content":{"rendered":"<h1>Pol\u00edtica de devoluciones<\/h1>\n<p class=\"p1\">Access Truck Parts respalda cada producto que vendemos. Es nuestra intenci\u00f3n hacer que el proceso de devoluci\u00f3n sea lo m\u00e1s \u00e1gil posible para asegurar la completa satisfacci\u00f3n del cliente. Para ayudar en esto, por favor tenga la siguiente informaci\u00f3n a mano antes de iniciar su devoluci\u00f3n:<\/p>\n<ul>\n<li class=\"p3\">N\u00famero de factura de Access Truck Parts.<\/li>\n<li class=\"p3\">N\u00famero de orden de venta, o el n\u00famero de pedido de su empresa.<\/li>\n<\/ul>\n<p class=\"p4\" style=\"text-align: center;\"><b>PRESENTACI\u00d3N DE LA DECLARACI\u00d3N<\/b><\/p>\n<p class=\"p1\">Inicie la devoluci\u00f3n por tel\u00e9fono \n<a href=\"tel:523319341433\">+52 (3) 319341433<\/a> o por correo electr\u00f3nico a <a href=\"mailto:sales@accesstruckparts.com\">sales@accesstruckparts.com<\/a>.<\/p>\n<p class=\"p1\">Access Truck Parts emitir\u00e1 un n\u00famero de autorizaci\u00f3n de devoluci\u00f3n de materiales (RMA) y un formulario. El RMA ser\u00e1 v\u00e1lido durante 30 d\u00edas a partir de la fecha de emisi\u00f3n. Las piezas devueltas no ser\u00e1n aceptadas para cr\u00e9dito despu\u00e9s de la fecha de vencimiento de la RMA.<\/p>\n<p class=\"p1\"><u>Los productos deben cumplir los siguientes criterios para poder ser devueltos:<\/u><\/p>\n<ul>\n<li class=\"p3\">Devoluci\u00f3n dentro de los 30 d\u00edas siguientes a la recepci\u00f3n original de la mercanc\u00eda.<\/li>\n<li class=\"p3\">Sin usar y en el mismo estado en que lo recibi\u00f3.<\/li>\n<li class=\"p3\">No se puede devolver ninguna pieza especial o hecha a medida.<\/li>\n<\/ul>\n<p class=\"p1\">Las piezas no incluidas en el formulario RMA no ser\u00e1n aceptadas ni abonadas. El precio de compra de las piezas aceptables se reembolsar\u00e1 como un cr\u00e9dito en su cuenta o tarjeta de cr\u00e9dito. <u>Los gastos de transporte no son susceptibles de cr\u00e9dito.<\/u> Los cr\u00e9ditos para las piezas devueltas aceptables se emitir\u00e1n dentro de los 30 d\u00edas siguientes a la recepci\u00f3n de la pieza.<\/p>\n<p class=\"p4\" style=\"text-align: center;\">El env\u00edo de vuelta debe ser enviado a la siguiente direcci\u00f3n:<\/p>\n<p class=\"p1\" style=\"text-align: center;\">Piezas de camiones Access<br \/>\n2757 E Chambers St<br \/>\nPhoenix, AZ 85040<\/p>\n<div align=\"center\"><iframe style=\"border: 0;\" src=\"https:\/\/www.google.com\/maps\/embed?pb=!1m18!1m12!1m3!1d3330.790270187356!2d-111.99820004919978!3d33.402635480693355!2m3!1f0!2f0!3f0!3m2!1i1024!2i768!4f13.1!3m3!1m2!1s0x872b0f0665b95f5d%3A0x848fc5192622421d!2sAccess+Truck+Parts!5e0!3m2!1sen!2sus!4v1521137112739\" width=\"600\" height=\"450\" frameborder=\"0\" allowfullscreen=\"allowfullscreen\"><\/iframe><\/div>\n<p class=\"p4\" style=\"text-align: center;\"><b>Los gastos de devoluci\u00f3n son responsabilidad del comprador.<\/b><\/p>\n<p class=\"p4\" style=\"text-align: center;\"><b>*20% se puede cobrar una tasa de reposici\u00f3n de existencias por las devoluciones<br \/>\n<\/b><b>debido a pedidos incorrectos o a razones generales.<\/b><\/p>","protected":false},"excerpt":{"rendered":"<p>Return Policy Access Truck Parts stands behind every product we sell. It is our intention to make the return process as streamlined as possible to ensure complete customer satisfaction. To aid in this, please have the following information at hand before initiating your return: Access Truck Parts invoice number. Sales order number, or your company [&#8230;]\n","protected":false},"author":692,"featured_media":0,"parent":0,"menu_order":0,"comment_status":"closed","ping_status":"closed","template":"","meta":{"footnotes":""},"class_list":["post-4788","page","type-page","status-publish","hentry"],"yoast_head":"<!-- This site is optimized with the Yoast SEO Premium plugin v27.4 (Yoast SEO v27.4) - https:\/\/yoast.com\/product\/yoast-seo-premium-wordpress\/ -->\n<title>Return Policy - Access Truck Parts<\/title>\n<meta name=\"description\" content=\"Return Policy - Access Truck Parts stocks all replacement parts for water distribution equipment. Shop online today!\" \/>\n<meta name=\"robots\" content=\"index, follow, max-snippet:-1, max-image-preview:large, max-video-preview:-1\" \/>\n<link rel=\"canonical\" href=\"https:\/\/accesstruckparts.com\/es\/politica-de-retorno\/\" \/>\n<meta property=\"og:locale\" content=\"es_MX\" \/>\n<meta property=\"og:type\" content=\"article\" \/>\n<meta property=\"og:title\" content=\"Return Policy\" \/>\n<meta property=\"og:description\" content=\"Return Policy - Access Truck Parts stocks all replacement parts for water distribution equipment. Shop online today!\" \/>\n<meta property=\"og:url\" content=\"https:\/\/accesstruckparts.com\/es\/politica-de-retorno\/\" \/>\n<meta property=\"og:site_name\" content=\"Access Truck Parts\" \/>\n<meta property=\"article:modified_time\" content=\"2025-06-16T18:19:26+00:00\" \/>\n<meta name=\"twitter:label1\" content=\"Tiempo de lectura\" \/>\n\t<meta name=\"twitter:data1\" content=\"2 minutos\" \/>\n<script type=\"application\/ld+json\" class=\"yoast-schema-graph\">{\"@context\":\"https:\\\/\\\/schema.org\",\"@graph\":[{\"@type\":\"WebPage\",\"@id\":\"https:\\\/\\\/accesstruckparts.com\\\/return-policy\\\/\",\"url\":\"https:\\\/\\\/accesstruckparts.com\\\/return-policy\\\/\",\"name\":\"Return Policy - Access Truck Parts\",\"isPartOf\":{\"@id\":\"https:\\\/\\\/accesstruckparts.com\\\/#website\"},\"datePublished\":\"2015-01-29T17:21:25+00:00\",\"dateModified\":\"2025-06-16T18:19:26+00:00\",\"description\":\"Return Policy - Access Truck Parts stocks all replacement parts for water distribution equipment. Shop online today!\",\"breadcrumb\":{\"@id\":\"https:\\\/\\\/accesstruckparts.com\\\/return-policy\\\/#breadcrumb\"},\"inLanguage\":\"es\",\"potentialAction\":[{\"@type\":\"ReadAction\",\"target\":[\"https:\\\/\\\/accesstruckparts.com\\\/return-policy\\\/\"]}]},{\"@type\":\"BreadcrumbList\",\"@id\":\"https:\\\/\\\/accesstruckparts.com\\\/return-policy\\\/#breadcrumb\",\"itemListElement\":[{\"@type\":\"ListItem\",\"position\":1,\"name\":\"Home\",\"item\":\"https:\\\/\\\/accesstruckparts.com\\\/\"},{\"@type\":\"ListItem\",\"position\":2,\"name\":\"Return Policy\"}]},{\"@type\":\"WebSite\",\"@id\":\"https:\\\/\\\/accesstruckparts.com\\\/#website\",\"url\":\"https:\\\/\\\/accesstruckparts.com\\\/\",\"name\":\"Access Truck Parts\",\"description\":\"Your One Stop Water Truck Parts Solution.\",\"publisher\":{\"@id\":\"https:\\\/\\\/accesstruckparts.com\\\/#organization\"},\"potentialAction\":[{\"@type\":\"SearchAction\",\"target\":{\"@type\":\"EntryPoint\",\"urlTemplate\":\"https:\\\/\\\/accesstruckparts.com\\\/?s={search_term_string}\"},\"query-input\":{\"@type\":\"PropertyValueSpecification\",\"valueRequired\":true,\"valueName\":\"search_term_string\"}}],\"inLanguage\":\"es\"},{\"@type\":\"Organization\",\"@id\":\"https:\\\/\\\/accesstruckparts.com\\\/#organization\",\"name\":\"Access Truck Parts\",\"url\":\"https:\\\/\\\/accesstruckparts.com\\\/\",\"logo\":{\"@type\":\"ImageObject\",\"inLanguage\":\"es\",\"@id\":\"https:\\\/\\\/accesstruckparts.com\\\/#\\\/schema\\\/logo\\\/image\\\/\",\"url\":\"https:\\\/\\\/accesstruckparts.com\\\/wp-content\\\/uploads\\\/2018\\\/02\\\/ATP_logo_placeholder_2018.jpg\",\"contentUrl\":\"https:\\\/\\\/accesstruckparts.com\\\/wp-content\\\/uploads\\\/2018\\\/02\\\/ATP_logo_placeholder_2018.jpg\",\"width\":\"500\",\"height\":\"500\",\"caption\":\"Access Truck Parts\"},\"image\":{\"@id\":\"https:\\\/\\\/accesstruckparts.com\\\/#\\\/schema\\\/logo\\\/image\\\/\"}}]}<\/script>\n<!-- \/ Yoast SEO Premium plugin. -->","yoast_head_json":{"title":"Pol\u00edtica de devoluciones - Access Truck Parts","description":"Pol\u00edtica de devoluciones - Access Truck Parts tiene en stock todas las piezas de repuesto para equipos de distribuci\u00f3n de agua. \u00a1Compre en l\u00ednea hoy mismo!","robots":{"index":"index","follow":"follow","max-snippet":"max-snippet:-1","max-image-preview":"max-image-preview:large","max-video-preview":"max-video-preview:-1"},"canonical":"https:\/\/accesstruckparts.com\/es\/politica-de-retorno\/","og_locale":"es_MX","og_type":"article","og_title":"Return Policy","og_description":"Return Policy - Access Truck Parts stocks all replacement parts for water distribution equipment. Shop online today!","og_url":"https:\/\/accesstruckparts.com\/es\/politica-de-retorno\/","og_site_name":"Access Truck Parts","article_modified_time":"2025-06-16T18:19:26+00:00","twitter_misc":{"Tiempo de lectura":"2 minutos"},"schema":{"@context":"https:\/\/schema.org","@graph":[{"@type":"WebPage","@id":"https:\/\/accesstruckparts.com\/return-policy\/","url":"https:\/\/accesstruckparts.com\/return-policy\/","name":"Pol\u00edtica de devoluciones - Access Truck Parts","isPartOf":{"@id":"https:\/\/accesstruckparts.com\/#website"},"datePublished":"2015-01-29T17:21:25+00:00","dateModified":"2025-06-16T18:19:26+00:00","description":"Pol\u00edtica de devoluciones - Access Truck Parts tiene en stock todas las piezas de repuesto para equipos de distribuci\u00f3n de agua. \u00a1Compre en l\u00ednea hoy mismo!","breadcrumb":{"@id":"https:\/\/accesstruckparts.com\/return-policy\/#breadcrumb"},"inLanguage":"es","potentialAction":[{"@type":"ReadAction","target":["https:\/\/accesstruckparts.com\/return-policy\/"]}]},{"@type":"BreadcrumbList","@id":"https:\/\/accesstruckparts.com\/return-policy\/#breadcrumb","itemListElement":[{"@type":"ListItem","position":1,"name":"Home","item":"https:\/\/accesstruckparts.com\/"},{"@type":"ListItem","position":2,"name":"Return Policy"}]},{"@type":"WebSite","@id":"https:\/\/accesstruckparts.com\/#website","url":"https:\/\/accesstruckparts.com\/","name":"Piezas de camiones Access","description":"Su soluci\u00f3n \u00fanica de piezas para camiones de agua.","publisher":{"@id":"https:\/\/accesstruckparts.com\/#organization"},"potentialAction":[{"@type":"SearchAction","target":{"@type":"EntryPoint","urlTemplate":"https:\/\/accesstruckparts.com\/?s={search_term_string}"},"query-input":{"@type":"PropertyValueSpecification","valueRequired":true,"valueName":"search_term_string"}}],"inLanguage":"es"},{"@type":"Organization","@id":"https:\/\/accesstruckparts.com\/#organization","name":"Piezas de camiones Access","url":"https:\/\/accesstruckparts.com\/","logo":{"@type":"ImageObject","inLanguage":"es","@id":"https:\/\/accesstruckparts.com\/#\/schema\/logo\/image\/","url":"https:\/\/accesstruckparts.com\/wp-content\/uploads\/2018\/02\/ATP_logo_placeholder_2018.jpg","contentUrl":"https:\/\/accesstruckparts.com\/wp-content\/uploads\/2018\/02\/ATP_logo_placeholder_2018.jpg","width":"500","height":"500","caption":"Access Truck Parts"},"image":{"@id":"https:\/\/accesstruckparts.com\/#\/schema\/logo\/image\/"}}]}},"_links":{"self":[{"href":"https:\/\/accesstruckparts.com\/es\/wp-json\/wp\/v2\/pages\/4788","targetHints":{"allow":["GET"]}}],"collection":[{"href":"https:\/\/accesstruckparts.com\/es\/wp-json\/wp\/v2\/pages"}],"about":[{"href":"https:\/\/accesstruckparts.com\/es\/wp-json\/wp\/v2\/types\/page"}],"author":[{"embeddable":true,"href":"https:\/\/accesstruckparts.com\/es\/wp-json\/wp\/v2\/users\/692"}],"replies":[{"embeddable":true,"href":"https:\/\/accesstruckparts.com\/es\/wp-json\/wp\/v2\/comments?post=4788"}],"version-history":[{"count":2,"href":"https:\/\/accesstruckparts.com\/es\/wp-json\/wp\/v2\/pages\/4788\/revisions"}],"predecessor-version":[{"id":220122,"href":"https:\/\/accesstruckparts.com\/es\/wp-json\/wp\/v2\/pages\/4788\/revisions\/220122"}],"wp:attachment":[{"href":"https:\/\/accesstruckparts.com\/es\/wp-json\/wp\/v2\/media?parent=4788"}],"curies":[{"name":"wp","href":"https:\/\/api.w.org\/{rel}","templated":true}]}}