{"id":232639,"date":"2026-02-27T07:12:55","date_gmt":"2026-02-27T14:12:55","guid":{"rendered":"https:\/\/accesstruckparts.com\/?page_id=232639"},"modified":"2026-02-27T13:27:09","modified_gmt":"2026-02-27T20:27:09","slug":"hose-reels-pumps","status":"publish","type":"page","link":"https:\/\/accesstruckparts.com\/es\/landing-page\/hose-reels-pumps\/","title":{"rendered":"Hose Reels &#038; Pumps"},"content":{"rendered":"<div class=\"row\"  id=\"row-944947094\">\n\n\t<div id=\"col-1380841454\" class=\"col small-12 large-12\"  >\n\t\t\t\t<div class=\"col-inner\" style=\"background-color:rgb(0, 0, 0);\" >\n\t\t\t\n\t\t\t\n\t<div class=\"img has-hover x md-x lg-x y md-y lg-y\" id=\"image_185714027\">\n\t\t\t\t\t\t\t\t<div class=\"img-inner image-cover dark\" style=\"padding-top:350px;\">\n\t\t\t<img decoding=\"async\" width=\"1090\" height=\"411\" src=\"https:\/\/accesstruckparts.com\/wp-content\/uploads\/2026\/02\/Wter-cannon-in-action-1.png\" class=\"attachment-original size-original\" alt=\"\" srcset=\"https:\/\/accesstruckparts.com\/wp-content\/uploads\/2026\/02\/Wter-cannon-in-action-1.png 1090w, https:\/\/accesstruckparts.com\/wp-content\/uploads\/2026\/02\/Wter-cannon-in-action-1-800x302.png 800w, https:\/\/accesstruckparts.com\/wp-content\/uploads\/2026\/02\/Wter-cannon-in-action-1-18x7.png 18w, https:\/\/accesstruckparts.com\/wp-content\/uploads\/2026\/02\/Wter-cannon-in-action-1-510x192.png 510w\" sizes=\"(max-width: 1090px) 100vw, 1090px\" \/>\t\t\t\t\t\t\n\t\t\t\t\t<\/div>\n\t\t\t\t\t\t\t\t\n<style>\n#image_185714027 {\n  width: 100%;\n}\n@media (min-width:550px) {\n  #image_185714027 {\n    width: 100%;\n  }\n}\n<\/style>\n\t<\/div>\n\t\n\t\t<\/div>\n\t\t\t\t\t<\/div>\n\n\t\n<\/div>\n\t<div id=\"text-1335781399\" class=\"text hidden\">\n\t\t\n<h1><strong>For large-scale construction site dust suppression, choose the most durable pumps and no-leak hose reels.<\/strong><\/h1>\n\t\t\n<style>\n#text-1335781399 {\n  font-size: 1.6rem;\n  text-align: center;\n}\n<\/style>\n\t<\/div>\n\t\n\t<div id=\"text-3867417115\" class=\"text\">\n\t\t\n<div style=\"width: 100%; background:#333; padding:20px 0px 5px;\">\n<p><strong>When it comes to large-scale dust suppression, choose durable equipment with unmatched reliability.<\/strong><\/p>\n<\/div>\n\t\t\n<style>\n#text-3867417115 {\n  font-size: 2rem;\n  text-align: center;\n  color: #ffffff;\n}\n#text-3867417115 > * {\n  color: #ffffff;\n}\n<\/style>\n\t<\/div>\n\t\n<div class=\"row\"  id=\"row-568027392\">\n\n\t<div id=\"col-1258521973\" class=\"col medium-6 small-12 large-6\"  >\n\t\t\t\t<div class=\"col-inner text-center\"  >\n\t\t\t\n\t\t\t\n\t<div id=\"text-1722156102\" class=\"text\">\n\t\t\n<h2><strong>The most durable and reliable pumps on the jobsite.\u00a0<\/strong><br \/>\n<\/h2>\n\t\t\n<style>\n#text-1722156102 {\n  font-size: 1.5rem;\n  text-align: center;\n}\n<\/style>\n\t<\/div>\n\t\n\t<div class=\"img has-hover x md-x lg-x y md-y lg-y\" id=\"image_1556721749\">\n\t\t\t\t\t\t\t\t<div class=\"img-inner dark\" >\n\t\t\t<img decoding=\"async\" width=\"600\" height=\"600\" src=\"https:\/\/accesstruckparts.com\/wp-content\/uploads\/2020\/08\/101-B81203_B3Z-SAEB-CW-Rope-Seal-Hydraulic-Mount-Pump_1200x1200.png\" class=\"attachment-gform-image-choice-lg size-gform-image-choice-lg\" alt=\"\" srcset=\"https:\/\/accesstruckparts.com\/wp-content\/uploads\/2020\/08\/101-B81203_B3Z-SAEB-CW-Rope-Seal-Hydraulic-Mount-Pump_1200x1200.png 1200w, https:\/\/accesstruckparts.com\/wp-content\/uploads\/2020\/08\/101-B81203_B3Z-SAEB-CW-Rope-Seal-Hydraulic-Mount-Pump_1200x1200-800x800.png 800w, https:\/\/accesstruckparts.com\/wp-content\/uploads\/2020\/08\/101-B81203_B3Z-SAEB-CW-Rope-Seal-Hydraulic-Mount-Pump_1200x1200-350x350.png 350w, https:\/\/accesstruckparts.com\/wp-content\/uploads\/2020\/08\/101-B81203_B3Z-SAEB-CW-Rope-Seal-Hydraulic-Mount-Pump_1200x1200-510x510.png 510w, https:\/\/accesstruckparts.com\/wp-content\/uploads\/2020\/08\/101-B81203_B3Z-SAEB-CW-Rope-Seal-Hydraulic-Mount-Pump_1200x1200-100x100.png 100w\" sizes=\"(max-width: 600px) 100vw, 600px\" \/>\t\t\t\t\t\t\n\t\t\t\t\t<\/div>\n\t\t\t\t\t\t\t\t\n<style>\n#image_1556721749 {\n  width: 50%;\n}\n<\/style>\n\t<\/div>\n\t\n<a class=\"button primary\" >\n\t\t<span>Find Your Pump NOW<\/span>\n\t<\/a>\n\n<p>The heart of your water truck must be built for the grind. Our Water Pumps feature a heavy-duty cast iron design and a reliable rope or mech seal to minimize maintenance intervals during intensive road dust abatement projects. Specifically designed for large construction fleets, this pump ensures consistent flow-rate performance.<\/p>\n<div class=\"row\"  id=\"row-1836973358\">\n\n\t<div id=\"col-1340335824\" class=\"col medium-6 small-12 large-6\"  >\n\t\t\t\t<div class=\"col-inner\"  >\n\t\t\t\n\t\t\t\n\t<div class=\"img has-hover x md-x lg-x y md-y lg-y\" id=\"image_1227407275\">\n\t\t\t\t\t\t\t\t<div class=\"img-inner dark\" >\n\t\t\t<img decoding=\"async\" width=\"1020\" height=\"1020\" src=\"https:\/\/accesstruckparts.com\/wp-content\/uploads\/2021\/08\/Stainless-Pump-3_1200x1200.jpg\" class=\"attachment-large size-large\" alt=\"\" srcset=\"https:\/\/accesstruckparts.com\/wp-content\/uploads\/2021\/08\/Stainless-Pump-3_1200x1200.jpg 1200w, https:\/\/accesstruckparts.com\/wp-content\/uploads\/2021\/08\/Stainless-Pump-3_1200x1200-800x800.jpg 800w, https:\/\/accesstruckparts.com\/wp-content\/uploads\/2021\/08\/Stainless-Pump-3_1200x1200-350x350.jpg 350w, https:\/\/accesstruckparts.com\/wp-content\/uploads\/2021\/08\/Stainless-Pump-3_1200x1200-12x12.jpg 12w, https:\/\/accesstruckparts.com\/wp-content\/uploads\/2021\/08\/Stainless-Pump-3_1200x1200-510x510.jpg 510w, https:\/\/accesstruckparts.com\/wp-content\/uploads\/2021\/08\/Stainless-Pump-3_1200x1200-100x100.jpg 100w, https:\/\/accesstruckparts.com\/wp-content\/uploads\/2021\/08\/Stainless-Pump-3_1200x1200-80x80.jpg 80w\" sizes=\"(max-width: 1020px) 100vw, 1020px\" \/>\t\t\t\t\t\t\n\t\t\t\t\t<\/div>\n\t\t\t\t\t\t\t\t\n<style>\n#image_1227407275 {\n  width: 100%;\n}\n<\/style>\n\t<\/div>\n\t\n\t\t<\/div>\n\t\t\t\t\t<\/div>\n\n\t\n\n\t<div id=\"col-1802290837\" class=\"col medium-6 small-12 large-6\"  >\n\t\t\t\t<div class=\"col-inner\"  >\n\t\t\t\n\t\t\t\n\t<div class=\"img has-hover x md-x lg-x y md-y lg-y\" id=\"image_777979651\">\n\t\t\t\t\t\t\t\t<div class=\"img-inner dark\" >\n\t\t\t<img decoding=\"async\" width=\"1020\" height=\"1020\" src=\"https:\/\/accesstruckparts.com\/wp-content\/uploads\/2016\/09\/101-B73403_B3J-S-High-Pressure-Mech-Seal-Pump-CW-Thread_1200x1200-sRGB-3.png\" class=\"attachment-large size-large\" alt=\"Se vende bomba para cami\u00f3n cisterna - B3J-S Sello mec\u00e1nico de alta presi\u00f3n (rosca CW)\" srcset=\"https:\/\/accesstruckparts.com\/wp-content\/uploads\/2016\/09\/101-B73403_B3J-S-High-Pressure-Mech-Seal-Pump-CW-Thread_1200x1200-sRGB-3.png 1200w, https:\/\/accesstruckparts.com\/wp-content\/uploads\/2016\/09\/101-B73403_B3J-S-High-Pressure-Mech-Seal-Pump-CW-Thread_1200x1200-sRGB-3-800x800.png 800w, https:\/\/accesstruckparts.com\/wp-content\/uploads\/2016\/09\/101-B73403_B3J-S-High-Pressure-Mech-Seal-Pump-CW-Thread_1200x1200-sRGB-3-350x350.png 350w, https:\/\/accesstruckparts.com\/wp-content\/uploads\/2016\/09\/101-B73403_B3J-S-High-Pressure-Mech-Seal-Pump-CW-Thread_1200x1200-sRGB-3-12x12.png 12w, https:\/\/accesstruckparts.com\/wp-content\/uploads\/2016\/09\/101-B73403_B3J-S-High-Pressure-Mech-Seal-Pump-CW-Thread_1200x1200-sRGB-3-510x510.png 510w, https:\/\/accesstruckparts.com\/wp-content\/uploads\/2016\/09\/101-B73403_B3J-S-High-Pressure-Mech-Seal-Pump-CW-Thread_1200x1200-sRGB-3-100x100.png 100w, https:\/\/accesstruckparts.com\/wp-content\/uploads\/2016\/09\/101-B73403_B3J-S-High-Pressure-Mech-Seal-Pump-CW-Thread_1200x1200-sRGB-3-80x80.png 80w\" sizes=\"(max-width: 1020px) 100vw, 1020px\" title=\"Bomba de cami\u00f3n cisterna - B3J-S Sello mec\u00e1nico de alta presi\u00f3n (rosca CW)\" \/>\t\t\t\t\t\t\n\t\t\t\t\t<\/div>\n\t\t\t\t\t\t\t\t\n<style>\n#image_777979651 {\n  width: 100%;\n}\n<\/style>\n\t<\/div>\n\t\n\t\t<\/div>\n\t\t\t\t\t<\/div>\n\n\t\n<\/div>\n\t\t<\/div>\n\t\t\t\t\n<style>\n#col-1258521973 > .col-inner {\n  padding: 33px 0px 0px 0px;\n}\n<\/style>\n\t<\/div>\n\n\t\n\n\t<div id=\"col-903452871\" class=\"col medium-6 small-12 large-6\"  >\n\t\t\t\t<div class=\"col-inner text-center\"  >\n\t\t\t\n\t\t\t\n\t<div id=\"text-4159825757\" class=\"text\">\n\t\t\n<h2><strong>Higher flow rates and <br \/>a zero-leak seal.<\/strong><\/h2>\n\t\t\n<style>\n#text-4159825757 {\n  font-size: 1.5rem;\n  text-align: center;\n}\n<\/style>\n\t<\/div>\n\t\n\t<div class=\"img has-hover x md-x lg-x y md-y lg-y\" id=\"image_161207725\">\n\t\t\t\t\t\t\t\t<div class=\"img-inner dark\" >\n\t\t\t<img decoding=\"async\" width=\"600\" height=\"600\" src=\"https:\/\/accesstruckparts.com\/wp-content\/uploads\/2025\/11\/HoseREEL_WITHNEWSWIVEL.png\" class=\"attachment-gform-image-choice-lg size-gform-image-choice-lg\" alt=\"Access Truck Parts Hose Reel Swivel Kit\" srcset=\"https:\/\/accesstruckparts.com\/wp-content\/uploads\/2025\/11\/HoseREEL_WITHNEWSWIVEL.png 1200w, https:\/\/accesstruckparts.com\/wp-content\/uploads\/2025\/11\/HoseREEL_WITHNEWSWIVEL-800x800.png 800w, https:\/\/accesstruckparts.com\/wp-content\/uploads\/2025\/11\/HoseREEL_WITHNEWSWIVEL-350x350.png 350w, https:\/\/accesstruckparts.com\/wp-content\/uploads\/2025\/11\/HoseREEL_WITHNEWSWIVEL-12x12.png 12w, https:\/\/accesstruckparts.com\/wp-content\/uploads\/2025\/11\/HoseREEL_WITHNEWSWIVEL-510x510.png 510w, https:\/\/accesstruckparts.com\/wp-content\/uploads\/2025\/11\/HoseREEL_WITHNEWSWIVEL-100x100.png 100w, https:\/\/accesstruckparts.com\/wp-content\/uploads\/2025\/11\/HoseREEL_WITHNEWSWIVEL-80x80.png 80w\" sizes=\"(max-width: 600px) 100vw, 600px\" \/>\t\t\t\t\t\t\n\t\t\t\t\t<\/div>\n\t\t\t\t\t\t\t\t\n<style>\n#image_161207725 {\n  width: 50%;\n}\n<\/style>\n\t<\/div>\n\t\n<a class=\"button primary\" >\n\t\t<span>See All Hose Reel Specs<\/span>\n\t<\/a>\n\n<p>Standard hose reels fail at the inlet, leading to a mess and wasted water. Our 1.5&#8243; Manual Rewind Hose Reel is upgraded with a 304SS Full-Flow Swivel to eliminate the most common failure point in dust control for construction sites.<\/p>\n<div class=\"row\"  id=\"row-194174809\">\n\n\t<div id=\"col-1074227567\" class=\"col medium-6 small-12 large-6\"  >\n\t\t\t\t<div class=\"col-inner\"  >\n\t\t\t\n\t\t\t\n\t<div class=\"img has-hover x md-x lg-x y md-y lg-y\" id=\"image_2115613050\">\n\t\t\t\t\t\t\t\t<div class=\"img-inner dark\" >\n\t\t\t<img decoding=\"async\" width=\"1020\" height=\"1020\" src=\"https:\/\/accesstruckparts.com\/wp-content\/uploads\/2025\/11\/7HOSEREE_WITH.png\" class=\"attachment-large size-large\" alt=\"Closeup of the Access Truck Parts Hose Reel Swivel\" srcset=\"https:\/\/accesstruckparts.com\/wp-content\/uploads\/2025\/11\/7HOSEREE_WITH.png 1500w, https:\/\/accesstruckparts.com\/wp-content\/uploads\/2025\/11\/7HOSEREE_WITH-800x800.png 800w, https:\/\/accesstruckparts.com\/wp-content\/uploads\/2025\/11\/7HOSEREE_WITH-350x350.png 350w, https:\/\/accesstruckparts.com\/wp-content\/uploads\/2025\/11\/7HOSEREE_WITH-12x12.png 12w, https:\/\/accesstruckparts.com\/wp-content\/uploads\/2025\/11\/7HOSEREE_WITH-510x510.png 510w, https:\/\/accesstruckparts.com\/wp-content\/uploads\/2025\/11\/7HOSEREE_WITH-100x100.png 100w, https:\/\/accesstruckparts.com\/wp-content\/uploads\/2025\/11\/7HOSEREE_WITH-80x80.png 80w\" sizes=\"(max-width: 1020px) 100vw, 1020px\" \/>\t\t\t\t\t\t\n\t\t\t\t\t<\/div>\n\t\t\t\t\t\t\t\t\n<style>\n#image_2115613050 {\n  width: 100%;\n}\n<\/style>\n\t<\/div>\n\t\n\t\t<\/div>\n\t\t\t\t\t<\/div>\n\n\t\n\n\t<div id=\"col-316070732\" class=\"col medium-6 small-12 large-6\"  >\n\t\t\t\t<div class=\"col-inner\"  >\n\t\t\t\n\t\t\t\n\t<div class=\"img has-hover x md-x lg-x y md-y lg-y\" id=\"image_60219101\">\n\t\t\t\t\t\t\t\t<div class=\"img-inner dark\" >\n\t\t\t<img decoding=\"async\" width=\"1020\" height=\"1020\" src=\"https:\/\/accesstruckparts.com\/wp-content\/uploads\/2025\/11\/4HOSEREE_WITH.png\" class=\"attachment-large size-large\" alt=\"Front view of the Access Truck Parts Hose Reel Swivel Kit\" srcset=\"https:\/\/accesstruckparts.com\/wp-content\/uploads\/2025\/11\/4HOSEREE_WITH.png 1500w, https:\/\/accesstruckparts.com\/wp-content\/uploads\/2025\/11\/4HOSEREE_WITH-800x800.png 800w, https:\/\/accesstruckparts.com\/wp-content\/uploads\/2025\/11\/4HOSEREE_WITH-350x350.png 350w, https:\/\/accesstruckparts.com\/wp-content\/uploads\/2025\/11\/4HOSEREE_WITH-12x12.png 12w, https:\/\/accesstruckparts.com\/wp-content\/uploads\/2025\/11\/4HOSEREE_WITH-510x510.png 510w, https:\/\/accesstruckparts.com\/wp-content\/uploads\/2025\/11\/4HOSEREE_WITH-100x100.png 100w, https:\/\/accesstruckparts.com\/wp-content\/uploads\/2025\/11\/4HOSEREE_WITH-80x80.png 80w\" sizes=\"(max-width: 1020px) 100vw, 1020px\" \/>\t\t\t\t\t\t\n\t\t\t\t\t<\/div>\n\t\t\t\t\t\t\t\t\n<style>\n#image_60219101 {\n  width: 100%;\n}\n<\/style>\n\t<\/div>\n\t\n\t\t<\/div>\n\t\t\t\t\t<\/div>\n\n\t\n<\/div>\n\t\t<\/div>\n\t\t\t\t\n<style>\n#col-903452871 > .col-inner {\n  padding: 33px 0px 0px 0px;\n}\n<\/style>\n\t<\/div>\n\n\t\n<\/div>\n<div class=\"row\"  id=\"row-1500016418\">\n\n\t<div id=\"col-251338417\" class=\"col small-12 large-12\"  >\n\t\t\t\t<div class=\"col-inner text-center\" style=\"background-color:rgb(39, 39, 39);\" >\n\t\t\t\n\t\t\t\n\t<div class=\"img has-hover x md-x lg-x y md-y lg-y\" id=\"image_1711235838\">\n\t\t\t\t\t\t\t\t<div class=\"img-inner dark\" >\n\t\t\t<img decoding=\"async\" src=\"https:\/\/accesstruckparts.com\/wp-content\/uploads\/2021\/08\/ATP-Wordmark-Inline.svg\" class=\"attachment-original size-original\" alt=\"\" \/>\t\t\t\t\t\t\n\t\t\t\t\t<\/div>\n\t\t\t\t\t\t\t\t\n<style>\n#image_1711235838 {\n  width: 48%;\n}\n<\/style>\n\t<\/div>\n\t\n\t\t<\/div>\n\t\t\t\t\n<style>\n#col-251338417 > .col-inner {\n  padding: 20px 0px 20px 0px;\n  margin: 0px 0px 0px 0px;\n}\n<\/style>\n\t<\/div>\n\n\t\n<\/div>","protected":false},"excerpt":{"rendered":"","protected":false},"author":47577,"featured_media":0,"parent":232325,"menu_order":0,"comment_status":"closed","ping_status":"closed","template":"","meta":{"footnotes":""},"class_list":["post-232639","page","type-page","status-publish","hentry"],"yoast_head":"<!-- This site is optimized with the Yoast SEO Premium plugin v27.3 (Yoast SEO v27.3) - https:\/\/yoast.com\/product\/yoast-seo-premium-wordpress\/ -->\n<title>Hose Reels &amp; Pumps - Access Truck Parts<\/title>\n<meta name=\"description\" content=\"Hose Reels &amp; Pumps - Access Truck Parts stocks all replacement parts for water distribution equipment. Shop online today!\" \/>\n<meta name=\"robots\" content=\"index, follow, max-snippet:-1, max-image-preview:large, max-video-preview:-1\" \/>\n<link rel=\"canonical\" href=\"https:\/\/accesstruckparts.com\/es\/landing-page\/hose-reels-pumps\/\" \/>\n<meta property=\"og:locale\" content=\"es_MX\" \/>\n<meta property=\"og:type\" content=\"article\" \/>\n<meta property=\"og:title\" content=\"Hose Reels &amp; Pumps\" \/>\n<meta property=\"og:description\" content=\"Hose Reels &amp; Pumps - Access Truck Parts stocks all replacement parts for water distribution equipment. Shop online today!\" \/>\n<meta property=\"og:url\" content=\"https:\/\/accesstruckparts.com\/es\/landing-page\/hose-reels-pumps\/\" \/>\n<meta property=\"og:site_name\" content=\"Access Truck Parts\" \/>\n<meta property=\"article:modified_time\" content=\"2026-02-27T20:27:09+00:00\" \/>\n<meta name=\"twitter:label1\" content=\"Tiempo de lectura\" \/>\n\t<meta name=\"twitter:data1\" content=\"2 minutos\" \/>\n<script type=\"application\/ld+json\" class=\"yoast-schema-graph\">{\"@context\":\"https:\\\/\\\/schema.org\",\"@graph\":[{\"@type\":\"WebPage\",\"@id\":\"https:\\\/\\\/accesstruckparts.com\\\/landing-page\\\/hose-reels-pumps\\\/\",\"url\":\"https:\\\/\\\/accesstruckparts.com\\\/landing-page\\\/hose-reels-pumps\\\/\",\"name\":\"Hose Reels & Pumps - Access Truck Parts\",\"isPartOf\":{\"@id\":\"https:\\\/\\\/accesstruckparts.com\\\/#website\"},\"datePublished\":\"2026-02-27T14:12:55+00:00\",\"dateModified\":\"2026-02-27T20:27:09+00:00\",\"description\":\"Hose Reels & Pumps - Access Truck Parts stocks all replacement parts for water distribution equipment. Shop online today!\",\"breadcrumb\":{\"@id\":\"https:\\\/\\\/accesstruckparts.com\\\/landing-page\\\/hose-reels-pumps\\\/#breadcrumb\"},\"inLanguage\":\"es\",\"potentialAction\":[{\"@type\":\"ReadAction\",\"target\":[\"https:\\\/\\\/accesstruckparts.com\\\/landing-page\\\/hose-reels-pumps\\\/\"]}]},{\"@type\":\"BreadcrumbList\",\"@id\":\"https:\\\/\\\/accesstruckparts.com\\\/landing-page\\\/hose-reels-pumps\\\/#breadcrumb\",\"itemListElement\":[{\"@type\":\"ListItem\",\"position\":1,\"name\":\"Home\",\"item\":\"https:\\\/\\\/accesstruckparts.com\\\/\"},{\"@type\":\"ListItem\",\"position\":2,\"name\":\"Landing Page\",\"item\":\"https:\\\/\\\/accesstruckparts.com\\\/landing-page\\\/\"},{\"@type\":\"ListItem\",\"position\":3,\"name\":\"Hose Reels & Pumps\"}]},{\"@type\":\"WebSite\",\"@id\":\"https:\\\/\\\/accesstruckparts.com\\\/#website\",\"url\":\"https:\\\/\\\/accesstruckparts.com\\\/\",\"name\":\"Access Truck Parts\",\"description\":\"Your One Stop Water Truck Parts Solution.\",\"publisher\":{\"@id\":\"https:\\\/\\\/accesstruckparts.com\\\/#organization\"},\"potentialAction\":[{\"@type\":\"SearchAction\",\"target\":{\"@type\":\"EntryPoint\",\"urlTemplate\":\"https:\\\/\\\/accesstruckparts.com\\\/?s={search_term_string}\"},\"query-input\":{\"@type\":\"PropertyValueSpecification\",\"valueRequired\":true,\"valueName\":\"search_term_string\"}}],\"inLanguage\":\"es\"},{\"@type\":\"Organization\",\"@id\":\"https:\\\/\\\/accesstruckparts.com\\\/#organization\",\"name\":\"Access Truck Parts\",\"url\":\"https:\\\/\\\/accesstruckparts.com\\\/\",\"logo\":{\"@type\":\"ImageObject\",\"inLanguage\":\"es\",\"@id\":\"https:\\\/\\\/accesstruckparts.com\\\/#\\\/schema\\\/logo\\\/image\\\/\",\"url\":\"https:\\\/\\\/accesstruckparts.com\\\/wp-content\\\/uploads\\\/2018\\\/02\\\/ATP_logo_placeholder_2018.jpg\",\"contentUrl\":\"https:\\\/\\\/accesstruckparts.com\\\/wp-content\\\/uploads\\\/2018\\\/02\\\/ATP_logo_placeholder_2018.jpg\",\"width\":\"500\",\"height\":\"500\",\"caption\":\"Access Truck Parts\"},\"image\":{\"@id\":\"https:\\\/\\\/accesstruckparts.com\\\/#\\\/schema\\\/logo\\\/image\\\/\"}}]}<\/script>\n<!-- \/ Yoast SEO Premium plugin. -->","yoast_head_json":{"title":"Hose Reels & Pumps - Access Truck Parts","description":"Hose Reels & Pumps - Access Truck Parts stocks all replacement parts for water distribution equipment. Shop online today!","robots":{"index":"index","follow":"follow","max-snippet":"max-snippet:-1","max-image-preview":"max-image-preview:large","max-video-preview":"max-video-preview:-1"},"canonical":"https:\/\/accesstruckparts.com\/es\/landing-page\/hose-reels-pumps\/","og_locale":"es_MX","og_type":"article","og_title":"Hose Reels & Pumps","og_description":"Hose Reels & Pumps - Access Truck Parts stocks all replacement parts for water distribution equipment. Shop online today!","og_url":"https:\/\/accesstruckparts.com\/es\/landing-page\/hose-reels-pumps\/","og_site_name":"Access Truck Parts","article_modified_time":"2026-02-27T20:27:09+00:00","twitter_misc":{"Tiempo de lectura":"2 minutos"},"schema":{"@context":"https:\/\/schema.org","@graph":[{"@type":"WebPage","@id":"https:\/\/accesstruckparts.com\/landing-page\/hose-reels-pumps\/","url":"https:\/\/accesstruckparts.com\/landing-page\/hose-reels-pumps\/","name":"Hose Reels & Pumps - Access Truck Parts","isPartOf":{"@id":"https:\/\/accesstruckparts.com\/#website"},"datePublished":"2026-02-27T14:12:55+00:00","dateModified":"2026-02-27T20:27:09+00:00","description":"Hose Reels & Pumps - Access Truck Parts stocks all replacement parts for water distribution equipment. Shop online today!","breadcrumb":{"@id":"https:\/\/accesstruckparts.com\/landing-page\/hose-reels-pumps\/#breadcrumb"},"inLanguage":"es","potentialAction":[{"@type":"ReadAction","target":["https:\/\/accesstruckparts.com\/landing-page\/hose-reels-pumps\/"]}]},{"@type":"BreadcrumbList","@id":"https:\/\/accesstruckparts.com\/landing-page\/hose-reels-pumps\/#breadcrumb","itemListElement":[{"@type":"ListItem","position":1,"name":"Home","item":"https:\/\/accesstruckparts.com\/"},{"@type":"ListItem","position":2,"name":"Landing Page","item":"https:\/\/accesstruckparts.com\/landing-page\/"},{"@type":"ListItem","position":3,"name":"Hose Reels & Pumps"}]},{"@type":"WebSite","@id":"https:\/\/accesstruckparts.com\/#website","url":"https:\/\/accesstruckparts.com\/","name":"Piezas de camiones Access","description":"Su soluci\u00f3n \u00fanica de piezas para camiones de agua.","publisher":{"@id":"https:\/\/accesstruckparts.com\/#organization"},"potentialAction":[{"@type":"SearchAction","target":{"@type":"EntryPoint","urlTemplate":"https:\/\/accesstruckparts.com\/?s={search_term_string}"},"query-input":{"@type":"PropertyValueSpecification","valueRequired":true,"valueName":"search_term_string"}}],"inLanguage":"es"},{"@type":"Organization","@id":"https:\/\/accesstruckparts.com\/#organization","name":"Piezas de camiones Access","url":"https:\/\/accesstruckparts.com\/","logo":{"@type":"ImageObject","inLanguage":"es","@id":"https:\/\/accesstruckparts.com\/#\/schema\/logo\/image\/","url":"https:\/\/accesstruckparts.com\/wp-content\/uploads\/2018\/02\/ATP_logo_placeholder_2018.jpg","contentUrl":"https:\/\/accesstruckparts.com\/wp-content\/uploads\/2018\/02\/ATP_logo_placeholder_2018.jpg","width":"500","height":"500","caption":"Access Truck Parts"},"image":{"@id":"https:\/\/accesstruckparts.com\/#\/schema\/logo\/image\/"}}]}},"_links":{"self":[{"href":"https:\/\/accesstruckparts.com\/es\/wp-json\/wp\/v2\/pages\/232639","targetHints":{"allow":["GET"]}}],"collection":[{"href":"https:\/\/accesstruckparts.com\/es\/wp-json\/wp\/v2\/pages"}],"about":[{"href":"https:\/\/accesstruckparts.com\/es\/wp-json\/wp\/v2\/types\/page"}],"author":[{"embeddable":true,"href":"https:\/\/accesstruckparts.com\/es\/wp-json\/wp\/v2\/users\/47577"}],"replies":[{"embeddable":true,"href":"https:\/\/accesstruckparts.com\/es\/wp-json\/wp\/v2\/comments?post=232639"}],"version-history":[{"count":3,"href":"https:\/\/accesstruckparts.com\/es\/wp-json\/wp\/v2\/pages\/232639\/revisions"}],"predecessor-version":[{"id":232698,"href":"https:\/\/accesstruckparts.com\/es\/wp-json\/wp\/v2\/pages\/232639\/revisions\/232698"}],"up":[{"embeddable":true,"href":"https:\/\/accesstruckparts.com\/es\/wp-json\/wp\/v2\/pages\/232325"}],"wp:attachment":[{"href":"https:\/\/accesstruckparts.com\/es\/wp-json\/wp\/v2\/media?parent=232639"}],"curies":[{"name":"wp","href":"https:\/\/api.w.org\/{rel}","templated":true}]}}