{"id":22427,"date":"2018-09-06T14:48:59","date_gmt":"2018-09-06T21:48:59","guid":{"rendered":"https:\/\/accesstruckparts.com\/?page_id=22427"},"modified":"2018-09-10T14:51:09","modified_gmt":"2018-09-10T21:51:09","slug":"guia-de-revision-de-coxreels","status":"publish","type":"page","link":"https:\/\/accesstruckparts.com\/es\/coxreels-revision-guide\/","title":{"rendered":"Gu\u00eda de revisi\u00f3n de Coxreels"},"content":{"rendered":"<p style=\"text-align: center;\">Coxreels ha revisado el dise\u00f1o de su <a class=\"productLink\" href=\"https:\/\/accesstruckparts.com\/es\/producto\/manguera-de-carrete-manual\/\" target=\"_blank\" rel=\"noopener\">291-1185-1124 Enrolladores de manguera de rebobinado manual.<\/a>\u00a0<br \/><strong>Los carretes fabricados antes de 2014 ser\u00e1n del estilo Rev A.<\/strong><br \/>A continuaci\u00f3n encontrar\u00e1 una comparaci\u00f3n y una lista de piezas entre los antiguos estilos Rev A, y los nuevos Rev D.<\/p>\n<div class=\"row\"  id=\"row-817785400\">\n\n\t<div id=\"col-4344096\" class=\"col medium-6 small-12 large-6\"  >\n\t\t\t\t<div class=\"col-inner\"  >\n\t\t\t\n\t\t\t\n\t<div class=\"img has-hover x md-x lg-x y md-y lg-y\" id=\"image_1362753496\">\n\t\t<a class=\"\" href=\"https:\/\/cdn.accesstruckparts.com\/wp-content\/uploads\/2018\/08\/CoxReels_RevA-1-1534x1600.jpg\" target=\"_blank\" rel=\"noopener\" >\t\t\t\t\t\t<div class=\"img-inner dark\" >\n\t\t\t<img decoding=\"async\" width=\"1020\" height=\"1064\" src=\"https:\/\/accesstruckparts.com\/wp-content\/uploads\/2018\/08\/CoxReels_RevA-1-1534x1600.jpg\" class=\"attachment-large size-large\" alt=\"\" srcset=\"https:\/\/accesstruckparts.com\/wp-content\/uploads\/2018\/08\/CoxReels_RevA-1-1534x1600.jpg 1534w, https:\/\/accesstruckparts.com\/wp-content\/uploads\/2018\/08\/CoxReels_RevA-1-767x800.jpg 767w, https:\/\/accesstruckparts.com\/wp-content\/uploads\/2018\/08\/CoxReels_RevA-1-510x532.jpg 510w, https:\/\/accesstruckparts.com\/wp-content\/uploads\/2018\/08\/CoxReels_RevA-1.jpg 1956w\" sizes=\"(max-width: 1020px) 100vw, 1020px\" \/>\t\t\t\t\t\t\n\t\t\t\t\t<\/div>\n\t\t\t\t\t\t<\/a>\t\t\n<style>\n#image_1362753496 {\n  width: 100%;\n}\n<\/style>\n\t<\/div>\n\t\n\t\t<\/div>\n\t\t\t\t\t<\/div>\n\n\t\n\n\t<div id=\"col-2077060419\" class=\"col medium-6 small-12 large-6\"  >\n\t\t\t\t<div class=\"col-inner\"  >\n\t\t\t\n\t\t\t\n\t<div class=\"img has-hover x md-x lg-x y md-y lg-y\" id=\"image_2048519331\">\n\t\t<a class=\"\" href=\"https:\/\/cdn.accesstruckparts.com\/wp-content\/uploads\/2018\/08\/CoxReels_RevD-1-1534x1600.jpg\" target=\"_blank\" rel=\"noopener\" >\t\t\t\t\t\t<div class=\"img-inner dark\" >\n\t\t\t<img decoding=\"async\" width=\"1020\" height=\"1064\" src=\"https:\/\/accesstruckparts.com\/wp-content\/uploads\/2018\/08\/CoxReels_RevD-1-1534x1600.jpg\" class=\"attachment-large size-large\" alt=\"\" srcset=\"https:\/\/accesstruckparts.com\/wp-content\/uploads\/2018\/08\/CoxReels_RevD-1-1534x1600.jpg 1534w, https:\/\/accesstruckparts.com\/wp-content\/uploads\/2018\/08\/CoxReels_RevD-1-767x800.jpg 767w, https:\/\/accesstruckparts.com\/wp-content\/uploads\/2018\/08\/CoxReels_RevD-1-510x532.jpg 510w, https:\/\/accesstruckparts.com\/wp-content\/uploads\/2018\/08\/CoxReels_RevD-1.jpg 1956w\" sizes=\"(max-width: 1020px) 100vw, 1020px\" \/>\t\t\t\t\t\t\n\t\t\t\t\t<\/div>\n\t\t\t\t\t\t<\/a>\t\t\n<style>\n#image_2048519331 {\n  width: 100%;\n}\n<\/style>\n\t<\/div>\n\t\n\t\t<\/div>\n\t\t\t\t\t<\/div>\n\n\t\n<\/div>\n<div class=\"row\"  id=\"row-2132089183\">\n\n\t<div id=\"col-477713169\" class=\"col medium-6 small-12 large-6\"  >\n\t\t\t\t<div class=\"col-inner\"  >\n\t\t\t\n\t\t\t\n<h2 style=\"text-align: center;\">Lista de piezas<\/h2>\n<hr \/>\n<p style=\"text-align: center;\"><a class=\"productLink\" href=\"https:\/\/accesstruckparts.com\/es\/producto\/carrete-giratorio\/\" target=\"_blank\" rel=\"noopener\">Giratorio de carrete Rev A - 294-20288<\/a><\/p>\n<p style=\"text-align: center;\"><a class=\"productLink\" href=\"https:\/\/accesstruckparts.com\/es\/producto\/conjunto-de-rodamientos-coxreel\/\" target=\"_blank\" rel=\"noopener\">Conjunto de cojinetes Rev A - 294-8166<\/a><\/p>\n<p style=\"text-align: center;\"><a class=\"productLink\" href=\"https:\/\/accesstruckparts.com\/es\/producto\/kit-de-anclaje-giratorio\/\" target=\"_blank\" rel=\"noopener\">Junta t\u00f3rica giratoria Rev A - 294-20288-KIT<\/a><\/p>\n\t\t<\/div>\n\t\t\t\t\t<\/div>\n\n\t\n\n\t<div id=\"col-185576454\" class=\"col medium-6 small-12 large-6\"  >\n\t\t\t\t<div class=\"col-inner\"  >\n\t\t\t\n\t\t\t\n<h2 style=\"text-align: center;\">Lista de piezas<\/h2>\n<hr \/>\n<p style=\"text-align: center;\"><a class=\"productLink\" href=\"https:\/\/accesstruckparts.com\/es\/producto\/1-5-manguera-enrollable\/\" target=\"_blank\" rel=\"noopener\">Giratorio de carrete Rev D - 294-8970<\/a><\/p>\n<p style=\"text-align: center;\"><a class=\"productLink\" href=\"https:\/\/accesstruckparts.com\/es\/producto\/bearing-assembly-8954-rev-d\/\" target=\"_blank\" rel=\"noopener\">Conjunto de cojinetes Rev D - 294-8954<\/a><\/p>\n<p style=\"text-align: center;\"><a class=\"productLink\" href=\"https:\/\/accesstruckparts.com\/es\/producto\/placa-giratoria-de-1-5-carretes-2\/\" target=\"_blank\" rel=\"noopener\">Placa giratoria exterior Rev D - 294-8956<\/a><\/p>\n\t\t<\/div>\n\t\t\t\t\t<\/div>\n\n\t\n<\/div>","protected":false},"excerpt":{"rendered":"<p>Coxreels ha revisado el dise\u00f1o de sus enrolladores de manguera de rebobinado manual 291-1185-1124. Los carretes fabricados antes de 2014 ser\u00e1n del estilo Rev A.A continuaci\u00f3n encontrar\u00e1 una comparaci\u00f3n y lista de piezas entre los antiguos estilos Rev A, y los nuevos Rev D.<\/p>","protected":false},"author":5357,"featured_media":0,"parent":0,"menu_order":0,"comment_status":"closed","ping_status":"closed","template":"","meta":{"footnotes":""},"class_list":["post-22427","page","type-page","status-publish","hentry"],"yoast_head":"<!-- This site is optimized with the Yoast SEO Premium plugin v27.4 (Yoast SEO v27.4) - https:\/\/yoast.com\/product\/yoast-seo-premium-wordpress\/ -->\n<title>Coxreels Revision Guide - Access Truck Parts<\/title>\n<meta name=\"description\" content=\"Coxreels Revision Guide - Access Truck Parts stocks all replacement parts for water distribution equipment. Shop online today!\" \/>\n<meta name=\"robots\" content=\"index, follow, max-snippet:-1, max-image-preview:large, max-video-preview:-1\" \/>\n<link rel=\"canonical\" href=\"https:\/\/accesstruckparts.com\/es\/guia-de-revision-de-coxreels\/\" \/>\n<meta property=\"og:locale\" content=\"es_MX\" \/>\n<meta property=\"og:type\" content=\"article\" \/>\n<meta property=\"og:title\" content=\"Coxreels Revision Guide\" \/>\n<meta property=\"og:description\" content=\"Coxreels Revision Guide - Access Truck Parts stocks all replacement parts for water distribution equipment. Shop online today!\" \/>\n<meta property=\"og:url\" content=\"https:\/\/accesstruckparts.com\/es\/guia-de-revision-de-coxreels\/\" \/>\n<meta property=\"og:site_name\" content=\"Access Truck Parts\" \/>\n<meta property=\"article:modified_time\" content=\"2018-09-10T21:51:09+00:00\" \/>\n<meta name=\"twitter:label1\" content=\"Tiempo de lectura\" \/>\n\t<meta name=\"twitter:data1\" content=\"1 minuto\" \/>\n<script type=\"application\/ld+json\" class=\"yoast-schema-graph\">{\"@context\":\"https:\\\/\\\/schema.org\",\"@graph\":[{\"@type\":\"WebPage\",\"@id\":\"https:\\\/\\\/accesstruckparts.com\\\/es\\\/coxreels-revision-guide\\\/\",\"url\":\"https:\\\/\\\/accesstruckparts.com\\\/es\\\/coxreels-revision-guide\\\/\",\"name\":\"Coxreels Revision Guide - Access Truck Parts\",\"isPartOf\":{\"@id\":\"https:\\\/\\\/accesstruckparts.com\\\/#website\"},\"datePublished\":\"2018-09-06T21:48:59+00:00\",\"dateModified\":\"2018-09-10T21:51:09+00:00\",\"description\":\"Coxreels Revision Guide - Access Truck Parts stocks all replacement parts for water distribution equipment. Shop online today!\",\"breadcrumb\":{\"@id\":\"https:\\\/\\\/accesstruckparts.com\\\/es\\\/coxreels-revision-guide\\\/#breadcrumb\"},\"inLanguage\":\"es\",\"potentialAction\":[{\"@type\":\"ReadAction\",\"target\":[\"https:\\\/\\\/accesstruckparts.com\\\/es\\\/coxreels-revision-guide\\\/\"]}]},{\"@type\":\"BreadcrumbList\",\"@id\":\"https:\\\/\\\/accesstruckparts.com\\\/es\\\/coxreels-revision-guide\\\/#breadcrumb\",\"itemListElement\":[{\"@type\":\"ListItem\",\"position\":1,\"name\":\"Home\",\"item\":\"https:\\\/\\\/accesstruckparts.com\\\/\"},{\"@type\":\"ListItem\",\"position\":2,\"name\":\"Coxreels Revision Guide\"}]},{\"@type\":\"WebSite\",\"@id\":\"https:\\\/\\\/accesstruckparts.com\\\/#website\",\"url\":\"https:\\\/\\\/accesstruckparts.com\\\/\",\"name\":\"Access Truck Parts\",\"description\":\"Your One Stop Water Truck Parts Solution.\",\"publisher\":{\"@id\":\"https:\\\/\\\/accesstruckparts.com\\\/#organization\"},\"potentialAction\":[{\"@type\":\"SearchAction\",\"target\":{\"@type\":\"EntryPoint\",\"urlTemplate\":\"https:\\\/\\\/accesstruckparts.com\\\/?s={search_term_string}\"},\"query-input\":{\"@type\":\"PropertyValueSpecification\",\"valueRequired\":true,\"valueName\":\"search_term_string\"}}],\"inLanguage\":\"es\"},{\"@type\":\"Organization\",\"@id\":\"https:\\\/\\\/accesstruckparts.com\\\/#organization\",\"name\":\"Access Truck Parts\",\"url\":\"https:\\\/\\\/accesstruckparts.com\\\/\",\"logo\":{\"@type\":\"ImageObject\",\"inLanguage\":\"es\",\"@id\":\"https:\\\/\\\/accesstruckparts.com\\\/#\\\/schema\\\/logo\\\/image\\\/\",\"url\":\"https:\\\/\\\/accesstruckparts.com\\\/wp-content\\\/uploads\\\/2018\\\/02\\\/ATP_logo_placeholder_2018.jpg\",\"contentUrl\":\"https:\\\/\\\/accesstruckparts.com\\\/wp-content\\\/uploads\\\/2018\\\/02\\\/ATP_logo_placeholder_2018.jpg\",\"width\":\"500\",\"height\":\"500\",\"caption\":\"Access Truck Parts\"},\"image\":{\"@id\":\"https:\\\/\\\/accesstruckparts.com\\\/#\\\/schema\\\/logo\\\/image\\\/\"}}]}<\/script>\n<!-- \/ Yoast SEO Premium plugin. -->","yoast_head_json":{"title":"Gu\u00eda de revisi\u00f3n de Coxreels - Access Truck Parts","description":"Gu\u00eda de revisi\u00f3n de Coxreels - Access Truck Parts tiene en stock todas las piezas de repuesto para equipos de distribuci\u00f3n de agua. \u00a1Compre en l\u00ednea hoy mismo!","robots":{"index":"index","follow":"follow","max-snippet":"max-snippet:-1","max-image-preview":"max-image-preview:large","max-video-preview":"max-video-preview:-1"},"canonical":"https:\/\/accesstruckparts.com\/es\/guia-de-revision-de-coxreels\/","og_locale":"es_MX","og_type":"article","og_title":"Coxreels Revision Guide","og_description":"Coxreels Revision Guide - Access Truck Parts stocks all replacement parts for water distribution equipment. Shop online today!","og_url":"https:\/\/accesstruckparts.com\/es\/guia-de-revision-de-coxreels\/","og_site_name":"Access Truck Parts","article_modified_time":"2018-09-10T21:51:09+00:00","twitter_misc":{"Tiempo de lectura":"1 minuto"},"schema":{"@context":"https:\/\/schema.org","@graph":[{"@type":"WebPage","@id":"https:\/\/accesstruckparts.com\/es\/coxreels-revision-guide\/","url":"https:\/\/accesstruckparts.com\/es\/coxreels-revision-guide\/","name":"Gu\u00eda de revisi\u00f3n de Coxreels - Access Truck Parts","isPartOf":{"@id":"https:\/\/accesstruckparts.com\/#website"},"datePublished":"2018-09-06T21:48:59+00:00","dateModified":"2018-09-10T21:51:09+00:00","description":"Gu\u00eda de revisi\u00f3n de Coxreels - Access Truck Parts tiene en stock todas las piezas de repuesto para equipos de distribuci\u00f3n de agua. \u00a1Compre en l\u00ednea hoy mismo!","breadcrumb":{"@id":"https:\/\/accesstruckparts.com\/es\/coxreels-revision-guide\/#breadcrumb"},"inLanguage":"es","potentialAction":[{"@type":"ReadAction","target":["https:\/\/accesstruckparts.com\/es\/coxreels-revision-guide\/"]}]},{"@type":"BreadcrumbList","@id":"https:\/\/accesstruckparts.com\/es\/coxreels-revision-guide\/#breadcrumb","itemListElement":[{"@type":"ListItem","position":1,"name":"Home","item":"https:\/\/accesstruckparts.com\/"},{"@type":"ListItem","position":2,"name":"Coxreels Revision Guide"}]},{"@type":"WebSite","@id":"https:\/\/accesstruckparts.com\/#website","url":"https:\/\/accesstruckparts.com\/","name":"Piezas de camiones Access","description":"Su soluci\u00f3n \u00fanica de piezas para camiones de agua.","publisher":{"@id":"https:\/\/accesstruckparts.com\/#organization"},"potentialAction":[{"@type":"SearchAction","target":{"@type":"EntryPoint","urlTemplate":"https:\/\/accesstruckparts.com\/?s={search_term_string}"},"query-input":{"@type":"PropertyValueSpecification","valueRequired":true,"valueName":"search_term_string"}}],"inLanguage":"es"},{"@type":"Organization","@id":"https:\/\/accesstruckparts.com\/#organization","name":"Piezas de camiones Access","url":"https:\/\/accesstruckparts.com\/","logo":{"@type":"ImageObject","inLanguage":"es","@id":"https:\/\/accesstruckparts.com\/#\/schema\/logo\/image\/","url":"https:\/\/accesstruckparts.com\/wp-content\/uploads\/2018\/02\/ATP_logo_placeholder_2018.jpg","contentUrl":"https:\/\/accesstruckparts.com\/wp-content\/uploads\/2018\/02\/ATP_logo_placeholder_2018.jpg","width":"500","height":"500","caption":"Access Truck Parts"},"image":{"@id":"https:\/\/accesstruckparts.com\/#\/schema\/logo\/image\/"}}]}},"_links":{"self":[{"href":"https:\/\/accesstruckparts.com\/es\/wp-json\/wp\/v2\/pages\/22427","targetHints":{"allow":["GET"]}}],"collection":[{"href":"https:\/\/accesstruckparts.com\/es\/wp-json\/wp\/v2\/pages"}],"about":[{"href":"https:\/\/accesstruckparts.com\/es\/wp-json\/wp\/v2\/types\/page"}],"author":[{"embeddable":true,"href":"https:\/\/accesstruckparts.com\/es\/wp-json\/wp\/v2\/users\/5357"}],"replies":[{"embeddable":true,"href":"https:\/\/accesstruckparts.com\/es\/wp-json\/wp\/v2\/comments?post=22427"}],"version-history":[{"count":0,"href":"https:\/\/accesstruckparts.com\/es\/wp-json\/wp\/v2\/pages\/22427\/revisions"}],"wp:attachment":[{"href":"https:\/\/accesstruckparts.com\/es\/wp-json\/wp\/v2\/media?parent=22427"}],"curies":[{"name":"wp","href":"https:\/\/api.w.org\/{rel}","templated":true}]}}