{"id":220118,"date":"2025-06-16T11:16:29","date_gmt":"2025-06-16T18:16:29","guid":{"rendered":"https:\/\/accesstruckparts.com\/?page_id=220118"},"modified":"2025-06-16T12:16:50","modified_gmt":"2025-06-16T19:16:50","slug":"garantia","status":"publish","type":"page","link":"https:\/\/accesstruckparts.com\/es\/warranty\/","title":{"rendered":"Garant\u00eda"},"content":{"rendered":"<h1>Access Truck Parts - Garant\u00eda limitada<\/h1>\n<p>En Access Truck Parts, respaldamos la calidad de nuestros productos. Nuestra garant\u00eda limitada est\u00e1 dise\u00f1ada para proporcionar a nuestros clientes confianza en los productos que vendemos, asegurando al mismo tiempo que las reclamaciones de garant\u00eda se manejan de manera justa y eficiente.<\/p>\n<h2>Cobertura de la garant\u00eda<\/h2>\n<p>Access Truck Parts garantiza al comprador consumidor original (\"Comprador\" o \"Usted\") que los productos estar\u00e1n libres de defectos de material y mano de obra durante el per\u00edodo de garant\u00eda aplicable que se indica a continuaci\u00f3n:<\/p>\n<ul>\n<li><strong>Bombas de agua:<\/strong> 12 meses a partir de la fecha de compra<\/li>\n<li><strong>Ca\u00f1ones de agua:<\/strong> Seg\u00fan la garant\u00eda del fabricante o 12 meses a partir de la fecha de compra<\/li>\n<li><strong>Todos los dem\u00e1s art\u00edculos:<\/strong> 90 d\u00edas a partir de la fecha de compra<\/li>\n<\/ul>\n<p>Durante el per\u00edodo de garant\u00eda aplicable, cualquier producto que sea determinado por Access Truck Parts, a su sola discreci\u00f3n, como defectuoso en materiales o mano de obra ser\u00e1 reparado o reemplazado, o un reembolso puede ser emitido a nuestra opci\u00f3n. Usted debe pagar todos los gastos de mano de obra y env\u00edo asociados con esta garant\u00eda a menos que Access Truck Parts autorice lo contrario.<\/p>\n<h2>Exclusiones de la garant\u00eda<\/h2>\n<p>Esta garant\u00eda limitada no se aplica a ning\u00fan producto que, a nuestro juicio:<\/p>\n<ul>\n<li>Ha sido objeto de negligencia, aplicaci\u00f3n incorrecta, uso indebido, abuso o accidente<\/li>\n<li>Ha sido instalado, mantenido, alterado o reparado indebidamente sin autorizaci\u00f3n<\/li>\n<li>Se ha da\u00f1ado por causas externas como da\u00f1os de transporte, condiciones medioambientales o actos de la naturaleza<\/li>\n<li>Ha superado el per\u00edodo de garant\u00eda aplicable<\/li>\n<\/ul>\n<h2>Proceso de reclamaci\u00f3n de la garant\u00eda<\/h2>\n<p>Para iniciar una reclamaci\u00f3n de garant\u00eda, siga las instrucciones de nuestro <a href=\"\/es\/politica-de-devoluciones-y-rma\/\">P\u00e1gina Pol\u00edtica de devoluciones<\/a>.<\/p>\n<p>En general, las reclamaciones de garant\u00eda requieren:<\/p>\n<ol>\n<li>Notificaci\u00f3n del problema a Access Truck Parts tan pronto como se descubra el problema, y no m\u00e1s tarde de la expiraci\u00f3n del periodo de garant\u00eda aplicable.<\/li>\n<li>Obtenci\u00f3n de un n\u00famero de autorizaci\u00f3n de devoluci\u00f3n de mercanc\u00eda (RMA) e instrucciones para el env\u00edo de la devoluci\u00f3n.<\/li>\n<li>Proporcionar una explicaci\u00f3n completa del problema junto con la prueba de compra.<\/li>\n<li>Enviando el producto, a portes pagados, a la direcci\u00f3n facilitada con la autorizaci\u00f3n RMA.<\/li>\n<\/ol>\n<p>Access Truck Parts se reserva el derecho de inspeccionar y probar cualquier producto sometido a garant\u00eda antes de aprobar cualquier reparaci\u00f3n, sustituci\u00f3n o reembolso.<\/p>\n<h2>Limitaci\u00f3n de responsabilidad<\/h2>\n<p><strong>ACCESS TRUCK PARTS NO SER\u00c1 RESPONSABLE DE NING\u00daN DA\u00d1O CONSECUENTE, INCIDENTAL O CONTINGENTE DE NING\u00daN TIPO. LA GARANT\u00cdA LIMITADA ANTERIOR ES EXCLUSIVA Y SUSTITUYE A TODAS LAS DEM\u00c1S GARANT\u00cdAS EXPRESAS E IMPL\u00cdCITAS, INCLUIDAS, ENTRE OTRAS, LAS GARANT\u00cdAS IMPL\u00cdCITAS DE COMERCIABILIDAD E IDONEIDAD PARA UN FIN DETERMINADO. LAS GARANT\u00cdAS ANTERIORES NO SE EXTENDER\u00c1N M\u00c1S ALL\u00c1 DE LA DURACI\u00d3N EXPRESAMENTE PREVISTA EN EL PRESENTE DOCUMENTO.<\/strong><\/p>\n<h2>Informaci\u00f3n de contacto<\/h2>\n<p>Para reclamaciones de garant\u00eda, p\u00f3ngase en contacto con<\/p>\n<p>\nPiezas de camiones Access<br \/>\n2757 E. Chambers St.<br \/>\nPhoenix, AZ 85040<br \/>\nCorreo electr\u00f3nico: <a href=\"mailto:sales@accesstruckparts.com\">sales@accesstruckparts.com<\/a><br \/>\nTel\u00e9fono: <a href=\"tel:602-437-6948\">602-437-6948<\/a><\/p>","protected":false},"excerpt":{"rendered":"<p>Access Truck Parts \u2013 Limited Warranty At Access Truck Parts, we stand behind the quality of our products. Our limited warranty is designed to provide our customers with confidence in the products we sell while ensuring that warranty claims are handled fairly and efficiently. Warranty Coverage Access Truck Parts warrants to the original consumer purchaser [&#8230;]\n","protected":false},"author":6440,"featured_media":0,"parent":0,"menu_order":0,"comment_status":"closed","ping_status":"closed","template":"","meta":{"footnotes":""},"class_list":["post-220118","page","type-page","status-publish","hentry"],"yoast_head":"<!-- This site is optimized with the Yoast SEO Premium plugin v27.4 (Yoast SEO v27.4) - https:\/\/yoast.com\/product\/yoast-seo-premium-wordpress\/ -->\n<title>Warranty - Access Truck Parts<\/title>\n<meta name=\"description\" content=\"Warranty - Access Truck Parts stocks all replacement parts for water distribution equipment. Shop online today!\" \/>\n<meta name=\"robots\" content=\"index, follow, max-snippet:-1, max-image-preview:large, max-video-preview:-1\" \/>\n<link rel=\"canonical\" href=\"https:\/\/accesstruckparts.com\/es\/garantia\/\" \/>\n<meta property=\"og:locale\" content=\"es_MX\" \/>\n<meta property=\"og:type\" content=\"article\" \/>\n<meta property=\"og:title\" content=\"Warranty\" \/>\n<meta property=\"og:description\" content=\"Warranty - Access Truck Parts stocks all replacement parts for water distribution equipment. Shop online today!\" \/>\n<meta property=\"og:url\" content=\"https:\/\/accesstruckparts.com\/es\/garantia\/\" \/>\n<meta property=\"og:site_name\" content=\"Access Truck Parts\" \/>\n<meta property=\"article:modified_time\" content=\"2025-06-16T19:16:50+00:00\" \/>\n<meta name=\"twitter:label1\" content=\"Tiempo de lectura\" \/>\n\t<meta name=\"twitter:data1\" content=\"2 minutos\" \/>\n<script type=\"application\/ld+json\" class=\"yoast-schema-graph\">{\"@context\":\"https:\\\/\\\/schema.org\",\"@graph\":[{\"@type\":\"WebPage\",\"@id\":\"https:\\\/\\\/accesstruckparts.com\\\/warranty\\\/\",\"url\":\"https:\\\/\\\/accesstruckparts.com\\\/warranty\\\/\",\"name\":\"Warranty - Access Truck Parts\",\"isPartOf\":{\"@id\":\"https:\\\/\\\/accesstruckparts.com\\\/#website\"},\"datePublished\":\"2025-06-16T18:16:29+00:00\",\"dateModified\":\"2025-06-16T19:16:50+00:00\",\"description\":\"Warranty - Access Truck Parts stocks all replacement parts for water distribution equipment. Shop online today!\",\"breadcrumb\":{\"@id\":\"https:\\\/\\\/accesstruckparts.com\\\/warranty\\\/#breadcrumb\"},\"inLanguage\":\"es\",\"potentialAction\":[{\"@type\":\"ReadAction\",\"target\":[\"https:\\\/\\\/accesstruckparts.com\\\/warranty\\\/\"]}]},{\"@type\":\"BreadcrumbList\",\"@id\":\"https:\\\/\\\/accesstruckparts.com\\\/warranty\\\/#breadcrumb\",\"itemListElement\":[{\"@type\":\"ListItem\",\"position\":1,\"name\":\"Home\",\"item\":\"https:\\\/\\\/accesstruckparts.com\\\/\"},{\"@type\":\"ListItem\",\"position\":2,\"name\":\"Warranty\"}]},{\"@type\":\"WebSite\",\"@id\":\"https:\\\/\\\/accesstruckparts.com\\\/#website\",\"url\":\"https:\\\/\\\/accesstruckparts.com\\\/\",\"name\":\"Access Truck Parts\",\"description\":\"Your One Stop Water Truck Parts Solution.\",\"publisher\":{\"@id\":\"https:\\\/\\\/accesstruckparts.com\\\/#organization\"},\"potentialAction\":[{\"@type\":\"SearchAction\",\"target\":{\"@type\":\"EntryPoint\",\"urlTemplate\":\"https:\\\/\\\/accesstruckparts.com\\\/?s={search_term_string}\"},\"query-input\":{\"@type\":\"PropertyValueSpecification\",\"valueRequired\":true,\"valueName\":\"search_term_string\"}}],\"inLanguage\":\"es\"},{\"@type\":\"Organization\",\"@id\":\"https:\\\/\\\/accesstruckparts.com\\\/#organization\",\"name\":\"Access Truck Parts\",\"url\":\"https:\\\/\\\/accesstruckparts.com\\\/\",\"logo\":{\"@type\":\"ImageObject\",\"inLanguage\":\"es\",\"@id\":\"https:\\\/\\\/accesstruckparts.com\\\/#\\\/schema\\\/logo\\\/image\\\/\",\"url\":\"https:\\\/\\\/accesstruckparts.com\\\/wp-content\\\/uploads\\\/2018\\\/02\\\/ATP_logo_placeholder_2018.jpg\",\"contentUrl\":\"https:\\\/\\\/accesstruckparts.com\\\/wp-content\\\/uploads\\\/2018\\\/02\\\/ATP_logo_placeholder_2018.jpg\",\"width\":\"500\",\"height\":\"500\",\"caption\":\"Access Truck Parts\"},\"image\":{\"@id\":\"https:\\\/\\\/accesstruckparts.com\\\/#\\\/schema\\\/logo\\\/image\\\/\"}}]}<\/script>\n<!-- \/ Yoast SEO Premium plugin. -->","yoast_head_json":{"title":"Garant\u00eda - Access Truck Parts","description":"Garant\u00eda - Access Truck Parts tiene en stock todas las piezas de repuesto para equipos de distribuci\u00f3n de agua. \u00a1Compre en l\u00ednea hoy mismo!","robots":{"index":"index","follow":"follow","max-snippet":"max-snippet:-1","max-image-preview":"max-image-preview:large","max-video-preview":"max-video-preview:-1"},"canonical":"https:\/\/accesstruckparts.com\/es\/garantia\/","og_locale":"es_MX","og_type":"article","og_title":"Warranty","og_description":"Warranty - Access Truck Parts stocks all replacement parts for water distribution equipment. Shop online today!","og_url":"https:\/\/accesstruckparts.com\/es\/garantia\/","og_site_name":"Access Truck Parts","article_modified_time":"2025-06-16T19:16:50+00:00","twitter_misc":{"Tiempo de lectura":"2 minutos"},"schema":{"@context":"https:\/\/schema.org","@graph":[{"@type":"WebPage","@id":"https:\/\/accesstruckparts.com\/warranty\/","url":"https:\/\/accesstruckparts.com\/warranty\/","name":"Garant\u00eda - Access Truck Parts","isPartOf":{"@id":"https:\/\/accesstruckparts.com\/#website"},"datePublished":"2025-06-16T18:16:29+00:00","dateModified":"2025-06-16T19:16:50+00:00","description":"Garant\u00eda - Access Truck Parts tiene en stock todas las piezas de repuesto para equipos de distribuci\u00f3n de agua. \u00a1Compre en l\u00ednea hoy mismo!","breadcrumb":{"@id":"https:\/\/accesstruckparts.com\/warranty\/#breadcrumb"},"inLanguage":"es","potentialAction":[{"@type":"ReadAction","target":["https:\/\/accesstruckparts.com\/warranty\/"]}]},{"@type":"BreadcrumbList","@id":"https:\/\/accesstruckparts.com\/warranty\/#breadcrumb","itemListElement":[{"@type":"ListItem","position":1,"name":"Home","item":"https:\/\/accesstruckparts.com\/"},{"@type":"ListItem","position":2,"name":"Warranty"}]},{"@type":"WebSite","@id":"https:\/\/accesstruckparts.com\/#website","url":"https:\/\/accesstruckparts.com\/","name":"Piezas de camiones Access","description":"Su soluci\u00f3n \u00fanica de piezas para camiones de agua.","publisher":{"@id":"https:\/\/accesstruckparts.com\/#organization"},"potentialAction":[{"@type":"SearchAction","target":{"@type":"EntryPoint","urlTemplate":"https:\/\/accesstruckparts.com\/?s={search_term_string}"},"query-input":{"@type":"PropertyValueSpecification","valueRequired":true,"valueName":"search_term_string"}}],"inLanguage":"es"},{"@type":"Organization","@id":"https:\/\/accesstruckparts.com\/#organization","name":"Piezas de camiones Access","url":"https:\/\/accesstruckparts.com\/","logo":{"@type":"ImageObject","inLanguage":"es","@id":"https:\/\/accesstruckparts.com\/#\/schema\/logo\/image\/","url":"https:\/\/accesstruckparts.com\/wp-content\/uploads\/2018\/02\/ATP_logo_placeholder_2018.jpg","contentUrl":"https:\/\/accesstruckparts.com\/wp-content\/uploads\/2018\/02\/ATP_logo_placeholder_2018.jpg","width":"500","height":"500","caption":"Access Truck Parts"},"image":{"@id":"https:\/\/accesstruckparts.com\/#\/schema\/logo\/image\/"}}]}},"_links":{"self":[{"href":"https:\/\/accesstruckparts.com\/es\/wp-json\/wp\/v2\/pages\/220118","targetHints":{"allow":["GET"]}}],"collection":[{"href":"https:\/\/accesstruckparts.com\/es\/wp-json\/wp\/v2\/pages"}],"about":[{"href":"https:\/\/accesstruckparts.com\/es\/wp-json\/wp\/v2\/types\/page"}],"author":[{"embeddable":true,"href":"https:\/\/accesstruckparts.com\/es\/wp-json\/wp\/v2\/users\/6440"}],"replies":[{"embeddable":true,"href":"https:\/\/accesstruckparts.com\/es\/wp-json\/wp\/v2\/comments?post=220118"}],"version-history":[{"count":3,"href":"https:\/\/accesstruckparts.com\/es\/wp-json\/wp\/v2\/pages\/220118\/revisions"}],"predecessor-version":[{"id":220127,"href":"https:\/\/accesstruckparts.com\/es\/wp-json\/wp\/v2\/pages\/220118\/revisions\/220127"}],"wp:attachment":[{"href":"https:\/\/accesstruckparts.com\/es\/wp-json\/wp\/v2\/media?parent=220118"}],"curies":[{"name":"wp","href":"https:\/\/api.w.org\/{rel}","templated":true}]}}