{"id":19501,"date":"2018-06-08T09:21:03","date_gmt":"2018-06-08T16:21:03","guid":{"rendered":"https:\/\/accesstruckparts.com\/?page_id=19501"},"modified":"2024-06-13T09:33:05","modified_gmt":"2024-06-13T16:33:05","slug":"soporte-tecnico-2","status":"publish","type":"page","link":"https:\/\/accesstruckparts.com\/es\/technical-support\/","title":{"rendered":"Soporte t\u00e9cnico"},"content":{"rendered":"<h1> Soporte t\u00e9cnico<\/h1>\n<h2>\u00bfTiene problemas con nuestro sitio?<\/h2>\n<p>La mayor\u00eda de los problemas que pueda encontrar en nuestro sitio web pueden solucionarse actualizando su navegador, refrescando la p\u00e1gina, activando JavaScript o borrando la cach\u00e9 y las cookies de su navegador.<\/p>\n<h3>Utilice un navegador compatible<\/h3>\n<p>Muchos de los problemas m\u00e1s comunes son causados por el uso de un navegador web no actualizado. Por favor, <a class=\"productLink\" href=\"https:\/\/browser-update.org\/update-browser.html\" target=\"new\" rel=\"noopener noreferrer\">compruebe si su navegador est\u00e1 actualizado<\/a>.<\/p>\n<p>Recomendamos encarecidamente el uso de <a class=\"productLink\" href=\"https:\/\/www.google.com\/chrome\" target=\"_blank\" rel=\"noopener noreferrer\">Google Chrome<\/a>, o <a class=\"productLink\" href=\"https:\/\/www.mozilla.org\/firefox\/\" target=\"_blank\" rel=\"noopener noreferrer\">Mozilla Firefox<\/a> para una experiencia \u00f3ptima en l\u00ednea con nosotros.<\/p>\n<p><strong>Usuarios de Internet Explorer:<\/strong> Debido a la incompatibilidad de los navegadores, muchos sitios web no son totalmente funcionales en Internet Explorer 10 o anteriores. Si utiliza Internet Explorer 10 o inferior, le recomendamos que actualice su navegador para obtener los mejores resultados en nuestro sitio web.<\/p>\n<h3>Pruebe un refresco<\/h3>\n<p>Si tiene problemas para ver los precios despu\u00e9s de iniciar la sesi\u00f3n, probablemente necesite actualizar la p\u00e1gina. Refrescar la p\u00e1gina en su navegador le dice que vuelva a comprobar con el servidor web para asegurarse de que tiene la \u00faltima copia de la p\u00e1gina que est\u00e1 viendo. Muchas veces esto es todo lo que se necesita para arreglar un problema con la visualizaci\u00f3n o el inicio de sesi\u00f3n en el sitio. Aqu\u00ed tiene algunos atajos de teclado para forzar la actualizaci\u00f3n de su navegador:<\/p>\n<p>Windows: Ctrl + F5<br \/>\nMac\/Apple: Apple + R o Cmd + R<br \/>\nLinux: F5<\/p>\n<p>Como alternativa, puede hacer clic en el bot\u00f3n de actualizaci\u00f3n, que suele tener el aspecto de una flecha en forma de c\u00edrculo, hacia la parte superior del navegador.<\/p>\n<h3>Compruebe que JavaScript est\u00e1 activado<\/h3>\n<p>Es necesario que tenga activado JavaScript en su navegador para poder utilizar nuestro sitio. Si tiene desactivado JavaScript, la mayor parte de lo que hace funcionar el sitio no podr\u00e1 cargarse en su navegador.<\/p>\n<p>Para determinar si su navegador admite JavaScript (o para obtener ayuda para activarlo), visite <a class=\"productLink\" href=\"http:\/\/enable-javascript.com\/\" target=\"_blank\" rel=\"noopener noreferrer\">enable-javascript.com<\/a>.<\/p>\n<p><strong>Nota:<\/strong> Algunos bloqueadores de anuncios y extensiones de antivirus del navegador pueden a veces bloquear el JavaScript. Si sigue teniendo problemas para ver el sitio, pruebe a desactivar esas extensiones y luego actualice la p\u00e1gina para comprobar si eso ayuda a que la p\u00e1gina se cargue correctamente. Si es as\u00ed, a\u00f1ada una excepci\u00f3n para accesstruckparts.com a la extensi\u00f3n\/add-on del navegador para que nuestro c\u00f3digo pueda ejecutarse normalmente.<\/p>\n<h3>C\u00f3mo borrar la memoria cach\u00e9 del navegador<\/h3>\n<p>La mayor\u00eda de las veces, los pasos anteriores deber\u00edan solucionar su problema si se completan correctamente. Si sigue teniendo problemas, el siguiente paso ser\u00eda borrar la cach\u00e9 de su navegador.<\/p>\n<p>Cada vez que accede a una p\u00e1gina, su navegador almacena una copia temporal de los archivos necesarios para visualizarla. Esos archivos temporales se denominan cach\u00e9 del navegador. Si su cach\u00e9 no se actualiza correctamente o se queda colgado en alg\u00fan sitio, podr\u00eda estar viendo una versi\u00f3n m\u00e1s antigua de la p\u00e1gina. Borrar la cach\u00e9 obligar\u00e1 a su navegador a buscar la p\u00e1gina directamente desde el servidor de nuevo, por lo que ver\u00e1 la versi\u00f3n m\u00e1s reciente de la p\u00e1gina.<\/p>\n<p>Aqu\u00ed tiene las instrucciones para borrar su cach\u00e9 en cada navegador:<\/p>\n<ul>\n<li><a class=\"productLink\" href=\"https:\/\/support.google.com\/chrome\/answer\/95647\" target=\"_blank\" rel=\"noopener noreferrer\">Cromo<\/a><\/li>\n<li><a class=\"productLink\" href=\"https:\/\/support.mozilla.org\/en-US\/kb\/delete-cookies-remove-info-websites-stored\" target=\"_blank\" rel=\"noopener noreferrer\">Firefox<\/a><\/li>\n<li><a class=\"productLink\" href=\"https:\/\/support.microsoft.com\/en-us\/help\/17442\/windows-internet-explorer-delete-manage-cookies#ie=ie-11\" target=\"_blank\" rel=\"noopener noreferrer\">Internet Explorer<\/a><\/li>\n<li><a class=\"productLink\" href=\"https:\/\/support.microsoft.com\/en-us\/help\/10607\/microsoft-edge-view-delete-browser-history\" target=\"_blank\" rel=\"noopener noreferrer\">Edge<\/a><\/li>\n<li><a class=\"productLink\" href=\"https:\/\/support.apple.com\/en-us\/HT204098\" target=\"_blank\" rel=\"noopener noreferrer\">Safari<\/a><\/li>\n<li><a class=\"productLink\" href=\"https:\/\/www.opera.com\/help\/tutorials\/security\/privacy\/\" target=\"_blank\" rel=\"noopener noreferrer\">\u00d3pera<\/a><\/li>\n<\/ul>\n<p>En general, no recomendamos borrar todas las cookies de su navegador, ya que eso afectar\u00e1 a su experiencia al utilizar otros sitios web. Deber\u00eda poder seleccionar y eliminar s\u00f3lo las cookies y los elementos almacenados en cach\u00e9 relacionados con nuestro sitio web, sin embargo, si los elimina todos conseguir\u00e1 el mismo resultado.<\/p>\n<h3>M\u00e1s soluciones a los problemas<\/h3>\n<p>Si sigue teniendo problemas, aqu\u00ed tiene algunas cosas m\u00e1s que puede probar:<\/p>\n<p>Si est\u00e1 utilizando uno de los navegadores recomendados anteriormente, pruebe con cualquier navegador alternativo. Si funciona, entonces el problema est\u00e1 en la configuraci\u00f3n de su navegador. Busque consejos para la soluci\u00f3n de problemas en la documentaci\u00f3n de soporte de su navegador preferido.<\/p>\n<ul>\n<li><a class=\"productLink\" href=\"https:\/\/support.mozilla.com\/en-US\/kb\/troubleshoot-and-diagnose-firefox-problems\" target=\"_blank\" rel=\"noopener noreferrer\">Soluci\u00f3n de problemas de Firefox<\/a><\/li>\n<li><a class=\"productLink\" href=\"https:\/\/support.google.com\/chrome\/#topic=7438008\" target=\"_blank\" rel=\"noopener noreferrer\">Soporte de cromo<\/a><\/li>\n<li><a class=\"productLink\" href=\"https:\/\/support.apple.com\/safari\" target=\"_blank\" rel=\"noopener noreferrer\">Soporte de Safari<\/a><\/li>\n<\/ul>\n<p>Pruebe con otro ordenador en la misma ubicaci\u00f3n. Si otro ordenador funciona, lo m\u00e1s probable es que el problema sea la configuraci\u00f3n del primer ordenador.<\/p>\n<p>Pruebe en una ubicaci\u00f3n alternativa que tenga un proveedor de servicios de Internet diferente. Si funciona, el problema est\u00e1 en su red local.<\/p>\n<p>Pruebe a navegar en un dispositivo m\u00f3vil como un tel\u00e9fono o una tableta. Si sigue teniendo problemas en un tel\u00e9fono m\u00f3vil u otro dispositivo con datos m\u00f3viles y est\u00e1 conectado al WiFi, descon\u00e9ctese de \u00e9l e intente utilizar su red de datos m\u00f3viles (5G, LTE, etc.).<\/p>\n<p>Si sigue teniendo problemas despu\u00e9s de probar las soluciones anteriores (o necesita ayuda con alguno de los pasos), no dude en llamarnos al 602-437-6948 o, si es posible, chatee con nosotros en l\u00ednea haciendo clic en el icono del chat en la parte inferior derecha de nuestro sitio web. \u00a1Estaremos encantados de ayudarle!<\/p>","protected":false},"excerpt":{"rendered":"<p>Technical Support Having trouble with our site? Most issues you may encounter with our website can be solved by updating your browser, refreshing the page, enabling JavaScript, or clearing your browser cache and cookies. Use a Supported Browser Many common issues are caused by using an out of date web browser. Please check if your [&#8230;]\n","protected":false},"author":5357,"featured_media":0,"parent":0,"menu_order":0,"comment_status":"closed","ping_status":"closed","template":"","meta":{"footnotes":""},"class_list":["post-19501","page","type-page","status-publish","hentry"],"yoast_head":"<!-- This site is optimized with the Yoast SEO Premium plugin v27.4 (Yoast SEO v27.4) - https:\/\/yoast.com\/product\/yoast-seo-premium-wordpress\/ -->\n<title>Technical Support - Access Truck Parts<\/title>\n<meta name=\"description\" content=\"Technical Support - Access Truck Parts stocks all replacement parts for water distribution equipment. Shop online today!\" \/>\n<meta name=\"robots\" content=\"index, follow, max-snippet:-1, max-image-preview:large, max-video-preview:-1\" \/>\n<link rel=\"canonical\" href=\"https:\/\/accesstruckparts.com\/es\/soporte-tecnico-2\/\" \/>\n<meta property=\"og:locale\" content=\"es_MX\" \/>\n<meta property=\"og:type\" content=\"article\" \/>\n<meta property=\"og:title\" content=\"Technical Support\" \/>\n<meta property=\"og:description\" content=\"Technical Support - Access Truck Parts stocks all replacement parts for water distribution equipment. Shop online today!\" \/>\n<meta property=\"og:url\" content=\"https:\/\/accesstruckparts.com\/es\/soporte-tecnico-2\/\" \/>\n<meta property=\"og:site_name\" content=\"Access Truck Parts\" \/>\n<meta property=\"article:modified_time\" content=\"2024-06-13T16:33:05+00:00\" \/>\n<meta name=\"twitter:label1\" content=\"Tiempo de lectura\" \/>\n\t<meta name=\"twitter:data1\" content=\"4 minutos\" \/>\n<script type=\"application\/ld+json\" class=\"yoast-schema-graph\">{\"@context\":\"https:\\\/\\\/schema.org\",\"@graph\":[{\"@type\":\"WebPage\",\"@id\":\"https:\\\/\\\/accesstruckparts.com\\\/technical-support\\\/\",\"url\":\"https:\\\/\\\/accesstruckparts.com\\\/technical-support\\\/\",\"name\":\"Technical Support - Access Truck Parts\",\"isPartOf\":{\"@id\":\"https:\\\/\\\/accesstruckparts.com\\\/#website\"},\"datePublished\":\"2018-06-08T16:21:03+00:00\",\"dateModified\":\"2024-06-13T16:33:05+00:00\",\"description\":\"Technical Support - Access Truck Parts stocks all replacement parts for water distribution equipment. Shop online today!\",\"breadcrumb\":{\"@id\":\"https:\\\/\\\/accesstruckparts.com\\\/technical-support\\\/#breadcrumb\"},\"inLanguage\":\"es\",\"potentialAction\":[{\"@type\":\"ReadAction\",\"target\":[\"https:\\\/\\\/accesstruckparts.com\\\/technical-support\\\/\"]}]},{\"@type\":\"BreadcrumbList\",\"@id\":\"https:\\\/\\\/accesstruckparts.com\\\/technical-support\\\/#breadcrumb\",\"itemListElement\":[{\"@type\":\"ListItem\",\"position\":1,\"name\":\"Home\",\"item\":\"https:\\\/\\\/accesstruckparts.com\\\/\"},{\"@type\":\"ListItem\",\"position\":2,\"name\":\"Technical Support\"}]},{\"@type\":\"WebSite\",\"@id\":\"https:\\\/\\\/accesstruckparts.com\\\/#website\",\"url\":\"https:\\\/\\\/accesstruckparts.com\\\/\",\"name\":\"Access Truck Parts\",\"description\":\"Your One Stop Water Truck Parts Solution.\",\"publisher\":{\"@id\":\"https:\\\/\\\/accesstruckparts.com\\\/#organization\"},\"potentialAction\":[{\"@type\":\"SearchAction\",\"target\":{\"@type\":\"EntryPoint\",\"urlTemplate\":\"https:\\\/\\\/accesstruckparts.com\\\/?s={search_term_string}\"},\"query-input\":{\"@type\":\"PropertyValueSpecification\",\"valueRequired\":true,\"valueName\":\"search_term_string\"}}],\"inLanguage\":\"es\"},{\"@type\":\"Organization\",\"@id\":\"https:\\\/\\\/accesstruckparts.com\\\/#organization\",\"name\":\"Access Truck Parts\",\"url\":\"https:\\\/\\\/accesstruckparts.com\\\/\",\"logo\":{\"@type\":\"ImageObject\",\"inLanguage\":\"es\",\"@id\":\"https:\\\/\\\/accesstruckparts.com\\\/#\\\/schema\\\/logo\\\/image\\\/\",\"url\":\"https:\\\/\\\/accesstruckparts.com\\\/wp-content\\\/uploads\\\/2018\\\/02\\\/ATP_logo_placeholder_2018.jpg\",\"contentUrl\":\"https:\\\/\\\/accesstruckparts.com\\\/wp-content\\\/uploads\\\/2018\\\/02\\\/ATP_logo_placeholder_2018.jpg\",\"width\":\"500\",\"height\":\"500\",\"caption\":\"Access Truck Parts\"},\"image\":{\"@id\":\"https:\\\/\\\/accesstruckparts.com\\\/#\\\/schema\\\/logo\\\/image\\\/\"}}]}<\/script>\n<!-- \/ Yoast SEO Premium plugin. -->","yoast_head_json":{"title":"Soporte t\u00e9cnico - Access Truck Parts","description":"Soporte t\u00e9cnico - Access Truck Parts tiene en stock todas las piezas de repuesto para equipos de distribuci\u00f3n de agua. \u00a1Compre en l\u00ednea hoy mismo!","robots":{"index":"index","follow":"follow","max-snippet":"max-snippet:-1","max-image-preview":"max-image-preview:large","max-video-preview":"max-video-preview:-1"},"canonical":"https:\/\/accesstruckparts.com\/es\/soporte-tecnico-2\/","og_locale":"es_MX","og_type":"article","og_title":"Technical Support","og_description":"Technical Support - Access Truck Parts stocks all replacement parts for water distribution equipment. Shop online today!","og_url":"https:\/\/accesstruckparts.com\/es\/soporte-tecnico-2\/","og_site_name":"Access Truck Parts","article_modified_time":"2024-06-13T16:33:05+00:00","twitter_misc":{"Tiempo de lectura":"4 minutos"},"schema":{"@context":"https:\/\/schema.org","@graph":[{"@type":"WebPage","@id":"https:\/\/accesstruckparts.com\/technical-support\/","url":"https:\/\/accesstruckparts.com\/technical-support\/","name":"Soporte t\u00e9cnico - Access Truck Parts","isPartOf":{"@id":"https:\/\/accesstruckparts.com\/#website"},"datePublished":"2018-06-08T16:21:03+00:00","dateModified":"2024-06-13T16:33:05+00:00","description":"Soporte t\u00e9cnico - Access Truck Parts tiene en stock todas las piezas de repuesto para equipos de distribuci\u00f3n de agua. \u00a1Compre en l\u00ednea hoy mismo!","breadcrumb":{"@id":"https:\/\/accesstruckparts.com\/technical-support\/#breadcrumb"},"inLanguage":"es","potentialAction":[{"@type":"ReadAction","target":["https:\/\/accesstruckparts.com\/technical-support\/"]}]},{"@type":"BreadcrumbList","@id":"https:\/\/accesstruckparts.com\/technical-support\/#breadcrumb","itemListElement":[{"@type":"ListItem","position":1,"name":"Home","item":"https:\/\/accesstruckparts.com\/"},{"@type":"ListItem","position":2,"name":"Technical Support"}]},{"@type":"WebSite","@id":"https:\/\/accesstruckparts.com\/#website","url":"https:\/\/accesstruckparts.com\/","name":"Piezas de camiones Access","description":"Su soluci\u00f3n \u00fanica de piezas para camiones de agua.","publisher":{"@id":"https:\/\/accesstruckparts.com\/#organization"},"potentialAction":[{"@type":"SearchAction","target":{"@type":"EntryPoint","urlTemplate":"https:\/\/accesstruckparts.com\/?s={search_term_string}"},"query-input":{"@type":"PropertyValueSpecification","valueRequired":true,"valueName":"search_term_string"}}],"inLanguage":"es"},{"@type":"Organization","@id":"https:\/\/accesstruckparts.com\/#organization","name":"Piezas de camiones Access","url":"https:\/\/accesstruckparts.com\/","logo":{"@type":"ImageObject","inLanguage":"es","@id":"https:\/\/accesstruckparts.com\/#\/schema\/logo\/image\/","url":"https:\/\/accesstruckparts.com\/wp-content\/uploads\/2018\/02\/ATP_logo_placeholder_2018.jpg","contentUrl":"https:\/\/accesstruckparts.com\/wp-content\/uploads\/2018\/02\/ATP_logo_placeholder_2018.jpg","width":"500","height":"500","caption":"Access Truck Parts"},"image":{"@id":"https:\/\/accesstruckparts.com\/#\/schema\/logo\/image\/"}}]}},"_links":{"self":[{"href":"https:\/\/accesstruckparts.com\/es\/wp-json\/wp\/v2\/pages\/19501","targetHints":{"allow":["GET"]}}],"collection":[{"href":"https:\/\/accesstruckparts.com\/es\/wp-json\/wp\/v2\/pages"}],"about":[{"href":"https:\/\/accesstruckparts.com\/es\/wp-json\/wp\/v2\/types\/page"}],"author":[{"embeddable":true,"href":"https:\/\/accesstruckparts.com\/es\/wp-json\/wp\/v2\/users\/5357"}],"replies":[{"embeddable":true,"href":"https:\/\/accesstruckparts.com\/es\/wp-json\/wp\/v2\/comments?post=19501"}],"version-history":[{"count":1,"href":"https:\/\/accesstruckparts.com\/es\/wp-json\/wp\/v2\/pages\/19501\/revisions"}],"predecessor-version":[{"id":201362,"href":"https:\/\/accesstruckparts.com\/es\/wp-json\/wp\/v2\/pages\/19501\/revisions\/201362"}],"wp:attachment":[{"href":"https:\/\/accesstruckparts.com\/es\/wp-json\/wp\/v2\/media?parent=19501"}],"curies":[{"name":"wp","href":"https:\/\/api.w.org\/{rel}","templated":true}]}}