{"id":15441,"date":"2018-01-15T10:47:41","date_gmt":"2018-01-15T17:47:41","guid":{"rendered":"https:\/\/accesstruckparts.com\/?page_id=15441"},"modified":"2023-02-16T08:10:28","modified_gmt":"2023-02-16T15:10:28","slug":"sobre-nosotros","status":"publish","type":"page","link":"https:\/\/accesstruckparts.com\/es\/about-us\/","title":{"rendered":"Sobre nosotros"},"content":{"rendered":"<h2>Sobre nosotros<\/h2>\n<p class=\"lead\">Access Truck Parts es un proveedor l\u00edder de piezas de repuesto para equipos de distribuci\u00f3n de agua en las industrias de la construcci\u00f3n, la miner\u00eda, la agricultura y la extinci\u00f3n de incendios. Disponemos de un amplio inventario de todas y cada una de las piezas de repuesto para cualquier marca o fabricante de equipos de camiones de agua, torres de agua o cisternas de minas.<\/p>\n<p class=\"lead\">Con m\u00e1s de 30 a\u00f1os de experiencia en el sector, empleamos nuestro profundo conocimiento de <a href=\"https:\/\/accesstruckparts.com\/es\/categoria-de-producto\/camion-bomba-de-agua\/\">Bombas de agua<\/a>, <a href=\"https:\/\/accesstruckparts.com\/es\/categoria-de-producto\/valvulas-de-control-en-linea-2\/\">V\u00e1lvulas en l\u00ednea<\/a>, <a href=\"https:\/\/accesstruckparts.com\/es\/categoria-de-producto\/cabezal-de-pulverizacion-valvulas-boquillas-2\/\">Cabezales de pulverizaci\u00f3n<\/a>, <a href=\"https:\/\/accesstruckparts.com\/es\/categoria-de-producto\/mangueras-y-carretes\/\">Enrolladores de manguera<\/a> y cualquier otra pieza de cami\u00f3n de agua que pueda encontrar para proporcionar la soluci\u00f3n adecuada que mantenga su equipo en funcionamiento y eficiente. Nuestra amplia red de proveedores internacionales y nuestras capacidades de fabricaci\u00f3n nos permiten ofrecer estas piezas de alta calidad al mejor precio disponible que ofrece el mercado.<\/p>\n<p class=\"lead\">Si tiene alguna pregunta o no encuentra la pieza que busca en nuestra p\u00e1gina web o en nuestro cat\u00e1logo, no dude en llamarnos al \n<a href=\"tel:523319341433\">+52 (3) 319341433<\/a> o env\u00edenos un correo electr\u00f3nico a <a href=\"mailto:sales@accesstruckparts.com\"><strong>sales@accesstruckparts.com<\/strong><\/a> y estaremos encantados de ayudarle.<\/p>\n<p><img decoding=\"async\" class=\"wp-image-159765 alignleft\" src=\"https:\/\/accesstruckparts.com\/wp-content\/uploads\/2022\/08\/Best-ATP-Group-Photo-2022-00573-3000x1688-1-800x450.jpg\" alt=\"\" width=\"1114\" height=\"627\" srcset=\"https:\/\/accesstruckparts.com\/wp-content\/uploads\/2022\/08\/Best-ATP-Group-Photo-2022-00573-3000x1688-1-800x450.jpg 800w, https:\/\/accesstruckparts.com\/wp-content\/uploads\/2022\/08\/Best-ATP-Group-Photo-2022-00573-3000x1688-1-1600x900.jpg 1600w, https:\/\/accesstruckparts.com\/wp-content\/uploads\/2022\/08\/Best-ATP-Group-Photo-2022-00573-3000x1688-1-1536x864.jpg 1536w, https:\/\/accesstruckparts.com\/wp-content\/uploads\/2022\/08\/Best-ATP-Group-Photo-2022-00573-3000x1688-1-scaled.jpg 2048w, https:\/\/accesstruckparts.com\/wp-content\/uploads\/2022\/08\/Best-ATP-Group-Photo-2022-00573-3000x1688-1-18x10.jpg 18w, https:\/\/accesstruckparts.com\/wp-content\/uploads\/2022\/08\/Best-ATP-Group-Photo-2022-00573-3000x1688-1-510x287.jpg 510w\" sizes=\"(max-width: 1114px) 100vw, 1114px\" \/><\/p>","protected":false},"excerpt":{"rendered":"<p>About Us Access Truck Parts is a leading supplier of replacement parts for water distribution equipment in the Construction, Mining, Agricultural and Fire Suppression industries. We stock a comprehensive inventory of any and all replacement parts for any brand or manufacturer of Water Truck, Water Tower or Mine Tanker equipment. With over 30 years of [&#8230;]\n","protected":false},"author":692,"featured_media":0,"parent":0,"menu_order":0,"comment_status":"closed","ping_status":"closed","template":"","meta":{"footnotes":""},"class_list":["post-15441","page","type-page","status-publish","hentry"],"yoast_head":"<!-- This site is optimized with the Yoast SEO Premium plugin v27.4 (Yoast SEO v27.4) - https:\/\/yoast.com\/product\/yoast-seo-premium-wordpress\/ -->\n<title>About Us - Access Truck Parts<\/title>\n<meta name=\"description\" content=\"About Us - Access Truck Parts stocks all replacement parts for water distribution equipment. Shop online today!\" \/>\n<meta name=\"robots\" content=\"index, follow, max-snippet:-1, max-image-preview:large, max-video-preview:-1\" \/>\n<link rel=\"canonical\" href=\"https:\/\/accesstruckparts.com\/es\/sobre-nosotros\/\" \/>\n<meta property=\"og:locale\" content=\"es_MX\" \/>\n<meta property=\"og:type\" content=\"article\" \/>\n<meta property=\"og:title\" content=\"About Us\" \/>\n<meta property=\"og:description\" content=\"About Us - Access Truck Parts stocks all replacement parts for water distribution equipment. Shop online today!\" \/>\n<meta property=\"og:url\" content=\"https:\/\/accesstruckparts.com\/es\/sobre-nosotros\/\" \/>\n<meta property=\"og:site_name\" content=\"Access Truck Parts\" \/>\n<meta property=\"article:modified_time\" content=\"2023-02-16T15:10:28+00:00\" \/>\n<meta property=\"og:image\" content=\"https:\/\/accesstruckparts.com\/wp-content\/uploads\/2022\/08\/Best-ATP-Group-Photo-2022-00573-3000x1688-1-800x450.jpg\" \/>\n<meta name=\"twitter:label1\" content=\"Tiempo de lectura\" \/>\n\t<meta name=\"twitter:data1\" content=\"1 minuto\" \/>\n<script type=\"application\/ld+json\" class=\"yoast-schema-graph\">{\"@context\":\"https:\\\/\\\/schema.org\",\"@graph\":[{\"@type\":\"WebPage\",\"@id\":\"https:\\\/\\\/accesstruckparts.com\\\/about-us\\\/\",\"url\":\"https:\\\/\\\/accesstruckparts.com\\\/about-us\\\/\",\"name\":\"About Us - Access Truck Parts\",\"isPartOf\":{\"@id\":\"https:\\\/\\\/accesstruckparts.com\\\/#website\"},\"primaryImageOfPage\":{\"@id\":\"https:\\\/\\\/accesstruckparts.com\\\/about-us\\\/#primaryimage\"},\"image\":{\"@id\":\"https:\\\/\\\/accesstruckparts.com\\\/about-us\\\/#primaryimage\"},\"thumbnailUrl\":\"https:\\\/\\\/accesstruckparts.com\\\/wp-content\\\/uploads\\\/2022\\\/08\\\/Best-ATP-Group-Photo-2022-00573-3000x1688-1-800x450.jpg\",\"datePublished\":\"2018-01-15T17:47:41+00:00\",\"dateModified\":\"2023-02-16T15:10:28+00:00\",\"description\":\"About Us - Access Truck Parts stocks all replacement parts for water distribution equipment. Shop online today!\",\"breadcrumb\":{\"@id\":\"https:\\\/\\\/accesstruckparts.com\\\/about-us\\\/#breadcrumb\"},\"inLanguage\":\"es\",\"potentialAction\":[{\"@type\":\"ReadAction\",\"target\":[\"https:\\\/\\\/accesstruckparts.com\\\/about-us\\\/\"]}]},{\"@type\":\"ImageObject\",\"inLanguage\":\"es\",\"@id\":\"https:\\\/\\\/accesstruckparts.com\\\/about-us\\\/#primaryimage\",\"url\":\"https:\\\/\\\/accesstruckparts.com\\\/wp-content\\\/uploads\\\/2022\\\/08\\\/Best-ATP-Group-Photo-2022-00573-3000x1688-1-800x450.jpg\",\"contentUrl\":\"https:\\\/\\\/accesstruckparts.com\\\/wp-content\\\/uploads\\\/2022\\\/08\\\/Best-ATP-Group-Photo-2022-00573-3000x1688-1-800x450.jpg\"},{\"@type\":\"BreadcrumbList\",\"@id\":\"https:\\\/\\\/accesstruckparts.com\\\/about-us\\\/#breadcrumb\",\"itemListElement\":[{\"@type\":\"ListItem\",\"position\":1,\"name\":\"Home\",\"item\":\"https:\\\/\\\/accesstruckparts.com\\\/\"},{\"@type\":\"ListItem\",\"position\":2,\"name\":\"About Us\"}]},{\"@type\":\"WebSite\",\"@id\":\"https:\\\/\\\/accesstruckparts.com\\\/#website\",\"url\":\"https:\\\/\\\/accesstruckparts.com\\\/\",\"name\":\"Access Truck Parts\",\"description\":\"Your One Stop Water Truck Parts Solution.\",\"publisher\":{\"@id\":\"https:\\\/\\\/accesstruckparts.com\\\/#organization\"},\"potentialAction\":[{\"@type\":\"SearchAction\",\"target\":{\"@type\":\"EntryPoint\",\"urlTemplate\":\"https:\\\/\\\/accesstruckparts.com\\\/?s={search_term_string}\"},\"query-input\":{\"@type\":\"PropertyValueSpecification\",\"valueRequired\":true,\"valueName\":\"search_term_string\"}}],\"inLanguage\":\"es\"},{\"@type\":\"Organization\",\"@id\":\"https:\\\/\\\/accesstruckparts.com\\\/#organization\",\"name\":\"Access Truck Parts\",\"url\":\"https:\\\/\\\/accesstruckparts.com\\\/\",\"logo\":{\"@type\":\"ImageObject\",\"inLanguage\":\"es\",\"@id\":\"https:\\\/\\\/accesstruckparts.com\\\/#\\\/schema\\\/logo\\\/image\\\/\",\"url\":\"https:\\\/\\\/accesstruckparts.com\\\/wp-content\\\/uploads\\\/2018\\\/02\\\/ATP_logo_placeholder_2018.jpg\",\"contentUrl\":\"https:\\\/\\\/accesstruckparts.com\\\/wp-content\\\/uploads\\\/2018\\\/02\\\/ATP_logo_placeholder_2018.jpg\",\"width\":\"500\",\"height\":\"500\",\"caption\":\"Access Truck Parts\"},\"image\":{\"@id\":\"https:\\\/\\\/accesstruckparts.com\\\/#\\\/schema\\\/logo\\\/image\\\/\"}}]}<\/script>\n<!-- \/ Yoast SEO Premium plugin. -->","yoast_head_json":{"title":"Sobre nosotros - Access Truck Parts","description":"Sobre nosotros - Access Truck Parts almacena todas las piezas de repuesto para los equipos de distribuci\u00f3n de agua. \u00a1Compre en l\u00ednea hoy mismo!","robots":{"index":"index","follow":"follow","max-snippet":"max-snippet:-1","max-image-preview":"max-image-preview:large","max-video-preview":"max-video-preview:-1"},"canonical":"https:\/\/accesstruckparts.com\/es\/sobre-nosotros\/","og_locale":"es_MX","og_type":"article","og_title":"About Us","og_description":"About Us - Access Truck Parts stocks all replacement parts for water distribution equipment. Shop online today!","og_url":"https:\/\/accesstruckparts.com\/es\/sobre-nosotros\/","og_site_name":"Access Truck Parts","article_modified_time":"2023-02-16T15:10:28+00:00","og_image":[{"url":"https:\/\/accesstruckparts.com\/wp-content\/uploads\/2022\/08\/Best-ATP-Group-Photo-2022-00573-3000x1688-1-800x450.jpg","type":"","width":"","height":""}],"twitter_misc":{"Tiempo de lectura":"1 minuto"},"schema":{"@context":"https:\/\/schema.org","@graph":[{"@type":"WebPage","@id":"https:\/\/accesstruckparts.com\/about-us\/","url":"https:\/\/accesstruckparts.com\/about-us\/","name":"Sobre nosotros - Access Truck Parts","isPartOf":{"@id":"https:\/\/accesstruckparts.com\/#website"},"primaryImageOfPage":{"@id":"https:\/\/accesstruckparts.com\/about-us\/#primaryimage"},"image":{"@id":"https:\/\/accesstruckparts.com\/about-us\/#primaryimage"},"thumbnailUrl":"https:\/\/accesstruckparts.com\/wp-content\/uploads\/2022\/08\/Best-ATP-Group-Photo-2022-00573-3000x1688-1-800x450.jpg","datePublished":"2018-01-15T17:47:41+00:00","dateModified":"2023-02-16T15:10:28+00:00","description":"Sobre nosotros - Access Truck Parts almacena todas las piezas de repuesto para los equipos de distribuci\u00f3n de agua. \u00a1Compre en l\u00ednea hoy mismo!","breadcrumb":{"@id":"https:\/\/accesstruckparts.com\/about-us\/#breadcrumb"},"inLanguage":"es","potentialAction":[{"@type":"ReadAction","target":["https:\/\/accesstruckparts.com\/about-us\/"]}]},{"@type":"ImageObject","inLanguage":"es","@id":"https:\/\/accesstruckparts.com\/about-us\/#primaryimage","url":"https:\/\/accesstruckparts.com\/wp-content\/uploads\/2022\/08\/Best-ATP-Group-Photo-2022-00573-3000x1688-1-800x450.jpg","contentUrl":"https:\/\/accesstruckparts.com\/wp-content\/uploads\/2022\/08\/Best-ATP-Group-Photo-2022-00573-3000x1688-1-800x450.jpg"},{"@type":"BreadcrumbList","@id":"https:\/\/accesstruckparts.com\/about-us\/#breadcrumb","itemListElement":[{"@type":"ListItem","position":1,"name":"Home","item":"https:\/\/accesstruckparts.com\/"},{"@type":"ListItem","position":2,"name":"About Us"}]},{"@type":"WebSite","@id":"https:\/\/accesstruckparts.com\/#website","url":"https:\/\/accesstruckparts.com\/","name":"Piezas de camiones Access","description":"Su soluci\u00f3n \u00fanica de piezas para camiones de agua.","publisher":{"@id":"https:\/\/accesstruckparts.com\/#organization"},"potentialAction":[{"@type":"SearchAction","target":{"@type":"EntryPoint","urlTemplate":"https:\/\/accesstruckparts.com\/?s={search_term_string}"},"query-input":{"@type":"PropertyValueSpecification","valueRequired":true,"valueName":"search_term_string"}}],"inLanguage":"es"},{"@type":"Organization","@id":"https:\/\/accesstruckparts.com\/#organization","name":"Piezas de camiones Access","url":"https:\/\/accesstruckparts.com\/","logo":{"@type":"ImageObject","inLanguage":"es","@id":"https:\/\/accesstruckparts.com\/#\/schema\/logo\/image\/","url":"https:\/\/accesstruckparts.com\/wp-content\/uploads\/2018\/02\/ATP_logo_placeholder_2018.jpg","contentUrl":"https:\/\/accesstruckparts.com\/wp-content\/uploads\/2018\/02\/ATP_logo_placeholder_2018.jpg","width":"500","height":"500","caption":"Access Truck Parts"},"image":{"@id":"https:\/\/accesstruckparts.com\/#\/schema\/logo\/image\/"}}]}},"_links":{"self":[{"href":"https:\/\/accesstruckparts.com\/es\/wp-json\/wp\/v2\/pages\/15441","targetHints":{"allow":["GET"]}}],"collection":[{"href":"https:\/\/accesstruckparts.com\/es\/wp-json\/wp\/v2\/pages"}],"about":[{"href":"https:\/\/accesstruckparts.com\/es\/wp-json\/wp\/v2\/types\/page"}],"author":[{"embeddable":true,"href":"https:\/\/accesstruckparts.com\/es\/wp-json\/wp\/v2\/users\/692"}],"replies":[{"embeddable":true,"href":"https:\/\/accesstruckparts.com\/es\/wp-json\/wp\/v2\/comments?post=15441"}],"version-history":[{"count":0,"href":"https:\/\/accesstruckparts.com\/es\/wp-json\/wp\/v2\/pages\/15441\/revisions"}],"wp:attachment":[{"href":"https:\/\/accesstruckparts.com\/es\/wp-json\/wp\/v2\/media?parent=15441"}],"curies":[{"name":"wp","href":"https:\/\/api.w.org\/{rel}","templated":true}]}}