{"id":148563,"date":"2022-04-21T13:30:29","date_gmt":"2022-04-21T20:30:29","guid":{"rendered":"https:\/\/accesstruckparts.com\/?page_id=148563"},"modified":"2024-02-28T11:38:27","modified_gmt":"2024-02-28T18:38:27","slug":"sello-de-cuerda-bomba-guia","status":"publish","type":"page","link":"https:\/\/accesstruckparts.com\/es\/rope-seal-pump-guide\/","title":{"rendered":"Gu\u00eda de la bomba con sello de cuerda"},"content":{"rendered":"<h1 style=\"text-align: center;\"><div class=\"container section-title-container\" ><h3 class=\"section-title section-title-bold-center\"><b aria-hidden=\"true\"><\/b><span class=\"section-title-main\" >GU\u00cdA DE LA BOMBA DE SELLO DE CUERDA<\/span><b aria-hidden=\"true\"><\/b><\/h3><\/div><\/h1>\n<h2 class=\"p1\"><b>TIPO DE SELLO<\/b><\/h2>\n<p>Una bomba de agua centr\u00edfuga tendr\u00e1 un sello de cuerda o un sello mec\u00e1nico alrededor del eje. Los sellos de cuerda est\u00e1n dise\u00f1ados para poder ser reparados en el campo sin tener que desmontar la bomba, pero tendr\u00e1n fugas de agua por la caja de empaquetadura. Los sellos mec\u00e1nicos no tendr\u00e1n ninguna fuga de agua, sin embargo son m\u00e1s propensos a romperse por el calor excesivo que un sello de cuerda y requieren el desmontaje de la bomba para ser reemplazados.<\/p>\n<h2><strong>INICIAR UN SELLO DE CUERDA<\/strong><\/h2>\n<p>Antes de poner en marcha una bomba con sello de empaquetadura de cuerda por primera vez, afloje las tuercas del prensaestopas y vuelva a apretarlas AUN, con los dedos. Una vez que la bomba est\u00e9 en marcha, deje que la empaquetadura gotee abundantemente durante unos momentos hasta que se sature y luego contin\u00fae apretando las tuercas del prensaestopas una vuelta completa cada una hasta que la fuga se reduzca a 40-60 gotas por minuto.<\/p>\n<h2><strong>COMPRUEBE SI EL CALOR ES EXCESIVO<\/strong><\/h2>\n<p>Despu\u00e9s de un corto per\u00edodo de funcionamiento, verifique que la Caja de Empaquetadura y el Prensaestopas no est\u00e9n calientes. Si se detecta calor, afloje las tuercas del prensaestopas de manera uniforme hasta que el agua apenas salga de la caja de empaquetadura en forma de gota. El agua no debe salir en forma de chorro o rociada. Verifique peri\u00f3dicamente el funcionamiento en fr\u00edo. Ajuste las tuercas del prensaestopas de manera uniforme seg\u00fan sea necesario para la lubricaci\u00f3n y el enfriamiento de la empaquetadura. Si la empaquetadura se ha apretado hasta el l\u00edmite del recorrido del prensaestopas, es necesario a\u00f1adir m\u00e1s empaquetadura. Vea el v\u00eddeo que aparece a continuaci\u00f3n para ver un ejemplo de una tasa de goteo adecuada.<\/p>\n<p><iframe width=\"560\" height=\"315\" src=\"https:\/\/www.youtube.com\/embed\/UCQ2Y2Snoeo?rel=0\" title=\"Reproductor de v\u00eddeo de YouTube\" frameborder=\"0\" allow=\"accelerometer; autoplay; clipboard-write; encrypted-media; gyroscope; picture-in-picture\" allowfullscreen><\/iframe><\/p>\n<h2><strong>SABER CU\u00c1NDO HAY QUE HACER EL MANTENIMIENTO<\/strong><\/h2>\n<p>Las empaquetaduras de cuerda se degradan con el tiempo y deben ser sustituidas regularmente. Las bombas con empaquetadura de cuerda s\u00f3lo deben tener fugas mientras est\u00e1n en funcionamiento. Si su bomba gotea cuando la toma de fuerza est\u00e1 desconectada, puede ser el momento de a\u00f1adir o sustituir la empaquetadura de cuerda. Compruebe la tasa de goteo de su bomba cuando la toma de fuerza est\u00e1 conectada. Cualquier tasa de goteo que supere las 40-60 gotas por minuto es excesiva y puede requerir una empaquetadura adicional o el apriete del prensaestopas hasta alcanzar la tasa de goteo \u00f3ptima. Si la bomba sigue goteando excesivamente despu\u00e9s de reemplazar la empaquetadura de cuerda, inspeccione el eje para verificar que no hay marcas o ranuras desgastadas en \u00e9l. Si se encuentran marcas o ranuras puede ser el momento de sustituir el Eje.<\/p>\n<h2><strong>PRECAUCIONES<\/strong><\/h2>\n<p> No apriete demasiado las tuercas del casquillo o correr\u00e1 el riesgo de romper los asientos de los pernos, lo que requerir\u00e1 la sustituci\u00f3n del bastidor de la bomba. Verifique peri\u00f3dicamente la integridad del eje y del manguito de la bomba. No haga funcionar la Bomba en seco. El agua de la Bomba se utiliza para lubricar y enfriar la Empaquetadura de Cuerda y hacerla funcionar en seco puede da\u00f1ar la Empaquetadura y el Eje. NO utilice ning\u00fan tipo de sellador como la silicona para evitar que la Bomba tenga fugas. Si necesita una Bomba que no tenga fugas, un Sello Mec\u00e1nico puede ser m\u00e1s apropiado.<\/p>\n<p><a href=\"https:\/\/accesstruckparts.com\/pdfs\/ATP_Rope-Seal-Pump-Guide.pdf\" class=\"productLink\" target=\"_blank\" rel=\"noopener\">DESCARGUE ESTA GU\u00cdA<\/a><\/p>","protected":false},"excerpt":{"rendered":"<p>SEAL TYPE A Centrifugal Water Pump will have either a Rope Seal or Mechanical Seal around the shaft. Rope Seals are designed to be serviceable in the field without having to take the pump apart but will leak water from the Packing Box. Mechanical Seals will not leak any water, however are more prone to [&#8230;]\n","protected":false},"author":18550,"featured_media":0,"parent":0,"menu_order":0,"comment_status":"closed","ping_status":"closed","template":"","meta":{"footnotes":""},"class_list":["post-148563","page","type-page","status-publish","hentry"],"yoast_head":"<!-- This site is optimized with the Yoast SEO Premium plugin v27.4 (Yoast SEO v27.4) - https:\/\/yoast.com\/product\/yoast-seo-premium-wordpress\/ -->\n<title>Rope Seal Pump Guide - Access Truck Parts<\/title>\n<meta name=\"description\" content=\"Rope Seal Pump Guide - Access Truck Parts stocks all replacement parts for water distribution equipment. Shop online today!\" \/>\n<meta name=\"robots\" content=\"index, follow, max-snippet:-1, max-image-preview:large, max-video-preview:-1\" \/>\n<link rel=\"canonical\" href=\"https:\/\/accesstruckparts.com\/es\/sello-de-cuerda-bomba-guia\/\" \/>\n<meta property=\"og:locale\" content=\"es_MX\" \/>\n<meta property=\"og:type\" content=\"article\" \/>\n<meta property=\"og:title\" content=\"Rope Seal Pump Guide\" \/>\n<meta property=\"og:description\" content=\"Rope Seal Pump Guide - Access Truck Parts stocks all replacement parts for water distribution equipment. Shop online today!\" \/>\n<meta property=\"og:url\" content=\"https:\/\/accesstruckparts.com\/es\/sello-de-cuerda-bomba-guia\/\" \/>\n<meta property=\"og:site_name\" content=\"Access Truck Parts\" \/>\n<meta property=\"article:modified_time\" content=\"2024-02-28T18:38:27+00:00\" \/>\n<meta name=\"twitter:label1\" content=\"Tiempo de lectura\" \/>\n\t<meta name=\"twitter:data1\" content=\"3 minutos\" \/>\n<script type=\"application\/ld+json\" class=\"yoast-schema-graph\">{\"@context\":\"https:\\\/\\\/schema.org\",\"@graph\":[{\"@type\":\"WebPage\",\"@id\":\"https:\\\/\\\/accesstruckparts.com\\\/rope-seal-pump-guide\\\/\",\"url\":\"https:\\\/\\\/accesstruckparts.com\\\/rope-seal-pump-guide\\\/\",\"name\":\"Rope Seal Pump Guide - Access Truck Parts\",\"isPartOf\":{\"@id\":\"https:\\\/\\\/accesstruckparts.com\\\/#website\"},\"datePublished\":\"2022-04-21T20:30:29+00:00\",\"dateModified\":\"2024-02-28T18:38:27+00:00\",\"description\":\"Rope Seal Pump Guide - Access Truck Parts stocks all replacement parts for water distribution equipment. Shop online today!\",\"breadcrumb\":{\"@id\":\"https:\\\/\\\/accesstruckparts.com\\\/rope-seal-pump-guide\\\/#breadcrumb\"},\"inLanguage\":\"es\",\"potentialAction\":[{\"@type\":\"ReadAction\",\"target\":[\"https:\\\/\\\/accesstruckparts.com\\\/rope-seal-pump-guide\\\/\"]}]},{\"@type\":\"BreadcrumbList\",\"@id\":\"https:\\\/\\\/accesstruckparts.com\\\/rope-seal-pump-guide\\\/#breadcrumb\",\"itemListElement\":[{\"@type\":\"ListItem\",\"position\":1,\"name\":\"Home\",\"item\":\"https:\\\/\\\/accesstruckparts.com\\\/\"},{\"@type\":\"ListItem\",\"position\":2,\"name\":\"Rope Seal Pump Guide\"}]},{\"@type\":\"WebSite\",\"@id\":\"https:\\\/\\\/accesstruckparts.com\\\/#website\",\"url\":\"https:\\\/\\\/accesstruckparts.com\\\/\",\"name\":\"Access Truck Parts\",\"description\":\"Your One Stop Water Truck Parts Solution.\",\"publisher\":{\"@id\":\"https:\\\/\\\/accesstruckparts.com\\\/#organization\"},\"potentialAction\":[{\"@type\":\"SearchAction\",\"target\":{\"@type\":\"EntryPoint\",\"urlTemplate\":\"https:\\\/\\\/accesstruckparts.com\\\/?s={search_term_string}\"},\"query-input\":{\"@type\":\"PropertyValueSpecification\",\"valueRequired\":true,\"valueName\":\"search_term_string\"}}],\"inLanguage\":\"es\"},{\"@type\":\"Organization\",\"@id\":\"https:\\\/\\\/accesstruckparts.com\\\/#organization\",\"name\":\"Access Truck Parts\",\"url\":\"https:\\\/\\\/accesstruckparts.com\\\/\",\"logo\":{\"@type\":\"ImageObject\",\"inLanguage\":\"es\",\"@id\":\"https:\\\/\\\/accesstruckparts.com\\\/#\\\/schema\\\/logo\\\/image\\\/\",\"url\":\"https:\\\/\\\/accesstruckparts.com\\\/wp-content\\\/uploads\\\/2018\\\/02\\\/ATP_logo_placeholder_2018.jpg\",\"contentUrl\":\"https:\\\/\\\/accesstruckparts.com\\\/wp-content\\\/uploads\\\/2018\\\/02\\\/ATP_logo_placeholder_2018.jpg\",\"width\":\"500\",\"height\":\"500\",\"caption\":\"Access Truck Parts\"},\"image\":{\"@id\":\"https:\\\/\\\/accesstruckparts.com\\\/#\\\/schema\\\/logo\\\/image\\\/\"}}]}<\/script>\n<!-- \/ Yoast SEO Premium plugin. -->","yoast_head_json":{"title":"Gu\u00eda de la bomba de sello de cuerda - Access Truck Parts","description":"Gu\u00eda de bombas con sello de cuerda - Access Truck Parts tiene en stock todas las piezas de repuesto para equipos de distribuci\u00f3n de agua. \u00a1Compre en l\u00ednea hoy mismo!","robots":{"index":"index","follow":"follow","max-snippet":"max-snippet:-1","max-image-preview":"max-image-preview:large","max-video-preview":"max-video-preview:-1"},"canonical":"https:\/\/accesstruckparts.com\/es\/sello-de-cuerda-bomba-guia\/","og_locale":"es_MX","og_type":"article","og_title":"Rope Seal Pump Guide","og_description":"Rope Seal Pump Guide - Access Truck Parts stocks all replacement parts for water distribution equipment. Shop online today!","og_url":"https:\/\/accesstruckparts.com\/es\/sello-de-cuerda-bomba-guia\/","og_site_name":"Access Truck Parts","article_modified_time":"2024-02-28T18:38:27+00:00","twitter_misc":{"Tiempo de lectura":"3 minutos"},"schema":{"@context":"https:\/\/schema.org","@graph":[{"@type":"WebPage","@id":"https:\/\/accesstruckparts.com\/rope-seal-pump-guide\/","url":"https:\/\/accesstruckparts.com\/rope-seal-pump-guide\/","name":"Gu\u00eda de la bomba de sello de cuerda - Access Truck Parts","isPartOf":{"@id":"https:\/\/accesstruckparts.com\/#website"},"datePublished":"2022-04-21T20:30:29+00:00","dateModified":"2024-02-28T18:38:27+00:00","description":"Gu\u00eda de bombas con sello de cuerda - Access Truck Parts tiene en stock todas las piezas de repuesto para equipos de distribuci\u00f3n de agua. \u00a1Compre en l\u00ednea hoy mismo!","breadcrumb":{"@id":"https:\/\/accesstruckparts.com\/rope-seal-pump-guide\/#breadcrumb"},"inLanguage":"es","potentialAction":[{"@type":"ReadAction","target":["https:\/\/accesstruckparts.com\/rope-seal-pump-guide\/"]}]},{"@type":"BreadcrumbList","@id":"https:\/\/accesstruckparts.com\/rope-seal-pump-guide\/#breadcrumb","itemListElement":[{"@type":"ListItem","position":1,"name":"Home","item":"https:\/\/accesstruckparts.com\/"},{"@type":"ListItem","position":2,"name":"Rope Seal Pump Guide"}]},{"@type":"WebSite","@id":"https:\/\/accesstruckparts.com\/#website","url":"https:\/\/accesstruckparts.com\/","name":"Piezas de camiones Access","description":"Su soluci\u00f3n \u00fanica de piezas para camiones de agua.","publisher":{"@id":"https:\/\/accesstruckparts.com\/#organization"},"potentialAction":[{"@type":"SearchAction","target":{"@type":"EntryPoint","urlTemplate":"https:\/\/accesstruckparts.com\/?s={search_term_string}"},"query-input":{"@type":"PropertyValueSpecification","valueRequired":true,"valueName":"search_term_string"}}],"inLanguage":"es"},{"@type":"Organization","@id":"https:\/\/accesstruckparts.com\/#organization","name":"Piezas de camiones Access","url":"https:\/\/accesstruckparts.com\/","logo":{"@type":"ImageObject","inLanguage":"es","@id":"https:\/\/accesstruckparts.com\/#\/schema\/logo\/image\/","url":"https:\/\/accesstruckparts.com\/wp-content\/uploads\/2018\/02\/ATP_logo_placeholder_2018.jpg","contentUrl":"https:\/\/accesstruckparts.com\/wp-content\/uploads\/2018\/02\/ATP_logo_placeholder_2018.jpg","width":"500","height":"500","caption":"Access Truck Parts"},"image":{"@id":"https:\/\/accesstruckparts.com\/#\/schema\/logo\/image\/"}}]}},"_links":{"self":[{"href":"https:\/\/accesstruckparts.com\/es\/wp-json\/wp\/v2\/pages\/148563","targetHints":{"allow":["GET"]}}],"collection":[{"href":"https:\/\/accesstruckparts.com\/es\/wp-json\/wp\/v2\/pages"}],"about":[{"href":"https:\/\/accesstruckparts.com\/es\/wp-json\/wp\/v2\/types\/page"}],"author":[{"embeddable":true,"href":"https:\/\/accesstruckparts.com\/es\/wp-json\/wp\/v2\/users\/18550"}],"replies":[{"embeddable":true,"href":"https:\/\/accesstruckparts.com\/es\/wp-json\/wp\/v2\/comments?post=148563"}],"version-history":[{"count":1,"href":"https:\/\/accesstruckparts.com\/es\/wp-json\/wp\/v2\/pages\/148563\/revisions"}],"predecessor-version":[{"id":196348,"href":"https:\/\/accesstruckparts.com\/es\/wp-json\/wp\/v2\/pages\/148563\/revisions\/196348"}],"wp:attachment":[{"href":"https:\/\/accesstruckparts.com\/es\/wp-json\/wp\/v2\/media?parent=148563"}],"curies":[{"name":"wp","href":"https:\/\/api.w.org\/{rel}","templated":true}]}}