{"id":11336,"date":"2017-04-19T10:41:40","date_gmt":"2017-04-19T17:41:40","guid":{"rendered":"https:\/\/accesstruckparts.com\/?page_id=11336"},"modified":"2022-05-09T09:57:35","modified_gmt":"2022-05-09T16:57:35","slug":"preguntas-frecuentes-2","status":"publish","type":"page","link":"https:\/\/accesstruckparts.com\/es\/frequently-asked-questions\/","title":{"rendered":"Preguntas frecuentes"},"content":{"rendered":"<h1>Preguntas frecuentes<\/h1>\n<h2>T\u00e9cnica<\/h2>\n<style type='text\/css'>\n\t\t\t\t\t\t.faq-accordion .wp-faqp-accordion-1 .faq-main{} .faq-accordion .wp-faqp-accordion-1 .faq-main h4{font-size:18px !important;} .faq-accordion .wp-faqp-accordion-1 .faq-main.wp-faqp-open{} .faq-accordion .wp-faqp-accordion-1 .faq-main.wp-faqp-open h4{} <\/style>\n\t\t<div class=\"faq-accordion wp-faqp-accordion-list wp-faqp-design-1 wp-faqp-black wp-faqp-arrow wp-faqp-clearfix\" data-accordion-group>\n\t\t\t\n\t\t\t\n\t\t\t<div class=\"wp-faqp-accordion-1 wp-faqp-main-wrp wp-faqp-left-icon\" id=\"wp-faqp-accordion-1\" data-conf=\"{&quot;single_open&quot;:&quot;true&quot;,&quot;transition_speed&quot;:&quot;300&quot;}\">\n\n\t\t\t\n\t\t\t\t<div class=\"faq-main wp-faqp-open\" data-accordion>\n\t\t\t\t\t<div class=\"faq-title\" data-control>\n\t\t\t\t\t\t<h4>Tengo problemas con la p\u00e1gina web, \u00bfpuede ayudarme?<\/h4>\n\t\t\t\t\t<\/div>\n\t\t\t\t\t\n\t\t\t\t\t<div class=\"wp-faqp-cnt-wrp\" data-content>\n\t\t\t\t\t\t<div class=\"wp-faqp-cnt-inr-wrp\">\n\t\t\t\t\t\t\t\t\t\t\t\t\t\t<div class=\"faq-content\"><p>Si tiene alg\u00fan problema para utilizar el sitio web, visite nuestro <a href=\"https:\/\/accesstruckparts.com\/es\/soporte-tecnico-2\/\">P\u00e1gina de soporte t\u00e9cnico<\/a>, p\u00f3ngase en contacto con nosotros a trav\u00e9s del bot\u00f3n de chat situado en la parte inferior derecha de la pantalla, o ll\u00e1menos al \n<a href=\"tel:6024376948\">602-437-6948<\/a> o WhatsApp <a href=\"tel:6027329669\">602-732-9669<\/a> . Estaremos encantados de ayudarle a resolverlo.<\/p>\n<p>Nuestro sitio funciona mejor con un navegador web moderno como <a href=\"https:\/\/www.google.com\/chrome\/\">Google Chrome<\/a>.<\/p>\n<\/div>\n\t\t\t\t\t\t<\/div>\n\t\t\t\t\t<\/div>\n\t\t\t\t<\/div>\n\t\t\t\t\n\t\t\t\t\t\t\n\t\t\t<\/div>\n\t\t<\/div>\n\n\t\n<h2>Env\u00edo<\/h2>\n<style type='text\/css'>\n\t\t\t\t\t\t.faq-accordion .wp-faqp-accordion-2 .faq-main{} .faq-accordion .wp-faqp-accordion-2 .faq-main h4{font-size:18px !important;} .faq-accordion .wp-faqp-accordion-2 .faq-main.wp-faqp-open{} .faq-accordion .wp-faqp-accordion-2 .faq-main.wp-faqp-open h4{} <\/style>\n\t\t<div class=\"faq-accordion wp-faqp-accordion-list wp-faqp-design-1 wp-faqp-black wp-faqp-arrow wp-faqp-clearfix\" data-accordion-group>\n\t\t\t\n\t\t\t\n\t\t\t<div class=\"wp-faqp-accordion-2 wp-faqp-main-wrp wp-faqp-left-icon\" id=\"wp-faqp-accordion-2\" data-conf=\"{&quot;single_open&quot;:&quot;true&quot;,&quot;transition_speed&quot;:&quot;300&quot;}\">\n\n\t\t\t\n\t\t\t\t<div class=\"faq-main\" data-accordion>\n\t\t\t\t\t<div class=\"faq-title\" data-control>\n\t\t\t\t\t\t<h4>\u00bfPuedo enviar a un apartado de correos?<\/h4>\n\t\t\t\t\t<\/div>\n\t\t\t\t\t\n\t\t\t\t\t<div class=\"wp-faqp-cnt-wrp\" data-content>\n\t\t\t\t\t\t<div class=\"wp-faqp-cnt-inr-wrp\">\n\t\t\t\t\t\t\t\t\t\t\t\t\t\t<div class=\"faq-content\"><p><strong>No.<\/strong> Lamentablemente, UPS no nos permite enviar nuestras piezas a un apartado de correos. Si realiza un pedido con un apartado de correos como direcci\u00f3n de env\u00edo, el pedido ser\u00e1 retenido hasta que podamos ponernos en contacto con usted para encontrar una direcci\u00f3n alternativa.<\/p>\n<\/div>\n\t\t\t\t\t\t<\/div>\n\t\t\t\t\t<\/div>\n\t\t\t\t<\/div>\n\t\t\t\t\n\t\t\t\n\t\t\t\t<div class=\"faq-main\" data-accordion>\n\t\t\t\t\t<div class=\"faq-title\" data-control>\n\t\t\t\t\t\t<h4>\u00bfCu\u00e1ndo se enviar\u00e1 mi pedido?<\/h4>\n\t\t\t\t\t<\/div>\n\t\t\t\t\t\n\t\t\t\t\t<div class=\"wp-faqp-cnt-wrp\" data-content>\n\t\t\t\t\t\t<div class=\"wp-faqp-cnt-inr-wrp\">\n\t\t\t\t\t\t\t\t\t\t\t\t\t\t<div class=\"faq-content\"><p>Para los pedidos prioritarios (al d\u00eda siguiente, al segundo d\u00eda) realizados antes de la 1 de la tarde de lunes a viernes, todos los art\u00edculos en stock se enviar\u00e1n el mismo d\u00eda.<\/p>\n<p>Los pedidos por tierra suelen enviarse en 24 horas. <\/p>\n<p>Los pedidos realizados despu\u00e9s de la 1 de la tarde se enviar\u00e1n el siguiente d\u00eda laborable.<\/p>\n<\/div>\n\t\t\t\t\t\t<\/div>\n\t\t\t\t\t<\/div>\n\t\t\t\t<\/div>\n\t\t\t\t\n\t\t\t\n\t\t\t\t<div class=\"faq-main\" data-accordion>\n\t\t\t\t\t<div class=\"faq-title\" data-control>\n\t\t\t\t\t\t<h4>\u00bfC\u00f3mo puedo seguir mi pedido?<\/h4>\n\t\t\t\t\t<\/div>\n\t\t\t\t\t\n\t\t\t\t\t<div class=\"wp-faqp-cnt-wrp\" data-content>\n\t\t\t\t\t\t<div class=\"wp-faqp-cnt-inr-wrp\">\n\t\t\t\t\t\t\t\t\t\t\t\t\t\t<div class=\"faq-content\"><p>La informaci\u00f3n de seguimiento del env\u00edo aparecer\u00e1 ahora en la p\u00e1gina del historial de pedidos (Mi cuenta -&gt; Pedidos -&gt; Ver) de la siguiente manera: <\/p>\n<p><img decoding=\"async\" src=\"https:\/\/accesstruckparts.com\/wp-content\/uploads\/2017\/04\/aftership.jpg\" alt=\"\" width=\"432\" height=\"134\" class=\"alignnone size-full wp-image-11379\" \/><\/p>\n<p>Puede pulsar el bot\u00f3n de \"seguimiento\" para ver el estado actual del transportista.<\/p>\n<p>Tambi\u00e9n puede enviarnos siempre un correo electr\u00f3nico o llamarnos y estaremos encantados de comprobar el estado de su pedido por usted.<\/p>\n<\/div>\n\t\t\t\t\t\t<\/div>\n\t\t\t\t\t<\/div>\n\t\t\t\t<\/div>\n\t\t\t\t\n\t\t\t\n\t\t\t\t<div class=\"faq-main\" data-accordion>\n\t\t\t\t\t<div class=\"faq-title\" data-control>\n\t\t\t\t\t\t<h4>\u00bfQu\u00e9 ocurre si un art\u00edculo est\u00e1 agotado?<\/h4>\n\t\t\t\t\t<\/div>\n\t\t\t\t\t\n\t\t\t\t\t<div class=\"wp-faqp-cnt-wrp\" data-content>\n\t\t\t\t\t\t<div class=\"wp-faqp-cnt-inr-wrp\">\n\t\t\t\t\t\t\t\t\t\t\t\t\t\t<div class=\"faq-content\"><p>Aunque nos esforzamos por mantener todo disponible en todo momento, ocasionalmente nos quedaremos temporalmente sin algo. Si eso ocurre, le notificaremos sobre el art\u00edculo atrasado y le daremos un plazo sobre la disponibilidad esperada (cuando sea posible).<\/p>\n<p>A\u00fan as\u00ed, enviaremos todos los art\u00edculos en stock inmediatamente y luego trabajaremos con nuestros proveedores para conseguirle las piezas restantes lo antes posible.<\/p>\n<\/div>\n\t\t\t\t\t\t<\/div>\n\t\t\t\t\t<\/div>\n\t\t\t\t<\/div>\n\t\t\t\t\n\t\t\t\n\t\t\t\t<div class=\"faq-main\" data-accordion>\n\t\t\t\t\t<div class=\"faq-title\" data-control>\n\t\t\t\t\t\t<h4>\u00bfY si no puedo esperar tanto tiempo?<\/h4>\n\t\t\t\t\t<\/div>\n\t\t\t\t\t\n\t\t\t\t\t<div class=\"wp-faqp-cnt-wrp\" data-content>\n\t\t\t\t\t\t<div class=\"wp-faqp-cnt-inr-wrp\">\n\t\t\t\t\t\t\t\t\t\t\t\t\t\t<div class=\"faq-content\"><p>Entendemos que si no puede esperar, le daremos la opci\u00f3n de cancelar el art\u00edculo (o todo el pedido) sin cargo alguno.<\/p>\n<\/div>\n\t\t\t\t\t\t<\/div>\n\t\t\t\t\t<\/div>\n\t\t\t\t<\/div>\n\t\t\t\t\n\t\t\t\n\t\t\t\t<div class=\"faq-main\" data-accordion>\n\t\t\t\t\t<div class=\"faq-title\" data-control>\n\t\t\t\t\t\t<h4>\u00bfY si quiero utilizar mi propia cuenta de env\u00edo?<\/h4>\n\t\t\t\t\t<\/div>\n\t\t\t\t\t\n\t\t\t\t\t<div class=\"wp-faqp-cnt-wrp\" data-content>\n\t\t\t\t\t\t<div class=\"wp-faqp-cnt-inr-wrp\">\n\t\t\t\t\t\t\t\t\t\t\t\t\t\t<div class=\"faq-content\"><p>En el momento de la compra, tendr\u00e1 la opci\u00f3n de seleccionar \"Usar su cuenta de remitente\" como m\u00e9todo de env\u00edo.<br \/>\nA continuaci\u00f3n, se le pedir\u00e1 su n\u00famero de cuenta y la compa\u00f1\u00eda\/opci\u00f3n deseada.<br \/>\nTambi\u00e9n dispondr\u00e1 de un campo de notas adicional por si necesita proporcionar alguna instrucci\u00f3n adicional. <\/p>\n<\/div>\n\t\t\t\t\t\t<\/div>\n\t\t\t\t\t<\/div>\n\t\t\t\t<\/div>\n\t\t\t\t\n\t\t\t\t\t\t\n\t\t\t<\/div>\n\t\t<\/div>\n\n\t\n<h2>General<\/h2>\n<style type='text\/css'>\n\t\t\t\t\t\t.faq-accordion .wp-faqp-accordion-3 .faq-main{} .faq-accordion .wp-faqp-accordion-3 .faq-main h4{font-size:18px !important;} .faq-accordion .wp-faqp-accordion-3 .faq-main.wp-faqp-open{} .faq-accordion .wp-faqp-accordion-3 .faq-main.wp-faqp-open h4{} <\/style>\n\t\t<div class=\"faq-accordion wp-faqp-accordion-list wp-faqp-design-1 wp-faqp-black wp-faqp-arrow wp-faqp-clearfix\" data-accordion-group>\n\t\t\t\n\t\t\t\n\t\t\t<div class=\"wp-faqp-accordion-3 wp-faqp-main-wrp wp-faqp-left-icon\" id=\"wp-faqp-accordion-3\" data-conf=\"{&quot;single_open&quot;:&quot;true&quot;,&quot;transition_speed&quot;:&quot;300&quot;}\">\n\n\t\t\t\n\t\t\t\t<div class=\"faq-main\" data-accordion>\n\t\t\t\t\t<div class=\"faq-title\" data-control>\n\t\t\t\t\t\t<h4>\u00bfAceptan tarjetas de cr\u00e9dito?<\/h4>\n\t\t\t\t\t<\/div>\n\t\t\t\t\t\n\t\t\t\t\t<div class=\"wp-faqp-cnt-wrp\" data-content>\n\t\t\t\t\t\t<div class=\"wp-faqp-cnt-inr-wrp\">\n\t\t\t\t\t\t\t\t\t\t\t\t\t\t<div class=\"faq-content\"><p>S\u00ed. Procesamos de forma segura las tarjetas Visa, Mastercard, American Express y Discover.<br \/>\nCualquier cargo deber\u00eda aparecer en su extracto como \"Access Truck Parts\".<br \/>\nPara su comodidad, tambi\u00e9n ofrecemos la opci\u00f3n de guardar una tarjeta en su cuenta para futuros pedidos.<\/p>\n<\/div>\n\t\t\t\t\t\t<\/div>\n\t\t\t\t\t<\/div>\n\t\t\t\t<\/div>\n\t\t\t\t\n\t\t\t\n\t\t\t\t<div class=\"faq-main\" data-accordion>\n\t\t\t\t\t<div class=\"faq-title\" data-control>\n\t\t\t\t\t\t<h4>\u00bfPor qu\u00e9 se ha rechazado mi tarjeta de cr\u00e9dito?<\/h4>\n\t\t\t\t\t<\/div>\n\t\t\t\t\t\n\t\t\t\t\t<div class=\"wp-faqp-cnt-wrp\" data-content>\n\t\t\t\t\t\t<div class=\"wp-faqp-cnt-inr-wrp\">\n\t\t\t\t\t\t\t\t\t\t\t\t\t\t<div class=\"faq-content\"><p>Si su tarjeta de cr\u00e9dito es rechazada, lo m\u00e1s probable es que el motivo sea su <strong>Direcci\u00f3n de facturaci\u00f3n<\/strong>. Debido a los requisitos de seguridad de nuestro procesador de pagos (), la direcci\u00f3n de facturaci\u00f3n debe coincidir exactamente con la direcci\u00f3n asociada a la tarjeta (por ejemplo, la direcci\u00f3n a la que se env\u00eda la factura de la tarjeta de cr\u00e9dito).<\/p>\n<p>Los pedidos internacionales con tarjeta de cr\u00e9dito deber\u00e1n realizarse con una tarjeta de un banco con sede en Estados Unidos. Si no es posible, podemos aceptar el pago mediante transferencia bancaria.<\/p>\n<p>A veces el problema es que el desplegable del estado no se actualiza autom\u00e1ticamente cuando se introduce un c\u00f3digo postal, por lo que es posible que todav\u00eda est\u00e9 configurado en nuestro valor predeterminado \"AZ\".<\/p>\n<p>Si todav\u00eda no consigue que su tarjeta pase por Internet, ll\u00e1menos al \n<a href=\"tel:523319341433\">+52 (3) 319341433<\/a> y estaremos encantados de atenderle por tel\u00e9fono.<\/p>\n<\/div>\n\t\t\t\t\t\t<\/div>\n\t\t\t\t\t<\/div>\n\t\t\t\t<\/div>\n\t\t\t\t\n\t\t\t\n\t\t\t\t<div class=\"faq-main\" data-accordion>\n\t\t\t\t\t<div class=\"faq-title\" data-control>\n\t\t\t\t\t\t<h4>\u00bfD\u00f3nde se encuentra?<\/h4>\n\t\t\t\t\t<\/div>\n\t\t\t\t\t\n\t\t\t\t\t<div class=\"wp-faqp-cnt-wrp\" data-content>\n\t\t\t\t\t\t<div class=\"wp-faqp-cnt-inr-wrp\">\n\t\t\t\t\t\t\t\t\t\t\t\t\t\t<div class=\"faq-content\"><p>Somos una empresa estadounidense con sede en Phoenix, Arizona.<\/p>\n<p>Nuestra direcci\u00f3n es:<\/p>\n<p>2757 E Chambers St<br \/>\nPhoenix, Az 85040<\/p>\n<\/div>\n\t\t\t\t\t\t<\/div>\n\t\t\t\t\t<\/div>\n\t\t\t\t<\/div>\n\t\t\t\t\n\t\t\t\n\t\t\t\t<div class=\"faq-main\" data-accordion>\n\t\t\t\t\t<div class=\"faq-title\" data-control>\n\t\t\t\t\t\t<h4>\u00bfCu\u00e1ndo abren?<\/h4>\n\t\t\t\t\t<\/div>\n\t\t\t\t\t\n\t\t\t\t\t<div class=\"wp-faqp-cnt-wrp\" data-content>\n\t\t\t\t\t\t<div class=\"wp-faqp-cnt-inr-wrp\">\n\t\t\t\t\t\t\t\t\t\t\t\t\t\t<div class=\"faq-content\"><p>Nuestro horario normal de trabajo es de lunes a viernes, de 7 de la ma\u00f1ana a 4 de la tarde (hora est\u00e1ndar de la monta\u00f1a).<\/p>\n<\/div>\n\t\t\t\t\t\t<\/div>\n\t\t\t\t\t<\/div>\n\t\t\t\t<\/div>\n\t\t\t\t\n\t\t\t\n\t\t\t\t<div class=\"faq-main\" data-accordion>\n\t\t\t\t\t<div class=\"faq-title\" data-control>\n\t\t\t\t\t\t<h4>\u00bfC\u00f3mo podemos ponernos en contacto?<\/h4>\n\t\t\t\t\t<\/div>\n\t\t\t\t\t\n\t\t\t\t\t<div class=\"wp-faqp-cnt-wrp\" data-content>\n\t\t\t\t\t\t<div class=\"wp-faqp-cnt-inr-wrp\">\n\t\t\t\t\t\t\t\t\t\t\t\t\t\t<div class=\"faq-content\"><p>Puede enviarnos un correo electr\u00f3nico a \n<a href=\"mailto:german@accesstruckparts.com\">german@accesstruckparts.com<\/a> o ll\u00e1menos al \n<a href=\"tel:523319341433\">+52 (3) 319341433<\/a>.<\/p>\n<\/div>\n\t\t\t\t\t\t<\/div>\n\t\t\t\t\t<\/div>\n\t\t\t\t<\/div>\n\t\t\t\t\n\t\t\t\n\t\t\t\t<div class=\"faq-main\" data-accordion>\n\t\t\t\t\t<div class=\"faq-title\" data-control>\n\t\t\t\t\t\t<h4>\u00bfSirven a clientes internacionales?<\/h4>\n\t\t\t\t\t<\/div>\n\t\t\t\t\t\n\t\t\t\t\t<div class=\"wp-faqp-cnt-wrp\" data-content>\n\t\t\t\t\t\t<div class=\"wp-faqp-cnt-inr-wrp\">\n\t\t\t\t\t\t\t\t\t\t\t\t\t\t<div class=\"faq-content\"><p>S\u00ed. Tenemos clientes de todo el mundo.<\/p>\n<p>Los pedidos internacionales con tarjeta de cr\u00e9dito deber\u00e1n realizarse con una tarjeta de un banco con sede en Estados Unidos.<br \/>\nSi no es posible, podemos aceptar el pago mediante transferencia bancaria.<\/p>\n<p>Para la mayor\u00eda de los env\u00edos fuera de Estados Unidos ser\u00e1 necesario un transitario.<\/p>\n<p>Si desea m\u00e1s informaci\u00f3n, visite esta p\u00e1gina:<\/p>\n<blockquote class=\"wp-embedded-content\" data-secret=\"Ldo8jjQsMd\"><p><a href=\"https:\/\/accesstruckparts.com\/es\/pedidos-internacionales-2\/\">Pedidos internacionales<\/a><\/p><\/blockquote>\n<p><iframe class=\"wp-embedded-content\" sandbox=\"allow-scripts\" security=\"restricted\" style=\"position: absolute; clip: rect(1px, 1px, 1px, 1px);\" title=\"&quot;Pedidos internacionales&quot; - Access Truck Parts\" src=\"https:\/\/accesstruckparts.com\/international-ordering\/embed\/#?secret=AlSL4FColu#?secret=Ldo8jjQsMd\" data-secret=\"Ldo8jjQsMd\" width=\"600\" height=\"338\" frameborder=\"0\" marginwidth=\"0\" marginheight=\"0\" scrolling=\"no\"><\/iframe><\/p>\n<\/div>\n\t\t\t\t\t\t<\/div>\n\t\t\t\t\t<\/div>\n\t\t\t\t<\/div>\n\t\t\t\t\n\t\t\t\n\t\t\t\t<div class=\"faq-main\" data-accordion>\n\t\t\t\t\t<div class=\"faq-title\" data-control>\n\t\t\t\t\t\t<h4>\u00bfOfrecen descuentos para pedidos al por mayor \/ revendedores?<\/h4>\n\t\t\t\t\t<\/div>\n\t\t\t\t\t\n\t\t\t\t\t<div class=\"wp-faqp-cnt-wrp\" data-content>\n\t\t\t\t\t\t<div class=\"wp-faqp-cnt-inr-wrp\">\n\t\t\t\t\t\t\t\t\t\t\t\t\t\t<div class=\"faq-content\"><p>S\u00ed. Ofrecemos tarifas con descuento si est\u00e1 construyendo varios camiones de agua o si es un revendedor de piezas de camiones de agua interesado en asociarse con nosotros. <\/p>\n<\/div>\n\t\t\t\t\t\t<\/div>\n\t\t\t\t\t<\/div>\n\t\t\t\t<\/div>\n\t\t\t\t\n\t\t\t\n\t\t\t\t<div class=\"faq-main\" data-accordion>\n\t\t\t\t\t<div class=\"faq-title\" data-control>\n\t\t\t\t\t\t<h4>\u00bfQu\u00e9 pasa si mi pregunta no aparece en la lista?<\/h4>\n\t\t\t\t\t<\/div>\n\t\t\t\t\t\n\t\t\t\t\t<div class=\"wp-faqp-cnt-wrp\" data-content>\n\t\t\t\t\t\t<div class=\"wp-faqp-cnt-inr-wrp\">\n\t\t\t\t\t\t\t\t\t\t\t\t\t\t<div class=\"faq-content\"><p>Env\u00edenos un correo electr\u00f3nico o ll\u00e1menos y estaremos encantados de ayudarle. \u00a1Quiz\u00e1s nos ayude a encontrar una nueva pregunta para a\u00f1adir a esta lista!<\/p>\n<\/div>\n\t\t\t\t\t\t<\/div>\n\t\t\t\t\t<\/div>\n\t\t\t\t<\/div>\n\t\t\t\t\n\t\t\t\n\t\t\t\t<div class=\"faq-main\" data-accordion>\n\t\t\t\t\t<div class=\"faq-title\" data-control>\n\t\t\t\t\t\t<h4>\u00bfPor qu\u00e9 se cerr\u00f3 mi cuenta?<\/h4>\n\t\t\t\t\t<\/div>\n\t\t\t\t\t\n\t\t\t\t\t<div class=\"wp-faqp-cnt-wrp\" data-content>\n\t\t\t\t\t\t<div class=\"wp-faqp-cnt-inr-wrp\">\n\t\t\t\t\t\t\t\t\t\t\t\t\t\t<div class=\"faq-content\"><p>Si se registra con una direcci\u00f3n de correo electr\u00f3nico no v\u00e1lida, su cuenta se eliminar\u00e1 autom\u00e1ticamente. Por favor, vuelva a registrarse con una direcci\u00f3n de correo electr\u00f3nico v\u00e1lida.<\/p>\n<\/div>\n\t\t\t\t\t\t<\/div>\n\t\t\t\t\t<\/div>\n\t\t\t\t<\/div>\n\t\t\t\t\n\t\t\t\t\t\t\n\t\t\t<\/div>\n\t\t<\/div>\n\n\t\n<style>h2{margin-top: 20px !important;}<\/style>","protected":false},"excerpt":{"rendered":"<p>Preguntas frecuentes Env\u00edo t\u00e9cnico General<\/p>","protected":false},"author":692,"featured_media":0,"parent":0,"menu_order":0,"comment_status":"closed","ping_status":"closed","template":"","meta":{"footnotes":""},"class_list":["post-11336","page","type-page","status-publish","hentry"],"yoast_head":"<!-- This site is optimized with the Yoast SEO Premium plugin v27.3 (Yoast SEO v27.3) - https:\/\/yoast.com\/product\/yoast-seo-premium-wordpress\/ -->\n<title>Frequently Asked Questions - Access Truck Parts<\/title>\n<meta name=\"description\" content=\"Frequently Asked Questions - Access Truck Parts stocks all replacement parts for water distribution equipment. Shop online today!\" \/>\n<meta name=\"robots\" content=\"index, follow, max-snippet:-1, max-image-preview:large, max-video-preview:-1\" \/>\n<link rel=\"canonical\" href=\"https:\/\/accesstruckparts.com\/es\/preguntas-frecuentes-2\/\" \/>\n<meta property=\"og:locale\" content=\"es_MX\" \/>\n<meta property=\"og:type\" content=\"article\" \/>\n<meta property=\"og:title\" content=\"Frequently Asked Questions\" \/>\n<meta property=\"og:description\" content=\"Frequently Asked Questions - Access Truck Parts stocks all replacement parts for water distribution equipment. Shop online today!\" \/>\n<meta property=\"og:url\" content=\"https:\/\/accesstruckparts.com\/es\/preguntas-frecuentes-2\/\" \/>\n<meta property=\"og:site_name\" content=\"Access Truck Parts\" \/>\n<meta property=\"article:modified_time\" content=\"2022-05-09T16:57:35+00:00\" \/>\n<script type=\"application\/ld+json\" class=\"yoast-schema-graph\">{\"@context\":\"https:\\\/\\\/schema.org\",\"@graph\":[{\"@type\":\"WebPage\",\"@id\":\"https:\\\/\\\/accesstruckparts.com\\\/frequently-asked-questions\\\/\",\"url\":\"https:\\\/\\\/accesstruckparts.com\\\/frequently-asked-questions\\\/\",\"name\":\"Frequently Asked Questions - Access Truck Parts\",\"isPartOf\":{\"@id\":\"https:\\\/\\\/accesstruckparts.com\\\/#website\"},\"datePublished\":\"2017-04-19T17:41:40+00:00\",\"dateModified\":\"2022-05-09T16:57:35+00:00\",\"description\":\"Frequently Asked Questions - Access Truck Parts stocks all replacement parts for water distribution equipment. Shop online today!\",\"breadcrumb\":{\"@id\":\"https:\\\/\\\/accesstruckparts.com\\\/frequently-asked-questions\\\/#breadcrumb\"},\"inLanguage\":\"es\",\"potentialAction\":[{\"@type\":\"ReadAction\",\"target\":[\"https:\\\/\\\/accesstruckparts.com\\\/frequently-asked-questions\\\/\"]}]},{\"@type\":\"BreadcrumbList\",\"@id\":\"https:\\\/\\\/accesstruckparts.com\\\/frequently-asked-questions\\\/#breadcrumb\",\"itemListElement\":[{\"@type\":\"ListItem\",\"position\":1,\"name\":\"Home\",\"item\":\"https:\\\/\\\/accesstruckparts.com\\\/\"},{\"@type\":\"ListItem\",\"position\":2,\"name\":\"Frequently Asked Questions\"}]},{\"@type\":\"WebSite\",\"@id\":\"https:\\\/\\\/accesstruckparts.com\\\/#website\",\"url\":\"https:\\\/\\\/accesstruckparts.com\\\/\",\"name\":\"Access Truck Parts\",\"description\":\"Your One Stop Water Truck Parts Solution.\",\"publisher\":{\"@id\":\"https:\\\/\\\/accesstruckparts.com\\\/#organization\"},\"potentialAction\":[{\"@type\":\"SearchAction\",\"target\":{\"@type\":\"EntryPoint\",\"urlTemplate\":\"https:\\\/\\\/accesstruckparts.com\\\/?s={search_term_string}\"},\"query-input\":{\"@type\":\"PropertyValueSpecification\",\"valueRequired\":true,\"valueName\":\"search_term_string\"}}],\"inLanguage\":\"es\"},{\"@type\":\"Organization\",\"@id\":\"https:\\\/\\\/accesstruckparts.com\\\/#organization\",\"name\":\"Access Truck Parts\",\"url\":\"https:\\\/\\\/accesstruckparts.com\\\/\",\"logo\":{\"@type\":\"ImageObject\",\"inLanguage\":\"es\",\"@id\":\"https:\\\/\\\/accesstruckparts.com\\\/#\\\/schema\\\/logo\\\/image\\\/\",\"url\":\"https:\\\/\\\/accesstruckparts.com\\\/wp-content\\\/uploads\\\/2018\\\/02\\\/ATP_logo_placeholder_2018.jpg\",\"contentUrl\":\"https:\\\/\\\/accesstruckparts.com\\\/wp-content\\\/uploads\\\/2018\\\/02\\\/ATP_logo_placeholder_2018.jpg\",\"width\":\"500\",\"height\":\"500\",\"caption\":\"Access Truck Parts\"},\"image\":{\"@id\":\"https:\\\/\\\/accesstruckparts.com\\\/#\\\/schema\\\/logo\\\/image\\\/\"}}]}<\/script>\n<!-- \/ Yoast SEO Premium plugin. -->","yoast_head_json":{"title":"Preguntas frecuentes - Access Truck Parts","description":"Preguntas frecuentes - Access Truck Parts tiene en stock todas las piezas de repuesto para equipos de distribuci\u00f3n de agua. \u00a1Compre en l\u00ednea hoy mismo!","robots":{"index":"index","follow":"follow","max-snippet":"max-snippet:-1","max-image-preview":"max-image-preview:large","max-video-preview":"max-video-preview:-1"},"canonical":"https:\/\/accesstruckparts.com\/es\/preguntas-frecuentes-2\/","og_locale":"es_MX","og_type":"article","og_title":"Frequently Asked Questions","og_description":"Frequently Asked Questions - Access Truck Parts stocks all replacement parts for water distribution equipment. Shop online today!","og_url":"https:\/\/accesstruckparts.com\/es\/preguntas-frecuentes-2\/","og_site_name":"Access Truck Parts","article_modified_time":"2022-05-09T16:57:35+00:00","schema":{"@context":"https:\/\/schema.org","@graph":[{"@type":"WebPage","@id":"https:\/\/accesstruckparts.com\/frequently-asked-questions\/","url":"https:\/\/accesstruckparts.com\/frequently-asked-questions\/","name":"Preguntas frecuentes - Access Truck Parts","isPartOf":{"@id":"https:\/\/accesstruckparts.com\/#website"},"datePublished":"2017-04-19T17:41:40+00:00","dateModified":"2022-05-09T16:57:35+00:00","description":"Preguntas frecuentes - Access Truck Parts tiene en stock todas las piezas de repuesto para equipos de distribuci\u00f3n de agua. \u00a1Compre en l\u00ednea hoy mismo!","breadcrumb":{"@id":"https:\/\/accesstruckparts.com\/frequently-asked-questions\/#breadcrumb"},"inLanguage":"es","potentialAction":[{"@type":"ReadAction","target":["https:\/\/accesstruckparts.com\/frequently-asked-questions\/"]}]},{"@type":"BreadcrumbList","@id":"https:\/\/accesstruckparts.com\/frequently-asked-questions\/#breadcrumb","itemListElement":[{"@type":"ListItem","position":1,"name":"Home","item":"https:\/\/accesstruckparts.com\/"},{"@type":"ListItem","position":2,"name":"Frequently Asked Questions"}]},{"@type":"WebSite","@id":"https:\/\/accesstruckparts.com\/#website","url":"https:\/\/accesstruckparts.com\/","name":"Piezas de camiones Access","description":"Su soluci\u00f3n \u00fanica de piezas para camiones de agua.","publisher":{"@id":"https:\/\/accesstruckparts.com\/#organization"},"potentialAction":[{"@type":"SearchAction","target":{"@type":"EntryPoint","urlTemplate":"https:\/\/accesstruckparts.com\/?s={search_term_string}"},"query-input":{"@type":"PropertyValueSpecification","valueRequired":true,"valueName":"search_term_string"}}],"inLanguage":"es"},{"@type":"Organization","@id":"https:\/\/accesstruckparts.com\/#organization","name":"Piezas de camiones Access","url":"https:\/\/accesstruckparts.com\/","logo":{"@type":"ImageObject","inLanguage":"es","@id":"https:\/\/accesstruckparts.com\/#\/schema\/logo\/image\/","url":"https:\/\/accesstruckparts.com\/wp-content\/uploads\/2018\/02\/ATP_logo_placeholder_2018.jpg","contentUrl":"https:\/\/accesstruckparts.com\/wp-content\/uploads\/2018\/02\/ATP_logo_placeholder_2018.jpg","width":"500","height":"500","caption":"Access Truck Parts"},"image":{"@id":"https:\/\/accesstruckparts.com\/#\/schema\/logo\/image\/"}}]}},"_links":{"self":[{"href":"https:\/\/accesstruckparts.com\/es\/wp-json\/wp\/v2\/pages\/11336","targetHints":{"allow":["GET"]}}],"collection":[{"href":"https:\/\/accesstruckparts.com\/es\/wp-json\/wp\/v2\/pages"}],"about":[{"href":"https:\/\/accesstruckparts.com\/es\/wp-json\/wp\/v2\/types\/page"}],"author":[{"embeddable":true,"href":"https:\/\/accesstruckparts.com\/es\/wp-json\/wp\/v2\/users\/692"}],"replies":[{"embeddable":true,"href":"https:\/\/accesstruckparts.com\/es\/wp-json\/wp\/v2\/comments?post=11336"}],"version-history":[{"count":0,"href":"https:\/\/accesstruckparts.com\/es\/wp-json\/wp\/v2\/pages\/11336\/revisions"}],"wp:attachment":[{"href":"https:\/\/accesstruckparts.com\/es\/wp-json\/wp\/v2\/media?parent=11336"}],"curies":[{"name":"wp","href":"https:\/\/api.w.org\/{rel}","templated":true}]}}